{"id":9033,"date":"2021-11-13T19:27:06","date_gmt":"2021-11-14T01:27:06","guid":{"rendered":"https:\/\/www.chocolatestheocr.com\/?post_type=product&#038;p=9033"},"modified":"2023-11-06T22:53:11","modified_gmt":"2023-11-07T04:53:11","slug":"cuchara-para-hacer-chocolate-caliente-menta-gingerbread","status":"publish","type":"product","link":"https:\/\/www.chocolatestheocr.com\/en\/shop\/fechas-especiales\/navidad\/cuchara-para-hacer-chocolate-caliente-menta-gingerbread\/","title":{"rendered":"Cuchara para hacer chocolate caliente &#8220;Menta-Gingerbread&#8221;"},"content":{"rendered":"<p>Cuchara para hacer chocolate caliente &#8220;Menta-Gingerbread&#8221;<\/p>\n<div class=\"woocommerce-product-details__short-description\">\n<p>Cuchara para derretir y hacer chocolate caliente, hecha con chocolate de leche con 33% de cacao, un hombrecito de jengibre en chocolate blanco, mini marshmallows y un shot de licor de menta.<\/p>\n<p>Solamente debes meter la cuchara en una taza de leche hirviendo y esperar mientras se va derritiendo y se va haciendo una deliciosa taza de chocolate caliente; Cuando el shot se pueda soltar f\u00e1cilmente, opr\u00edmelo hasta que salga la menta y m\u00e9zclalo en la taza para darle un sabor a\u00fan m\u00e1s delicioso.<\/p>\n<\/div>\n<form class=\"cart ppom-flex-controller\" action=\"https:\/\/www.chocolatestheocr.com\/en\/producto\/cuchara-para-hacer-chocolate-caliente-menta\/\" enctype=\"multipart\/form-data\" method=\"post\" data-trp-original-action=\"https:\/\/www.chocolatestheocr.com\/producto\/cuchara-para-hacer-chocolate-caliente-menta\/\">\n<div id=\"ppom-box-2\" class=\"ppom-wrapper\">\n<div class=\"form-row ppom-rendering-fields align-items-center ppom-section-collapse\">\n<div class=\"ppom-field-wrapper ppom-col col-md-12 productos_adicionales ppom-wrapper_outer-productos_adicionales ppom-id-2 ppom-c-show\" data-data_name=\"productos_adicionales\" data-type=\"image\">\n<div class=\"form-group ppom-input-productos_adicionales\"><\/div>\n<\/div>\n<\/div>\n<\/div>\n<input type=\"hidden\" name=\"trp-form-language\" value=\"en\"\/><\/form>","protected":false},"excerpt":{"rendered":"<p>Cuchara para hacer chocolate caliente &#8220;Menta-Gingerbread&#8221;<\/p>\n<div class=\"woocommerce-product-details__short-description\">\n<p>Cuchara para derretir y hacer chocolate caliente, hecha con chocolate de leche con 33% de cacao, un hombrecito de jengibre en chocolate blanco, mini marshmallows y un shot de licor de menta.<\/p>\n<p>Solamente debes meter la cuchara en una taza de leche hirviendo y esperar mientras se va derritiendo y se va haciendo una deliciosa taza de chocolate caliente; Cuando el shot se pueda soltar f\u00e1cilmente, opr\u00edmelo hasta que salga la menta y m\u00e9zclalo en la taza para darle un sabor a\u00fan m\u00e1s delicioso.<\/p>\n<\/div>","protected":false},"featured_media":9034,"template":"","meta":[],"product_brand":[361],"product_cat":[92,41],"product_tag":[298,426,262,427],"class_list":{"0":"post-9033","1":"product","2":"type-product","3":"status-publish","4":"has-post-thumbnail","6":"product_brand-chocolates-theo","7":"product_cat-navidad","8":"product_cat-all","9":"product_tag-cuchara","10":"product_tag-menta","11":"product_tag-navidad","12":"product_tag-spoon","14":"first","15":"instock","16":"shipping-taxable","17":"purchasable","18":"product-type-simple"},"yoast_head":"<!-- This site is optimized with the Yoast SEO plugin v27.3 - https:\/\/yoast.com\/product\/yoast-seo-wordpress\/ -->\n<title>Cuchara para hacer chocolate caliente &quot;Menta-Gingerbread&quot;<\/title>\n<meta name=\"description\" content=\"Esta cuchara de 50 gramos de chocolate de leche tiene un aplique en chocolate blanco y un shot de menta. Al contacto con leche caliente\" \/>\n<meta name=\"robots\" content=\"index, follow, max-snippet:-1, max-image-preview:large, max-video-preview:-1\" \/>\n<link rel=\"canonical\" href=\"https:\/\/www.chocolatestheocr.com\/en\/shop\/fechas-especiales\/navidad\/cuchara-para-hacer-chocolate-caliente-menta-gingerbread\/\" \/>\n<meta property=\"og:locale\" content=\"en_US\" \/>\n<meta property=\"og:type\" content=\"article\" \/>\n<meta property=\"og:title\" content=\"Cuchara para hacer chocolate caliente &quot;Menta-Gingerbread&quot;\" \/>\n<meta property=\"og:description\" content=\"Esta cuchara de 50 gramos de chocolate de leche tiene un aplique en chocolate blanco y un shot de menta. Al contacto con leche caliente\" \/>\n<meta property=\"og:url\" content=\"https:\/\/www.chocolatestheocr.com\/en\/shop\/fechas-especiales\/navidad\/cuchara-para-hacer-chocolate-caliente-menta-gingerbread\/\" \/>\n<meta property=\"og:site_name\" content=\"Chocolates Theo\" \/>\n<meta property=\"article:publisher\" content=\"https:\/\/www.facebook.com\/chocolatestheocr\" \/>\n<meta property=\"article:modified_time\" content=\"2023-11-07T04:53:11+00:00\" \/>\n<meta property=\"og:image\" content=\"https:\/\/www.chocolatestheocr.com\/wp-content\/uploads\/2021\/11\/Cuchara-Menta.png\" \/>\n\t<meta property=\"og:image:width\" content=\"960\" \/>\n\t<meta property=\"og:image:height\" content=\"1280\" \/>\n\t<meta property=\"og:image:type\" content=\"image\/png\" \/>\n<meta name=\"twitter:card\" content=\"summary_large_image\" \/>\n<meta name=\"twitter:label1\" content=\"Est. reading time\" \/>\n\t<meta name=\"twitter:data1\" content=\"1 minute\" \/>\n<script type=\"application\/ld+json\" class=\"yoast-schema-graph\">{\"@context\":\"https:\\\/\\\/schema.org\",\"@graph\":[{\"@type\":\"WebPage\",\"@id\":\"https:\\\/\\\/www.chocolatestheocr.com\\\/shop\\\/fechas-especiales\\\/navidad\\\/cuchara-para-hacer-chocolate-caliente-menta-gingerbread\\\/\",\"url\":\"https:\\\/\\\/www.chocolatestheocr.com\\\/shop\\\/fechas-especiales\\\/navidad\\\/cuchara-para-hacer-chocolate-caliente-menta-gingerbread\\\/\",\"name\":\"Cuchara para hacer chocolate caliente \\\"Menta-Gingerbread\\\"\",\"isPartOf\":{\"@id\":\"https:\\\/\\\/www.chocolatestheocr.com\\\/#website\"},\"primaryImageOfPage\":{\"@id\":\"https:\\\/\\\/www.chocolatestheocr.com\\\/shop\\\/fechas-especiales\\\/navidad\\\/cuchara-para-hacer-chocolate-caliente-menta-gingerbread\\\/#primaryimage\"},\"image\":{\"@id\":\"https:\\\/\\\/www.chocolatestheocr.com\\\/shop\\\/fechas-especiales\\\/navidad\\\/cuchara-para-hacer-chocolate-caliente-menta-gingerbread\\\/#primaryimage\"},\"thumbnailUrl\":\"https:\\\/\\\/www.chocolatestheocr.com\\\/wp-content\\\/uploads\\\/2021\\\/11\\\/Cuchara-Menta.png\",\"datePublished\":\"2021-11-14T01:27:06+00:00\",\"dateModified\":\"2023-11-07T04:53:11+00:00\",\"description\":\"Esta cuchara de 50 gramos de chocolate de leche tiene un aplique en chocolate blanco y un shot de menta. Al contacto con leche caliente\",\"breadcrumb\":{\"@id\":\"https:\\\/\\\/www.chocolatestheocr.com\\\/shop\\\/fechas-especiales\\\/navidad\\\/cuchara-para-hacer-chocolate-caliente-menta-gingerbread\\\/#breadcrumb\"},\"inLanguage\":\"en-US\",\"potentialAction\":[{\"@type\":\"ReadAction\",\"target\":[\"https:\\\/\\\/www.chocolatestheocr.com\\\/shop\\\/fechas-especiales\\\/navidad\\\/cuchara-para-hacer-chocolate-caliente-menta-gingerbread\\\/\"]}]},{\"@type\":\"ImageObject\",\"inLanguage\":\"en-US\",\"@id\":\"https:\\\/\\\/www.chocolatestheocr.com\\\/shop\\\/fechas-especiales\\\/navidad\\\/cuchara-para-hacer-chocolate-caliente-menta-gingerbread\\\/#primaryimage\",\"url\":\"https:\\\/\\\/www.chocolatestheocr.com\\\/wp-content\\\/uploads\\\/2021\\\/11\\\/Cuchara-Menta.png\",\"contentUrl\":\"https:\\\/\\\/www.chocolatestheocr.com\\\/wp-content\\\/uploads\\\/2021\\\/11\\\/Cuchara-Menta.png\",\"width\":960,\"height\":1280,\"caption\":\"Cucharas para derretir y hacer tu propio chocolate caliente con apliques navide\u00f1os y un shot de menta, servicio a domicilio, personalizamos para empresas\"},{\"@type\":\"BreadcrumbList\",\"@id\":\"https:\\\/\\\/www.chocolatestheocr.com\\\/shop\\\/fechas-especiales\\\/navidad\\\/cuchara-para-hacer-chocolate-caliente-menta-gingerbread\\\/#breadcrumb\",\"itemListElement\":[{\"@type\":\"ListItem\",\"position\":1,\"name\":\"Portada\",\"item\":\"https:\\\/\\\/www.chocolatestheocr.com\\\/\"},{\"@type\":\"ListItem\",\"position\":2,\"name\":\"Tienda\",\"item\":\"https:\\\/\\\/www.chocolatestheocr.com\\\/shop\\\/\"},{\"@type\":\"ListItem\",\"position\":3,\"name\":\"Cuchara para hacer chocolate caliente &#8220;Menta-Gingerbread&#8221;\"}]},{\"@type\":\"WebSite\",\"@id\":\"https:\\\/\\\/www.chocolatestheocr.com\\\/#website\",\"url\":\"https:\\\/\\\/www.chocolatestheocr.com\\\/\",\"name\":\"Chocolates Theo\",\"description\":\"\",\"publisher\":{\"@id\":\"https:\\\/\\\/www.chocolatestheocr.com\\\/#organization\"},\"potentialAction\":[{\"@type\":\"SearchAction\",\"target\":{\"@type\":\"EntryPoint\",\"urlTemplate\":\"https:\\\/\\\/www.chocolatestheocr.com\\\/?s={search_term_string}\"},\"query-input\":{\"@type\":\"PropertyValueSpecification\",\"valueRequired\":true,\"valueName\":\"search_term_string\"}}],\"inLanguage\":\"en-US\"},{\"@type\":\"Organization\",\"@id\":\"https:\\\/\\\/www.chocolatestheocr.com\\\/#organization\",\"name\":\"Chocolates Theo\",\"url\":\"https:\\\/\\\/www.chocolatestheocr.com\\\/\",\"logo\":{\"@type\":\"ImageObject\",\"inLanguage\":\"en-US\",\"@id\":\"https:\\\/\\\/www.chocolatestheocr.com\\\/#\\\/schema\\\/logo\\\/image\\\/\",\"url\":\"https:\\\/\\\/www.chocolatestheocr.com\\\/wp-content\\\/uploads\\\/2021\\\/10\\\/Logo-Chocolates-Theo.jpg\",\"contentUrl\":\"https:\\\/\\\/www.chocolatestheocr.com\\\/wp-content\\\/uploads\\\/2021\\\/10\\\/Logo-Chocolates-Theo.jpg\",\"width\":600,\"height\":600,\"caption\":\"Chocolates Theo\"},\"image\":{\"@id\":\"https:\\\/\\\/www.chocolatestheocr.com\\\/#\\\/schema\\\/logo\\\/image\\\/\"},\"sameAs\":[\"https:\\\/\\\/www.facebook.com\\\/chocolatestheocr\",\"https:\\\/\\\/www.instagram.com\\\/chocolates_theo\\\/\",\"https:\\\/\\\/www.youtube.com\\\/channel\\\/UCcgAI69rswAd2FY1Ubvmcxw\"]}]}<\/script>\n<!-- \/ Yoast SEO plugin. -->","yoast_head_json":{"title":"Cuchara para hacer chocolate caliente \"Menta-Gingerbread\"","description":"Esta cuchara de 50 gramos de chocolate de leche tiene un aplique en chocolate blanco y un shot de menta. Al contacto con leche caliente","robots":{"index":"index","follow":"follow","max-snippet":"max-snippet:-1","max-image-preview":"max-image-preview:large","max-video-preview":"max-video-preview:-1"},"canonical":"https:\/\/www.chocolatestheocr.com\/en\/shop\/fechas-especiales\/navidad\/cuchara-para-hacer-chocolate-caliente-menta-gingerbread\/","og_locale":"en_US","og_type":"article","og_title":"Cuchara para hacer chocolate caliente \"Menta-Gingerbread\"","og_description":"Esta cuchara de 50 gramos de chocolate de leche tiene un aplique en chocolate blanco y un shot de menta. Al contacto con leche caliente","og_url":"https:\/\/www.chocolatestheocr.com\/en\/shop\/fechas-especiales\/navidad\/cuchara-para-hacer-chocolate-caliente-menta-gingerbread\/","og_site_name":"Chocolates Theo","article_publisher":"https:\/\/www.facebook.com\/chocolatestheocr","article_modified_time":"2023-11-07T04:53:11+00:00","og_image":[{"width":960,"height":1280,"url":"https:\/\/www.chocolatestheocr.com\/wp-content\/uploads\/2021\/11\/Cuchara-Menta.png","type":"image\/png"}],"twitter_card":"summary_large_image","twitter_misc":{"Est. reading time":"1 minute"},"schema":{"@context":"https:\/\/schema.org","@graph":[{"@type":"WebPage","@id":"https:\/\/www.chocolatestheocr.com\/shop\/fechas-especiales\/navidad\/cuchara-para-hacer-chocolate-caliente-menta-gingerbread\/","url":"https:\/\/www.chocolatestheocr.com\/shop\/fechas-especiales\/navidad\/cuchara-para-hacer-chocolate-caliente-menta-gingerbread\/","name":"Cuchara para hacer chocolate caliente \"Menta-Gingerbread\"","isPartOf":{"@id":"https:\/\/www.chocolatestheocr.com\/#website"},"primaryImageOfPage":{"@id":"https:\/\/www.chocolatestheocr.com\/shop\/fechas-especiales\/navidad\/cuchara-para-hacer-chocolate-caliente-menta-gingerbread\/#primaryimage"},"image":{"@id":"https:\/\/www.chocolatestheocr.com\/shop\/fechas-especiales\/navidad\/cuchara-para-hacer-chocolate-caliente-menta-gingerbread\/#primaryimage"},"thumbnailUrl":"https:\/\/www.chocolatestheocr.com\/wp-content\/uploads\/2021\/11\/Cuchara-Menta.png","datePublished":"2021-11-14T01:27:06+00:00","dateModified":"2023-11-07T04:53:11+00:00","description":"Esta cuchara de 50 gramos de chocolate de leche tiene un aplique en chocolate blanco y un shot de menta. Al contacto con leche caliente","breadcrumb":{"@id":"https:\/\/www.chocolatestheocr.com\/shop\/fechas-especiales\/navidad\/cuchara-para-hacer-chocolate-caliente-menta-gingerbread\/#breadcrumb"},"inLanguage":"en-US","potentialAction":[{"@type":"ReadAction","target":["https:\/\/www.chocolatestheocr.com\/shop\/fechas-especiales\/navidad\/cuchara-para-hacer-chocolate-caliente-menta-gingerbread\/"]}]},{"@type":"ImageObject","inLanguage":"en-US","@id":"https:\/\/www.chocolatestheocr.com\/shop\/fechas-especiales\/navidad\/cuchara-para-hacer-chocolate-caliente-menta-gingerbread\/#primaryimage","url":"https:\/\/www.chocolatestheocr.com\/wp-content\/uploads\/2021\/11\/Cuchara-Menta.png","contentUrl":"https:\/\/www.chocolatestheocr.com\/wp-content\/uploads\/2021\/11\/Cuchara-Menta.png","width":960,"height":1280,"caption":"Cucharas para derretir y hacer tu propio chocolate caliente con apliques navide\u00f1os y un shot de menta, servicio a domicilio, personalizamos para empresas"},{"@type":"BreadcrumbList","@id":"https:\/\/www.chocolatestheocr.com\/shop\/fechas-especiales\/navidad\/cuchara-para-hacer-chocolate-caliente-menta-gingerbread\/#breadcrumb","itemListElement":[{"@type":"ListItem","position":1,"name":"Portada","item":"https:\/\/www.chocolatestheocr.com\/"},{"@type":"ListItem","position":2,"name":"Tienda","item":"https:\/\/www.chocolatestheocr.com\/shop\/"},{"@type":"ListItem","position":3,"name":"Cuchara para hacer chocolate caliente &#8220;Menta-Gingerbread&#8221;"}]},{"@type":"WebSite","@id":"https:\/\/www.chocolatestheocr.com\/#website","url":"https:\/\/www.chocolatestheocr.com\/","name":"Chocolates Theo","description":"","publisher":{"@id":"https:\/\/www.chocolatestheocr.com\/#organization"},"potentialAction":[{"@type":"SearchAction","target":{"@type":"EntryPoint","urlTemplate":"https:\/\/www.chocolatestheocr.com\/?s={search_term_string}"},"query-input":{"@type":"PropertyValueSpecification","valueRequired":true,"valueName":"search_term_string"}}],"inLanguage":"en-US"},{"@type":"Organization","@id":"https:\/\/www.chocolatestheocr.com\/#organization","name":"Chocolates Theo","url":"https:\/\/www.chocolatestheocr.com\/","logo":{"@type":"ImageObject","inLanguage":"en-US","@id":"https:\/\/www.chocolatestheocr.com\/#\/schema\/logo\/image\/","url":"https:\/\/www.chocolatestheocr.com\/wp-content\/uploads\/2021\/10\/Logo-Chocolates-Theo.jpg","contentUrl":"https:\/\/www.chocolatestheocr.com\/wp-content\/uploads\/2021\/10\/Logo-Chocolates-Theo.jpg","width":600,"height":600,"caption":"Chocolates Theo"},"image":{"@id":"https:\/\/www.chocolatestheocr.com\/#\/schema\/logo\/image\/"},"sameAs":["https:\/\/www.facebook.com\/chocolatestheocr","https:\/\/www.instagram.com\/chocolates_theo\/","https:\/\/www.youtube.com\/channel\/UCcgAI69rswAd2FY1Ubvmcxw"]}]}},"_links":{"self":[{"href":"https:\/\/www.chocolatestheocr.com\/en\/wp-json\/wp\/v2\/product\/9033","targetHints":{"allow":["GET"]}}],"collection":[{"href":"https:\/\/www.chocolatestheocr.com\/en\/wp-json\/wp\/v2\/product"}],"about":[{"href":"https:\/\/www.chocolatestheocr.com\/en\/wp-json\/wp\/v2\/types\/product"}],"version-history":[{"count":0,"href":"https:\/\/www.chocolatestheocr.com\/en\/wp-json\/wp\/v2\/product\/9033\/revisions"}],"wp:featuredmedia":[{"embeddable":true,"href":"https:\/\/www.chocolatestheocr.com\/en\/wp-json\/wp\/v2\/media\/9034"}],"wp:attachment":[{"href":"https:\/\/www.chocolatestheocr.com\/en\/wp-json\/wp\/v2\/media?parent=9033"}],"wp:term":[{"taxonomy":"product_brand","embeddable":true,"href":"https:\/\/www.chocolatestheocr.com\/en\/wp-json\/wp\/v2\/product_brand?post=9033"},{"taxonomy":"product_cat","embeddable":true,"href":"https:\/\/www.chocolatestheocr.com\/en\/wp-json\/wp\/v2\/product_cat?post=9033"},{"taxonomy":"product_tag","embeddable":true,"href":"https:\/\/www.chocolatestheocr.com\/en\/wp-json\/wp\/v2\/product_tag?post=9033"}],"curies":[{"name":"wp","href":"https:\/\/api.w.org\/{rel}","templated":true}]}}