{"id":6285,"date":"2020-11-11T17:59:23","date_gmt":"2020-11-11T23:59:23","guid":{"rendered":"http:\/\/localhost\/chocolatestheo\/?post_type=product&#038;p=6285"},"modified":"2025-10-20T12:02:00","modified_gmt":"2025-10-20T18:02:00","slug":"cajita-fresas-x-2-2","status":"publish","type":"product","link":"https:\/\/www.chocolatestheocr.com\/en\/shop\/fechas-especiales\/navidad\/cajita-fresas-x-2-2\/","title":{"rendered":"Cajita Fresas x 2"},"content":{"rendered":"","protected":false},"excerpt":{"rendered":"<p>Cajita con 2 fresas premium cubiertas con chocolate y decoraci\u00f3n navide\u00f1a<\/p>\n<p>Adornada con lazo y colilla navide\u00f1a<\/p>\n<p><strong>Para pedidos al x mayor, por favor cont\u00e1ctenos por mensaje privado o a nuestro Whatsapp 70181213.\u00a0 Los precios pueden variar seg\u00fan la cantidad que deseen.<\/strong><\/p>","protected":false},"featured_media":15849,"template":"","meta":[],"product_brand":[361],"product_cat":[75,74,92,41],"product_tag":[156,262],"class_list":{"0":"post-6285","1":"product","2":"type-product","3":"status-publish","4":"has-post-thumbnail","6":"product_brand-chocolates-theo","7":"product_cat-chocolates","8":"product_cat-fechas-especiales","9":"product_cat-navidad","10":"product_cat-all","11":"product_tag-fresas-con-chocolate","12":"product_tag-navidad","14":"first","15":"instock","16":"shipping-taxable","17":"purchasable","18":"product-type-simple"},"yoast_head":"<!-- This site is optimized with the Yoast SEO plugin v27.3 - https:\/\/yoast.com\/product\/yoast-seo-wordpress\/ -->\n<title>Cajita Fresas x 2<\/title>\n<meta name=\"description\" content=\"Cajita con 2 fresas premium cubiertas con chocolate y decoraci\u00f3n navide\u00f1a  Adornada con lazo y colilla navide\u00f1a  Para pedidos al x mayor, por favor cont\u00e1ctenos por mensaje privado o a nuestro Whatsapp 70181213.\u00a0 Los precios pueden variar seg\u00fan la cantidad que deseen.\" \/>\n<meta name=\"robots\" content=\"index, follow, max-snippet:-1, max-image-preview:large, max-video-preview:-1\" \/>\n<link rel=\"canonical\" href=\"https:\/\/www.chocolatestheocr.com\/en\/shop\/fechas-especiales\/navidad\/cajita-fresas-x-2-2\/\" \/>\n<meta property=\"og:locale\" content=\"en_US\" \/>\n<meta property=\"og:type\" content=\"article\" \/>\n<meta property=\"og:title\" content=\"Cajita Fresas x 2\" \/>\n<meta property=\"og:description\" content=\"Cajita con 2 fresas premium cubiertas con chocolate y decoraci\u00f3n navide\u00f1a  Adornada con lazo y colilla navide\u00f1a  Para pedidos al x mayor, por favor cont\u00e1ctenos por mensaje privado o a nuestro Whatsapp 70181213.\u00a0 Los precios pueden variar seg\u00fan la cantidad que deseen.\" \/>\n<meta property=\"og:url\" content=\"https:\/\/www.chocolatestheocr.com\/en\/shop\/fechas-especiales\/navidad\/cajita-fresas-x-2-2\/\" \/>\n<meta property=\"og:site_name\" content=\"Chocolates Theo\" \/>\n<meta property=\"article:publisher\" content=\"https:\/\/www.facebook.com\/chocolatestheocr\" \/>\n<meta property=\"article:modified_time\" content=\"2025-10-20T18:02:00+00:00\" \/>\n<meta property=\"og:image\" content=\"https:\/\/www.chocolatestheocr.com\/wp-content\/uploads\/2020\/11\/IMG_5361.jpg\" \/>\n\t<meta property=\"og:image:width\" content=\"1200\" \/>\n\t<meta property=\"og:image:height\" content=\"1600\" \/>\n\t<meta property=\"og:image:type\" content=\"image\/jpeg\" \/>\n<meta name=\"twitter:card\" content=\"summary_large_image\" \/>\n<script type=\"application\/ld+json\" class=\"yoast-schema-graph\">{\"@context\":\"https:\\\/\\\/schema.org\",\"@graph\":[{\"@type\":\"WebPage\",\"@id\":\"https:\\\/\\\/www.chocolatestheocr.com\\\/shop\\\/fechas-especiales\\\/navidad\\\/cajita-fresas-x-2-2\\\/\",\"url\":\"https:\\\/\\\/www.chocolatestheocr.com\\\/shop\\\/fechas-especiales\\\/navidad\\\/cajita-fresas-x-2-2\\\/\",\"name\":\"Cajita Fresas x 2\",\"isPartOf\":{\"@id\":\"https:\\\/\\\/www.chocolatestheocr.com\\\/#website\"},\"primaryImageOfPage\":{\"@id\":\"https:\\\/\\\/www.chocolatestheocr.com\\\/shop\\\/fechas-especiales\\\/navidad\\\/cajita-fresas-x-2-2\\\/#primaryimage\"},\"image\":{\"@id\":\"https:\\\/\\\/www.chocolatestheocr.com\\\/shop\\\/fechas-especiales\\\/navidad\\\/cajita-fresas-x-2-2\\\/#primaryimage\"},\"thumbnailUrl\":\"https:\\\/\\\/www.chocolatestheocr.com\\\/wp-content\\\/uploads\\\/2020\\\/11\\\/IMG_5361.jpg\",\"datePublished\":\"2020-11-11T23:59:23+00:00\",\"dateModified\":\"2025-10-20T18:02:00+00:00\",\"description\":\"Cajita con 2 fresas premium cubiertas con chocolate y decoraci\u00f3n navide\u00f1a Adornada con lazo y colilla navide\u00f1a Para pedidos al x mayor, por favor cont\u00e1ctenos por mensaje privado o a nuestro Whatsapp 70181213.\u00a0 Los precios pueden variar seg\u00fan la cantidad que deseen.\",\"breadcrumb\":{\"@id\":\"https:\\\/\\\/www.chocolatestheocr.com\\\/shop\\\/fechas-especiales\\\/navidad\\\/cajita-fresas-x-2-2\\\/#breadcrumb\"},\"inLanguage\":\"en-US\",\"potentialAction\":[{\"@type\":\"ReadAction\",\"target\":[\"https:\\\/\\\/www.chocolatestheocr.com\\\/shop\\\/fechas-especiales\\\/navidad\\\/cajita-fresas-x-2-2\\\/\"]}]},{\"@type\":\"ImageObject\",\"inLanguage\":\"en-US\",\"@id\":\"https:\\\/\\\/www.chocolatestheocr.com\\\/shop\\\/fechas-especiales\\\/navidad\\\/cajita-fresas-x-2-2\\\/#primaryimage\",\"url\":\"https:\\\/\\\/www.chocolatestheocr.com\\\/wp-content\\\/uploads\\\/2020\\\/11\\\/IMG_5361.jpg\",\"contentUrl\":\"https:\\\/\\\/www.chocolatestheocr.com\\\/wp-content\\\/uploads\\\/2020\\\/11\\\/IMG_5361.jpg\",\"width\":1200,\"height\":1600,\"caption\":\"2 fresas navide\u00f1as\"},{\"@type\":\"BreadcrumbList\",\"@id\":\"https:\\\/\\\/www.chocolatestheocr.com\\\/shop\\\/fechas-especiales\\\/navidad\\\/cajita-fresas-x-2-2\\\/#breadcrumb\",\"itemListElement\":[{\"@type\":\"ListItem\",\"position\":1,\"name\":\"Portada\",\"item\":\"https:\\\/\\\/www.chocolatestheocr.com\\\/\"},{\"@type\":\"ListItem\",\"position\":2,\"name\":\"Tienda\",\"item\":\"https:\\\/\\\/www.chocolatestheocr.com\\\/shop\\\/\"},{\"@type\":\"ListItem\",\"position\":3,\"name\":\"Cajita Fresas x 2\"}]},{\"@type\":\"WebSite\",\"@id\":\"https:\\\/\\\/www.chocolatestheocr.com\\\/#website\",\"url\":\"https:\\\/\\\/www.chocolatestheocr.com\\\/\",\"name\":\"Chocolates Theo\",\"description\":\"\",\"publisher\":{\"@id\":\"https:\\\/\\\/www.chocolatestheocr.com\\\/#organization\"},\"potentialAction\":[{\"@type\":\"SearchAction\",\"target\":{\"@type\":\"EntryPoint\",\"urlTemplate\":\"https:\\\/\\\/www.chocolatestheocr.com\\\/?s={search_term_string}\"},\"query-input\":{\"@type\":\"PropertyValueSpecification\",\"valueRequired\":true,\"valueName\":\"search_term_string\"}}],\"inLanguage\":\"en-US\"},{\"@type\":\"Organization\",\"@id\":\"https:\\\/\\\/www.chocolatestheocr.com\\\/#organization\",\"name\":\"Chocolates Theo\",\"url\":\"https:\\\/\\\/www.chocolatestheocr.com\\\/\",\"logo\":{\"@type\":\"ImageObject\",\"inLanguage\":\"en-US\",\"@id\":\"https:\\\/\\\/www.chocolatestheocr.com\\\/#\\\/schema\\\/logo\\\/image\\\/\",\"url\":\"https:\\\/\\\/www.chocolatestheocr.com\\\/wp-content\\\/uploads\\\/2021\\\/10\\\/Logo-Chocolates-Theo.jpg\",\"contentUrl\":\"https:\\\/\\\/www.chocolatestheocr.com\\\/wp-content\\\/uploads\\\/2021\\\/10\\\/Logo-Chocolates-Theo.jpg\",\"width\":600,\"height\":600,\"caption\":\"Chocolates Theo\"},\"image\":{\"@id\":\"https:\\\/\\\/www.chocolatestheocr.com\\\/#\\\/schema\\\/logo\\\/image\\\/\"},\"sameAs\":[\"https:\\\/\\\/www.facebook.com\\\/chocolatestheocr\",\"https:\\\/\\\/www.instagram.com\\\/chocolates_theo\\\/\",\"https:\\\/\\\/www.youtube.com\\\/channel\\\/UCcgAI69rswAd2FY1Ubvmcxw\"]}]}<\/script>\n<!-- \/ Yoast SEO plugin. -->","yoast_head_json":{"title":"Cajita Fresas x 2","description":"Cajita con 2 fresas premium cubiertas con chocolate y decoraci\u00f3n navide\u00f1a  Adornada con lazo y colilla navide\u00f1a  Para pedidos al x mayor, por favor cont\u00e1ctenos por mensaje privado o a nuestro Whatsapp 70181213.\u00a0 Los precios pueden variar seg\u00fan la cantidad que deseen.","robots":{"index":"index","follow":"follow","max-snippet":"max-snippet:-1","max-image-preview":"max-image-preview:large","max-video-preview":"max-video-preview:-1"},"canonical":"https:\/\/www.chocolatestheocr.com\/en\/shop\/fechas-especiales\/navidad\/cajita-fresas-x-2-2\/","og_locale":"en_US","og_type":"article","og_title":"Cajita Fresas x 2","og_description":"Cajita con 2 fresas premium cubiertas con chocolate y decoraci\u00f3n navide\u00f1a  Adornada con lazo y colilla navide\u00f1a  Para pedidos al x mayor, por favor cont\u00e1ctenos por mensaje privado o a nuestro Whatsapp 70181213.\u00a0 Los precios pueden variar seg\u00fan la cantidad que deseen.","og_url":"https:\/\/www.chocolatestheocr.com\/en\/shop\/fechas-especiales\/navidad\/cajita-fresas-x-2-2\/","og_site_name":"Chocolates Theo","article_publisher":"https:\/\/www.facebook.com\/chocolatestheocr","article_modified_time":"2025-10-20T18:02:00+00:00","og_image":[{"width":1200,"height":1600,"url":"https:\/\/www.chocolatestheocr.com\/wp-content\/uploads\/2020\/11\/IMG_5361.jpg","type":"image\/jpeg"}],"twitter_card":"summary_large_image","schema":{"@context":"https:\/\/schema.org","@graph":[{"@type":"WebPage","@id":"https:\/\/www.chocolatestheocr.com\/shop\/fechas-especiales\/navidad\/cajita-fresas-x-2-2\/","url":"https:\/\/www.chocolatestheocr.com\/shop\/fechas-especiales\/navidad\/cajita-fresas-x-2-2\/","name":"Cajita Fresas x 2","isPartOf":{"@id":"https:\/\/www.chocolatestheocr.com\/#website"},"primaryImageOfPage":{"@id":"https:\/\/www.chocolatestheocr.com\/shop\/fechas-especiales\/navidad\/cajita-fresas-x-2-2\/#primaryimage"},"image":{"@id":"https:\/\/www.chocolatestheocr.com\/shop\/fechas-especiales\/navidad\/cajita-fresas-x-2-2\/#primaryimage"},"thumbnailUrl":"https:\/\/www.chocolatestheocr.com\/wp-content\/uploads\/2020\/11\/IMG_5361.jpg","datePublished":"2020-11-11T23:59:23+00:00","dateModified":"2025-10-20T18:02:00+00:00","description":"Cajita con 2 fresas premium cubiertas con chocolate y decoraci\u00f3n navide\u00f1a Adornada con lazo y colilla navide\u00f1a Para pedidos al x mayor, por favor cont\u00e1ctenos por mensaje privado o a nuestro Whatsapp 70181213.\u00a0 Los precios pueden variar seg\u00fan la cantidad que deseen.","breadcrumb":{"@id":"https:\/\/www.chocolatestheocr.com\/shop\/fechas-especiales\/navidad\/cajita-fresas-x-2-2\/#breadcrumb"},"inLanguage":"en-US","potentialAction":[{"@type":"ReadAction","target":["https:\/\/www.chocolatestheocr.com\/shop\/fechas-especiales\/navidad\/cajita-fresas-x-2-2\/"]}]},{"@type":"ImageObject","inLanguage":"en-US","@id":"https:\/\/www.chocolatestheocr.com\/shop\/fechas-especiales\/navidad\/cajita-fresas-x-2-2\/#primaryimage","url":"https:\/\/www.chocolatestheocr.com\/wp-content\/uploads\/2020\/11\/IMG_5361.jpg","contentUrl":"https:\/\/www.chocolatestheocr.com\/wp-content\/uploads\/2020\/11\/IMG_5361.jpg","width":1200,"height":1600,"caption":"2 fresas navide\u00f1as"},{"@type":"BreadcrumbList","@id":"https:\/\/www.chocolatestheocr.com\/shop\/fechas-especiales\/navidad\/cajita-fresas-x-2-2\/#breadcrumb","itemListElement":[{"@type":"ListItem","position":1,"name":"Portada","item":"https:\/\/www.chocolatestheocr.com\/"},{"@type":"ListItem","position":2,"name":"Tienda","item":"https:\/\/www.chocolatestheocr.com\/shop\/"},{"@type":"ListItem","position":3,"name":"Cajita Fresas x 2"}]},{"@type":"WebSite","@id":"https:\/\/www.chocolatestheocr.com\/#website","url":"https:\/\/www.chocolatestheocr.com\/","name":"Chocolates Theo","description":"","publisher":{"@id":"https:\/\/www.chocolatestheocr.com\/#organization"},"potentialAction":[{"@type":"SearchAction","target":{"@type":"EntryPoint","urlTemplate":"https:\/\/www.chocolatestheocr.com\/?s={search_term_string}"},"query-input":{"@type":"PropertyValueSpecification","valueRequired":true,"valueName":"search_term_string"}}],"inLanguage":"en-US"},{"@type":"Organization","@id":"https:\/\/www.chocolatestheocr.com\/#organization","name":"Chocolates Theo","url":"https:\/\/www.chocolatestheocr.com\/","logo":{"@type":"ImageObject","inLanguage":"en-US","@id":"https:\/\/www.chocolatestheocr.com\/#\/schema\/logo\/image\/","url":"https:\/\/www.chocolatestheocr.com\/wp-content\/uploads\/2021\/10\/Logo-Chocolates-Theo.jpg","contentUrl":"https:\/\/www.chocolatestheocr.com\/wp-content\/uploads\/2021\/10\/Logo-Chocolates-Theo.jpg","width":600,"height":600,"caption":"Chocolates Theo"},"image":{"@id":"https:\/\/www.chocolatestheocr.com\/#\/schema\/logo\/image\/"},"sameAs":["https:\/\/www.facebook.com\/chocolatestheocr","https:\/\/www.instagram.com\/chocolates_theo\/","https:\/\/www.youtube.com\/channel\/UCcgAI69rswAd2FY1Ubvmcxw"]}]}},"_links":{"self":[{"href":"https:\/\/www.chocolatestheocr.com\/en\/wp-json\/wp\/v2\/product\/6285","targetHints":{"allow":["GET"]}}],"collection":[{"href":"https:\/\/www.chocolatestheocr.com\/en\/wp-json\/wp\/v2\/product"}],"about":[{"href":"https:\/\/www.chocolatestheocr.com\/en\/wp-json\/wp\/v2\/types\/product"}],"version-history":[{"count":0,"href":"https:\/\/www.chocolatestheocr.com\/en\/wp-json\/wp\/v2\/product\/6285\/revisions"}],"wp:featuredmedia":[{"embeddable":true,"href":"https:\/\/www.chocolatestheocr.com\/en\/wp-json\/wp\/v2\/media\/15849"}],"wp:attachment":[{"href":"https:\/\/www.chocolatestheocr.com\/en\/wp-json\/wp\/v2\/media?parent=6285"}],"wp:term":[{"taxonomy":"product_brand","embeddable":true,"href":"https:\/\/www.chocolatestheocr.com\/en\/wp-json\/wp\/v2\/product_brand?post=6285"},{"taxonomy":"product_cat","embeddable":true,"href":"https:\/\/www.chocolatestheocr.com\/en\/wp-json\/wp\/v2\/product_cat?post=6285"},{"taxonomy":"product_tag","embeddable":true,"href":"https:\/\/www.chocolatestheocr.com\/en\/wp-json\/wp\/v2\/product_tag?post=6285"}],"curies":[{"name":"wp","href":"https:\/\/api.w.org\/{rel}","templated":true}]}}