{"id":6249,"date":"2020-11-11T13:54:55","date_gmt":"2020-11-11T19:54:55","guid":{"rendered":"http:\/\/localhost\/chocolatestheo\/?post_type=product&#038;p=6249"},"modified":"2025-10-21T10:24:57","modified_gmt":"2025-10-21T16:24:57","slug":"caja-fresas-bombonesrosato","status":"publish","type":"product","link":"https:\/\/www.chocolatestheocr.com\/en\/shop\/fechas-especiales\/navidad\/caja-fresas-bombonesrosato\/","title":{"rendered":"Caja Fresas, Bombones, Galleta, Marshmallows y Riunite"},"content":{"rendered":"","protected":false},"excerpt":{"rendered":"<p>Caja con 3 fresas con chocolate con decoraciones navide\u00f1as, 6 bombones de sabores surtidos, una galleta de choco-chips con decoraci\u00f3n navide\u00f1a, 2 marshmallows con chocolate y una\u00a0 botella de Riunite Rosato de \u00a0187 ml.<\/p>\n<p>Adornada con lazo y colilla navide\u00f1a<\/p>","protected":false},"featured_media":9732,"template":"","meta":[],"product_brand":[361],"product_cat":[74,92,41],"product_tag":[221,149,127,291,262,102],"class_list":{"0":"post-6249","1":"product","2":"type-product","3":"status-publish","4":"has-post-thumbnail","6":"product_brand-chocolates-theo","7":"product_cat-fechas-especiales","8":"product_cat-navidad","9":"product_cat-all","10":"product_tag-bombones","11":"product_tag-caja","12":"product_tag-fresas","13":"product_tag-galleta","14":"product_tag-navidad","15":"product_tag-vino","17":"first","18":"instock","19":"shipping-taxable","20":"purchasable","21":"product-type-simple"},"yoast_head":"<!-- This site is optimized with the Yoast SEO plugin v27.3 - https:\/\/yoast.com\/product\/yoast-seo-wordpress\/ -->\n<title>Caja Fresas, Bombones, Galleta, Marshmallows y Riunite<\/title>\n<meta name=\"description\" content=\"Caja con 3 fresas con chocolate con decoraciones navide\u00f1as, 6 bombones de sabores surtidos, una galleta de choco-chips con decoraci\u00f3n navide\u00f1a, 2 marshmallows con chocolate y una\u00a0 botella de Riunite Rosato de \u00a0187 ml.  Adornada con lazo y colilla navide\u00f1a\" \/>\n<meta name=\"robots\" content=\"index, follow, max-snippet:-1, max-image-preview:large, max-video-preview:-1\" \/>\n<link rel=\"canonical\" href=\"https:\/\/www.chocolatestheocr.com\/en\/shop\/fechas-especiales\/navidad\/caja-fresas-bombonesrosato\/\" \/>\n<meta property=\"og:locale\" content=\"en_US\" \/>\n<meta property=\"og:type\" content=\"article\" \/>\n<meta property=\"og:title\" content=\"Caja Fresas, Bombones, Galleta, Marshmallows y Riunite\" \/>\n<meta property=\"og:description\" content=\"Caja con 3 fresas con chocolate con decoraciones navide\u00f1as, 6 bombones de sabores surtidos, una galleta de choco-chips con decoraci\u00f3n navide\u00f1a, 2 marshmallows con chocolate y una\u00a0 botella de Riunite Rosato de \u00a0187 ml.  Adornada con lazo y colilla navide\u00f1a\" \/>\n<meta property=\"og:url\" content=\"https:\/\/www.chocolatestheocr.com\/en\/shop\/fechas-especiales\/navidad\/caja-fresas-bombonesrosato\/\" \/>\n<meta property=\"og:site_name\" content=\"Chocolates Theo\" \/>\n<meta property=\"article:publisher\" content=\"https:\/\/www.facebook.com\/chocolatestheocr\" \/>\n<meta property=\"article:modified_time\" content=\"2025-10-21T16:24:57+00:00\" \/>\n<meta property=\"og:image\" content=\"https:\/\/www.chocolatestheocr.com\/wp-content\/uploads\/2020\/11\/Caja-fresas-con-chocolate-y-vino-riunitte.jpg\" \/>\n\t<meta property=\"og:image:width\" content=\"569\" \/>\n\t<meta property=\"og:image:height\" content=\"768\" \/>\n\t<meta property=\"og:image:type\" content=\"image\/jpeg\" \/>\n<meta name=\"twitter:card\" content=\"summary_large_image\" \/>\n<script type=\"application\/ld+json\" class=\"yoast-schema-graph\">{\"@context\":\"https:\\\/\\\/schema.org\",\"@graph\":[{\"@type\":\"WebPage\",\"@id\":\"https:\\\/\\\/www.chocolatestheocr.com\\\/shop\\\/fechas-especiales\\\/navidad\\\/caja-fresas-bombonesrosato\\\/\",\"url\":\"https:\\\/\\\/www.chocolatestheocr.com\\\/shop\\\/fechas-especiales\\\/navidad\\\/caja-fresas-bombonesrosato\\\/\",\"name\":\"Caja Fresas, Bombones, Galleta, Marshmallows y Riunite\",\"isPartOf\":{\"@id\":\"https:\\\/\\\/www.chocolatestheocr.com\\\/#website\"},\"primaryImageOfPage\":{\"@id\":\"https:\\\/\\\/www.chocolatestheocr.com\\\/shop\\\/fechas-especiales\\\/navidad\\\/caja-fresas-bombonesrosato\\\/#primaryimage\"},\"image\":{\"@id\":\"https:\\\/\\\/www.chocolatestheocr.com\\\/shop\\\/fechas-especiales\\\/navidad\\\/caja-fresas-bombonesrosato\\\/#primaryimage\"},\"thumbnailUrl\":\"https:\\\/\\\/www.chocolatestheocr.com\\\/wp-content\\\/uploads\\\/2020\\\/11\\\/Caja-fresas-con-chocolate-y-vino-riunitte.jpg\",\"datePublished\":\"2020-11-11T19:54:55+00:00\",\"dateModified\":\"2025-10-21T16:24:57+00:00\",\"description\":\"Caja con 3 fresas con chocolate con decoraciones navide\u00f1as, 6 bombones de sabores surtidos, una galleta de choco-chips con decoraci\u00f3n navide\u00f1a, 2 marshmallows con chocolate y una\u00a0 botella de Riunite Rosato de \u00a0187 ml. Adornada con lazo y colilla navide\u00f1a\",\"breadcrumb\":{\"@id\":\"https:\\\/\\\/www.chocolatestheocr.com\\\/shop\\\/fechas-especiales\\\/navidad\\\/caja-fresas-bombonesrosato\\\/#breadcrumb\"},\"inLanguage\":\"en-US\",\"potentialAction\":[{\"@type\":\"ReadAction\",\"target\":[\"https:\\\/\\\/www.chocolatestheocr.com\\\/shop\\\/fechas-especiales\\\/navidad\\\/caja-fresas-bombonesrosato\\\/\"]}]},{\"@type\":\"ImageObject\",\"inLanguage\":\"en-US\",\"@id\":\"https:\\\/\\\/www.chocolatestheocr.com\\\/shop\\\/fechas-especiales\\\/navidad\\\/caja-fresas-bombonesrosato\\\/#primaryimage\",\"url\":\"https:\\\/\\\/www.chocolatestheocr.com\\\/wp-content\\\/uploads\\\/2020\\\/11\\\/Caja-fresas-con-chocolate-y-vino-riunitte.jpg\",\"contentUrl\":\"https:\\\/\\\/www.chocolatestheocr.com\\\/wp-content\\\/uploads\\\/2020\\\/11\\\/Caja-fresas-con-chocolate-y-vino-riunitte.jpg\",\"width\":569,\"height\":768,\"caption\":\"Caja fresas con chocolate y vino riunitte\"},{\"@type\":\"BreadcrumbList\",\"@id\":\"https:\\\/\\\/www.chocolatestheocr.com\\\/shop\\\/fechas-especiales\\\/navidad\\\/caja-fresas-bombonesrosato\\\/#breadcrumb\",\"itemListElement\":[{\"@type\":\"ListItem\",\"position\":1,\"name\":\"Portada\",\"item\":\"https:\\\/\\\/www.chocolatestheocr.com\\\/\"},{\"@type\":\"ListItem\",\"position\":2,\"name\":\"Tienda\",\"item\":\"https:\\\/\\\/www.chocolatestheocr.com\\\/shop\\\/\"},{\"@type\":\"ListItem\",\"position\":3,\"name\":\"Caja Fresas, Bombones, Galleta, Marshmallows y Riunite\"}]},{\"@type\":\"WebSite\",\"@id\":\"https:\\\/\\\/www.chocolatestheocr.com\\\/#website\",\"url\":\"https:\\\/\\\/www.chocolatestheocr.com\\\/\",\"name\":\"Chocolates Theo\",\"description\":\"\",\"publisher\":{\"@id\":\"https:\\\/\\\/www.chocolatestheocr.com\\\/#organization\"},\"potentialAction\":[{\"@type\":\"SearchAction\",\"target\":{\"@type\":\"EntryPoint\",\"urlTemplate\":\"https:\\\/\\\/www.chocolatestheocr.com\\\/?s={search_term_string}\"},\"query-input\":{\"@type\":\"PropertyValueSpecification\",\"valueRequired\":true,\"valueName\":\"search_term_string\"}}],\"inLanguage\":\"en-US\"},{\"@type\":\"Organization\",\"@id\":\"https:\\\/\\\/www.chocolatestheocr.com\\\/#organization\",\"name\":\"Chocolates Theo\",\"url\":\"https:\\\/\\\/www.chocolatestheocr.com\\\/\",\"logo\":{\"@type\":\"ImageObject\",\"inLanguage\":\"en-US\",\"@id\":\"https:\\\/\\\/www.chocolatestheocr.com\\\/#\\\/schema\\\/logo\\\/image\\\/\",\"url\":\"https:\\\/\\\/www.chocolatestheocr.com\\\/wp-content\\\/uploads\\\/2021\\\/10\\\/Logo-Chocolates-Theo.jpg\",\"contentUrl\":\"https:\\\/\\\/www.chocolatestheocr.com\\\/wp-content\\\/uploads\\\/2021\\\/10\\\/Logo-Chocolates-Theo.jpg\",\"width\":600,\"height\":600,\"caption\":\"Chocolates Theo\"},\"image\":{\"@id\":\"https:\\\/\\\/www.chocolatestheocr.com\\\/#\\\/schema\\\/logo\\\/image\\\/\"},\"sameAs\":[\"https:\\\/\\\/www.facebook.com\\\/chocolatestheocr\",\"https:\\\/\\\/www.instagram.com\\\/chocolates_theo\\\/\",\"https:\\\/\\\/www.youtube.com\\\/channel\\\/UCcgAI69rswAd2FY1Ubvmcxw\"]}]}<\/script>\n<!-- \/ Yoast SEO plugin. -->","yoast_head_json":{"title":"Caja Fresas, Bombones, Galleta, Marshmallows y Riunite","description":"Caja con 3 fresas con chocolate con decoraciones navide\u00f1as, 6 bombones de sabores surtidos, una galleta de choco-chips con decoraci\u00f3n navide\u00f1a, 2 marshmallows con chocolate y una\u00a0 botella de Riunite Rosato de \u00a0187 ml.  Adornada con lazo y colilla navide\u00f1a","robots":{"index":"index","follow":"follow","max-snippet":"max-snippet:-1","max-image-preview":"max-image-preview:large","max-video-preview":"max-video-preview:-1"},"canonical":"https:\/\/www.chocolatestheocr.com\/en\/shop\/fechas-especiales\/navidad\/caja-fresas-bombonesrosato\/","og_locale":"en_US","og_type":"article","og_title":"Caja Fresas, Bombones, Galleta, Marshmallows y Riunite","og_description":"Caja con 3 fresas con chocolate con decoraciones navide\u00f1as, 6 bombones de sabores surtidos, una galleta de choco-chips con decoraci\u00f3n navide\u00f1a, 2 marshmallows con chocolate y una\u00a0 botella de Riunite Rosato de \u00a0187 ml.  Adornada con lazo y colilla navide\u00f1a","og_url":"https:\/\/www.chocolatestheocr.com\/en\/shop\/fechas-especiales\/navidad\/caja-fresas-bombonesrosato\/","og_site_name":"Chocolates Theo","article_publisher":"https:\/\/www.facebook.com\/chocolatestheocr","article_modified_time":"2025-10-21T16:24:57+00:00","og_image":[{"width":569,"height":768,"url":"https:\/\/www.chocolatestheocr.com\/wp-content\/uploads\/2020\/11\/Caja-fresas-con-chocolate-y-vino-riunitte.jpg","type":"image\/jpeg"}],"twitter_card":"summary_large_image","schema":{"@context":"https:\/\/schema.org","@graph":[{"@type":"WebPage","@id":"https:\/\/www.chocolatestheocr.com\/shop\/fechas-especiales\/navidad\/caja-fresas-bombonesrosato\/","url":"https:\/\/www.chocolatestheocr.com\/shop\/fechas-especiales\/navidad\/caja-fresas-bombonesrosato\/","name":"Caja Fresas, Bombones, Galleta, Marshmallows y Riunite","isPartOf":{"@id":"https:\/\/www.chocolatestheocr.com\/#website"},"primaryImageOfPage":{"@id":"https:\/\/www.chocolatestheocr.com\/shop\/fechas-especiales\/navidad\/caja-fresas-bombonesrosato\/#primaryimage"},"image":{"@id":"https:\/\/www.chocolatestheocr.com\/shop\/fechas-especiales\/navidad\/caja-fresas-bombonesrosato\/#primaryimage"},"thumbnailUrl":"https:\/\/www.chocolatestheocr.com\/wp-content\/uploads\/2020\/11\/Caja-fresas-con-chocolate-y-vino-riunitte.jpg","datePublished":"2020-11-11T19:54:55+00:00","dateModified":"2025-10-21T16:24:57+00:00","description":"Caja con 3 fresas con chocolate con decoraciones navide\u00f1as, 6 bombones de sabores surtidos, una galleta de choco-chips con decoraci\u00f3n navide\u00f1a, 2 marshmallows con chocolate y una\u00a0 botella de Riunite Rosato de \u00a0187 ml. Adornada con lazo y colilla navide\u00f1a","breadcrumb":{"@id":"https:\/\/www.chocolatestheocr.com\/shop\/fechas-especiales\/navidad\/caja-fresas-bombonesrosato\/#breadcrumb"},"inLanguage":"en-US","potentialAction":[{"@type":"ReadAction","target":["https:\/\/www.chocolatestheocr.com\/shop\/fechas-especiales\/navidad\/caja-fresas-bombonesrosato\/"]}]},{"@type":"ImageObject","inLanguage":"en-US","@id":"https:\/\/www.chocolatestheocr.com\/shop\/fechas-especiales\/navidad\/caja-fresas-bombonesrosato\/#primaryimage","url":"https:\/\/www.chocolatestheocr.com\/wp-content\/uploads\/2020\/11\/Caja-fresas-con-chocolate-y-vino-riunitte.jpg","contentUrl":"https:\/\/www.chocolatestheocr.com\/wp-content\/uploads\/2020\/11\/Caja-fresas-con-chocolate-y-vino-riunitte.jpg","width":569,"height":768,"caption":"Caja fresas con chocolate y vino riunitte"},{"@type":"BreadcrumbList","@id":"https:\/\/www.chocolatestheocr.com\/shop\/fechas-especiales\/navidad\/caja-fresas-bombonesrosato\/#breadcrumb","itemListElement":[{"@type":"ListItem","position":1,"name":"Portada","item":"https:\/\/www.chocolatestheocr.com\/"},{"@type":"ListItem","position":2,"name":"Tienda","item":"https:\/\/www.chocolatestheocr.com\/shop\/"},{"@type":"ListItem","position":3,"name":"Caja Fresas, Bombones, Galleta, Marshmallows y Riunite"}]},{"@type":"WebSite","@id":"https:\/\/www.chocolatestheocr.com\/#website","url":"https:\/\/www.chocolatestheocr.com\/","name":"Chocolates Theo","description":"","publisher":{"@id":"https:\/\/www.chocolatestheocr.com\/#organization"},"potentialAction":[{"@type":"SearchAction","target":{"@type":"EntryPoint","urlTemplate":"https:\/\/www.chocolatestheocr.com\/?s={search_term_string}"},"query-input":{"@type":"PropertyValueSpecification","valueRequired":true,"valueName":"search_term_string"}}],"inLanguage":"en-US"},{"@type":"Organization","@id":"https:\/\/www.chocolatestheocr.com\/#organization","name":"Chocolates Theo","url":"https:\/\/www.chocolatestheocr.com\/","logo":{"@type":"ImageObject","inLanguage":"en-US","@id":"https:\/\/www.chocolatestheocr.com\/#\/schema\/logo\/image\/","url":"https:\/\/www.chocolatestheocr.com\/wp-content\/uploads\/2021\/10\/Logo-Chocolates-Theo.jpg","contentUrl":"https:\/\/www.chocolatestheocr.com\/wp-content\/uploads\/2021\/10\/Logo-Chocolates-Theo.jpg","width":600,"height":600,"caption":"Chocolates Theo"},"image":{"@id":"https:\/\/www.chocolatestheocr.com\/#\/schema\/logo\/image\/"},"sameAs":["https:\/\/www.facebook.com\/chocolatestheocr","https:\/\/www.instagram.com\/chocolates_theo\/","https:\/\/www.youtube.com\/channel\/UCcgAI69rswAd2FY1Ubvmcxw"]}]}},"_links":{"self":[{"href":"https:\/\/www.chocolatestheocr.com\/en\/wp-json\/wp\/v2\/product\/6249","targetHints":{"allow":["GET"]}}],"collection":[{"href":"https:\/\/www.chocolatestheocr.com\/en\/wp-json\/wp\/v2\/product"}],"about":[{"href":"https:\/\/www.chocolatestheocr.com\/en\/wp-json\/wp\/v2\/types\/product"}],"version-history":[{"count":0,"href":"https:\/\/www.chocolatestheocr.com\/en\/wp-json\/wp\/v2\/product\/6249\/revisions"}],"wp:featuredmedia":[{"embeddable":true,"href":"https:\/\/www.chocolatestheocr.com\/en\/wp-json\/wp\/v2\/media\/9732"}],"wp:attachment":[{"href":"https:\/\/www.chocolatestheocr.com\/en\/wp-json\/wp\/v2\/media?parent=6249"}],"wp:term":[{"taxonomy":"product_brand","embeddable":true,"href":"https:\/\/www.chocolatestheocr.com\/en\/wp-json\/wp\/v2\/product_brand?post=6249"},{"taxonomy":"product_cat","embeddable":true,"href":"https:\/\/www.chocolatestheocr.com\/en\/wp-json\/wp\/v2\/product_cat?post=6249"},{"taxonomy":"product_tag","embeddable":true,"href":"https:\/\/www.chocolatestheocr.com\/en\/wp-json\/wp\/v2\/product_tag?post=6249"}],"curies":[{"name":"wp","href":"https:\/\/api.w.org\/{rel}","templated":true}]}}