{"id":6236,"date":"2020-11-11T13:32:37","date_gmt":"2020-11-11T19:32:37","guid":{"rendered":"http:\/\/localhost\/chocolatestheo\/?post_type=product&#038;p=6236"},"modified":"2025-10-21T10:53:31","modified_gmt":"2025-10-21T16:53:31","slug":"cuchara-para-hacer-chocolate-caliente-baileys-gingerbread","status":"publish","type":"product","link":"https:\/\/www.chocolatestheocr.com\/en\/shop\/chocolates\/chocolates-gourmet\/cuchara-para-hacer-chocolate-caliente-baileys-gingerbread\/","title":{"rendered":"Cuchara para hacer chocolate caliente &#8220;Baileys-Gingerbread&#8221;"},"content":{"rendered":"<p>Cuchara para hacer chocolate caliente &#8220;Baileys-Gingerbread&#8221;<\/p>\n<p>Esta cuchara de 50 gramos de chocolate de leche tiene un aplique de hombrecito de jengibre en chocolate blanco y un shot de Baileys.<\/p>\n<p>Solamente debes meter la cuchara en una taza de leche caliente y esperar mientras se va derritiendo y se va haciendo una deliciosa taza de chocolate caliente; Cuando el shot se pueda soltar f\u00e1cilmente, opr\u00edmelo hasta que salga el Baileys y mezclalo en la taza para darle un sabor a\u00fan mas delicioso a nuestro chocolate.<\/p>","protected":false},"excerpt":{"rendered":"<p>Cuchara para hacer chocolate caliente &#8220;Baileys-Gingerbread&#8221;<\/p>\n<p>Esta cuchara de 50 gramos de chocolate de leche tiene un aplique de hombrecito de jengibre en chocolate blanco y un shot de Baileys.<\/p>\n<p>Solamente debes meter la cuchara en una taza de leche caliente y esperar mientras se va derritiendo y se va haciendo una deliciosa taza de chocolate caliente; Cuando el shot se pueda soltar f\u00e1cilmente, opr\u00edmelo hasta que salga el Baileys y mezclalo en la taza para darle un sabor a\u00fan mas delicioso a nuestro chocolate.<\/p>","protected":false},"featured_media":9031,"template":"","meta":[],"product_brand":[361],"product_cat":[75,375,74,92,41],"product_tag":[307,337,144,298,262],"class_list":{"0":"post-6236","1":"product","2":"type-product","3":"status-publish","4":"has-post-thumbnail","6":"product_brand-chocolates-theo","7":"product_cat-chocolates","8":"product_cat-chocolates-gourmet","9":"product_cat-fechas-especiales","10":"product_cat-navidad","11":"product_cat-all","12":"product_tag-baileys","13":"product_tag-caliente-navidad","14":"product_tag-chocolate","15":"product_tag-cuchara","16":"product_tag-navidad","18":"first","19":"instock","20":"shipping-taxable","21":"purchasable","22":"product-type-simple"},"yoast_head":"<!-- This site is optimized with the Yoast SEO plugin v27.3 - https:\/\/yoast.com\/product\/yoast-seo-wordpress\/ -->\n<title>Cuchara para hacer chocolate caliente &quot;Baileys-Gingerbread&quot;<\/title>\n<meta name=\"description\" content=\"Esta cuchara de 50 gramos de chocolate de leche tiene un aplique en chocolate blanco y un shot de Baileys. Al contacto con leche caliente\" \/>\n<meta name=\"robots\" content=\"index, follow, max-snippet:-1, max-image-preview:large, max-video-preview:-1\" \/>\n<link rel=\"canonical\" href=\"https:\/\/www.chocolatestheocr.com\/en\/shop\/chocolates\/chocolates-gourmet\/cuchara-para-hacer-chocolate-caliente-baileys-gingerbread\/\" \/>\n<meta property=\"og:locale\" content=\"en_US\" \/>\n<meta property=\"og:type\" content=\"article\" \/>\n<meta property=\"og:title\" content=\"Cuchara para hacer chocolate caliente &quot;Baileys-Gingerbread&quot;\" \/>\n<meta property=\"og:description\" content=\"Esta cuchara de 50 gramos de chocolate de leche tiene un aplique en chocolate blanco y un shot de Baileys. Al contacto con leche caliente\" \/>\n<meta property=\"og:url\" content=\"https:\/\/www.chocolatestheocr.com\/en\/shop\/chocolates\/chocolates-gourmet\/cuchara-para-hacer-chocolate-caliente-baileys-gingerbread\/\" \/>\n<meta property=\"og:site_name\" content=\"Chocolates Theo\" \/>\n<meta property=\"article:publisher\" content=\"https:\/\/www.facebook.com\/chocolatestheocr\" \/>\n<meta property=\"article:modified_time\" content=\"2025-10-21T16:53:31+00:00\" \/>\n<meta property=\"og:image\" content=\"https:\/\/www.chocolatestheocr.com\/wp-content\/uploads\/2020\/11\/Cuchara-Baileys.png\" \/>\n\t<meta property=\"og:image:width\" content=\"960\" \/>\n\t<meta property=\"og:image:height\" content=\"1280\" \/>\n\t<meta property=\"og:image:type\" content=\"image\/png\" \/>\n<meta name=\"twitter:card\" content=\"summary_large_image\" \/>\n<meta name=\"twitter:label1\" content=\"Est. reading time\" \/>\n\t<meta name=\"twitter:data1\" content=\"1 minute\" \/>\n<script type=\"application\/ld+json\" class=\"yoast-schema-graph\">{\"@context\":\"https:\\\/\\\/schema.org\",\"@graph\":[{\"@type\":\"WebPage\",\"@id\":\"https:\\\/\\\/www.chocolatestheocr.com\\\/shop\\\/chocolates\\\/chocolates-gourmet\\\/cuchara-para-hacer-chocolate-caliente-baileys-gingerbread\\\/\",\"url\":\"https:\\\/\\\/www.chocolatestheocr.com\\\/shop\\\/chocolates\\\/chocolates-gourmet\\\/cuchara-para-hacer-chocolate-caliente-baileys-gingerbread\\\/\",\"name\":\"Cuchara para hacer chocolate caliente \\\"Baileys-Gingerbread\\\"\",\"isPartOf\":{\"@id\":\"https:\\\/\\\/www.chocolatestheocr.com\\\/#website\"},\"primaryImageOfPage\":{\"@id\":\"https:\\\/\\\/www.chocolatestheocr.com\\\/shop\\\/chocolates\\\/chocolates-gourmet\\\/cuchara-para-hacer-chocolate-caliente-baileys-gingerbread\\\/#primaryimage\"},\"image\":{\"@id\":\"https:\\\/\\\/www.chocolatestheocr.com\\\/shop\\\/chocolates\\\/chocolates-gourmet\\\/cuchara-para-hacer-chocolate-caliente-baileys-gingerbread\\\/#primaryimage\"},\"thumbnailUrl\":\"https:\\\/\\\/www.chocolatestheocr.com\\\/wp-content\\\/uploads\\\/2020\\\/11\\\/Cuchara-Baileys.png\",\"datePublished\":\"2020-11-11T19:32:37+00:00\",\"dateModified\":\"2025-10-21T16:53:31+00:00\",\"description\":\"Esta cuchara de 50 gramos de chocolate de leche tiene un aplique en chocolate blanco y un shot de Baileys. Al contacto con leche caliente\",\"breadcrumb\":{\"@id\":\"https:\\\/\\\/www.chocolatestheocr.com\\\/shop\\\/chocolates\\\/chocolates-gourmet\\\/cuchara-para-hacer-chocolate-caliente-baileys-gingerbread\\\/#breadcrumb\"},\"inLanguage\":\"en-US\",\"potentialAction\":[{\"@type\":\"ReadAction\",\"target\":[\"https:\\\/\\\/www.chocolatestheocr.com\\\/shop\\\/chocolates\\\/chocolates-gourmet\\\/cuchara-para-hacer-chocolate-caliente-baileys-gingerbread\\\/\"]}]},{\"@type\":\"ImageObject\",\"inLanguage\":\"en-US\",\"@id\":\"https:\\\/\\\/www.chocolatestheocr.com\\\/shop\\\/chocolates\\\/chocolates-gourmet\\\/cuchara-para-hacer-chocolate-caliente-baileys-gingerbread\\\/#primaryimage\",\"url\":\"https:\\\/\\\/www.chocolatestheocr.com\\\/wp-content\\\/uploads\\\/2020\\\/11\\\/Cuchara-Baileys.png\",\"contentUrl\":\"https:\\\/\\\/www.chocolatestheocr.com\\\/wp-content\\\/uploads\\\/2020\\\/11\\\/Cuchara-Baileys.png\",\"width\":960,\"height\":1280,\"caption\":\"Cucharas para derretir y hacer tu propio chocolate caliente con apliques navide\u00f1os y un shot de Baileys, servicio a domicilio, personalizamos para empresas\"},{\"@type\":\"BreadcrumbList\",\"@id\":\"https:\\\/\\\/www.chocolatestheocr.com\\\/shop\\\/chocolates\\\/chocolates-gourmet\\\/cuchara-para-hacer-chocolate-caliente-baileys-gingerbread\\\/#breadcrumb\",\"itemListElement\":[{\"@type\":\"ListItem\",\"position\":1,\"name\":\"Portada\",\"item\":\"https:\\\/\\\/www.chocolatestheocr.com\\\/\"},{\"@type\":\"ListItem\",\"position\":2,\"name\":\"Tienda\",\"item\":\"https:\\\/\\\/www.chocolatestheocr.com\\\/shop\\\/\"},{\"@type\":\"ListItem\",\"position\":3,\"name\":\"Cuchara para hacer chocolate caliente &#8220;Baileys-Gingerbread&#8221;\"}]},{\"@type\":\"WebSite\",\"@id\":\"https:\\\/\\\/www.chocolatestheocr.com\\\/#website\",\"url\":\"https:\\\/\\\/www.chocolatestheocr.com\\\/\",\"name\":\"Chocolates Theo\",\"description\":\"\",\"publisher\":{\"@id\":\"https:\\\/\\\/www.chocolatestheocr.com\\\/#organization\"},\"potentialAction\":[{\"@type\":\"SearchAction\",\"target\":{\"@type\":\"EntryPoint\",\"urlTemplate\":\"https:\\\/\\\/www.chocolatestheocr.com\\\/?s={search_term_string}\"},\"query-input\":{\"@type\":\"PropertyValueSpecification\",\"valueRequired\":true,\"valueName\":\"search_term_string\"}}],\"inLanguage\":\"en-US\"},{\"@type\":\"Organization\",\"@id\":\"https:\\\/\\\/www.chocolatestheocr.com\\\/#organization\",\"name\":\"Chocolates Theo\",\"url\":\"https:\\\/\\\/www.chocolatestheocr.com\\\/\",\"logo\":{\"@type\":\"ImageObject\",\"inLanguage\":\"en-US\",\"@id\":\"https:\\\/\\\/www.chocolatestheocr.com\\\/#\\\/schema\\\/logo\\\/image\\\/\",\"url\":\"https:\\\/\\\/www.chocolatestheocr.com\\\/wp-content\\\/uploads\\\/2021\\\/10\\\/Logo-Chocolates-Theo.jpg\",\"contentUrl\":\"https:\\\/\\\/www.chocolatestheocr.com\\\/wp-content\\\/uploads\\\/2021\\\/10\\\/Logo-Chocolates-Theo.jpg\",\"width\":600,\"height\":600,\"caption\":\"Chocolates Theo\"},\"image\":{\"@id\":\"https:\\\/\\\/www.chocolatestheocr.com\\\/#\\\/schema\\\/logo\\\/image\\\/\"},\"sameAs\":[\"https:\\\/\\\/www.facebook.com\\\/chocolatestheocr\",\"https:\\\/\\\/www.instagram.com\\\/chocolates_theo\\\/\",\"https:\\\/\\\/www.youtube.com\\\/channel\\\/UCcgAI69rswAd2FY1Ubvmcxw\"]}]}<\/script>\n<!-- \/ Yoast SEO plugin. -->","yoast_head_json":{"title":"Cuchara para hacer chocolate caliente \"Baileys-Gingerbread\"","description":"Esta cuchara de 50 gramos de chocolate de leche tiene un aplique en chocolate blanco y un shot de Baileys. Al contacto con leche caliente","robots":{"index":"index","follow":"follow","max-snippet":"max-snippet:-1","max-image-preview":"max-image-preview:large","max-video-preview":"max-video-preview:-1"},"canonical":"https:\/\/www.chocolatestheocr.com\/en\/shop\/chocolates\/chocolates-gourmet\/cuchara-para-hacer-chocolate-caliente-baileys-gingerbread\/","og_locale":"en_US","og_type":"article","og_title":"Cuchara para hacer chocolate caliente \"Baileys-Gingerbread\"","og_description":"Esta cuchara de 50 gramos de chocolate de leche tiene un aplique en chocolate blanco y un shot de Baileys. Al contacto con leche caliente","og_url":"https:\/\/www.chocolatestheocr.com\/en\/shop\/chocolates\/chocolates-gourmet\/cuchara-para-hacer-chocolate-caliente-baileys-gingerbread\/","og_site_name":"Chocolates Theo","article_publisher":"https:\/\/www.facebook.com\/chocolatestheocr","article_modified_time":"2025-10-21T16:53:31+00:00","og_image":[{"width":960,"height":1280,"url":"https:\/\/www.chocolatestheocr.com\/wp-content\/uploads\/2020\/11\/Cuchara-Baileys.png","type":"image\/png"}],"twitter_card":"summary_large_image","twitter_misc":{"Est. reading time":"1 minute"},"schema":{"@context":"https:\/\/schema.org","@graph":[{"@type":"WebPage","@id":"https:\/\/www.chocolatestheocr.com\/shop\/chocolates\/chocolates-gourmet\/cuchara-para-hacer-chocolate-caliente-baileys-gingerbread\/","url":"https:\/\/www.chocolatestheocr.com\/shop\/chocolates\/chocolates-gourmet\/cuchara-para-hacer-chocolate-caliente-baileys-gingerbread\/","name":"Cuchara para hacer chocolate caliente \"Baileys-Gingerbread\"","isPartOf":{"@id":"https:\/\/www.chocolatestheocr.com\/#website"},"primaryImageOfPage":{"@id":"https:\/\/www.chocolatestheocr.com\/shop\/chocolates\/chocolates-gourmet\/cuchara-para-hacer-chocolate-caliente-baileys-gingerbread\/#primaryimage"},"image":{"@id":"https:\/\/www.chocolatestheocr.com\/shop\/chocolates\/chocolates-gourmet\/cuchara-para-hacer-chocolate-caliente-baileys-gingerbread\/#primaryimage"},"thumbnailUrl":"https:\/\/www.chocolatestheocr.com\/wp-content\/uploads\/2020\/11\/Cuchara-Baileys.png","datePublished":"2020-11-11T19:32:37+00:00","dateModified":"2025-10-21T16:53:31+00:00","description":"Esta cuchara de 50 gramos de chocolate de leche tiene un aplique en chocolate blanco y un shot de Baileys. Al contacto con leche caliente","breadcrumb":{"@id":"https:\/\/www.chocolatestheocr.com\/shop\/chocolates\/chocolates-gourmet\/cuchara-para-hacer-chocolate-caliente-baileys-gingerbread\/#breadcrumb"},"inLanguage":"en-US","potentialAction":[{"@type":"ReadAction","target":["https:\/\/www.chocolatestheocr.com\/shop\/chocolates\/chocolates-gourmet\/cuchara-para-hacer-chocolate-caliente-baileys-gingerbread\/"]}]},{"@type":"ImageObject","inLanguage":"en-US","@id":"https:\/\/www.chocolatestheocr.com\/shop\/chocolates\/chocolates-gourmet\/cuchara-para-hacer-chocolate-caliente-baileys-gingerbread\/#primaryimage","url":"https:\/\/www.chocolatestheocr.com\/wp-content\/uploads\/2020\/11\/Cuchara-Baileys.png","contentUrl":"https:\/\/www.chocolatestheocr.com\/wp-content\/uploads\/2020\/11\/Cuchara-Baileys.png","width":960,"height":1280,"caption":"Cucharas para derretir y hacer tu propio chocolate caliente con apliques navide\u00f1os y un shot de Baileys, servicio a domicilio, personalizamos para empresas"},{"@type":"BreadcrumbList","@id":"https:\/\/www.chocolatestheocr.com\/shop\/chocolates\/chocolates-gourmet\/cuchara-para-hacer-chocolate-caliente-baileys-gingerbread\/#breadcrumb","itemListElement":[{"@type":"ListItem","position":1,"name":"Portada","item":"https:\/\/www.chocolatestheocr.com\/"},{"@type":"ListItem","position":2,"name":"Tienda","item":"https:\/\/www.chocolatestheocr.com\/shop\/"},{"@type":"ListItem","position":3,"name":"Cuchara para hacer chocolate caliente &#8220;Baileys-Gingerbread&#8221;"}]},{"@type":"WebSite","@id":"https:\/\/www.chocolatestheocr.com\/#website","url":"https:\/\/www.chocolatestheocr.com\/","name":"Chocolates Theo","description":"","publisher":{"@id":"https:\/\/www.chocolatestheocr.com\/#organization"},"potentialAction":[{"@type":"SearchAction","target":{"@type":"EntryPoint","urlTemplate":"https:\/\/www.chocolatestheocr.com\/?s={search_term_string}"},"query-input":{"@type":"PropertyValueSpecification","valueRequired":true,"valueName":"search_term_string"}}],"inLanguage":"en-US"},{"@type":"Organization","@id":"https:\/\/www.chocolatestheocr.com\/#organization","name":"Chocolates Theo","url":"https:\/\/www.chocolatestheocr.com\/","logo":{"@type":"ImageObject","inLanguage":"en-US","@id":"https:\/\/www.chocolatestheocr.com\/#\/schema\/logo\/image\/","url":"https:\/\/www.chocolatestheocr.com\/wp-content\/uploads\/2021\/10\/Logo-Chocolates-Theo.jpg","contentUrl":"https:\/\/www.chocolatestheocr.com\/wp-content\/uploads\/2021\/10\/Logo-Chocolates-Theo.jpg","width":600,"height":600,"caption":"Chocolates Theo"},"image":{"@id":"https:\/\/www.chocolatestheocr.com\/#\/schema\/logo\/image\/"},"sameAs":["https:\/\/www.facebook.com\/chocolatestheocr","https:\/\/www.instagram.com\/chocolates_theo\/","https:\/\/www.youtube.com\/channel\/UCcgAI69rswAd2FY1Ubvmcxw"]}]}},"_links":{"self":[{"href":"https:\/\/www.chocolatestheocr.com\/en\/wp-json\/wp\/v2\/product\/6236","targetHints":{"allow":["GET"]}}],"collection":[{"href":"https:\/\/www.chocolatestheocr.com\/en\/wp-json\/wp\/v2\/product"}],"about":[{"href":"https:\/\/www.chocolatestheocr.com\/en\/wp-json\/wp\/v2\/types\/product"}],"version-history":[{"count":0,"href":"https:\/\/www.chocolatestheocr.com\/en\/wp-json\/wp\/v2\/product\/6236\/revisions"}],"wp:featuredmedia":[{"embeddable":true,"href":"https:\/\/www.chocolatestheocr.com\/en\/wp-json\/wp\/v2\/media\/9031"}],"wp:attachment":[{"href":"https:\/\/www.chocolatestheocr.com\/en\/wp-json\/wp\/v2\/media?parent=6236"}],"wp:term":[{"taxonomy":"product_brand","embeddable":true,"href":"https:\/\/www.chocolatestheocr.com\/en\/wp-json\/wp\/v2\/product_brand?post=6236"},{"taxonomy":"product_cat","embeddable":true,"href":"https:\/\/www.chocolatestheocr.com\/en\/wp-json\/wp\/v2\/product_cat?post=6236"},{"taxonomy":"product_tag","embeddable":true,"href":"https:\/\/www.chocolatestheocr.com\/en\/wp-json\/wp\/v2\/product_tag?post=6236"}],"curies":[{"name":"wp","href":"https:\/\/api.w.org\/{rel}","templated":true}]}}