{"id":5938,"date":"2020-11-10T11:49:46","date_gmt":"2020-11-10T17:49:46","guid":{"rendered":"http:\/\/localhost\/chocolatestheo\/?post_type=product&#038;p=5938"},"modified":"2026-01-23T11:58:27","modified_gmt":"2026-01-23T17:58:27","slug":"hot-choco-spoon-love","status":"publish","type":"product","link":"https:\/\/www.chocolatestheocr.com\/en\/shop\/fechas-especiales\/san-valentin\/hot-choco-spoon-love\/","title":{"rendered":"Hot Choco Spoon Love"},"content":{"rendered":"<p>Cuchara de chocolate dise\u00f1ada para derretirse lentamente en leche caliente, creando una deliciosa taza de chocolate caliente. Incluye un coraz\u00f3n rojo de chocolate. Presentaci\u00f3n empacada con colilla, ideal para regalar y disfrutar de una experiencia \u00fanica.<\/p>","protected":false},"excerpt":{"rendered":"<p>Cuchara de chocolate dise\u00f1ada para derretirse lentamente en leche caliente, creando una deliciosa taza de chocolate caliente. Incluye un coraz\u00f3n rojo de chocolate. Presentaci\u00f3n empacada con colilla, ideal para regalar y disfrutar de una experiencia \u00fanica.<\/p>","protected":false},"featured_media":9863,"template":"","meta":[],"product_brand":[361],"product_cat":[448,41],"product_tag":[120,298,133],"class_list":{"0":"post-5938","1":"product","2":"type-product","3":"status-publish","4":"has-post-thumbnail","6":"product_brand-chocolates-theo","7":"product_cat-san-valentin","8":"product_cat-all","9":"product_tag-amor","10":"product_tag-cuchara","11":"product_tag-san-valentin","13":"first","14":"instock","15":"shipping-taxable","16":"purchasable","17":"product-type-simple"},"yoast_head":"<!-- This site is optimized with the Yoast SEO plugin v27.3 - https:\/\/yoast.com\/product\/yoast-seo-wordpress\/ -->\n<title>Hot Choco Spoon Love \/ Cuchara para derretir y hacer chocolate caliente<\/title>\n<meta name=\"description\" content=\"Cuchara de chocolate dise\u00f1ada para derretirse lentamente en leche caliente, creando una deliciosa taza de chocolate caliente. Incluye un coraz\u00f3n rojo de chocolate. Presentaci\u00f3n empacada con colilla, ideal para regalar y disfrutar de una experiencia \u00fanica. \/ Hot Choco spoon\" \/>\n<meta name=\"robots\" content=\"index, follow, max-snippet:-1, max-image-preview:large, max-video-preview:-1\" \/>\n<link rel=\"canonical\" href=\"https:\/\/www.chocolatestheocr.com\/en\/shop\/fechas-especiales\/san-valentin\/hot-choco-spoon-love\/\" \/>\n<meta property=\"og:locale\" content=\"en_US\" \/>\n<meta property=\"og:type\" content=\"article\" \/>\n<meta property=\"og:title\" content=\"Hot Choco Spoon Love \/ Cuchara para derretir y hacer chocolate caliente\" \/>\n<meta property=\"og:description\" content=\"Cuchara de chocolate dise\u00f1ada para derretirse lentamente en leche caliente, creando una deliciosa taza de chocolate caliente. Incluye un coraz\u00f3n rojo de chocolate. Presentaci\u00f3n empacada con colilla, ideal para regalar y disfrutar de una experiencia \u00fanica. \/ Hot Choco spoon\" \/>\n<meta property=\"og:url\" content=\"https:\/\/www.chocolatestheocr.com\/en\/shop\/fechas-especiales\/san-valentin\/hot-choco-spoon-love\/\" \/>\n<meta property=\"og:site_name\" content=\"Chocolates Theo\" \/>\n<meta property=\"article:publisher\" content=\"https:\/\/www.facebook.com\/chocolatestheocr\" \/>\n<meta property=\"article:modified_time\" content=\"2026-01-23T17:58:27+00:00\" \/>\n<meta property=\"og:image\" content=\"https:\/\/www.chocolatestheocr.com\/wp-content\/uploads\/2020\/11\/Hot-Choco-Spoon-Corazon.jpg\" \/>\n\t<meta property=\"og:image:width\" content=\"768\" \/>\n\t<meta property=\"og:image:height\" content=\"1024\" \/>\n\t<meta property=\"og:image:type\" content=\"image\/jpeg\" \/>\n<meta name=\"twitter:card\" content=\"summary_large_image\" \/>\n<meta name=\"twitter:label1\" content=\"Est. reading time\" \/>\n\t<meta name=\"twitter:data1\" content=\"1 minute\" \/>\n<script type=\"application\/ld+json\" class=\"yoast-schema-graph\">{\"@context\":\"https:\\\/\\\/schema.org\",\"@graph\":[{\"@type\":\"WebPage\",\"@id\":\"https:\\\/\\\/www.chocolatestheocr.com\\\/shop\\\/fechas-especiales\\\/san-valentin\\\/hot-choco-spoon-love\\\/\",\"url\":\"https:\\\/\\\/www.chocolatestheocr.com\\\/shop\\\/fechas-especiales\\\/san-valentin\\\/hot-choco-spoon-love\\\/\",\"name\":\"Hot Choco Spoon Love \\\/ Cuchara para derretir y hacer chocolate caliente\",\"isPartOf\":{\"@id\":\"https:\\\/\\\/www.chocolatestheocr.com\\\/#website\"},\"primaryImageOfPage\":{\"@id\":\"https:\\\/\\\/www.chocolatestheocr.com\\\/shop\\\/fechas-especiales\\\/san-valentin\\\/hot-choco-spoon-love\\\/#primaryimage\"},\"image\":{\"@id\":\"https:\\\/\\\/www.chocolatestheocr.com\\\/shop\\\/fechas-especiales\\\/san-valentin\\\/hot-choco-spoon-love\\\/#primaryimage\"},\"thumbnailUrl\":\"https:\\\/\\\/www.chocolatestheocr.com\\\/wp-content\\\/uploads\\\/2020\\\/11\\\/Hot-Choco-Spoon-Corazon.jpg\",\"datePublished\":\"2020-11-10T17:49:46+00:00\",\"dateModified\":\"2026-01-23T17:58:27+00:00\",\"description\":\"Cuchara de chocolate dise\u00f1ada para derretirse lentamente en leche caliente, creando una deliciosa taza de chocolate caliente. Incluye un coraz\u00f3n rojo de chocolate. Presentaci\u00f3n empacada con colilla, ideal para regalar y disfrutar de una experiencia \u00fanica. \\\/ Hot Choco spoon\",\"breadcrumb\":{\"@id\":\"https:\\\/\\\/www.chocolatestheocr.com\\\/shop\\\/fechas-especiales\\\/san-valentin\\\/hot-choco-spoon-love\\\/#breadcrumb\"},\"inLanguage\":\"en-US\",\"potentialAction\":[{\"@type\":\"ReadAction\",\"target\":[\"https:\\\/\\\/www.chocolatestheocr.com\\\/shop\\\/fechas-especiales\\\/san-valentin\\\/hot-choco-spoon-love\\\/\"]}]},{\"@type\":\"ImageObject\",\"inLanguage\":\"en-US\",\"@id\":\"https:\\\/\\\/www.chocolatestheocr.com\\\/shop\\\/fechas-especiales\\\/san-valentin\\\/hot-choco-spoon-love\\\/#primaryimage\",\"url\":\"https:\\\/\\\/www.chocolatestheocr.com\\\/wp-content\\\/uploads\\\/2020\\\/11\\\/Hot-Choco-Spoon-Corazon.jpg\",\"contentUrl\":\"https:\\\/\\\/www.chocolatestheocr.com\\\/wp-content\\\/uploads\\\/2020\\\/11\\\/Hot-Choco-Spoon-Corazon.jpg\",\"width\":768,\"height\":1024,\"caption\":\"Hot Choco Spoon Corazon\"},{\"@type\":\"BreadcrumbList\",\"@id\":\"https:\\\/\\\/www.chocolatestheocr.com\\\/shop\\\/fechas-especiales\\\/san-valentin\\\/hot-choco-spoon-love\\\/#breadcrumb\",\"itemListElement\":[{\"@type\":\"ListItem\",\"position\":1,\"name\":\"Portada\",\"item\":\"https:\\\/\\\/www.chocolatestheocr.com\\\/\"},{\"@type\":\"ListItem\",\"position\":2,\"name\":\"Tienda\",\"item\":\"https:\\\/\\\/www.chocolatestheocr.com\\\/shop\\\/\"},{\"@type\":\"ListItem\",\"position\":3,\"name\":\"Hot Choco Spoon Love\"}]},{\"@type\":\"WebSite\",\"@id\":\"https:\\\/\\\/www.chocolatestheocr.com\\\/#website\",\"url\":\"https:\\\/\\\/www.chocolatestheocr.com\\\/\",\"name\":\"Chocolates Theo\",\"description\":\"\",\"publisher\":{\"@id\":\"https:\\\/\\\/www.chocolatestheocr.com\\\/#organization\"},\"potentialAction\":[{\"@type\":\"SearchAction\",\"target\":{\"@type\":\"EntryPoint\",\"urlTemplate\":\"https:\\\/\\\/www.chocolatestheocr.com\\\/?s={search_term_string}\"},\"query-input\":{\"@type\":\"PropertyValueSpecification\",\"valueRequired\":true,\"valueName\":\"search_term_string\"}}],\"inLanguage\":\"en-US\"},{\"@type\":\"Organization\",\"@id\":\"https:\\\/\\\/www.chocolatestheocr.com\\\/#organization\",\"name\":\"Chocolates Theo\",\"url\":\"https:\\\/\\\/www.chocolatestheocr.com\\\/\",\"logo\":{\"@type\":\"ImageObject\",\"inLanguage\":\"en-US\",\"@id\":\"https:\\\/\\\/www.chocolatestheocr.com\\\/#\\\/schema\\\/logo\\\/image\\\/\",\"url\":\"https:\\\/\\\/www.chocolatestheocr.com\\\/wp-content\\\/uploads\\\/2021\\\/10\\\/Logo-Chocolates-Theo.jpg\",\"contentUrl\":\"https:\\\/\\\/www.chocolatestheocr.com\\\/wp-content\\\/uploads\\\/2021\\\/10\\\/Logo-Chocolates-Theo.jpg\",\"width\":600,\"height\":600,\"caption\":\"Chocolates Theo\"},\"image\":{\"@id\":\"https:\\\/\\\/www.chocolatestheocr.com\\\/#\\\/schema\\\/logo\\\/image\\\/\"},\"sameAs\":[\"https:\\\/\\\/www.facebook.com\\\/chocolatestheocr\",\"https:\\\/\\\/www.instagram.com\\\/chocolates_theo\\\/\",\"https:\\\/\\\/www.youtube.com\\\/channel\\\/UCcgAI69rswAd2FY1Ubvmcxw\"]}]}<\/script>\n<!-- \/ Yoast SEO plugin. -->","yoast_head_json":{"title":"Hot Choco Spoon Love \/ Cuchara para derretir y hacer chocolate caliente","description":"Cuchara de chocolate dise\u00f1ada para derretirse lentamente en leche caliente, creando una deliciosa taza de chocolate caliente. Incluye un coraz\u00f3n rojo de chocolate. Presentaci\u00f3n empacada con colilla, ideal para regalar y disfrutar de una experiencia \u00fanica. \/ Hot Choco spoon","robots":{"index":"index","follow":"follow","max-snippet":"max-snippet:-1","max-image-preview":"max-image-preview:large","max-video-preview":"max-video-preview:-1"},"canonical":"https:\/\/www.chocolatestheocr.com\/en\/shop\/fechas-especiales\/san-valentin\/hot-choco-spoon-love\/","og_locale":"en_US","og_type":"article","og_title":"Hot Choco Spoon Love \/ Cuchara para derretir y hacer chocolate caliente","og_description":"Cuchara de chocolate dise\u00f1ada para derretirse lentamente en leche caliente, creando una deliciosa taza de chocolate caliente. Incluye un coraz\u00f3n rojo de chocolate. Presentaci\u00f3n empacada con colilla, ideal para regalar y disfrutar de una experiencia \u00fanica. \/ Hot Choco spoon","og_url":"https:\/\/www.chocolatestheocr.com\/en\/shop\/fechas-especiales\/san-valentin\/hot-choco-spoon-love\/","og_site_name":"Chocolates Theo","article_publisher":"https:\/\/www.facebook.com\/chocolatestheocr","article_modified_time":"2026-01-23T17:58:27+00:00","og_image":[{"width":768,"height":1024,"url":"https:\/\/www.chocolatestheocr.com\/wp-content\/uploads\/2020\/11\/Hot-Choco-Spoon-Corazon.jpg","type":"image\/jpeg"}],"twitter_card":"summary_large_image","twitter_misc":{"Est. reading time":"1 minute"},"schema":{"@context":"https:\/\/schema.org","@graph":[{"@type":"WebPage","@id":"https:\/\/www.chocolatestheocr.com\/shop\/fechas-especiales\/san-valentin\/hot-choco-spoon-love\/","url":"https:\/\/www.chocolatestheocr.com\/shop\/fechas-especiales\/san-valentin\/hot-choco-spoon-love\/","name":"Hot Choco Spoon Love \/ Cuchara para derretir y hacer chocolate caliente","isPartOf":{"@id":"https:\/\/www.chocolatestheocr.com\/#website"},"primaryImageOfPage":{"@id":"https:\/\/www.chocolatestheocr.com\/shop\/fechas-especiales\/san-valentin\/hot-choco-spoon-love\/#primaryimage"},"image":{"@id":"https:\/\/www.chocolatestheocr.com\/shop\/fechas-especiales\/san-valentin\/hot-choco-spoon-love\/#primaryimage"},"thumbnailUrl":"https:\/\/www.chocolatestheocr.com\/wp-content\/uploads\/2020\/11\/Hot-Choco-Spoon-Corazon.jpg","datePublished":"2020-11-10T17:49:46+00:00","dateModified":"2026-01-23T17:58:27+00:00","description":"Cuchara de chocolate dise\u00f1ada para derretirse lentamente en leche caliente, creando una deliciosa taza de chocolate caliente. Incluye un coraz\u00f3n rojo de chocolate. Presentaci\u00f3n empacada con colilla, ideal para regalar y disfrutar de una experiencia \u00fanica. \/ Hot Choco spoon","breadcrumb":{"@id":"https:\/\/www.chocolatestheocr.com\/shop\/fechas-especiales\/san-valentin\/hot-choco-spoon-love\/#breadcrumb"},"inLanguage":"en-US","potentialAction":[{"@type":"ReadAction","target":["https:\/\/www.chocolatestheocr.com\/shop\/fechas-especiales\/san-valentin\/hot-choco-spoon-love\/"]}]},{"@type":"ImageObject","inLanguage":"en-US","@id":"https:\/\/www.chocolatestheocr.com\/shop\/fechas-especiales\/san-valentin\/hot-choco-spoon-love\/#primaryimage","url":"https:\/\/www.chocolatestheocr.com\/wp-content\/uploads\/2020\/11\/Hot-Choco-Spoon-Corazon.jpg","contentUrl":"https:\/\/www.chocolatestheocr.com\/wp-content\/uploads\/2020\/11\/Hot-Choco-Spoon-Corazon.jpg","width":768,"height":1024,"caption":"Hot Choco Spoon Corazon"},{"@type":"BreadcrumbList","@id":"https:\/\/www.chocolatestheocr.com\/shop\/fechas-especiales\/san-valentin\/hot-choco-spoon-love\/#breadcrumb","itemListElement":[{"@type":"ListItem","position":1,"name":"Portada","item":"https:\/\/www.chocolatestheocr.com\/"},{"@type":"ListItem","position":2,"name":"Tienda","item":"https:\/\/www.chocolatestheocr.com\/shop\/"},{"@type":"ListItem","position":3,"name":"Hot Choco Spoon Love"}]},{"@type":"WebSite","@id":"https:\/\/www.chocolatestheocr.com\/#website","url":"https:\/\/www.chocolatestheocr.com\/","name":"Chocolates Theo","description":"","publisher":{"@id":"https:\/\/www.chocolatestheocr.com\/#organization"},"potentialAction":[{"@type":"SearchAction","target":{"@type":"EntryPoint","urlTemplate":"https:\/\/www.chocolatestheocr.com\/?s={search_term_string}"},"query-input":{"@type":"PropertyValueSpecification","valueRequired":true,"valueName":"search_term_string"}}],"inLanguage":"en-US"},{"@type":"Organization","@id":"https:\/\/www.chocolatestheocr.com\/#organization","name":"Chocolates Theo","url":"https:\/\/www.chocolatestheocr.com\/","logo":{"@type":"ImageObject","inLanguage":"en-US","@id":"https:\/\/www.chocolatestheocr.com\/#\/schema\/logo\/image\/","url":"https:\/\/www.chocolatestheocr.com\/wp-content\/uploads\/2021\/10\/Logo-Chocolates-Theo.jpg","contentUrl":"https:\/\/www.chocolatestheocr.com\/wp-content\/uploads\/2021\/10\/Logo-Chocolates-Theo.jpg","width":600,"height":600,"caption":"Chocolates Theo"},"image":{"@id":"https:\/\/www.chocolatestheocr.com\/#\/schema\/logo\/image\/"},"sameAs":["https:\/\/www.facebook.com\/chocolatestheocr","https:\/\/www.instagram.com\/chocolates_theo\/","https:\/\/www.youtube.com\/channel\/UCcgAI69rswAd2FY1Ubvmcxw"]}]}},"_links":{"self":[{"href":"https:\/\/www.chocolatestheocr.com\/en\/wp-json\/wp\/v2\/product\/5938","targetHints":{"allow":["GET"]}}],"collection":[{"href":"https:\/\/www.chocolatestheocr.com\/en\/wp-json\/wp\/v2\/product"}],"about":[{"href":"https:\/\/www.chocolatestheocr.com\/en\/wp-json\/wp\/v2\/types\/product"}],"version-history":[{"count":0,"href":"https:\/\/www.chocolatestheocr.com\/en\/wp-json\/wp\/v2\/product\/5938\/revisions"}],"wp:featuredmedia":[{"embeddable":true,"href":"https:\/\/www.chocolatestheocr.com\/en\/wp-json\/wp\/v2\/media\/9863"}],"wp:attachment":[{"href":"https:\/\/www.chocolatestheocr.com\/en\/wp-json\/wp\/v2\/media?parent=5938"}],"wp:term":[{"taxonomy":"product_brand","embeddable":true,"href":"https:\/\/www.chocolatestheocr.com\/en\/wp-json\/wp\/v2\/product_brand?post=5938"},{"taxonomy":"product_cat","embeddable":true,"href":"https:\/\/www.chocolatestheocr.com\/en\/wp-json\/wp\/v2\/product_cat?post=5938"},{"taxonomy":"product_tag","embeddable":true,"href":"https:\/\/www.chocolatestheocr.com\/en\/wp-json\/wp\/v2\/product_tag?post=5938"}],"curies":[{"name":"wp","href":"https:\/\/api.w.org\/{rel}","templated":true}]}}