{"id":5902,"date":"2020-11-10T10:42:39","date_gmt":"2020-11-10T16:42:39","guid":{"rendered":"http:\/\/localhost\/chocolatestheo\/?post_type=product&#038;p=5902"},"modified":"2024-07-10T11:02:20","modified_gmt":"2024-07-10T17:02:20","slug":"paleta-corazon-rojo-de-chocolate","status":"publish","type":"product","link":"https:\/\/www.chocolatestheocr.com\/en\/shop\/chocolates\/chocolates-gourmet\/paleta-corazon-rojo-de-chocolate\/","title":{"rendered":"Paleta Coraz\u00f3n de chocolate"},"content":{"rendered":"<p>Paleta Coraz\u00f3n de chocolate<\/p>\n<p>Paleta de chocolate de leche en forma de coraz\u00f3n, envuelta en papel de color rojo.<\/p>","protected":false},"excerpt":{"rendered":"<p>Paleta Corazo\u0301n de chocolate<\/p>\n<p>Paleta de chocolate de leche en forma de coraz\u00f3n, envuelta en papel de color rojo.<\/p>","protected":false},"featured_media":13598,"template":"","meta":[],"product_brand":[361],"product_cat":[75,375,448,41],"product_tag":[120,144,150,133],"class_list":{"0":"post-5902","1":"product","2":"type-product","3":"status-publish","4":"has-post-thumbnail","6":"product_brand-chocolates-theo","7":"product_cat-chocolates","8":"product_cat-chocolates-gourmet","9":"product_cat-san-valentin","10":"product_cat-all","11":"product_tag-amor","12":"product_tag-chocolate","13":"product_tag-corazon","14":"product_tag-san-valentin","16":"first","17":"instock","18":"shipping-taxable","19":"purchasable","20":"product-type-simple"},"yoast_head":"<!-- This site is optimized with the Yoast SEO plugin v27.3 - https:\/\/yoast.com\/product\/yoast-seo-wordpress\/ -->\n<title>Paleta Coraz\u00f3n de chocolate \/ Regalos empresariales san valent\u00edn \/ Theo<\/title>\n<meta name=\"description\" content=\"Paleta Corazo\u0301n de chocolate  Paleta de chocolate de leche en forma de coraz\u00f3n, envuelta en papel de color rojo. San Valent\u00edn chocolates en forma de paleta de coraz\u00f3n rojo, servicio a domicilio\" \/>\n<meta name=\"robots\" content=\"index, follow, max-snippet:-1, max-image-preview:large, max-video-preview:-1\" \/>\n<link rel=\"canonical\" href=\"https:\/\/www.chocolatestheocr.com\/en\/shop\/chocolates\/chocolates-gourmet\/paleta-corazon-rojo-de-chocolate\/\" \/>\n<meta property=\"og:locale\" content=\"en_US\" \/>\n<meta property=\"og:type\" content=\"article\" \/>\n<meta property=\"og:title\" content=\"Paleta Coraz\u00f3n de chocolate \/ Regalos empresariales san valent\u00edn \/ Theo\" \/>\n<meta property=\"og:description\" content=\"Paleta Corazo\u0301n de chocolate  Paleta de chocolate de leche en forma de coraz\u00f3n, envuelta en papel de color rojo. San Valent\u00edn chocolates en forma de paleta de coraz\u00f3n rojo, servicio a domicilio\" \/>\n<meta property=\"og:url\" content=\"https:\/\/www.chocolatestheocr.com\/en\/shop\/chocolates\/chocolates-gourmet\/paleta-corazon-rojo-de-chocolate\/\" \/>\n<meta property=\"og:site_name\" content=\"Chocolates Theo\" \/>\n<meta property=\"article:publisher\" content=\"https:\/\/www.facebook.com\/chocolatestheocr\" \/>\n<meta property=\"article:modified_time\" content=\"2024-07-10T17:02:20+00:00\" \/>\n<meta property=\"og:image\" content=\"https:\/\/www.chocolatestheocr.com\/wp-content\/uploads\/2020\/11\/Paleta-Corazon-1.jpg\" \/>\n\t<meta property=\"og:image:width\" content=\"652\" \/>\n\t<meta property=\"og:image:height\" content=\"869\" \/>\n\t<meta property=\"og:image:type\" content=\"image\/jpeg\" \/>\n<meta name=\"twitter:card\" content=\"summary_large_image\" \/>\n<meta name=\"twitter:label1\" content=\"Est. reading time\" \/>\n\t<meta name=\"twitter:data1\" content=\"1 minute\" \/>\n<script type=\"application\/ld+json\" class=\"yoast-schema-graph\">{\"@context\":\"https:\\\/\\\/schema.org\",\"@graph\":[{\"@type\":\"WebPage\",\"@id\":\"https:\\\/\\\/www.chocolatestheocr.com\\\/shop\\\/chocolates\\\/chocolates-gourmet\\\/paleta-corazon-rojo-de-chocolate\\\/\",\"url\":\"https:\\\/\\\/www.chocolatestheocr.com\\\/shop\\\/chocolates\\\/chocolates-gourmet\\\/paleta-corazon-rojo-de-chocolate\\\/\",\"name\":\"Paleta Coraz\u00f3n de chocolate \\\/ Regalos empresariales san valent\u00edn \\\/ Theo\",\"isPartOf\":{\"@id\":\"https:\\\/\\\/www.chocolatestheocr.com\\\/#website\"},\"primaryImageOfPage\":{\"@id\":\"https:\\\/\\\/www.chocolatestheocr.com\\\/shop\\\/chocolates\\\/chocolates-gourmet\\\/paleta-corazon-rojo-de-chocolate\\\/#primaryimage\"},\"image\":{\"@id\":\"https:\\\/\\\/www.chocolatestheocr.com\\\/shop\\\/chocolates\\\/chocolates-gourmet\\\/paleta-corazon-rojo-de-chocolate\\\/#primaryimage\"},\"thumbnailUrl\":\"https:\\\/\\\/www.chocolatestheocr.com\\\/wp-content\\\/uploads\\\/2020\\\/11\\\/Paleta-Corazon-1.jpg\",\"datePublished\":\"2020-11-10T16:42:39+00:00\",\"dateModified\":\"2024-07-10T17:02:20+00:00\",\"description\":\"Paleta Corazo\u0301n de chocolate Paleta de chocolate de leche en forma de coraz\u00f3n, envuelta en papel de color rojo. San Valent\u00edn chocolates en forma de paleta de coraz\u00f3n rojo, servicio a domicilio\",\"breadcrumb\":{\"@id\":\"https:\\\/\\\/www.chocolatestheocr.com\\\/shop\\\/chocolates\\\/chocolates-gourmet\\\/paleta-corazon-rojo-de-chocolate\\\/#breadcrumb\"},\"inLanguage\":\"en-US\",\"potentialAction\":[{\"@type\":\"ReadAction\",\"target\":[\"https:\\\/\\\/www.chocolatestheocr.com\\\/shop\\\/chocolates\\\/chocolates-gourmet\\\/paleta-corazon-rojo-de-chocolate\\\/\"]}]},{\"@type\":\"ImageObject\",\"inLanguage\":\"en-US\",\"@id\":\"https:\\\/\\\/www.chocolatestheocr.com\\\/shop\\\/chocolates\\\/chocolates-gourmet\\\/paleta-corazon-rojo-de-chocolate\\\/#primaryimage\",\"url\":\"https:\\\/\\\/www.chocolatestheocr.com\\\/wp-content\\\/uploads\\\/2020\\\/11\\\/Paleta-Corazon-1.jpg\",\"contentUrl\":\"https:\\\/\\\/www.chocolatestheocr.com\\\/wp-content\\\/uploads\\\/2020\\\/11\\\/Paleta-Corazon-1.jpg\",\"width\":652,\"height\":869,\"caption\":\"Paleta-Corazon\"},{\"@type\":\"BreadcrumbList\",\"@id\":\"https:\\\/\\\/www.chocolatestheocr.com\\\/shop\\\/chocolates\\\/chocolates-gourmet\\\/paleta-corazon-rojo-de-chocolate\\\/#breadcrumb\",\"itemListElement\":[{\"@type\":\"ListItem\",\"position\":1,\"name\":\"Portada\",\"item\":\"https:\\\/\\\/www.chocolatestheocr.com\\\/\"},{\"@type\":\"ListItem\",\"position\":2,\"name\":\"Tienda\",\"item\":\"https:\\\/\\\/www.chocolatestheocr.com\\\/shop\\\/\"},{\"@type\":\"ListItem\",\"position\":3,\"name\":\"Paleta Coraz\u00f3n de chocolate\"}]},{\"@type\":\"WebSite\",\"@id\":\"https:\\\/\\\/www.chocolatestheocr.com\\\/#website\",\"url\":\"https:\\\/\\\/www.chocolatestheocr.com\\\/\",\"name\":\"Chocolates Theo\",\"description\":\"\",\"publisher\":{\"@id\":\"https:\\\/\\\/www.chocolatestheocr.com\\\/#organization\"},\"potentialAction\":[{\"@type\":\"SearchAction\",\"target\":{\"@type\":\"EntryPoint\",\"urlTemplate\":\"https:\\\/\\\/www.chocolatestheocr.com\\\/?s={search_term_string}\"},\"query-input\":{\"@type\":\"PropertyValueSpecification\",\"valueRequired\":true,\"valueName\":\"search_term_string\"}}],\"inLanguage\":\"en-US\"},{\"@type\":\"Organization\",\"@id\":\"https:\\\/\\\/www.chocolatestheocr.com\\\/#organization\",\"name\":\"Chocolates Theo\",\"url\":\"https:\\\/\\\/www.chocolatestheocr.com\\\/\",\"logo\":{\"@type\":\"ImageObject\",\"inLanguage\":\"en-US\",\"@id\":\"https:\\\/\\\/www.chocolatestheocr.com\\\/#\\\/schema\\\/logo\\\/image\\\/\",\"url\":\"https:\\\/\\\/www.chocolatestheocr.com\\\/wp-content\\\/uploads\\\/2021\\\/10\\\/Logo-Chocolates-Theo.jpg\",\"contentUrl\":\"https:\\\/\\\/www.chocolatestheocr.com\\\/wp-content\\\/uploads\\\/2021\\\/10\\\/Logo-Chocolates-Theo.jpg\",\"width\":600,\"height\":600,\"caption\":\"Chocolates Theo\"},\"image\":{\"@id\":\"https:\\\/\\\/www.chocolatestheocr.com\\\/#\\\/schema\\\/logo\\\/image\\\/\"},\"sameAs\":[\"https:\\\/\\\/www.facebook.com\\\/chocolatestheocr\",\"https:\\\/\\\/www.instagram.com\\\/chocolates_theo\\\/\",\"https:\\\/\\\/www.youtube.com\\\/channel\\\/UCcgAI69rswAd2FY1Ubvmcxw\"]}]}<\/script>\n<!-- \/ Yoast SEO plugin. -->","yoast_head_json":{"title":"Paleta Coraz\u00f3n de chocolate \/ Regalos empresariales san valent\u00edn \/ Theo","description":"Paleta Corazo\u0301n de chocolate  Paleta de chocolate de leche en forma de coraz\u00f3n, envuelta en papel de color rojo. San Valent\u00edn chocolates en forma de paleta de coraz\u00f3n rojo, servicio a domicilio","robots":{"index":"index","follow":"follow","max-snippet":"max-snippet:-1","max-image-preview":"max-image-preview:large","max-video-preview":"max-video-preview:-1"},"canonical":"https:\/\/www.chocolatestheocr.com\/en\/shop\/chocolates\/chocolates-gourmet\/paleta-corazon-rojo-de-chocolate\/","og_locale":"en_US","og_type":"article","og_title":"Paleta Coraz\u00f3n de chocolate \/ Regalos empresariales san valent\u00edn \/ Theo","og_description":"Paleta Corazo\u0301n de chocolate  Paleta de chocolate de leche en forma de coraz\u00f3n, envuelta en papel de color rojo. San Valent\u00edn chocolates en forma de paleta de coraz\u00f3n rojo, servicio a domicilio","og_url":"https:\/\/www.chocolatestheocr.com\/en\/shop\/chocolates\/chocolates-gourmet\/paleta-corazon-rojo-de-chocolate\/","og_site_name":"Chocolates Theo","article_publisher":"https:\/\/www.facebook.com\/chocolatestheocr","article_modified_time":"2024-07-10T17:02:20+00:00","og_image":[{"width":652,"height":869,"url":"https:\/\/www.chocolatestheocr.com\/wp-content\/uploads\/2020\/11\/Paleta-Corazon-1.jpg","type":"image\/jpeg"}],"twitter_card":"summary_large_image","twitter_misc":{"Est. reading time":"1 minute"},"schema":{"@context":"https:\/\/schema.org","@graph":[{"@type":"WebPage","@id":"https:\/\/www.chocolatestheocr.com\/shop\/chocolates\/chocolates-gourmet\/paleta-corazon-rojo-de-chocolate\/","url":"https:\/\/www.chocolatestheocr.com\/shop\/chocolates\/chocolates-gourmet\/paleta-corazon-rojo-de-chocolate\/","name":"Paleta Coraz\u00f3n de chocolate \/ Regalos empresariales san valent\u00edn \/ Theo","isPartOf":{"@id":"https:\/\/www.chocolatestheocr.com\/#website"},"primaryImageOfPage":{"@id":"https:\/\/www.chocolatestheocr.com\/shop\/chocolates\/chocolates-gourmet\/paleta-corazon-rojo-de-chocolate\/#primaryimage"},"image":{"@id":"https:\/\/www.chocolatestheocr.com\/shop\/chocolates\/chocolates-gourmet\/paleta-corazon-rojo-de-chocolate\/#primaryimage"},"thumbnailUrl":"https:\/\/www.chocolatestheocr.com\/wp-content\/uploads\/2020\/11\/Paleta-Corazon-1.jpg","datePublished":"2020-11-10T16:42:39+00:00","dateModified":"2024-07-10T17:02:20+00:00","description":"Paleta Corazo\u0301n de chocolate Paleta de chocolate de leche en forma de coraz\u00f3n, envuelta en papel de color rojo. San Valent\u00edn chocolates en forma de paleta de coraz\u00f3n rojo, servicio a domicilio","breadcrumb":{"@id":"https:\/\/www.chocolatestheocr.com\/shop\/chocolates\/chocolates-gourmet\/paleta-corazon-rojo-de-chocolate\/#breadcrumb"},"inLanguage":"en-US","potentialAction":[{"@type":"ReadAction","target":["https:\/\/www.chocolatestheocr.com\/shop\/chocolates\/chocolates-gourmet\/paleta-corazon-rojo-de-chocolate\/"]}]},{"@type":"ImageObject","inLanguage":"en-US","@id":"https:\/\/www.chocolatestheocr.com\/shop\/chocolates\/chocolates-gourmet\/paleta-corazon-rojo-de-chocolate\/#primaryimage","url":"https:\/\/www.chocolatestheocr.com\/wp-content\/uploads\/2020\/11\/Paleta-Corazon-1.jpg","contentUrl":"https:\/\/www.chocolatestheocr.com\/wp-content\/uploads\/2020\/11\/Paleta-Corazon-1.jpg","width":652,"height":869,"caption":"Paleta-Corazon"},{"@type":"BreadcrumbList","@id":"https:\/\/www.chocolatestheocr.com\/shop\/chocolates\/chocolates-gourmet\/paleta-corazon-rojo-de-chocolate\/#breadcrumb","itemListElement":[{"@type":"ListItem","position":1,"name":"Portada","item":"https:\/\/www.chocolatestheocr.com\/"},{"@type":"ListItem","position":2,"name":"Tienda","item":"https:\/\/www.chocolatestheocr.com\/shop\/"},{"@type":"ListItem","position":3,"name":"Paleta Coraz\u00f3n de chocolate"}]},{"@type":"WebSite","@id":"https:\/\/www.chocolatestheocr.com\/#website","url":"https:\/\/www.chocolatestheocr.com\/","name":"Chocolates Theo","description":"","publisher":{"@id":"https:\/\/www.chocolatestheocr.com\/#organization"},"potentialAction":[{"@type":"SearchAction","target":{"@type":"EntryPoint","urlTemplate":"https:\/\/www.chocolatestheocr.com\/?s={search_term_string}"},"query-input":{"@type":"PropertyValueSpecification","valueRequired":true,"valueName":"search_term_string"}}],"inLanguage":"en-US"},{"@type":"Organization","@id":"https:\/\/www.chocolatestheocr.com\/#organization","name":"Chocolates Theo","url":"https:\/\/www.chocolatestheocr.com\/","logo":{"@type":"ImageObject","inLanguage":"en-US","@id":"https:\/\/www.chocolatestheocr.com\/#\/schema\/logo\/image\/","url":"https:\/\/www.chocolatestheocr.com\/wp-content\/uploads\/2021\/10\/Logo-Chocolates-Theo.jpg","contentUrl":"https:\/\/www.chocolatestheocr.com\/wp-content\/uploads\/2021\/10\/Logo-Chocolates-Theo.jpg","width":600,"height":600,"caption":"Chocolates Theo"},"image":{"@id":"https:\/\/www.chocolatestheocr.com\/#\/schema\/logo\/image\/"},"sameAs":["https:\/\/www.facebook.com\/chocolatestheocr","https:\/\/www.instagram.com\/chocolates_theo\/","https:\/\/www.youtube.com\/channel\/UCcgAI69rswAd2FY1Ubvmcxw"]}]}},"_links":{"self":[{"href":"https:\/\/www.chocolatestheocr.com\/en\/wp-json\/wp\/v2\/product\/5902","targetHints":{"allow":["GET"]}}],"collection":[{"href":"https:\/\/www.chocolatestheocr.com\/en\/wp-json\/wp\/v2\/product"}],"about":[{"href":"https:\/\/www.chocolatestheocr.com\/en\/wp-json\/wp\/v2\/types\/product"}],"version-history":[{"count":0,"href":"https:\/\/www.chocolatestheocr.com\/en\/wp-json\/wp\/v2\/product\/5902\/revisions"}],"wp:featuredmedia":[{"embeddable":true,"href":"https:\/\/www.chocolatestheocr.com\/en\/wp-json\/wp\/v2\/media\/13598"}],"wp:attachment":[{"href":"https:\/\/www.chocolatestheocr.com\/en\/wp-json\/wp\/v2\/media?parent=5902"}],"wp:term":[{"taxonomy":"product_brand","embeddable":true,"href":"https:\/\/www.chocolatestheocr.com\/en\/wp-json\/wp\/v2\/product_brand?post=5902"},{"taxonomy":"product_cat","embeddable":true,"href":"https:\/\/www.chocolatestheocr.com\/en\/wp-json\/wp\/v2\/product_cat?post=5902"},{"taxonomy":"product_tag","embeddable":true,"href":"https:\/\/www.chocolatestheocr.com\/en\/wp-json\/wp\/v2\/product_tag?post=5902"}],"curies":[{"name":"wp","href":"https:\/\/api.w.org\/{rel}","templated":true}]}}