{"id":5805,"date":"2020-11-09T18:56:01","date_gmt":"2020-11-10T00:56:01","guid":{"rendered":"http:\/\/localhost\/chocolatestheo\/?post_type=product&#038;p=5805"},"modified":"2025-11-28T15:52:42","modified_gmt":"2025-11-28T21:52:42","slug":"hot-choco-spoon-super-mama","status":"publish","type":"product","link":"https:\/\/www.chocolatestheocr.com\/en\/shop\/fechas-especiales\/dia-de-la-madre\/hot-choco-spoon-super-mama\/","title":{"rendered":"Hot Choco Spoon &#8220;S\u00faper Mam\u00e1&#8221;"},"content":{"rendered":"<p>Hot Choco Spoon &#8220;S\u00faper Mam\u00e1&#8221;<\/p>\n<p>Cuchara para derretir y hacer chocolate caliente con mini marshmallows y escudo de de \u201cS\u00faper Mam\u00e1\u201d<\/p>\n<p><strong>\u00a0<\/strong><\/p>","protected":false},"excerpt":{"rendered":"<p>Hot Choco Spoon &#8220;S\u00faper Mam\u00e1&#8221;<\/p>\n<p>Cuchara para derretir y hacer chocolate caliente con mini marshmallows y escudo de de \u201cS\u00faper Mam\u00e1\u201d<\/p>","protected":false},"featured_media":13267,"template":"","meta":[],"product_brand":[361],"product_cat":[87,74,41],"product_tag":[522,298,284,282,289],"class_list":{"0":"post-5805","1":"product","2":"type-product","3":"status-publish","4":"has-post-thumbnail","6":"product_brand-chocolates-theo","7":"product_cat-dia-de-la-madre","8":"product_cat-fechas-especiales","9":"product_cat-all","10":"product_tag-chocolate-caliente","11":"product_tag-cuchara","12":"product_tag-dia-de-la-madre","13":"product_tag-hot-choco-spoon","14":"product_tag-mama","16":"first","17":"instock","18":"shipping-taxable","19":"purchasable","20":"product-type-simple"},"yoast_head":"<!-- This site is optimized with the Yoast SEO plugin v27.3 - https:\/\/yoast.com\/product\/yoast-seo-wordpress\/ -->\n<title>Hot Choco Spoon &quot;S\u00faper Mam\u00e1&quot; \/ Prepara tu Chocolate caliente<\/title>\n<meta name=\"description\" content=\"Hot Choco Spoon &quot;S\u00faper Mam\u00e1&quot;  Cuchara para derretir y hacer chocolate caliente con mini marshmallows y escudo de de \u201cS\u00faper Mam\u00e1\u201d\" \/>\n<meta name=\"robots\" content=\"index, follow, max-snippet:-1, max-image-preview:large, max-video-preview:-1\" \/>\n<link rel=\"canonical\" href=\"https:\/\/www.chocolatestheocr.com\/en\/shop\/fechas-especiales\/dia-de-la-madre\/hot-choco-spoon-super-mama\/\" \/>\n<meta property=\"og:locale\" content=\"en_US\" \/>\n<meta property=\"og:type\" content=\"article\" \/>\n<meta property=\"og:title\" content=\"Hot Choco Spoon &quot;S\u00faper Mam\u00e1&quot; \/ Prepara tu Chocolate caliente\" \/>\n<meta property=\"og:description\" content=\"Hot Choco Spoon &quot;S\u00faper Mam\u00e1&quot;  Cuchara para derretir y hacer chocolate caliente con mini marshmallows y escudo de de \u201cS\u00faper Mam\u00e1\u201d\" \/>\n<meta property=\"og:url\" content=\"https:\/\/www.chocolatestheocr.com\/en\/shop\/fechas-especiales\/dia-de-la-madre\/hot-choco-spoon-super-mama\/\" \/>\n<meta property=\"og:site_name\" content=\"Chocolates Theo\" \/>\n<meta property=\"article:publisher\" content=\"https:\/\/www.facebook.com\/chocolatestheocr\" \/>\n<meta property=\"article:modified_time\" content=\"2025-11-28T21:52:42+00:00\" \/>\n<meta property=\"og:image\" content=\"https:\/\/www.chocolatestheocr.com\/wp-content\/uploads\/2020\/11\/Hot-choco-spoon-super-mama.jpg\" \/>\n\t<meta property=\"og:image:width\" content=\"590\" \/>\n\t<meta property=\"og:image:height\" content=\"865\" \/>\n\t<meta property=\"og:image:type\" content=\"image\/jpeg\" \/>\n<meta name=\"twitter:card\" content=\"summary_large_image\" \/>\n<script type=\"application\/ld+json\" class=\"yoast-schema-graph\">{\"@context\":\"https:\\\/\\\/schema.org\",\"@graph\":[{\"@type\":\"WebPage\",\"@id\":\"https:\\\/\\\/www.chocolatestheocr.com\\\/shop\\\/fechas-especiales\\\/dia-de-la-madre\\\/hot-choco-spoon-super-mama\\\/\",\"url\":\"https:\\\/\\\/www.chocolatestheocr.com\\\/shop\\\/fechas-especiales\\\/dia-de-la-madre\\\/hot-choco-spoon-super-mama\\\/\",\"name\":\"Hot Choco Spoon \\\"S\u00faper Mam\u00e1\\\" \\\/ Prepara tu Chocolate caliente\",\"isPartOf\":{\"@id\":\"https:\\\/\\\/www.chocolatestheocr.com\\\/#website\"},\"primaryImageOfPage\":{\"@id\":\"https:\\\/\\\/www.chocolatestheocr.com\\\/shop\\\/fechas-especiales\\\/dia-de-la-madre\\\/hot-choco-spoon-super-mama\\\/#primaryimage\"},\"image\":{\"@id\":\"https:\\\/\\\/www.chocolatestheocr.com\\\/shop\\\/fechas-especiales\\\/dia-de-la-madre\\\/hot-choco-spoon-super-mama\\\/#primaryimage\"},\"thumbnailUrl\":\"https:\\\/\\\/www.chocolatestheocr.com\\\/wp-content\\\/uploads\\\/2020\\\/11\\\/Hot-choco-spoon-super-mama.jpg\",\"datePublished\":\"2020-11-10T00:56:01+00:00\",\"dateModified\":\"2025-11-28T21:52:42+00:00\",\"description\":\"Hot Choco Spoon \\\"S\u00faper Mam\u00e1\\\" Cuchara para derretir y hacer chocolate caliente con mini marshmallows y escudo de de \u201cS\u00faper Mam\u00e1\u201d\",\"breadcrumb\":{\"@id\":\"https:\\\/\\\/www.chocolatestheocr.com\\\/shop\\\/fechas-especiales\\\/dia-de-la-madre\\\/hot-choco-spoon-super-mama\\\/#breadcrumb\"},\"inLanguage\":\"en-US\",\"potentialAction\":[{\"@type\":\"ReadAction\",\"target\":[\"https:\\\/\\\/www.chocolatestheocr.com\\\/shop\\\/fechas-especiales\\\/dia-de-la-madre\\\/hot-choco-spoon-super-mama\\\/\"]}]},{\"@type\":\"ImageObject\",\"inLanguage\":\"en-US\",\"@id\":\"https:\\\/\\\/www.chocolatestheocr.com\\\/shop\\\/fechas-especiales\\\/dia-de-la-madre\\\/hot-choco-spoon-super-mama\\\/#primaryimage\",\"url\":\"https:\\\/\\\/www.chocolatestheocr.com\\\/wp-content\\\/uploads\\\/2020\\\/11\\\/Hot-choco-spoon-super-mama.jpg\",\"contentUrl\":\"https:\\\/\\\/www.chocolatestheocr.com\\\/wp-content\\\/uploads\\\/2020\\\/11\\\/Hot-choco-spoon-super-mama.jpg\",\"width\":590,\"height\":865,\"caption\":\"Hot choco spoon super mama\"},{\"@type\":\"BreadcrumbList\",\"@id\":\"https:\\\/\\\/www.chocolatestheocr.com\\\/shop\\\/fechas-especiales\\\/dia-de-la-madre\\\/hot-choco-spoon-super-mama\\\/#breadcrumb\",\"itemListElement\":[{\"@type\":\"ListItem\",\"position\":1,\"name\":\"Portada\",\"item\":\"https:\\\/\\\/www.chocolatestheocr.com\\\/\"},{\"@type\":\"ListItem\",\"position\":2,\"name\":\"Tienda\",\"item\":\"https:\\\/\\\/www.chocolatestheocr.com\\\/shop\\\/\"},{\"@type\":\"ListItem\",\"position\":3,\"name\":\"Hot Choco Spoon &#8220;S\u00faper Mam\u00e1&#8221;\"}]},{\"@type\":\"WebSite\",\"@id\":\"https:\\\/\\\/www.chocolatestheocr.com\\\/#website\",\"url\":\"https:\\\/\\\/www.chocolatestheocr.com\\\/\",\"name\":\"Chocolates Theo\",\"description\":\"\",\"publisher\":{\"@id\":\"https:\\\/\\\/www.chocolatestheocr.com\\\/#organization\"},\"potentialAction\":[{\"@type\":\"SearchAction\",\"target\":{\"@type\":\"EntryPoint\",\"urlTemplate\":\"https:\\\/\\\/www.chocolatestheocr.com\\\/?s={search_term_string}\"},\"query-input\":{\"@type\":\"PropertyValueSpecification\",\"valueRequired\":true,\"valueName\":\"search_term_string\"}}],\"inLanguage\":\"en-US\"},{\"@type\":\"Organization\",\"@id\":\"https:\\\/\\\/www.chocolatestheocr.com\\\/#organization\",\"name\":\"Chocolates Theo\",\"url\":\"https:\\\/\\\/www.chocolatestheocr.com\\\/\",\"logo\":{\"@type\":\"ImageObject\",\"inLanguage\":\"en-US\",\"@id\":\"https:\\\/\\\/www.chocolatestheocr.com\\\/#\\\/schema\\\/logo\\\/image\\\/\",\"url\":\"https:\\\/\\\/www.chocolatestheocr.com\\\/wp-content\\\/uploads\\\/2021\\\/10\\\/Logo-Chocolates-Theo.jpg\",\"contentUrl\":\"https:\\\/\\\/www.chocolatestheocr.com\\\/wp-content\\\/uploads\\\/2021\\\/10\\\/Logo-Chocolates-Theo.jpg\",\"width\":600,\"height\":600,\"caption\":\"Chocolates Theo\"},\"image\":{\"@id\":\"https:\\\/\\\/www.chocolatestheocr.com\\\/#\\\/schema\\\/logo\\\/image\\\/\"},\"sameAs\":[\"https:\\\/\\\/www.facebook.com\\\/chocolatestheocr\",\"https:\\\/\\\/www.instagram.com\\\/chocolates_theo\\\/\",\"https:\\\/\\\/www.youtube.com\\\/channel\\\/UCcgAI69rswAd2FY1Ubvmcxw\"]}]}<\/script>\n<!-- \/ Yoast SEO plugin. -->","yoast_head_json":{"title":"Hot Choco Spoon \"S\u00faper Mam\u00e1\" \/ Prepara tu Chocolate caliente","description":"Hot Choco Spoon \"S\u00faper Mam\u00e1\"  Cuchara para derretir y hacer chocolate caliente con mini marshmallows y escudo de de \u201cS\u00faper Mam\u00e1\u201d","robots":{"index":"index","follow":"follow","max-snippet":"max-snippet:-1","max-image-preview":"max-image-preview:large","max-video-preview":"max-video-preview:-1"},"canonical":"https:\/\/www.chocolatestheocr.com\/en\/shop\/fechas-especiales\/dia-de-la-madre\/hot-choco-spoon-super-mama\/","og_locale":"en_US","og_type":"article","og_title":"Hot Choco Spoon \"S\u00faper Mam\u00e1\" \/ Prepara tu Chocolate caliente","og_description":"Hot Choco Spoon \"S\u00faper Mam\u00e1\"  Cuchara para derretir y hacer chocolate caliente con mini marshmallows y escudo de de \u201cS\u00faper Mam\u00e1\u201d","og_url":"https:\/\/www.chocolatestheocr.com\/en\/shop\/fechas-especiales\/dia-de-la-madre\/hot-choco-spoon-super-mama\/","og_site_name":"Chocolates Theo","article_publisher":"https:\/\/www.facebook.com\/chocolatestheocr","article_modified_time":"2025-11-28T21:52:42+00:00","og_image":[{"width":590,"height":865,"url":"https:\/\/www.chocolatestheocr.com\/wp-content\/uploads\/2020\/11\/Hot-choco-spoon-super-mama.jpg","type":"image\/jpeg"}],"twitter_card":"summary_large_image","schema":{"@context":"https:\/\/schema.org","@graph":[{"@type":"WebPage","@id":"https:\/\/www.chocolatestheocr.com\/shop\/fechas-especiales\/dia-de-la-madre\/hot-choco-spoon-super-mama\/","url":"https:\/\/www.chocolatestheocr.com\/shop\/fechas-especiales\/dia-de-la-madre\/hot-choco-spoon-super-mama\/","name":"Hot Choco Spoon \"S\u00faper Mam\u00e1\" \/ Prepara tu Chocolate caliente","isPartOf":{"@id":"https:\/\/www.chocolatestheocr.com\/#website"},"primaryImageOfPage":{"@id":"https:\/\/www.chocolatestheocr.com\/shop\/fechas-especiales\/dia-de-la-madre\/hot-choco-spoon-super-mama\/#primaryimage"},"image":{"@id":"https:\/\/www.chocolatestheocr.com\/shop\/fechas-especiales\/dia-de-la-madre\/hot-choco-spoon-super-mama\/#primaryimage"},"thumbnailUrl":"https:\/\/www.chocolatestheocr.com\/wp-content\/uploads\/2020\/11\/Hot-choco-spoon-super-mama.jpg","datePublished":"2020-11-10T00:56:01+00:00","dateModified":"2025-11-28T21:52:42+00:00","description":"Hot Choco Spoon \"S\u00faper Mam\u00e1\" Cuchara para derretir y hacer chocolate caliente con mini marshmallows y escudo de de \u201cS\u00faper Mam\u00e1\u201d","breadcrumb":{"@id":"https:\/\/www.chocolatestheocr.com\/shop\/fechas-especiales\/dia-de-la-madre\/hot-choco-spoon-super-mama\/#breadcrumb"},"inLanguage":"en-US","potentialAction":[{"@type":"ReadAction","target":["https:\/\/www.chocolatestheocr.com\/shop\/fechas-especiales\/dia-de-la-madre\/hot-choco-spoon-super-mama\/"]}]},{"@type":"ImageObject","inLanguage":"en-US","@id":"https:\/\/www.chocolatestheocr.com\/shop\/fechas-especiales\/dia-de-la-madre\/hot-choco-spoon-super-mama\/#primaryimage","url":"https:\/\/www.chocolatestheocr.com\/wp-content\/uploads\/2020\/11\/Hot-choco-spoon-super-mama.jpg","contentUrl":"https:\/\/www.chocolatestheocr.com\/wp-content\/uploads\/2020\/11\/Hot-choco-spoon-super-mama.jpg","width":590,"height":865,"caption":"Hot choco spoon super mama"},{"@type":"BreadcrumbList","@id":"https:\/\/www.chocolatestheocr.com\/shop\/fechas-especiales\/dia-de-la-madre\/hot-choco-spoon-super-mama\/#breadcrumb","itemListElement":[{"@type":"ListItem","position":1,"name":"Portada","item":"https:\/\/www.chocolatestheocr.com\/"},{"@type":"ListItem","position":2,"name":"Tienda","item":"https:\/\/www.chocolatestheocr.com\/shop\/"},{"@type":"ListItem","position":3,"name":"Hot Choco Spoon &#8220;S\u00faper Mam\u00e1&#8221;"}]},{"@type":"WebSite","@id":"https:\/\/www.chocolatestheocr.com\/#website","url":"https:\/\/www.chocolatestheocr.com\/","name":"Chocolates Theo","description":"","publisher":{"@id":"https:\/\/www.chocolatestheocr.com\/#organization"},"potentialAction":[{"@type":"SearchAction","target":{"@type":"EntryPoint","urlTemplate":"https:\/\/www.chocolatestheocr.com\/?s={search_term_string}"},"query-input":{"@type":"PropertyValueSpecification","valueRequired":true,"valueName":"search_term_string"}}],"inLanguage":"en-US"},{"@type":"Organization","@id":"https:\/\/www.chocolatestheocr.com\/#organization","name":"Chocolates Theo","url":"https:\/\/www.chocolatestheocr.com\/","logo":{"@type":"ImageObject","inLanguage":"en-US","@id":"https:\/\/www.chocolatestheocr.com\/#\/schema\/logo\/image\/","url":"https:\/\/www.chocolatestheocr.com\/wp-content\/uploads\/2021\/10\/Logo-Chocolates-Theo.jpg","contentUrl":"https:\/\/www.chocolatestheocr.com\/wp-content\/uploads\/2021\/10\/Logo-Chocolates-Theo.jpg","width":600,"height":600,"caption":"Chocolates Theo"},"image":{"@id":"https:\/\/www.chocolatestheocr.com\/#\/schema\/logo\/image\/"},"sameAs":["https:\/\/www.facebook.com\/chocolatestheocr","https:\/\/www.instagram.com\/chocolates_theo\/","https:\/\/www.youtube.com\/channel\/UCcgAI69rswAd2FY1Ubvmcxw"]}]}},"_links":{"self":[{"href":"https:\/\/www.chocolatestheocr.com\/en\/wp-json\/wp\/v2\/product\/5805","targetHints":{"allow":["GET"]}}],"collection":[{"href":"https:\/\/www.chocolatestheocr.com\/en\/wp-json\/wp\/v2\/product"}],"about":[{"href":"https:\/\/www.chocolatestheocr.com\/en\/wp-json\/wp\/v2\/types\/product"}],"version-history":[{"count":0,"href":"https:\/\/www.chocolatestheocr.com\/en\/wp-json\/wp\/v2\/product\/5805\/revisions"}],"wp:featuredmedia":[{"embeddable":true,"href":"https:\/\/www.chocolatestheocr.com\/en\/wp-json\/wp\/v2\/media\/13267"}],"wp:attachment":[{"href":"https:\/\/www.chocolatestheocr.com\/en\/wp-json\/wp\/v2\/media?parent=5805"}],"wp:term":[{"taxonomy":"product_brand","embeddable":true,"href":"https:\/\/www.chocolatestheocr.com\/en\/wp-json\/wp\/v2\/product_brand?post=5805"},{"taxonomy":"product_cat","embeddable":true,"href":"https:\/\/www.chocolatestheocr.com\/en\/wp-json\/wp\/v2\/product_cat?post=5805"},{"taxonomy":"product_tag","embeddable":true,"href":"https:\/\/www.chocolatestheocr.com\/en\/wp-json\/wp\/v2\/product_tag?post=5805"}],"curies":[{"name":"wp","href":"https:\/\/api.w.org\/{rel}","templated":true}]}}