{"id":5718,"date":"2020-11-08T18:49:21","date_gmt":"2020-11-09T00:49:21","guid":{"rendered":"http:\/\/localhost\/chocolatestheo\/?post_type=product&#038;p=5718"},"modified":"2026-02-05T17:34:13","modified_gmt":"2026-02-05T23:34:13","slug":"mini-barra-de-chocolate-personalizada","status":"publish","type":"product","link":"https:\/\/www.chocolatestheocr.com\/en\/shop\/chocolates\/chocolates-personalizados\/mini-barra-de-chocolate-personalizada\/","title":{"rendered":"Mini barra de chocolate personalizada"},"content":{"rendered":"<p>Mini barra de chocolate personalizada<\/p>\n<p>Mini barra de chocolate con envoltura personalizada seg\u00fan los requerimientos del cliente ; sus dimensiones son\u00a0 5,5 c.m.\u00a0 de largo x\u00a0 2,5 c.m. de ancho y su peso aproximado es de 15gr.<\/p>\n<p>En elaboraci\u00f3n de nuestros chocolates, utilizamos chocolate de la m\u00e1s alta calidad, caracterizado por porcentajes aut\u00e9nticos de cacao. Ofrecemos a nuestros clientes la posibilidad de elegir entre distintas variedades, cada una cuidadosamente elaborada para satisfacer gustos espec\u00edficos.<\/p>\n<p>Nuestra opci\u00f3n de chocolate con leche, con un 31% de cacao, se destaca por su inconfundible sabor cremoso y dulce, siendo la elecci\u00f3n preferida por la mayor\u00eda de nuestros clientes. Aquellos que buscan una experiencia m\u00e1s delicada pueden optar por nuestro chocolate blanco, que contiene un 31% de cacao, brindando una nota suavemente dulce y una textura \u00fanica.<\/p>\n<p>Para los paladares m\u00e1s exigentes y aventureros, tenemos nuestro chocolate amargo, con un robusto 70% de cacao. Esta elecci\u00f3n intensa y refinada cautivar\u00e1 a aquellos que aprecian la profundidad del sabor a cacao.<\/p>","protected":false},"excerpt":{"rendered":"<p>Mini barra de chocolate personalizada<\/p>\n<p>Mini barra de chocolate con envoltura personalizada seg\u00fan los requerimientos del cliente ; sus dimensiones son\u00a0 5,5 c.m.\u00a0 de largo x\u00a0 2,5 c.m. de ancho y su peso aproximado es de 12gr.<\/p>\n<p>En elaboraci\u00f3n de nuestros chocolates, utilizamos chocolate de la m\u00e1s alta calidad, caracterizado por porcentajes aut\u00e9nticos de cacao. Ofrecemos a nuestros clientes la posibilidad de elegir entre distintas variedades, cada una cuidadosamente elaborada para satisfacer gustos espec\u00edficos.<\/p>\n<p>Nuestra opci\u00f3n de chocolate con leche, con un 31% de cacao, se destaca por su inconfundible sabor cremoso y dulce, siendo la elecci\u00f3n preferida por la mayor\u00eda de nuestros clientes. Aquellos que buscan una experiencia m\u00e1s delicada pueden optar por nuestro chocolate blanco, que contiene un 31% de cacao, brindando una nota suavemente dulce y una textura \u00fanica.<\/p>\n<p>Para los paladares m\u00e1s exigentes y aventureros, tenemos nuestro chocolate amargo, con un robusto 70% de cacao. Esta elecci\u00f3n intensa y refinada cautivar\u00e1 a aquellos que aprecian la profundidad del sabor a cacao.<\/p>","protected":false},"featured_media":10794,"template":"","meta":[],"product_brand":[361],"product_cat":[111,41],"product_tag":[271,270,274],"class_list":{"0":"post-5718","1":"product","2":"type-product","3":"status-publish","4":"has-post-thumbnail","6":"product_brand-chocolates-theo","7":"product_cat-chocolates-personalizados","8":"product_cat-all","9":"product_tag-chocolates-con-logo","10":"product_tag-chocolates-empresariales","11":"product_tag-personalizados","13":"first","14":"instock","15":"shipping-taxable","16":"purchasable","17":"product-type-simple"},"yoast_head":"<!-- This site is optimized with the Yoast SEO plugin v27.3 - https:\/\/yoast.com\/product\/yoast-seo-wordpress\/ -->\n<title>Mini barra de chocolate personalizada<\/title>\n<meta name=\"description\" content=\"Mini barra de chocolate con envoltura personalizada seg\u00fan los requerimientos del cliente ; sus dimensiones son\u00a0 5,3 c.m.\u00a0 de largo\" \/>\n<meta name=\"robots\" content=\"index, follow, max-snippet:-1, max-image-preview:large, max-video-preview:-1\" \/>\n<link rel=\"canonical\" href=\"https:\/\/www.chocolatestheocr.com\/en\/shop\/chocolates\/chocolates-personalizados\/mini-barra-de-chocolate-personalizada\/\" \/>\n<meta property=\"og:locale\" content=\"en_US\" \/>\n<meta property=\"og:type\" content=\"article\" \/>\n<meta property=\"og:title\" content=\"Mini barra de chocolate personalizada\" \/>\n<meta property=\"og:description\" content=\"Mini barra de chocolate con envoltura personalizada seg\u00fan los requerimientos del cliente ; sus dimensiones son\u00a0 5,3 c.m.\u00a0 de largo\" \/>\n<meta property=\"og:url\" content=\"https:\/\/www.chocolatestheocr.com\/en\/shop\/chocolates\/chocolates-personalizados\/mini-barra-de-chocolate-personalizada\/\" \/>\n<meta property=\"og:site_name\" content=\"Chocolates Theo\" \/>\n<meta property=\"article:publisher\" content=\"https:\/\/www.facebook.com\/chocolatestheocr\" \/>\n<meta property=\"article:modified_time\" content=\"2026-02-05T23:34:13+00:00\" \/>\n<meta property=\"og:image\" content=\"https:\/\/www.chocolatestheocr.com\/wp-content\/uploads\/2020\/11\/Mini-barras.jpg\" \/>\n\t<meta property=\"og:image:width\" content=\"600\" \/>\n\t<meta property=\"og:image:height\" content=\"400\" \/>\n\t<meta property=\"og:image:type\" content=\"image\/jpeg\" \/>\n<meta name=\"twitter:card\" content=\"summary_large_image\" \/>\n<meta name=\"twitter:label1\" content=\"Est. reading time\" \/>\n\t<meta name=\"twitter:data1\" content=\"1 minute\" \/>\n<script type=\"application\/ld+json\" class=\"yoast-schema-graph\">{\"@context\":\"https:\\\/\\\/schema.org\",\"@graph\":[{\"@type\":\"WebPage\",\"@id\":\"https:\\\/\\\/www.chocolatestheocr.com\\\/shop\\\/chocolates\\\/chocolates-personalizados\\\/mini-barra-de-chocolate-personalizada\\\/\",\"url\":\"https:\\\/\\\/www.chocolatestheocr.com\\\/shop\\\/chocolates\\\/chocolates-personalizados\\\/mini-barra-de-chocolate-personalizada\\\/\",\"name\":\"Mini barra de chocolate personalizada\",\"isPartOf\":{\"@id\":\"https:\\\/\\\/www.chocolatestheocr.com\\\/#website\"},\"primaryImageOfPage\":{\"@id\":\"https:\\\/\\\/www.chocolatestheocr.com\\\/shop\\\/chocolates\\\/chocolates-personalizados\\\/mini-barra-de-chocolate-personalizada\\\/#primaryimage\"},\"image\":{\"@id\":\"https:\\\/\\\/www.chocolatestheocr.com\\\/shop\\\/chocolates\\\/chocolates-personalizados\\\/mini-barra-de-chocolate-personalizada\\\/#primaryimage\"},\"thumbnailUrl\":\"https:\\\/\\\/www.chocolatestheocr.com\\\/wp-content\\\/uploads\\\/2020\\\/11\\\/Mini-barras.jpg\",\"datePublished\":\"2020-11-09T00:49:21+00:00\",\"dateModified\":\"2026-02-05T23:34:13+00:00\",\"description\":\"Mini barra de chocolate con envoltura personalizada seg\u00fan los requerimientos del cliente ; sus dimensiones son\u00a0 5,3 c.m.\u00a0 de largo\",\"breadcrumb\":{\"@id\":\"https:\\\/\\\/www.chocolatestheocr.com\\\/shop\\\/chocolates\\\/chocolates-personalizados\\\/mini-barra-de-chocolate-personalizada\\\/#breadcrumb\"},\"inLanguage\":\"en-US\",\"potentialAction\":[{\"@type\":\"ReadAction\",\"target\":[\"https:\\\/\\\/www.chocolatestheocr.com\\\/shop\\\/chocolates\\\/chocolates-personalizados\\\/mini-barra-de-chocolate-personalizada\\\/\"]}]},{\"@type\":\"ImageObject\",\"inLanguage\":\"en-US\",\"@id\":\"https:\\\/\\\/www.chocolatestheocr.com\\\/shop\\\/chocolates\\\/chocolates-personalizados\\\/mini-barra-de-chocolate-personalizada\\\/#primaryimage\",\"url\":\"https:\\\/\\\/www.chocolatestheocr.com\\\/wp-content\\\/uploads\\\/2020\\\/11\\\/Mini-barras.jpg\",\"contentUrl\":\"https:\\\/\\\/www.chocolatestheocr.com\\\/wp-content\\\/uploads\\\/2020\\\/11\\\/Mini-barras.jpg\",\"width\":600,\"height\":400,\"caption\":\"Mini barras\"},{\"@type\":\"BreadcrumbList\",\"@id\":\"https:\\\/\\\/www.chocolatestheocr.com\\\/shop\\\/chocolates\\\/chocolates-personalizados\\\/mini-barra-de-chocolate-personalizada\\\/#breadcrumb\",\"itemListElement\":[{\"@type\":\"ListItem\",\"position\":1,\"name\":\"Portada\",\"item\":\"https:\\\/\\\/www.chocolatestheocr.com\\\/\"},{\"@type\":\"ListItem\",\"position\":2,\"name\":\"Tienda\",\"item\":\"https:\\\/\\\/www.chocolatestheocr.com\\\/shop\\\/\"},{\"@type\":\"ListItem\",\"position\":3,\"name\":\"Mini barra de chocolate personalizada\"}]},{\"@type\":\"WebSite\",\"@id\":\"https:\\\/\\\/www.chocolatestheocr.com\\\/#website\",\"url\":\"https:\\\/\\\/www.chocolatestheocr.com\\\/\",\"name\":\"Chocolates Theo\",\"description\":\"\",\"publisher\":{\"@id\":\"https:\\\/\\\/www.chocolatestheocr.com\\\/#organization\"},\"potentialAction\":[{\"@type\":\"SearchAction\",\"target\":{\"@type\":\"EntryPoint\",\"urlTemplate\":\"https:\\\/\\\/www.chocolatestheocr.com\\\/?s={search_term_string}\"},\"query-input\":{\"@type\":\"PropertyValueSpecification\",\"valueRequired\":true,\"valueName\":\"search_term_string\"}}],\"inLanguage\":\"en-US\"},{\"@type\":\"Organization\",\"@id\":\"https:\\\/\\\/www.chocolatestheocr.com\\\/#organization\",\"name\":\"Chocolates Theo\",\"url\":\"https:\\\/\\\/www.chocolatestheocr.com\\\/\",\"logo\":{\"@type\":\"ImageObject\",\"inLanguage\":\"en-US\",\"@id\":\"https:\\\/\\\/www.chocolatestheocr.com\\\/#\\\/schema\\\/logo\\\/image\\\/\",\"url\":\"https:\\\/\\\/www.chocolatestheocr.com\\\/wp-content\\\/uploads\\\/2021\\\/10\\\/Logo-Chocolates-Theo.jpg\",\"contentUrl\":\"https:\\\/\\\/www.chocolatestheocr.com\\\/wp-content\\\/uploads\\\/2021\\\/10\\\/Logo-Chocolates-Theo.jpg\",\"width\":600,\"height\":600,\"caption\":\"Chocolates Theo\"},\"image\":{\"@id\":\"https:\\\/\\\/www.chocolatestheocr.com\\\/#\\\/schema\\\/logo\\\/image\\\/\"},\"sameAs\":[\"https:\\\/\\\/www.facebook.com\\\/chocolatestheocr\",\"https:\\\/\\\/www.instagram.com\\\/chocolates_theo\\\/\",\"https:\\\/\\\/www.youtube.com\\\/channel\\\/UCcgAI69rswAd2FY1Ubvmcxw\"]}]}<\/script>\n<!-- \/ Yoast SEO plugin. -->","yoast_head_json":{"title":"Mini barra de chocolate personalizada","description":"Mini barra de chocolate con envoltura personalizada seg\u00fan los requerimientos del cliente ; sus dimensiones son\u00a0 5,3 c.m.\u00a0 de largo","robots":{"index":"index","follow":"follow","max-snippet":"max-snippet:-1","max-image-preview":"max-image-preview:large","max-video-preview":"max-video-preview:-1"},"canonical":"https:\/\/www.chocolatestheocr.com\/en\/shop\/chocolates\/chocolates-personalizados\/mini-barra-de-chocolate-personalizada\/","og_locale":"en_US","og_type":"article","og_title":"Mini barra de chocolate personalizada","og_description":"Mini barra de chocolate con envoltura personalizada seg\u00fan los requerimientos del cliente ; sus dimensiones son\u00a0 5,3 c.m.\u00a0 de largo","og_url":"https:\/\/www.chocolatestheocr.com\/en\/shop\/chocolates\/chocolates-personalizados\/mini-barra-de-chocolate-personalizada\/","og_site_name":"Chocolates Theo","article_publisher":"https:\/\/www.facebook.com\/chocolatestheocr","article_modified_time":"2026-02-05T23:34:13+00:00","og_image":[{"width":600,"height":400,"url":"https:\/\/www.chocolatestheocr.com\/wp-content\/uploads\/2020\/11\/Mini-barras.jpg","type":"image\/jpeg"}],"twitter_card":"summary_large_image","twitter_misc":{"Est. reading time":"1 minute"},"schema":{"@context":"https:\/\/schema.org","@graph":[{"@type":"WebPage","@id":"https:\/\/www.chocolatestheocr.com\/shop\/chocolates\/chocolates-personalizados\/mini-barra-de-chocolate-personalizada\/","url":"https:\/\/www.chocolatestheocr.com\/shop\/chocolates\/chocolates-personalizados\/mini-barra-de-chocolate-personalizada\/","name":"Mini barra de chocolate personalizada","isPartOf":{"@id":"https:\/\/www.chocolatestheocr.com\/#website"},"primaryImageOfPage":{"@id":"https:\/\/www.chocolatestheocr.com\/shop\/chocolates\/chocolates-personalizados\/mini-barra-de-chocolate-personalizada\/#primaryimage"},"image":{"@id":"https:\/\/www.chocolatestheocr.com\/shop\/chocolates\/chocolates-personalizados\/mini-barra-de-chocolate-personalizada\/#primaryimage"},"thumbnailUrl":"https:\/\/www.chocolatestheocr.com\/wp-content\/uploads\/2020\/11\/Mini-barras.jpg","datePublished":"2020-11-09T00:49:21+00:00","dateModified":"2026-02-05T23:34:13+00:00","description":"Mini barra de chocolate con envoltura personalizada seg\u00fan los requerimientos del cliente ; sus dimensiones son\u00a0 5,3 c.m.\u00a0 de largo","breadcrumb":{"@id":"https:\/\/www.chocolatestheocr.com\/shop\/chocolates\/chocolates-personalizados\/mini-barra-de-chocolate-personalizada\/#breadcrumb"},"inLanguage":"en-US","potentialAction":[{"@type":"ReadAction","target":["https:\/\/www.chocolatestheocr.com\/shop\/chocolates\/chocolates-personalizados\/mini-barra-de-chocolate-personalizada\/"]}]},{"@type":"ImageObject","inLanguage":"en-US","@id":"https:\/\/www.chocolatestheocr.com\/shop\/chocolates\/chocolates-personalizados\/mini-barra-de-chocolate-personalizada\/#primaryimage","url":"https:\/\/www.chocolatestheocr.com\/wp-content\/uploads\/2020\/11\/Mini-barras.jpg","contentUrl":"https:\/\/www.chocolatestheocr.com\/wp-content\/uploads\/2020\/11\/Mini-barras.jpg","width":600,"height":400,"caption":"Mini barras"},{"@type":"BreadcrumbList","@id":"https:\/\/www.chocolatestheocr.com\/shop\/chocolates\/chocolates-personalizados\/mini-barra-de-chocolate-personalizada\/#breadcrumb","itemListElement":[{"@type":"ListItem","position":1,"name":"Portada","item":"https:\/\/www.chocolatestheocr.com\/"},{"@type":"ListItem","position":2,"name":"Tienda","item":"https:\/\/www.chocolatestheocr.com\/shop\/"},{"@type":"ListItem","position":3,"name":"Mini barra de chocolate personalizada"}]},{"@type":"WebSite","@id":"https:\/\/www.chocolatestheocr.com\/#website","url":"https:\/\/www.chocolatestheocr.com\/","name":"Chocolates Theo","description":"","publisher":{"@id":"https:\/\/www.chocolatestheocr.com\/#organization"},"potentialAction":[{"@type":"SearchAction","target":{"@type":"EntryPoint","urlTemplate":"https:\/\/www.chocolatestheocr.com\/?s={search_term_string}"},"query-input":{"@type":"PropertyValueSpecification","valueRequired":true,"valueName":"search_term_string"}}],"inLanguage":"en-US"},{"@type":"Organization","@id":"https:\/\/www.chocolatestheocr.com\/#organization","name":"Chocolates Theo","url":"https:\/\/www.chocolatestheocr.com\/","logo":{"@type":"ImageObject","inLanguage":"en-US","@id":"https:\/\/www.chocolatestheocr.com\/#\/schema\/logo\/image\/","url":"https:\/\/www.chocolatestheocr.com\/wp-content\/uploads\/2021\/10\/Logo-Chocolates-Theo.jpg","contentUrl":"https:\/\/www.chocolatestheocr.com\/wp-content\/uploads\/2021\/10\/Logo-Chocolates-Theo.jpg","width":600,"height":600,"caption":"Chocolates Theo"},"image":{"@id":"https:\/\/www.chocolatestheocr.com\/#\/schema\/logo\/image\/"},"sameAs":["https:\/\/www.facebook.com\/chocolatestheocr","https:\/\/www.instagram.com\/chocolates_theo\/","https:\/\/www.youtube.com\/channel\/UCcgAI69rswAd2FY1Ubvmcxw"]}]}},"_links":{"self":[{"href":"https:\/\/www.chocolatestheocr.com\/en\/wp-json\/wp\/v2\/product\/5718","targetHints":{"allow":["GET"]}}],"collection":[{"href":"https:\/\/www.chocolatestheocr.com\/en\/wp-json\/wp\/v2\/product"}],"about":[{"href":"https:\/\/www.chocolatestheocr.com\/en\/wp-json\/wp\/v2\/types\/product"}],"version-history":[{"count":0,"href":"https:\/\/www.chocolatestheocr.com\/en\/wp-json\/wp\/v2\/product\/5718\/revisions"}],"wp:featuredmedia":[{"embeddable":true,"href":"https:\/\/www.chocolatestheocr.com\/en\/wp-json\/wp\/v2\/media\/10794"}],"wp:attachment":[{"href":"https:\/\/www.chocolatestheocr.com\/en\/wp-json\/wp\/v2\/media?parent=5718"}],"wp:term":[{"taxonomy":"product_brand","embeddable":true,"href":"https:\/\/www.chocolatestheocr.com\/en\/wp-json\/wp\/v2\/product_brand?post=5718"},{"taxonomy":"product_cat","embeddable":true,"href":"https:\/\/www.chocolatestheocr.com\/en\/wp-json\/wp\/v2\/product_cat?post=5718"},{"taxonomy":"product_tag","embeddable":true,"href":"https:\/\/www.chocolatestheocr.com\/en\/wp-json\/wp\/v2\/product_tag?post=5718"}],"curies":[{"name":"wp","href":"https:\/\/api.w.org\/{rel}","templated":true}]}}