{"id":5279,"date":"2020-11-04T16:33:31","date_gmt":"2020-11-04T22:33:31","guid":{"rendered":"http:\/\/localhost\/chocolatestheo\/?post_type=product&#038;p=5279"},"modified":"2023-09-11T16:59:10","modified_gmt":"2023-09-11T22:59:10","slug":"arreglo-de-frutas-con-chocolate","status":"publish","type":"product","link":"https:\/\/www.chocolatestheocr.com\/en\/shop\/all\/arreglo-de-frutas-con-chocolate\/","title":{"rendered":"Arreglo de frutas con chocolate (fresas, pi\u00f1a, manzana)"},"content":{"rendered":"<p>Arreglo de frutas con chocolate<\/p>\n<p>30 piezas de fruta, entre fresas pi\u00f1a y manzana, cubiertas y decoradas con chocolate, sprinkles de colores, coco o man\u00ed, en base cer\u00e1mica.<\/p>","protected":false},"excerpt":{"rendered":"<p>Arreglo de frutas con chocolate<\/p>\n<p>30 piezas de fruta, entre fresas pi\u00f1a y manzana, cubiertas y decoradas con chocolate, sprinkles de colores, coco o man\u00ed, en base cer\u00e1mica.<\/p>","protected":false},"featured_media":6678,"template":"","meta":[],"product_brand":[361],"product_cat":[374,41],"product_tag":[123,121,145,135,99,146,147],"class_list":{"0":"post-5279","1":"product","2":"type-product","3":"status-publish","4":"has-post-thumbnail","6":"product_brand-chocolates-theo","7":"product_cat-arreglos-frutales","8":"product_cat-all","9":"product_tag-aniversario","10":"product_tag-arreglo","11":"product_tag-ceramica","12":"product_tag-cumple","13":"product_tag-cumpleanos","14":"product_tag-flores","15":"product_tag-frutas","17":"first","18":"instock","19":"shipping-taxable","20":"purchasable","21":"product-type-simple"},"yoast_head":"<!-- This site is optimized with the Yoast SEO plugin v27.3 - https:\/\/yoast.com\/product\/yoast-seo-wordpress\/ -->\n<title>Arreglo de frutas con chocolate (fresas, pi\u00f1a, manzana)<\/title>\n<meta name=\"description\" content=\"Arreglo de frutas con chocolate  30 piezas de fruta, entre fresas pi\u00f1a y manzana, cubiertas y decoradas con chocolate, sprinkles de colores, coco o man\u00ed, en base cer\u00e1mica.\" \/>\n<meta name=\"robots\" content=\"index, follow, max-snippet:-1, max-image-preview:large, max-video-preview:-1\" \/>\n<link rel=\"canonical\" href=\"https:\/\/www.chocolatestheocr.com\/en\/shop\/all\/arreglo-de-frutas-con-chocolate\/\" \/>\n<meta property=\"og:locale\" content=\"en_US\" \/>\n<meta property=\"og:type\" content=\"article\" \/>\n<meta property=\"og:title\" content=\"Arreglo de frutas con chocolate (fresas, pi\u00f1a, manzana)\" \/>\n<meta property=\"og:description\" content=\"Arreglo de frutas con chocolate  30 piezas de fruta, entre fresas pi\u00f1a y manzana, cubiertas y decoradas con chocolate, sprinkles de colores, coco o man\u00ed, en base cer\u00e1mica.\" \/>\n<meta property=\"og:url\" content=\"https:\/\/www.chocolatestheocr.com\/en\/shop\/all\/arreglo-de-frutas-con-chocolate\/\" \/>\n<meta property=\"og:site_name\" content=\"Chocolates Theo\" \/>\n<meta property=\"article:publisher\" content=\"https:\/\/www.facebook.com\/chocolatestheocr\" \/>\n<meta property=\"article:modified_time\" content=\"2023-09-11T22:59:10+00:00\" \/>\n<meta property=\"og:image\" content=\"https:\/\/www.chocolatestheocr.com\/wp-content\/uploads\/2020\/11\/A012b-1024x1024.png\" \/>\n\t<meta property=\"og:image:width\" content=\"1024\" \/>\n\t<meta property=\"og:image:height\" content=\"1024\" \/>\n\t<meta property=\"og:image:type\" content=\"image\/png\" \/>\n<meta name=\"twitter:card\" content=\"summary_large_image\" \/>\n<script type=\"application\/ld+json\" class=\"yoast-schema-graph\">{\"@context\":\"https:\\\/\\\/schema.org\",\"@graph\":[{\"@type\":\"WebPage\",\"@id\":\"https:\\\/\\\/www.chocolatestheocr.com\\\/shop\\\/all\\\/arreglo-de-frutas-con-chocolate\\\/\",\"url\":\"https:\\\/\\\/www.chocolatestheocr.com\\\/shop\\\/all\\\/arreglo-de-frutas-con-chocolate\\\/\",\"name\":\"Arreglo de frutas con chocolate (fresas, pi\u00f1a, manzana)\",\"isPartOf\":{\"@id\":\"https:\\\/\\\/www.chocolatestheocr.com\\\/#website\"},\"primaryImageOfPage\":{\"@id\":\"https:\\\/\\\/www.chocolatestheocr.com\\\/shop\\\/all\\\/arreglo-de-frutas-con-chocolate\\\/#primaryimage\"},\"image\":{\"@id\":\"https:\\\/\\\/www.chocolatestheocr.com\\\/shop\\\/all\\\/arreglo-de-frutas-con-chocolate\\\/#primaryimage\"},\"thumbnailUrl\":\"https:\\\/\\\/www.chocolatestheocr.com\\\/wp-content\\\/uploads\\\/2020\\\/11\\\/A012b.png\",\"datePublished\":\"2020-11-04T22:33:31+00:00\",\"dateModified\":\"2023-09-11T22:59:10+00:00\",\"description\":\"Arreglo de frutas con chocolate 30 piezas de fruta, entre fresas pi\u00f1a y manzana, cubiertas y decoradas con chocolate, sprinkles de colores, coco o man\u00ed, en base cer\u00e1mica.\",\"breadcrumb\":{\"@id\":\"https:\\\/\\\/www.chocolatestheocr.com\\\/shop\\\/all\\\/arreglo-de-frutas-con-chocolate\\\/#breadcrumb\"},\"inLanguage\":\"en-US\",\"potentialAction\":[{\"@type\":\"ReadAction\",\"target\":[\"https:\\\/\\\/www.chocolatestheocr.com\\\/shop\\\/all\\\/arreglo-de-frutas-con-chocolate\\\/\"]}]},{\"@type\":\"ImageObject\",\"inLanguage\":\"en-US\",\"@id\":\"https:\\\/\\\/www.chocolatestheocr.com\\\/shop\\\/all\\\/arreglo-de-frutas-con-chocolate\\\/#primaryimage\",\"url\":\"https:\\\/\\\/www.chocolatestheocr.com\\\/wp-content\\\/uploads\\\/2020\\\/11\\\/A012b.png\",\"contentUrl\":\"https:\\\/\\\/www.chocolatestheocr.com\\\/wp-content\\\/uploads\\\/2020\\\/11\\\/A012b.png\",\"width\":2000,\"height\":2000},{\"@type\":\"BreadcrumbList\",\"@id\":\"https:\\\/\\\/www.chocolatestheocr.com\\\/shop\\\/all\\\/arreglo-de-frutas-con-chocolate\\\/#breadcrumb\",\"itemListElement\":[{\"@type\":\"ListItem\",\"position\":1,\"name\":\"Portada\",\"item\":\"https:\\\/\\\/www.chocolatestheocr.com\\\/\"},{\"@type\":\"ListItem\",\"position\":2,\"name\":\"Tienda\",\"item\":\"https:\\\/\\\/www.chocolatestheocr.com\\\/shop\\\/\"},{\"@type\":\"ListItem\",\"position\":3,\"name\":\"Arreglo de frutas con chocolate (fresas, pi\u00f1a, manzana)\"}]},{\"@type\":\"WebSite\",\"@id\":\"https:\\\/\\\/www.chocolatestheocr.com\\\/#website\",\"url\":\"https:\\\/\\\/www.chocolatestheocr.com\\\/\",\"name\":\"Chocolates Theo\",\"description\":\"\",\"publisher\":{\"@id\":\"https:\\\/\\\/www.chocolatestheocr.com\\\/#organization\"},\"potentialAction\":[{\"@type\":\"SearchAction\",\"target\":{\"@type\":\"EntryPoint\",\"urlTemplate\":\"https:\\\/\\\/www.chocolatestheocr.com\\\/?s={search_term_string}\"},\"query-input\":{\"@type\":\"PropertyValueSpecification\",\"valueRequired\":true,\"valueName\":\"search_term_string\"}}],\"inLanguage\":\"en-US\"},{\"@type\":\"Organization\",\"@id\":\"https:\\\/\\\/www.chocolatestheocr.com\\\/#organization\",\"name\":\"Chocolates Theo\",\"url\":\"https:\\\/\\\/www.chocolatestheocr.com\\\/\",\"logo\":{\"@type\":\"ImageObject\",\"inLanguage\":\"en-US\",\"@id\":\"https:\\\/\\\/www.chocolatestheocr.com\\\/#\\\/schema\\\/logo\\\/image\\\/\",\"url\":\"https:\\\/\\\/www.chocolatestheocr.com\\\/wp-content\\\/uploads\\\/2021\\\/10\\\/Logo-Chocolates-Theo.jpg\",\"contentUrl\":\"https:\\\/\\\/www.chocolatestheocr.com\\\/wp-content\\\/uploads\\\/2021\\\/10\\\/Logo-Chocolates-Theo.jpg\",\"width\":600,\"height\":600,\"caption\":\"Chocolates Theo\"},\"image\":{\"@id\":\"https:\\\/\\\/www.chocolatestheocr.com\\\/#\\\/schema\\\/logo\\\/image\\\/\"},\"sameAs\":[\"https:\\\/\\\/www.facebook.com\\\/chocolatestheocr\",\"https:\\\/\\\/www.instagram.com\\\/chocolates_theo\\\/\",\"https:\\\/\\\/www.youtube.com\\\/channel\\\/UCcgAI69rswAd2FY1Ubvmcxw\"]}]}<\/script>\n<!-- \/ Yoast SEO plugin. -->","yoast_head_json":{"title":"Arreglo de frutas con chocolate (fresas, pi\u00f1a, manzana)","description":"Arreglo de frutas con chocolate  30 piezas de fruta, entre fresas pi\u00f1a y manzana, cubiertas y decoradas con chocolate, sprinkles de colores, coco o man\u00ed, en base cer\u00e1mica.","robots":{"index":"index","follow":"follow","max-snippet":"max-snippet:-1","max-image-preview":"max-image-preview:large","max-video-preview":"max-video-preview:-1"},"canonical":"https:\/\/www.chocolatestheocr.com\/en\/shop\/all\/arreglo-de-frutas-con-chocolate\/","og_locale":"en_US","og_type":"article","og_title":"Arreglo de frutas con chocolate (fresas, pi\u00f1a, manzana)","og_description":"Arreglo de frutas con chocolate  30 piezas de fruta, entre fresas pi\u00f1a y manzana, cubiertas y decoradas con chocolate, sprinkles de colores, coco o man\u00ed, en base cer\u00e1mica.","og_url":"https:\/\/www.chocolatestheocr.com\/en\/shop\/all\/arreglo-de-frutas-con-chocolate\/","og_site_name":"Chocolates Theo","article_publisher":"https:\/\/www.facebook.com\/chocolatestheocr","article_modified_time":"2023-09-11T22:59:10+00:00","og_image":[{"width":1024,"height":1024,"url":"https:\/\/www.chocolatestheocr.com\/wp-content\/uploads\/2020\/11\/A012b-1024x1024.png","type":"image\/png"}],"twitter_card":"summary_large_image","schema":{"@context":"https:\/\/schema.org","@graph":[{"@type":"WebPage","@id":"https:\/\/www.chocolatestheocr.com\/shop\/all\/arreglo-de-frutas-con-chocolate\/","url":"https:\/\/www.chocolatestheocr.com\/shop\/all\/arreglo-de-frutas-con-chocolate\/","name":"Arreglo de frutas con chocolate (fresas, pi\u00f1a, manzana)","isPartOf":{"@id":"https:\/\/www.chocolatestheocr.com\/#website"},"primaryImageOfPage":{"@id":"https:\/\/www.chocolatestheocr.com\/shop\/all\/arreglo-de-frutas-con-chocolate\/#primaryimage"},"image":{"@id":"https:\/\/www.chocolatestheocr.com\/shop\/all\/arreglo-de-frutas-con-chocolate\/#primaryimage"},"thumbnailUrl":"https:\/\/www.chocolatestheocr.com\/wp-content\/uploads\/2020\/11\/A012b.png","datePublished":"2020-11-04T22:33:31+00:00","dateModified":"2023-09-11T22:59:10+00:00","description":"Arreglo de frutas con chocolate 30 piezas de fruta, entre fresas pi\u00f1a y manzana, cubiertas y decoradas con chocolate, sprinkles de colores, coco o man\u00ed, en base cer\u00e1mica.","breadcrumb":{"@id":"https:\/\/www.chocolatestheocr.com\/shop\/all\/arreglo-de-frutas-con-chocolate\/#breadcrumb"},"inLanguage":"en-US","potentialAction":[{"@type":"ReadAction","target":["https:\/\/www.chocolatestheocr.com\/shop\/all\/arreglo-de-frutas-con-chocolate\/"]}]},{"@type":"ImageObject","inLanguage":"en-US","@id":"https:\/\/www.chocolatestheocr.com\/shop\/all\/arreglo-de-frutas-con-chocolate\/#primaryimage","url":"https:\/\/www.chocolatestheocr.com\/wp-content\/uploads\/2020\/11\/A012b.png","contentUrl":"https:\/\/www.chocolatestheocr.com\/wp-content\/uploads\/2020\/11\/A012b.png","width":2000,"height":2000},{"@type":"BreadcrumbList","@id":"https:\/\/www.chocolatestheocr.com\/shop\/all\/arreglo-de-frutas-con-chocolate\/#breadcrumb","itemListElement":[{"@type":"ListItem","position":1,"name":"Portada","item":"https:\/\/www.chocolatestheocr.com\/"},{"@type":"ListItem","position":2,"name":"Tienda","item":"https:\/\/www.chocolatestheocr.com\/shop\/"},{"@type":"ListItem","position":3,"name":"Arreglo de frutas con chocolate (fresas, pi\u00f1a, manzana)"}]},{"@type":"WebSite","@id":"https:\/\/www.chocolatestheocr.com\/#website","url":"https:\/\/www.chocolatestheocr.com\/","name":"Chocolates Theo","description":"","publisher":{"@id":"https:\/\/www.chocolatestheocr.com\/#organization"},"potentialAction":[{"@type":"SearchAction","target":{"@type":"EntryPoint","urlTemplate":"https:\/\/www.chocolatestheocr.com\/?s={search_term_string}"},"query-input":{"@type":"PropertyValueSpecification","valueRequired":true,"valueName":"search_term_string"}}],"inLanguage":"en-US"},{"@type":"Organization","@id":"https:\/\/www.chocolatestheocr.com\/#organization","name":"Chocolates Theo","url":"https:\/\/www.chocolatestheocr.com\/","logo":{"@type":"ImageObject","inLanguage":"en-US","@id":"https:\/\/www.chocolatestheocr.com\/#\/schema\/logo\/image\/","url":"https:\/\/www.chocolatestheocr.com\/wp-content\/uploads\/2021\/10\/Logo-Chocolates-Theo.jpg","contentUrl":"https:\/\/www.chocolatestheocr.com\/wp-content\/uploads\/2021\/10\/Logo-Chocolates-Theo.jpg","width":600,"height":600,"caption":"Chocolates Theo"},"image":{"@id":"https:\/\/www.chocolatestheocr.com\/#\/schema\/logo\/image\/"},"sameAs":["https:\/\/www.facebook.com\/chocolatestheocr","https:\/\/www.instagram.com\/chocolates_theo\/","https:\/\/www.youtube.com\/channel\/UCcgAI69rswAd2FY1Ubvmcxw"]}]}},"_links":{"self":[{"href":"https:\/\/www.chocolatestheocr.com\/en\/wp-json\/wp\/v2\/product\/5279","targetHints":{"allow":["GET"]}}],"collection":[{"href":"https:\/\/www.chocolatestheocr.com\/en\/wp-json\/wp\/v2\/product"}],"about":[{"href":"https:\/\/www.chocolatestheocr.com\/en\/wp-json\/wp\/v2\/types\/product"}],"version-history":[{"count":0,"href":"https:\/\/www.chocolatestheocr.com\/en\/wp-json\/wp\/v2\/product\/5279\/revisions"}],"wp:featuredmedia":[{"embeddable":true,"href":"https:\/\/www.chocolatestheocr.com\/en\/wp-json\/wp\/v2\/media\/6678"}],"wp:attachment":[{"href":"https:\/\/www.chocolatestheocr.com\/en\/wp-json\/wp\/v2\/media?parent=5279"}],"wp:term":[{"taxonomy":"product_brand","embeddable":true,"href":"https:\/\/www.chocolatestheocr.com\/en\/wp-json\/wp\/v2\/product_brand?post=5279"},{"taxonomy":"product_cat","embeddable":true,"href":"https:\/\/www.chocolatestheocr.com\/en\/wp-json\/wp\/v2\/product_cat?post=5279"},{"taxonomy":"product_tag","embeddable":true,"href":"https:\/\/www.chocolatestheocr.com\/en\/wp-json\/wp\/v2\/product_tag?post=5279"}],"curies":[{"name":"wp","href":"https:\/\/api.w.org\/{rel}","templated":true}]}}