{"id":18985,"date":"2026-01-28T16:01:45","date_gmt":"2026-01-28T22:01:45","guid":{"rendered":"https:\/\/www.chocolatestheocr.com\/?post_type=product&#038;p=18985"},"modified":"2026-02-02T13:56:12","modified_gmt":"2026-02-02T19:56:12","slug":"caja-brindis-de-amor","status":"publish","type":"product","link":"https:\/\/www.chocolatestheocr.com\/en\/shop\/fechas-especiales\/san-valentin\/caja-brindis-de-amor\/","title":{"rendered":"Caja &#8220;Brindis de amor&#8221;"},"content":{"rendered":"<p>Caja &#8220;Brindis de amor&#8221;<\/p>\n<p>Celebra el amor de la manera mas dulce y especial con nuestra caja, esta contiene tres fresas cubiertas de chocolate con apliques de chocolate de coraz\u00f3n, mini vino de 187ml. El empaque especial para la ocasi\u00f3n, personalizado de feliz d\u00eda con vinil y un lazo de tela.<\/p>","protected":false},"excerpt":{"rendered":"<p>Caja &#8220;Brindis de amor&#8221;<\/p>\n<p>Celebra el amor de la manera mas dulce y especial con nuestra caja, esta contiene tres fresas cubiertas de chocolate con apliques de chocolate de coraz\u00f3n, mini vino de 187ml. El empaque especial para la ocasi\u00f3n, personalizado de feliz d\u00eda con vinil y un lazo de tela.<\/p>","protected":false},"featured_media":19009,"template":"","meta":[],"product_brand":[361],"product_cat":[72,448,41],"product_tag":[156,133,102],"class_list":{"0":"post-18985","1":"product","2":"type-product","3":"status-publish","4":"has-post-thumbnail","6":"product_brand-chocolates-theo","7":"product_cat-cajas","8":"product_cat-san-valentin","9":"product_cat-all","10":"product_tag-fresas-con-chocolate","11":"product_tag-san-valentin","12":"product_tag-vino","14":"first","15":"instock","16":"shipping-taxable","17":"purchasable","18":"product-type-simple"},"yoast_head":"<!-- This site is optimized with the Yoast SEO plugin v27.3 - https:\/\/yoast.com\/product\/yoast-seo-wordpress\/ -->\n<title>Caja &quot;Brindis de amor&quot;\/ San Valent\u00edn\/ Regalos de amor<\/title>\n<meta name=\"description\" content=\"Caja &quot;Brindis de amor&quot;  Celebra el amor de la manera mas dulce y especial con nuestra caja, esta contiene tres fresas cubiertas de chocolate con apliques de chocolate de coraz\u00f3n, mini vino de 187ml. El empaque especial para la ocasi\u00f3n, personalizado de feliz d\u00eda con vinil y un lazo de tela.\" \/>\n<meta name=\"robots\" content=\"index, follow, max-snippet:-1, max-image-preview:large, max-video-preview:-1\" \/>\n<link rel=\"canonical\" href=\"https:\/\/www.chocolatestheocr.com\/en\/shop\/fechas-especiales\/san-valentin\/caja-brindis-de-amor\/\" \/>\n<meta property=\"og:locale\" content=\"en_US\" \/>\n<meta property=\"og:type\" content=\"article\" \/>\n<meta property=\"og:title\" content=\"Caja &quot;Brindis de amor&quot;\/ San Valent\u00edn\/ Regalos de amor\" \/>\n<meta property=\"og:description\" content=\"Caja &quot;Brindis de amor&quot;  Celebra el amor de la manera mas dulce y especial con nuestra caja, esta contiene tres fresas cubiertas de chocolate con apliques de chocolate de coraz\u00f3n, mini vino de 187ml. El empaque especial para la ocasi\u00f3n, personalizado de feliz d\u00eda con vinil y un lazo de tela.\" \/>\n<meta property=\"og:url\" content=\"https:\/\/www.chocolatestheocr.com\/en\/shop\/fechas-especiales\/san-valentin\/caja-brindis-de-amor\/\" \/>\n<meta property=\"og:site_name\" content=\"Chocolates Theo\" \/>\n<meta property=\"article:publisher\" content=\"https:\/\/www.facebook.com\/chocolatestheocr\" \/>\n<meta property=\"article:modified_time\" content=\"2026-02-02T19:56:12+00:00\" \/>\n<meta property=\"og:image\" content=\"https:\/\/www.chocolatestheocr.com\/wp-content\/uploads\/2026\/01\/Brindis-de-amor-2.jpg\" \/>\n\t<meta property=\"og:image:width\" content=\"900\" \/>\n\t<meta property=\"og:image:height\" content=\"1200\" \/>\n\t<meta property=\"og:image:type\" content=\"image\/jpeg\" \/>\n<meta name=\"twitter:card\" content=\"summary_large_image\" \/>\n<script type=\"application\/ld+json\" class=\"yoast-schema-graph\">{\"@context\":\"https:\\\/\\\/schema.org\",\"@graph\":[{\"@type\":\"WebPage\",\"@id\":\"https:\\\/\\\/www.chocolatestheocr.com\\\/shop\\\/fechas-especiales\\\/san-valentin\\\/caja-brindis-de-amor\\\/\",\"url\":\"https:\\\/\\\/www.chocolatestheocr.com\\\/shop\\\/fechas-especiales\\\/san-valentin\\\/caja-brindis-de-amor\\\/\",\"name\":\"Caja \\\"Brindis de amor\\\"\\\/ San Valent\u00edn\\\/ Regalos de amor\",\"isPartOf\":{\"@id\":\"https:\\\/\\\/www.chocolatestheocr.com\\\/#website\"},\"primaryImageOfPage\":{\"@id\":\"https:\\\/\\\/www.chocolatestheocr.com\\\/shop\\\/fechas-especiales\\\/san-valentin\\\/caja-brindis-de-amor\\\/#primaryimage\"},\"image\":{\"@id\":\"https:\\\/\\\/www.chocolatestheocr.com\\\/shop\\\/fechas-especiales\\\/san-valentin\\\/caja-brindis-de-amor\\\/#primaryimage\"},\"thumbnailUrl\":\"https:\\\/\\\/www.chocolatestheocr.com\\\/wp-content\\\/uploads\\\/2026\\\/01\\\/Brindis-de-amor-2.jpg\",\"datePublished\":\"2026-01-28T22:01:45+00:00\",\"dateModified\":\"2026-02-02T19:56:12+00:00\",\"description\":\"Caja \\\"Brindis de amor\\\" Celebra el amor de la manera mas dulce y especial con nuestra caja, esta contiene tres fresas cubiertas de chocolate con apliques de chocolate de coraz\u00f3n, mini vino de 187ml. El empaque especial para la ocasi\u00f3n, personalizado de feliz d\u00eda con vinil y un lazo de tela.\",\"breadcrumb\":{\"@id\":\"https:\\\/\\\/www.chocolatestheocr.com\\\/shop\\\/fechas-especiales\\\/san-valentin\\\/caja-brindis-de-amor\\\/#breadcrumb\"},\"inLanguage\":\"en-US\",\"potentialAction\":[{\"@type\":\"ReadAction\",\"target\":[\"https:\\\/\\\/www.chocolatestheocr.com\\\/shop\\\/fechas-especiales\\\/san-valentin\\\/caja-brindis-de-amor\\\/\"]}]},{\"@type\":\"ImageObject\",\"inLanguage\":\"en-US\",\"@id\":\"https:\\\/\\\/www.chocolatestheocr.com\\\/shop\\\/fechas-especiales\\\/san-valentin\\\/caja-brindis-de-amor\\\/#primaryimage\",\"url\":\"https:\\\/\\\/www.chocolatestheocr.com\\\/wp-content\\\/uploads\\\/2026\\\/01\\\/Brindis-de-amor-2.jpg\",\"contentUrl\":\"https:\\\/\\\/www.chocolatestheocr.com\\\/wp-content\\\/uploads\\\/2026\\\/01\\\/Brindis-de-amor-2.jpg\",\"width\":900,\"height\":1200,\"caption\":\"Brindis de amor 2\"},{\"@type\":\"BreadcrumbList\",\"@id\":\"https:\\\/\\\/www.chocolatestheocr.com\\\/shop\\\/fechas-especiales\\\/san-valentin\\\/caja-brindis-de-amor\\\/#breadcrumb\",\"itemListElement\":[{\"@type\":\"ListItem\",\"position\":1,\"name\":\"Portada\",\"item\":\"https:\\\/\\\/www.chocolatestheocr.com\\\/\"},{\"@type\":\"ListItem\",\"position\":2,\"name\":\"Tienda\",\"item\":\"https:\\\/\\\/www.chocolatestheocr.com\\\/shop\\\/\"},{\"@type\":\"ListItem\",\"position\":3,\"name\":\"Caja &#8220;Brindis de amor&#8221;\"}]},{\"@type\":\"WebSite\",\"@id\":\"https:\\\/\\\/www.chocolatestheocr.com\\\/#website\",\"url\":\"https:\\\/\\\/www.chocolatestheocr.com\\\/\",\"name\":\"Chocolates Theo\",\"description\":\"\",\"publisher\":{\"@id\":\"https:\\\/\\\/www.chocolatestheocr.com\\\/#organization\"},\"potentialAction\":[{\"@type\":\"SearchAction\",\"target\":{\"@type\":\"EntryPoint\",\"urlTemplate\":\"https:\\\/\\\/www.chocolatestheocr.com\\\/?s={search_term_string}\"},\"query-input\":{\"@type\":\"PropertyValueSpecification\",\"valueRequired\":true,\"valueName\":\"search_term_string\"}}],\"inLanguage\":\"en-US\"},{\"@type\":\"Organization\",\"@id\":\"https:\\\/\\\/www.chocolatestheocr.com\\\/#organization\",\"name\":\"Chocolates Theo\",\"url\":\"https:\\\/\\\/www.chocolatestheocr.com\\\/\",\"logo\":{\"@type\":\"ImageObject\",\"inLanguage\":\"en-US\",\"@id\":\"https:\\\/\\\/www.chocolatestheocr.com\\\/#\\\/schema\\\/logo\\\/image\\\/\",\"url\":\"https:\\\/\\\/www.chocolatestheocr.com\\\/wp-content\\\/uploads\\\/2021\\\/10\\\/Logo-Chocolates-Theo.jpg\",\"contentUrl\":\"https:\\\/\\\/www.chocolatestheocr.com\\\/wp-content\\\/uploads\\\/2021\\\/10\\\/Logo-Chocolates-Theo.jpg\",\"width\":600,\"height\":600,\"caption\":\"Chocolates Theo\"},\"image\":{\"@id\":\"https:\\\/\\\/www.chocolatestheocr.com\\\/#\\\/schema\\\/logo\\\/image\\\/\"},\"sameAs\":[\"https:\\\/\\\/www.facebook.com\\\/chocolatestheocr\",\"https:\\\/\\\/www.instagram.com\\\/chocolates_theo\\\/\",\"https:\\\/\\\/www.youtube.com\\\/channel\\\/UCcgAI69rswAd2FY1Ubvmcxw\"]}]}<\/script>\n<!-- \/ Yoast SEO plugin. -->","yoast_head_json":{"title":"Caja \"Brindis de amor\"\/ San Valent\u00edn\/ Regalos de amor","description":"Caja \"Brindis de amor\"  Celebra el amor de la manera mas dulce y especial con nuestra caja, esta contiene tres fresas cubiertas de chocolate con apliques de chocolate de coraz\u00f3n, mini vino de 187ml. El empaque especial para la ocasi\u00f3n, personalizado de feliz d\u00eda con vinil y un lazo de tela.","robots":{"index":"index","follow":"follow","max-snippet":"max-snippet:-1","max-image-preview":"max-image-preview:large","max-video-preview":"max-video-preview:-1"},"canonical":"https:\/\/www.chocolatestheocr.com\/en\/shop\/fechas-especiales\/san-valentin\/caja-brindis-de-amor\/","og_locale":"en_US","og_type":"article","og_title":"Caja \"Brindis de amor\"\/ San Valent\u00edn\/ Regalos de amor","og_description":"Caja \"Brindis de amor\"  Celebra el amor de la manera mas dulce y especial con nuestra caja, esta contiene tres fresas cubiertas de chocolate con apliques de chocolate de coraz\u00f3n, mini vino de 187ml. El empaque especial para la ocasi\u00f3n, personalizado de feliz d\u00eda con vinil y un lazo de tela.","og_url":"https:\/\/www.chocolatestheocr.com\/en\/shop\/fechas-especiales\/san-valentin\/caja-brindis-de-amor\/","og_site_name":"Chocolates Theo","article_publisher":"https:\/\/www.facebook.com\/chocolatestheocr","article_modified_time":"2026-02-02T19:56:12+00:00","og_image":[{"width":900,"height":1200,"url":"https:\/\/www.chocolatestheocr.com\/wp-content\/uploads\/2026\/01\/Brindis-de-amor-2.jpg","type":"image\/jpeg"}],"twitter_card":"summary_large_image","schema":{"@context":"https:\/\/schema.org","@graph":[{"@type":"WebPage","@id":"https:\/\/www.chocolatestheocr.com\/shop\/fechas-especiales\/san-valentin\/caja-brindis-de-amor\/","url":"https:\/\/www.chocolatestheocr.com\/shop\/fechas-especiales\/san-valentin\/caja-brindis-de-amor\/","name":"Caja \"Brindis de amor\"\/ San Valent\u00edn\/ Regalos de amor","isPartOf":{"@id":"https:\/\/www.chocolatestheocr.com\/#website"},"primaryImageOfPage":{"@id":"https:\/\/www.chocolatestheocr.com\/shop\/fechas-especiales\/san-valentin\/caja-brindis-de-amor\/#primaryimage"},"image":{"@id":"https:\/\/www.chocolatestheocr.com\/shop\/fechas-especiales\/san-valentin\/caja-brindis-de-amor\/#primaryimage"},"thumbnailUrl":"https:\/\/www.chocolatestheocr.com\/wp-content\/uploads\/2026\/01\/Brindis-de-amor-2.jpg","datePublished":"2026-01-28T22:01:45+00:00","dateModified":"2026-02-02T19:56:12+00:00","description":"Caja \"Brindis de amor\" Celebra el amor de la manera mas dulce y especial con nuestra caja, esta contiene tres fresas cubiertas de chocolate con apliques de chocolate de coraz\u00f3n, mini vino de 187ml. El empaque especial para la ocasi\u00f3n, personalizado de feliz d\u00eda con vinil y un lazo de tela.","breadcrumb":{"@id":"https:\/\/www.chocolatestheocr.com\/shop\/fechas-especiales\/san-valentin\/caja-brindis-de-amor\/#breadcrumb"},"inLanguage":"en-US","potentialAction":[{"@type":"ReadAction","target":["https:\/\/www.chocolatestheocr.com\/shop\/fechas-especiales\/san-valentin\/caja-brindis-de-amor\/"]}]},{"@type":"ImageObject","inLanguage":"en-US","@id":"https:\/\/www.chocolatestheocr.com\/shop\/fechas-especiales\/san-valentin\/caja-brindis-de-amor\/#primaryimage","url":"https:\/\/www.chocolatestheocr.com\/wp-content\/uploads\/2026\/01\/Brindis-de-amor-2.jpg","contentUrl":"https:\/\/www.chocolatestheocr.com\/wp-content\/uploads\/2026\/01\/Brindis-de-amor-2.jpg","width":900,"height":1200,"caption":"Brindis de amor 2"},{"@type":"BreadcrumbList","@id":"https:\/\/www.chocolatestheocr.com\/shop\/fechas-especiales\/san-valentin\/caja-brindis-de-amor\/#breadcrumb","itemListElement":[{"@type":"ListItem","position":1,"name":"Portada","item":"https:\/\/www.chocolatestheocr.com\/"},{"@type":"ListItem","position":2,"name":"Tienda","item":"https:\/\/www.chocolatestheocr.com\/shop\/"},{"@type":"ListItem","position":3,"name":"Caja &#8220;Brindis de amor&#8221;"}]},{"@type":"WebSite","@id":"https:\/\/www.chocolatestheocr.com\/#website","url":"https:\/\/www.chocolatestheocr.com\/","name":"Chocolates Theo","description":"","publisher":{"@id":"https:\/\/www.chocolatestheocr.com\/#organization"},"potentialAction":[{"@type":"SearchAction","target":{"@type":"EntryPoint","urlTemplate":"https:\/\/www.chocolatestheocr.com\/?s={search_term_string}"},"query-input":{"@type":"PropertyValueSpecification","valueRequired":true,"valueName":"search_term_string"}}],"inLanguage":"en-US"},{"@type":"Organization","@id":"https:\/\/www.chocolatestheocr.com\/#organization","name":"Chocolates Theo","url":"https:\/\/www.chocolatestheocr.com\/","logo":{"@type":"ImageObject","inLanguage":"en-US","@id":"https:\/\/www.chocolatestheocr.com\/#\/schema\/logo\/image\/","url":"https:\/\/www.chocolatestheocr.com\/wp-content\/uploads\/2021\/10\/Logo-Chocolates-Theo.jpg","contentUrl":"https:\/\/www.chocolatestheocr.com\/wp-content\/uploads\/2021\/10\/Logo-Chocolates-Theo.jpg","width":600,"height":600,"caption":"Chocolates Theo"},"image":{"@id":"https:\/\/www.chocolatestheocr.com\/#\/schema\/logo\/image\/"},"sameAs":["https:\/\/www.facebook.com\/chocolatestheocr","https:\/\/www.instagram.com\/chocolates_theo\/","https:\/\/www.youtube.com\/channel\/UCcgAI69rswAd2FY1Ubvmcxw"]}]}},"_links":{"self":[{"href":"https:\/\/www.chocolatestheocr.com\/en\/wp-json\/wp\/v2\/product\/18985","targetHints":{"allow":["GET"]}}],"collection":[{"href":"https:\/\/www.chocolatestheocr.com\/en\/wp-json\/wp\/v2\/product"}],"about":[{"href":"https:\/\/www.chocolatestheocr.com\/en\/wp-json\/wp\/v2\/types\/product"}],"version-history":[{"count":0,"href":"https:\/\/www.chocolatestheocr.com\/en\/wp-json\/wp\/v2\/product\/18985\/revisions"}],"wp:featuredmedia":[{"embeddable":true,"href":"https:\/\/www.chocolatestheocr.com\/en\/wp-json\/wp\/v2\/media\/19009"}],"wp:attachment":[{"href":"https:\/\/www.chocolatestheocr.com\/en\/wp-json\/wp\/v2\/media?parent=18985"}],"wp:term":[{"taxonomy":"product_brand","embeddable":true,"href":"https:\/\/www.chocolatestheocr.com\/en\/wp-json\/wp\/v2\/product_brand?post=18985"},{"taxonomy":"product_cat","embeddable":true,"href":"https:\/\/www.chocolatestheocr.com\/en\/wp-json\/wp\/v2\/product_cat?post=18985"},{"taxonomy":"product_tag","embeddable":true,"href":"https:\/\/www.chocolatestheocr.com\/en\/wp-json\/wp\/v2\/product_tag?post=18985"}],"curies":[{"name":"wp","href":"https:\/\/api.w.org\/{rel}","templated":true}]}}