{"id":18877,"date":"2026-01-21T15:18:37","date_gmt":"2026-01-21T21:18:37","guid":{"rendered":"https:\/\/www.chocolatestheocr.com\/?post_type=product&#038;p=18877"},"modified":"2026-01-21T15:18:37","modified_gmt":"2026-01-21T21:18:37","slug":"desayuno-cupido","status":"publish","type":"product","link":"https:\/\/www.chocolatestheocr.com\/en\/shop\/fechas-especiales\/san-valentin\/desayuno-cupido\/","title":{"rendered":"Desayuno &#8220;Cupido&#8221;"},"content":{"rendered":"<p>Desayuno &#8220;Cupido&#8221;<\/p>\n<p>Regala a tu persona especial una ma\u00f1ana rom\u00e1ntica y deliciosa con este detalle elegante y lleno de amor, este desayuno contiene un s\u00e1ndwich de croissant de jam\u00f3n y queso, uvas verdes, botellita de vidrio con jugo de naranja y tres fresas cubiertas de chocolate con tres apliques de coraz\u00f3n de chocolate.<\/p>\n<p>Este desayuno viene empacado en una caja negra de cart\u00f3n r\u00edgido, tapa de acetato transparente, colillas de san valent\u00edn, lazo de tela y topper rojo de te amo.<\/p>","protected":false},"excerpt":{"rendered":"<p>Desayuno &#8220;Cupido&#8221;<\/p>\n<p>Regala a tu persona especial una ma\u00f1ana rom\u00e1ntica y deliciosa con este detalle elegante y lleno de amor, este desayuno contiene un s\u00e1ndwich de croissant de jam\u00f3n y queso, uvas verdes, botellita de vidrio con jugo de naranja y tres fresas cubiertas de chocolate con tres apliques de coraz\u00f3n de chocolate.<\/p>\n<p>Este desayuno viene empacado en una caja negra de cart\u00f3n r\u00edgido, tapa de acetato transparente, colillas de san valent\u00edn, lazo de tela y topper rojo de te amo.<\/p>","protected":false},"featured_media":18879,"template":"","meta":[],"product_brand":[361],"product_cat":[565,448,41],"product_tag":[566,127,612,133,607],"class_list":{"0":"post-18877","1":"product","2":"type-product","3":"status-publish","4":"has-post-thumbnail","6":"product_brand-chocolates-theo","7":"product_cat-desayunos","8":"product_cat-san-valentin","9":"product_cat-all","10":"product_tag-desayuno","11":"product_tag-fresas","12":"product_tag-jugo-de-naranja","13":"product_tag-san-valentin","14":"product_tag-sandwich","16":"first","17":"instock","18":"shipping-taxable","19":"purchasable","20":"product-type-simple"},"yoast_head":"<!-- This site is optimized with the Yoast SEO plugin v27.3 - https:\/\/yoast.com\/product\/yoast-seo-wordpress\/ -->\n<title>Desayuno &quot;Cupido&quot;<\/title>\n<meta name=\"description\" content=\"Desayuno &quot;Cupido&quot;  Regala a tu persona especial una ma\u00f1ana rom\u00e1ntica y deliciosa con este detalle elegante y lleno de amor, este desayuno contiene un s\u00e1ndwich de croissant de jam\u00f3n y queso, uvas verdes, botellita de vidrio con jugo de naranja y tres fresas cubiertas de chocolate con tres apliques de coraz\u00f3n de chocolate.  Este desayuno viene empacado en una caja negra de cart\u00f3n r\u00edgido, tapa de acetato transparente, colillas de san valent\u00edn, lazo de tela y topper rojo de te amo.\" \/>\n<meta name=\"robots\" content=\"index, follow, max-snippet:-1, max-image-preview:large, max-video-preview:-1\" \/>\n<link rel=\"canonical\" href=\"https:\/\/www.chocolatestheocr.com\/en\/shop\/fechas-especiales\/san-valentin\/desayuno-cupido\/\" \/>\n<meta property=\"og:locale\" content=\"en_US\" \/>\n<meta property=\"og:type\" content=\"article\" \/>\n<meta property=\"og:title\" content=\"Desayuno &quot;Cupido&quot;\" \/>\n<meta property=\"og:description\" content=\"Desayuno &quot;Cupido&quot;  Regala a tu persona especial una ma\u00f1ana rom\u00e1ntica y deliciosa con este detalle elegante y lleno de amor, este desayuno contiene un s\u00e1ndwich de croissant de jam\u00f3n y queso, uvas verdes, botellita de vidrio con jugo de naranja y tres fresas cubiertas de chocolate con tres apliques de coraz\u00f3n de chocolate.  Este desayuno viene empacado en una caja negra de cart\u00f3n r\u00edgido, tapa de acetato transparente, colillas de san valent\u00edn, lazo de tela y topper rojo de te amo.\" \/>\n<meta property=\"og:url\" content=\"https:\/\/www.chocolatestheocr.com\/en\/shop\/fechas-especiales\/san-valentin\/desayuno-cupido\/\" \/>\n<meta property=\"og:site_name\" content=\"Chocolates Theo\" \/>\n<meta property=\"article:publisher\" content=\"https:\/\/www.facebook.com\/chocolatestheocr\" \/>\n<meta property=\"og:image\" content=\"https:\/\/www.chocolatestheocr.com\/wp-content\/uploads\/2026\/01\/cupido02.jpg\" \/>\n\t<meta property=\"og:image:width\" content=\"900\" \/>\n\t<meta property=\"og:image:height\" content=\"1200\" \/>\n\t<meta property=\"og:image:type\" content=\"image\/jpeg\" \/>\n<meta name=\"twitter:card\" content=\"summary_large_image\" \/>\n<script type=\"application\/ld+json\" class=\"yoast-schema-graph\">{\"@context\":\"https:\\\/\\\/schema.org\",\"@graph\":[{\"@type\":\"WebPage\",\"@id\":\"https:\\\/\\\/www.chocolatestheocr.com\\\/shop\\\/fechas-especiales\\\/san-valentin\\\/desayuno-cupido\\\/\",\"url\":\"https:\\\/\\\/www.chocolatestheocr.com\\\/shop\\\/fechas-especiales\\\/san-valentin\\\/desayuno-cupido\\\/\",\"name\":\"Desayuno \\\"Cupido\\\"\",\"isPartOf\":{\"@id\":\"https:\\\/\\\/www.chocolatestheocr.com\\\/#website\"},\"primaryImageOfPage\":{\"@id\":\"https:\\\/\\\/www.chocolatestheocr.com\\\/shop\\\/fechas-especiales\\\/san-valentin\\\/desayuno-cupido\\\/#primaryimage\"},\"image\":{\"@id\":\"https:\\\/\\\/www.chocolatestheocr.com\\\/shop\\\/fechas-especiales\\\/san-valentin\\\/desayuno-cupido\\\/#primaryimage\"},\"thumbnailUrl\":\"https:\\\/\\\/www.chocolatestheocr.com\\\/wp-content\\\/uploads\\\/2026\\\/01\\\/cupido02.jpg\",\"datePublished\":\"2026-01-21T21:18:37+00:00\",\"description\":\"Desayuno \\\"Cupido\\\" Regala a tu persona especial una ma\u00f1ana rom\u00e1ntica y deliciosa con este detalle elegante y lleno de amor, este desayuno contiene un s\u00e1ndwich de croissant de jam\u00f3n y queso, uvas verdes, botellita de vidrio con jugo de naranja y tres fresas cubiertas de chocolate con tres apliques de coraz\u00f3n de chocolate. Este desayuno viene empacado en una caja negra de cart\u00f3n r\u00edgido, tapa de acetato transparente, colillas de san valent\u00edn, lazo de tela y topper rojo de te amo.\",\"breadcrumb\":{\"@id\":\"https:\\\/\\\/www.chocolatestheocr.com\\\/shop\\\/fechas-especiales\\\/san-valentin\\\/desayuno-cupido\\\/#breadcrumb\"},\"inLanguage\":\"en-US\",\"potentialAction\":[{\"@type\":\"ReadAction\",\"target\":[\"https:\\\/\\\/www.chocolatestheocr.com\\\/shop\\\/fechas-especiales\\\/san-valentin\\\/desayuno-cupido\\\/\"]}]},{\"@type\":\"ImageObject\",\"inLanguage\":\"en-US\",\"@id\":\"https:\\\/\\\/www.chocolatestheocr.com\\\/shop\\\/fechas-especiales\\\/san-valentin\\\/desayuno-cupido\\\/#primaryimage\",\"url\":\"https:\\\/\\\/www.chocolatestheocr.com\\\/wp-content\\\/uploads\\\/2026\\\/01\\\/cupido02.jpg\",\"contentUrl\":\"https:\\\/\\\/www.chocolatestheocr.com\\\/wp-content\\\/uploads\\\/2026\\\/01\\\/cupido02.jpg\",\"width\":900,\"height\":1200,\"caption\":\"cupido02\"},{\"@type\":\"BreadcrumbList\",\"@id\":\"https:\\\/\\\/www.chocolatestheocr.com\\\/shop\\\/fechas-especiales\\\/san-valentin\\\/desayuno-cupido\\\/#breadcrumb\",\"itemListElement\":[{\"@type\":\"ListItem\",\"position\":1,\"name\":\"Portada\",\"item\":\"https:\\\/\\\/www.chocolatestheocr.com\\\/\"},{\"@type\":\"ListItem\",\"position\":2,\"name\":\"Tienda\",\"item\":\"https:\\\/\\\/www.chocolatestheocr.com\\\/shop\\\/\"},{\"@type\":\"ListItem\",\"position\":3,\"name\":\"Desayuno &#8220;Cupido&#8221;\"}]},{\"@type\":\"WebSite\",\"@id\":\"https:\\\/\\\/www.chocolatestheocr.com\\\/#website\",\"url\":\"https:\\\/\\\/www.chocolatestheocr.com\\\/\",\"name\":\"Chocolates Theo\",\"description\":\"\",\"publisher\":{\"@id\":\"https:\\\/\\\/www.chocolatestheocr.com\\\/#organization\"},\"potentialAction\":[{\"@type\":\"SearchAction\",\"target\":{\"@type\":\"EntryPoint\",\"urlTemplate\":\"https:\\\/\\\/www.chocolatestheocr.com\\\/?s={search_term_string}\"},\"query-input\":{\"@type\":\"PropertyValueSpecification\",\"valueRequired\":true,\"valueName\":\"search_term_string\"}}],\"inLanguage\":\"en-US\"},{\"@type\":\"Organization\",\"@id\":\"https:\\\/\\\/www.chocolatestheocr.com\\\/#organization\",\"name\":\"Chocolates Theo\",\"url\":\"https:\\\/\\\/www.chocolatestheocr.com\\\/\",\"logo\":{\"@type\":\"ImageObject\",\"inLanguage\":\"en-US\",\"@id\":\"https:\\\/\\\/www.chocolatestheocr.com\\\/#\\\/schema\\\/logo\\\/image\\\/\",\"url\":\"https:\\\/\\\/www.chocolatestheocr.com\\\/wp-content\\\/uploads\\\/2021\\\/10\\\/Logo-Chocolates-Theo.jpg\",\"contentUrl\":\"https:\\\/\\\/www.chocolatestheocr.com\\\/wp-content\\\/uploads\\\/2021\\\/10\\\/Logo-Chocolates-Theo.jpg\",\"width\":600,\"height\":600,\"caption\":\"Chocolates Theo\"},\"image\":{\"@id\":\"https:\\\/\\\/www.chocolatestheocr.com\\\/#\\\/schema\\\/logo\\\/image\\\/\"},\"sameAs\":[\"https:\\\/\\\/www.facebook.com\\\/chocolatestheocr\",\"https:\\\/\\\/www.instagram.com\\\/chocolates_theo\\\/\",\"https:\\\/\\\/www.youtube.com\\\/channel\\\/UCcgAI69rswAd2FY1Ubvmcxw\"]}]}<\/script>\n<!-- \/ Yoast SEO plugin. -->","yoast_head_json":{"title":"Desayuno \"Cupido\"","description":"Desayuno \"Cupido\"  Regala a tu persona especial una ma\u00f1ana rom\u00e1ntica y deliciosa con este detalle elegante y lleno de amor, este desayuno contiene un s\u00e1ndwich de croissant de jam\u00f3n y queso, uvas verdes, botellita de vidrio con jugo de naranja y tres fresas cubiertas de chocolate con tres apliques de coraz\u00f3n de chocolate.  Este desayuno viene empacado en una caja negra de cart\u00f3n r\u00edgido, tapa de acetato transparente, colillas de san valent\u00edn, lazo de tela y topper rojo de te amo.","robots":{"index":"index","follow":"follow","max-snippet":"max-snippet:-1","max-image-preview":"max-image-preview:large","max-video-preview":"max-video-preview:-1"},"canonical":"https:\/\/www.chocolatestheocr.com\/en\/shop\/fechas-especiales\/san-valentin\/desayuno-cupido\/","og_locale":"en_US","og_type":"article","og_title":"Desayuno \"Cupido\"","og_description":"Desayuno \"Cupido\"  Regala a tu persona especial una ma\u00f1ana rom\u00e1ntica y deliciosa con este detalle elegante y lleno de amor, este desayuno contiene un s\u00e1ndwich de croissant de jam\u00f3n y queso, uvas verdes, botellita de vidrio con jugo de naranja y tres fresas cubiertas de chocolate con tres apliques de coraz\u00f3n de chocolate.  Este desayuno viene empacado en una caja negra de cart\u00f3n r\u00edgido, tapa de acetato transparente, colillas de san valent\u00edn, lazo de tela y topper rojo de te amo.","og_url":"https:\/\/www.chocolatestheocr.com\/en\/shop\/fechas-especiales\/san-valentin\/desayuno-cupido\/","og_site_name":"Chocolates Theo","article_publisher":"https:\/\/www.facebook.com\/chocolatestheocr","og_image":[{"width":900,"height":1200,"url":"https:\/\/www.chocolatestheocr.com\/wp-content\/uploads\/2026\/01\/cupido02.jpg","type":"image\/jpeg"}],"twitter_card":"summary_large_image","schema":{"@context":"https:\/\/schema.org","@graph":[{"@type":"WebPage","@id":"https:\/\/www.chocolatestheocr.com\/shop\/fechas-especiales\/san-valentin\/desayuno-cupido\/","url":"https:\/\/www.chocolatestheocr.com\/shop\/fechas-especiales\/san-valentin\/desayuno-cupido\/","name":"Desayuno \"Cupido\"","isPartOf":{"@id":"https:\/\/www.chocolatestheocr.com\/#website"},"primaryImageOfPage":{"@id":"https:\/\/www.chocolatestheocr.com\/shop\/fechas-especiales\/san-valentin\/desayuno-cupido\/#primaryimage"},"image":{"@id":"https:\/\/www.chocolatestheocr.com\/shop\/fechas-especiales\/san-valentin\/desayuno-cupido\/#primaryimage"},"thumbnailUrl":"https:\/\/www.chocolatestheocr.com\/wp-content\/uploads\/2026\/01\/cupido02.jpg","datePublished":"2026-01-21T21:18:37+00:00","description":"Desayuno \"Cupido\" Regala a tu persona especial una ma\u00f1ana rom\u00e1ntica y deliciosa con este detalle elegante y lleno de amor, este desayuno contiene un s\u00e1ndwich de croissant de jam\u00f3n y queso, uvas verdes, botellita de vidrio con jugo de naranja y tres fresas cubiertas de chocolate con tres apliques de coraz\u00f3n de chocolate. Este desayuno viene empacado en una caja negra de cart\u00f3n r\u00edgido, tapa de acetato transparente, colillas de san valent\u00edn, lazo de tela y topper rojo de te amo.","breadcrumb":{"@id":"https:\/\/www.chocolatestheocr.com\/shop\/fechas-especiales\/san-valentin\/desayuno-cupido\/#breadcrumb"},"inLanguage":"en-US","potentialAction":[{"@type":"ReadAction","target":["https:\/\/www.chocolatestheocr.com\/shop\/fechas-especiales\/san-valentin\/desayuno-cupido\/"]}]},{"@type":"ImageObject","inLanguage":"en-US","@id":"https:\/\/www.chocolatestheocr.com\/shop\/fechas-especiales\/san-valentin\/desayuno-cupido\/#primaryimage","url":"https:\/\/www.chocolatestheocr.com\/wp-content\/uploads\/2026\/01\/cupido02.jpg","contentUrl":"https:\/\/www.chocolatestheocr.com\/wp-content\/uploads\/2026\/01\/cupido02.jpg","width":900,"height":1200,"caption":"cupido02"},{"@type":"BreadcrumbList","@id":"https:\/\/www.chocolatestheocr.com\/shop\/fechas-especiales\/san-valentin\/desayuno-cupido\/#breadcrumb","itemListElement":[{"@type":"ListItem","position":1,"name":"Portada","item":"https:\/\/www.chocolatestheocr.com\/"},{"@type":"ListItem","position":2,"name":"Tienda","item":"https:\/\/www.chocolatestheocr.com\/shop\/"},{"@type":"ListItem","position":3,"name":"Desayuno &#8220;Cupido&#8221;"}]},{"@type":"WebSite","@id":"https:\/\/www.chocolatestheocr.com\/#website","url":"https:\/\/www.chocolatestheocr.com\/","name":"Chocolates Theo","description":"","publisher":{"@id":"https:\/\/www.chocolatestheocr.com\/#organization"},"potentialAction":[{"@type":"SearchAction","target":{"@type":"EntryPoint","urlTemplate":"https:\/\/www.chocolatestheocr.com\/?s={search_term_string}"},"query-input":{"@type":"PropertyValueSpecification","valueRequired":true,"valueName":"search_term_string"}}],"inLanguage":"en-US"},{"@type":"Organization","@id":"https:\/\/www.chocolatestheocr.com\/#organization","name":"Chocolates Theo","url":"https:\/\/www.chocolatestheocr.com\/","logo":{"@type":"ImageObject","inLanguage":"en-US","@id":"https:\/\/www.chocolatestheocr.com\/#\/schema\/logo\/image\/","url":"https:\/\/www.chocolatestheocr.com\/wp-content\/uploads\/2021\/10\/Logo-Chocolates-Theo.jpg","contentUrl":"https:\/\/www.chocolatestheocr.com\/wp-content\/uploads\/2021\/10\/Logo-Chocolates-Theo.jpg","width":600,"height":600,"caption":"Chocolates Theo"},"image":{"@id":"https:\/\/www.chocolatestheocr.com\/#\/schema\/logo\/image\/"},"sameAs":["https:\/\/www.facebook.com\/chocolatestheocr","https:\/\/www.instagram.com\/chocolates_theo\/","https:\/\/www.youtube.com\/channel\/UCcgAI69rswAd2FY1Ubvmcxw"]}]}},"_links":{"self":[{"href":"https:\/\/www.chocolatestheocr.com\/en\/wp-json\/wp\/v2\/product\/18877","targetHints":{"allow":["GET"]}}],"collection":[{"href":"https:\/\/www.chocolatestheocr.com\/en\/wp-json\/wp\/v2\/product"}],"about":[{"href":"https:\/\/www.chocolatestheocr.com\/en\/wp-json\/wp\/v2\/types\/product"}],"version-history":[{"count":0,"href":"https:\/\/www.chocolatestheocr.com\/en\/wp-json\/wp\/v2\/product\/18877\/revisions"}],"wp:featuredmedia":[{"embeddable":true,"href":"https:\/\/www.chocolatestheocr.com\/en\/wp-json\/wp\/v2\/media\/18879"}],"wp:attachment":[{"href":"https:\/\/www.chocolatestheocr.com\/en\/wp-json\/wp\/v2\/media?parent=18877"}],"wp:term":[{"taxonomy":"product_brand","embeddable":true,"href":"https:\/\/www.chocolatestheocr.com\/en\/wp-json\/wp\/v2\/product_brand?post=18877"},{"taxonomy":"product_cat","embeddable":true,"href":"https:\/\/www.chocolatestheocr.com\/en\/wp-json\/wp\/v2\/product_cat?post=18877"},{"taxonomy":"product_tag","embeddable":true,"href":"https:\/\/www.chocolatestheocr.com\/en\/wp-json\/wp\/v2\/product_tag?post=18877"}],"curies":[{"name":"wp","href":"https:\/\/api.w.org\/{rel}","templated":true}]}}