{"id":18857,"date":"2026-01-19T11:59:50","date_gmt":"2026-01-19T17:59:50","guid":{"rendered":"https:\/\/www.chocolatestheocr.com\/?post_type=product&#038;p=18857"},"modified":"2026-01-21T17:02:45","modified_gmt":"2026-01-21T23:02:45","slug":"desayuno-buenos-dias-mi-amor","status":"publish","type":"product","link":"https:\/\/www.chocolatestheocr.com\/en\/shop\/fechas-especiales\/san-valentin\/desayuno-buenos-dias-mi-amor\/","title":{"rendered":"Desayuno &#8220;Buenos d\u00edas mi amor&#8221;"},"content":{"rendered":"<p>Desayuno &#8220;Buenos d\u00edas mi amor&#8221;<\/p>\n<p>El desayuno perfecto para el amor de tu vida, la persona en la siempre piensas y te gustaria demostrar todo tu amor.<\/p>\n<p>La bandeja de desayuno buenos d\u00edas mi amor, contiene un s\u00e1ndwich de croissant de jam\u00f3n y queso, botellita de vidrio con jugo de naranja, tacita de frutas frescas picadas, palitos de queso empacados en una bolsita con lazo de tela, marshmellow cubierto de chocolate blanco con apliques de coraz\u00f3n,\u00a0 cocktail de vodka lemonade, mini quequito de chocolate con dos apliques de chocolate, taza de cer\u00e1mica sublimada con dise\u00f1o de feliz d\u00eda, arreglo floral de dos rosas con topper de te amo rojo.<\/p>\n<p>Este delicioso desayuno esta empacado en una caja de cart\u00f3n blanca r\u00edgida, celof\u00e1n transparente, colillas con dise\u00f1o de amor, lazo de tela, dos globos de rojos de latex y un globo de dise\u00f1o inflados con helio<\/p>\n<p>&nbsp;<\/p>","protected":false},"excerpt":{"rendered":"<p>Desayuno &#8220;Buenos d\u00edas mi amor&#8221;<\/p>\n<p>El desayuno perfecto para el amor de tu vida, la persona en la siempre piensas y te gustaria demostrar todo tu amor.<\/p>\n<p>La bandeja de desayuno buenos d\u00edas mi amor, contiene un s\u00e1ndwich de croissant de jam\u00f3n y queso, botellita de vidrio con jugo de naranja, tacita de frutas frescas picadas, palitos de queso empacados en una bolsita con lazo de tela, marshmellow cubierto de chocolate blanco con apliques de coraz\u00f3n,\u00a0 cocktail de vodka lemonade, mini quequito de chocolate con dos apliques de chocolate, taza de cer\u00e1mica sublimada con dise\u00f1o de feliz d\u00eda, arreglo floral de dos rosas con topper de te amo rojo.<\/p>\n<p>Este delicioso desayuno esta empacado en una caja de cart\u00f3n blanca r\u00edgida, celof\u00e1n transparente, colillas con dise\u00f1o de amor, lazo de tela, dos globos de rojos de latex y un globo de dise\u00f1o inflados con helio<\/p>\n<p>&nbsp;<\/p>","protected":false},"featured_media":18895,"template":"","meta":[],"product_brand":[361],"product_cat":[565,448,41],"product_tag":[694,146,147,612,498,133,689,163],"class_list":{"0":"post-18857","1":"product","2":"type-product","3":"status-publish","4":"has-post-thumbnail","6":"product_brand-chocolates-theo","7":"product_cat-desayunos","8":"product_cat-san-valentin","9":"product_cat-all","10":"product_tag-desayunos","11":"product_tag-flores","12":"product_tag-frutas","13":"product_tag-jugo-de-naranja","14":"product_tag-queque-de-chocolate","15":"product_tag-san-valentin","16":"product_tag-sandwich-de-croissant","17":"product_tag-taza","19":"first","20":"instock","21":"shipping-taxable","22":"purchasable","23":"product-type-simple"},"yoast_head":"<!-- This site is optimized with the Yoast SEO plugin v27.3 - https:\/\/yoast.com\/product\/yoast-seo-wordpress\/ -->\n<title>Desayuno &quot;Buenos d\u00edas mi amor&quot;\/ Desayunos San Valent\u00edn\/ CR<\/title>\n<meta name=\"description\" content=\"Desayuno &quot;Buenos d\u00edas mi amor&quot;  El desayuno perfecto para el amor de tu vida, la persona en la siempre piensas y te gustaria demostrar todo tu amor.  La bandeja de desayuno buenos d\u00edas mi amor, contiene un s\u00e1ndwich de croissant de jam\u00f3n y queso, botellita de vidrio con jugo de naranja, tacita de frutas frescas picadas, palitos de queso empacados en una bolsita con lazo de tela, marshmellow cubierto de chocolate blanco con apliques de coraz\u00f3n,\u00a0 cocktail de vodka lemonade, mini quequito de chocolate con dos apliques de chocolate, taza de cer\u00e1mica sublimada con dise\u00f1o de feliz d\u00eda, arreglo floral de dos rosas con topper de te amo rojo.  Este delicioso desayuno esta empacado en una caja de cart\u00f3n blanca r\u00edgida, celof\u00e1n transparente, colillas con dise\u00f1o de amor, lazo de tela, dos globos de rojos de latex y un globo de dise\u00f1o inflados con helio  &nbsp;\" \/>\n<meta name=\"robots\" content=\"index, follow, max-snippet:-1, max-image-preview:large, max-video-preview:-1\" \/>\n<link rel=\"canonical\" href=\"https:\/\/www.chocolatestheocr.com\/en\/shop\/fechas-especiales\/san-valentin\/desayuno-buenos-dias-mi-amor\/\" \/>\n<meta property=\"og:locale\" content=\"en_US\" \/>\n<meta property=\"og:type\" content=\"article\" \/>\n<meta property=\"og:title\" content=\"Desayuno &quot;Buenos d\u00edas mi amor&quot;\/ Desayunos San Valent\u00edn\/ CR\" \/>\n<meta property=\"og:description\" content=\"Desayuno &quot;Buenos d\u00edas mi amor&quot;  El desayuno perfecto para el amor de tu vida, la persona en la siempre piensas y te gustaria demostrar todo tu amor.  La bandeja de desayuno buenos d\u00edas mi amor, contiene un s\u00e1ndwich de croissant de jam\u00f3n y queso, botellita de vidrio con jugo de naranja, tacita de frutas frescas picadas, palitos de queso empacados en una bolsita con lazo de tela, marshmellow cubierto de chocolate blanco con apliques de coraz\u00f3n,\u00a0 cocktail de vodka lemonade, mini quequito de chocolate con dos apliques de chocolate, taza de cer\u00e1mica sublimada con dise\u00f1o de feliz d\u00eda, arreglo floral de dos rosas con topper de te amo rojo.  Este delicioso desayuno esta empacado en una caja de cart\u00f3n blanca r\u00edgida, celof\u00e1n transparente, colillas con dise\u00f1o de amor, lazo de tela, dos globos de rojos de latex y un globo de dise\u00f1o inflados con helio  &nbsp;\" \/>\n<meta property=\"og:url\" content=\"https:\/\/www.chocolatestheocr.com\/en\/shop\/fechas-especiales\/san-valentin\/desayuno-buenos-dias-mi-amor\/\" \/>\n<meta property=\"og:site_name\" content=\"Chocolates Theo\" \/>\n<meta property=\"article:publisher\" content=\"https:\/\/www.facebook.com\/chocolatestheocr\" \/>\n<meta property=\"article:modified_time\" content=\"2026-01-21T23:02:45+00:00\" \/>\n<meta property=\"og:image\" content=\"https:\/\/www.chocolatestheocr.com\/wp-content\/uploads\/2026\/01\/Desayuno-Buenos-dias-mi-amor-1.jpg\" \/>\n\t<meta property=\"og:image:width\" content=\"900\" \/>\n\t<meta property=\"og:image:height\" content=\"1200\" \/>\n\t<meta property=\"og:image:type\" content=\"image\/jpeg\" \/>\n<meta name=\"twitter:card\" content=\"summary_large_image\" \/>\n<meta name=\"twitter:label1\" content=\"Est. reading time\" \/>\n\t<meta name=\"twitter:data1\" content=\"1 minute\" \/>\n<script type=\"application\/ld+json\" class=\"yoast-schema-graph\">{\"@context\":\"https:\\\/\\\/schema.org\",\"@graph\":[{\"@type\":\"WebPage\",\"@id\":\"https:\\\/\\\/www.chocolatestheocr.com\\\/shop\\\/fechas-especiales\\\/san-valentin\\\/desayuno-buenos-dias-mi-amor\\\/\",\"url\":\"https:\\\/\\\/www.chocolatestheocr.com\\\/shop\\\/fechas-especiales\\\/san-valentin\\\/desayuno-buenos-dias-mi-amor\\\/\",\"name\":\"Desayuno \\\"Buenos d\u00edas mi amor\\\"\\\/ Desayunos San Valent\u00edn\\\/ CR\",\"isPartOf\":{\"@id\":\"https:\\\/\\\/www.chocolatestheocr.com\\\/#website\"},\"primaryImageOfPage\":{\"@id\":\"https:\\\/\\\/www.chocolatestheocr.com\\\/shop\\\/fechas-especiales\\\/san-valentin\\\/desayuno-buenos-dias-mi-amor\\\/#primaryimage\"},\"image\":{\"@id\":\"https:\\\/\\\/www.chocolatestheocr.com\\\/shop\\\/fechas-especiales\\\/san-valentin\\\/desayuno-buenos-dias-mi-amor\\\/#primaryimage\"},\"thumbnailUrl\":\"https:\\\/\\\/www.chocolatestheocr.com\\\/wp-content\\\/uploads\\\/2026\\\/01\\\/Desayuno-Buenos-dias-mi-amor-1.jpg\",\"datePublished\":\"2026-01-19T17:59:50+00:00\",\"dateModified\":\"2026-01-21T23:02:45+00:00\",\"description\":\"Desayuno \\\"Buenos d\u00edas mi amor\\\" El desayuno perfecto para el amor de tu vida, la persona en la siempre piensas y te gustaria demostrar todo tu amor. La bandeja de desayuno buenos d\u00edas mi amor, contiene un s\u00e1ndwich de croissant de jam\u00f3n y queso, botellita de vidrio con jugo de naranja, tacita de frutas frescas picadas, palitos de queso empacados en una bolsita con lazo de tela, marshmellow cubierto de chocolate blanco con apliques de coraz\u00f3n,\u00a0 cocktail de vodka lemonade, mini quequito de chocolate con dos apliques de chocolate, taza de cer\u00e1mica sublimada con dise\u00f1o de feliz d\u00eda, arreglo floral de dos rosas con topper de te amo rojo. Este delicioso desayuno esta empacado en una caja de cart\u00f3n blanca r\u00edgida, celof\u00e1n transparente, colillas con dise\u00f1o de amor, lazo de tela, dos globos de rojos de latex y un globo de dise\u00f1o inflados con helio &nbsp;\",\"breadcrumb\":{\"@id\":\"https:\\\/\\\/www.chocolatestheocr.com\\\/shop\\\/fechas-especiales\\\/san-valentin\\\/desayuno-buenos-dias-mi-amor\\\/#breadcrumb\"},\"inLanguage\":\"en-US\",\"potentialAction\":[{\"@type\":\"ReadAction\",\"target\":[\"https:\\\/\\\/www.chocolatestheocr.com\\\/shop\\\/fechas-especiales\\\/san-valentin\\\/desayuno-buenos-dias-mi-amor\\\/\"]}]},{\"@type\":\"ImageObject\",\"inLanguage\":\"en-US\",\"@id\":\"https:\\\/\\\/www.chocolatestheocr.com\\\/shop\\\/fechas-especiales\\\/san-valentin\\\/desayuno-buenos-dias-mi-amor\\\/#primaryimage\",\"url\":\"https:\\\/\\\/www.chocolatestheocr.com\\\/wp-content\\\/uploads\\\/2026\\\/01\\\/Desayuno-Buenos-dias-mi-amor-1.jpg\",\"contentUrl\":\"https:\\\/\\\/www.chocolatestheocr.com\\\/wp-content\\\/uploads\\\/2026\\\/01\\\/Desayuno-Buenos-dias-mi-amor-1.jpg\",\"width\":900,\"height\":1200,\"caption\":\"Desayuno Buenos dias mi amor (1)\"},{\"@type\":\"BreadcrumbList\",\"@id\":\"https:\\\/\\\/www.chocolatestheocr.com\\\/shop\\\/fechas-especiales\\\/san-valentin\\\/desayuno-buenos-dias-mi-amor\\\/#breadcrumb\",\"itemListElement\":[{\"@type\":\"ListItem\",\"position\":1,\"name\":\"Portada\",\"item\":\"https:\\\/\\\/www.chocolatestheocr.com\\\/\"},{\"@type\":\"ListItem\",\"position\":2,\"name\":\"Tienda\",\"item\":\"https:\\\/\\\/www.chocolatestheocr.com\\\/shop\\\/\"},{\"@type\":\"ListItem\",\"position\":3,\"name\":\"Desayuno &#8220;Buenos d\u00edas mi amor&#8221;\"}]},{\"@type\":\"WebSite\",\"@id\":\"https:\\\/\\\/www.chocolatestheocr.com\\\/#website\",\"url\":\"https:\\\/\\\/www.chocolatestheocr.com\\\/\",\"name\":\"Chocolates Theo\",\"description\":\"\",\"publisher\":{\"@id\":\"https:\\\/\\\/www.chocolatestheocr.com\\\/#organization\"},\"potentialAction\":[{\"@type\":\"SearchAction\",\"target\":{\"@type\":\"EntryPoint\",\"urlTemplate\":\"https:\\\/\\\/www.chocolatestheocr.com\\\/?s={search_term_string}\"},\"query-input\":{\"@type\":\"PropertyValueSpecification\",\"valueRequired\":true,\"valueName\":\"search_term_string\"}}],\"inLanguage\":\"en-US\"},{\"@type\":\"Organization\",\"@id\":\"https:\\\/\\\/www.chocolatestheocr.com\\\/#organization\",\"name\":\"Chocolates Theo\",\"url\":\"https:\\\/\\\/www.chocolatestheocr.com\\\/\",\"logo\":{\"@type\":\"ImageObject\",\"inLanguage\":\"en-US\",\"@id\":\"https:\\\/\\\/www.chocolatestheocr.com\\\/#\\\/schema\\\/logo\\\/image\\\/\",\"url\":\"https:\\\/\\\/www.chocolatestheocr.com\\\/wp-content\\\/uploads\\\/2021\\\/10\\\/Logo-Chocolates-Theo.jpg\",\"contentUrl\":\"https:\\\/\\\/www.chocolatestheocr.com\\\/wp-content\\\/uploads\\\/2021\\\/10\\\/Logo-Chocolates-Theo.jpg\",\"width\":600,\"height\":600,\"caption\":\"Chocolates Theo\"},\"image\":{\"@id\":\"https:\\\/\\\/www.chocolatestheocr.com\\\/#\\\/schema\\\/logo\\\/image\\\/\"},\"sameAs\":[\"https:\\\/\\\/www.facebook.com\\\/chocolatestheocr\",\"https:\\\/\\\/www.instagram.com\\\/chocolates_theo\\\/\",\"https:\\\/\\\/www.youtube.com\\\/channel\\\/UCcgAI69rswAd2FY1Ubvmcxw\"]}]}<\/script>\n<!-- \/ Yoast SEO plugin. -->","yoast_head_json":{"title":"Desayuno \"Buenos d\u00edas mi amor\"\/ Desayunos San Valent\u00edn\/ CR","description":"Desayuno \"Buenos d\u00edas mi amor\"  El desayuno perfecto para el amor de tu vida, la persona en la siempre piensas y te gustaria demostrar todo tu amor.  La bandeja de desayuno buenos d\u00edas mi amor, contiene un s\u00e1ndwich de croissant de jam\u00f3n y queso, botellita de vidrio con jugo de naranja, tacita de frutas frescas picadas, palitos de queso empacados en una bolsita con lazo de tela, marshmellow cubierto de chocolate blanco con apliques de coraz\u00f3n,\u00a0 cocktail de vodka lemonade, mini quequito de chocolate con dos apliques de chocolate, taza de cer\u00e1mica sublimada con dise\u00f1o de feliz d\u00eda, arreglo floral de dos rosas con topper de te amo rojo.  Este delicioso desayuno esta empacado en una caja de cart\u00f3n blanca r\u00edgida, celof\u00e1n transparente, colillas con dise\u00f1o de amor, lazo de tela, dos globos de rojos de latex y un globo de dise\u00f1o inflados con helio  &nbsp;","robots":{"index":"index","follow":"follow","max-snippet":"max-snippet:-1","max-image-preview":"max-image-preview:large","max-video-preview":"max-video-preview:-1"},"canonical":"https:\/\/www.chocolatestheocr.com\/en\/shop\/fechas-especiales\/san-valentin\/desayuno-buenos-dias-mi-amor\/","og_locale":"en_US","og_type":"article","og_title":"Desayuno \"Buenos d\u00edas mi amor\"\/ Desayunos San Valent\u00edn\/ CR","og_description":"Desayuno \"Buenos d\u00edas mi amor\"  El desayuno perfecto para el amor de tu vida, la persona en la siempre piensas y te gustaria demostrar todo tu amor.  La bandeja de desayuno buenos d\u00edas mi amor, contiene un s\u00e1ndwich de croissant de jam\u00f3n y queso, botellita de vidrio con jugo de naranja, tacita de frutas frescas picadas, palitos de queso empacados en una bolsita con lazo de tela, marshmellow cubierto de chocolate blanco con apliques de coraz\u00f3n,\u00a0 cocktail de vodka lemonade, mini quequito de chocolate con dos apliques de chocolate, taza de cer\u00e1mica sublimada con dise\u00f1o de feliz d\u00eda, arreglo floral de dos rosas con topper de te amo rojo.  Este delicioso desayuno esta empacado en una caja de cart\u00f3n blanca r\u00edgida, celof\u00e1n transparente, colillas con dise\u00f1o de amor, lazo de tela, dos globos de rojos de latex y un globo de dise\u00f1o inflados con helio  &nbsp;","og_url":"https:\/\/www.chocolatestheocr.com\/en\/shop\/fechas-especiales\/san-valentin\/desayuno-buenos-dias-mi-amor\/","og_site_name":"Chocolates Theo","article_publisher":"https:\/\/www.facebook.com\/chocolatestheocr","article_modified_time":"2026-01-21T23:02:45+00:00","og_image":[{"width":900,"height":1200,"url":"https:\/\/www.chocolatestheocr.com\/wp-content\/uploads\/2026\/01\/Desayuno-Buenos-dias-mi-amor-1.jpg","type":"image\/jpeg"}],"twitter_card":"summary_large_image","twitter_misc":{"Est. reading time":"1 minute"},"schema":{"@context":"https:\/\/schema.org","@graph":[{"@type":"WebPage","@id":"https:\/\/www.chocolatestheocr.com\/shop\/fechas-especiales\/san-valentin\/desayuno-buenos-dias-mi-amor\/","url":"https:\/\/www.chocolatestheocr.com\/shop\/fechas-especiales\/san-valentin\/desayuno-buenos-dias-mi-amor\/","name":"Desayuno \"Buenos d\u00edas mi amor\"\/ Desayunos San Valent\u00edn\/ CR","isPartOf":{"@id":"https:\/\/www.chocolatestheocr.com\/#website"},"primaryImageOfPage":{"@id":"https:\/\/www.chocolatestheocr.com\/shop\/fechas-especiales\/san-valentin\/desayuno-buenos-dias-mi-amor\/#primaryimage"},"image":{"@id":"https:\/\/www.chocolatestheocr.com\/shop\/fechas-especiales\/san-valentin\/desayuno-buenos-dias-mi-amor\/#primaryimage"},"thumbnailUrl":"https:\/\/www.chocolatestheocr.com\/wp-content\/uploads\/2026\/01\/Desayuno-Buenos-dias-mi-amor-1.jpg","datePublished":"2026-01-19T17:59:50+00:00","dateModified":"2026-01-21T23:02:45+00:00","description":"Desayuno \"Buenos d\u00edas mi amor\" El desayuno perfecto para el amor de tu vida, la persona en la siempre piensas y te gustaria demostrar todo tu amor. La bandeja de desayuno buenos d\u00edas mi amor, contiene un s\u00e1ndwich de croissant de jam\u00f3n y queso, botellita de vidrio con jugo de naranja, tacita de frutas frescas picadas, palitos de queso empacados en una bolsita con lazo de tela, marshmellow cubierto de chocolate blanco con apliques de coraz\u00f3n,\u00a0 cocktail de vodka lemonade, mini quequito de chocolate con dos apliques de chocolate, taza de cer\u00e1mica sublimada con dise\u00f1o de feliz d\u00eda, arreglo floral de dos rosas con topper de te amo rojo. Este delicioso desayuno esta empacado en una caja de cart\u00f3n blanca r\u00edgida, celof\u00e1n transparente, colillas con dise\u00f1o de amor, lazo de tela, dos globos de rojos de latex y un globo de dise\u00f1o inflados con helio &nbsp;","breadcrumb":{"@id":"https:\/\/www.chocolatestheocr.com\/shop\/fechas-especiales\/san-valentin\/desayuno-buenos-dias-mi-amor\/#breadcrumb"},"inLanguage":"en-US","potentialAction":[{"@type":"ReadAction","target":["https:\/\/www.chocolatestheocr.com\/shop\/fechas-especiales\/san-valentin\/desayuno-buenos-dias-mi-amor\/"]}]},{"@type":"ImageObject","inLanguage":"en-US","@id":"https:\/\/www.chocolatestheocr.com\/shop\/fechas-especiales\/san-valentin\/desayuno-buenos-dias-mi-amor\/#primaryimage","url":"https:\/\/www.chocolatestheocr.com\/wp-content\/uploads\/2026\/01\/Desayuno-Buenos-dias-mi-amor-1.jpg","contentUrl":"https:\/\/www.chocolatestheocr.com\/wp-content\/uploads\/2026\/01\/Desayuno-Buenos-dias-mi-amor-1.jpg","width":900,"height":1200,"caption":"Desayuno Buenos dias mi amor (1)"},{"@type":"BreadcrumbList","@id":"https:\/\/www.chocolatestheocr.com\/shop\/fechas-especiales\/san-valentin\/desayuno-buenos-dias-mi-amor\/#breadcrumb","itemListElement":[{"@type":"ListItem","position":1,"name":"Portada","item":"https:\/\/www.chocolatestheocr.com\/"},{"@type":"ListItem","position":2,"name":"Tienda","item":"https:\/\/www.chocolatestheocr.com\/shop\/"},{"@type":"ListItem","position":3,"name":"Desayuno &#8220;Buenos d\u00edas mi amor&#8221;"}]},{"@type":"WebSite","@id":"https:\/\/www.chocolatestheocr.com\/#website","url":"https:\/\/www.chocolatestheocr.com\/","name":"Chocolates Theo","description":"","publisher":{"@id":"https:\/\/www.chocolatestheocr.com\/#organization"},"potentialAction":[{"@type":"SearchAction","target":{"@type":"EntryPoint","urlTemplate":"https:\/\/www.chocolatestheocr.com\/?s={search_term_string}"},"query-input":{"@type":"PropertyValueSpecification","valueRequired":true,"valueName":"search_term_string"}}],"inLanguage":"en-US"},{"@type":"Organization","@id":"https:\/\/www.chocolatestheocr.com\/#organization","name":"Chocolates Theo","url":"https:\/\/www.chocolatestheocr.com\/","logo":{"@type":"ImageObject","inLanguage":"en-US","@id":"https:\/\/www.chocolatestheocr.com\/#\/schema\/logo\/image\/","url":"https:\/\/www.chocolatestheocr.com\/wp-content\/uploads\/2021\/10\/Logo-Chocolates-Theo.jpg","contentUrl":"https:\/\/www.chocolatestheocr.com\/wp-content\/uploads\/2021\/10\/Logo-Chocolates-Theo.jpg","width":600,"height":600,"caption":"Chocolates Theo"},"image":{"@id":"https:\/\/www.chocolatestheocr.com\/#\/schema\/logo\/image\/"},"sameAs":["https:\/\/www.facebook.com\/chocolatestheocr","https:\/\/www.instagram.com\/chocolates_theo\/","https:\/\/www.youtube.com\/channel\/UCcgAI69rswAd2FY1Ubvmcxw"]}]}},"_links":{"self":[{"href":"https:\/\/www.chocolatestheocr.com\/en\/wp-json\/wp\/v2\/product\/18857","targetHints":{"allow":["GET"]}}],"collection":[{"href":"https:\/\/www.chocolatestheocr.com\/en\/wp-json\/wp\/v2\/product"}],"about":[{"href":"https:\/\/www.chocolatestheocr.com\/en\/wp-json\/wp\/v2\/types\/product"}],"version-history":[{"count":0,"href":"https:\/\/www.chocolatestheocr.com\/en\/wp-json\/wp\/v2\/product\/18857\/revisions"}],"wp:featuredmedia":[{"embeddable":true,"href":"https:\/\/www.chocolatestheocr.com\/en\/wp-json\/wp\/v2\/media\/18895"}],"wp:attachment":[{"href":"https:\/\/www.chocolatestheocr.com\/en\/wp-json\/wp\/v2\/media?parent=18857"}],"wp:term":[{"taxonomy":"product_brand","embeddable":true,"href":"https:\/\/www.chocolatestheocr.com\/en\/wp-json\/wp\/v2\/product_brand?post=18857"},{"taxonomy":"product_cat","embeddable":true,"href":"https:\/\/www.chocolatestheocr.com\/en\/wp-json\/wp\/v2\/product_cat?post=18857"},{"taxonomy":"product_tag","embeddable":true,"href":"https:\/\/www.chocolatestheocr.com\/en\/wp-json\/wp\/v2\/product_tag?post=18857"}],"curies":[{"name":"wp","href":"https:\/\/api.w.org\/{rel}","templated":true}]}}