{"id":18831,"date":"2026-01-17T07:44:59","date_gmt":"2026-01-17T13:44:59","guid":{"rendered":"https:\/\/www.chocolatestheocr.com\/?post_type=product&#038;p=18831"},"modified":"2026-01-21T18:08:57","modified_gmt":"2026-01-22T00:08:57","slug":"eterno-valentin-rosa","status":"publish","type":"product","link":"https:\/\/www.chocolatestheocr.com\/en\/shop\/fechas-especiales\/san-valentin\/eterno-valentin-rosa\/","title":{"rendered":"Eterno Valent\u00edn Rosa"},"content":{"rendered":"<p>Eterno Valent\u00edn Rosa<\/p>\n<p>Caja de vino y fresas perfecta para compartir con tu persona especial y tener un d\u00eda maravilloso. Esta detalle incluye un vino de 750ml con la etiqueta personalizada, tres fresas cubiertas de chocolate con apliques de corazones, tres corazones de chocolate y tres rosas rosadas. El empaque de este producto es una caja blanca de cart\u00f3n r\u00edgido decorado con una etiqueta y lazo de tela.<\/p>\n<p>&nbsp;<\/p>","protected":false},"excerpt":{"rendered":"<p>Eterno Valent\u00edn Rosa<\/p>\n<p>Caja de vino y fresas perfecta para compartir con tu persona especial y tener un d\u00eda maravilloso. Esta detalle incluye un vino de 750ml con la etiqueta personalizada, tres fresas cubiertas de chocolate con apliques de corazones, tres corazones de chocolate y tres rosas rosadas. El empaque de este producto es una caja blanca de cart\u00f3n r\u00edgido decorado con una etiqueta y lazo de tela.<\/p>","protected":false},"featured_media":18909,"template":"","meta":[],"product_brand":[361],"product_cat":[372,72,448,41],"product_tag":[232,146,127,102],"class_list":{"0":"post-18831","1":"product","2":"type-product","3":"status-publish","4":"has-post-thumbnail","6":"product_brand-chocolates-theo","7":"product_cat-flores-y-fresas-con-chocolate","8":"product_cat-cajas","9":"product_cat-san-valentin","10":"product_cat-all","11":"product_tag-chocolates","12":"product_tag-flores","13":"product_tag-fresas","14":"product_tag-vino","16":"first","17":"instock","18":"shipping-taxable","19":"purchasable","20":"product-type-simple"},"yoast_head":"<!-- This site is optimized with the Yoast SEO plugin v27.3 - https:\/\/yoast.com\/product\/yoast-seo-wordpress\/ -->\n<title>Eterno Valent\u00edn Rosa<\/title>\n<meta name=\"description\" content=\"Eterno Valent\u00edn Rosa  Caja de vino y fresas perfecta para compartir con tu persona especial y tener un d\u00eda maravilloso. Esta detalle incluye un vino de 750ml con la etiqueta personalizada, tres fresas cubiertas de chocolate con apliques de corazones, tres corazones de chocolate y tres rosas rosadas. El empaque de este producto es una caja blanca de cart\u00f3n r\u00edgido decorado con una etiqueta y lazo de tela.\" \/>\n<meta name=\"robots\" content=\"index, follow, max-snippet:-1, max-image-preview:large, max-video-preview:-1\" \/>\n<link rel=\"canonical\" href=\"https:\/\/www.chocolatestheocr.com\/en\/shop\/fechas-especiales\/san-valentin\/eterno-valentin-rosa\/\" \/>\n<meta property=\"og:locale\" content=\"en_US\" \/>\n<meta property=\"og:type\" content=\"article\" \/>\n<meta property=\"og:title\" content=\"Eterno Valent\u00edn Rosa\" \/>\n<meta property=\"og:description\" content=\"Eterno Valent\u00edn Rosa  Caja de vino y fresas perfecta para compartir con tu persona especial y tener un d\u00eda maravilloso. Esta detalle incluye un vino de 750ml con la etiqueta personalizada, tres fresas cubiertas de chocolate con apliques de corazones, tres corazones de chocolate y tres rosas rosadas. El empaque de este producto es una caja blanca de cart\u00f3n r\u00edgido decorado con una etiqueta y lazo de tela.\" \/>\n<meta property=\"og:url\" content=\"https:\/\/www.chocolatestheocr.com\/en\/shop\/fechas-especiales\/san-valentin\/eterno-valentin-rosa\/\" \/>\n<meta property=\"og:site_name\" content=\"Chocolates Theo\" \/>\n<meta property=\"article:publisher\" content=\"https:\/\/www.facebook.com\/chocolatestheocr\" \/>\n<meta property=\"article:modified_time\" content=\"2026-01-22T00:08:57+00:00\" \/>\n<meta property=\"og:image\" content=\"https:\/\/www.chocolatestheocr.com\/wp-content\/uploads\/2026\/01\/eterno-valentin-rosa4a-1.jpg\" \/>\n\t<meta property=\"og:image:width\" content=\"802\" \/>\n\t<meta property=\"og:image:height\" content=\"1200\" \/>\n\t<meta property=\"og:image:type\" content=\"image\/jpeg\" \/>\n<meta name=\"twitter:card\" content=\"summary_large_image\" \/>\n<script type=\"application\/ld+json\" class=\"yoast-schema-graph\">{\"@context\":\"https:\\\/\\\/schema.org\",\"@graph\":[{\"@type\":\"WebPage\",\"@id\":\"https:\\\/\\\/www.chocolatestheocr.com\\\/shop\\\/fechas-especiales\\\/san-valentin\\\/eterno-valentin-rosa\\\/\",\"url\":\"https:\\\/\\\/www.chocolatestheocr.com\\\/shop\\\/fechas-especiales\\\/san-valentin\\\/eterno-valentin-rosa\\\/\",\"name\":\"Eterno Valent\u00edn Rosa\",\"isPartOf\":{\"@id\":\"https:\\\/\\\/www.chocolatestheocr.com\\\/#website\"},\"primaryImageOfPage\":{\"@id\":\"https:\\\/\\\/www.chocolatestheocr.com\\\/shop\\\/fechas-especiales\\\/san-valentin\\\/eterno-valentin-rosa\\\/#primaryimage\"},\"image\":{\"@id\":\"https:\\\/\\\/www.chocolatestheocr.com\\\/shop\\\/fechas-especiales\\\/san-valentin\\\/eterno-valentin-rosa\\\/#primaryimage\"},\"thumbnailUrl\":\"https:\\\/\\\/www.chocolatestheocr.com\\\/wp-content\\\/uploads\\\/2026\\\/01\\\/eterno-valentin-rosa4a-1.jpg\",\"datePublished\":\"2026-01-17T13:44:59+00:00\",\"dateModified\":\"2026-01-22T00:08:57+00:00\",\"description\":\"Eterno Valent\u00edn Rosa Caja de vino y fresas perfecta para compartir con tu persona especial y tener un d\u00eda maravilloso. Esta detalle incluye un vino de 750ml con la etiqueta personalizada, tres fresas cubiertas de chocolate con apliques de corazones, tres corazones de chocolate y tres rosas rosadas. El empaque de este producto es una caja blanca de cart\u00f3n r\u00edgido decorado con una etiqueta y lazo de tela.\",\"breadcrumb\":{\"@id\":\"https:\\\/\\\/www.chocolatestheocr.com\\\/shop\\\/fechas-especiales\\\/san-valentin\\\/eterno-valentin-rosa\\\/#breadcrumb\"},\"inLanguage\":\"en-US\",\"potentialAction\":[{\"@type\":\"ReadAction\",\"target\":[\"https:\\\/\\\/www.chocolatestheocr.com\\\/shop\\\/fechas-especiales\\\/san-valentin\\\/eterno-valentin-rosa\\\/\"]}]},{\"@type\":\"ImageObject\",\"inLanguage\":\"en-US\",\"@id\":\"https:\\\/\\\/www.chocolatestheocr.com\\\/shop\\\/fechas-especiales\\\/san-valentin\\\/eterno-valentin-rosa\\\/#primaryimage\",\"url\":\"https:\\\/\\\/www.chocolatestheocr.com\\\/wp-content\\\/uploads\\\/2026\\\/01\\\/eterno-valentin-rosa4a-1.jpg\",\"contentUrl\":\"https:\\\/\\\/www.chocolatestheocr.com\\\/wp-content\\\/uploads\\\/2026\\\/01\\\/eterno-valentin-rosa4a-1.jpg\",\"width\":802,\"height\":1200,\"caption\":\"eterno-valentin-rosa4a (1)\"},{\"@type\":\"BreadcrumbList\",\"@id\":\"https:\\\/\\\/www.chocolatestheocr.com\\\/shop\\\/fechas-especiales\\\/san-valentin\\\/eterno-valentin-rosa\\\/#breadcrumb\",\"itemListElement\":[{\"@type\":\"ListItem\",\"position\":1,\"name\":\"Portada\",\"item\":\"https:\\\/\\\/www.chocolatestheocr.com\\\/\"},{\"@type\":\"ListItem\",\"position\":2,\"name\":\"Tienda\",\"item\":\"https:\\\/\\\/www.chocolatestheocr.com\\\/shop\\\/\"},{\"@type\":\"ListItem\",\"position\":3,\"name\":\"Eterno Valent\u00edn Rosa\"}]},{\"@type\":\"WebSite\",\"@id\":\"https:\\\/\\\/www.chocolatestheocr.com\\\/#website\",\"url\":\"https:\\\/\\\/www.chocolatestheocr.com\\\/\",\"name\":\"Chocolates Theo\",\"description\":\"\",\"publisher\":{\"@id\":\"https:\\\/\\\/www.chocolatestheocr.com\\\/#organization\"},\"potentialAction\":[{\"@type\":\"SearchAction\",\"target\":{\"@type\":\"EntryPoint\",\"urlTemplate\":\"https:\\\/\\\/www.chocolatestheocr.com\\\/?s={search_term_string}\"},\"query-input\":{\"@type\":\"PropertyValueSpecification\",\"valueRequired\":true,\"valueName\":\"search_term_string\"}}],\"inLanguage\":\"en-US\"},{\"@type\":\"Organization\",\"@id\":\"https:\\\/\\\/www.chocolatestheocr.com\\\/#organization\",\"name\":\"Chocolates Theo\",\"url\":\"https:\\\/\\\/www.chocolatestheocr.com\\\/\",\"logo\":{\"@type\":\"ImageObject\",\"inLanguage\":\"en-US\",\"@id\":\"https:\\\/\\\/www.chocolatestheocr.com\\\/#\\\/schema\\\/logo\\\/image\\\/\",\"url\":\"https:\\\/\\\/www.chocolatestheocr.com\\\/wp-content\\\/uploads\\\/2021\\\/10\\\/Logo-Chocolates-Theo.jpg\",\"contentUrl\":\"https:\\\/\\\/www.chocolatestheocr.com\\\/wp-content\\\/uploads\\\/2021\\\/10\\\/Logo-Chocolates-Theo.jpg\",\"width\":600,\"height\":600,\"caption\":\"Chocolates Theo\"},\"image\":{\"@id\":\"https:\\\/\\\/www.chocolatestheocr.com\\\/#\\\/schema\\\/logo\\\/image\\\/\"},\"sameAs\":[\"https:\\\/\\\/www.facebook.com\\\/chocolatestheocr\",\"https:\\\/\\\/www.instagram.com\\\/chocolates_theo\\\/\",\"https:\\\/\\\/www.youtube.com\\\/channel\\\/UCcgAI69rswAd2FY1Ubvmcxw\"]}]}<\/script>\n<!-- \/ Yoast SEO plugin. -->","yoast_head_json":{"title":"Eterno Valent\u00edn Rosa","description":"Eterno Valent\u00edn Rosa  Caja de vino y fresas perfecta para compartir con tu persona especial y tener un d\u00eda maravilloso. Esta detalle incluye un vino de 750ml con la etiqueta personalizada, tres fresas cubiertas de chocolate con apliques de corazones, tres corazones de chocolate y tres rosas rosadas. El empaque de este producto es una caja blanca de cart\u00f3n r\u00edgido decorado con una etiqueta y lazo de tela.","robots":{"index":"index","follow":"follow","max-snippet":"max-snippet:-1","max-image-preview":"max-image-preview:large","max-video-preview":"max-video-preview:-1"},"canonical":"https:\/\/www.chocolatestheocr.com\/en\/shop\/fechas-especiales\/san-valentin\/eterno-valentin-rosa\/","og_locale":"en_US","og_type":"article","og_title":"Eterno Valent\u00edn Rosa","og_description":"Eterno Valent\u00edn Rosa  Caja de vino y fresas perfecta para compartir con tu persona especial y tener un d\u00eda maravilloso. Esta detalle incluye un vino de 750ml con la etiqueta personalizada, tres fresas cubiertas de chocolate con apliques de corazones, tres corazones de chocolate y tres rosas rosadas. El empaque de este producto es una caja blanca de cart\u00f3n r\u00edgido decorado con una etiqueta y lazo de tela.","og_url":"https:\/\/www.chocolatestheocr.com\/en\/shop\/fechas-especiales\/san-valentin\/eterno-valentin-rosa\/","og_site_name":"Chocolates Theo","article_publisher":"https:\/\/www.facebook.com\/chocolatestheocr","article_modified_time":"2026-01-22T00:08:57+00:00","og_image":[{"width":802,"height":1200,"url":"https:\/\/www.chocolatestheocr.com\/wp-content\/uploads\/2026\/01\/eterno-valentin-rosa4a-1.jpg","type":"image\/jpeg"}],"twitter_card":"summary_large_image","schema":{"@context":"https:\/\/schema.org","@graph":[{"@type":"WebPage","@id":"https:\/\/www.chocolatestheocr.com\/shop\/fechas-especiales\/san-valentin\/eterno-valentin-rosa\/","url":"https:\/\/www.chocolatestheocr.com\/shop\/fechas-especiales\/san-valentin\/eterno-valentin-rosa\/","name":"Eterno Valent\u00edn Rosa","isPartOf":{"@id":"https:\/\/www.chocolatestheocr.com\/#website"},"primaryImageOfPage":{"@id":"https:\/\/www.chocolatestheocr.com\/shop\/fechas-especiales\/san-valentin\/eterno-valentin-rosa\/#primaryimage"},"image":{"@id":"https:\/\/www.chocolatestheocr.com\/shop\/fechas-especiales\/san-valentin\/eterno-valentin-rosa\/#primaryimage"},"thumbnailUrl":"https:\/\/www.chocolatestheocr.com\/wp-content\/uploads\/2026\/01\/eterno-valentin-rosa4a-1.jpg","datePublished":"2026-01-17T13:44:59+00:00","dateModified":"2026-01-22T00:08:57+00:00","description":"Eterno Valent\u00edn Rosa Caja de vino y fresas perfecta para compartir con tu persona especial y tener un d\u00eda maravilloso. Esta detalle incluye un vino de 750ml con la etiqueta personalizada, tres fresas cubiertas de chocolate con apliques de corazones, tres corazones de chocolate y tres rosas rosadas. El empaque de este producto es una caja blanca de cart\u00f3n r\u00edgido decorado con una etiqueta y lazo de tela.","breadcrumb":{"@id":"https:\/\/www.chocolatestheocr.com\/shop\/fechas-especiales\/san-valentin\/eterno-valentin-rosa\/#breadcrumb"},"inLanguage":"en-US","potentialAction":[{"@type":"ReadAction","target":["https:\/\/www.chocolatestheocr.com\/shop\/fechas-especiales\/san-valentin\/eterno-valentin-rosa\/"]}]},{"@type":"ImageObject","inLanguage":"en-US","@id":"https:\/\/www.chocolatestheocr.com\/shop\/fechas-especiales\/san-valentin\/eterno-valentin-rosa\/#primaryimage","url":"https:\/\/www.chocolatestheocr.com\/wp-content\/uploads\/2026\/01\/eterno-valentin-rosa4a-1.jpg","contentUrl":"https:\/\/www.chocolatestheocr.com\/wp-content\/uploads\/2026\/01\/eterno-valentin-rosa4a-1.jpg","width":802,"height":1200,"caption":"eterno-valentin-rosa4a (1)"},{"@type":"BreadcrumbList","@id":"https:\/\/www.chocolatestheocr.com\/shop\/fechas-especiales\/san-valentin\/eterno-valentin-rosa\/#breadcrumb","itemListElement":[{"@type":"ListItem","position":1,"name":"Portada","item":"https:\/\/www.chocolatestheocr.com\/"},{"@type":"ListItem","position":2,"name":"Tienda","item":"https:\/\/www.chocolatestheocr.com\/shop\/"},{"@type":"ListItem","position":3,"name":"Eterno Valent\u00edn Rosa"}]},{"@type":"WebSite","@id":"https:\/\/www.chocolatestheocr.com\/#website","url":"https:\/\/www.chocolatestheocr.com\/","name":"Chocolates Theo","description":"","publisher":{"@id":"https:\/\/www.chocolatestheocr.com\/#organization"},"potentialAction":[{"@type":"SearchAction","target":{"@type":"EntryPoint","urlTemplate":"https:\/\/www.chocolatestheocr.com\/?s={search_term_string}"},"query-input":{"@type":"PropertyValueSpecification","valueRequired":true,"valueName":"search_term_string"}}],"inLanguage":"en-US"},{"@type":"Organization","@id":"https:\/\/www.chocolatestheocr.com\/#organization","name":"Chocolates Theo","url":"https:\/\/www.chocolatestheocr.com\/","logo":{"@type":"ImageObject","inLanguage":"en-US","@id":"https:\/\/www.chocolatestheocr.com\/#\/schema\/logo\/image\/","url":"https:\/\/www.chocolatestheocr.com\/wp-content\/uploads\/2021\/10\/Logo-Chocolates-Theo.jpg","contentUrl":"https:\/\/www.chocolatestheocr.com\/wp-content\/uploads\/2021\/10\/Logo-Chocolates-Theo.jpg","width":600,"height":600,"caption":"Chocolates Theo"},"image":{"@id":"https:\/\/www.chocolatestheocr.com\/#\/schema\/logo\/image\/"},"sameAs":["https:\/\/www.facebook.com\/chocolatestheocr","https:\/\/www.instagram.com\/chocolates_theo\/","https:\/\/www.youtube.com\/channel\/UCcgAI69rswAd2FY1Ubvmcxw"]}]}},"_links":{"self":[{"href":"https:\/\/www.chocolatestheocr.com\/en\/wp-json\/wp\/v2\/product\/18831","targetHints":{"allow":["GET"]}}],"collection":[{"href":"https:\/\/www.chocolatestheocr.com\/en\/wp-json\/wp\/v2\/product"}],"about":[{"href":"https:\/\/www.chocolatestheocr.com\/en\/wp-json\/wp\/v2\/types\/product"}],"version-history":[{"count":0,"href":"https:\/\/www.chocolatestheocr.com\/en\/wp-json\/wp\/v2\/product\/18831\/revisions"}],"wp:featuredmedia":[{"embeddable":true,"href":"https:\/\/www.chocolatestheocr.com\/en\/wp-json\/wp\/v2\/media\/18909"}],"wp:attachment":[{"href":"https:\/\/www.chocolatestheocr.com\/en\/wp-json\/wp\/v2\/media?parent=18831"}],"wp:term":[{"taxonomy":"product_brand","embeddable":true,"href":"https:\/\/www.chocolatestheocr.com\/en\/wp-json\/wp\/v2\/product_brand?post=18831"},{"taxonomy":"product_cat","embeddable":true,"href":"https:\/\/www.chocolatestheocr.com\/en\/wp-json\/wp\/v2\/product_cat?post=18831"},{"taxonomy":"product_tag","embeddable":true,"href":"https:\/\/www.chocolatestheocr.com\/en\/wp-json\/wp\/v2\/product_tag?post=18831"}],"curies":[{"name":"wp","href":"https:\/\/api.w.org\/{rel}","templated":true}]}}