{"id":18412,"date":"2025-11-25T12:04:04","date_gmt":"2025-11-25T18:04:04","guid":{"rendered":"https:\/\/www.chocolatestheocr.com\/?post_type=product&#038;p=18412"},"modified":"2025-11-25T12:04:21","modified_gmt":"2025-11-25T18:04:21","slug":"caja-dubai-la-felicidad-en-una-caja","status":"publish","type":"product","link":"https:\/\/www.chocolatestheocr.com\/en\/shop\/all\/caja-dubai-la-felicidad-en-una-caja\/","title":{"rendered":"Caja Dub\u00e1i &#8220;La felicidad en una caja\u201d"},"content":{"rendered":"<p>Caja Dub\u00e1i &#8220;La felicidad en una caja\u201d<br \/>\nUna caja perfecta para compartir momentos dulces, es ideal para regalar, celebrar o simplemente consentirse; contiene fresas frescas y acompa\u00f1amientos deliciosos, nuestra deliciosa receta de chocolate de Dub\u00e1i (semillas de pistacho y pasta filo kataifi) y crema de chocolate.<\/p>\n<p>Empacada en una caja larga de cart\u00f3n r\u00edgido blanco, con la tapa personalizada, lazo y colilla.<\/p>","protected":false},"excerpt":{"rendered":"<p>Caja Dub\u00e1i &#8220;La felicidad en una caja\u201d<br \/>\nUna caja perfecta para compartir momentos dulces, es ideal para regalar, celebrar o simplemente consentirse; contiene fresas frescas y acompa\u00f1amientos deliciosos, nuestra deliciosa receta de chocolate de Dub\u00e1i (semillas de pistacho y pasta filo kataifi) y crema de chocolate.<\/p>\n<p>Empacada en una caja larga de cart\u00f3n r\u00edgido blanco, con la tapa personalizada, lazo y colilla.<\/p>","protected":false},"featured_media":18417,"template":"","meta":[],"product_brand":[361],"product_cat":[72,591,41],"product_tag":[149,144,791,127,264],"class_list":{"0":"post-18412","1":"product","2":"type-product","3":"status-publish","4":"has-post-thumbnail","6":"product_brand-chocolates-theo","7":"product_cat-cajas","8":"product_cat-destacados","9":"product_cat-all","10":"product_tag-caja","11":"product_tag-chocolate","12":"product_tag-chocolate-de-duabi","13":"product_tag-fresas","14":"product_tag-personalizado","16":"first","17":"instock","18":"shipping-taxable","19":"purchasable","20":"product-type-simple"},"yoast_head":"<!-- This site is optimized with the Yoast SEO plugin v27.3 - https:\/\/yoast.com\/product\/yoast-seo-wordpress\/ -->\n<title>Caja Dub\u00e1i &quot;La felicidad en una caja\u201d\/ Chocolate de Dub\u00e1i\/Costa Rica<\/title>\n<meta name=\"description\" content=\"Caja Dub\u00e1i &quot;La felicidad en una caja\u201d Una caja perfecta para compartir momentos dulces, es ideal para regalar, celebrar o simplemente consentirse; contiene fresas frescas y acompa\u00f1amientos deliciosos, nuestra deliciosa receta de chocolate de Dub\u00e1i (semillas de pistacho y pasta filo kataifi) y crema de chocolate.  Empacada en una caja larga de cart\u00f3n r\u00edgido blanco, con la tapa personalizada, lazo y colilla.\" \/>\n<meta name=\"robots\" content=\"index, follow, max-snippet:-1, max-image-preview:large, max-video-preview:-1\" \/>\n<link rel=\"canonical\" href=\"https:\/\/www.chocolatestheocr.com\/en\/shop\/all\/caja-dubai-la-felicidad-en-una-caja\/\" \/>\n<meta property=\"og:locale\" content=\"en_US\" \/>\n<meta property=\"og:type\" content=\"article\" \/>\n<meta property=\"og:title\" content=\"Caja Dub\u00e1i &quot;La felicidad en una caja\u201d\/ Chocolate de Dub\u00e1i\/Costa Rica\" \/>\n<meta property=\"og:description\" content=\"Caja Dub\u00e1i &quot;La felicidad en una caja\u201d Una caja perfecta para compartir momentos dulces, es ideal para regalar, celebrar o simplemente consentirse; contiene fresas frescas y acompa\u00f1amientos deliciosos, nuestra deliciosa receta de chocolate de Dub\u00e1i (semillas de pistacho y pasta filo kataifi) y crema de chocolate.  Empacada en una caja larga de cart\u00f3n r\u00edgido blanco, con la tapa personalizada, lazo y colilla.\" \/>\n<meta property=\"og:url\" content=\"https:\/\/www.chocolatestheocr.com\/en\/shop\/all\/caja-dubai-la-felicidad-en-una-caja\/\" \/>\n<meta property=\"og:site_name\" content=\"Chocolates Theo\" \/>\n<meta property=\"article:publisher\" content=\"https:\/\/www.facebook.com\/chocolatestheocr\" \/>\n<meta property=\"article:modified_time\" content=\"2025-11-25T18:04:21+00:00\" \/>\n<meta property=\"og:image\" content=\"https:\/\/www.chocolatestheocr.com\/wp-content\/uploads\/2025\/11\/caja-larga-dubai02.jpg\" \/>\n\t<meta property=\"og:image:width\" content=\"800\" \/>\n\t<meta property=\"og:image:height\" content=\"1200\" \/>\n\t<meta property=\"og:image:type\" content=\"image\/jpeg\" \/>\n<meta name=\"twitter:card\" content=\"summary_large_image\" \/>\n<script type=\"application\/ld+json\" class=\"yoast-schema-graph\">{\"@context\":\"https:\\\/\\\/schema.org\",\"@graph\":[{\"@type\":\"WebPage\",\"@id\":\"https:\\\/\\\/www.chocolatestheocr.com\\\/shop\\\/all\\\/caja-dubai-la-felicidad-en-una-caja\\\/\",\"url\":\"https:\\\/\\\/www.chocolatestheocr.com\\\/shop\\\/all\\\/caja-dubai-la-felicidad-en-una-caja\\\/\",\"name\":\"Caja Dub\u00e1i \\\"La felicidad en una caja\u201d\\\/ Chocolate de Dub\u00e1i\\\/Costa Rica\",\"isPartOf\":{\"@id\":\"https:\\\/\\\/www.chocolatestheocr.com\\\/#website\"},\"primaryImageOfPage\":{\"@id\":\"https:\\\/\\\/www.chocolatestheocr.com\\\/shop\\\/all\\\/caja-dubai-la-felicidad-en-una-caja\\\/#primaryimage\"},\"image\":{\"@id\":\"https:\\\/\\\/www.chocolatestheocr.com\\\/shop\\\/all\\\/caja-dubai-la-felicidad-en-una-caja\\\/#primaryimage\"},\"thumbnailUrl\":\"https:\\\/\\\/www.chocolatestheocr.com\\\/wp-content\\\/uploads\\\/2025\\\/11\\\/caja-larga-dubai02.jpg\",\"datePublished\":\"2025-11-25T18:04:04+00:00\",\"dateModified\":\"2025-11-25T18:04:21+00:00\",\"description\":\"Caja Dub\u00e1i \\\"La felicidad en una caja\u201d Una caja perfecta para compartir momentos dulces, es ideal para regalar, celebrar o simplemente consentirse; contiene fresas frescas y acompa\u00f1amientos deliciosos, nuestra deliciosa receta de chocolate de Dub\u00e1i (semillas de pistacho y pasta filo kataifi) y crema de chocolate. Empacada en una caja larga de cart\u00f3n r\u00edgido blanco, con la tapa personalizada, lazo y colilla.\",\"breadcrumb\":{\"@id\":\"https:\\\/\\\/www.chocolatestheocr.com\\\/shop\\\/all\\\/caja-dubai-la-felicidad-en-una-caja\\\/#breadcrumb\"},\"inLanguage\":\"en-US\",\"potentialAction\":[{\"@type\":\"ReadAction\",\"target\":[\"https:\\\/\\\/www.chocolatestheocr.com\\\/shop\\\/all\\\/caja-dubai-la-felicidad-en-una-caja\\\/\"]}]},{\"@type\":\"ImageObject\",\"inLanguage\":\"en-US\",\"@id\":\"https:\\\/\\\/www.chocolatestheocr.com\\\/shop\\\/all\\\/caja-dubai-la-felicidad-en-una-caja\\\/#primaryimage\",\"url\":\"https:\\\/\\\/www.chocolatestheocr.com\\\/wp-content\\\/uploads\\\/2025\\\/11\\\/caja-larga-dubai02.jpg\",\"contentUrl\":\"https:\\\/\\\/www.chocolatestheocr.com\\\/wp-content\\\/uploads\\\/2025\\\/11\\\/caja-larga-dubai02.jpg\",\"width\":800,\"height\":1200,\"caption\":\"caja larga dubai\"},{\"@type\":\"BreadcrumbList\",\"@id\":\"https:\\\/\\\/www.chocolatestheocr.com\\\/shop\\\/all\\\/caja-dubai-la-felicidad-en-una-caja\\\/#breadcrumb\",\"itemListElement\":[{\"@type\":\"ListItem\",\"position\":1,\"name\":\"Portada\",\"item\":\"https:\\\/\\\/www.chocolatestheocr.com\\\/\"},{\"@type\":\"ListItem\",\"position\":2,\"name\":\"Tienda\",\"item\":\"https:\\\/\\\/www.chocolatestheocr.com\\\/shop\\\/\"},{\"@type\":\"ListItem\",\"position\":3,\"name\":\"Caja Dub\u00e1i &#8220;La felicidad en una caja\u201d\"}]},{\"@type\":\"WebSite\",\"@id\":\"https:\\\/\\\/www.chocolatestheocr.com\\\/#website\",\"url\":\"https:\\\/\\\/www.chocolatestheocr.com\\\/\",\"name\":\"Chocolates Theo\",\"description\":\"\",\"publisher\":{\"@id\":\"https:\\\/\\\/www.chocolatestheocr.com\\\/#organization\"},\"potentialAction\":[{\"@type\":\"SearchAction\",\"target\":{\"@type\":\"EntryPoint\",\"urlTemplate\":\"https:\\\/\\\/www.chocolatestheocr.com\\\/?s={search_term_string}\"},\"query-input\":{\"@type\":\"PropertyValueSpecification\",\"valueRequired\":true,\"valueName\":\"search_term_string\"}}],\"inLanguage\":\"en-US\"},{\"@type\":\"Organization\",\"@id\":\"https:\\\/\\\/www.chocolatestheocr.com\\\/#organization\",\"name\":\"Chocolates Theo\",\"url\":\"https:\\\/\\\/www.chocolatestheocr.com\\\/\",\"logo\":{\"@type\":\"ImageObject\",\"inLanguage\":\"en-US\",\"@id\":\"https:\\\/\\\/www.chocolatestheocr.com\\\/#\\\/schema\\\/logo\\\/image\\\/\",\"url\":\"https:\\\/\\\/www.chocolatestheocr.com\\\/wp-content\\\/uploads\\\/2021\\\/10\\\/Logo-Chocolates-Theo.jpg\",\"contentUrl\":\"https:\\\/\\\/www.chocolatestheocr.com\\\/wp-content\\\/uploads\\\/2021\\\/10\\\/Logo-Chocolates-Theo.jpg\",\"width\":600,\"height\":600,\"caption\":\"Chocolates Theo\"},\"image\":{\"@id\":\"https:\\\/\\\/www.chocolatestheocr.com\\\/#\\\/schema\\\/logo\\\/image\\\/\"},\"sameAs\":[\"https:\\\/\\\/www.facebook.com\\\/chocolatestheocr\",\"https:\\\/\\\/www.instagram.com\\\/chocolates_theo\\\/\",\"https:\\\/\\\/www.youtube.com\\\/channel\\\/UCcgAI69rswAd2FY1Ubvmcxw\"]}]}<\/script>\n<!-- \/ Yoast SEO plugin. -->","yoast_head_json":{"title":"Caja Dub\u00e1i \"La felicidad en una caja\u201d\/ Chocolate de Dub\u00e1i\/Costa Rica","description":"Caja Dub\u00e1i \"La felicidad en una caja\u201d Una caja perfecta para compartir momentos dulces, es ideal para regalar, celebrar o simplemente consentirse; contiene fresas frescas y acompa\u00f1amientos deliciosos, nuestra deliciosa receta de chocolate de Dub\u00e1i (semillas de pistacho y pasta filo kataifi) y crema de chocolate.  Empacada en una caja larga de cart\u00f3n r\u00edgido blanco, con la tapa personalizada, lazo y colilla.","robots":{"index":"index","follow":"follow","max-snippet":"max-snippet:-1","max-image-preview":"max-image-preview:large","max-video-preview":"max-video-preview:-1"},"canonical":"https:\/\/www.chocolatestheocr.com\/en\/shop\/all\/caja-dubai-la-felicidad-en-una-caja\/","og_locale":"en_US","og_type":"article","og_title":"Caja Dub\u00e1i \"La felicidad en una caja\u201d\/ Chocolate de Dub\u00e1i\/Costa Rica","og_description":"Caja Dub\u00e1i \"La felicidad en una caja\u201d Una caja perfecta para compartir momentos dulces, es ideal para regalar, celebrar o simplemente consentirse; contiene fresas frescas y acompa\u00f1amientos deliciosos, nuestra deliciosa receta de chocolate de Dub\u00e1i (semillas de pistacho y pasta filo kataifi) y crema de chocolate.  Empacada en una caja larga de cart\u00f3n r\u00edgido blanco, con la tapa personalizada, lazo y colilla.","og_url":"https:\/\/www.chocolatestheocr.com\/en\/shop\/all\/caja-dubai-la-felicidad-en-una-caja\/","og_site_name":"Chocolates Theo","article_publisher":"https:\/\/www.facebook.com\/chocolatestheocr","article_modified_time":"2025-11-25T18:04:21+00:00","og_image":[{"width":800,"height":1200,"url":"https:\/\/www.chocolatestheocr.com\/wp-content\/uploads\/2025\/11\/caja-larga-dubai02.jpg","type":"image\/jpeg"}],"twitter_card":"summary_large_image","schema":{"@context":"https:\/\/schema.org","@graph":[{"@type":"WebPage","@id":"https:\/\/www.chocolatestheocr.com\/shop\/all\/caja-dubai-la-felicidad-en-una-caja\/","url":"https:\/\/www.chocolatestheocr.com\/shop\/all\/caja-dubai-la-felicidad-en-una-caja\/","name":"Caja Dub\u00e1i \"La felicidad en una caja\u201d\/ Chocolate de Dub\u00e1i\/Costa Rica","isPartOf":{"@id":"https:\/\/www.chocolatestheocr.com\/#website"},"primaryImageOfPage":{"@id":"https:\/\/www.chocolatestheocr.com\/shop\/all\/caja-dubai-la-felicidad-en-una-caja\/#primaryimage"},"image":{"@id":"https:\/\/www.chocolatestheocr.com\/shop\/all\/caja-dubai-la-felicidad-en-una-caja\/#primaryimage"},"thumbnailUrl":"https:\/\/www.chocolatestheocr.com\/wp-content\/uploads\/2025\/11\/caja-larga-dubai02.jpg","datePublished":"2025-11-25T18:04:04+00:00","dateModified":"2025-11-25T18:04:21+00:00","description":"Caja Dub\u00e1i \"La felicidad en una caja\u201d Una caja perfecta para compartir momentos dulces, es ideal para regalar, celebrar o simplemente consentirse; contiene fresas frescas y acompa\u00f1amientos deliciosos, nuestra deliciosa receta de chocolate de Dub\u00e1i (semillas de pistacho y pasta filo kataifi) y crema de chocolate. Empacada en una caja larga de cart\u00f3n r\u00edgido blanco, con la tapa personalizada, lazo y colilla.","breadcrumb":{"@id":"https:\/\/www.chocolatestheocr.com\/shop\/all\/caja-dubai-la-felicidad-en-una-caja\/#breadcrumb"},"inLanguage":"en-US","potentialAction":[{"@type":"ReadAction","target":["https:\/\/www.chocolatestheocr.com\/shop\/all\/caja-dubai-la-felicidad-en-una-caja\/"]}]},{"@type":"ImageObject","inLanguage":"en-US","@id":"https:\/\/www.chocolatestheocr.com\/shop\/all\/caja-dubai-la-felicidad-en-una-caja\/#primaryimage","url":"https:\/\/www.chocolatestheocr.com\/wp-content\/uploads\/2025\/11\/caja-larga-dubai02.jpg","contentUrl":"https:\/\/www.chocolatestheocr.com\/wp-content\/uploads\/2025\/11\/caja-larga-dubai02.jpg","width":800,"height":1200,"caption":"caja larga dubai"},{"@type":"BreadcrumbList","@id":"https:\/\/www.chocolatestheocr.com\/shop\/all\/caja-dubai-la-felicidad-en-una-caja\/#breadcrumb","itemListElement":[{"@type":"ListItem","position":1,"name":"Portada","item":"https:\/\/www.chocolatestheocr.com\/"},{"@type":"ListItem","position":2,"name":"Tienda","item":"https:\/\/www.chocolatestheocr.com\/shop\/"},{"@type":"ListItem","position":3,"name":"Caja Dub\u00e1i &#8220;La felicidad en una caja\u201d"}]},{"@type":"WebSite","@id":"https:\/\/www.chocolatestheocr.com\/#website","url":"https:\/\/www.chocolatestheocr.com\/","name":"Chocolates Theo","description":"","publisher":{"@id":"https:\/\/www.chocolatestheocr.com\/#organization"},"potentialAction":[{"@type":"SearchAction","target":{"@type":"EntryPoint","urlTemplate":"https:\/\/www.chocolatestheocr.com\/?s={search_term_string}"},"query-input":{"@type":"PropertyValueSpecification","valueRequired":true,"valueName":"search_term_string"}}],"inLanguage":"en-US"},{"@type":"Organization","@id":"https:\/\/www.chocolatestheocr.com\/#organization","name":"Chocolates Theo","url":"https:\/\/www.chocolatestheocr.com\/","logo":{"@type":"ImageObject","inLanguage":"en-US","@id":"https:\/\/www.chocolatestheocr.com\/#\/schema\/logo\/image\/","url":"https:\/\/www.chocolatestheocr.com\/wp-content\/uploads\/2021\/10\/Logo-Chocolates-Theo.jpg","contentUrl":"https:\/\/www.chocolatestheocr.com\/wp-content\/uploads\/2021\/10\/Logo-Chocolates-Theo.jpg","width":600,"height":600,"caption":"Chocolates Theo"},"image":{"@id":"https:\/\/www.chocolatestheocr.com\/#\/schema\/logo\/image\/"},"sameAs":["https:\/\/www.facebook.com\/chocolatestheocr","https:\/\/www.instagram.com\/chocolates_theo\/","https:\/\/www.youtube.com\/channel\/UCcgAI69rswAd2FY1Ubvmcxw"]}]}},"_links":{"self":[{"href":"https:\/\/www.chocolatestheocr.com\/en\/wp-json\/wp\/v2\/product\/18412","targetHints":{"allow":["GET"]}}],"collection":[{"href":"https:\/\/www.chocolatestheocr.com\/en\/wp-json\/wp\/v2\/product"}],"about":[{"href":"https:\/\/www.chocolatestheocr.com\/en\/wp-json\/wp\/v2\/types\/product"}],"version-history":[{"count":0,"href":"https:\/\/www.chocolatestheocr.com\/en\/wp-json\/wp\/v2\/product\/18412\/revisions"}],"wp:featuredmedia":[{"embeddable":true,"href":"https:\/\/www.chocolatestheocr.com\/en\/wp-json\/wp\/v2\/media\/18417"}],"wp:attachment":[{"href":"https:\/\/www.chocolatestheocr.com\/en\/wp-json\/wp\/v2\/media?parent=18412"}],"wp:term":[{"taxonomy":"product_brand","embeddable":true,"href":"https:\/\/www.chocolatestheocr.com\/en\/wp-json\/wp\/v2\/product_brand?post=18412"},{"taxonomy":"product_cat","embeddable":true,"href":"https:\/\/www.chocolatestheocr.com\/en\/wp-json\/wp\/v2\/product_cat?post=18412"},{"taxonomy":"product_tag","embeddable":true,"href":"https:\/\/www.chocolatestheocr.com\/en\/wp-json\/wp\/v2\/product_tag?post=18412"}],"curies":[{"name":"wp","href":"https:\/\/api.w.org\/{rel}","templated":true}]}}