{"id":18259,"date":"2025-10-28T11:01:58","date_gmt":"2025-10-28T17:01:58","guid":{"rendered":"https:\/\/www.chocolatestheocr.com\/?post_type=product&#038;p=18259"},"modified":"2026-01-12T13:23:08","modified_gmt":"2026-01-12T19:23:08","slug":"caja-dulce-navidad","status":"publish","type":"product","link":"https:\/\/www.chocolatestheocr.com\/en\/shop\/fechas-especiales\/navidad\/caja-dulce-navidad\/","title":{"rendered":"Caja &#8220;Dulce Navidad&#8221;"},"content":{"rendered":"<p>Caja &#8220;Dulce Navidad&#8221;<\/p>\n<p>La caja perfecta para disfrutar en una tarde navide\u00f1a, un excelente detalle empresarial, esta caja contiene<\/p>\n<ul>\n<li>Queque navide\u00f1o con cobertura de crema de chocolate<\/li>\n<li>Botella de vino 185ml<\/li>\n<li>Caja de cart\u00f3n blanca r\u00edgida con tapa transparente personalizada, colillas navide\u00f1as y topper rojo del cascanueces<\/li>\n<\/ul>","protected":false},"excerpt":{"rendered":"<p>Caja &#8220;Dulce Navidad&#8221;<\/p>\n<p>La caja perfecta para disfrutar en una tarde navide\u00f1a, un excelente detalle empresarial, esta caja contiene<\/p>\n<ul>\n<li>Queque navide\u00f1o con cobertura de crema de chocolate<\/li>\n<li>Botella de vino 185ml<\/li>\n<li>Caja de cart\u00f3n blanca r\u00edgida con tapa transparente personalizada, colillas navide\u00f1as y topper rojo del cascanueces<\/li>\n<\/ul>","protected":false},"featured_media":18298,"template":"","meta":[],"product_brand":[361],"product_cat":[92,41],"product_tag":[619,273,262,435,102],"class_list":{"0":"post-18259","1":"product","2":"type-product","3":"status-publish","4":"has-post-thumbnail","6":"product_brand-chocolates-theo","7":"product_cat-navidad","8":"product_cat-all","9":"product_tag-brunch","10":"product_tag-empresariales","11":"product_tag-navidad","12":"product_tag-queque-navideno","13":"product_tag-vino","15":"first","16":"instock","17":"shipping-taxable","18":"purchasable","19":"product-type-simple"},"yoast_head":"<!-- This site is optimized with the Yoast SEO plugin v27.3 - https:\/\/yoast.com\/product\/yoast-seo-wordpress\/ -->\n<title>Caja &quot;Dulce Navidad&quot;\/ Queque navide\u00f1os\/ Chocolates navide\u00f1os<\/title>\n<meta name=\"description\" content=\"Caja &quot;Dulce Navidad&quot;  La caja perfecta para disfrutar en una tarde navide\u00f1a, un excelente detalle empresarial, esta caja contiene   Queque navide\u00f1o con cobertura de crema de chocolate  Botella de vino 185ml  Caja de cart\u00f3n blanca r\u00edgida con tapa transparente personalizada, colillas navide\u00f1as y topper rojo del cascanueces\" \/>\n<meta name=\"robots\" content=\"index, follow, max-snippet:-1, max-image-preview:large, max-video-preview:-1\" \/>\n<link rel=\"canonical\" href=\"https:\/\/www.chocolatestheocr.com\/en\/shop\/fechas-especiales\/navidad\/caja-dulce-navidad\/\" \/>\n<meta property=\"og:locale\" content=\"en_US\" \/>\n<meta property=\"og:type\" content=\"article\" \/>\n<meta property=\"og:title\" content=\"Caja &quot;Dulce Navidad&quot;\/ Queque navide\u00f1os\/ Chocolates navide\u00f1os\" \/>\n<meta property=\"og:description\" content=\"Caja &quot;Dulce Navidad&quot;  La caja perfecta para disfrutar en una tarde navide\u00f1a, un excelente detalle empresarial, esta caja contiene   Queque navide\u00f1o con cobertura de crema de chocolate  Botella de vino 185ml  Caja de cart\u00f3n blanca r\u00edgida con tapa transparente personalizada, colillas navide\u00f1as y topper rojo del cascanueces\" \/>\n<meta property=\"og:url\" content=\"https:\/\/www.chocolatestheocr.com\/en\/shop\/fechas-especiales\/navidad\/caja-dulce-navidad\/\" \/>\n<meta property=\"og:site_name\" content=\"Chocolates Theo\" \/>\n<meta property=\"article:publisher\" content=\"https:\/\/www.facebook.com\/chocolatestheocr\" \/>\n<meta property=\"article:modified_time\" content=\"2026-01-12T19:23:08+00:00\" \/>\n<meta property=\"og:image\" content=\"https:\/\/www.chocolatestheocr.com\/wp-content\/uploads\/2025\/10\/Caja-Dulce-Navidad-2.jpeg\" \/>\n\t<meta property=\"og:image:width\" content=\"854\" \/>\n\t<meta property=\"og:image:height\" content=\"1280\" \/>\n\t<meta property=\"og:image:type\" content=\"image\/jpeg\" \/>\n<meta name=\"twitter:card\" content=\"summary_large_image\" \/>\n<script type=\"application\/ld+json\" class=\"yoast-schema-graph\">{\"@context\":\"https:\\\/\\\/schema.org\",\"@graph\":[{\"@type\":\"WebPage\",\"@id\":\"https:\\\/\\\/www.chocolatestheocr.com\\\/shop\\\/fechas-especiales\\\/navidad\\\/caja-dulce-navidad\\\/\",\"url\":\"https:\\\/\\\/www.chocolatestheocr.com\\\/shop\\\/fechas-especiales\\\/navidad\\\/caja-dulce-navidad\\\/\",\"name\":\"Caja \\\"Dulce Navidad\\\"\\\/ Queque navide\u00f1os\\\/ Chocolates navide\u00f1os\",\"isPartOf\":{\"@id\":\"https:\\\/\\\/www.chocolatestheocr.com\\\/#website\"},\"primaryImageOfPage\":{\"@id\":\"https:\\\/\\\/www.chocolatestheocr.com\\\/shop\\\/fechas-especiales\\\/navidad\\\/caja-dulce-navidad\\\/#primaryimage\"},\"image\":{\"@id\":\"https:\\\/\\\/www.chocolatestheocr.com\\\/shop\\\/fechas-especiales\\\/navidad\\\/caja-dulce-navidad\\\/#primaryimage\"},\"thumbnailUrl\":\"https:\\\/\\\/www.chocolatestheocr.com\\\/wp-content\\\/uploads\\\/2025\\\/10\\\/Caja-Dulce-Navidad-2.jpeg\",\"datePublished\":\"2025-10-28T17:01:58+00:00\",\"dateModified\":\"2026-01-12T19:23:08+00:00\",\"description\":\"Caja \\\"Dulce Navidad\\\" La caja perfecta para disfrutar en una tarde navide\u00f1a, un excelente detalle empresarial, esta caja contiene Queque navide\u00f1o con cobertura de crema de chocolate Botella de vino 185ml Caja de cart\u00f3n blanca r\u00edgida con tapa transparente personalizada, colillas navide\u00f1as y topper rojo del cascanueces\",\"breadcrumb\":{\"@id\":\"https:\\\/\\\/www.chocolatestheocr.com\\\/shop\\\/fechas-especiales\\\/navidad\\\/caja-dulce-navidad\\\/#breadcrumb\"},\"inLanguage\":\"en-US\",\"potentialAction\":[{\"@type\":\"ReadAction\",\"target\":[\"https:\\\/\\\/www.chocolatestheocr.com\\\/shop\\\/fechas-especiales\\\/navidad\\\/caja-dulce-navidad\\\/\"]}]},{\"@type\":\"ImageObject\",\"inLanguage\":\"en-US\",\"@id\":\"https:\\\/\\\/www.chocolatestheocr.com\\\/shop\\\/fechas-especiales\\\/navidad\\\/caja-dulce-navidad\\\/#primaryimage\",\"url\":\"https:\\\/\\\/www.chocolatestheocr.com\\\/wp-content\\\/uploads\\\/2025\\\/10\\\/Caja-Dulce-Navidad-2.jpeg\",\"contentUrl\":\"https:\\\/\\\/www.chocolatestheocr.com\\\/wp-content\\\/uploads\\\/2025\\\/10\\\/Caja-Dulce-Navidad-2.jpeg\",\"width\":854,\"height\":1280,\"caption\":\"Caja Dulce Navidad 2\"},{\"@type\":\"BreadcrumbList\",\"@id\":\"https:\\\/\\\/www.chocolatestheocr.com\\\/shop\\\/fechas-especiales\\\/navidad\\\/caja-dulce-navidad\\\/#breadcrumb\",\"itemListElement\":[{\"@type\":\"ListItem\",\"position\":1,\"name\":\"Portada\",\"item\":\"https:\\\/\\\/www.chocolatestheocr.com\\\/\"},{\"@type\":\"ListItem\",\"position\":2,\"name\":\"Tienda\",\"item\":\"https:\\\/\\\/www.chocolatestheocr.com\\\/shop\\\/\"},{\"@type\":\"ListItem\",\"position\":3,\"name\":\"Caja &#8220;Dulce Navidad&#8221;\"}]},{\"@type\":\"WebSite\",\"@id\":\"https:\\\/\\\/www.chocolatestheocr.com\\\/#website\",\"url\":\"https:\\\/\\\/www.chocolatestheocr.com\\\/\",\"name\":\"Chocolates Theo\",\"description\":\"\",\"publisher\":{\"@id\":\"https:\\\/\\\/www.chocolatestheocr.com\\\/#organization\"},\"potentialAction\":[{\"@type\":\"SearchAction\",\"target\":{\"@type\":\"EntryPoint\",\"urlTemplate\":\"https:\\\/\\\/www.chocolatestheocr.com\\\/?s={search_term_string}\"},\"query-input\":{\"@type\":\"PropertyValueSpecification\",\"valueRequired\":true,\"valueName\":\"search_term_string\"}}],\"inLanguage\":\"en-US\"},{\"@type\":\"Organization\",\"@id\":\"https:\\\/\\\/www.chocolatestheocr.com\\\/#organization\",\"name\":\"Chocolates Theo\",\"url\":\"https:\\\/\\\/www.chocolatestheocr.com\\\/\",\"logo\":{\"@type\":\"ImageObject\",\"inLanguage\":\"en-US\",\"@id\":\"https:\\\/\\\/www.chocolatestheocr.com\\\/#\\\/schema\\\/logo\\\/image\\\/\",\"url\":\"https:\\\/\\\/www.chocolatestheocr.com\\\/wp-content\\\/uploads\\\/2021\\\/10\\\/Logo-Chocolates-Theo.jpg\",\"contentUrl\":\"https:\\\/\\\/www.chocolatestheocr.com\\\/wp-content\\\/uploads\\\/2021\\\/10\\\/Logo-Chocolates-Theo.jpg\",\"width\":600,\"height\":600,\"caption\":\"Chocolates Theo\"},\"image\":{\"@id\":\"https:\\\/\\\/www.chocolatestheocr.com\\\/#\\\/schema\\\/logo\\\/image\\\/\"},\"sameAs\":[\"https:\\\/\\\/www.facebook.com\\\/chocolatestheocr\",\"https:\\\/\\\/www.instagram.com\\\/chocolates_theo\\\/\",\"https:\\\/\\\/www.youtube.com\\\/channel\\\/UCcgAI69rswAd2FY1Ubvmcxw\"]}]}<\/script>\n<!-- \/ Yoast SEO plugin. -->","yoast_head_json":{"title":"Caja \"Dulce Navidad\"\/ Queque navide\u00f1os\/ Chocolates navide\u00f1os","description":"Caja \"Dulce Navidad\"  La caja perfecta para disfrutar en una tarde navide\u00f1a, un excelente detalle empresarial, esta caja contiene   Queque navide\u00f1o con cobertura de crema de chocolate  Botella de vino 185ml  Caja de cart\u00f3n blanca r\u00edgida con tapa transparente personalizada, colillas navide\u00f1as y topper rojo del cascanueces","robots":{"index":"index","follow":"follow","max-snippet":"max-snippet:-1","max-image-preview":"max-image-preview:large","max-video-preview":"max-video-preview:-1"},"canonical":"https:\/\/www.chocolatestheocr.com\/en\/shop\/fechas-especiales\/navidad\/caja-dulce-navidad\/","og_locale":"en_US","og_type":"article","og_title":"Caja \"Dulce Navidad\"\/ Queque navide\u00f1os\/ Chocolates navide\u00f1os","og_description":"Caja \"Dulce Navidad\"  La caja perfecta para disfrutar en una tarde navide\u00f1a, un excelente detalle empresarial, esta caja contiene   Queque navide\u00f1o con cobertura de crema de chocolate  Botella de vino 185ml  Caja de cart\u00f3n blanca r\u00edgida con tapa transparente personalizada, colillas navide\u00f1as y topper rojo del cascanueces","og_url":"https:\/\/www.chocolatestheocr.com\/en\/shop\/fechas-especiales\/navidad\/caja-dulce-navidad\/","og_site_name":"Chocolates Theo","article_publisher":"https:\/\/www.facebook.com\/chocolatestheocr","article_modified_time":"2026-01-12T19:23:08+00:00","og_image":[{"width":854,"height":1280,"url":"https:\/\/www.chocolatestheocr.com\/wp-content\/uploads\/2025\/10\/Caja-Dulce-Navidad-2.jpeg","type":"image\/jpeg"}],"twitter_card":"summary_large_image","schema":{"@context":"https:\/\/schema.org","@graph":[{"@type":"WebPage","@id":"https:\/\/www.chocolatestheocr.com\/shop\/fechas-especiales\/navidad\/caja-dulce-navidad\/","url":"https:\/\/www.chocolatestheocr.com\/shop\/fechas-especiales\/navidad\/caja-dulce-navidad\/","name":"Caja \"Dulce Navidad\"\/ Queque navide\u00f1os\/ Chocolates navide\u00f1os","isPartOf":{"@id":"https:\/\/www.chocolatestheocr.com\/#website"},"primaryImageOfPage":{"@id":"https:\/\/www.chocolatestheocr.com\/shop\/fechas-especiales\/navidad\/caja-dulce-navidad\/#primaryimage"},"image":{"@id":"https:\/\/www.chocolatestheocr.com\/shop\/fechas-especiales\/navidad\/caja-dulce-navidad\/#primaryimage"},"thumbnailUrl":"https:\/\/www.chocolatestheocr.com\/wp-content\/uploads\/2025\/10\/Caja-Dulce-Navidad-2.jpeg","datePublished":"2025-10-28T17:01:58+00:00","dateModified":"2026-01-12T19:23:08+00:00","description":"Caja \"Dulce Navidad\" La caja perfecta para disfrutar en una tarde navide\u00f1a, un excelente detalle empresarial, esta caja contiene Queque navide\u00f1o con cobertura de crema de chocolate Botella de vino 185ml Caja de cart\u00f3n blanca r\u00edgida con tapa transparente personalizada, colillas navide\u00f1as y topper rojo del cascanueces","breadcrumb":{"@id":"https:\/\/www.chocolatestheocr.com\/shop\/fechas-especiales\/navidad\/caja-dulce-navidad\/#breadcrumb"},"inLanguage":"en-US","potentialAction":[{"@type":"ReadAction","target":["https:\/\/www.chocolatestheocr.com\/shop\/fechas-especiales\/navidad\/caja-dulce-navidad\/"]}]},{"@type":"ImageObject","inLanguage":"en-US","@id":"https:\/\/www.chocolatestheocr.com\/shop\/fechas-especiales\/navidad\/caja-dulce-navidad\/#primaryimage","url":"https:\/\/www.chocolatestheocr.com\/wp-content\/uploads\/2025\/10\/Caja-Dulce-Navidad-2.jpeg","contentUrl":"https:\/\/www.chocolatestheocr.com\/wp-content\/uploads\/2025\/10\/Caja-Dulce-Navidad-2.jpeg","width":854,"height":1280,"caption":"Caja Dulce Navidad 2"},{"@type":"BreadcrumbList","@id":"https:\/\/www.chocolatestheocr.com\/shop\/fechas-especiales\/navidad\/caja-dulce-navidad\/#breadcrumb","itemListElement":[{"@type":"ListItem","position":1,"name":"Portada","item":"https:\/\/www.chocolatestheocr.com\/"},{"@type":"ListItem","position":2,"name":"Tienda","item":"https:\/\/www.chocolatestheocr.com\/shop\/"},{"@type":"ListItem","position":3,"name":"Caja &#8220;Dulce Navidad&#8221;"}]},{"@type":"WebSite","@id":"https:\/\/www.chocolatestheocr.com\/#website","url":"https:\/\/www.chocolatestheocr.com\/","name":"Chocolates Theo","description":"","publisher":{"@id":"https:\/\/www.chocolatestheocr.com\/#organization"},"potentialAction":[{"@type":"SearchAction","target":{"@type":"EntryPoint","urlTemplate":"https:\/\/www.chocolatestheocr.com\/?s={search_term_string}"},"query-input":{"@type":"PropertyValueSpecification","valueRequired":true,"valueName":"search_term_string"}}],"inLanguage":"en-US"},{"@type":"Organization","@id":"https:\/\/www.chocolatestheocr.com\/#organization","name":"Chocolates Theo","url":"https:\/\/www.chocolatestheocr.com\/","logo":{"@type":"ImageObject","inLanguage":"en-US","@id":"https:\/\/www.chocolatestheocr.com\/#\/schema\/logo\/image\/","url":"https:\/\/www.chocolatestheocr.com\/wp-content\/uploads\/2021\/10\/Logo-Chocolates-Theo.jpg","contentUrl":"https:\/\/www.chocolatestheocr.com\/wp-content\/uploads\/2021\/10\/Logo-Chocolates-Theo.jpg","width":600,"height":600,"caption":"Chocolates Theo"},"image":{"@id":"https:\/\/www.chocolatestheocr.com\/#\/schema\/logo\/image\/"},"sameAs":["https:\/\/www.facebook.com\/chocolatestheocr","https:\/\/www.instagram.com\/chocolates_theo\/","https:\/\/www.youtube.com\/channel\/UCcgAI69rswAd2FY1Ubvmcxw"]}]}},"_links":{"self":[{"href":"https:\/\/www.chocolatestheocr.com\/en\/wp-json\/wp\/v2\/product\/18259","targetHints":{"allow":["GET"]}}],"collection":[{"href":"https:\/\/www.chocolatestheocr.com\/en\/wp-json\/wp\/v2\/product"}],"about":[{"href":"https:\/\/www.chocolatestheocr.com\/en\/wp-json\/wp\/v2\/types\/product"}],"version-history":[{"count":0,"href":"https:\/\/www.chocolatestheocr.com\/en\/wp-json\/wp\/v2\/product\/18259\/revisions"}],"wp:featuredmedia":[{"embeddable":true,"href":"https:\/\/www.chocolatestheocr.com\/en\/wp-json\/wp\/v2\/media\/18298"}],"wp:attachment":[{"href":"https:\/\/www.chocolatestheocr.com\/en\/wp-json\/wp\/v2\/media?parent=18259"}],"wp:term":[{"taxonomy":"product_brand","embeddable":true,"href":"https:\/\/www.chocolatestheocr.com\/en\/wp-json\/wp\/v2\/product_brand?post=18259"},{"taxonomy":"product_cat","embeddable":true,"href":"https:\/\/www.chocolatestheocr.com\/en\/wp-json\/wp\/v2\/product_cat?post=18259"},{"taxonomy":"product_tag","embeddable":true,"href":"https:\/\/www.chocolatestheocr.com\/en\/wp-json\/wp\/v2\/product_tag?post=18259"}],"curies":[{"name":"wp","href":"https:\/\/api.w.org\/{rel}","templated":true}]}}