{"id":18252,"date":"2025-10-28T10:32:16","date_gmt":"2025-10-28T16:32:16","guid":{"rendered":"https:\/\/www.chocolatestheocr.com\/?post_type=product&#038;p=18252"},"modified":"2026-01-12T13:29:32","modified_gmt":"2026-01-12T19:29:32","slug":"caja-felices-fiestas","status":"publish","type":"product","link":"https:\/\/www.chocolatestheocr.com\/en\/shop\/fechas-especiales\/navidad\/caja-felices-fiestas\/","title":{"rendered":"Caja &#8220;Felices Fiestas&#8221;"},"content":{"rendered":"<p>Caja &#8220;Felices Fiestas&#8221;<\/p>\n<p>Deliciosa caja con snacks dulces y salados, un detalle muy especial para dar. Esta caja contiene:<\/p>\n<ul>\n<li>Caja de dos fresas cubiertas de chocolate con aplique de estrella<\/li>\n<li>Bolsita de semillas mixtas<\/li>\n<li>Botellita de vidrio personalizada con rompope<\/li>\n<li>Bolsita con galletas choco-chips<\/li>\n<li>Tacita de jamones y quesos<\/li>\n<li>Caja de cart\u00f3n blanco r\u00edgido, con tapa transparente personalizada, colillas navide\u00f1as y lazo<\/li>\n<\/ul>","protected":false},"excerpt":{"rendered":"<p>Caja &#8220;Felices Fiestas&#8221;<\/p>\n<p>Deliciosa caja con snacks dulces y salados, un detalle muy especial para dar. Esta caja contiene:<\/p>\n<ul>\n<li>Caja de dos fresas cubiertas de chocolate con aplique de estrella<\/li>\n<li>Bolsita de semillas mixtas<\/li>\n<li>Botellita de vidrio personalizada con rompope<\/li>\n<li>Bolsita con galletas choco-chips<\/li>\n<li>Tacita de jamones y quesos<\/li>\n<li>Caja de cart\u00f3n blanco r\u00edgido, con tapa transparente personalizada, colillas navide\u00f1as y lazo<\/li>\n<\/ul>","protected":false},"featured_media":18256,"template":"","meta":[],"product_brand":[361],"product_cat":[92,41],"product_tag":[778,323,496,262,550,551],"class_list":{"0":"post-18252","1":"product","2":"type-product","3":"status-publish","4":"has-post-thumbnail","6":"product_brand-chocolates-theo","7":"product_cat-navidad","8":"product_cat-all","9":"product_tag-fresas-cubiertas","10":"product_tag-galletas","11":"product_tag-jamones-y-quesos","12":"product_tag-navidad","13":"product_tag-rompope","14":"product_tag-semillas","16":"first","17":"instock","18":"shipping-taxable","19":"purchasable","20":"product-type-simple"},"yoast_head":"<!-- This site is optimized with the Yoast SEO plugin v27.3 - https:\/\/yoast.com\/product\/yoast-seo-wordpress\/ -->\n<title>Caja &quot;Felices Fiestas&quot;\/ regalos empresariales\/ detalles navide\u00f1os<\/title>\n<meta name=\"description\" content=\"Caja &quot;Felices Fiestas&quot;  Deliciosa caja con snacks dulces y salados, un detalle muy especial para dar. Esta caja contiene:   Caja de dos fresas cubiertas de chocolate con aplique de estrella  Bolsita de semillas mixtas  Botellita de vidrio personalizada con rompope  Bolsita con galletas choco-chips  Tacita de jamones y quesos  Caja de cart\u00f3n blanco r\u00edgido, con tapa transparente personalizada, colillas navide\u00f1as y lazo\" \/>\n<meta name=\"robots\" content=\"index, follow, max-snippet:-1, max-image-preview:large, max-video-preview:-1\" \/>\n<link rel=\"canonical\" href=\"https:\/\/www.chocolatestheocr.com\/en\/shop\/fechas-especiales\/navidad\/caja-felices-fiestas\/\" \/>\n<meta property=\"og:locale\" content=\"en_US\" \/>\n<meta property=\"og:type\" content=\"article\" \/>\n<meta property=\"og:title\" content=\"Caja &quot;Felices Fiestas&quot;\/ regalos empresariales\/ detalles navide\u00f1os\" \/>\n<meta property=\"og:description\" content=\"Caja &quot;Felices Fiestas&quot;  Deliciosa caja con snacks dulces y salados, un detalle muy especial para dar. Esta caja contiene:   Caja de dos fresas cubiertas de chocolate con aplique de estrella  Bolsita de semillas mixtas  Botellita de vidrio personalizada con rompope  Bolsita con galletas choco-chips  Tacita de jamones y quesos  Caja de cart\u00f3n blanco r\u00edgido, con tapa transparente personalizada, colillas navide\u00f1as y lazo\" \/>\n<meta property=\"og:url\" content=\"https:\/\/www.chocolatestheocr.com\/en\/shop\/fechas-especiales\/navidad\/caja-felices-fiestas\/\" \/>\n<meta property=\"og:site_name\" content=\"Chocolates Theo\" \/>\n<meta property=\"article:publisher\" content=\"https:\/\/www.facebook.com\/chocolatestheocr\" \/>\n<meta property=\"article:modified_time\" content=\"2026-01-12T19:29:32+00:00\" \/>\n<meta property=\"og:image\" content=\"https:\/\/www.chocolatestheocr.com\/wp-content\/uploads\/2025\/10\/WhatsApp-Image-2025-10-28-at-8.43.58-AM.jpeg\" \/>\n\t<meta property=\"og:image:width\" content=\"854\" \/>\n\t<meta property=\"og:image:height\" content=\"1280\" \/>\n\t<meta property=\"og:image:type\" content=\"image\/jpeg\" \/>\n<meta name=\"twitter:card\" content=\"summary_large_image\" \/>\n<script type=\"application\/ld+json\" class=\"yoast-schema-graph\">{\"@context\":\"https:\\\/\\\/schema.org\",\"@graph\":[{\"@type\":\"WebPage\",\"@id\":\"https:\\\/\\\/www.chocolatestheocr.com\\\/shop\\\/fechas-especiales\\\/navidad\\\/caja-felices-fiestas\\\/\",\"url\":\"https:\\\/\\\/www.chocolatestheocr.com\\\/shop\\\/fechas-especiales\\\/navidad\\\/caja-felices-fiestas\\\/\",\"name\":\"Caja \\\"Felices Fiestas\\\"\\\/ regalos empresariales\\\/ detalles navide\u00f1os\",\"isPartOf\":{\"@id\":\"https:\\\/\\\/www.chocolatestheocr.com\\\/#website\"},\"primaryImageOfPage\":{\"@id\":\"https:\\\/\\\/www.chocolatestheocr.com\\\/shop\\\/fechas-especiales\\\/navidad\\\/caja-felices-fiestas\\\/#primaryimage\"},\"image\":{\"@id\":\"https:\\\/\\\/www.chocolatestheocr.com\\\/shop\\\/fechas-especiales\\\/navidad\\\/caja-felices-fiestas\\\/#primaryimage\"},\"thumbnailUrl\":\"https:\\\/\\\/www.chocolatestheocr.com\\\/wp-content\\\/uploads\\\/2025\\\/10\\\/WhatsApp-Image-2025-10-28-at-8.43.58-AM.jpeg\",\"datePublished\":\"2025-10-28T16:32:16+00:00\",\"dateModified\":\"2026-01-12T19:29:32+00:00\",\"description\":\"Caja \\\"Felices Fiestas\\\" Deliciosa caja con snacks dulces y salados, un detalle muy especial para dar. Esta caja contiene: Caja de dos fresas cubiertas de chocolate con aplique de estrella Bolsita de semillas mixtas Botellita de vidrio personalizada con rompope Bolsita con galletas choco-chips Tacita de jamones y quesos Caja de cart\u00f3n blanco r\u00edgido, con tapa transparente personalizada, colillas navide\u00f1as y lazo\",\"breadcrumb\":{\"@id\":\"https:\\\/\\\/www.chocolatestheocr.com\\\/shop\\\/fechas-especiales\\\/navidad\\\/caja-felices-fiestas\\\/#breadcrumb\"},\"inLanguage\":\"en-US\",\"potentialAction\":[{\"@type\":\"ReadAction\",\"target\":[\"https:\\\/\\\/www.chocolatestheocr.com\\\/shop\\\/fechas-especiales\\\/navidad\\\/caja-felices-fiestas\\\/\"]}]},{\"@type\":\"ImageObject\",\"inLanguage\":\"en-US\",\"@id\":\"https:\\\/\\\/www.chocolatestheocr.com\\\/shop\\\/fechas-especiales\\\/navidad\\\/caja-felices-fiestas\\\/#primaryimage\",\"url\":\"https:\\\/\\\/www.chocolatestheocr.com\\\/wp-content\\\/uploads\\\/2025\\\/10\\\/WhatsApp-Image-2025-10-28-at-8.43.58-AM.jpeg\",\"contentUrl\":\"https:\\\/\\\/www.chocolatestheocr.com\\\/wp-content\\\/uploads\\\/2025\\\/10\\\/WhatsApp-Image-2025-10-28-at-8.43.58-AM.jpeg\",\"width\":854,\"height\":1280,\"caption\":\"Felices Fiestas\"},{\"@type\":\"BreadcrumbList\",\"@id\":\"https:\\\/\\\/www.chocolatestheocr.com\\\/shop\\\/fechas-especiales\\\/navidad\\\/caja-felices-fiestas\\\/#breadcrumb\",\"itemListElement\":[{\"@type\":\"ListItem\",\"position\":1,\"name\":\"Portada\",\"item\":\"https:\\\/\\\/www.chocolatestheocr.com\\\/\"},{\"@type\":\"ListItem\",\"position\":2,\"name\":\"Tienda\",\"item\":\"https:\\\/\\\/www.chocolatestheocr.com\\\/shop\\\/\"},{\"@type\":\"ListItem\",\"position\":3,\"name\":\"Caja &#8220;Felices Fiestas&#8221;\"}]},{\"@type\":\"WebSite\",\"@id\":\"https:\\\/\\\/www.chocolatestheocr.com\\\/#website\",\"url\":\"https:\\\/\\\/www.chocolatestheocr.com\\\/\",\"name\":\"Chocolates Theo\",\"description\":\"\",\"publisher\":{\"@id\":\"https:\\\/\\\/www.chocolatestheocr.com\\\/#organization\"},\"potentialAction\":[{\"@type\":\"SearchAction\",\"target\":{\"@type\":\"EntryPoint\",\"urlTemplate\":\"https:\\\/\\\/www.chocolatestheocr.com\\\/?s={search_term_string}\"},\"query-input\":{\"@type\":\"PropertyValueSpecification\",\"valueRequired\":true,\"valueName\":\"search_term_string\"}}],\"inLanguage\":\"en-US\"},{\"@type\":\"Organization\",\"@id\":\"https:\\\/\\\/www.chocolatestheocr.com\\\/#organization\",\"name\":\"Chocolates Theo\",\"url\":\"https:\\\/\\\/www.chocolatestheocr.com\\\/\",\"logo\":{\"@type\":\"ImageObject\",\"inLanguage\":\"en-US\",\"@id\":\"https:\\\/\\\/www.chocolatestheocr.com\\\/#\\\/schema\\\/logo\\\/image\\\/\",\"url\":\"https:\\\/\\\/www.chocolatestheocr.com\\\/wp-content\\\/uploads\\\/2021\\\/10\\\/Logo-Chocolates-Theo.jpg\",\"contentUrl\":\"https:\\\/\\\/www.chocolatestheocr.com\\\/wp-content\\\/uploads\\\/2021\\\/10\\\/Logo-Chocolates-Theo.jpg\",\"width\":600,\"height\":600,\"caption\":\"Chocolates Theo\"},\"image\":{\"@id\":\"https:\\\/\\\/www.chocolatestheocr.com\\\/#\\\/schema\\\/logo\\\/image\\\/\"},\"sameAs\":[\"https:\\\/\\\/www.facebook.com\\\/chocolatestheocr\",\"https:\\\/\\\/www.instagram.com\\\/chocolates_theo\\\/\",\"https:\\\/\\\/www.youtube.com\\\/channel\\\/UCcgAI69rswAd2FY1Ubvmcxw\"]}]}<\/script>\n<!-- \/ Yoast SEO plugin. -->","yoast_head_json":{"title":"Caja \"Felices Fiestas\"\/ regalos empresariales\/ detalles navide\u00f1os","description":"Caja \"Felices Fiestas\"  Deliciosa caja con snacks dulces y salados, un detalle muy especial para dar. Esta caja contiene:   Caja de dos fresas cubiertas de chocolate con aplique de estrella  Bolsita de semillas mixtas  Botellita de vidrio personalizada con rompope  Bolsita con galletas choco-chips  Tacita de jamones y quesos  Caja de cart\u00f3n blanco r\u00edgido, con tapa transparente personalizada, colillas navide\u00f1as y lazo","robots":{"index":"index","follow":"follow","max-snippet":"max-snippet:-1","max-image-preview":"max-image-preview:large","max-video-preview":"max-video-preview:-1"},"canonical":"https:\/\/www.chocolatestheocr.com\/en\/shop\/fechas-especiales\/navidad\/caja-felices-fiestas\/","og_locale":"en_US","og_type":"article","og_title":"Caja \"Felices Fiestas\"\/ regalos empresariales\/ detalles navide\u00f1os","og_description":"Caja \"Felices Fiestas\"  Deliciosa caja con snacks dulces y salados, un detalle muy especial para dar. Esta caja contiene:   Caja de dos fresas cubiertas de chocolate con aplique de estrella  Bolsita de semillas mixtas  Botellita de vidrio personalizada con rompope  Bolsita con galletas choco-chips  Tacita de jamones y quesos  Caja de cart\u00f3n blanco r\u00edgido, con tapa transparente personalizada, colillas navide\u00f1as y lazo","og_url":"https:\/\/www.chocolatestheocr.com\/en\/shop\/fechas-especiales\/navidad\/caja-felices-fiestas\/","og_site_name":"Chocolates Theo","article_publisher":"https:\/\/www.facebook.com\/chocolatestheocr","article_modified_time":"2026-01-12T19:29:32+00:00","og_image":[{"width":854,"height":1280,"url":"https:\/\/www.chocolatestheocr.com\/wp-content\/uploads\/2025\/10\/WhatsApp-Image-2025-10-28-at-8.43.58-AM.jpeg","type":"image\/jpeg"}],"twitter_card":"summary_large_image","schema":{"@context":"https:\/\/schema.org","@graph":[{"@type":"WebPage","@id":"https:\/\/www.chocolatestheocr.com\/shop\/fechas-especiales\/navidad\/caja-felices-fiestas\/","url":"https:\/\/www.chocolatestheocr.com\/shop\/fechas-especiales\/navidad\/caja-felices-fiestas\/","name":"Caja \"Felices Fiestas\"\/ regalos empresariales\/ detalles navide\u00f1os","isPartOf":{"@id":"https:\/\/www.chocolatestheocr.com\/#website"},"primaryImageOfPage":{"@id":"https:\/\/www.chocolatestheocr.com\/shop\/fechas-especiales\/navidad\/caja-felices-fiestas\/#primaryimage"},"image":{"@id":"https:\/\/www.chocolatestheocr.com\/shop\/fechas-especiales\/navidad\/caja-felices-fiestas\/#primaryimage"},"thumbnailUrl":"https:\/\/www.chocolatestheocr.com\/wp-content\/uploads\/2025\/10\/WhatsApp-Image-2025-10-28-at-8.43.58-AM.jpeg","datePublished":"2025-10-28T16:32:16+00:00","dateModified":"2026-01-12T19:29:32+00:00","description":"Caja \"Felices Fiestas\" Deliciosa caja con snacks dulces y salados, un detalle muy especial para dar. Esta caja contiene: Caja de dos fresas cubiertas de chocolate con aplique de estrella Bolsita de semillas mixtas Botellita de vidrio personalizada con rompope Bolsita con galletas choco-chips Tacita de jamones y quesos Caja de cart\u00f3n blanco r\u00edgido, con tapa transparente personalizada, colillas navide\u00f1as y lazo","breadcrumb":{"@id":"https:\/\/www.chocolatestheocr.com\/shop\/fechas-especiales\/navidad\/caja-felices-fiestas\/#breadcrumb"},"inLanguage":"en-US","potentialAction":[{"@type":"ReadAction","target":["https:\/\/www.chocolatestheocr.com\/shop\/fechas-especiales\/navidad\/caja-felices-fiestas\/"]}]},{"@type":"ImageObject","inLanguage":"en-US","@id":"https:\/\/www.chocolatestheocr.com\/shop\/fechas-especiales\/navidad\/caja-felices-fiestas\/#primaryimage","url":"https:\/\/www.chocolatestheocr.com\/wp-content\/uploads\/2025\/10\/WhatsApp-Image-2025-10-28-at-8.43.58-AM.jpeg","contentUrl":"https:\/\/www.chocolatestheocr.com\/wp-content\/uploads\/2025\/10\/WhatsApp-Image-2025-10-28-at-8.43.58-AM.jpeg","width":854,"height":1280,"caption":"Felices Fiestas"},{"@type":"BreadcrumbList","@id":"https:\/\/www.chocolatestheocr.com\/shop\/fechas-especiales\/navidad\/caja-felices-fiestas\/#breadcrumb","itemListElement":[{"@type":"ListItem","position":1,"name":"Portada","item":"https:\/\/www.chocolatestheocr.com\/"},{"@type":"ListItem","position":2,"name":"Tienda","item":"https:\/\/www.chocolatestheocr.com\/shop\/"},{"@type":"ListItem","position":3,"name":"Caja &#8220;Felices Fiestas&#8221;"}]},{"@type":"WebSite","@id":"https:\/\/www.chocolatestheocr.com\/#website","url":"https:\/\/www.chocolatestheocr.com\/","name":"Chocolates Theo","description":"","publisher":{"@id":"https:\/\/www.chocolatestheocr.com\/#organization"},"potentialAction":[{"@type":"SearchAction","target":{"@type":"EntryPoint","urlTemplate":"https:\/\/www.chocolatestheocr.com\/?s={search_term_string}"},"query-input":{"@type":"PropertyValueSpecification","valueRequired":true,"valueName":"search_term_string"}}],"inLanguage":"en-US"},{"@type":"Organization","@id":"https:\/\/www.chocolatestheocr.com\/#organization","name":"Chocolates Theo","url":"https:\/\/www.chocolatestheocr.com\/","logo":{"@type":"ImageObject","inLanguage":"en-US","@id":"https:\/\/www.chocolatestheocr.com\/#\/schema\/logo\/image\/","url":"https:\/\/www.chocolatestheocr.com\/wp-content\/uploads\/2021\/10\/Logo-Chocolates-Theo.jpg","contentUrl":"https:\/\/www.chocolatestheocr.com\/wp-content\/uploads\/2021\/10\/Logo-Chocolates-Theo.jpg","width":600,"height":600,"caption":"Chocolates Theo"},"image":{"@id":"https:\/\/www.chocolatestheocr.com\/#\/schema\/logo\/image\/"},"sameAs":["https:\/\/www.facebook.com\/chocolatestheocr","https:\/\/www.instagram.com\/chocolates_theo\/","https:\/\/www.youtube.com\/channel\/UCcgAI69rswAd2FY1Ubvmcxw"]}]}},"_links":{"self":[{"href":"https:\/\/www.chocolatestheocr.com\/en\/wp-json\/wp\/v2\/product\/18252","targetHints":{"allow":["GET"]}}],"collection":[{"href":"https:\/\/www.chocolatestheocr.com\/en\/wp-json\/wp\/v2\/product"}],"about":[{"href":"https:\/\/www.chocolatestheocr.com\/en\/wp-json\/wp\/v2\/types\/product"}],"version-history":[{"count":0,"href":"https:\/\/www.chocolatestheocr.com\/en\/wp-json\/wp\/v2\/product\/18252\/revisions"}],"wp:featuredmedia":[{"embeddable":true,"href":"https:\/\/www.chocolatestheocr.com\/en\/wp-json\/wp\/v2\/media\/18256"}],"wp:attachment":[{"href":"https:\/\/www.chocolatestheocr.com\/en\/wp-json\/wp\/v2\/media?parent=18252"}],"wp:term":[{"taxonomy":"product_brand","embeddable":true,"href":"https:\/\/www.chocolatestheocr.com\/en\/wp-json\/wp\/v2\/product_brand?post=18252"},{"taxonomy":"product_cat","embeddable":true,"href":"https:\/\/www.chocolatestheocr.com\/en\/wp-json\/wp\/v2\/product_cat?post=18252"},{"taxonomy":"product_tag","embeddable":true,"href":"https:\/\/www.chocolatestheocr.com\/en\/wp-json\/wp\/v2\/product_tag?post=18252"}],"curies":[{"name":"wp","href":"https:\/\/api.w.org\/{rel}","templated":true}]}}