{"id":18243,"date":"2025-10-27T17:06:56","date_gmt":"2025-10-27T23:06:56","guid":{"rendered":"https:\/\/www.chocolatestheocr.com\/?post_type=product&#038;p=18243"},"modified":"2026-01-12T13:27:42","modified_gmt":"2026-01-12T19:27:42","slug":"caja-santas-town","status":"publish","type":"product","link":"https:\/\/www.chocolatestheocr.com\/en\/shop\/fechas-especiales\/navidad\/caja-santas-town\/","title":{"rendered":"Caja &#8220;Santa\u00b4s Town&#8221;"},"content":{"rendered":"<p>Caja &#8220;Santa\u00b4s Town&#8221;<\/p>\n<p>Esta peque\u00f1a pero dulce caja es perfecta para un peque\u00f1o detalle empresarial, contiene:<\/p>\n<ul>\n<li>Cuchara para hacer chocolate caliente con pipeta de licor<\/li>\n<li>Botellita de vidrio personalizada con rompope<\/li>\n<li>Estrellas de chocolate<\/li>\n<li>Bolsita con galletas cubiertas de chocolate y\n<div class=\"PZPZlf ssJ7i xgAzOe\" role=\"heading\" aria-level=\"2\" data-attrid=\"title\">Marshmallows<\/div>\n<\/li>\n<li>Caja de cart\u00f3n blanco r\u00edgido con, empacado en celof\u00e1n transparente, lazo y topper acr\u00edlico con grabado de &#8220;Feliz Navidad&#8221;<\/li>\n<\/ul>","protected":false},"excerpt":{"rendered":"<p>Caja &#8220;Santa\u00b4s Town&#8221;<\/p>\n<p>Esta peque\u00f1a pero dulce caja es perfecta para un peque\u00f1o detalle empresarial, contiene:<\/p>\n<ul>\n<li>Cuchara para hacer chocolate caliente con pipeta de licor<\/li>\n<li>Botellita de vidrio personalizada con rompope<\/li>\n<li>Estrellas de chocolate<\/li>\n<li>Bolsita con galletas cubiertas de chocolate y\n<div class=\"PZPZlf ssJ7i xgAzOe\" role=\"heading\" aria-level=\"2\" data-attrid=\"title\">Marshmallows<\/div>\n<\/li>\n<li>Caja de cart\u00f3n blanco r\u00edgido con, empacado en celof\u00e1n transparente, lazo y topper acr\u00edlico con grabado de &#8220;Feliz Navidad&#8221;<\/li>\n<\/ul>","protected":false},"featured_media":18299,"template":"","meta":[],"product_brand":[361],"product_cat":[92,41],"product_tag":[786,323,262,550],"class_list":{"0":"post-18243","1":"product","2":"type-product","3":"status-publish","4":"has-post-thumbnail","6":"product_brand-chocolates-theo","7":"product_cat-navidad","8":"product_cat-all","9":"product_tag-cuchara-de-chocolate","10":"product_tag-galletas","11":"product_tag-navidad","12":"product_tag-rompope","14":"first","15":"instock","16":"shipping-taxable","17":"purchasable","18":"product-type-simple"},"yoast_head":"<!-- This site is optimized with the Yoast SEO plugin v27.3 - https:\/\/yoast.com\/product\/yoast-seo-wordpress\/ -->\n<title>Caja &quot;Santa\u00b4s Town&quot;\/ Regalos navide\u00f1os\/ Regalos empresariales<\/title>\n<meta name=\"description\" content=\"Caja &quot;Santa\u00b4s Town&quot;  Esta peque\u00f1a pero dulce caja es perfecta para un peque\u00f1o detalle empresarial, contiene:   Cuchara para hacer chocolate caliente con pipeta de licor  Botellita de vidrio personalizada con rompope  Estrellas de chocolate  Bolsita con galletas cubiertas de chocolate y Marshmallows  Caja de cart\u00f3n blanco r\u00edgido con, empacado en celof\u00e1n transparente, lazo y topper acr\u00edlico con grabado de &quot;Feliz Navidad&quot;\" \/>\n<meta name=\"robots\" content=\"index, follow, max-snippet:-1, max-image-preview:large, max-video-preview:-1\" \/>\n<link rel=\"canonical\" href=\"https:\/\/www.chocolatestheocr.com\/en\/shop\/fechas-especiales\/navidad\/caja-santas-town\/\" \/>\n<meta property=\"og:locale\" content=\"en_US\" \/>\n<meta property=\"og:type\" content=\"article\" \/>\n<meta property=\"og:title\" content=\"Caja &quot;Santa\u00b4s Town&quot;\/ Regalos navide\u00f1os\/ Regalos empresariales\" \/>\n<meta property=\"og:description\" content=\"Caja &quot;Santa\u00b4s Town&quot;  Esta peque\u00f1a pero dulce caja es perfecta para un peque\u00f1o detalle empresarial, contiene:   Cuchara para hacer chocolate caliente con pipeta de licor  Botellita de vidrio personalizada con rompope  Estrellas de chocolate  Bolsita con galletas cubiertas de chocolate y Marshmallows  Caja de cart\u00f3n blanco r\u00edgido con, empacado en celof\u00e1n transparente, lazo y topper acr\u00edlico con grabado de &quot;Feliz Navidad&quot;\" \/>\n<meta property=\"og:url\" content=\"https:\/\/www.chocolatestheocr.com\/en\/shop\/fechas-especiales\/navidad\/caja-santas-town\/\" \/>\n<meta property=\"og:site_name\" content=\"Chocolates Theo\" \/>\n<meta property=\"article:publisher\" content=\"https:\/\/www.facebook.com\/chocolatestheocr\" \/>\n<meta property=\"article:modified_time\" content=\"2026-01-12T19:27:42+00:00\" \/>\n<meta property=\"og:image\" content=\"https:\/\/www.chocolatestheocr.com\/wp-content\/uploads\/2025\/10\/Caja-Santas-town.jpg\" \/>\n\t<meta property=\"og:image:width\" content=\"1200\" \/>\n\t<meta property=\"og:image:height\" content=\"1600\" \/>\n\t<meta property=\"og:image:type\" content=\"image\/jpeg\" \/>\n<meta name=\"twitter:card\" content=\"summary_large_image\" \/>\n<script type=\"application\/ld+json\" class=\"yoast-schema-graph\">{\"@context\":\"https:\\\/\\\/schema.org\",\"@graph\":[{\"@type\":\"WebPage\",\"@id\":\"https:\\\/\\\/www.chocolatestheocr.com\\\/shop\\\/fechas-especiales\\\/navidad\\\/caja-santas-town\\\/\",\"url\":\"https:\\\/\\\/www.chocolatestheocr.com\\\/shop\\\/fechas-especiales\\\/navidad\\\/caja-santas-town\\\/\",\"name\":\"Caja \\\"Santa\u00b4s Town\\\"\\\/ Regalos navide\u00f1os\\\/ Regalos empresariales\",\"isPartOf\":{\"@id\":\"https:\\\/\\\/www.chocolatestheocr.com\\\/#website\"},\"primaryImageOfPage\":{\"@id\":\"https:\\\/\\\/www.chocolatestheocr.com\\\/shop\\\/fechas-especiales\\\/navidad\\\/caja-santas-town\\\/#primaryimage\"},\"image\":{\"@id\":\"https:\\\/\\\/www.chocolatestheocr.com\\\/shop\\\/fechas-especiales\\\/navidad\\\/caja-santas-town\\\/#primaryimage\"},\"thumbnailUrl\":\"https:\\\/\\\/www.chocolatestheocr.com\\\/wp-content\\\/uploads\\\/2025\\\/10\\\/Caja-Santas-town.jpg\",\"datePublished\":\"2025-10-27T23:06:56+00:00\",\"dateModified\":\"2026-01-12T19:27:42+00:00\",\"description\":\"Caja \\\"Santa\u00b4s Town\\\" Esta peque\u00f1a pero dulce caja es perfecta para un peque\u00f1o detalle empresarial, contiene: Cuchara para hacer chocolate caliente con pipeta de licor Botellita de vidrio personalizada con rompope Estrellas de chocolate Bolsita con galletas cubiertas de chocolate y Marshmallows Caja de cart\u00f3n blanco r\u00edgido con, empacado en celof\u00e1n transparente, lazo y topper acr\u00edlico con grabado de \\\"Feliz Navidad\\\"\",\"breadcrumb\":{\"@id\":\"https:\\\/\\\/www.chocolatestheocr.com\\\/shop\\\/fechas-especiales\\\/navidad\\\/caja-santas-town\\\/#breadcrumb\"},\"inLanguage\":\"en-US\",\"potentialAction\":[{\"@type\":\"ReadAction\",\"target\":[\"https:\\\/\\\/www.chocolatestheocr.com\\\/shop\\\/fechas-especiales\\\/navidad\\\/caja-santas-town\\\/\"]}]},{\"@type\":\"ImageObject\",\"inLanguage\":\"en-US\",\"@id\":\"https:\\\/\\\/www.chocolatestheocr.com\\\/shop\\\/fechas-especiales\\\/navidad\\\/caja-santas-town\\\/#primaryimage\",\"url\":\"https:\\\/\\\/www.chocolatestheocr.com\\\/wp-content\\\/uploads\\\/2025\\\/10\\\/Caja-Santas-town.jpg\",\"contentUrl\":\"https:\\\/\\\/www.chocolatestheocr.com\\\/wp-content\\\/uploads\\\/2025\\\/10\\\/Caja-Santas-town.jpg\",\"width\":1200,\"height\":1600,\"caption\":\"Caja Santa's town\"},{\"@type\":\"BreadcrumbList\",\"@id\":\"https:\\\/\\\/www.chocolatestheocr.com\\\/shop\\\/fechas-especiales\\\/navidad\\\/caja-santas-town\\\/#breadcrumb\",\"itemListElement\":[{\"@type\":\"ListItem\",\"position\":1,\"name\":\"Portada\",\"item\":\"https:\\\/\\\/www.chocolatestheocr.com\\\/\"},{\"@type\":\"ListItem\",\"position\":2,\"name\":\"Tienda\",\"item\":\"https:\\\/\\\/www.chocolatestheocr.com\\\/shop\\\/\"},{\"@type\":\"ListItem\",\"position\":3,\"name\":\"Caja &#8220;Santa\u00b4s Town&#8221;\"}]},{\"@type\":\"WebSite\",\"@id\":\"https:\\\/\\\/www.chocolatestheocr.com\\\/#website\",\"url\":\"https:\\\/\\\/www.chocolatestheocr.com\\\/\",\"name\":\"Chocolates Theo\",\"description\":\"\",\"publisher\":{\"@id\":\"https:\\\/\\\/www.chocolatestheocr.com\\\/#organization\"},\"potentialAction\":[{\"@type\":\"SearchAction\",\"target\":{\"@type\":\"EntryPoint\",\"urlTemplate\":\"https:\\\/\\\/www.chocolatestheocr.com\\\/?s={search_term_string}\"},\"query-input\":{\"@type\":\"PropertyValueSpecification\",\"valueRequired\":true,\"valueName\":\"search_term_string\"}}],\"inLanguage\":\"en-US\"},{\"@type\":\"Organization\",\"@id\":\"https:\\\/\\\/www.chocolatestheocr.com\\\/#organization\",\"name\":\"Chocolates Theo\",\"url\":\"https:\\\/\\\/www.chocolatestheocr.com\\\/\",\"logo\":{\"@type\":\"ImageObject\",\"inLanguage\":\"en-US\",\"@id\":\"https:\\\/\\\/www.chocolatestheocr.com\\\/#\\\/schema\\\/logo\\\/image\\\/\",\"url\":\"https:\\\/\\\/www.chocolatestheocr.com\\\/wp-content\\\/uploads\\\/2021\\\/10\\\/Logo-Chocolates-Theo.jpg\",\"contentUrl\":\"https:\\\/\\\/www.chocolatestheocr.com\\\/wp-content\\\/uploads\\\/2021\\\/10\\\/Logo-Chocolates-Theo.jpg\",\"width\":600,\"height\":600,\"caption\":\"Chocolates Theo\"},\"image\":{\"@id\":\"https:\\\/\\\/www.chocolatestheocr.com\\\/#\\\/schema\\\/logo\\\/image\\\/\"},\"sameAs\":[\"https:\\\/\\\/www.facebook.com\\\/chocolatestheocr\",\"https:\\\/\\\/www.instagram.com\\\/chocolates_theo\\\/\",\"https:\\\/\\\/www.youtube.com\\\/channel\\\/UCcgAI69rswAd2FY1Ubvmcxw\"]}]}<\/script>\n<!-- \/ Yoast SEO plugin. -->","yoast_head_json":{"title":"Caja \"Santa\u00b4s Town\"\/ Regalos navide\u00f1os\/ Regalos empresariales","description":"Caja \"Santa\u00b4s Town\"  Esta peque\u00f1a pero dulce caja es perfecta para un peque\u00f1o detalle empresarial, contiene:   Cuchara para hacer chocolate caliente con pipeta de licor  Botellita de vidrio personalizada con rompope  Estrellas de chocolate  Bolsita con galletas cubiertas de chocolate y Marshmallows  Caja de cart\u00f3n blanco r\u00edgido con, empacado en celof\u00e1n transparente, lazo y topper acr\u00edlico con grabado de \"Feliz Navidad\"","robots":{"index":"index","follow":"follow","max-snippet":"max-snippet:-1","max-image-preview":"max-image-preview:large","max-video-preview":"max-video-preview:-1"},"canonical":"https:\/\/www.chocolatestheocr.com\/en\/shop\/fechas-especiales\/navidad\/caja-santas-town\/","og_locale":"en_US","og_type":"article","og_title":"Caja \"Santa\u00b4s Town\"\/ Regalos navide\u00f1os\/ Regalos empresariales","og_description":"Caja \"Santa\u00b4s Town\"  Esta peque\u00f1a pero dulce caja es perfecta para un peque\u00f1o detalle empresarial, contiene:   Cuchara para hacer chocolate caliente con pipeta de licor  Botellita de vidrio personalizada con rompope  Estrellas de chocolate  Bolsita con galletas cubiertas de chocolate y Marshmallows  Caja de cart\u00f3n blanco r\u00edgido con, empacado en celof\u00e1n transparente, lazo y topper acr\u00edlico con grabado de \"Feliz Navidad\"","og_url":"https:\/\/www.chocolatestheocr.com\/en\/shop\/fechas-especiales\/navidad\/caja-santas-town\/","og_site_name":"Chocolates Theo","article_publisher":"https:\/\/www.facebook.com\/chocolatestheocr","article_modified_time":"2026-01-12T19:27:42+00:00","og_image":[{"width":1200,"height":1600,"url":"https:\/\/www.chocolatestheocr.com\/wp-content\/uploads\/2025\/10\/Caja-Santas-town.jpg","type":"image\/jpeg"}],"twitter_card":"summary_large_image","schema":{"@context":"https:\/\/schema.org","@graph":[{"@type":"WebPage","@id":"https:\/\/www.chocolatestheocr.com\/shop\/fechas-especiales\/navidad\/caja-santas-town\/","url":"https:\/\/www.chocolatestheocr.com\/shop\/fechas-especiales\/navidad\/caja-santas-town\/","name":"Caja \"Santa\u00b4s Town\"\/ Regalos navide\u00f1os\/ Regalos empresariales","isPartOf":{"@id":"https:\/\/www.chocolatestheocr.com\/#website"},"primaryImageOfPage":{"@id":"https:\/\/www.chocolatestheocr.com\/shop\/fechas-especiales\/navidad\/caja-santas-town\/#primaryimage"},"image":{"@id":"https:\/\/www.chocolatestheocr.com\/shop\/fechas-especiales\/navidad\/caja-santas-town\/#primaryimage"},"thumbnailUrl":"https:\/\/www.chocolatestheocr.com\/wp-content\/uploads\/2025\/10\/Caja-Santas-town.jpg","datePublished":"2025-10-27T23:06:56+00:00","dateModified":"2026-01-12T19:27:42+00:00","description":"Caja \"Santa\u00b4s Town\" Esta peque\u00f1a pero dulce caja es perfecta para un peque\u00f1o detalle empresarial, contiene: Cuchara para hacer chocolate caliente con pipeta de licor Botellita de vidrio personalizada con rompope Estrellas de chocolate Bolsita con galletas cubiertas de chocolate y Marshmallows Caja de cart\u00f3n blanco r\u00edgido con, empacado en celof\u00e1n transparente, lazo y topper acr\u00edlico con grabado de \"Feliz Navidad\"","breadcrumb":{"@id":"https:\/\/www.chocolatestheocr.com\/shop\/fechas-especiales\/navidad\/caja-santas-town\/#breadcrumb"},"inLanguage":"en-US","potentialAction":[{"@type":"ReadAction","target":["https:\/\/www.chocolatestheocr.com\/shop\/fechas-especiales\/navidad\/caja-santas-town\/"]}]},{"@type":"ImageObject","inLanguage":"en-US","@id":"https:\/\/www.chocolatestheocr.com\/shop\/fechas-especiales\/navidad\/caja-santas-town\/#primaryimage","url":"https:\/\/www.chocolatestheocr.com\/wp-content\/uploads\/2025\/10\/Caja-Santas-town.jpg","contentUrl":"https:\/\/www.chocolatestheocr.com\/wp-content\/uploads\/2025\/10\/Caja-Santas-town.jpg","width":1200,"height":1600,"caption":"Caja Santa's town"},{"@type":"BreadcrumbList","@id":"https:\/\/www.chocolatestheocr.com\/shop\/fechas-especiales\/navidad\/caja-santas-town\/#breadcrumb","itemListElement":[{"@type":"ListItem","position":1,"name":"Portada","item":"https:\/\/www.chocolatestheocr.com\/"},{"@type":"ListItem","position":2,"name":"Tienda","item":"https:\/\/www.chocolatestheocr.com\/shop\/"},{"@type":"ListItem","position":3,"name":"Caja &#8220;Santa\u00b4s Town&#8221;"}]},{"@type":"WebSite","@id":"https:\/\/www.chocolatestheocr.com\/#website","url":"https:\/\/www.chocolatestheocr.com\/","name":"Chocolates Theo","description":"","publisher":{"@id":"https:\/\/www.chocolatestheocr.com\/#organization"},"potentialAction":[{"@type":"SearchAction","target":{"@type":"EntryPoint","urlTemplate":"https:\/\/www.chocolatestheocr.com\/?s={search_term_string}"},"query-input":{"@type":"PropertyValueSpecification","valueRequired":true,"valueName":"search_term_string"}}],"inLanguage":"en-US"},{"@type":"Organization","@id":"https:\/\/www.chocolatestheocr.com\/#organization","name":"Chocolates Theo","url":"https:\/\/www.chocolatestheocr.com\/","logo":{"@type":"ImageObject","inLanguage":"en-US","@id":"https:\/\/www.chocolatestheocr.com\/#\/schema\/logo\/image\/","url":"https:\/\/www.chocolatestheocr.com\/wp-content\/uploads\/2021\/10\/Logo-Chocolates-Theo.jpg","contentUrl":"https:\/\/www.chocolatestheocr.com\/wp-content\/uploads\/2021\/10\/Logo-Chocolates-Theo.jpg","width":600,"height":600,"caption":"Chocolates Theo"},"image":{"@id":"https:\/\/www.chocolatestheocr.com\/#\/schema\/logo\/image\/"},"sameAs":["https:\/\/www.facebook.com\/chocolatestheocr","https:\/\/www.instagram.com\/chocolates_theo\/","https:\/\/www.youtube.com\/channel\/UCcgAI69rswAd2FY1Ubvmcxw"]}]}},"_links":{"self":[{"href":"https:\/\/www.chocolatestheocr.com\/en\/wp-json\/wp\/v2\/product\/18243","targetHints":{"allow":["GET"]}}],"collection":[{"href":"https:\/\/www.chocolatestheocr.com\/en\/wp-json\/wp\/v2\/product"}],"about":[{"href":"https:\/\/www.chocolatestheocr.com\/en\/wp-json\/wp\/v2\/types\/product"}],"version-history":[{"count":0,"href":"https:\/\/www.chocolatestheocr.com\/en\/wp-json\/wp\/v2\/product\/18243\/revisions"}],"wp:featuredmedia":[{"embeddable":true,"href":"https:\/\/www.chocolatestheocr.com\/en\/wp-json\/wp\/v2\/media\/18299"}],"wp:attachment":[{"href":"https:\/\/www.chocolatestheocr.com\/en\/wp-json\/wp\/v2\/media?parent=18243"}],"wp:term":[{"taxonomy":"product_brand","embeddable":true,"href":"https:\/\/www.chocolatestheocr.com\/en\/wp-json\/wp\/v2\/product_brand?post=18243"},{"taxonomy":"product_cat","embeddable":true,"href":"https:\/\/www.chocolatestheocr.com\/en\/wp-json\/wp\/v2\/product_cat?post=18243"},{"taxonomy":"product_tag","embeddable":true,"href":"https:\/\/www.chocolatestheocr.com\/en\/wp-json\/wp\/v2\/product_tag?post=18243"}],"curies":[{"name":"wp","href":"https:\/\/api.w.org\/{rel}","templated":true}]}}