{"id":18234,"date":"2025-10-27T14:38:05","date_gmt":"2025-10-27T20:38:05","guid":{"rendered":"https:\/\/www.chocolatestheocr.com\/?post_type=product&#038;p=18234"},"modified":"2026-01-15T09:01:13","modified_gmt":"2026-01-15T15:01:13","slug":"desayuno-noches-blancas","status":"publish","type":"product","link":"https:\/\/www.chocolatestheocr.com\/en\/shop\/fechas-especiales\/navidad\/desayuno-noches-blancas\/","title":{"rendered":"Desayuno &#8220;Noches Blancas&#8221;"},"content":{"rendered":"<p>Desayuno &#8220;Noches Blancas&#8221;<\/p>\n<p>El detalle perfecto para quienes les gusta un desayuno tradicional, tambi\u00e9n una puede ser una buena opci\u00f3n como detalle corporativo. Este desayuno contiene:<\/p>\n<ul>\n<li>Taza de frutas fresas picadas<\/li>\n<li>Botella de vidrio personalizada con rompope<\/li>\n<li>Cajita personalizada con una pi\u00f1a de tamales<\/li>\n<li>Tacita con salsa Lizano<\/li>\n<li>Manaza verde<\/li>\n<li>Caja de cart\u00f3n blanca r\u00edgido con tapa personalizada, lazo y colilla navide\u00f1a<\/li>\n<\/ul>","protected":false},"excerpt":{"rendered":"<p>Desayuno &#8220;Noches Blancas&#8221;<\/p>\n<p>El detalle perfecto para quienes les gusta un desayuno tradicional, tambi\u00e9n una puede ser una buena opci\u00f3n como detalle corporativo. Este desayuno contiene:<\/p>\n<ul>\n<li>Taza de frutas fresas picadas<\/li>\n<li>Botella de vidrio personalizada con rompope<\/li>\n<li>Cajita personalizada con una pi\u00f1a de tamales<\/li>\n<li>Tacita con salsa Lizano<\/li>\n<li>Manaza verde<\/li>\n<li>Caja de cart\u00f3n blanca r\u00edgido con tapa personalizada, lazo y colilla navide\u00f1a<\/li>\n<\/ul>","protected":false},"featured_media":18238,"template":"","meta":[],"product_brand":[361],"product_cat":[92,41],"product_tag":[566,147,785,237,262,550,784],"class_list":{"0":"post-18234","1":"product","2":"type-product","3":"status-publish","4":"has-post-thumbnail","6":"product_brand-chocolates-theo","7":"product_cat-navidad","8":"product_cat-all","9":"product_tag-desayuno","10":"product_tag-frutas","11":"product_tag-lizano","12":"product_tag-manzana","13":"product_tag-navidad","14":"product_tag-rompope","15":"product_tag-tamal","17":"first","18":"instock","19":"shipping-taxable","20":"purchasable","21":"product-type-simple"},"yoast_head":"<!-- This site is optimized with the Yoast SEO plugin v27.3 - https:\/\/yoast.com\/product\/yoast-seo-wordpress\/ -->\n<title>Desayuno &quot;Noches Blancas&quot;\/ Regalos corporativos navide\u00f1os\/ CR<\/title>\n<meta name=\"description\" content=\"Desayuno &quot;Noches Blancas&quot;  El detalle perfecto para quienes les gusta un desayuno tradicional, tambi\u00e9n una puede ser una buena opci\u00f3n como detalle corporativo. Este desayuno contiene:   Taza de frutas fresas picadas  Botella de vidrio personalizada con rompope  Cajita personalizada con una pi\u00f1a de tamales  Tacita con salsa Lizano  Manaza verde  Caja de cart\u00f3n blanca r\u00edgido con tapa personalizada, lazo y colilla navide\u00f1a\" \/>\n<meta name=\"robots\" content=\"index, follow, max-snippet:-1, max-image-preview:large, max-video-preview:-1\" \/>\n<link rel=\"canonical\" href=\"https:\/\/www.chocolatestheocr.com\/en\/shop\/fechas-especiales\/navidad\/desayuno-noches-blancas\/\" \/>\n<meta property=\"og:locale\" content=\"en_US\" \/>\n<meta property=\"og:type\" content=\"article\" \/>\n<meta property=\"og:title\" content=\"Desayuno &quot;Noches Blancas&quot;\/ Regalos corporativos navide\u00f1os\/ CR\" \/>\n<meta property=\"og:description\" content=\"Desayuno &quot;Noches Blancas&quot;  El detalle perfecto para quienes les gusta un desayuno tradicional, tambi\u00e9n una puede ser una buena opci\u00f3n como detalle corporativo. Este desayuno contiene:   Taza de frutas fresas picadas  Botella de vidrio personalizada con rompope  Cajita personalizada con una pi\u00f1a de tamales  Tacita con salsa Lizano  Manaza verde  Caja de cart\u00f3n blanca r\u00edgido con tapa personalizada, lazo y colilla navide\u00f1a\" \/>\n<meta property=\"og:url\" content=\"https:\/\/www.chocolatestheocr.com\/en\/shop\/fechas-especiales\/navidad\/desayuno-noches-blancas\/\" \/>\n<meta property=\"og:site_name\" content=\"Chocolates Theo\" \/>\n<meta property=\"article:publisher\" content=\"https:\/\/www.facebook.com\/chocolatestheocr\" \/>\n<meta property=\"article:modified_time\" content=\"2026-01-15T15:01:13+00:00\" \/>\n<meta property=\"og:image\" content=\"https:\/\/www.chocolatestheocr.com\/wp-content\/uploads\/2025\/10\/0B1D4D49-4F1C-42B9-B91B-9439133DF44E-scaled.jpg\" \/>\n\t<meta property=\"og:image:width\" content=\"1707\" \/>\n\t<meta property=\"og:image:height\" content=\"2560\" \/>\n\t<meta property=\"og:image:type\" content=\"image\/jpeg\" \/>\n<meta name=\"twitter:card\" content=\"summary_large_image\" \/>\n<script type=\"application\/ld+json\" class=\"yoast-schema-graph\">{\"@context\":\"https:\\\/\\\/schema.org\",\"@graph\":[{\"@type\":\"WebPage\",\"@id\":\"https:\\\/\\\/www.chocolatestheocr.com\\\/shop\\\/fechas-especiales\\\/navidad\\\/desayuno-noches-blancas\\\/\",\"url\":\"https:\\\/\\\/www.chocolatestheocr.com\\\/shop\\\/fechas-especiales\\\/navidad\\\/desayuno-noches-blancas\\\/\",\"name\":\"Desayuno \\\"Noches Blancas\\\"\\\/ Regalos corporativos navide\u00f1os\\\/ CR\",\"isPartOf\":{\"@id\":\"https:\\\/\\\/www.chocolatestheocr.com\\\/#website\"},\"primaryImageOfPage\":{\"@id\":\"https:\\\/\\\/www.chocolatestheocr.com\\\/shop\\\/fechas-especiales\\\/navidad\\\/desayuno-noches-blancas\\\/#primaryimage\"},\"image\":{\"@id\":\"https:\\\/\\\/www.chocolatestheocr.com\\\/shop\\\/fechas-especiales\\\/navidad\\\/desayuno-noches-blancas\\\/#primaryimage\"},\"thumbnailUrl\":\"https:\\\/\\\/www.chocolatestheocr.com\\\/wp-content\\\/uploads\\\/2025\\\/10\\\/0B1D4D49-4F1C-42B9-B91B-9439133DF44E-scaled.jpg\",\"datePublished\":\"2025-10-27T20:38:05+00:00\",\"dateModified\":\"2026-01-15T15:01:13+00:00\",\"description\":\"Desayuno \\\"Noches Blancas\\\" El detalle perfecto para quienes les gusta un desayuno tradicional, tambi\u00e9n una puede ser una buena opci\u00f3n como detalle corporativo. Este desayuno contiene: Taza de frutas fresas picadas Botella de vidrio personalizada con rompope Cajita personalizada con una pi\u00f1a de tamales Tacita con salsa Lizano Manaza verde Caja de cart\u00f3n blanca r\u00edgido con tapa personalizada, lazo y colilla navide\u00f1a\",\"breadcrumb\":{\"@id\":\"https:\\\/\\\/www.chocolatestheocr.com\\\/shop\\\/fechas-especiales\\\/navidad\\\/desayuno-noches-blancas\\\/#breadcrumb\"},\"inLanguage\":\"en-US\",\"potentialAction\":[{\"@type\":\"ReadAction\",\"target\":[\"https:\\\/\\\/www.chocolatestheocr.com\\\/shop\\\/fechas-especiales\\\/navidad\\\/desayuno-noches-blancas\\\/\"]}]},{\"@type\":\"ImageObject\",\"inLanguage\":\"en-US\",\"@id\":\"https:\\\/\\\/www.chocolatestheocr.com\\\/shop\\\/fechas-especiales\\\/navidad\\\/desayuno-noches-blancas\\\/#primaryimage\",\"url\":\"https:\\\/\\\/www.chocolatestheocr.com\\\/wp-content\\\/uploads\\\/2025\\\/10\\\/0B1D4D49-4F1C-42B9-B91B-9439133DF44E-scaled.jpg\",\"contentUrl\":\"https:\\\/\\\/www.chocolatestheocr.com\\\/wp-content\\\/uploads\\\/2025\\\/10\\\/0B1D4D49-4F1C-42B9-B91B-9439133DF44E-scaled.jpg\",\"width\":1707,\"height\":2560,\"caption\":\"noches blancas\"},{\"@type\":\"BreadcrumbList\",\"@id\":\"https:\\\/\\\/www.chocolatestheocr.com\\\/shop\\\/fechas-especiales\\\/navidad\\\/desayuno-noches-blancas\\\/#breadcrumb\",\"itemListElement\":[{\"@type\":\"ListItem\",\"position\":1,\"name\":\"Portada\",\"item\":\"https:\\\/\\\/www.chocolatestheocr.com\\\/\"},{\"@type\":\"ListItem\",\"position\":2,\"name\":\"Tienda\",\"item\":\"https:\\\/\\\/www.chocolatestheocr.com\\\/shop\\\/\"},{\"@type\":\"ListItem\",\"position\":3,\"name\":\"Desayuno &#8220;Noches Blancas&#8221;\"}]},{\"@type\":\"WebSite\",\"@id\":\"https:\\\/\\\/www.chocolatestheocr.com\\\/#website\",\"url\":\"https:\\\/\\\/www.chocolatestheocr.com\\\/\",\"name\":\"Chocolates Theo\",\"description\":\"\",\"publisher\":{\"@id\":\"https:\\\/\\\/www.chocolatestheocr.com\\\/#organization\"},\"potentialAction\":[{\"@type\":\"SearchAction\",\"target\":{\"@type\":\"EntryPoint\",\"urlTemplate\":\"https:\\\/\\\/www.chocolatestheocr.com\\\/?s={search_term_string}\"},\"query-input\":{\"@type\":\"PropertyValueSpecification\",\"valueRequired\":true,\"valueName\":\"search_term_string\"}}],\"inLanguage\":\"en-US\"},{\"@type\":\"Organization\",\"@id\":\"https:\\\/\\\/www.chocolatestheocr.com\\\/#organization\",\"name\":\"Chocolates Theo\",\"url\":\"https:\\\/\\\/www.chocolatestheocr.com\\\/\",\"logo\":{\"@type\":\"ImageObject\",\"inLanguage\":\"en-US\",\"@id\":\"https:\\\/\\\/www.chocolatestheocr.com\\\/#\\\/schema\\\/logo\\\/image\\\/\",\"url\":\"https:\\\/\\\/www.chocolatestheocr.com\\\/wp-content\\\/uploads\\\/2021\\\/10\\\/Logo-Chocolates-Theo.jpg\",\"contentUrl\":\"https:\\\/\\\/www.chocolatestheocr.com\\\/wp-content\\\/uploads\\\/2021\\\/10\\\/Logo-Chocolates-Theo.jpg\",\"width\":600,\"height\":600,\"caption\":\"Chocolates Theo\"},\"image\":{\"@id\":\"https:\\\/\\\/www.chocolatestheocr.com\\\/#\\\/schema\\\/logo\\\/image\\\/\"},\"sameAs\":[\"https:\\\/\\\/www.facebook.com\\\/chocolatestheocr\",\"https:\\\/\\\/www.instagram.com\\\/chocolates_theo\\\/\",\"https:\\\/\\\/www.youtube.com\\\/channel\\\/UCcgAI69rswAd2FY1Ubvmcxw\"]}]}<\/script>\n<!-- \/ Yoast SEO plugin. -->","yoast_head_json":{"title":"Desayuno \"Noches Blancas\"\/ Regalos corporativos navide\u00f1os\/ CR","description":"Desayuno \"Noches Blancas\"  El detalle perfecto para quienes les gusta un desayuno tradicional, tambi\u00e9n una puede ser una buena opci\u00f3n como detalle corporativo. Este desayuno contiene:   Taza de frutas fresas picadas  Botella de vidrio personalizada con rompope  Cajita personalizada con una pi\u00f1a de tamales  Tacita con salsa Lizano  Manaza verde  Caja de cart\u00f3n blanca r\u00edgido con tapa personalizada, lazo y colilla navide\u00f1a","robots":{"index":"index","follow":"follow","max-snippet":"max-snippet:-1","max-image-preview":"max-image-preview:large","max-video-preview":"max-video-preview:-1"},"canonical":"https:\/\/www.chocolatestheocr.com\/en\/shop\/fechas-especiales\/navidad\/desayuno-noches-blancas\/","og_locale":"en_US","og_type":"article","og_title":"Desayuno \"Noches Blancas\"\/ Regalos corporativos navide\u00f1os\/ CR","og_description":"Desayuno \"Noches Blancas\"  El detalle perfecto para quienes les gusta un desayuno tradicional, tambi\u00e9n una puede ser una buena opci\u00f3n como detalle corporativo. Este desayuno contiene:   Taza de frutas fresas picadas  Botella de vidrio personalizada con rompope  Cajita personalizada con una pi\u00f1a de tamales  Tacita con salsa Lizano  Manaza verde  Caja de cart\u00f3n blanca r\u00edgido con tapa personalizada, lazo y colilla navide\u00f1a","og_url":"https:\/\/www.chocolatestheocr.com\/en\/shop\/fechas-especiales\/navidad\/desayuno-noches-blancas\/","og_site_name":"Chocolates Theo","article_publisher":"https:\/\/www.facebook.com\/chocolatestheocr","article_modified_time":"2026-01-15T15:01:13+00:00","og_image":[{"width":1707,"height":2560,"url":"https:\/\/www.chocolatestheocr.com\/wp-content\/uploads\/2025\/10\/0B1D4D49-4F1C-42B9-B91B-9439133DF44E-scaled.jpg","type":"image\/jpeg"}],"twitter_card":"summary_large_image","schema":{"@context":"https:\/\/schema.org","@graph":[{"@type":"WebPage","@id":"https:\/\/www.chocolatestheocr.com\/shop\/fechas-especiales\/navidad\/desayuno-noches-blancas\/","url":"https:\/\/www.chocolatestheocr.com\/shop\/fechas-especiales\/navidad\/desayuno-noches-blancas\/","name":"Desayuno \"Noches Blancas\"\/ Regalos corporativos navide\u00f1os\/ CR","isPartOf":{"@id":"https:\/\/www.chocolatestheocr.com\/#website"},"primaryImageOfPage":{"@id":"https:\/\/www.chocolatestheocr.com\/shop\/fechas-especiales\/navidad\/desayuno-noches-blancas\/#primaryimage"},"image":{"@id":"https:\/\/www.chocolatestheocr.com\/shop\/fechas-especiales\/navidad\/desayuno-noches-blancas\/#primaryimage"},"thumbnailUrl":"https:\/\/www.chocolatestheocr.com\/wp-content\/uploads\/2025\/10\/0B1D4D49-4F1C-42B9-B91B-9439133DF44E-scaled.jpg","datePublished":"2025-10-27T20:38:05+00:00","dateModified":"2026-01-15T15:01:13+00:00","description":"Desayuno \"Noches Blancas\" El detalle perfecto para quienes les gusta un desayuno tradicional, tambi\u00e9n una puede ser una buena opci\u00f3n como detalle corporativo. Este desayuno contiene: Taza de frutas fresas picadas Botella de vidrio personalizada con rompope Cajita personalizada con una pi\u00f1a de tamales Tacita con salsa Lizano Manaza verde Caja de cart\u00f3n blanca r\u00edgido con tapa personalizada, lazo y colilla navide\u00f1a","breadcrumb":{"@id":"https:\/\/www.chocolatestheocr.com\/shop\/fechas-especiales\/navidad\/desayuno-noches-blancas\/#breadcrumb"},"inLanguage":"en-US","potentialAction":[{"@type":"ReadAction","target":["https:\/\/www.chocolatestheocr.com\/shop\/fechas-especiales\/navidad\/desayuno-noches-blancas\/"]}]},{"@type":"ImageObject","inLanguage":"en-US","@id":"https:\/\/www.chocolatestheocr.com\/shop\/fechas-especiales\/navidad\/desayuno-noches-blancas\/#primaryimage","url":"https:\/\/www.chocolatestheocr.com\/wp-content\/uploads\/2025\/10\/0B1D4D49-4F1C-42B9-B91B-9439133DF44E-scaled.jpg","contentUrl":"https:\/\/www.chocolatestheocr.com\/wp-content\/uploads\/2025\/10\/0B1D4D49-4F1C-42B9-B91B-9439133DF44E-scaled.jpg","width":1707,"height":2560,"caption":"noches blancas"},{"@type":"BreadcrumbList","@id":"https:\/\/www.chocolatestheocr.com\/shop\/fechas-especiales\/navidad\/desayuno-noches-blancas\/#breadcrumb","itemListElement":[{"@type":"ListItem","position":1,"name":"Portada","item":"https:\/\/www.chocolatestheocr.com\/"},{"@type":"ListItem","position":2,"name":"Tienda","item":"https:\/\/www.chocolatestheocr.com\/shop\/"},{"@type":"ListItem","position":3,"name":"Desayuno &#8220;Noches Blancas&#8221;"}]},{"@type":"WebSite","@id":"https:\/\/www.chocolatestheocr.com\/#website","url":"https:\/\/www.chocolatestheocr.com\/","name":"Chocolates Theo","description":"","publisher":{"@id":"https:\/\/www.chocolatestheocr.com\/#organization"},"potentialAction":[{"@type":"SearchAction","target":{"@type":"EntryPoint","urlTemplate":"https:\/\/www.chocolatestheocr.com\/?s={search_term_string}"},"query-input":{"@type":"PropertyValueSpecification","valueRequired":true,"valueName":"search_term_string"}}],"inLanguage":"en-US"},{"@type":"Organization","@id":"https:\/\/www.chocolatestheocr.com\/#organization","name":"Chocolates Theo","url":"https:\/\/www.chocolatestheocr.com\/","logo":{"@type":"ImageObject","inLanguage":"en-US","@id":"https:\/\/www.chocolatestheocr.com\/#\/schema\/logo\/image\/","url":"https:\/\/www.chocolatestheocr.com\/wp-content\/uploads\/2021\/10\/Logo-Chocolates-Theo.jpg","contentUrl":"https:\/\/www.chocolatestheocr.com\/wp-content\/uploads\/2021\/10\/Logo-Chocolates-Theo.jpg","width":600,"height":600,"caption":"Chocolates Theo"},"image":{"@id":"https:\/\/www.chocolatestheocr.com\/#\/schema\/logo\/image\/"},"sameAs":["https:\/\/www.facebook.com\/chocolatestheocr","https:\/\/www.instagram.com\/chocolates_theo\/","https:\/\/www.youtube.com\/channel\/UCcgAI69rswAd2FY1Ubvmcxw"]}]}},"_links":{"self":[{"href":"https:\/\/www.chocolatestheocr.com\/en\/wp-json\/wp\/v2\/product\/18234","targetHints":{"allow":["GET"]}}],"collection":[{"href":"https:\/\/www.chocolatestheocr.com\/en\/wp-json\/wp\/v2\/product"}],"about":[{"href":"https:\/\/www.chocolatestheocr.com\/en\/wp-json\/wp\/v2\/types\/product"}],"version-history":[{"count":0,"href":"https:\/\/www.chocolatestheocr.com\/en\/wp-json\/wp\/v2\/product\/18234\/revisions"}],"wp:featuredmedia":[{"embeddable":true,"href":"https:\/\/www.chocolatestheocr.com\/en\/wp-json\/wp\/v2\/media\/18238"}],"wp:attachment":[{"href":"https:\/\/www.chocolatestheocr.com\/en\/wp-json\/wp\/v2\/media?parent=18234"}],"wp:term":[{"taxonomy":"product_brand","embeddable":true,"href":"https:\/\/www.chocolatestheocr.com\/en\/wp-json\/wp\/v2\/product_brand?post=18234"},{"taxonomy":"product_cat","embeddable":true,"href":"https:\/\/www.chocolatestheocr.com\/en\/wp-json\/wp\/v2\/product_cat?post=18234"},{"taxonomy":"product_tag","embeddable":true,"href":"https:\/\/www.chocolatestheocr.com\/en\/wp-json\/wp\/v2\/product_tag?post=18234"}],"curies":[{"name":"wp","href":"https:\/\/api.w.org\/{rel}","templated":true}]}}