{"id":18227,"date":"2025-10-27T14:10:40","date_gmt":"2025-10-27T20:10:40","guid":{"rendered":"https:\/\/www.chocolatestheocr.com\/?post_type=product&#038;p=18227"},"modified":"2025-10-27T14:27:35","modified_gmt":"2025-10-27T20:27:35","slug":"caja-cascanueces","status":"publish","type":"product","link":"https:\/\/www.chocolatestheocr.com\/en\/shop\/fechas-especiales\/navidad\/caja-cascanueces\/","title":{"rendered":"Caja &#8220;Cascanueces&#8221;"},"content":{"rendered":"<p>Caja &#8220;Cascanueces&#8221;<\/p>\n<p>Esta deliciosa caja perfecta para un regalo corporativo o como detalle navide\u00f1o que puedes personalizar contiene:<\/p>\n<ul>\n<li>Botella de Baileys 200ml<\/li>\n<li>Jamones y quesos<\/li>\n<li>Queque navide\u00f1o con cobertura de crema de chocolate<\/li>\n<li>Tacita de uvas con dos fresas cubiertas de chocolate y apliques de chocolate<\/li>\n<li>Caja de cart\u00f3n transparente envuelta en celof\u00e1n con lazo decorativo<\/li>\n<li>Topper brillante de cascanueces y colillas navide\u00f1as<\/li>\n<\/ul>\n<p>&nbsp;<\/p>","protected":false},"excerpt":{"rendered":"<p>Caja &#8220;Cascanueces&#8221;<\/p>\n<p>Esta deliciosa caja perfecta para un regalo corporativo o como detalle navide\u00f1o que puedes personalizar contiene:<\/p>\n<ul>\n<li>Botella de Baileys 200ml<\/li>\n<li>Jamones y quesos<\/li>\n<li>Queque navide\u00f1o con cobertura de crema de chocolate<\/li>\n<li>Tacita de uvas con dos fresas cubiertas de chocolate y apliques de chocolate<\/li>\n<li>Caja de cart\u00f3n transparente envuelta en celof\u00e1n con lazo decorativo<\/li>\n<li>Topper brillante de cascanueces y colillas navide\u00f1as<\/li>\n<\/ul>\n<p>&nbsp;<\/p>","protected":false},"featured_media":18228,"template":"","meta":[],"product_brand":[361],"product_cat":[74,92,41],"product_tag":[307,704,127,147,496,262,435],"class_list":{"0":"post-18227","1":"product","2":"type-product","3":"status-publish","4":"has-post-thumbnail","6":"product_brand-chocolates-theo","7":"product_cat-fechas-especiales","8":"product_cat-navidad","9":"product_cat-all","10":"product_tag-baileys","11":"product_tag-cajas","12":"product_tag-fresas","13":"product_tag-frutas","14":"product_tag-jamones-y-quesos","15":"product_tag-navidad","16":"product_tag-queque-navideno","18":"first","19":"instock","20":"shipping-taxable","21":"purchasable","22":"product-type-simple"},"yoast_head":"<!-- This site is optimized with the Yoast SEO plugin v27.3 - https:\/\/yoast.com\/product\/yoast-seo-wordpress\/ -->\n<title>Caja &quot;Cascanueces&quot;\/ Cajas para regalar\/ Navidad\/ CR<\/title>\n<meta name=\"description\" content=\"Caja &quot;Cascanueces&quot;  Esta deliciosa caja perfecta para un regalo corporativo o como detalle navide\u00f1o que puedes personalizar contiene:   Botella de Baileys 200ml  Jamones y quesos  Queque navide\u00f1o con cobertura de crema de chocolate  Tacita de uvas con dos fresas cubiertas de chocolate y apliques de chocolate  Caja de cart\u00f3n transparente envuelta en celof\u00e1n con lazo decorativo  Topper brillante de cascanueces y colillas navide\u00f1as  &nbsp;\" \/>\n<meta name=\"robots\" content=\"index, follow, max-snippet:-1, max-image-preview:large, max-video-preview:-1\" \/>\n<link rel=\"canonical\" href=\"https:\/\/www.chocolatestheocr.com\/en\/shop\/fechas-especiales\/navidad\/caja-cascanueces\/\" \/>\n<meta property=\"og:locale\" content=\"en_US\" \/>\n<meta property=\"og:type\" content=\"article\" \/>\n<meta property=\"og:title\" content=\"Caja &quot;Cascanueces&quot;\/ Cajas para regalar\/ Navidad\/ CR\" \/>\n<meta property=\"og:description\" content=\"Caja &quot;Cascanueces&quot;  Esta deliciosa caja perfecta para un regalo corporativo o como detalle navide\u00f1o que puedes personalizar contiene:   Botella de Baileys 200ml  Jamones y quesos  Queque navide\u00f1o con cobertura de crema de chocolate  Tacita de uvas con dos fresas cubiertas de chocolate y apliques de chocolate  Caja de cart\u00f3n transparente envuelta en celof\u00e1n con lazo decorativo  Topper brillante de cascanueces y colillas navide\u00f1as  &nbsp;\" \/>\n<meta property=\"og:url\" content=\"https:\/\/www.chocolatestheocr.com\/en\/shop\/fechas-especiales\/navidad\/caja-cascanueces\/\" \/>\n<meta property=\"og:site_name\" content=\"Chocolates Theo\" \/>\n<meta property=\"article:publisher\" content=\"https:\/\/www.facebook.com\/chocolatestheocr\" \/>\n<meta property=\"article:modified_time\" content=\"2025-10-27T20:27:35+00:00\" \/>\n<meta property=\"og:image\" content=\"https:\/\/www.chocolatestheocr.com\/wp-content\/uploads\/2025\/10\/75767F7C-6B8F-4441-8103-F5EA9B7FED4C-scaled.jpg\" \/>\n\t<meta property=\"og:image:width\" content=\"1707\" \/>\n\t<meta property=\"og:image:height\" content=\"2560\" \/>\n\t<meta property=\"og:image:type\" content=\"image\/jpeg\" \/>\n<meta name=\"twitter:card\" content=\"summary_large_image\" \/>\n<script type=\"application\/ld+json\" class=\"yoast-schema-graph\">{\"@context\":\"https:\\\/\\\/schema.org\",\"@graph\":[{\"@type\":\"WebPage\",\"@id\":\"https:\\\/\\\/www.chocolatestheocr.com\\\/shop\\\/fechas-especiales\\\/navidad\\\/caja-cascanueces\\\/\",\"url\":\"https:\\\/\\\/www.chocolatestheocr.com\\\/shop\\\/fechas-especiales\\\/navidad\\\/caja-cascanueces\\\/\",\"name\":\"Caja \\\"Cascanueces\\\"\\\/ Cajas para regalar\\\/ Navidad\\\/ CR\",\"isPartOf\":{\"@id\":\"https:\\\/\\\/www.chocolatestheocr.com\\\/#website\"},\"primaryImageOfPage\":{\"@id\":\"https:\\\/\\\/www.chocolatestheocr.com\\\/shop\\\/fechas-especiales\\\/navidad\\\/caja-cascanueces\\\/#primaryimage\"},\"image\":{\"@id\":\"https:\\\/\\\/www.chocolatestheocr.com\\\/shop\\\/fechas-especiales\\\/navidad\\\/caja-cascanueces\\\/#primaryimage\"},\"thumbnailUrl\":\"https:\\\/\\\/www.chocolatestheocr.com\\\/wp-content\\\/uploads\\\/2025\\\/10\\\/75767F7C-6B8F-4441-8103-F5EA9B7FED4C-scaled.jpg\",\"datePublished\":\"2025-10-27T20:10:40+00:00\",\"dateModified\":\"2025-10-27T20:27:35+00:00\",\"description\":\"Caja \\\"Cascanueces\\\" Esta deliciosa caja perfecta para un regalo corporativo o como detalle navide\u00f1o que puedes personalizar contiene: Botella de Baileys 200ml Jamones y quesos Queque navide\u00f1o con cobertura de crema de chocolate Tacita de uvas con dos fresas cubiertas de chocolate y apliques de chocolate Caja de cart\u00f3n transparente envuelta en celof\u00e1n con lazo decorativo Topper brillante de cascanueces y colillas navide\u00f1as &nbsp;\",\"breadcrumb\":{\"@id\":\"https:\\\/\\\/www.chocolatestheocr.com\\\/shop\\\/fechas-especiales\\\/navidad\\\/caja-cascanueces\\\/#breadcrumb\"},\"inLanguage\":\"en-US\",\"potentialAction\":[{\"@type\":\"ReadAction\",\"target\":[\"https:\\\/\\\/www.chocolatestheocr.com\\\/shop\\\/fechas-especiales\\\/navidad\\\/caja-cascanueces\\\/\"]}]},{\"@type\":\"ImageObject\",\"inLanguage\":\"en-US\",\"@id\":\"https:\\\/\\\/www.chocolatestheocr.com\\\/shop\\\/fechas-especiales\\\/navidad\\\/caja-cascanueces\\\/#primaryimage\",\"url\":\"https:\\\/\\\/www.chocolatestheocr.com\\\/wp-content\\\/uploads\\\/2025\\\/10\\\/75767F7C-6B8F-4441-8103-F5EA9B7FED4C-scaled.jpg\",\"contentUrl\":\"https:\\\/\\\/www.chocolatestheocr.com\\\/wp-content\\\/uploads\\\/2025\\\/10\\\/75767F7C-6B8F-4441-8103-F5EA9B7FED4C-scaled.jpg\",\"width\":1707,\"height\":2560,\"caption\":\"cascanueces\"},{\"@type\":\"BreadcrumbList\",\"@id\":\"https:\\\/\\\/www.chocolatestheocr.com\\\/shop\\\/fechas-especiales\\\/navidad\\\/caja-cascanueces\\\/#breadcrumb\",\"itemListElement\":[{\"@type\":\"ListItem\",\"position\":1,\"name\":\"Portada\",\"item\":\"https:\\\/\\\/www.chocolatestheocr.com\\\/\"},{\"@type\":\"ListItem\",\"position\":2,\"name\":\"Tienda\",\"item\":\"https:\\\/\\\/www.chocolatestheocr.com\\\/shop\\\/\"},{\"@type\":\"ListItem\",\"position\":3,\"name\":\"Caja &#8220;Cascanueces&#8221;\"}]},{\"@type\":\"WebSite\",\"@id\":\"https:\\\/\\\/www.chocolatestheocr.com\\\/#website\",\"url\":\"https:\\\/\\\/www.chocolatestheocr.com\\\/\",\"name\":\"Chocolates Theo\",\"description\":\"\",\"publisher\":{\"@id\":\"https:\\\/\\\/www.chocolatestheocr.com\\\/#organization\"},\"potentialAction\":[{\"@type\":\"SearchAction\",\"target\":{\"@type\":\"EntryPoint\",\"urlTemplate\":\"https:\\\/\\\/www.chocolatestheocr.com\\\/?s={search_term_string}\"},\"query-input\":{\"@type\":\"PropertyValueSpecification\",\"valueRequired\":true,\"valueName\":\"search_term_string\"}}],\"inLanguage\":\"en-US\"},{\"@type\":\"Organization\",\"@id\":\"https:\\\/\\\/www.chocolatestheocr.com\\\/#organization\",\"name\":\"Chocolates Theo\",\"url\":\"https:\\\/\\\/www.chocolatestheocr.com\\\/\",\"logo\":{\"@type\":\"ImageObject\",\"inLanguage\":\"en-US\",\"@id\":\"https:\\\/\\\/www.chocolatestheocr.com\\\/#\\\/schema\\\/logo\\\/image\\\/\",\"url\":\"https:\\\/\\\/www.chocolatestheocr.com\\\/wp-content\\\/uploads\\\/2021\\\/10\\\/Logo-Chocolates-Theo.jpg\",\"contentUrl\":\"https:\\\/\\\/www.chocolatestheocr.com\\\/wp-content\\\/uploads\\\/2021\\\/10\\\/Logo-Chocolates-Theo.jpg\",\"width\":600,\"height\":600,\"caption\":\"Chocolates Theo\"},\"image\":{\"@id\":\"https:\\\/\\\/www.chocolatestheocr.com\\\/#\\\/schema\\\/logo\\\/image\\\/\"},\"sameAs\":[\"https:\\\/\\\/www.facebook.com\\\/chocolatestheocr\",\"https:\\\/\\\/www.instagram.com\\\/chocolates_theo\\\/\",\"https:\\\/\\\/www.youtube.com\\\/channel\\\/UCcgAI69rswAd2FY1Ubvmcxw\"]}]}<\/script>\n<!-- \/ Yoast SEO plugin. -->","yoast_head_json":{"title":"Caja \"Cascanueces\"\/ Cajas para regalar\/ Navidad\/ CR","description":"Caja \"Cascanueces\"  Esta deliciosa caja perfecta para un regalo corporativo o como detalle navide\u00f1o que puedes personalizar contiene:   Botella de Baileys 200ml  Jamones y quesos  Queque navide\u00f1o con cobertura de crema de chocolate  Tacita de uvas con dos fresas cubiertas de chocolate y apliques de chocolate  Caja de cart\u00f3n transparente envuelta en celof\u00e1n con lazo decorativo  Topper brillante de cascanueces y colillas navide\u00f1as  &nbsp;","robots":{"index":"index","follow":"follow","max-snippet":"max-snippet:-1","max-image-preview":"max-image-preview:large","max-video-preview":"max-video-preview:-1"},"canonical":"https:\/\/www.chocolatestheocr.com\/en\/shop\/fechas-especiales\/navidad\/caja-cascanueces\/","og_locale":"en_US","og_type":"article","og_title":"Caja \"Cascanueces\"\/ Cajas para regalar\/ Navidad\/ CR","og_description":"Caja \"Cascanueces\"  Esta deliciosa caja perfecta para un regalo corporativo o como detalle navide\u00f1o que puedes personalizar contiene:   Botella de Baileys 200ml  Jamones y quesos  Queque navide\u00f1o con cobertura de crema de chocolate  Tacita de uvas con dos fresas cubiertas de chocolate y apliques de chocolate  Caja de cart\u00f3n transparente envuelta en celof\u00e1n con lazo decorativo  Topper brillante de cascanueces y colillas navide\u00f1as  &nbsp;","og_url":"https:\/\/www.chocolatestheocr.com\/en\/shop\/fechas-especiales\/navidad\/caja-cascanueces\/","og_site_name":"Chocolates Theo","article_publisher":"https:\/\/www.facebook.com\/chocolatestheocr","article_modified_time":"2025-10-27T20:27:35+00:00","og_image":[{"width":1707,"height":2560,"url":"https:\/\/www.chocolatestheocr.com\/wp-content\/uploads\/2025\/10\/75767F7C-6B8F-4441-8103-F5EA9B7FED4C-scaled.jpg","type":"image\/jpeg"}],"twitter_card":"summary_large_image","schema":{"@context":"https:\/\/schema.org","@graph":[{"@type":"WebPage","@id":"https:\/\/www.chocolatestheocr.com\/shop\/fechas-especiales\/navidad\/caja-cascanueces\/","url":"https:\/\/www.chocolatestheocr.com\/shop\/fechas-especiales\/navidad\/caja-cascanueces\/","name":"Caja \"Cascanueces\"\/ Cajas para regalar\/ Navidad\/ CR","isPartOf":{"@id":"https:\/\/www.chocolatestheocr.com\/#website"},"primaryImageOfPage":{"@id":"https:\/\/www.chocolatestheocr.com\/shop\/fechas-especiales\/navidad\/caja-cascanueces\/#primaryimage"},"image":{"@id":"https:\/\/www.chocolatestheocr.com\/shop\/fechas-especiales\/navidad\/caja-cascanueces\/#primaryimage"},"thumbnailUrl":"https:\/\/www.chocolatestheocr.com\/wp-content\/uploads\/2025\/10\/75767F7C-6B8F-4441-8103-F5EA9B7FED4C-scaled.jpg","datePublished":"2025-10-27T20:10:40+00:00","dateModified":"2025-10-27T20:27:35+00:00","description":"Caja \"Cascanueces\" Esta deliciosa caja perfecta para un regalo corporativo o como detalle navide\u00f1o que puedes personalizar contiene: Botella de Baileys 200ml Jamones y quesos Queque navide\u00f1o con cobertura de crema de chocolate Tacita de uvas con dos fresas cubiertas de chocolate y apliques de chocolate Caja de cart\u00f3n transparente envuelta en celof\u00e1n con lazo decorativo Topper brillante de cascanueces y colillas navide\u00f1as &nbsp;","breadcrumb":{"@id":"https:\/\/www.chocolatestheocr.com\/shop\/fechas-especiales\/navidad\/caja-cascanueces\/#breadcrumb"},"inLanguage":"en-US","potentialAction":[{"@type":"ReadAction","target":["https:\/\/www.chocolatestheocr.com\/shop\/fechas-especiales\/navidad\/caja-cascanueces\/"]}]},{"@type":"ImageObject","inLanguage":"en-US","@id":"https:\/\/www.chocolatestheocr.com\/shop\/fechas-especiales\/navidad\/caja-cascanueces\/#primaryimage","url":"https:\/\/www.chocolatestheocr.com\/wp-content\/uploads\/2025\/10\/75767F7C-6B8F-4441-8103-F5EA9B7FED4C-scaled.jpg","contentUrl":"https:\/\/www.chocolatestheocr.com\/wp-content\/uploads\/2025\/10\/75767F7C-6B8F-4441-8103-F5EA9B7FED4C-scaled.jpg","width":1707,"height":2560,"caption":"cascanueces"},{"@type":"BreadcrumbList","@id":"https:\/\/www.chocolatestheocr.com\/shop\/fechas-especiales\/navidad\/caja-cascanueces\/#breadcrumb","itemListElement":[{"@type":"ListItem","position":1,"name":"Portada","item":"https:\/\/www.chocolatestheocr.com\/"},{"@type":"ListItem","position":2,"name":"Tienda","item":"https:\/\/www.chocolatestheocr.com\/shop\/"},{"@type":"ListItem","position":3,"name":"Caja &#8220;Cascanueces&#8221;"}]},{"@type":"WebSite","@id":"https:\/\/www.chocolatestheocr.com\/#website","url":"https:\/\/www.chocolatestheocr.com\/","name":"Chocolates Theo","description":"","publisher":{"@id":"https:\/\/www.chocolatestheocr.com\/#organization"},"potentialAction":[{"@type":"SearchAction","target":{"@type":"EntryPoint","urlTemplate":"https:\/\/www.chocolatestheocr.com\/?s={search_term_string}"},"query-input":{"@type":"PropertyValueSpecification","valueRequired":true,"valueName":"search_term_string"}}],"inLanguage":"en-US"},{"@type":"Organization","@id":"https:\/\/www.chocolatestheocr.com\/#organization","name":"Chocolates Theo","url":"https:\/\/www.chocolatestheocr.com\/","logo":{"@type":"ImageObject","inLanguage":"en-US","@id":"https:\/\/www.chocolatestheocr.com\/#\/schema\/logo\/image\/","url":"https:\/\/www.chocolatestheocr.com\/wp-content\/uploads\/2021\/10\/Logo-Chocolates-Theo.jpg","contentUrl":"https:\/\/www.chocolatestheocr.com\/wp-content\/uploads\/2021\/10\/Logo-Chocolates-Theo.jpg","width":600,"height":600,"caption":"Chocolates Theo"},"image":{"@id":"https:\/\/www.chocolatestheocr.com\/#\/schema\/logo\/image\/"},"sameAs":["https:\/\/www.facebook.com\/chocolatestheocr","https:\/\/www.instagram.com\/chocolates_theo\/","https:\/\/www.youtube.com\/channel\/UCcgAI69rswAd2FY1Ubvmcxw"]}]}},"_links":{"self":[{"href":"https:\/\/www.chocolatestheocr.com\/en\/wp-json\/wp\/v2\/product\/18227","targetHints":{"allow":["GET"]}}],"collection":[{"href":"https:\/\/www.chocolatestheocr.com\/en\/wp-json\/wp\/v2\/product"}],"about":[{"href":"https:\/\/www.chocolatestheocr.com\/en\/wp-json\/wp\/v2\/types\/product"}],"version-history":[{"count":0,"href":"https:\/\/www.chocolatestheocr.com\/en\/wp-json\/wp\/v2\/product\/18227\/revisions"}],"wp:featuredmedia":[{"embeddable":true,"href":"https:\/\/www.chocolatestheocr.com\/en\/wp-json\/wp\/v2\/media\/18228"}],"wp:attachment":[{"href":"https:\/\/www.chocolatestheocr.com\/en\/wp-json\/wp\/v2\/media?parent=18227"}],"wp:term":[{"taxonomy":"product_brand","embeddable":true,"href":"https:\/\/www.chocolatestheocr.com\/en\/wp-json\/wp\/v2\/product_brand?post=18227"},{"taxonomy":"product_cat","embeddable":true,"href":"https:\/\/www.chocolatestheocr.com\/en\/wp-json\/wp\/v2\/product_cat?post=18227"},{"taxonomy":"product_tag","embeddable":true,"href":"https:\/\/www.chocolatestheocr.com\/en\/wp-json\/wp\/v2\/product_tag?post=18227"}],"curies":[{"name":"wp","href":"https:\/\/api.w.org\/{rel}","templated":true}]}}