{"id":18169,"date":"2025-10-21T09:37:15","date_gmt":"2025-10-21T15:37:15","guid":{"rendered":"https:\/\/www.chocolatestheocr.com\/?post_type=product&#038;p=18169"},"modified":"2026-01-15T09:02:30","modified_gmt":"2026-01-15T15:02:30","slug":"brunch-celebracion","status":"publish","type":"product","link":"https:\/\/www.chocolatestheocr.com\/en\/shop\/fechas-especiales\/navidad\/brunch-celebracion\/","title":{"rendered":"Brunch &#8220;Celebraci\u00f3n&#8221;"},"content":{"rendered":"<p>Brunch &#8220;Celebraci\u00f3n&#8221;<\/p>\n<p>Contiene:<\/p>\n<ul>\n<li>Pastel de pollo<\/li>\n<li>Empanda de pi\u00f1a<\/li>\n<li>Queque navide\u00f1o con crema de chocolate<\/li>\n<li>Fresa cubierta de chocolate con aplique de estrella<\/li>\n<li>Botellita de vidrio personalizada con rompope<\/li>\n<li>Caja de cart\u00f3n r\u00edgido blanco con tapa transparente personalizada, decorada con lazo y colilla navide\u00f1a<\/li>\n<\/ul>","protected":false},"excerpt":{"rendered":"<p>Brunch &#8220;Celebraci\u00f3n&#8221;<\/p>\n<p>Contiene:<\/p>\n<ul>\n<li>Pastel de pollo<\/li>\n<li>Empanda de pi\u00f1a<\/li>\n<li>Queque navide\u00f1o con crema de chocolate<\/li>\n<li>Fresa cubierta de chocolate con aplique de estrella<\/li>\n<li>Botellita de vidrio personalizada con rompope<\/li>\n<li>Caja de cart\u00f3n r\u00edgido blanco con tapa transparente personalizada, decorada con lazo y colilla navide\u00f1a<\/li>\n<\/ul>","protected":false},"featured_media":18328,"template":"","meta":[],"product_brand":[361],"product_cat":[92,41],"product_tag":[619,566,783,262,782,435,550],"class_list":{"0":"post-18169","1":"product","2":"type-product","3":"status-publish","4":"has-post-thumbnail","6":"product_brand-chocolates-theo","7":"product_cat-navidad","8":"product_cat-all","9":"product_tag-brunch","10":"product_tag-desayuno","11":"product_tag-empanada-de-pina","12":"product_tag-navidad","13":"product_tag-pastel-de-pollo","14":"product_tag-queque-navideno","15":"product_tag-rompope","17":"first","18":"instock","19":"shipping-taxable","20":"purchasable","21":"product-type-simple"},"yoast_head":"<!-- This site is optimized with the Yoast SEO plugin v27.3 - https:\/\/yoast.com\/product\/yoast-seo-wordpress\/ -->\n<title>Brunch &quot;Celebraci\u00f3n&quot; \/ amigo secreto \/ Navidad<\/title>\n<meta name=\"description\" content=\"Brunch &quot;Celebraci\u00f3n&quot;  Contiene:   Pastel de pollo  Empanda de pi\u00f1a  Queque navide\u00f1o con crema de chocolate  Fresa cubierta de chocolate con aplique de estrella  Botellita de vidrio personalizada con rompope  Caja de cart\u00f3n r\u00edgido blanco con tapa transparente personalizada, decorada con lazo y colilla navide\u00f1a\" \/>\n<meta name=\"robots\" content=\"index, follow, max-snippet:-1, max-image-preview:large, max-video-preview:-1\" \/>\n<link rel=\"canonical\" href=\"https:\/\/www.chocolatestheocr.com\/en\/shop\/fechas-especiales\/navidad\/brunch-celebracion\/\" \/>\n<meta property=\"og:locale\" content=\"en_US\" \/>\n<meta property=\"og:type\" content=\"article\" \/>\n<meta property=\"og:title\" content=\"Brunch &quot;Celebraci\u00f3n&quot; \/ amigo secreto \/ Navidad\" \/>\n<meta property=\"og:description\" content=\"Brunch &quot;Celebraci\u00f3n&quot;  Contiene:   Pastel de pollo  Empanda de pi\u00f1a  Queque navide\u00f1o con crema de chocolate  Fresa cubierta de chocolate con aplique de estrella  Botellita de vidrio personalizada con rompope  Caja de cart\u00f3n r\u00edgido blanco con tapa transparente personalizada, decorada con lazo y colilla navide\u00f1a\" \/>\n<meta property=\"og:url\" content=\"https:\/\/www.chocolatestheocr.com\/en\/shop\/fechas-especiales\/navidad\/brunch-celebracion\/\" \/>\n<meta property=\"og:site_name\" content=\"Chocolates Theo\" \/>\n<meta property=\"article:publisher\" content=\"https:\/\/www.facebook.com\/chocolatestheocr\" \/>\n<meta property=\"article:modified_time\" content=\"2026-01-15T15:02:30+00:00\" \/>\n<meta property=\"og:image\" content=\"https:\/\/www.chocolatestheocr.com\/wp-content\/uploads\/2025\/10\/Brunch-Celebracion.jpg\" \/>\n\t<meta property=\"og:image:width\" content=\"1200\" \/>\n\t<meta property=\"og:image:height\" content=\"1301\" \/>\n\t<meta property=\"og:image:type\" content=\"image\/jpeg\" \/>\n<meta name=\"twitter:card\" content=\"summary_large_image\" \/>\n<script type=\"application\/ld+json\" class=\"yoast-schema-graph\">{\"@context\":\"https:\\\/\\\/schema.org\",\"@graph\":[{\"@type\":\"WebPage\",\"@id\":\"https:\\\/\\\/www.chocolatestheocr.com\\\/shop\\\/fechas-especiales\\\/navidad\\\/brunch-celebracion\\\/\",\"url\":\"https:\\\/\\\/www.chocolatestheocr.com\\\/shop\\\/fechas-especiales\\\/navidad\\\/brunch-celebracion\\\/\",\"name\":\"Brunch \\\"Celebraci\u00f3n\\\" \\\/ amigo secreto \\\/ Navidad\",\"isPartOf\":{\"@id\":\"https:\\\/\\\/www.chocolatestheocr.com\\\/#website\"},\"primaryImageOfPage\":{\"@id\":\"https:\\\/\\\/www.chocolatestheocr.com\\\/shop\\\/fechas-especiales\\\/navidad\\\/brunch-celebracion\\\/#primaryimage\"},\"image\":{\"@id\":\"https:\\\/\\\/www.chocolatestheocr.com\\\/shop\\\/fechas-especiales\\\/navidad\\\/brunch-celebracion\\\/#primaryimage\"},\"thumbnailUrl\":\"https:\\\/\\\/www.chocolatestheocr.com\\\/wp-content\\\/uploads\\\/2025\\\/10\\\/Brunch-Celebracion.jpg\",\"datePublished\":\"2025-10-21T15:37:15+00:00\",\"dateModified\":\"2026-01-15T15:02:30+00:00\",\"description\":\"Brunch \\\"Celebraci\u00f3n\\\" Contiene: Pastel de pollo Empanda de pi\u00f1a Queque navide\u00f1o con crema de chocolate Fresa cubierta de chocolate con aplique de estrella Botellita de vidrio personalizada con rompope Caja de cart\u00f3n r\u00edgido blanco con tapa transparente personalizada, decorada con lazo y colilla navide\u00f1a\",\"breadcrumb\":{\"@id\":\"https:\\\/\\\/www.chocolatestheocr.com\\\/shop\\\/fechas-especiales\\\/navidad\\\/brunch-celebracion\\\/#breadcrumb\"},\"inLanguage\":\"en-US\",\"potentialAction\":[{\"@type\":\"ReadAction\",\"target\":[\"https:\\\/\\\/www.chocolatestheocr.com\\\/shop\\\/fechas-especiales\\\/navidad\\\/brunch-celebracion\\\/\"]}]},{\"@type\":\"ImageObject\",\"inLanguage\":\"en-US\",\"@id\":\"https:\\\/\\\/www.chocolatestheocr.com\\\/shop\\\/fechas-especiales\\\/navidad\\\/brunch-celebracion\\\/#primaryimage\",\"url\":\"https:\\\/\\\/www.chocolatestheocr.com\\\/wp-content\\\/uploads\\\/2025\\\/10\\\/Brunch-Celebracion.jpg\",\"contentUrl\":\"https:\\\/\\\/www.chocolatestheocr.com\\\/wp-content\\\/uploads\\\/2025\\\/10\\\/Brunch-Celebracion.jpg\",\"width\":1200,\"height\":1301,\"caption\":\"Brunch \u201cCelebracio\u0301n\u201d\"},{\"@type\":\"BreadcrumbList\",\"@id\":\"https:\\\/\\\/www.chocolatestheocr.com\\\/shop\\\/fechas-especiales\\\/navidad\\\/brunch-celebracion\\\/#breadcrumb\",\"itemListElement\":[{\"@type\":\"ListItem\",\"position\":1,\"name\":\"Portada\",\"item\":\"https:\\\/\\\/www.chocolatestheocr.com\\\/\"},{\"@type\":\"ListItem\",\"position\":2,\"name\":\"Tienda\",\"item\":\"https:\\\/\\\/www.chocolatestheocr.com\\\/shop\\\/\"},{\"@type\":\"ListItem\",\"position\":3,\"name\":\"Brunch &#8220;Celebraci\u00f3n&#8221;\"}]},{\"@type\":\"WebSite\",\"@id\":\"https:\\\/\\\/www.chocolatestheocr.com\\\/#website\",\"url\":\"https:\\\/\\\/www.chocolatestheocr.com\\\/\",\"name\":\"Chocolates Theo\",\"description\":\"\",\"publisher\":{\"@id\":\"https:\\\/\\\/www.chocolatestheocr.com\\\/#organization\"},\"potentialAction\":[{\"@type\":\"SearchAction\",\"target\":{\"@type\":\"EntryPoint\",\"urlTemplate\":\"https:\\\/\\\/www.chocolatestheocr.com\\\/?s={search_term_string}\"},\"query-input\":{\"@type\":\"PropertyValueSpecification\",\"valueRequired\":true,\"valueName\":\"search_term_string\"}}],\"inLanguage\":\"en-US\"},{\"@type\":\"Organization\",\"@id\":\"https:\\\/\\\/www.chocolatestheocr.com\\\/#organization\",\"name\":\"Chocolates Theo\",\"url\":\"https:\\\/\\\/www.chocolatestheocr.com\\\/\",\"logo\":{\"@type\":\"ImageObject\",\"inLanguage\":\"en-US\",\"@id\":\"https:\\\/\\\/www.chocolatestheocr.com\\\/#\\\/schema\\\/logo\\\/image\\\/\",\"url\":\"https:\\\/\\\/www.chocolatestheocr.com\\\/wp-content\\\/uploads\\\/2021\\\/10\\\/Logo-Chocolates-Theo.jpg\",\"contentUrl\":\"https:\\\/\\\/www.chocolatestheocr.com\\\/wp-content\\\/uploads\\\/2021\\\/10\\\/Logo-Chocolates-Theo.jpg\",\"width\":600,\"height\":600,\"caption\":\"Chocolates Theo\"},\"image\":{\"@id\":\"https:\\\/\\\/www.chocolatestheocr.com\\\/#\\\/schema\\\/logo\\\/image\\\/\"},\"sameAs\":[\"https:\\\/\\\/www.facebook.com\\\/chocolatestheocr\",\"https:\\\/\\\/www.instagram.com\\\/chocolates_theo\\\/\",\"https:\\\/\\\/www.youtube.com\\\/channel\\\/UCcgAI69rswAd2FY1Ubvmcxw\"]}]}<\/script>\n<!-- \/ Yoast SEO plugin. -->","yoast_head_json":{"title":"Brunch \"Celebraci\u00f3n\" \/ amigo secreto \/ Navidad","description":"Brunch \"Celebraci\u00f3n\"  Contiene:   Pastel de pollo  Empanda de pi\u00f1a  Queque navide\u00f1o con crema de chocolate  Fresa cubierta de chocolate con aplique de estrella  Botellita de vidrio personalizada con rompope  Caja de cart\u00f3n r\u00edgido blanco con tapa transparente personalizada, decorada con lazo y colilla navide\u00f1a","robots":{"index":"index","follow":"follow","max-snippet":"max-snippet:-1","max-image-preview":"max-image-preview:large","max-video-preview":"max-video-preview:-1"},"canonical":"https:\/\/www.chocolatestheocr.com\/en\/shop\/fechas-especiales\/navidad\/brunch-celebracion\/","og_locale":"en_US","og_type":"article","og_title":"Brunch \"Celebraci\u00f3n\" \/ amigo secreto \/ Navidad","og_description":"Brunch \"Celebraci\u00f3n\"  Contiene:   Pastel de pollo  Empanda de pi\u00f1a  Queque navide\u00f1o con crema de chocolate  Fresa cubierta de chocolate con aplique de estrella  Botellita de vidrio personalizada con rompope  Caja de cart\u00f3n r\u00edgido blanco con tapa transparente personalizada, decorada con lazo y colilla navide\u00f1a","og_url":"https:\/\/www.chocolatestheocr.com\/en\/shop\/fechas-especiales\/navidad\/brunch-celebracion\/","og_site_name":"Chocolates Theo","article_publisher":"https:\/\/www.facebook.com\/chocolatestheocr","article_modified_time":"2026-01-15T15:02:30+00:00","og_image":[{"width":1200,"height":1301,"url":"https:\/\/www.chocolatestheocr.com\/wp-content\/uploads\/2025\/10\/Brunch-Celebracion.jpg","type":"image\/jpeg"}],"twitter_card":"summary_large_image","schema":{"@context":"https:\/\/schema.org","@graph":[{"@type":"WebPage","@id":"https:\/\/www.chocolatestheocr.com\/shop\/fechas-especiales\/navidad\/brunch-celebracion\/","url":"https:\/\/www.chocolatestheocr.com\/shop\/fechas-especiales\/navidad\/brunch-celebracion\/","name":"Brunch \"Celebraci\u00f3n\" \/ amigo secreto \/ Navidad","isPartOf":{"@id":"https:\/\/www.chocolatestheocr.com\/#website"},"primaryImageOfPage":{"@id":"https:\/\/www.chocolatestheocr.com\/shop\/fechas-especiales\/navidad\/brunch-celebracion\/#primaryimage"},"image":{"@id":"https:\/\/www.chocolatestheocr.com\/shop\/fechas-especiales\/navidad\/brunch-celebracion\/#primaryimage"},"thumbnailUrl":"https:\/\/www.chocolatestheocr.com\/wp-content\/uploads\/2025\/10\/Brunch-Celebracion.jpg","datePublished":"2025-10-21T15:37:15+00:00","dateModified":"2026-01-15T15:02:30+00:00","description":"Brunch \"Celebraci\u00f3n\" Contiene: Pastel de pollo Empanda de pi\u00f1a Queque navide\u00f1o con crema de chocolate Fresa cubierta de chocolate con aplique de estrella Botellita de vidrio personalizada con rompope Caja de cart\u00f3n r\u00edgido blanco con tapa transparente personalizada, decorada con lazo y colilla navide\u00f1a","breadcrumb":{"@id":"https:\/\/www.chocolatestheocr.com\/shop\/fechas-especiales\/navidad\/brunch-celebracion\/#breadcrumb"},"inLanguage":"en-US","potentialAction":[{"@type":"ReadAction","target":["https:\/\/www.chocolatestheocr.com\/shop\/fechas-especiales\/navidad\/brunch-celebracion\/"]}]},{"@type":"ImageObject","inLanguage":"en-US","@id":"https:\/\/www.chocolatestheocr.com\/shop\/fechas-especiales\/navidad\/brunch-celebracion\/#primaryimage","url":"https:\/\/www.chocolatestheocr.com\/wp-content\/uploads\/2025\/10\/Brunch-Celebracion.jpg","contentUrl":"https:\/\/www.chocolatestheocr.com\/wp-content\/uploads\/2025\/10\/Brunch-Celebracion.jpg","width":1200,"height":1301,"caption":"Brunch \u201cCelebracio\u0301n\u201d"},{"@type":"BreadcrumbList","@id":"https:\/\/www.chocolatestheocr.com\/shop\/fechas-especiales\/navidad\/brunch-celebracion\/#breadcrumb","itemListElement":[{"@type":"ListItem","position":1,"name":"Portada","item":"https:\/\/www.chocolatestheocr.com\/"},{"@type":"ListItem","position":2,"name":"Tienda","item":"https:\/\/www.chocolatestheocr.com\/shop\/"},{"@type":"ListItem","position":3,"name":"Brunch &#8220;Celebraci\u00f3n&#8221;"}]},{"@type":"WebSite","@id":"https:\/\/www.chocolatestheocr.com\/#website","url":"https:\/\/www.chocolatestheocr.com\/","name":"Chocolates Theo","description":"","publisher":{"@id":"https:\/\/www.chocolatestheocr.com\/#organization"},"potentialAction":[{"@type":"SearchAction","target":{"@type":"EntryPoint","urlTemplate":"https:\/\/www.chocolatestheocr.com\/?s={search_term_string}"},"query-input":{"@type":"PropertyValueSpecification","valueRequired":true,"valueName":"search_term_string"}}],"inLanguage":"en-US"},{"@type":"Organization","@id":"https:\/\/www.chocolatestheocr.com\/#organization","name":"Chocolates Theo","url":"https:\/\/www.chocolatestheocr.com\/","logo":{"@type":"ImageObject","inLanguage":"en-US","@id":"https:\/\/www.chocolatestheocr.com\/#\/schema\/logo\/image\/","url":"https:\/\/www.chocolatestheocr.com\/wp-content\/uploads\/2021\/10\/Logo-Chocolates-Theo.jpg","contentUrl":"https:\/\/www.chocolatestheocr.com\/wp-content\/uploads\/2021\/10\/Logo-Chocolates-Theo.jpg","width":600,"height":600,"caption":"Chocolates Theo"},"image":{"@id":"https:\/\/www.chocolatestheocr.com\/#\/schema\/logo\/image\/"},"sameAs":["https:\/\/www.facebook.com\/chocolatestheocr","https:\/\/www.instagram.com\/chocolates_theo\/","https:\/\/www.youtube.com\/channel\/UCcgAI69rswAd2FY1Ubvmcxw"]}]}},"_links":{"self":[{"href":"https:\/\/www.chocolatestheocr.com\/en\/wp-json\/wp\/v2\/product\/18169","targetHints":{"allow":["GET"]}}],"collection":[{"href":"https:\/\/www.chocolatestheocr.com\/en\/wp-json\/wp\/v2\/product"}],"about":[{"href":"https:\/\/www.chocolatestheocr.com\/en\/wp-json\/wp\/v2\/types\/product"}],"version-history":[{"count":0,"href":"https:\/\/www.chocolatestheocr.com\/en\/wp-json\/wp\/v2\/product\/18169\/revisions"}],"wp:featuredmedia":[{"embeddable":true,"href":"https:\/\/www.chocolatestheocr.com\/en\/wp-json\/wp\/v2\/media\/18328"}],"wp:attachment":[{"href":"https:\/\/www.chocolatestheocr.com\/en\/wp-json\/wp\/v2\/media?parent=18169"}],"wp:term":[{"taxonomy":"product_brand","embeddable":true,"href":"https:\/\/www.chocolatestheocr.com\/en\/wp-json\/wp\/v2\/product_brand?post=18169"},{"taxonomy":"product_cat","embeddable":true,"href":"https:\/\/www.chocolatestheocr.com\/en\/wp-json\/wp\/v2\/product_cat?post=18169"},{"taxonomy":"product_tag","embeddable":true,"href":"https:\/\/www.chocolatestheocr.com\/en\/wp-json\/wp\/v2\/product_tag?post=18169"}],"curies":[{"name":"wp","href":"https:\/\/api.w.org\/{rel}","templated":true}]}}