{"id":17055,"date":"2025-07-19T14:47:34","date_gmt":"2025-07-19T20:47:34","guid":{"rendered":"https:\/\/www.chocolatestheocr.com\/?post_type=product&#038;p=17055"},"modified":"2025-09-25T11:01:31","modified_gmt":"2025-09-25T17:01:31","slug":"petit-especial-para-mama","status":"publish","type":"product","link":"https:\/\/www.chocolatestheocr.com\/en\/shop\/fechas-especiales\/dia-de-la-madre\/petit-especial-para-mama\/","title":{"rendered":"Petit &#8220;Especial Para Mam\u00e1&#8221;"},"content":{"rendered":"<p>Petit &#8220;Especial Para Mam\u00e1&#8221;<\/p>\n<p>Contiene:<\/p>\n<ul>\n<li>S\u00e1ndwich de croissant con Jam\u00f3n y queso<\/li>\n<li>Jugo de naranja en botellita de vidrio personalizada<\/li>\n<li>Contenedor con frutas frescas<\/li>\n<li>Caja de cart\u00f3n blanca personalizada<\/li>\n<li>Lazo de tela negro con colilla del d\u00eda de la madre<\/li>\n<\/ul>","protected":false},"excerpt":{"rendered":"<p>Petit &#8220;Especial Para Mam\u00e1&#8221;<\/p>\n<p>Contiene:<\/p>\n<ul>\n<li>S\u00e1ndwich de croissant con Jam\u00f3n y queso<\/li>\n<li>Jugo de naranja en botellita de vidrio personalizada<\/li>\n<li>Contenedor con frutas frescas<\/li>\n<li>Caja de cart\u00f3n blanca personalizada<\/li>\n<li>Lazo de tela negro con colilla del d\u00eda de la madre<\/li>\n<\/ul>","protected":false},"featured_media":17064,"template":"","meta":[],"product_brand":[361],"product_cat":[565,87,74,41],"product_tag":[566,284,147,612,423,607],"class_list":{"0":"post-17055","1":"product","2":"type-product","3":"status-publish","4":"has-post-thumbnail","6":"product_brand-chocolates-theo","7":"product_cat-desayunos","8":"product_cat-dia-de-la-madre","9":"product_cat-fechas-especiales","10":"product_cat-all","11":"product_tag-desayuno","12":"product_tag-dia-de-la-madre","13":"product_tag-frutas","14":"product_tag-jugo-de-naranja","15":"product_tag-petit","16":"product_tag-sandwich","18":"first","19":"instock","20":"shipping-taxable","21":"purchasable","22":"product-type-simple"},"yoast_head":"<!-- This site is optimized with the Yoast SEO plugin v27.3 - https:\/\/yoast.com\/product\/yoast-seo-wordpress\/ -->\n<title>Petit &quot;Especial Para Mam\u00e1&quot;\/Desayunos sorpresa\/Env\u00edos\/Costa Rica<\/title>\n<meta name=\"description\" content=\"Petit &quot;Especial Para Mam\u00e1&quot;  Contiene:   S\u00e1ndwich de croissant con Jam\u00f3n y queso  Jugo de naranja en botellita de vidrio personalizada  Contenedor con frutas frescas  Caja de cart\u00f3n blanca personalizada  Lazo de tela negro con colilla del d\u00eda de la madre\" \/>\n<meta name=\"robots\" content=\"index, follow, max-snippet:-1, max-image-preview:large, max-video-preview:-1\" \/>\n<link rel=\"canonical\" href=\"https:\/\/www.chocolatestheocr.com\/en\/shop\/fechas-especiales\/dia-de-la-madre\/petit-especial-para-mama\/\" \/>\n<meta property=\"og:locale\" content=\"en_US\" \/>\n<meta property=\"og:type\" content=\"article\" \/>\n<meta property=\"og:title\" content=\"Petit &quot;Especial Para Mam\u00e1&quot;\/Desayunos sorpresa\/Env\u00edos\/Costa Rica\" \/>\n<meta property=\"og:description\" content=\"Petit &quot;Especial Para Mam\u00e1&quot;  Contiene:   S\u00e1ndwich de croissant con Jam\u00f3n y queso  Jugo de naranja en botellita de vidrio personalizada  Contenedor con frutas frescas  Caja de cart\u00f3n blanca personalizada  Lazo de tela negro con colilla del d\u00eda de la madre\" \/>\n<meta property=\"og:url\" content=\"https:\/\/www.chocolatestheocr.com\/en\/shop\/fechas-especiales\/dia-de-la-madre\/petit-especial-para-mama\/\" \/>\n<meta property=\"og:site_name\" content=\"Chocolates Theo\" \/>\n<meta property=\"article:publisher\" content=\"https:\/\/www.facebook.com\/chocolatestheocr\" \/>\n<meta property=\"article:modified_time\" content=\"2025-09-25T17:01:31+00:00\" \/>\n<meta property=\"og:image\" content=\"https:\/\/www.chocolatestheocr.com\/wp-content\/uploads\/2025\/07\/Petit-Mama.jpg\" \/>\n\t<meta property=\"og:image:width\" content=\"1707\" \/>\n\t<meta property=\"og:image:height\" content=\"2560\" \/>\n\t<meta property=\"og:image:type\" content=\"image\/jpeg\" \/>\n<meta name=\"twitter:card\" content=\"summary_large_image\" \/>\n<script type=\"application\/ld+json\" class=\"yoast-schema-graph\">{\"@context\":\"https:\\\/\\\/schema.org\",\"@graph\":[{\"@type\":\"WebPage\",\"@id\":\"https:\\\/\\\/www.chocolatestheocr.com\\\/shop\\\/fechas-especiales\\\/dia-de-la-madre\\\/petit-especial-para-mama\\\/\",\"url\":\"https:\\\/\\\/www.chocolatestheocr.com\\\/shop\\\/fechas-especiales\\\/dia-de-la-madre\\\/petit-especial-para-mama\\\/\",\"name\":\"Petit \\\"Especial Para Mam\u00e1\\\"\\\/Desayunos sorpresa\\\/Env\u00edos\\\/Costa Rica\",\"isPartOf\":{\"@id\":\"https:\\\/\\\/www.chocolatestheocr.com\\\/#website\"},\"primaryImageOfPage\":{\"@id\":\"https:\\\/\\\/www.chocolatestheocr.com\\\/shop\\\/fechas-especiales\\\/dia-de-la-madre\\\/petit-especial-para-mama\\\/#primaryimage\"},\"image\":{\"@id\":\"https:\\\/\\\/www.chocolatestheocr.com\\\/shop\\\/fechas-especiales\\\/dia-de-la-madre\\\/petit-especial-para-mama\\\/#primaryimage\"},\"thumbnailUrl\":\"https:\\\/\\\/www.chocolatestheocr.com\\\/wp-content\\\/uploads\\\/2025\\\/07\\\/Petit-Mama.jpg\",\"datePublished\":\"2025-07-19T20:47:34+00:00\",\"dateModified\":\"2025-09-25T17:01:31+00:00\",\"description\":\"Petit \\\"Especial Para Mam\u00e1\\\" Contiene: S\u00e1ndwich de croissant con Jam\u00f3n y queso Jugo de naranja en botellita de vidrio personalizada Contenedor con frutas frescas Caja de cart\u00f3n blanca personalizada Lazo de tela negro con colilla del d\u00eda de la madre\",\"breadcrumb\":{\"@id\":\"https:\\\/\\\/www.chocolatestheocr.com\\\/shop\\\/fechas-especiales\\\/dia-de-la-madre\\\/petit-especial-para-mama\\\/#breadcrumb\"},\"inLanguage\":\"en-US\",\"potentialAction\":[{\"@type\":\"ReadAction\",\"target\":[\"https:\\\/\\\/www.chocolatestheocr.com\\\/shop\\\/fechas-especiales\\\/dia-de-la-madre\\\/petit-especial-para-mama\\\/\"]}]},{\"@type\":\"ImageObject\",\"inLanguage\":\"en-US\",\"@id\":\"https:\\\/\\\/www.chocolatestheocr.com\\\/shop\\\/fechas-especiales\\\/dia-de-la-madre\\\/petit-especial-para-mama\\\/#primaryimage\",\"url\":\"https:\\\/\\\/www.chocolatestheocr.com\\\/wp-content\\\/uploads\\\/2025\\\/07\\\/Petit-Mama.jpg\",\"contentUrl\":\"https:\\\/\\\/www.chocolatestheocr.com\\\/wp-content\\\/uploads\\\/2025\\\/07\\\/Petit-Mama.jpg\",\"width\":1707,\"height\":2560,\"caption\":\"Petit Mama\u0301\"},{\"@type\":\"BreadcrumbList\",\"@id\":\"https:\\\/\\\/www.chocolatestheocr.com\\\/shop\\\/fechas-especiales\\\/dia-de-la-madre\\\/petit-especial-para-mama\\\/#breadcrumb\",\"itemListElement\":[{\"@type\":\"ListItem\",\"position\":1,\"name\":\"Portada\",\"item\":\"https:\\\/\\\/www.chocolatestheocr.com\\\/\"},{\"@type\":\"ListItem\",\"position\":2,\"name\":\"Tienda\",\"item\":\"https:\\\/\\\/www.chocolatestheocr.com\\\/shop\\\/\"},{\"@type\":\"ListItem\",\"position\":3,\"name\":\"Petit &#8220;Especial Para Mam\u00e1&#8221;\"}]},{\"@type\":\"WebSite\",\"@id\":\"https:\\\/\\\/www.chocolatestheocr.com\\\/#website\",\"url\":\"https:\\\/\\\/www.chocolatestheocr.com\\\/\",\"name\":\"Chocolates Theo\",\"description\":\"\",\"publisher\":{\"@id\":\"https:\\\/\\\/www.chocolatestheocr.com\\\/#organization\"},\"potentialAction\":[{\"@type\":\"SearchAction\",\"target\":{\"@type\":\"EntryPoint\",\"urlTemplate\":\"https:\\\/\\\/www.chocolatestheocr.com\\\/?s={search_term_string}\"},\"query-input\":{\"@type\":\"PropertyValueSpecification\",\"valueRequired\":true,\"valueName\":\"search_term_string\"}}],\"inLanguage\":\"en-US\"},{\"@type\":\"Organization\",\"@id\":\"https:\\\/\\\/www.chocolatestheocr.com\\\/#organization\",\"name\":\"Chocolates Theo\",\"url\":\"https:\\\/\\\/www.chocolatestheocr.com\\\/\",\"logo\":{\"@type\":\"ImageObject\",\"inLanguage\":\"en-US\",\"@id\":\"https:\\\/\\\/www.chocolatestheocr.com\\\/#\\\/schema\\\/logo\\\/image\\\/\",\"url\":\"https:\\\/\\\/www.chocolatestheocr.com\\\/wp-content\\\/uploads\\\/2021\\\/10\\\/Logo-Chocolates-Theo.jpg\",\"contentUrl\":\"https:\\\/\\\/www.chocolatestheocr.com\\\/wp-content\\\/uploads\\\/2021\\\/10\\\/Logo-Chocolates-Theo.jpg\",\"width\":600,\"height\":600,\"caption\":\"Chocolates Theo\"},\"image\":{\"@id\":\"https:\\\/\\\/www.chocolatestheocr.com\\\/#\\\/schema\\\/logo\\\/image\\\/\"},\"sameAs\":[\"https:\\\/\\\/www.facebook.com\\\/chocolatestheocr\",\"https:\\\/\\\/www.instagram.com\\\/chocolates_theo\\\/\",\"https:\\\/\\\/www.youtube.com\\\/channel\\\/UCcgAI69rswAd2FY1Ubvmcxw\"]}]}<\/script>\n<!-- \/ Yoast SEO plugin. -->","yoast_head_json":{"title":"Petit \"Especial Para Mam\u00e1\"\/Desayunos sorpresa\/Env\u00edos\/Costa Rica","description":"Petit \"Especial Para Mam\u00e1\"  Contiene:   S\u00e1ndwich de croissant con Jam\u00f3n y queso  Jugo de naranja en botellita de vidrio personalizada  Contenedor con frutas frescas  Caja de cart\u00f3n blanca personalizada  Lazo de tela negro con colilla del d\u00eda de la madre","robots":{"index":"index","follow":"follow","max-snippet":"max-snippet:-1","max-image-preview":"max-image-preview:large","max-video-preview":"max-video-preview:-1"},"canonical":"https:\/\/www.chocolatestheocr.com\/en\/shop\/fechas-especiales\/dia-de-la-madre\/petit-especial-para-mama\/","og_locale":"en_US","og_type":"article","og_title":"Petit \"Especial Para Mam\u00e1\"\/Desayunos sorpresa\/Env\u00edos\/Costa Rica","og_description":"Petit \"Especial Para Mam\u00e1\"  Contiene:   S\u00e1ndwich de croissant con Jam\u00f3n y queso  Jugo de naranja en botellita de vidrio personalizada  Contenedor con frutas frescas  Caja de cart\u00f3n blanca personalizada  Lazo de tela negro con colilla del d\u00eda de la madre","og_url":"https:\/\/www.chocolatestheocr.com\/en\/shop\/fechas-especiales\/dia-de-la-madre\/petit-especial-para-mama\/","og_site_name":"Chocolates Theo","article_publisher":"https:\/\/www.facebook.com\/chocolatestheocr","article_modified_time":"2025-09-25T17:01:31+00:00","og_image":[{"width":1707,"height":2560,"url":"https:\/\/www.chocolatestheocr.com\/wp-content\/uploads\/2025\/07\/Petit-Mama.jpg","type":"image\/jpeg"}],"twitter_card":"summary_large_image","schema":{"@context":"https:\/\/schema.org","@graph":[{"@type":"WebPage","@id":"https:\/\/www.chocolatestheocr.com\/shop\/fechas-especiales\/dia-de-la-madre\/petit-especial-para-mama\/","url":"https:\/\/www.chocolatestheocr.com\/shop\/fechas-especiales\/dia-de-la-madre\/petit-especial-para-mama\/","name":"Petit \"Especial Para Mam\u00e1\"\/Desayunos sorpresa\/Env\u00edos\/Costa Rica","isPartOf":{"@id":"https:\/\/www.chocolatestheocr.com\/#website"},"primaryImageOfPage":{"@id":"https:\/\/www.chocolatestheocr.com\/shop\/fechas-especiales\/dia-de-la-madre\/petit-especial-para-mama\/#primaryimage"},"image":{"@id":"https:\/\/www.chocolatestheocr.com\/shop\/fechas-especiales\/dia-de-la-madre\/petit-especial-para-mama\/#primaryimage"},"thumbnailUrl":"https:\/\/www.chocolatestheocr.com\/wp-content\/uploads\/2025\/07\/Petit-Mama.jpg","datePublished":"2025-07-19T20:47:34+00:00","dateModified":"2025-09-25T17:01:31+00:00","description":"Petit \"Especial Para Mam\u00e1\" Contiene: S\u00e1ndwich de croissant con Jam\u00f3n y queso Jugo de naranja en botellita de vidrio personalizada Contenedor con frutas frescas Caja de cart\u00f3n blanca personalizada Lazo de tela negro con colilla del d\u00eda de la madre","breadcrumb":{"@id":"https:\/\/www.chocolatestheocr.com\/shop\/fechas-especiales\/dia-de-la-madre\/petit-especial-para-mama\/#breadcrumb"},"inLanguage":"en-US","potentialAction":[{"@type":"ReadAction","target":["https:\/\/www.chocolatestheocr.com\/shop\/fechas-especiales\/dia-de-la-madre\/petit-especial-para-mama\/"]}]},{"@type":"ImageObject","inLanguage":"en-US","@id":"https:\/\/www.chocolatestheocr.com\/shop\/fechas-especiales\/dia-de-la-madre\/petit-especial-para-mama\/#primaryimage","url":"https:\/\/www.chocolatestheocr.com\/wp-content\/uploads\/2025\/07\/Petit-Mama.jpg","contentUrl":"https:\/\/www.chocolatestheocr.com\/wp-content\/uploads\/2025\/07\/Petit-Mama.jpg","width":1707,"height":2560,"caption":"Petit Mama\u0301"},{"@type":"BreadcrumbList","@id":"https:\/\/www.chocolatestheocr.com\/shop\/fechas-especiales\/dia-de-la-madre\/petit-especial-para-mama\/#breadcrumb","itemListElement":[{"@type":"ListItem","position":1,"name":"Portada","item":"https:\/\/www.chocolatestheocr.com\/"},{"@type":"ListItem","position":2,"name":"Tienda","item":"https:\/\/www.chocolatestheocr.com\/shop\/"},{"@type":"ListItem","position":3,"name":"Petit &#8220;Especial Para Mam\u00e1&#8221;"}]},{"@type":"WebSite","@id":"https:\/\/www.chocolatestheocr.com\/#website","url":"https:\/\/www.chocolatestheocr.com\/","name":"Chocolates Theo","description":"","publisher":{"@id":"https:\/\/www.chocolatestheocr.com\/#organization"},"potentialAction":[{"@type":"SearchAction","target":{"@type":"EntryPoint","urlTemplate":"https:\/\/www.chocolatestheocr.com\/?s={search_term_string}"},"query-input":{"@type":"PropertyValueSpecification","valueRequired":true,"valueName":"search_term_string"}}],"inLanguage":"en-US"},{"@type":"Organization","@id":"https:\/\/www.chocolatestheocr.com\/#organization","name":"Chocolates Theo","url":"https:\/\/www.chocolatestheocr.com\/","logo":{"@type":"ImageObject","inLanguage":"en-US","@id":"https:\/\/www.chocolatestheocr.com\/#\/schema\/logo\/image\/","url":"https:\/\/www.chocolatestheocr.com\/wp-content\/uploads\/2021\/10\/Logo-Chocolates-Theo.jpg","contentUrl":"https:\/\/www.chocolatestheocr.com\/wp-content\/uploads\/2021\/10\/Logo-Chocolates-Theo.jpg","width":600,"height":600,"caption":"Chocolates Theo"},"image":{"@id":"https:\/\/www.chocolatestheocr.com\/#\/schema\/logo\/image\/"},"sameAs":["https:\/\/www.facebook.com\/chocolatestheocr","https:\/\/www.instagram.com\/chocolates_theo\/","https:\/\/www.youtube.com\/channel\/UCcgAI69rswAd2FY1Ubvmcxw"]}]}},"_links":{"self":[{"href":"https:\/\/www.chocolatestheocr.com\/en\/wp-json\/wp\/v2\/product\/17055","targetHints":{"allow":["GET"]}}],"collection":[{"href":"https:\/\/www.chocolatestheocr.com\/en\/wp-json\/wp\/v2\/product"}],"about":[{"href":"https:\/\/www.chocolatestheocr.com\/en\/wp-json\/wp\/v2\/types\/product"}],"version-history":[{"count":0,"href":"https:\/\/www.chocolatestheocr.com\/en\/wp-json\/wp\/v2\/product\/17055\/revisions"}],"wp:featuredmedia":[{"embeddable":true,"href":"https:\/\/www.chocolatestheocr.com\/en\/wp-json\/wp\/v2\/media\/17064"}],"wp:attachment":[{"href":"https:\/\/www.chocolatestheocr.com\/en\/wp-json\/wp\/v2\/media?parent=17055"}],"wp:term":[{"taxonomy":"product_brand","embeddable":true,"href":"https:\/\/www.chocolatestheocr.com\/en\/wp-json\/wp\/v2\/product_brand?post=17055"},{"taxonomy":"product_cat","embeddable":true,"href":"https:\/\/www.chocolatestheocr.com\/en\/wp-json\/wp\/v2\/product_cat?post=17055"},{"taxonomy":"product_tag","embeddable":true,"href":"https:\/\/www.chocolatestheocr.com\/en\/wp-json\/wp\/v2\/product_tag?post=17055"}],"curies":[{"name":"wp","href":"https:\/\/api.w.org\/{rel}","templated":true}]}}