{"id":16328,"date":"2025-01-14T10:53:15","date_gmt":"2025-01-14T16:53:15","guid":{"rendered":"https:\/\/www.chocolatestheocr.com\/?post_type=product&#038;p=16328"},"modified":"2025-09-25T11:17:56","modified_gmt":"2025-09-25T17:17:56","slug":"petit-san-valentin","status":"publish","type":"product","link":"https:\/\/www.chocolatestheocr.com\/en\/shop\/fechas-especiales\/san-valentin\/petit-san-valentin\/","title":{"rendered":"Petit San Valent\u00edn"},"content":{"rendered":"<p>Petit San Valent\u00edn<\/p>\n<p>Contiene:<\/p>\n<ul>\n<li>S\u00e1ndwich de croissant con Jam\u00f3n y queso<\/li>\n<li>Jugo de naranja en botellita de vidrio<\/li>\n<li>Contenedor con frutas frescas<\/li>\n<li>Caja de cart\u00f3n blanca personalizada<\/li>\n<li>Lazo de tela rojo con colilla personalizada<\/li>\n<\/ul>","protected":false},"excerpt":{"rendered":"<p>Petit San Valent\u00edn<\/p>\n<p>Contiene:<\/p>\n<ul>\n<li>S\u00e1ndwich de croissant con Jam\u00f3n y queso<\/li>\n<li>Jugo de naranja en botellita de vidrio<\/li>\n<li>Contenedor con frutas frescas<\/li>\n<li>Caja de cart\u00f3n blanca personalizada<\/li>\n<li>Lazo de tela rojo con colilla personalizada<\/li>\n<\/ul>","protected":false},"featured_media":16329,"template":"","meta":[],"product_brand":[361],"product_cat":[565,74,448,41],"product_tag":[694,147,612,264,133,607],"class_list":{"0":"post-16328","1":"product","2":"type-product","3":"status-publish","4":"has-post-thumbnail","6":"product_brand-chocolates-theo","7":"product_cat-desayunos","8":"product_cat-fechas-especiales","9":"product_cat-san-valentin","10":"product_cat-all","11":"product_tag-desayunos","12":"product_tag-frutas","13":"product_tag-jugo-de-naranja","14":"product_tag-personalizado","15":"product_tag-san-valentin","16":"product_tag-sandwich","18":"first","19":"instock","20":"shipping-taxable","21":"purchasable","22":"product-type-simple"},"yoast_head":"<!-- This site is optimized with the Yoast SEO plugin v27.3 - https:\/\/yoast.com\/product\/yoast-seo-wordpress\/ -->\n<title>Petit San Valent\u00edn\/ Desayunos sorpresa\/ detalles para san Valent\u00edn<\/title>\n<meta name=\"description\" content=\"Petit San Valent\u00edn  Contiene:   S\u00e1ndwich de croissant con Jam\u00f3n y queso  Jugo de naranja en botellita de vidrio  Contenedor con frutas frescas  Caja de cart\u00f3n blanca personalizada  Lazo de tela rojo con colilla personalizada\" \/>\n<meta name=\"robots\" content=\"index, follow, max-snippet:-1, max-image-preview:large, max-video-preview:-1\" \/>\n<link rel=\"canonical\" href=\"https:\/\/www.chocolatestheocr.com\/en\/shop\/fechas-especiales\/san-valentin\/petit-san-valentin\/\" \/>\n<meta property=\"og:locale\" content=\"en_US\" \/>\n<meta property=\"og:type\" content=\"article\" \/>\n<meta property=\"og:title\" content=\"Petit San Valent\u00edn\/ Desayunos sorpresa\/ detalles para san Valent\u00edn\" \/>\n<meta property=\"og:description\" content=\"Petit San Valent\u00edn  Contiene:   S\u00e1ndwich de croissant con Jam\u00f3n y queso  Jugo de naranja en botellita de vidrio  Contenedor con frutas frescas  Caja de cart\u00f3n blanca personalizada  Lazo de tela rojo con colilla personalizada\" \/>\n<meta property=\"og:url\" content=\"https:\/\/www.chocolatestheocr.com\/en\/shop\/fechas-especiales\/san-valentin\/petit-san-valentin\/\" \/>\n<meta property=\"og:site_name\" content=\"Chocolates Theo\" \/>\n<meta property=\"article:publisher\" content=\"https:\/\/www.facebook.com\/chocolatestheocr\" \/>\n<meta property=\"article:modified_time\" content=\"2025-09-25T17:17:56+00:00\" \/>\n<meta property=\"og:image\" content=\"https:\/\/www.chocolatestheocr.com\/wp-content\/uploads\/2025\/01\/WhatsApp-Image-2025-01-14-at-9.01.10-AM.jpeg\" \/>\n\t<meta property=\"og:image:width\" content=\"960\" \/>\n\t<meta property=\"og:image:height\" content=\"1280\" \/>\n\t<meta property=\"og:image:type\" content=\"image\/jpeg\" \/>\n<meta name=\"twitter:card\" content=\"summary_large_image\" \/>\n<script type=\"application\/ld+json\" class=\"yoast-schema-graph\">{\"@context\":\"https:\\\/\\\/schema.org\",\"@graph\":[{\"@type\":\"WebPage\",\"@id\":\"https:\\\/\\\/www.chocolatestheocr.com\\\/shop\\\/fechas-especiales\\\/san-valentin\\\/petit-san-valentin\\\/\",\"url\":\"https:\\\/\\\/www.chocolatestheocr.com\\\/shop\\\/fechas-especiales\\\/san-valentin\\\/petit-san-valentin\\\/\",\"name\":\"Petit San Valent\u00edn\\\/ Desayunos sorpresa\\\/ detalles para san Valent\u00edn\",\"isPartOf\":{\"@id\":\"https:\\\/\\\/www.chocolatestheocr.com\\\/#website\"},\"primaryImageOfPage\":{\"@id\":\"https:\\\/\\\/www.chocolatestheocr.com\\\/shop\\\/fechas-especiales\\\/san-valentin\\\/petit-san-valentin\\\/#primaryimage\"},\"image\":{\"@id\":\"https:\\\/\\\/www.chocolatestheocr.com\\\/shop\\\/fechas-especiales\\\/san-valentin\\\/petit-san-valentin\\\/#primaryimage\"},\"thumbnailUrl\":\"https:\\\/\\\/www.chocolatestheocr.com\\\/wp-content\\\/uploads\\\/2025\\\/01\\\/WhatsApp-Image-2025-01-14-at-9.01.10-AM.jpeg\",\"datePublished\":\"2025-01-14T16:53:15+00:00\",\"dateModified\":\"2025-09-25T17:17:56+00:00\",\"description\":\"Petit San Valent\u00edn Contiene: S\u00e1ndwich de croissant con Jam\u00f3n y queso Jugo de naranja en botellita de vidrio Contenedor con frutas frescas Caja de cart\u00f3n blanca personalizada Lazo de tela rojo con colilla personalizada\",\"breadcrumb\":{\"@id\":\"https:\\\/\\\/www.chocolatestheocr.com\\\/shop\\\/fechas-especiales\\\/san-valentin\\\/petit-san-valentin\\\/#breadcrumb\"},\"inLanguage\":\"en-US\",\"potentialAction\":[{\"@type\":\"ReadAction\",\"target\":[\"https:\\\/\\\/www.chocolatestheocr.com\\\/shop\\\/fechas-especiales\\\/san-valentin\\\/petit-san-valentin\\\/\"]}]},{\"@type\":\"ImageObject\",\"inLanguage\":\"en-US\",\"@id\":\"https:\\\/\\\/www.chocolatestheocr.com\\\/shop\\\/fechas-especiales\\\/san-valentin\\\/petit-san-valentin\\\/#primaryimage\",\"url\":\"https:\\\/\\\/www.chocolatestheocr.com\\\/wp-content\\\/uploads\\\/2025\\\/01\\\/WhatsApp-Image-2025-01-14-at-9.01.10-AM.jpeg\",\"contentUrl\":\"https:\\\/\\\/www.chocolatestheocr.com\\\/wp-content\\\/uploads\\\/2025\\\/01\\\/WhatsApp-Image-2025-01-14-at-9.01.10-AM.jpeg\",\"width\":960,\"height\":1280,\"caption\":\"Petit San Valent\u00edn\"},{\"@type\":\"BreadcrumbList\",\"@id\":\"https:\\\/\\\/www.chocolatestheocr.com\\\/shop\\\/fechas-especiales\\\/san-valentin\\\/petit-san-valentin\\\/#breadcrumb\",\"itemListElement\":[{\"@type\":\"ListItem\",\"position\":1,\"name\":\"Portada\",\"item\":\"https:\\\/\\\/www.chocolatestheocr.com\\\/\"},{\"@type\":\"ListItem\",\"position\":2,\"name\":\"Tienda\",\"item\":\"https:\\\/\\\/www.chocolatestheocr.com\\\/shop\\\/\"},{\"@type\":\"ListItem\",\"position\":3,\"name\":\"Petit San Valent\u00edn\"}]},{\"@type\":\"WebSite\",\"@id\":\"https:\\\/\\\/www.chocolatestheocr.com\\\/#website\",\"url\":\"https:\\\/\\\/www.chocolatestheocr.com\\\/\",\"name\":\"Chocolates Theo\",\"description\":\"\",\"publisher\":{\"@id\":\"https:\\\/\\\/www.chocolatestheocr.com\\\/#organization\"},\"potentialAction\":[{\"@type\":\"SearchAction\",\"target\":{\"@type\":\"EntryPoint\",\"urlTemplate\":\"https:\\\/\\\/www.chocolatestheocr.com\\\/?s={search_term_string}\"},\"query-input\":{\"@type\":\"PropertyValueSpecification\",\"valueRequired\":true,\"valueName\":\"search_term_string\"}}],\"inLanguage\":\"en-US\"},{\"@type\":\"Organization\",\"@id\":\"https:\\\/\\\/www.chocolatestheocr.com\\\/#organization\",\"name\":\"Chocolates Theo\",\"url\":\"https:\\\/\\\/www.chocolatestheocr.com\\\/\",\"logo\":{\"@type\":\"ImageObject\",\"inLanguage\":\"en-US\",\"@id\":\"https:\\\/\\\/www.chocolatestheocr.com\\\/#\\\/schema\\\/logo\\\/image\\\/\",\"url\":\"https:\\\/\\\/www.chocolatestheocr.com\\\/wp-content\\\/uploads\\\/2021\\\/10\\\/Logo-Chocolates-Theo.jpg\",\"contentUrl\":\"https:\\\/\\\/www.chocolatestheocr.com\\\/wp-content\\\/uploads\\\/2021\\\/10\\\/Logo-Chocolates-Theo.jpg\",\"width\":600,\"height\":600,\"caption\":\"Chocolates Theo\"},\"image\":{\"@id\":\"https:\\\/\\\/www.chocolatestheocr.com\\\/#\\\/schema\\\/logo\\\/image\\\/\"},\"sameAs\":[\"https:\\\/\\\/www.facebook.com\\\/chocolatestheocr\",\"https:\\\/\\\/www.instagram.com\\\/chocolates_theo\\\/\",\"https:\\\/\\\/www.youtube.com\\\/channel\\\/UCcgAI69rswAd2FY1Ubvmcxw\"]}]}<\/script>\n<!-- \/ Yoast SEO plugin. -->","yoast_head_json":{"title":"Petit San Valent\u00edn\/ Desayunos sorpresa\/ detalles para san Valent\u00edn","description":"Petit San Valent\u00edn  Contiene:   S\u00e1ndwich de croissant con Jam\u00f3n y queso  Jugo de naranja en botellita de vidrio  Contenedor con frutas frescas  Caja de cart\u00f3n blanca personalizada  Lazo de tela rojo con colilla personalizada","robots":{"index":"index","follow":"follow","max-snippet":"max-snippet:-1","max-image-preview":"max-image-preview:large","max-video-preview":"max-video-preview:-1"},"canonical":"https:\/\/www.chocolatestheocr.com\/en\/shop\/fechas-especiales\/san-valentin\/petit-san-valentin\/","og_locale":"en_US","og_type":"article","og_title":"Petit San Valent\u00edn\/ Desayunos sorpresa\/ detalles para san Valent\u00edn","og_description":"Petit San Valent\u00edn  Contiene:   S\u00e1ndwich de croissant con Jam\u00f3n y queso  Jugo de naranja en botellita de vidrio  Contenedor con frutas frescas  Caja de cart\u00f3n blanca personalizada  Lazo de tela rojo con colilla personalizada","og_url":"https:\/\/www.chocolatestheocr.com\/en\/shop\/fechas-especiales\/san-valentin\/petit-san-valentin\/","og_site_name":"Chocolates Theo","article_publisher":"https:\/\/www.facebook.com\/chocolatestheocr","article_modified_time":"2025-09-25T17:17:56+00:00","og_image":[{"width":960,"height":1280,"url":"https:\/\/www.chocolatestheocr.com\/wp-content\/uploads\/2025\/01\/WhatsApp-Image-2025-01-14-at-9.01.10-AM.jpeg","type":"image\/jpeg"}],"twitter_card":"summary_large_image","schema":{"@context":"https:\/\/schema.org","@graph":[{"@type":"WebPage","@id":"https:\/\/www.chocolatestheocr.com\/shop\/fechas-especiales\/san-valentin\/petit-san-valentin\/","url":"https:\/\/www.chocolatestheocr.com\/shop\/fechas-especiales\/san-valentin\/petit-san-valentin\/","name":"Petit San Valent\u00edn\/ Desayunos sorpresa\/ detalles para san Valent\u00edn","isPartOf":{"@id":"https:\/\/www.chocolatestheocr.com\/#website"},"primaryImageOfPage":{"@id":"https:\/\/www.chocolatestheocr.com\/shop\/fechas-especiales\/san-valentin\/petit-san-valentin\/#primaryimage"},"image":{"@id":"https:\/\/www.chocolatestheocr.com\/shop\/fechas-especiales\/san-valentin\/petit-san-valentin\/#primaryimage"},"thumbnailUrl":"https:\/\/www.chocolatestheocr.com\/wp-content\/uploads\/2025\/01\/WhatsApp-Image-2025-01-14-at-9.01.10-AM.jpeg","datePublished":"2025-01-14T16:53:15+00:00","dateModified":"2025-09-25T17:17:56+00:00","description":"Petit San Valent\u00edn Contiene: S\u00e1ndwich de croissant con Jam\u00f3n y queso Jugo de naranja en botellita de vidrio Contenedor con frutas frescas Caja de cart\u00f3n blanca personalizada Lazo de tela rojo con colilla personalizada","breadcrumb":{"@id":"https:\/\/www.chocolatestheocr.com\/shop\/fechas-especiales\/san-valentin\/petit-san-valentin\/#breadcrumb"},"inLanguage":"en-US","potentialAction":[{"@type":"ReadAction","target":["https:\/\/www.chocolatestheocr.com\/shop\/fechas-especiales\/san-valentin\/petit-san-valentin\/"]}]},{"@type":"ImageObject","inLanguage":"en-US","@id":"https:\/\/www.chocolatestheocr.com\/shop\/fechas-especiales\/san-valentin\/petit-san-valentin\/#primaryimage","url":"https:\/\/www.chocolatestheocr.com\/wp-content\/uploads\/2025\/01\/WhatsApp-Image-2025-01-14-at-9.01.10-AM.jpeg","contentUrl":"https:\/\/www.chocolatestheocr.com\/wp-content\/uploads\/2025\/01\/WhatsApp-Image-2025-01-14-at-9.01.10-AM.jpeg","width":960,"height":1280,"caption":"Petit San Valent\u00edn"},{"@type":"BreadcrumbList","@id":"https:\/\/www.chocolatestheocr.com\/shop\/fechas-especiales\/san-valentin\/petit-san-valentin\/#breadcrumb","itemListElement":[{"@type":"ListItem","position":1,"name":"Portada","item":"https:\/\/www.chocolatestheocr.com\/"},{"@type":"ListItem","position":2,"name":"Tienda","item":"https:\/\/www.chocolatestheocr.com\/shop\/"},{"@type":"ListItem","position":3,"name":"Petit San Valent\u00edn"}]},{"@type":"WebSite","@id":"https:\/\/www.chocolatestheocr.com\/#website","url":"https:\/\/www.chocolatestheocr.com\/","name":"Chocolates Theo","description":"","publisher":{"@id":"https:\/\/www.chocolatestheocr.com\/#organization"},"potentialAction":[{"@type":"SearchAction","target":{"@type":"EntryPoint","urlTemplate":"https:\/\/www.chocolatestheocr.com\/?s={search_term_string}"},"query-input":{"@type":"PropertyValueSpecification","valueRequired":true,"valueName":"search_term_string"}}],"inLanguage":"en-US"},{"@type":"Organization","@id":"https:\/\/www.chocolatestheocr.com\/#organization","name":"Chocolates Theo","url":"https:\/\/www.chocolatestheocr.com\/","logo":{"@type":"ImageObject","inLanguage":"en-US","@id":"https:\/\/www.chocolatestheocr.com\/#\/schema\/logo\/image\/","url":"https:\/\/www.chocolatestheocr.com\/wp-content\/uploads\/2021\/10\/Logo-Chocolates-Theo.jpg","contentUrl":"https:\/\/www.chocolatestheocr.com\/wp-content\/uploads\/2021\/10\/Logo-Chocolates-Theo.jpg","width":600,"height":600,"caption":"Chocolates Theo"},"image":{"@id":"https:\/\/www.chocolatestheocr.com\/#\/schema\/logo\/image\/"},"sameAs":["https:\/\/www.facebook.com\/chocolatestheocr","https:\/\/www.instagram.com\/chocolates_theo\/","https:\/\/www.youtube.com\/channel\/UCcgAI69rswAd2FY1Ubvmcxw"]}]}},"_links":{"self":[{"href":"https:\/\/www.chocolatestheocr.com\/en\/wp-json\/wp\/v2\/product\/16328","targetHints":{"allow":["GET"]}}],"collection":[{"href":"https:\/\/www.chocolatestheocr.com\/en\/wp-json\/wp\/v2\/product"}],"about":[{"href":"https:\/\/www.chocolatestheocr.com\/en\/wp-json\/wp\/v2\/types\/product"}],"version-history":[{"count":0,"href":"https:\/\/www.chocolatestheocr.com\/en\/wp-json\/wp\/v2\/product\/16328\/revisions"}],"wp:featuredmedia":[{"embeddable":true,"href":"https:\/\/www.chocolatestheocr.com\/en\/wp-json\/wp\/v2\/media\/16329"}],"wp:attachment":[{"href":"https:\/\/www.chocolatestheocr.com\/en\/wp-json\/wp\/v2\/media?parent=16328"}],"wp:term":[{"taxonomy":"product_brand","embeddable":true,"href":"https:\/\/www.chocolatestheocr.com\/en\/wp-json\/wp\/v2\/product_brand?post=16328"},{"taxonomy":"product_cat","embeddable":true,"href":"https:\/\/www.chocolatestheocr.com\/en\/wp-json\/wp\/v2\/product_cat?post=16328"},{"taxonomy":"product_tag","embeddable":true,"href":"https:\/\/www.chocolatestheocr.com\/en\/wp-json\/wp\/v2\/product_tag?post=16328"}],"curies":[{"name":"wp","href":"https:\/\/api.w.org\/{rel}","templated":true}]}}