{"id":16019,"date":"2024-11-27T14:20:19","date_gmt":"2024-11-27T20:20:19","guid":{"rendered":"https:\/\/www.chocolatestheocr.com\/?post_type=product&#038;p=16019"},"modified":"2026-01-12T13:30:28","modified_gmt":"2026-01-12T19:30:28","slug":"caja-estrella-de-belen","status":"publish","type":"product","link":"https:\/\/www.chocolatestheocr.com\/en\/shop\/fechas-especiales\/navidad\/caja-estrella-de-belen\/","title":{"rendered":"Caja &#8220;Estrella de bel\u00e9n&#8221;"},"content":{"rendered":"<p>Caja &#8220;Estrella de bel\u00e9n&#8221;<\/p>\n<p>Deliciosa caja de temporada que contiene:<\/p>\n<ul>\n<li>Caja de 4 fresas cubiertas de chocolate con apliques de navide\u00f1os<\/li>\n<li>Queque navide\u00f1o con diferentes semillas<\/li>\n<li>Una botella de Baileys<\/li>\n<\/ul>","protected":false},"excerpt":{"rendered":"<p>Caja &#8220;Estrella de bel\u00e9n&#8221;<\/p>\n<p>Deliciosa caja de temporada que contiene:<\/p>\n<ul>\n<li>Caja de 4 fresas cubiertas de chocolate con apliques de navide\u00f1os<\/li>\n<li>Queque navide\u00f1o con diferentes semillas<\/li>\n<li>Una botella de Baileys<\/li>\n<\/ul>","protected":false},"featured_media":16021,"template":"","meta":[],"product_brand":[361],"product_cat":[74,92,41],"product_tag":[307,726,435],"class_list":{"0":"post-16019","1":"product","2":"type-product","3":"status-publish","4":"has-post-thumbnail","6":"product_brand-chocolates-theo","7":"product_cat-fechas-especiales","8":"product_cat-navidad","9":"product_cat-all","10":"product_tag-baileys","11":"product_tag-fresas-con-choclate","12":"product_tag-queque-navideno","14":"first","15":"instock","16":"shipping-taxable","17":"purchasable","18":"product-type-simple"},"yoast_head":"<!-- This site is optimized with the Yoast SEO plugin v27.3 - https:\/\/yoast.com\/product\/yoast-seo-wordpress\/ -->\n<title>Caja &quot;Estrella de bel\u00e9n&quot;\/ Caja navide\u00f1a\/ regalos para navidad\/ theo<\/title>\n<meta name=\"description\" content=\"Caja &quot;Estrella de bel\u00e9n&quot;  Deliciosa caja de temporada que contiene:   Caja de 4 fresas cubiertas de chocolate con apliques de navide\u00f1os  Queque navide\u00f1o con diferentes semillas  Una botella de Baileys\" \/>\n<meta name=\"robots\" content=\"index, follow, max-snippet:-1, max-image-preview:large, max-video-preview:-1\" \/>\n<link rel=\"canonical\" href=\"https:\/\/www.chocolatestheocr.com\/en\/shop\/fechas-especiales\/navidad\/caja-estrella-de-belen\/\" \/>\n<meta property=\"og:locale\" content=\"en_US\" \/>\n<meta property=\"og:type\" content=\"article\" \/>\n<meta property=\"og:title\" content=\"Caja &quot;Estrella de bel\u00e9n&quot;\/ Caja navide\u00f1a\/ regalos para navidad\/ theo\" \/>\n<meta property=\"og:description\" content=\"Caja &quot;Estrella de bel\u00e9n&quot;  Deliciosa caja de temporada que contiene:   Caja de 4 fresas cubiertas de chocolate con apliques de navide\u00f1os  Queque navide\u00f1o con diferentes semillas  Una botella de Baileys\" \/>\n<meta property=\"og:url\" content=\"https:\/\/www.chocolatestheocr.com\/en\/shop\/fechas-especiales\/navidad\/caja-estrella-de-belen\/\" \/>\n<meta property=\"og:site_name\" content=\"Chocolates Theo\" \/>\n<meta property=\"article:publisher\" content=\"https:\/\/www.facebook.com\/chocolatestheocr\" \/>\n<meta property=\"article:modified_time\" content=\"2026-01-12T19:30:28+00:00\" \/>\n<meta property=\"og:image\" content=\"https:\/\/www.chocolatestheocr.com\/wp-content\/uploads\/2024\/11\/WhatsApp-Image-2024-11-27-at-12.33.04-PM-3.jpeg\" \/>\n\t<meta property=\"og:image:width\" content=\"960\" \/>\n\t<meta property=\"og:image:height\" content=\"1280\" \/>\n\t<meta property=\"og:image:type\" content=\"image\/jpeg\" \/>\n<meta name=\"twitter:card\" content=\"summary_large_image\" \/>\n<script type=\"application\/ld+json\" class=\"yoast-schema-graph\">{\"@context\":\"https:\\\/\\\/schema.org\",\"@graph\":[{\"@type\":\"WebPage\",\"@id\":\"https:\\\/\\\/www.chocolatestheocr.com\\\/shop\\\/fechas-especiales\\\/navidad\\\/caja-estrella-de-belen\\\/\",\"url\":\"https:\\\/\\\/www.chocolatestheocr.com\\\/shop\\\/fechas-especiales\\\/navidad\\\/caja-estrella-de-belen\\\/\",\"name\":\"Caja \\\"Estrella de bel\u00e9n\\\"\\\/ Caja navide\u00f1a\\\/ regalos para navidad\\\/ theo\",\"isPartOf\":{\"@id\":\"https:\\\/\\\/www.chocolatestheocr.com\\\/#website\"},\"primaryImageOfPage\":{\"@id\":\"https:\\\/\\\/www.chocolatestheocr.com\\\/shop\\\/fechas-especiales\\\/navidad\\\/caja-estrella-de-belen\\\/#primaryimage\"},\"image\":{\"@id\":\"https:\\\/\\\/www.chocolatestheocr.com\\\/shop\\\/fechas-especiales\\\/navidad\\\/caja-estrella-de-belen\\\/#primaryimage\"},\"thumbnailUrl\":\"https:\\\/\\\/www.chocolatestheocr.com\\\/wp-content\\\/uploads\\\/2024\\\/11\\\/WhatsApp-Image-2024-11-27-at-12.33.04-PM-3.jpeg\",\"datePublished\":\"2024-11-27T20:20:19+00:00\",\"dateModified\":\"2026-01-12T19:30:28+00:00\",\"description\":\"Caja \\\"Estrella de bel\u00e9n\\\" Deliciosa caja de temporada que contiene: Caja de 4 fresas cubiertas de chocolate con apliques de navide\u00f1os Queque navide\u00f1o con diferentes semillas Una botella de Baileys\",\"breadcrumb\":{\"@id\":\"https:\\\/\\\/www.chocolatestheocr.com\\\/shop\\\/fechas-especiales\\\/navidad\\\/caja-estrella-de-belen\\\/#breadcrumb\"},\"inLanguage\":\"en-US\",\"potentialAction\":[{\"@type\":\"ReadAction\",\"target\":[\"https:\\\/\\\/www.chocolatestheocr.com\\\/shop\\\/fechas-especiales\\\/navidad\\\/caja-estrella-de-belen\\\/\"]}]},{\"@type\":\"ImageObject\",\"inLanguage\":\"en-US\",\"@id\":\"https:\\\/\\\/www.chocolatestheocr.com\\\/shop\\\/fechas-especiales\\\/navidad\\\/caja-estrella-de-belen\\\/#primaryimage\",\"url\":\"https:\\\/\\\/www.chocolatestheocr.com\\\/wp-content\\\/uploads\\\/2024\\\/11\\\/WhatsApp-Image-2024-11-27-at-12.33.04-PM-3.jpeg\",\"contentUrl\":\"https:\\\/\\\/www.chocolatestheocr.com\\\/wp-content\\\/uploads\\\/2024\\\/11\\\/WhatsApp-Image-2024-11-27-at-12.33.04-PM-3.jpeg\",\"width\":960,\"height\":1280,\"caption\":\"Caja estrella de bel\u00e9n\"},{\"@type\":\"BreadcrumbList\",\"@id\":\"https:\\\/\\\/www.chocolatestheocr.com\\\/shop\\\/fechas-especiales\\\/navidad\\\/caja-estrella-de-belen\\\/#breadcrumb\",\"itemListElement\":[{\"@type\":\"ListItem\",\"position\":1,\"name\":\"Portada\",\"item\":\"https:\\\/\\\/www.chocolatestheocr.com\\\/\"},{\"@type\":\"ListItem\",\"position\":2,\"name\":\"Tienda\",\"item\":\"https:\\\/\\\/www.chocolatestheocr.com\\\/shop\\\/\"},{\"@type\":\"ListItem\",\"position\":3,\"name\":\"Caja &#8220;Estrella de bel\u00e9n&#8221;\"}]},{\"@type\":\"WebSite\",\"@id\":\"https:\\\/\\\/www.chocolatestheocr.com\\\/#website\",\"url\":\"https:\\\/\\\/www.chocolatestheocr.com\\\/\",\"name\":\"Chocolates Theo\",\"description\":\"\",\"publisher\":{\"@id\":\"https:\\\/\\\/www.chocolatestheocr.com\\\/#organization\"},\"potentialAction\":[{\"@type\":\"SearchAction\",\"target\":{\"@type\":\"EntryPoint\",\"urlTemplate\":\"https:\\\/\\\/www.chocolatestheocr.com\\\/?s={search_term_string}\"},\"query-input\":{\"@type\":\"PropertyValueSpecification\",\"valueRequired\":true,\"valueName\":\"search_term_string\"}}],\"inLanguage\":\"en-US\"},{\"@type\":\"Organization\",\"@id\":\"https:\\\/\\\/www.chocolatestheocr.com\\\/#organization\",\"name\":\"Chocolates Theo\",\"url\":\"https:\\\/\\\/www.chocolatestheocr.com\\\/\",\"logo\":{\"@type\":\"ImageObject\",\"inLanguage\":\"en-US\",\"@id\":\"https:\\\/\\\/www.chocolatestheocr.com\\\/#\\\/schema\\\/logo\\\/image\\\/\",\"url\":\"https:\\\/\\\/www.chocolatestheocr.com\\\/wp-content\\\/uploads\\\/2021\\\/10\\\/Logo-Chocolates-Theo.jpg\",\"contentUrl\":\"https:\\\/\\\/www.chocolatestheocr.com\\\/wp-content\\\/uploads\\\/2021\\\/10\\\/Logo-Chocolates-Theo.jpg\",\"width\":600,\"height\":600,\"caption\":\"Chocolates Theo\"},\"image\":{\"@id\":\"https:\\\/\\\/www.chocolatestheocr.com\\\/#\\\/schema\\\/logo\\\/image\\\/\"},\"sameAs\":[\"https:\\\/\\\/www.facebook.com\\\/chocolatestheocr\",\"https:\\\/\\\/www.instagram.com\\\/chocolates_theo\\\/\",\"https:\\\/\\\/www.youtube.com\\\/channel\\\/UCcgAI69rswAd2FY1Ubvmcxw\"]}]}<\/script>\n<!-- \/ Yoast SEO plugin. -->","yoast_head_json":{"title":"Caja \"Estrella de bel\u00e9n\"\/ Caja navide\u00f1a\/ regalos para navidad\/ theo","description":"Caja \"Estrella de bel\u00e9n\"  Deliciosa caja de temporada que contiene:   Caja de 4 fresas cubiertas de chocolate con apliques de navide\u00f1os  Queque navide\u00f1o con diferentes semillas  Una botella de Baileys","robots":{"index":"index","follow":"follow","max-snippet":"max-snippet:-1","max-image-preview":"max-image-preview:large","max-video-preview":"max-video-preview:-1"},"canonical":"https:\/\/www.chocolatestheocr.com\/en\/shop\/fechas-especiales\/navidad\/caja-estrella-de-belen\/","og_locale":"en_US","og_type":"article","og_title":"Caja \"Estrella de bel\u00e9n\"\/ Caja navide\u00f1a\/ regalos para navidad\/ theo","og_description":"Caja \"Estrella de bel\u00e9n\"  Deliciosa caja de temporada que contiene:   Caja de 4 fresas cubiertas de chocolate con apliques de navide\u00f1os  Queque navide\u00f1o con diferentes semillas  Una botella de Baileys","og_url":"https:\/\/www.chocolatestheocr.com\/en\/shop\/fechas-especiales\/navidad\/caja-estrella-de-belen\/","og_site_name":"Chocolates Theo","article_publisher":"https:\/\/www.facebook.com\/chocolatestheocr","article_modified_time":"2026-01-12T19:30:28+00:00","og_image":[{"width":960,"height":1280,"url":"https:\/\/www.chocolatestheocr.com\/wp-content\/uploads\/2024\/11\/WhatsApp-Image-2024-11-27-at-12.33.04-PM-3.jpeg","type":"image\/jpeg"}],"twitter_card":"summary_large_image","schema":{"@context":"https:\/\/schema.org","@graph":[{"@type":"WebPage","@id":"https:\/\/www.chocolatestheocr.com\/shop\/fechas-especiales\/navidad\/caja-estrella-de-belen\/","url":"https:\/\/www.chocolatestheocr.com\/shop\/fechas-especiales\/navidad\/caja-estrella-de-belen\/","name":"Caja \"Estrella de bel\u00e9n\"\/ Caja navide\u00f1a\/ regalos para navidad\/ theo","isPartOf":{"@id":"https:\/\/www.chocolatestheocr.com\/#website"},"primaryImageOfPage":{"@id":"https:\/\/www.chocolatestheocr.com\/shop\/fechas-especiales\/navidad\/caja-estrella-de-belen\/#primaryimage"},"image":{"@id":"https:\/\/www.chocolatestheocr.com\/shop\/fechas-especiales\/navidad\/caja-estrella-de-belen\/#primaryimage"},"thumbnailUrl":"https:\/\/www.chocolatestheocr.com\/wp-content\/uploads\/2024\/11\/WhatsApp-Image-2024-11-27-at-12.33.04-PM-3.jpeg","datePublished":"2024-11-27T20:20:19+00:00","dateModified":"2026-01-12T19:30:28+00:00","description":"Caja \"Estrella de bel\u00e9n\" Deliciosa caja de temporada que contiene: Caja de 4 fresas cubiertas de chocolate con apliques de navide\u00f1os Queque navide\u00f1o con diferentes semillas Una botella de Baileys","breadcrumb":{"@id":"https:\/\/www.chocolatestheocr.com\/shop\/fechas-especiales\/navidad\/caja-estrella-de-belen\/#breadcrumb"},"inLanguage":"en-US","potentialAction":[{"@type":"ReadAction","target":["https:\/\/www.chocolatestheocr.com\/shop\/fechas-especiales\/navidad\/caja-estrella-de-belen\/"]}]},{"@type":"ImageObject","inLanguage":"en-US","@id":"https:\/\/www.chocolatestheocr.com\/shop\/fechas-especiales\/navidad\/caja-estrella-de-belen\/#primaryimage","url":"https:\/\/www.chocolatestheocr.com\/wp-content\/uploads\/2024\/11\/WhatsApp-Image-2024-11-27-at-12.33.04-PM-3.jpeg","contentUrl":"https:\/\/www.chocolatestheocr.com\/wp-content\/uploads\/2024\/11\/WhatsApp-Image-2024-11-27-at-12.33.04-PM-3.jpeg","width":960,"height":1280,"caption":"Caja estrella de bel\u00e9n"},{"@type":"BreadcrumbList","@id":"https:\/\/www.chocolatestheocr.com\/shop\/fechas-especiales\/navidad\/caja-estrella-de-belen\/#breadcrumb","itemListElement":[{"@type":"ListItem","position":1,"name":"Portada","item":"https:\/\/www.chocolatestheocr.com\/"},{"@type":"ListItem","position":2,"name":"Tienda","item":"https:\/\/www.chocolatestheocr.com\/shop\/"},{"@type":"ListItem","position":3,"name":"Caja &#8220;Estrella de bel\u00e9n&#8221;"}]},{"@type":"WebSite","@id":"https:\/\/www.chocolatestheocr.com\/#website","url":"https:\/\/www.chocolatestheocr.com\/","name":"Chocolates Theo","description":"","publisher":{"@id":"https:\/\/www.chocolatestheocr.com\/#organization"},"potentialAction":[{"@type":"SearchAction","target":{"@type":"EntryPoint","urlTemplate":"https:\/\/www.chocolatestheocr.com\/?s={search_term_string}"},"query-input":{"@type":"PropertyValueSpecification","valueRequired":true,"valueName":"search_term_string"}}],"inLanguage":"en-US"},{"@type":"Organization","@id":"https:\/\/www.chocolatestheocr.com\/#organization","name":"Chocolates Theo","url":"https:\/\/www.chocolatestheocr.com\/","logo":{"@type":"ImageObject","inLanguage":"en-US","@id":"https:\/\/www.chocolatestheocr.com\/#\/schema\/logo\/image\/","url":"https:\/\/www.chocolatestheocr.com\/wp-content\/uploads\/2021\/10\/Logo-Chocolates-Theo.jpg","contentUrl":"https:\/\/www.chocolatestheocr.com\/wp-content\/uploads\/2021\/10\/Logo-Chocolates-Theo.jpg","width":600,"height":600,"caption":"Chocolates Theo"},"image":{"@id":"https:\/\/www.chocolatestheocr.com\/#\/schema\/logo\/image\/"},"sameAs":["https:\/\/www.facebook.com\/chocolatestheocr","https:\/\/www.instagram.com\/chocolates_theo\/","https:\/\/www.youtube.com\/channel\/UCcgAI69rswAd2FY1Ubvmcxw"]}]}},"_links":{"self":[{"href":"https:\/\/www.chocolatestheocr.com\/en\/wp-json\/wp\/v2\/product\/16019","targetHints":{"allow":["GET"]}}],"collection":[{"href":"https:\/\/www.chocolatestheocr.com\/en\/wp-json\/wp\/v2\/product"}],"about":[{"href":"https:\/\/www.chocolatestheocr.com\/en\/wp-json\/wp\/v2\/types\/product"}],"version-history":[{"count":0,"href":"https:\/\/www.chocolatestheocr.com\/en\/wp-json\/wp\/v2\/product\/16019\/revisions"}],"wp:featuredmedia":[{"embeddable":true,"href":"https:\/\/www.chocolatestheocr.com\/en\/wp-json\/wp\/v2\/media\/16021"}],"wp:attachment":[{"href":"https:\/\/www.chocolatestheocr.com\/en\/wp-json\/wp\/v2\/media?parent=16019"}],"wp:term":[{"taxonomy":"product_brand","embeddable":true,"href":"https:\/\/www.chocolatestheocr.com\/en\/wp-json\/wp\/v2\/product_brand?post=16019"},{"taxonomy":"product_cat","embeddable":true,"href":"https:\/\/www.chocolatestheocr.com\/en\/wp-json\/wp\/v2\/product_cat?post=16019"},{"taxonomy":"product_tag","embeddable":true,"href":"https:\/\/www.chocolatestheocr.com\/en\/wp-json\/wp\/v2\/product_tag?post=16019"}],"curies":[{"name":"wp","href":"https:\/\/api.w.org\/{rel}","templated":true}]}}