{"id":15983,"date":"2024-11-23T09:02:31","date_gmt":"2024-11-23T15:02:31","guid":{"rendered":"https:\/\/www.chocolatestheocr.com\/?post_type=product&#038;p=15983"},"modified":"2026-01-15T09:40:30","modified_gmt":"2026-01-15T15:40:30","slug":"desayuno-noche-de-paz","status":"publish","type":"product","link":"https:\/\/www.chocolatestheocr.com\/en\/shop\/fechas-especiales\/navidad\/desayuno-noche-de-paz\/","title":{"rendered":"Desayuno &#8220;Noche de Paz&#8221;"},"content":{"rendered":"<p>Desayuno &#8220;Noche de Paz&#8221;<\/p>\n<p>Deliciosos desayuno que contiene:<\/p>\n<ul>\n<li>Botellita de vidrio personalizada con jugo de naranja<\/li>\n<li>Fresa cubierta de chocolate con aplique de chocolate navide\u00f1o<\/li>\n<li>Tacita con ensalada de frutas<\/li>\n<li>Deliciosos croissant de jam\u00f3n y queso.<\/li>\n<li>caja de cart\u00f3n negra con tapa transparente<\/li>\n<li>Topper &#8220;ho ho ho&#8221;\u00a0 rojo<\/li>\n<\/ul>","protected":false},"excerpt":{"rendered":"<p>Desayuno &#8220;Noche de Paz&#8221;<\/p>\n<p>Deliciosos desayuno que contiene:<\/p>\n<ul>\n<li>Botellita de vidrio personalizada con jugo de naranja<\/li>\n<li>Fresa cubierta de chocolate con aplique de chocolate navide\u00f1o<\/li>\n<li>Tacita con ensalada de frutas<\/li>\n<li>Deliciosos croissant de jam\u00f3n y queso.<\/li>\n<li>caja de cart\u00f3n negra con tapa transparente<\/li>\n<li>Topper &#8220;ho ho ho&#8221;\u00a0 rojo<\/li>\n<\/ul>","protected":false},"featured_media":15984,"template":"","meta":[],"product_brand":[361],"product_cat":[74,92,41],"product_tag":[566,342,147,612,262,689],"class_list":{"0":"post-15983","1":"product","2":"type-product","3":"status-publish","4":"has-post-thumbnail","6":"product_brand-chocolates-theo","7":"product_cat-fechas-especiales","8":"product_cat-navidad","9":"product_cat-all","10":"product_tag-desayuno","11":"product_tag-fresa-con-chocolate","12":"product_tag-frutas","13":"product_tag-jugo-de-naranja","14":"product_tag-navidad","15":"product_tag-sandwich-de-croissant","17":"first","18":"instock","19":"shipping-taxable","20":"purchasable","21":"product-type-simple"},"yoast_head":"<!-- This site is optimized with the Yoast SEO plugin v27.3 - https:\/\/yoast.com\/product\/yoast-seo-wordpress\/ -->\n<title>Desayuno &quot;Noche de Paz&quot;\/Desayuno navide\u00f1o\/Regalos a domicilio<\/title>\n<meta name=\"description\" content=\"Desayuno &quot;Noche de Paz&quot;  Deliciosos desayuno que contiene:   Botellita de vidrio personalizada con jugo de naranja  Fresa cubierta de chocolate con aplique de chocolate navide\u00f1o  Tacita con ensalada de frutas  Deliciosos croissant de jam\u00f3n y queso.  caja de cart\u00f3n negra con tapa transparente  Topper &quot;ho ho ho&quot;\u00a0 rojo\" \/>\n<meta name=\"robots\" content=\"index, follow, max-snippet:-1, max-image-preview:large, max-video-preview:-1\" \/>\n<link rel=\"canonical\" href=\"https:\/\/www.chocolatestheocr.com\/en\/shop\/fechas-especiales\/navidad\/desayuno-noche-de-paz\/\" \/>\n<meta property=\"og:locale\" content=\"en_US\" \/>\n<meta property=\"og:type\" content=\"article\" \/>\n<meta property=\"og:title\" content=\"Desayuno &quot;Noche de Paz&quot;\/Desayuno navide\u00f1o\/Regalos a domicilio\" \/>\n<meta property=\"og:description\" content=\"Desayuno &quot;Noche de Paz&quot;  Deliciosos desayuno que contiene:   Botellita de vidrio personalizada con jugo de naranja  Fresa cubierta de chocolate con aplique de chocolate navide\u00f1o  Tacita con ensalada de frutas  Deliciosos croissant de jam\u00f3n y queso.  caja de cart\u00f3n negra con tapa transparente  Topper &quot;ho ho ho&quot;\u00a0 rojo\" \/>\n<meta property=\"og:url\" content=\"https:\/\/www.chocolatestheocr.com\/en\/shop\/fechas-especiales\/navidad\/desayuno-noche-de-paz\/\" \/>\n<meta property=\"og:site_name\" content=\"Chocolates Theo\" \/>\n<meta property=\"article:publisher\" content=\"https:\/\/www.facebook.com\/chocolatestheocr\" \/>\n<meta property=\"article:modified_time\" content=\"2026-01-15T15:40:30+00:00\" \/>\n<meta property=\"og:image\" content=\"https:\/\/www.chocolatestheocr.com\/wp-content\/uploads\/2024\/11\/WhatsApp-Image-2024-11-20-at-10.17.15-AM-4.jpeg\" \/>\n\t<meta property=\"og:image:width\" content=\"960\" \/>\n\t<meta property=\"og:image:height\" content=\"1280\" \/>\n\t<meta property=\"og:image:type\" content=\"image\/jpeg\" \/>\n<meta name=\"twitter:card\" content=\"summary_large_image\" \/>\n<script type=\"application\/ld+json\" class=\"yoast-schema-graph\">{\"@context\":\"https:\\\/\\\/schema.org\",\"@graph\":[{\"@type\":\"WebPage\",\"@id\":\"https:\\\/\\\/www.chocolatestheocr.com\\\/shop\\\/fechas-especiales\\\/navidad\\\/desayuno-noche-de-paz\\\/\",\"url\":\"https:\\\/\\\/www.chocolatestheocr.com\\\/shop\\\/fechas-especiales\\\/navidad\\\/desayuno-noche-de-paz\\\/\",\"name\":\"Desayuno \\\"Noche de Paz\\\"\\\/Desayuno navide\u00f1o\\\/Regalos a domicilio\",\"isPartOf\":{\"@id\":\"https:\\\/\\\/www.chocolatestheocr.com\\\/#website\"},\"primaryImageOfPage\":{\"@id\":\"https:\\\/\\\/www.chocolatestheocr.com\\\/shop\\\/fechas-especiales\\\/navidad\\\/desayuno-noche-de-paz\\\/#primaryimage\"},\"image\":{\"@id\":\"https:\\\/\\\/www.chocolatestheocr.com\\\/shop\\\/fechas-especiales\\\/navidad\\\/desayuno-noche-de-paz\\\/#primaryimage\"},\"thumbnailUrl\":\"https:\\\/\\\/www.chocolatestheocr.com\\\/wp-content\\\/uploads\\\/2024\\\/11\\\/WhatsApp-Image-2024-11-20-at-10.17.15-AM-4.jpeg\",\"datePublished\":\"2024-11-23T15:02:31+00:00\",\"dateModified\":\"2026-01-15T15:40:30+00:00\",\"description\":\"Desayuno \\\"Noche de Paz\\\" Deliciosos desayuno que contiene: Botellita de vidrio personalizada con jugo de naranja Fresa cubierta de chocolate con aplique de chocolate navide\u00f1o Tacita con ensalada de frutas Deliciosos croissant de jam\u00f3n y queso. caja de cart\u00f3n negra con tapa transparente Topper \\\"ho ho ho\\\"\u00a0 rojo\",\"breadcrumb\":{\"@id\":\"https:\\\/\\\/www.chocolatestheocr.com\\\/shop\\\/fechas-especiales\\\/navidad\\\/desayuno-noche-de-paz\\\/#breadcrumb\"},\"inLanguage\":\"en-US\",\"potentialAction\":[{\"@type\":\"ReadAction\",\"target\":[\"https:\\\/\\\/www.chocolatestheocr.com\\\/shop\\\/fechas-especiales\\\/navidad\\\/desayuno-noche-de-paz\\\/\"]}]},{\"@type\":\"ImageObject\",\"inLanguage\":\"en-US\",\"@id\":\"https:\\\/\\\/www.chocolatestheocr.com\\\/shop\\\/fechas-especiales\\\/navidad\\\/desayuno-noche-de-paz\\\/#primaryimage\",\"url\":\"https:\\\/\\\/www.chocolatestheocr.com\\\/wp-content\\\/uploads\\\/2024\\\/11\\\/WhatsApp-Image-2024-11-20-at-10.17.15-AM-4.jpeg\",\"contentUrl\":\"https:\\\/\\\/www.chocolatestheocr.com\\\/wp-content\\\/uploads\\\/2024\\\/11\\\/WhatsApp-Image-2024-11-20-at-10.17.15-AM-4.jpeg\",\"width\":960,\"height\":1280,\"caption\":\"Desayuno \\\"Noche de Paz\\\"\"},{\"@type\":\"BreadcrumbList\",\"@id\":\"https:\\\/\\\/www.chocolatestheocr.com\\\/shop\\\/fechas-especiales\\\/navidad\\\/desayuno-noche-de-paz\\\/#breadcrumb\",\"itemListElement\":[{\"@type\":\"ListItem\",\"position\":1,\"name\":\"Portada\",\"item\":\"https:\\\/\\\/www.chocolatestheocr.com\\\/\"},{\"@type\":\"ListItem\",\"position\":2,\"name\":\"Tienda\",\"item\":\"https:\\\/\\\/www.chocolatestheocr.com\\\/shop\\\/\"},{\"@type\":\"ListItem\",\"position\":3,\"name\":\"Desayuno &#8220;Noche de Paz&#8221;\"}]},{\"@type\":\"WebSite\",\"@id\":\"https:\\\/\\\/www.chocolatestheocr.com\\\/#website\",\"url\":\"https:\\\/\\\/www.chocolatestheocr.com\\\/\",\"name\":\"Chocolates Theo\",\"description\":\"\",\"publisher\":{\"@id\":\"https:\\\/\\\/www.chocolatestheocr.com\\\/#organization\"},\"potentialAction\":[{\"@type\":\"SearchAction\",\"target\":{\"@type\":\"EntryPoint\",\"urlTemplate\":\"https:\\\/\\\/www.chocolatestheocr.com\\\/?s={search_term_string}\"},\"query-input\":{\"@type\":\"PropertyValueSpecification\",\"valueRequired\":true,\"valueName\":\"search_term_string\"}}],\"inLanguage\":\"en-US\"},{\"@type\":\"Organization\",\"@id\":\"https:\\\/\\\/www.chocolatestheocr.com\\\/#organization\",\"name\":\"Chocolates Theo\",\"url\":\"https:\\\/\\\/www.chocolatestheocr.com\\\/\",\"logo\":{\"@type\":\"ImageObject\",\"inLanguage\":\"en-US\",\"@id\":\"https:\\\/\\\/www.chocolatestheocr.com\\\/#\\\/schema\\\/logo\\\/image\\\/\",\"url\":\"https:\\\/\\\/www.chocolatestheocr.com\\\/wp-content\\\/uploads\\\/2021\\\/10\\\/Logo-Chocolates-Theo.jpg\",\"contentUrl\":\"https:\\\/\\\/www.chocolatestheocr.com\\\/wp-content\\\/uploads\\\/2021\\\/10\\\/Logo-Chocolates-Theo.jpg\",\"width\":600,\"height\":600,\"caption\":\"Chocolates Theo\"},\"image\":{\"@id\":\"https:\\\/\\\/www.chocolatestheocr.com\\\/#\\\/schema\\\/logo\\\/image\\\/\"},\"sameAs\":[\"https:\\\/\\\/www.facebook.com\\\/chocolatestheocr\",\"https:\\\/\\\/www.instagram.com\\\/chocolates_theo\\\/\",\"https:\\\/\\\/www.youtube.com\\\/channel\\\/UCcgAI69rswAd2FY1Ubvmcxw\"]}]}<\/script>\n<!-- \/ Yoast SEO plugin. -->","yoast_head_json":{"title":"Desayuno \"Noche de Paz\"\/Desayuno navide\u00f1o\/Regalos a domicilio","description":"Desayuno \"Noche de Paz\"  Deliciosos desayuno que contiene:   Botellita de vidrio personalizada con jugo de naranja  Fresa cubierta de chocolate con aplique de chocolate navide\u00f1o  Tacita con ensalada de frutas  Deliciosos croissant de jam\u00f3n y queso.  caja de cart\u00f3n negra con tapa transparente  Topper \"ho ho ho\"\u00a0 rojo","robots":{"index":"index","follow":"follow","max-snippet":"max-snippet:-1","max-image-preview":"max-image-preview:large","max-video-preview":"max-video-preview:-1"},"canonical":"https:\/\/www.chocolatestheocr.com\/en\/shop\/fechas-especiales\/navidad\/desayuno-noche-de-paz\/","og_locale":"en_US","og_type":"article","og_title":"Desayuno \"Noche de Paz\"\/Desayuno navide\u00f1o\/Regalos a domicilio","og_description":"Desayuno \"Noche de Paz\"  Deliciosos desayuno que contiene:   Botellita de vidrio personalizada con jugo de naranja  Fresa cubierta de chocolate con aplique de chocolate navide\u00f1o  Tacita con ensalada de frutas  Deliciosos croissant de jam\u00f3n y queso.  caja de cart\u00f3n negra con tapa transparente  Topper \"ho ho ho\"\u00a0 rojo","og_url":"https:\/\/www.chocolatestheocr.com\/en\/shop\/fechas-especiales\/navidad\/desayuno-noche-de-paz\/","og_site_name":"Chocolates Theo","article_publisher":"https:\/\/www.facebook.com\/chocolatestheocr","article_modified_time":"2026-01-15T15:40:30+00:00","og_image":[{"width":960,"height":1280,"url":"https:\/\/www.chocolatestheocr.com\/wp-content\/uploads\/2024\/11\/WhatsApp-Image-2024-11-20-at-10.17.15-AM-4.jpeg","type":"image\/jpeg"}],"twitter_card":"summary_large_image","schema":{"@context":"https:\/\/schema.org","@graph":[{"@type":"WebPage","@id":"https:\/\/www.chocolatestheocr.com\/shop\/fechas-especiales\/navidad\/desayuno-noche-de-paz\/","url":"https:\/\/www.chocolatestheocr.com\/shop\/fechas-especiales\/navidad\/desayuno-noche-de-paz\/","name":"Desayuno \"Noche de Paz\"\/Desayuno navide\u00f1o\/Regalos a domicilio","isPartOf":{"@id":"https:\/\/www.chocolatestheocr.com\/#website"},"primaryImageOfPage":{"@id":"https:\/\/www.chocolatestheocr.com\/shop\/fechas-especiales\/navidad\/desayuno-noche-de-paz\/#primaryimage"},"image":{"@id":"https:\/\/www.chocolatestheocr.com\/shop\/fechas-especiales\/navidad\/desayuno-noche-de-paz\/#primaryimage"},"thumbnailUrl":"https:\/\/www.chocolatestheocr.com\/wp-content\/uploads\/2024\/11\/WhatsApp-Image-2024-11-20-at-10.17.15-AM-4.jpeg","datePublished":"2024-11-23T15:02:31+00:00","dateModified":"2026-01-15T15:40:30+00:00","description":"Desayuno \"Noche de Paz\" Deliciosos desayuno que contiene: Botellita de vidrio personalizada con jugo de naranja Fresa cubierta de chocolate con aplique de chocolate navide\u00f1o Tacita con ensalada de frutas Deliciosos croissant de jam\u00f3n y queso. caja de cart\u00f3n negra con tapa transparente Topper \"ho ho ho\"\u00a0 rojo","breadcrumb":{"@id":"https:\/\/www.chocolatestheocr.com\/shop\/fechas-especiales\/navidad\/desayuno-noche-de-paz\/#breadcrumb"},"inLanguage":"en-US","potentialAction":[{"@type":"ReadAction","target":["https:\/\/www.chocolatestheocr.com\/shop\/fechas-especiales\/navidad\/desayuno-noche-de-paz\/"]}]},{"@type":"ImageObject","inLanguage":"en-US","@id":"https:\/\/www.chocolatestheocr.com\/shop\/fechas-especiales\/navidad\/desayuno-noche-de-paz\/#primaryimage","url":"https:\/\/www.chocolatestheocr.com\/wp-content\/uploads\/2024\/11\/WhatsApp-Image-2024-11-20-at-10.17.15-AM-4.jpeg","contentUrl":"https:\/\/www.chocolatestheocr.com\/wp-content\/uploads\/2024\/11\/WhatsApp-Image-2024-11-20-at-10.17.15-AM-4.jpeg","width":960,"height":1280,"caption":"Desayuno \"Noche de Paz\""},{"@type":"BreadcrumbList","@id":"https:\/\/www.chocolatestheocr.com\/shop\/fechas-especiales\/navidad\/desayuno-noche-de-paz\/#breadcrumb","itemListElement":[{"@type":"ListItem","position":1,"name":"Portada","item":"https:\/\/www.chocolatestheocr.com\/"},{"@type":"ListItem","position":2,"name":"Tienda","item":"https:\/\/www.chocolatestheocr.com\/shop\/"},{"@type":"ListItem","position":3,"name":"Desayuno &#8220;Noche de Paz&#8221;"}]},{"@type":"WebSite","@id":"https:\/\/www.chocolatestheocr.com\/#website","url":"https:\/\/www.chocolatestheocr.com\/","name":"Chocolates Theo","description":"","publisher":{"@id":"https:\/\/www.chocolatestheocr.com\/#organization"},"potentialAction":[{"@type":"SearchAction","target":{"@type":"EntryPoint","urlTemplate":"https:\/\/www.chocolatestheocr.com\/?s={search_term_string}"},"query-input":{"@type":"PropertyValueSpecification","valueRequired":true,"valueName":"search_term_string"}}],"inLanguage":"en-US"},{"@type":"Organization","@id":"https:\/\/www.chocolatestheocr.com\/#organization","name":"Chocolates Theo","url":"https:\/\/www.chocolatestheocr.com\/","logo":{"@type":"ImageObject","inLanguage":"en-US","@id":"https:\/\/www.chocolatestheocr.com\/#\/schema\/logo\/image\/","url":"https:\/\/www.chocolatestheocr.com\/wp-content\/uploads\/2021\/10\/Logo-Chocolates-Theo.jpg","contentUrl":"https:\/\/www.chocolatestheocr.com\/wp-content\/uploads\/2021\/10\/Logo-Chocolates-Theo.jpg","width":600,"height":600,"caption":"Chocolates Theo"},"image":{"@id":"https:\/\/www.chocolatestheocr.com\/#\/schema\/logo\/image\/"},"sameAs":["https:\/\/www.facebook.com\/chocolatestheocr","https:\/\/www.instagram.com\/chocolates_theo\/","https:\/\/www.youtube.com\/channel\/UCcgAI69rswAd2FY1Ubvmcxw"]}]}},"_links":{"self":[{"href":"https:\/\/www.chocolatestheocr.com\/en\/wp-json\/wp\/v2\/product\/15983","targetHints":{"allow":["GET"]}}],"collection":[{"href":"https:\/\/www.chocolatestheocr.com\/en\/wp-json\/wp\/v2\/product"}],"about":[{"href":"https:\/\/www.chocolatestheocr.com\/en\/wp-json\/wp\/v2\/types\/product"}],"version-history":[{"count":0,"href":"https:\/\/www.chocolatestheocr.com\/en\/wp-json\/wp\/v2\/product\/15983\/revisions"}],"wp:featuredmedia":[{"embeddable":true,"href":"https:\/\/www.chocolatestheocr.com\/en\/wp-json\/wp\/v2\/media\/15984"}],"wp:attachment":[{"href":"https:\/\/www.chocolatestheocr.com\/en\/wp-json\/wp\/v2\/media?parent=15983"}],"wp:term":[{"taxonomy":"product_brand","embeddable":true,"href":"https:\/\/www.chocolatestheocr.com\/en\/wp-json\/wp\/v2\/product_brand?post=15983"},{"taxonomy":"product_cat","embeddable":true,"href":"https:\/\/www.chocolatestheocr.com\/en\/wp-json\/wp\/v2\/product_cat?post=15983"},{"taxonomy":"product_tag","embeddable":true,"href":"https:\/\/www.chocolatestheocr.com\/en\/wp-json\/wp\/v2\/product_tag?post=15983"}],"curies":[{"name":"wp","href":"https:\/\/api.w.org\/{rel}","templated":true}]}}