{"id":15921,"date":"2024-11-07T10:57:47","date_gmt":"2024-11-07T16:57:47","guid":{"rendered":"https:\/\/www.chocolatestheocr.com\/?post_type=product&#038;p=15921"},"modified":"2025-09-29T14:30:23","modified_gmt":"2025-09-29T20:30:23","slug":"caja-let-it-snow","status":"publish","type":"product","link":"https:\/\/www.chocolatestheocr.com\/en\/shop\/fechas-especiales\/navidad\/caja-let-it-snow\/","title":{"rendered":"Caja &#8220;Let It Snow&#8221;"},"content":{"rendered":"<p>Caja &#8220;Let It Snow&#8221;<\/p>\n<p>Contiene:<\/p>\n<ul>\n<li>\n<div class=\"woocommerce-product-details__short-description\">\n<ul>\n<li>Queque de chocolate navide\u00f1o personal<\/li>\n<li>Rompope en botellita de vidrio de 200 ml.<\/li>\n<li>Choco bomba navide\u00f1a peque\u00f1a<\/li>\n<li>Caja de cart\u00f3n con tapa transparente personalizada con dise\u00f1o navide\u00f1o<\/li>\n<\/ul>\n<\/div>\n<\/li>\n<\/ul>","protected":false},"excerpt":{"rendered":"<p>Caja &#8220;Let It Snow&#8221;<\/p>\n<p>Contiene:<\/p>\n<ul>\n<li>\n<div class=\"woocommerce-product-details__short-description\">\n<ul>\n<li>Queque de chocolate navide\u00f1o personal<\/li>\n<li>Rompope en botellita de vidrio de 200 ml.<\/li>\n<li>Choco bomba navide\u00f1a peque\u00f1a<\/li>\n<li>Caja de cart\u00f3n con tapa transparente personalizada con dise\u00f1o navide\u00f1o<\/li>\n<\/ul>\n<\/div>\n<\/li>\n<\/ul>","protected":false},"featured_media":15922,"template":"","meta":[],"product_brand":[361],"product_cat":[92,41],"product_tag":[262,752,550],"class_list":{"0":"post-15921","1":"product","2":"type-product","3":"status-publish","4":"has-post-thumbnail","6":"product_brand-chocolates-theo","7":"product_cat-navidad","8":"product_cat-all","9":"product_tag-navidad","10":"product_tag-queque-naviden1o","11":"product_tag-rompope","13":"first","14":"instock","15":"shipping-taxable","16":"purchasable","17":"product-type-simple"},"yoast_head":"<!-- This site is optimized with the Yoast SEO plugin v27.3 - https:\/\/yoast.com\/product\/yoast-seo-wordpress\/ -->\n<title>Caja &quot;Let It Snow&quot; \/ choco bomba navide\u00f1a \/ Queque navide\u00f1o<\/title>\n<meta name=\"description\" content=\"Caja &quot;Let It Snow&quot;  Contiene:       Queque de chocolate navide\u00f1o personal  Rompope en botellita de vidrio de 200 ml.  Choco bomba navide\u00f1a peque\u00f1a  Caja de cart\u00f3n con tapa transparente personalizada con dise\u00f1o navide\u00f1o\" \/>\n<meta name=\"robots\" content=\"index, follow, max-snippet:-1, max-image-preview:large, max-video-preview:-1\" \/>\n<link rel=\"canonical\" href=\"https:\/\/www.chocolatestheocr.com\/en\/shop\/fechas-especiales\/navidad\/caja-let-it-snow\/\" \/>\n<meta property=\"og:locale\" content=\"en_US\" \/>\n<meta property=\"og:type\" content=\"article\" \/>\n<meta property=\"og:title\" content=\"Caja &quot;Let It Snow&quot; \/ choco bomba navide\u00f1a \/ Queque navide\u00f1o\" \/>\n<meta property=\"og:description\" content=\"Caja &quot;Let It Snow&quot;  Contiene:       Queque de chocolate navide\u00f1o personal  Rompope en botellita de vidrio de 200 ml.  Choco bomba navide\u00f1a peque\u00f1a  Caja de cart\u00f3n con tapa transparente personalizada con dise\u00f1o navide\u00f1o\" \/>\n<meta property=\"og:url\" content=\"https:\/\/www.chocolatestheocr.com\/en\/shop\/fechas-especiales\/navidad\/caja-let-it-snow\/\" \/>\n<meta property=\"og:site_name\" content=\"Chocolates Theo\" \/>\n<meta property=\"article:publisher\" content=\"https:\/\/www.facebook.com\/chocolatestheocr\" \/>\n<meta property=\"article:modified_time\" content=\"2025-09-29T20:30:23+00:00\" \/>\n<meta property=\"og:image\" content=\"https:\/\/www.chocolatestheocr.com\/wp-content\/uploads\/2024\/11\/Caja-_Let-It-snow_-2.jpg\" \/>\n\t<meta property=\"og:image:width\" content=\"1200\" \/>\n\t<meta property=\"og:image:height\" content=\"1554\" \/>\n\t<meta property=\"og:image:type\" content=\"image\/jpeg\" \/>\n<meta name=\"twitter:card\" content=\"summary_large_image\" \/>\n<script type=\"application\/ld+json\" class=\"yoast-schema-graph\">{\"@context\":\"https:\\\/\\\/schema.org\",\"@graph\":[{\"@type\":\"WebPage\",\"@id\":\"https:\\\/\\\/www.chocolatestheocr.com\\\/shop\\\/fechas-especiales\\\/navidad\\\/caja-let-it-snow\\\/\",\"url\":\"https:\\\/\\\/www.chocolatestheocr.com\\\/shop\\\/fechas-especiales\\\/navidad\\\/caja-let-it-snow\\\/\",\"name\":\"Caja \\\"Let It Snow\\\" \\\/ choco bomba navide\u00f1a \\\/ Queque navide\u00f1o\",\"isPartOf\":{\"@id\":\"https:\\\/\\\/www.chocolatestheocr.com\\\/#website\"},\"primaryImageOfPage\":{\"@id\":\"https:\\\/\\\/www.chocolatestheocr.com\\\/shop\\\/fechas-especiales\\\/navidad\\\/caja-let-it-snow\\\/#primaryimage\"},\"image\":{\"@id\":\"https:\\\/\\\/www.chocolatestheocr.com\\\/shop\\\/fechas-especiales\\\/navidad\\\/caja-let-it-snow\\\/#primaryimage\"},\"thumbnailUrl\":\"https:\\\/\\\/www.chocolatestheocr.com\\\/wp-content\\\/uploads\\\/2024\\\/11\\\/Caja-_Let-It-snow_-2.jpg\",\"datePublished\":\"2024-11-07T16:57:47+00:00\",\"dateModified\":\"2025-09-29T20:30:23+00:00\",\"description\":\"Caja \\\"Let It Snow\\\" Contiene: Queque de chocolate navide\u00f1o personal Rompope en botellita de vidrio de 200 ml. Choco bomba navide\u00f1a peque\u00f1a Caja de cart\u00f3n con tapa transparente personalizada con dise\u00f1o navide\u00f1o\",\"breadcrumb\":{\"@id\":\"https:\\\/\\\/www.chocolatestheocr.com\\\/shop\\\/fechas-especiales\\\/navidad\\\/caja-let-it-snow\\\/#breadcrumb\"},\"inLanguage\":\"en-US\",\"potentialAction\":[{\"@type\":\"ReadAction\",\"target\":[\"https:\\\/\\\/www.chocolatestheocr.com\\\/shop\\\/fechas-especiales\\\/navidad\\\/caja-let-it-snow\\\/\"]}]},{\"@type\":\"ImageObject\",\"inLanguage\":\"en-US\",\"@id\":\"https:\\\/\\\/www.chocolatestheocr.com\\\/shop\\\/fechas-especiales\\\/navidad\\\/caja-let-it-snow\\\/#primaryimage\",\"url\":\"https:\\\/\\\/www.chocolatestheocr.com\\\/wp-content\\\/uploads\\\/2024\\\/11\\\/Caja-_Let-It-snow_-2.jpg\",\"contentUrl\":\"https:\\\/\\\/www.chocolatestheocr.com\\\/wp-content\\\/uploads\\\/2024\\\/11\\\/Caja-_Let-It-snow_-2.jpg\",\"width\":1200,\"height\":1554,\"caption\":\"Caja _Let It snow_ 2\"},{\"@type\":\"BreadcrumbList\",\"@id\":\"https:\\\/\\\/www.chocolatestheocr.com\\\/shop\\\/fechas-especiales\\\/navidad\\\/caja-let-it-snow\\\/#breadcrumb\",\"itemListElement\":[{\"@type\":\"ListItem\",\"position\":1,\"name\":\"Portada\",\"item\":\"https:\\\/\\\/www.chocolatestheocr.com\\\/\"},{\"@type\":\"ListItem\",\"position\":2,\"name\":\"Tienda\",\"item\":\"https:\\\/\\\/www.chocolatestheocr.com\\\/shop\\\/\"},{\"@type\":\"ListItem\",\"position\":3,\"name\":\"Caja &#8220;Let It Snow&#8221;\"}]},{\"@type\":\"WebSite\",\"@id\":\"https:\\\/\\\/www.chocolatestheocr.com\\\/#website\",\"url\":\"https:\\\/\\\/www.chocolatestheocr.com\\\/\",\"name\":\"Chocolates Theo\",\"description\":\"\",\"publisher\":{\"@id\":\"https:\\\/\\\/www.chocolatestheocr.com\\\/#organization\"},\"potentialAction\":[{\"@type\":\"SearchAction\",\"target\":{\"@type\":\"EntryPoint\",\"urlTemplate\":\"https:\\\/\\\/www.chocolatestheocr.com\\\/?s={search_term_string}\"},\"query-input\":{\"@type\":\"PropertyValueSpecification\",\"valueRequired\":true,\"valueName\":\"search_term_string\"}}],\"inLanguage\":\"en-US\"},{\"@type\":\"Organization\",\"@id\":\"https:\\\/\\\/www.chocolatestheocr.com\\\/#organization\",\"name\":\"Chocolates Theo\",\"url\":\"https:\\\/\\\/www.chocolatestheocr.com\\\/\",\"logo\":{\"@type\":\"ImageObject\",\"inLanguage\":\"en-US\",\"@id\":\"https:\\\/\\\/www.chocolatestheocr.com\\\/#\\\/schema\\\/logo\\\/image\\\/\",\"url\":\"https:\\\/\\\/www.chocolatestheocr.com\\\/wp-content\\\/uploads\\\/2021\\\/10\\\/Logo-Chocolates-Theo.jpg\",\"contentUrl\":\"https:\\\/\\\/www.chocolatestheocr.com\\\/wp-content\\\/uploads\\\/2021\\\/10\\\/Logo-Chocolates-Theo.jpg\",\"width\":600,\"height\":600,\"caption\":\"Chocolates Theo\"},\"image\":{\"@id\":\"https:\\\/\\\/www.chocolatestheocr.com\\\/#\\\/schema\\\/logo\\\/image\\\/\"},\"sameAs\":[\"https:\\\/\\\/www.facebook.com\\\/chocolatestheocr\",\"https:\\\/\\\/www.instagram.com\\\/chocolates_theo\\\/\",\"https:\\\/\\\/www.youtube.com\\\/channel\\\/UCcgAI69rswAd2FY1Ubvmcxw\"]}]}<\/script>\n<!-- \/ Yoast SEO plugin. -->","yoast_head_json":{"title":"Caja \"Let It Snow\" \/ choco bomba navide\u00f1a \/ Queque navide\u00f1o","description":"Caja \"Let It Snow\"  Contiene:       Queque de chocolate navide\u00f1o personal  Rompope en botellita de vidrio de 200 ml.  Choco bomba navide\u00f1a peque\u00f1a  Caja de cart\u00f3n con tapa transparente personalizada con dise\u00f1o navide\u00f1o","robots":{"index":"index","follow":"follow","max-snippet":"max-snippet:-1","max-image-preview":"max-image-preview:large","max-video-preview":"max-video-preview:-1"},"canonical":"https:\/\/www.chocolatestheocr.com\/en\/shop\/fechas-especiales\/navidad\/caja-let-it-snow\/","og_locale":"en_US","og_type":"article","og_title":"Caja \"Let It Snow\" \/ choco bomba navide\u00f1a \/ Queque navide\u00f1o","og_description":"Caja \"Let It Snow\"  Contiene:       Queque de chocolate navide\u00f1o personal  Rompope en botellita de vidrio de 200 ml.  Choco bomba navide\u00f1a peque\u00f1a  Caja de cart\u00f3n con tapa transparente personalizada con dise\u00f1o navide\u00f1o","og_url":"https:\/\/www.chocolatestheocr.com\/en\/shop\/fechas-especiales\/navidad\/caja-let-it-snow\/","og_site_name":"Chocolates Theo","article_publisher":"https:\/\/www.facebook.com\/chocolatestheocr","article_modified_time":"2025-09-29T20:30:23+00:00","og_image":[{"width":1200,"height":1554,"url":"https:\/\/www.chocolatestheocr.com\/wp-content\/uploads\/2024\/11\/Caja-_Let-It-snow_-2.jpg","type":"image\/jpeg"}],"twitter_card":"summary_large_image","schema":{"@context":"https:\/\/schema.org","@graph":[{"@type":"WebPage","@id":"https:\/\/www.chocolatestheocr.com\/shop\/fechas-especiales\/navidad\/caja-let-it-snow\/","url":"https:\/\/www.chocolatestheocr.com\/shop\/fechas-especiales\/navidad\/caja-let-it-snow\/","name":"Caja \"Let It Snow\" \/ choco bomba navide\u00f1a \/ Queque navide\u00f1o","isPartOf":{"@id":"https:\/\/www.chocolatestheocr.com\/#website"},"primaryImageOfPage":{"@id":"https:\/\/www.chocolatestheocr.com\/shop\/fechas-especiales\/navidad\/caja-let-it-snow\/#primaryimage"},"image":{"@id":"https:\/\/www.chocolatestheocr.com\/shop\/fechas-especiales\/navidad\/caja-let-it-snow\/#primaryimage"},"thumbnailUrl":"https:\/\/www.chocolatestheocr.com\/wp-content\/uploads\/2024\/11\/Caja-_Let-It-snow_-2.jpg","datePublished":"2024-11-07T16:57:47+00:00","dateModified":"2025-09-29T20:30:23+00:00","description":"Caja \"Let It Snow\" Contiene: Queque de chocolate navide\u00f1o personal Rompope en botellita de vidrio de 200 ml. Choco bomba navide\u00f1a peque\u00f1a Caja de cart\u00f3n con tapa transparente personalizada con dise\u00f1o navide\u00f1o","breadcrumb":{"@id":"https:\/\/www.chocolatestheocr.com\/shop\/fechas-especiales\/navidad\/caja-let-it-snow\/#breadcrumb"},"inLanguage":"en-US","potentialAction":[{"@type":"ReadAction","target":["https:\/\/www.chocolatestheocr.com\/shop\/fechas-especiales\/navidad\/caja-let-it-snow\/"]}]},{"@type":"ImageObject","inLanguage":"en-US","@id":"https:\/\/www.chocolatestheocr.com\/shop\/fechas-especiales\/navidad\/caja-let-it-snow\/#primaryimage","url":"https:\/\/www.chocolatestheocr.com\/wp-content\/uploads\/2024\/11\/Caja-_Let-It-snow_-2.jpg","contentUrl":"https:\/\/www.chocolatestheocr.com\/wp-content\/uploads\/2024\/11\/Caja-_Let-It-snow_-2.jpg","width":1200,"height":1554,"caption":"Caja _Let It snow_ 2"},{"@type":"BreadcrumbList","@id":"https:\/\/www.chocolatestheocr.com\/shop\/fechas-especiales\/navidad\/caja-let-it-snow\/#breadcrumb","itemListElement":[{"@type":"ListItem","position":1,"name":"Portada","item":"https:\/\/www.chocolatestheocr.com\/"},{"@type":"ListItem","position":2,"name":"Tienda","item":"https:\/\/www.chocolatestheocr.com\/shop\/"},{"@type":"ListItem","position":3,"name":"Caja &#8220;Let It Snow&#8221;"}]},{"@type":"WebSite","@id":"https:\/\/www.chocolatestheocr.com\/#website","url":"https:\/\/www.chocolatestheocr.com\/","name":"Chocolates Theo","description":"","publisher":{"@id":"https:\/\/www.chocolatestheocr.com\/#organization"},"potentialAction":[{"@type":"SearchAction","target":{"@type":"EntryPoint","urlTemplate":"https:\/\/www.chocolatestheocr.com\/?s={search_term_string}"},"query-input":{"@type":"PropertyValueSpecification","valueRequired":true,"valueName":"search_term_string"}}],"inLanguage":"en-US"},{"@type":"Organization","@id":"https:\/\/www.chocolatestheocr.com\/#organization","name":"Chocolates Theo","url":"https:\/\/www.chocolatestheocr.com\/","logo":{"@type":"ImageObject","inLanguage":"en-US","@id":"https:\/\/www.chocolatestheocr.com\/#\/schema\/logo\/image\/","url":"https:\/\/www.chocolatestheocr.com\/wp-content\/uploads\/2021\/10\/Logo-Chocolates-Theo.jpg","contentUrl":"https:\/\/www.chocolatestheocr.com\/wp-content\/uploads\/2021\/10\/Logo-Chocolates-Theo.jpg","width":600,"height":600,"caption":"Chocolates Theo"},"image":{"@id":"https:\/\/www.chocolatestheocr.com\/#\/schema\/logo\/image\/"},"sameAs":["https:\/\/www.facebook.com\/chocolatestheocr","https:\/\/www.instagram.com\/chocolates_theo\/","https:\/\/www.youtube.com\/channel\/UCcgAI69rswAd2FY1Ubvmcxw"]}]}},"_links":{"self":[{"href":"https:\/\/www.chocolatestheocr.com\/en\/wp-json\/wp\/v2\/product\/15921","targetHints":{"allow":["GET"]}}],"collection":[{"href":"https:\/\/www.chocolatestheocr.com\/en\/wp-json\/wp\/v2\/product"}],"about":[{"href":"https:\/\/www.chocolatestheocr.com\/en\/wp-json\/wp\/v2\/types\/product"}],"version-history":[{"count":0,"href":"https:\/\/www.chocolatestheocr.com\/en\/wp-json\/wp\/v2\/product\/15921\/revisions"}],"wp:featuredmedia":[{"embeddable":true,"href":"https:\/\/www.chocolatestheocr.com\/en\/wp-json\/wp\/v2\/media\/15922"}],"wp:attachment":[{"href":"https:\/\/www.chocolatestheocr.com\/en\/wp-json\/wp\/v2\/media?parent=15921"}],"wp:term":[{"taxonomy":"product_brand","embeddable":true,"href":"https:\/\/www.chocolatestheocr.com\/en\/wp-json\/wp\/v2\/product_brand?post=15921"},{"taxonomy":"product_cat","embeddable":true,"href":"https:\/\/www.chocolatestheocr.com\/en\/wp-json\/wp\/v2\/product_cat?post=15921"},{"taxonomy":"product_tag","embeddable":true,"href":"https:\/\/www.chocolatestheocr.com\/en\/wp-json\/wp\/v2\/product_tag?post=15921"}],"curies":[{"name":"wp","href":"https:\/\/api.w.org\/{rel}","templated":true}]}}