{"id":15905,"date":"2024-11-04T18:31:16","date_gmt":"2024-11-05T00:31:16","guid":{"rendered":"https:\/\/www.chocolatestheocr.com\/?post_type=product&#038;p=15905"},"modified":"2025-09-29T16:14:15","modified_gmt":"2025-09-29T22:14:15","slug":"caja-santa-baby","status":"publish","type":"product","link":"https:\/\/www.chocolatestheocr.com\/en\/shop\/fechas-especiales\/navidad\/caja-santa-baby\/","title":{"rendered":"Caja &#8220;Santa Baby&#8221;"},"content":{"rendered":"<p>Caja &#8220;Santa Baby&#8221;<\/p>\n<p>Contiene:<\/p>\n<ul>\n<li>\n<div class=\"woocommerce-product-details__short-description\">\n<ul>\n<li>Tres bombones de chocolate de diferentes sabores<\/li>\n<li>Rompope en botellita de vidrio<\/li>\n<li>Choco bomba navide\u00f1a peque\u00f1a<\/li>\n<li>Caja de cart\u00f3n con tapa transparente personalizada con dise\u00f1o navide\u00f1o<\/li>\n<\/ul>\n<\/div>\n<form class=\"cart ppom-flex-controller\" action=\"https:\/\/www.chocolatestheocr.com\/en\/shop\/fechas-especiales\/navidad\/caja-mix-navidad\/\" enctype=\"multipart\/form-data\" method=\"post\" data-trp-original-action=\"https:\/\/www.chocolatestheocr.com\/shop\/fechas-especiales\/navidad\/caja-mix-navidad\/\">\n<div id=\"ppom-box-2\" class=\"ppom-wrapper\">\n<div class=\"form-row ppom-rendering-fields align-items-center ppom-section-collapse\">\n<div class=\"ppom-field-wrapper ppom-col col-md-12 productos_adicionales ppom-wrapper_outer-productos_adicionales ppom-id-2 ppom-c-show\" data-data_name=\"productos_adicionales\" data-type=\"image\">\n<div class=\"form-group ppom-input-productos_adicionales\"><\/div>\n<\/div>\n<\/div>\n<\/div>\n<input type=\"hidden\" name=\"trp-form-language\" value=\"en\"\/><\/form>\n<\/li>\n<\/ul>","protected":false},"excerpt":{"rendered":"<p>Caja &#8220;Santa Baby&#8221;<\/p>\n<p>Contiene:<\/p>\n<ul>\n<li>\n<div class=\"woocommerce-product-details__short-description\">\n<ul>\n<li>Tres bombones de chocolate de diferentes sabores<\/li>\n<li>Rompope en botellita de vidrio<\/li>\n<li>Choco bomba navide\u00f1a peque\u00f1a<\/li>\n<li>Caja de cart\u00f3n con tapa transparente personalizada con dise\u00f1o navide\u00f1o<\/li>\n<\/ul>\n<\/div>\n<\/li>\n<\/ul>","protected":false},"featured_media":15906,"template":"","meta":[],"product_brand":[361],"product_cat":[92,41],"product_tag":[748,751,232,550],"class_list":{"0":"post-15905","1":"product","2":"type-product","3":"status-publish","4":"has-post-thumbnail","6":"product_brand-chocolates-theo","7":"product_cat-navidad","8":"product_cat-all","9":"product_tag-caja-navidad","10":"product_tag-choco-bomba-navidena","11":"product_tag-chocolates","12":"product_tag-rompope","14":"first","15":"instock","16":"shipping-taxable","17":"purchasable","18":"product-type-simple"},"yoast_head":"<!-- This site is optimized with the Yoast SEO plugin v27.3 - https:\/\/yoast.com\/product\/yoast-seo-wordpress\/ -->\n<title>Caja &quot;Santa Baby&quot; \/ Regalos de navidad \/ Theo \/ chocolates<\/title>\n<meta name=\"description\" content=\"Caja &quot;Santa Baby&quot;  Contiene:       Tres bombones de chocolate de diferentes sabores  Rompope en botellita de vidrio  Choco bomba navide\u00f1a peque\u00f1a  Caja de cart\u00f3n con tapa transparente personalizada con dise\u00f1o navide\u00f1o\" \/>\n<meta name=\"robots\" content=\"index, follow, max-snippet:-1, max-image-preview:large, max-video-preview:-1\" \/>\n<link rel=\"canonical\" href=\"https:\/\/www.chocolatestheocr.com\/en\/shop\/fechas-especiales\/navidad\/caja-santa-baby\/\" \/>\n<meta property=\"og:locale\" content=\"en_US\" \/>\n<meta property=\"og:type\" content=\"article\" \/>\n<meta property=\"og:title\" content=\"Caja &quot;Santa Baby&quot; \/ Regalos de navidad \/ Theo \/ chocolates\" \/>\n<meta property=\"og:description\" content=\"Caja &quot;Santa Baby&quot;  Contiene:       Tres bombones de chocolate de diferentes sabores  Rompope en botellita de vidrio  Choco bomba navide\u00f1a peque\u00f1a  Caja de cart\u00f3n con tapa transparente personalizada con dise\u00f1o navide\u00f1o\" \/>\n<meta property=\"og:url\" content=\"https:\/\/www.chocolatestheocr.com\/en\/shop\/fechas-especiales\/navidad\/caja-santa-baby\/\" \/>\n<meta property=\"og:site_name\" content=\"Chocolates Theo\" \/>\n<meta property=\"article:publisher\" content=\"https:\/\/www.facebook.com\/chocolatestheocr\" \/>\n<meta property=\"article:modified_time\" content=\"2025-09-29T22:14:15+00:00\" \/>\n<meta property=\"og:image\" content=\"https:\/\/www.chocolatestheocr.com\/wp-content\/uploads\/2024\/11\/Caja-_Santa-Baby-2_.jpg\" \/>\n\t<meta property=\"og:image:width\" content=\"1200\" \/>\n\t<meta property=\"og:image:height\" content=\"1460\" \/>\n\t<meta property=\"og:image:type\" content=\"image\/jpeg\" \/>\n<meta name=\"twitter:card\" content=\"summary_large_image\" \/>\n<script type=\"application\/ld+json\" class=\"yoast-schema-graph\">{\"@context\":\"https:\\\/\\\/schema.org\",\"@graph\":[{\"@type\":\"WebPage\",\"@id\":\"https:\\\/\\\/www.chocolatestheocr.com\\\/shop\\\/fechas-especiales\\\/navidad\\\/caja-santa-baby\\\/\",\"url\":\"https:\\\/\\\/www.chocolatestheocr.com\\\/shop\\\/fechas-especiales\\\/navidad\\\/caja-santa-baby\\\/\",\"name\":\"Caja \\\"Santa Baby\\\" \\\/ Regalos de navidad \\\/ Theo \\\/ chocolates\",\"isPartOf\":{\"@id\":\"https:\\\/\\\/www.chocolatestheocr.com\\\/#website\"},\"primaryImageOfPage\":{\"@id\":\"https:\\\/\\\/www.chocolatestheocr.com\\\/shop\\\/fechas-especiales\\\/navidad\\\/caja-santa-baby\\\/#primaryimage\"},\"image\":{\"@id\":\"https:\\\/\\\/www.chocolatestheocr.com\\\/shop\\\/fechas-especiales\\\/navidad\\\/caja-santa-baby\\\/#primaryimage\"},\"thumbnailUrl\":\"https:\\\/\\\/www.chocolatestheocr.com\\\/wp-content\\\/uploads\\\/2024\\\/11\\\/Caja-_Santa-Baby-2_.jpg\",\"datePublished\":\"2024-11-05T00:31:16+00:00\",\"dateModified\":\"2025-09-29T22:14:15+00:00\",\"description\":\"Caja \\\"Santa Baby\\\" Contiene: Tres bombones de chocolate de diferentes sabores Rompope en botellita de vidrio Choco bomba navide\u00f1a peque\u00f1a Caja de cart\u00f3n con tapa transparente personalizada con dise\u00f1o navide\u00f1o\",\"breadcrumb\":{\"@id\":\"https:\\\/\\\/www.chocolatestheocr.com\\\/shop\\\/fechas-especiales\\\/navidad\\\/caja-santa-baby\\\/#breadcrumb\"},\"inLanguage\":\"en-US\",\"potentialAction\":[{\"@type\":\"ReadAction\",\"target\":[\"https:\\\/\\\/www.chocolatestheocr.com\\\/shop\\\/fechas-especiales\\\/navidad\\\/caja-santa-baby\\\/\"]}]},{\"@type\":\"ImageObject\",\"inLanguage\":\"en-US\",\"@id\":\"https:\\\/\\\/www.chocolatestheocr.com\\\/shop\\\/fechas-especiales\\\/navidad\\\/caja-santa-baby\\\/#primaryimage\",\"url\":\"https:\\\/\\\/www.chocolatestheocr.com\\\/wp-content\\\/uploads\\\/2024\\\/11\\\/Caja-_Santa-Baby-2_.jpg\",\"contentUrl\":\"https:\\\/\\\/www.chocolatestheocr.com\\\/wp-content\\\/uploads\\\/2024\\\/11\\\/Caja-_Santa-Baby-2_.jpg\",\"width\":1200,\"height\":1460,\"caption\":\"Caja _Santa Baby 2_\"},{\"@type\":\"BreadcrumbList\",\"@id\":\"https:\\\/\\\/www.chocolatestheocr.com\\\/shop\\\/fechas-especiales\\\/navidad\\\/caja-santa-baby\\\/#breadcrumb\",\"itemListElement\":[{\"@type\":\"ListItem\",\"position\":1,\"name\":\"Portada\",\"item\":\"https:\\\/\\\/www.chocolatestheocr.com\\\/\"},{\"@type\":\"ListItem\",\"position\":2,\"name\":\"Tienda\",\"item\":\"https:\\\/\\\/www.chocolatestheocr.com\\\/shop\\\/\"},{\"@type\":\"ListItem\",\"position\":3,\"name\":\"Caja &#8220;Santa Baby&#8221;\"}]},{\"@type\":\"WebSite\",\"@id\":\"https:\\\/\\\/www.chocolatestheocr.com\\\/#website\",\"url\":\"https:\\\/\\\/www.chocolatestheocr.com\\\/\",\"name\":\"Chocolates Theo\",\"description\":\"\",\"publisher\":{\"@id\":\"https:\\\/\\\/www.chocolatestheocr.com\\\/#organization\"},\"potentialAction\":[{\"@type\":\"SearchAction\",\"target\":{\"@type\":\"EntryPoint\",\"urlTemplate\":\"https:\\\/\\\/www.chocolatestheocr.com\\\/?s={search_term_string}\"},\"query-input\":{\"@type\":\"PropertyValueSpecification\",\"valueRequired\":true,\"valueName\":\"search_term_string\"}}],\"inLanguage\":\"en-US\"},{\"@type\":\"Organization\",\"@id\":\"https:\\\/\\\/www.chocolatestheocr.com\\\/#organization\",\"name\":\"Chocolates Theo\",\"url\":\"https:\\\/\\\/www.chocolatestheocr.com\\\/\",\"logo\":{\"@type\":\"ImageObject\",\"inLanguage\":\"en-US\",\"@id\":\"https:\\\/\\\/www.chocolatestheocr.com\\\/#\\\/schema\\\/logo\\\/image\\\/\",\"url\":\"https:\\\/\\\/www.chocolatestheocr.com\\\/wp-content\\\/uploads\\\/2021\\\/10\\\/Logo-Chocolates-Theo.jpg\",\"contentUrl\":\"https:\\\/\\\/www.chocolatestheocr.com\\\/wp-content\\\/uploads\\\/2021\\\/10\\\/Logo-Chocolates-Theo.jpg\",\"width\":600,\"height\":600,\"caption\":\"Chocolates Theo\"},\"image\":{\"@id\":\"https:\\\/\\\/www.chocolatestheocr.com\\\/#\\\/schema\\\/logo\\\/image\\\/\"},\"sameAs\":[\"https:\\\/\\\/www.facebook.com\\\/chocolatestheocr\",\"https:\\\/\\\/www.instagram.com\\\/chocolates_theo\\\/\",\"https:\\\/\\\/www.youtube.com\\\/channel\\\/UCcgAI69rswAd2FY1Ubvmcxw\"]}]}<\/script>\n<!-- \/ Yoast SEO plugin. -->","yoast_head_json":{"title":"Caja \"Santa Baby\" \/ Regalos de navidad \/ Theo \/ chocolates","description":"Caja \"Santa Baby\"  Contiene:       Tres bombones de chocolate de diferentes sabores  Rompope en botellita de vidrio  Choco bomba navide\u00f1a peque\u00f1a  Caja de cart\u00f3n con tapa transparente personalizada con dise\u00f1o navide\u00f1o","robots":{"index":"index","follow":"follow","max-snippet":"max-snippet:-1","max-image-preview":"max-image-preview:large","max-video-preview":"max-video-preview:-1"},"canonical":"https:\/\/www.chocolatestheocr.com\/en\/shop\/fechas-especiales\/navidad\/caja-santa-baby\/","og_locale":"en_US","og_type":"article","og_title":"Caja \"Santa Baby\" \/ Regalos de navidad \/ Theo \/ chocolates","og_description":"Caja \"Santa Baby\"  Contiene:       Tres bombones de chocolate de diferentes sabores  Rompope en botellita de vidrio  Choco bomba navide\u00f1a peque\u00f1a  Caja de cart\u00f3n con tapa transparente personalizada con dise\u00f1o navide\u00f1o","og_url":"https:\/\/www.chocolatestheocr.com\/en\/shop\/fechas-especiales\/navidad\/caja-santa-baby\/","og_site_name":"Chocolates Theo","article_publisher":"https:\/\/www.facebook.com\/chocolatestheocr","article_modified_time":"2025-09-29T22:14:15+00:00","og_image":[{"width":1200,"height":1460,"url":"https:\/\/www.chocolatestheocr.com\/wp-content\/uploads\/2024\/11\/Caja-_Santa-Baby-2_.jpg","type":"image\/jpeg"}],"twitter_card":"summary_large_image","schema":{"@context":"https:\/\/schema.org","@graph":[{"@type":"WebPage","@id":"https:\/\/www.chocolatestheocr.com\/shop\/fechas-especiales\/navidad\/caja-santa-baby\/","url":"https:\/\/www.chocolatestheocr.com\/shop\/fechas-especiales\/navidad\/caja-santa-baby\/","name":"Caja \"Santa Baby\" \/ Regalos de navidad \/ Theo \/ chocolates","isPartOf":{"@id":"https:\/\/www.chocolatestheocr.com\/#website"},"primaryImageOfPage":{"@id":"https:\/\/www.chocolatestheocr.com\/shop\/fechas-especiales\/navidad\/caja-santa-baby\/#primaryimage"},"image":{"@id":"https:\/\/www.chocolatestheocr.com\/shop\/fechas-especiales\/navidad\/caja-santa-baby\/#primaryimage"},"thumbnailUrl":"https:\/\/www.chocolatestheocr.com\/wp-content\/uploads\/2024\/11\/Caja-_Santa-Baby-2_.jpg","datePublished":"2024-11-05T00:31:16+00:00","dateModified":"2025-09-29T22:14:15+00:00","description":"Caja \"Santa Baby\" Contiene: Tres bombones de chocolate de diferentes sabores Rompope en botellita de vidrio Choco bomba navide\u00f1a peque\u00f1a Caja de cart\u00f3n con tapa transparente personalizada con dise\u00f1o navide\u00f1o","breadcrumb":{"@id":"https:\/\/www.chocolatestheocr.com\/shop\/fechas-especiales\/navidad\/caja-santa-baby\/#breadcrumb"},"inLanguage":"en-US","potentialAction":[{"@type":"ReadAction","target":["https:\/\/www.chocolatestheocr.com\/shop\/fechas-especiales\/navidad\/caja-santa-baby\/"]}]},{"@type":"ImageObject","inLanguage":"en-US","@id":"https:\/\/www.chocolatestheocr.com\/shop\/fechas-especiales\/navidad\/caja-santa-baby\/#primaryimage","url":"https:\/\/www.chocolatestheocr.com\/wp-content\/uploads\/2024\/11\/Caja-_Santa-Baby-2_.jpg","contentUrl":"https:\/\/www.chocolatestheocr.com\/wp-content\/uploads\/2024\/11\/Caja-_Santa-Baby-2_.jpg","width":1200,"height":1460,"caption":"Caja _Santa Baby 2_"},{"@type":"BreadcrumbList","@id":"https:\/\/www.chocolatestheocr.com\/shop\/fechas-especiales\/navidad\/caja-santa-baby\/#breadcrumb","itemListElement":[{"@type":"ListItem","position":1,"name":"Portada","item":"https:\/\/www.chocolatestheocr.com\/"},{"@type":"ListItem","position":2,"name":"Tienda","item":"https:\/\/www.chocolatestheocr.com\/shop\/"},{"@type":"ListItem","position":3,"name":"Caja &#8220;Santa Baby&#8221;"}]},{"@type":"WebSite","@id":"https:\/\/www.chocolatestheocr.com\/#website","url":"https:\/\/www.chocolatestheocr.com\/","name":"Chocolates Theo","description":"","publisher":{"@id":"https:\/\/www.chocolatestheocr.com\/#organization"},"potentialAction":[{"@type":"SearchAction","target":{"@type":"EntryPoint","urlTemplate":"https:\/\/www.chocolatestheocr.com\/?s={search_term_string}"},"query-input":{"@type":"PropertyValueSpecification","valueRequired":true,"valueName":"search_term_string"}}],"inLanguage":"en-US"},{"@type":"Organization","@id":"https:\/\/www.chocolatestheocr.com\/#organization","name":"Chocolates Theo","url":"https:\/\/www.chocolatestheocr.com\/","logo":{"@type":"ImageObject","inLanguage":"en-US","@id":"https:\/\/www.chocolatestheocr.com\/#\/schema\/logo\/image\/","url":"https:\/\/www.chocolatestheocr.com\/wp-content\/uploads\/2021\/10\/Logo-Chocolates-Theo.jpg","contentUrl":"https:\/\/www.chocolatestheocr.com\/wp-content\/uploads\/2021\/10\/Logo-Chocolates-Theo.jpg","width":600,"height":600,"caption":"Chocolates Theo"},"image":{"@id":"https:\/\/www.chocolatestheocr.com\/#\/schema\/logo\/image\/"},"sameAs":["https:\/\/www.facebook.com\/chocolatestheocr","https:\/\/www.instagram.com\/chocolates_theo\/","https:\/\/www.youtube.com\/channel\/UCcgAI69rswAd2FY1Ubvmcxw"]}]}},"_links":{"self":[{"href":"https:\/\/www.chocolatestheocr.com\/en\/wp-json\/wp\/v2\/product\/15905","targetHints":{"allow":["GET"]}}],"collection":[{"href":"https:\/\/www.chocolatestheocr.com\/en\/wp-json\/wp\/v2\/product"}],"about":[{"href":"https:\/\/www.chocolatestheocr.com\/en\/wp-json\/wp\/v2\/types\/product"}],"version-history":[{"count":0,"href":"https:\/\/www.chocolatestheocr.com\/en\/wp-json\/wp\/v2\/product\/15905\/revisions"}],"wp:featuredmedia":[{"embeddable":true,"href":"https:\/\/www.chocolatestheocr.com\/en\/wp-json\/wp\/v2\/media\/15906"}],"wp:attachment":[{"href":"https:\/\/www.chocolatestheocr.com\/en\/wp-json\/wp\/v2\/media?parent=15905"}],"wp:term":[{"taxonomy":"product_brand","embeddable":true,"href":"https:\/\/www.chocolatestheocr.com\/en\/wp-json\/wp\/v2\/product_brand?post=15905"},{"taxonomy":"product_cat","embeddable":true,"href":"https:\/\/www.chocolatestheocr.com\/en\/wp-json\/wp\/v2\/product_cat?post=15905"},{"taxonomy":"product_tag","embeddable":true,"href":"https:\/\/www.chocolatestheocr.com\/en\/wp-json\/wp\/v2\/product_tag?post=15905"}],"curies":[{"name":"wp","href":"https:\/\/api.w.org\/{rel}","templated":true}]}}