{"id":15903,"date":"2024-11-04T18:08:51","date_gmt":"2024-11-05T00:08:51","guid":{"rendered":"https:\/\/www.chocolatestheocr.com\/?post_type=product&#038;p=15903"},"modified":"2025-09-29T16:17:41","modified_gmt":"2025-09-29T22:17:41","slug":"caja-tentacion-de-navidad","status":"publish","type":"product","link":"https:\/\/www.chocolatestheocr.com\/en\/shop\/fechas-especiales\/navidad\/caja-tentacion-de-navidad\/","title":{"rendered":"Caja tentacio\u0301n de navidad"},"content":{"rendered":"<p>Caja tentacio\u0301n de navidad<\/p>\n<div class=\"woocommerce-product-details__short-description\">\n<ul>\n<li>Mini queque de chocolate navide\u00f1o<\/li>\n<li>Rompope en botellita de vidrio<\/li>\n<li>Choco bomba peque\u00f1a<\/li>\n<li>Paquete con semillas mixtas con chocolate<\/li>\n<li>Fresa con chocolate navide\u00f1a<\/li>\n<li>Caja de cart\u00f3n con tapa transparente personalizada con dise\u00f1o navide\u00f1o<\/li>\n<\/ul>\n<\/div>\n<form class=\"cart ppom-flex-controller\" action=\"https:\/\/www.chocolatestheocr.com\/en\/shop\/fechas-especiales\/navidad\/caja-mix-navidad\/\" enctype=\"multipart\/form-data\" method=\"post\" data-trp-original-action=\"https:\/\/www.chocolatestheocr.com\/shop\/fechas-especiales\/navidad\/caja-mix-navidad\/\">\n<div id=\"ppom-box-2\" class=\"ppom-wrapper\">\n<div class=\"form-row ppom-rendering-fields align-items-center ppom-section-collapse\">\n<div class=\"ppom-field-wrapper ppom-col col-md-12 productos_adicionales ppom-wrapper_outer-productos_adicionales ppom-id-2 ppom-c-show\" data-data_name=\"productos_adicionales\" data-type=\"image\">\n<div class=\"form-group ppom-input-productos_adicionales\"><\/div>\n<\/div>\n<\/div>\n<\/div>\n<input type=\"hidden\" name=\"trp-form-language\" value=\"en\"\/><\/form>","protected":false},"excerpt":{"rendered":"<p>Caja tentacio\u0301n de navidad<\/p>\n<div class=\"woocommerce-product-details__short-description\">\n<ul>\n<li>Mini queque de chocolate navide\u00f1o<\/li>\n<li>Rompope en botellita de vidrio<\/li>\n<li>Choco bomba peque\u00f1a<\/li>\n<li>Paquete con semillas mixtas con chocolate<\/li>\n<li>Fresa con chocolate navide\u00f1a<\/li>\n<li>Caja de cart\u00f3n con tapa transparente personalizada con dise\u00f1o navide\u00f1o<\/li>\n<\/ul>\n<\/div>","protected":false},"featured_media":15909,"template":"","meta":[],"product_brand":[361],"product_cat":[92,41],"product_tag":[748,391,747,550],"class_list":{"0":"post-15903","1":"product","2":"type-product","3":"status-publish","4":"has-post-thumbnail","6":"product_brand-chocolates-theo","7":"product_cat-navidad","8":"product_cat-all","9":"product_tag-caja-navidad","10":"product_tag-choco-bomba","11":"product_tag-queque-navideno-personal","12":"product_tag-rompope","14":"first","15":"instock","16":"shipping-taxable","17":"purchasable","18":"product-type-simple"},"yoast_head":"<!-- This site is optimized with the Yoast SEO plugin v27.3 - https:\/\/yoast.com\/product\/yoast-seo-wordpress\/ -->\n<title>Caja tentacio\u0301n de navidad \/ regalos para navidad \/ empresariales<\/title>\n<meta name=\"description\" content=\"Caja tentacio\u0301n de navidad    Mini queque de chocolate navide\u00f1o  Rompope en botellita de vidrio  Choco bomba peque\u00f1a  Paquete con semillas mixtas con chocolate  Fresa con chocolate navide\u00f1a  Caja de cart\u00f3n con tapa transparente personalizada con dise\u00f1o navide\u00f1o\" \/>\n<meta name=\"robots\" content=\"index, follow, max-snippet:-1, max-image-preview:large, max-video-preview:-1\" \/>\n<link rel=\"canonical\" href=\"https:\/\/www.chocolatestheocr.com\/en\/shop\/fechas-especiales\/navidad\/caja-tentacion-de-navidad\/\" \/>\n<meta property=\"og:locale\" content=\"en_US\" \/>\n<meta property=\"og:type\" content=\"article\" \/>\n<meta property=\"og:title\" content=\"Caja tentacio\u0301n de navidad \/ regalos para navidad \/ empresariales\" \/>\n<meta property=\"og:description\" content=\"Caja tentacio\u0301n de navidad    Mini queque de chocolate navide\u00f1o  Rompope en botellita de vidrio  Choco bomba peque\u00f1a  Paquete con semillas mixtas con chocolate  Fresa con chocolate navide\u00f1a  Caja de cart\u00f3n con tapa transparente personalizada con dise\u00f1o navide\u00f1o\" \/>\n<meta property=\"og:url\" content=\"https:\/\/www.chocolatestheocr.com\/en\/shop\/fechas-especiales\/navidad\/caja-tentacion-de-navidad\/\" \/>\n<meta property=\"og:site_name\" content=\"Chocolates Theo\" \/>\n<meta property=\"article:publisher\" content=\"https:\/\/www.facebook.com\/chocolatestheocr\" \/>\n<meta property=\"article:modified_time\" content=\"2025-09-29T22:17:41+00:00\" \/>\n<meta property=\"og:image\" content=\"https:\/\/www.chocolatestheocr.com\/wp-content\/uploads\/2024\/11\/Caja-tentacion-de-navidad.jpg\" \/>\n\t<meta property=\"og:image:width\" content=\"1200\" \/>\n\t<meta property=\"og:image:height\" content=\"1600\" \/>\n\t<meta property=\"og:image:type\" content=\"image\/jpeg\" \/>\n<meta name=\"twitter:card\" content=\"summary_large_image\" \/>\n<script type=\"application\/ld+json\" class=\"yoast-schema-graph\">{\"@context\":\"https:\\\/\\\/schema.org\",\"@graph\":[{\"@type\":\"WebPage\",\"@id\":\"https:\\\/\\\/www.chocolatestheocr.com\\\/shop\\\/fechas-especiales\\\/navidad\\\/caja-tentacion-de-navidad\\\/\",\"url\":\"https:\\\/\\\/www.chocolatestheocr.com\\\/shop\\\/fechas-especiales\\\/navidad\\\/caja-tentacion-de-navidad\\\/\",\"name\":\"Caja tentacio\u0301n de navidad \\\/ regalos para navidad \\\/ empresariales\",\"isPartOf\":{\"@id\":\"https:\\\/\\\/www.chocolatestheocr.com\\\/#website\"},\"primaryImageOfPage\":{\"@id\":\"https:\\\/\\\/www.chocolatestheocr.com\\\/shop\\\/fechas-especiales\\\/navidad\\\/caja-tentacion-de-navidad\\\/#primaryimage\"},\"image\":{\"@id\":\"https:\\\/\\\/www.chocolatestheocr.com\\\/shop\\\/fechas-especiales\\\/navidad\\\/caja-tentacion-de-navidad\\\/#primaryimage\"},\"thumbnailUrl\":\"https:\\\/\\\/www.chocolatestheocr.com\\\/wp-content\\\/uploads\\\/2024\\\/11\\\/Caja-tentacion-de-navidad.jpg\",\"datePublished\":\"2024-11-05T00:08:51+00:00\",\"dateModified\":\"2025-09-29T22:17:41+00:00\",\"description\":\"Caja tentacio\u0301n de navidad Mini queque de chocolate navide\u00f1o Rompope en botellita de vidrio Choco bomba peque\u00f1a Paquete con semillas mixtas con chocolate Fresa con chocolate navide\u00f1a Caja de cart\u00f3n con tapa transparente personalizada con dise\u00f1o navide\u00f1o\",\"breadcrumb\":{\"@id\":\"https:\\\/\\\/www.chocolatestheocr.com\\\/shop\\\/fechas-especiales\\\/navidad\\\/caja-tentacion-de-navidad\\\/#breadcrumb\"},\"inLanguage\":\"en-US\",\"potentialAction\":[{\"@type\":\"ReadAction\",\"target\":[\"https:\\\/\\\/www.chocolatestheocr.com\\\/shop\\\/fechas-especiales\\\/navidad\\\/caja-tentacion-de-navidad\\\/\"]}]},{\"@type\":\"ImageObject\",\"inLanguage\":\"en-US\",\"@id\":\"https:\\\/\\\/www.chocolatestheocr.com\\\/shop\\\/fechas-especiales\\\/navidad\\\/caja-tentacion-de-navidad\\\/#primaryimage\",\"url\":\"https:\\\/\\\/www.chocolatestheocr.com\\\/wp-content\\\/uploads\\\/2024\\\/11\\\/Caja-tentacion-de-navidad.jpg\",\"contentUrl\":\"https:\\\/\\\/www.chocolatestheocr.com\\\/wp-content\\\/uploads\\\/2024\\\/11\\\/Caja-tentacion-de-navidad.jpg\",\"width\":1200,\"height\":1600,\"caption\":\"Caja tentacio\u0301n de navidad\"},{\"@type\":\"BreadcrumbList\",\"@id\":\"https:\\\/\\\/www.chocolatestheocr.com\\\/shop\\\/fechas-especiales\\\/navidad\\\/caja-tentacion-de-navidad\\\/#breadcrumb\",\"itemListElement\":[{\"@type\":\"ListItem\",\"position\":1,\"name\":\"Portada\",\"item\":\"https:\\\/\\\/www.chocolatestheocr.com\\\/\"},{\"@type\":\"ListItem\",\"position\":2,\"name\":\"Tienda\",\"item\":\"https:\\\/\\\/www.chocolatestheocr.com\\\/shop\\\/\"},{\"@type\":\"ListItem\",\"position\":3,\"name\":\"Caja tentacio\u0301n de navidad\"}]},{\"@type\":\"WebSite\",\"@id\":\"https:\\\/\\\/www.chocolatestheocr.com\\\/#website\",\"url\":\"https:\\\/\\\/www.chocolatestheocr.com\\\/\",\"name\":\"Chocolates Theo\",\"description\":\"\",\"publisher\":{\"@id\":\"https:\\\/\\\/www.chocolatestheocr.com\\\/#organization\"},\"potentialAction\":[{\"@type\":\"SearchAction\",\"target\":{\"@type\":\"EntryPoint\",\"urlTemplate\":\"https:\\\/\\\/www.chocolatestheocr.com\\\/?s={search_term_string}\"},\"query-input\":{\"@type\":\"PropertyValueSpecification\",\"valueRequired\":true,\"valueName\":\"search_term_string\"}}],\"inLanguage\":\"en-US\"},{\"@type\":\"Organization\",\"@id\":\"https:\\\/\\\/www.chocolatestheocr.com\\\/#organization\",\"name\":\"Chocolates Theo\",\"url\":\"https:\\\/\\\/www.chocolatestheocr.com\\\/\",\"logo\":{\"@type\":\"ImageObject\",\"inLanguage\":\"en-US\",\"@id\":\"https:\\\/\\\/www.chocolatestheocr.com\\\/#\\\/schema\\\/logo\\\/image\\\/\",\"url\":\"https:\\\/\\\/www.chocolatestheocr.com\\\/wp-content\\\/uploads\\\/2021\\\/10\\\/Logo-Chocolates-Theo.jpg\",\"contentUrl\":\"https:\\\/\\\/www.chocolatestheocr.com\\\/wp-content\\\/uploads\\\/2021\\\/10\\\/Logo-Chocolates-Theo.jpg\",\"width\":600,\"height\":600,\"caption\":\"Chocolates Theo\"},\"image\":{\"@id\":\"https:\\\/\\\/www.chocolatestheocr.com\\\/#\\\/schema\\\/logo\\\/image\\\/\"},\"sameAs\":[\"https:\\\/\\\/www.facebook.com\\\/chocolatestheocr\",\"https:\\\/\\\/www.instagram.com\\\/chocolates_theo\\\/\",\"https:\\\/\\\/www.youtube.com\\\/channel\\\/UCcgAI69rswAd2FY1Ubvmcxw\"]}]}<\/script>\n<!-- \/ Yoast SEO plugin. -->","yoast_head_json":{"title":"Caja tentacio\u0301n de navidad \/ regalos para navidad \/ empresariales","description":"Caja tentacio\u0301n de navidad    Mini queque de chocolate navide\u00f1o  Rompope en botellita de vidrio  Choco bomba peque\u00f1a  Paquete con semillas mixtas con chocolate  Fresa con chocolate navide\u00f1a  Caja de cart\u00f3n con tapa transparente personalizada con dise\u00f1o navide\u00f1o","robots":{"index":"index","follow":"follow","max-snippet":"max-snippet:-1","max-image-preview":"max-image-preview:large","max-video-preview":"max-video-preview:-1"},"canonical":"https:\/\/www.chocolatestheocr.com\/en\/shop\/fechas-especiales\/navidad\/caja-tentacion-de-navidad\/","og_locale":"en_US","og_type":"article","og_title":"Caja tentacio\u0301n de navidad \/ regalos para navidad \/ empresariales","og_description":"Caja tentacio\u0301n de navidad    Mini queque de chocolate navide\u00f1o  Rompope en botellita de vidrio  Choco bomba peque\u00f1a  Paquete con semillas mixtas con chocolate  Fresa con chocolate navide\u00f1a  Caja de cart\u00f3n con tapa transparente personalizada con dise\u00f1o navide\u00f1o","og_url":"https:\/\/www.chocolatestheocr.com\/en\/shop\/fechas-especiales\/navidad\/caja-tentacion-de-navidad\/","og_site_name":"Chocolates Theo","article_publisher":"https:\/\/www.facebook.com\/chocolatestheocr","article_modified_time":"2025-09-29T22:17:41+00:00","og_image":[{"width":1200,"height":1600,"url":"https:\/\/www.chocolatestheocr.com\/wp-content\/uploads\/2024\/11\/Caja-tentacion-de-navidad.jpg","type":"image\/jpeg"}],"twitter_card":"summary_large_image","schema":{"@context":"https:\/\/schema.org","@graph":[{"@type":"WebPage","@id":"https:\/\/www.chocolatestheocr.com\/shop\/fechas-especiales\/navidad\/caja-tentacion-de-navidad\/","url":"https:\/\/www.chocolatestheocr.com\/shop\/fechas-especiales\/navidad\/caja-tentacion-de-navidad\/","name":"Caja tentacio\u0301n de navidad \/ regalos para navidad \/ empresariales","isPartOf":{"@id":"https:\/\/www.chocolatestheocr.com\/#website"},"primaryImageOfPage":{"@id":"https:\/\/www.chocolatestheocr.com\/shop\/fechas-especiales\/navidad\/caja-tentacion-de-navidad\/#primaryimage"},"image":{"@id":"https:\/\/www.chocolatestheocr.com\/shop\/fechas-especiales\/navidad\/caja-tentacion-de-navidad\/#primaryimage"},"thumbnailUrl":"https:\/\/www.chocolatestheocr.com\/wp-content\/uploads\/2024\/11\/Caja-tentacion-de-navidad.jpg","datePublished":"2024-11-05T00:08:51+00:00","dateModified":"2025-09-29T22:17:41+00:00","description":"Caja tentacio\u0301n de navidad Mini queque de chocolate navide\u00f1o Rompope en botellita de vidrio Choco bomba peque\u00f1a Paquete con semillas mixtas con chocolate Fresa con chocolate navide\u00f1a Caja de cart\u00f3n con tapa transparente personalizada con dise\u00f1o navide\u00f1o","breadcrumb":{"@id":"https:\/\/www.chocolatestheocr.com\/shop\/fechas-especiales\/navidad\/caja-tentacion-de-navidad\/#breadcrumb"},"inLanguage":"en-US","potentialAction":[{"@type":"ReadAction","target":["https:\/\/www.chocolatestheocr.com\/shop\/fechas-especiales\/navidad\/caja-tentacion-de-navidad\/"]}]},{"@type":"ImageObject","inLanguage":"en-US","@id":"https:\/\/www.chocolatestheocr.com\/shop\/fechas-especiales\/navidad\/caja-tentacion-de-navidad\/#primaryimage","url":"https:\/\/www.chocolatestheocr.com\/wp-content\/uploads\/2024\/11\/Caja-tentacion-de-navidad.jpg","contentUrl":"https:\/\/www.chocolatestheocr.com\/wp-content\/uploads\/2024\/11\/Caja-tentacion-de-navidad.jpg","width":1200,"height":1600,"caption":"Caja tentacio\u0301n de navidad"},{"@type":"BreadcrumbList","@id":"https:\/\/www.chocolatestheocr.com\/shop\/fechas-especiales\/navidad\/caja-tentacion-de-navidad\/#breadcrumb","itemListElement":[{"@type":"ListItem","position":1,"name":"Portada","item":"https:\/\/www.chocolatestheocr.com\/"},{"@type":"ListItem","position":2,"name":"Tienda","item":"https:\/\/www.chocolatestheocr.com\/shop\/"},{"@type":"ListItem","position":3,"name":"Caja tentacio\u0301n de navidad"}]},{"@type":"WebSite","@id":"https:\/\/www.chocolatestheocr.com\/#website","url":"https:\/\/www.chocolatestheocr.com\/","name":"Chocolates Theo","description":"","publisher":{"@id":"https:\/\/www.chocolatestheocr.com\/#organization"},"potentialAction":[{"@type":"SearchAction","target":{"@type":"EntryPoint","urlTemplate":"https:\/\/www.chocolatestheocr.com\/?s={search_term_string}"},"query-input":{"@type":"PropertyValueSpecification","valueRequired":true,"valueName":"search_term_string"}}],"inLanguage":"en-US"},{"@type":"Organization","@id":"https:\/\/www.chocolatestheocr.com\/#organization","name":"Chocolates Theo","url":"https:\/\/www.chocolatestheocr.com\/","logo":{"@type":"ImageObject","inLanguage":"en-US","@id":"https:\/\/www.chocolatestheocr.com\/#\/schema\/logo\/image\/","url":"https:\/\/www.chocolatestheocr.com\/wp-content\/uploads\/2021\/10\/Logo-Chocolates-Theo.jpg","contentUrl":"https:\/\/www.chocolatestheocr.com\/wp-content\/uploads\/2021\/10\/Logo-Chocolates-Theo.jpg","width":600,"height":600,"caption":"Chocolates Theo"},"image":{"@id":"https:\/\/www.chocolatestheocr.com\/#\/schema\/logo\/image\/"},"sameAs":["https:\/\/www.facebook.com\/chocolatestheocr","https:\/\/www.instagram.com\/chocolates_theo\/","https:\/\/www.youtube.com\/channel\/UCcgAI69rswAd2FY1Ubvmcxw"]}]}},"_links":{"self":[{"href":"https:\/\/www.chocolatestheocr.com\/en\/wp-json\/wp\/v2\/product\/15903","targetHints":{"allow":["GET"]}}],"collection":[{"href":"https:\/\/www.chocolatestheocr.com\/en\/wp-json\/wp\/v2\/product"}],"about":[{"href":"https:\/\/www.chocolatestheocr.com\/en\/wp-json\/wp\/v2\/types\/product"}],"version-history":[{"count":0,"href":"https:\/\/www.chocolatestheocr.com\/en\/wp-json\/wp\/v2\/product\/15903\/revisions"}],"wp:featuredmedia":[{"embeddable":true,"href":"https:\/\/www.chocolatestheocr.com\/en\/wp-json\/wp\/v2\/media\/15909"}],"wp:attachment":[{"href":"https:\/\/www.chocolatestheocr.com\/en\/wp-json\/wp\/v2\/media?parent=15903"}],"wp:term":[{"taxonomy":"product_brand","embeddable":true,"href":"https:\/\/www.chocolatestheocr.com\/en\/wp-json\/wp\/v2\/product_brand?post=15903"},{"taxonomy":"product_cat","embeddable":true,"href":"https:\/\/www.chocolatestheocr.com\/en\/wp-json\/wp\/v2\/product_cat?post=15903"},{"taxonomy":"product_tag","embeddable":true,"href":"https:\/\/www.chocolatestheocr.com\/en\/wp-json\/wp\/v2\/product_tag?post=15903"}],"curies":[{"name":"wp","href":"https:\/\/api.w.org\/{rel}","templated":true}]}}