{"id":15896,"date":"2024-11-04T17:48:11","date_gmt":"2024-11-04T23:48:11","guid":{"rendered":"https:\/\/www.chocolatestheocr.com\/?post_type=product&#038;p=15896"},"modified":"2025-09-29T16:19:54","modified_gmt":"2025-09-29T22:19:54","slug":"caja-festin-navideno","status":"publish","type":"product","link":"https:\/\/www.chocolatestheocr.com\/en\/shop\/fechas-especiales\/navidad\/caja-festin-navideno\/","title":{"rendered":"Caja Fest\u00edn Navide\u00f1o"},"content":{"rendered":"<p>Caja Fest\u00edn Navide\u00f1o<\/p>\n<p>Contiene:<\/p>\n<ul>\n<li>Choco bomba navide\u00f1a<\/li>\n<li>Siete deliciosas fresas con chocolate<\/li>\n<li>Surtido de chocolates y semillas mixtas<\/li>\n<li>Almendras cubiertas con chocolate<\/li>\n<li>Botellita de vino tinto de 187 ml.<\/li>\n<li>Caja de cart\u00f3n con tapa transparente con dise\u00f1o de navidad<\/li>\n<\/ul>","protected":false},"excerpt":{"rendered":"<p>Caja Fest\u00edn Navide\u00f1o<\/p>\n<p>Contiene:<\/p>\n<ul>\n<li>Choco bomba navide\u00f1a<\/li>\n<li>Siete deliciosas fresas con chocolate<\/li>\n<li>Surtido de chocolates y semillas mixtas<\/li>\n<li>Almendras cubiertas con chocolate<\/li>\n<li>Botellita de vino tinto de 187 ml.<\/li>\n<li>Caja de cart\u00f3n con tapa transparente con dise\u00f1o de navidad<\/li>\n<\/ul>","protected":false},"featured_media":15898,"template":"","meta":[],"product_brand":[361],"product_cat":[92,41],"product_tag":[474,748,750,102],"class_list":{"0":"post-15896","1":"product","2":"type-product","3":"status-publish","4":"has-post-thumbnail","6":"product_brand-chocolates-theo","7":"product_cat-navidad","8":"product_cat-all","9":"product_tag-almendras-con-chocolate","10":"product_tag-caja-navidad","11":"product_tag-semillas-mixtas","12":"product_tag-vino","14":"first","15":"instock","16":"shipping-taxable","17":"purchasable","18":"product-type-simple"},"yoast_head":"<!-- This site is optimized with the Yoast SEO plugin v27.3 - https:\/\/yoast.com\/product\/yoast-seo-wordpress\/ -->\n<title>Caja Fest\u00edn Navide\u00f1o \/ regalo navide\u00f1o \/ corporativos<\/title>\n<meta name=\"description\" content=\"Caja Fest\u00edn Navide\u00f1o  Contiene:   Choco bomba navide\u00f1a  Siete deliciosas fresas con chocolate  Surtido de chocolates y semillas mixtas  Almendras cubiertas con chocolate  Botellita de vino tinto de 187 ml.  Caja de cart\u00f3n con tapa transparente con dise\u00f1o de navidad\" \/>\n<meta name=\"robots\" content=\"index, follow, max-snippet:-1, max-image-preview:large, max-video-preview:-1\" \/>\n<link rel=\"canonical\" href=\"https:\/\/www.chocolatestheocr.com\/en\/shop\/fechas-especiales\/navidad\/caja-festin-navideno\/\" \/>\n<meta property=\"og:locale\" content=\"en_US\" \/>\n<meta property=\"og:type\" content=\"article\" \/>\n<meta property=\"og:title\" content=\"Caja Fest\u00edn Navide\u00f1o \/ regalo navide\u00f1o \/ corporativos\" \/>\n<meta property=\"og:description\" content=\"Caja Fest\u00edn Navide\u00f1o  Contiene:   Choco bomba navide\u00f1a  Siete deliciosas fresas con chocolate  Surtido de chocolates y semillas mixtas  Almendras cubiertas con chocolate  Botellita de vino tinto de 187 ml.  Caja de cart\u00f3n con tapa transparente con dise\u00f1o de navidad\" \/>\n<meta property=\"og:url\" content=\"https:\/\/www.chocolatestheocr.com\/en\/shop\/fechas-especiales\/navidad\/caja-festin-navideno\/\" \/>\n<meta property=\"og:site_name\" content=\"Chocolates Theo\" \/>\n<meta property=\"article:publisher\" content=\"https:\/\/www.facebook.com\/chocolatestheocr\" \/>\n<meta property=\"article:modified_time\" content=\"2025-09-29T22:19:54+00:00\" \/>\n<meta property=\"og:image\" content=\"https:\/\/www.chocolatestheocr.com\/wp-content\/uploads\/2024\/11\/Caja-Festin-Navideno.jpg\" \/>\n\t<meta property=\"og:image:width\" content=\"1200\" \/>\n\t<meta property=\"og:image:height\" content=\"1600\" \/>\n\t<meta property=\"og:image:type\" content=\"image\/jpeg\" \/>\n<meta name=\"twitter:card\" content=\"summary_large_image\" \/>\n<script type=\"application\/ld+json\" class=\"yoast-schema-graph\">{\"@context\":\"https:\\\/\\\/schema.org\",\"@graph\":[{\"@type\":\"WebPage\",\"@id\":\"https:\\\/\\\/www.chocolatestheocr.com\\\/shop\\\/fechas-especiales\\\/navidad\\\/caja-festin-navideno\\\/\",\"url\":\"https:\\\/\\\/www.chocolatestheocr.com\\\/shop\\\/fechas-especiales\\\/navidad\\\/caja-festin-navideno\\\/\",\"name\":\"Caja Fest\u00edn Navide\u00f1o \\\/ regalo navide\u00f1o \\\/ corporativos\",\"isPartOf\":{\"@id\":\"https:\\\/\\\/www.chocolatestheocr.com\\\/#website\"},\"primaryImageOfPage\":{\"@id\":\"https:\\\/\\\/www.chocolatestheocr.com\\\/shop\\\/fechas-especiales\\\/navidad\\\/caja-festin-navideno\\\/#primaryimage\"},\"image\":{\"@id\":\"https:\\\/\\\/www.chocolatestheocr.com\\\/shop\\\/fechas-especiales\\\/navidad\\\/caja-festin-navideno\\\/#primaryimage\"},\"thumbnailUrl\":\"https:\\\/\\\/www.chocolatestheocr.com\\\/wp-content\\\/uploads\\\/2024\\\/11\\\/Caja-Festin-Navideno.jpg\",\"datePublished\":\"2024-11-04T23:48:11+00:00\",\"dateModified\":\"2025-09-29T22:19:54+00:00\",\"description\":\"Caja Fest\u00edn Navide\u00f1o Contiene: Choco bomba navide\u00f1a Siete deliciosas fresas con chocolate Surtido de chocolates y semillas mixtas Almendras cubiertas con chocolate Botellita de vino tinto de 187 ml. Caja de cart\u00f3n con tapa transparente con dise\u00f1o de navidad\",\"breadcrumb\":{\"@id\":\"https:\\\/\\\/www.chocolatestheocr.com\\\/shop\\\/fechas-especiales\\\/navidad\\\/caja-festin-navideno\\\/#breadcrumb\"},\"inLanguage\":\"en-US\",\"potentialAction\":[{\"@type\":\"ReadAction\",\"target\":[\"https:\\\/\\\/www.chocolatestheocr.com\\\/shop\\\/fechas-especiales\\\/navidad\\\/caja-festin-navideno\\\/\"]}]},{\"@type\":\"ImageObject\",\"inLanguage\":\"en-US\",\"@id\":\"https:\\\/\\\/www.chocolatestheocr.com\\\/shop\\\/fechas-especiales\\\/navidad\\\/caja-festin-navideno\\\/#primaryimage\",\"url\":\"https:\\\/\\\/www.chocolatestheocr.com\\\/wp-content\\\/uploads\\\/2024\\\/11\\\/Caja-Festin-Navideno.jpg\",\"contentUrl\":\"https:\\\/\\\/www.chocolatestheocr.com\\\/wp-content\\\/uploads\\\/2024\\\/11\\\/Caja-Festin-Navideno.jpg\",\"width\":1200,\"height\":1600,\"caption\":\"Caja Festi\u0301n Naviden\u0303o\"},{\"@type\":\"BreadcrumbList\",\"@id\":\"https:\\\/\\\/www.chocolatestheocr.com\\\/shop\\\/fechas-especiales\\\/navidad\\\/caja-festin-navideno\\\/#breadcrumb\",\"itemListElement\":[{\"@type\":\"ListItem\",\"position\":1,\"name\":\"Portada\",\"item\":\"https:\\\/\\\/www.chocolatestheocr.com\\\/\"},{\"@type\":\"ListItem\",\"position\":2,\"name\":\"Tienda\",\"item\":\"https:\\\/\\\/www.chocolatestheocr.com\\\/shop\\\/\"},{\"@type\":\"ListItem\",\"position\":3,\"name\":\"Caja Fest\u00edn Navide\u00f1o\"}]},{\"@type\":\"WebSite\",\"@id\":\"https:\\\/\\\/www.chocolatestheocr.com\\\/#website\",\"url\":\"https:\\\/\\\/www.chocolatestheocr.com\\\/\",\"name\":\"Chocolates Theo\",\"description\":\"\",\"publisher\":{\"@id\":\"https:\\\/\\\/www.chocolatestheocr.com\\\/#organization\"},\"potentialAction\":[{\"@type\":\"SearchAction\",\"target\":{\"@type\":\"EntryPoint\",\"urlTemplate\":\"https:\\\/\\\/www.chocolatestheocr.com\\\/?s={search_term_string}\"},\"query-input\":{\"@type\":\"PropertyValueSpecification\",\"valueRequired\":true,\"valueName\":\"search_term_string\"}}],\"inLanguage\":\"en-US\"},{\"@type\":\"Organization\",\"@id\":\"https:\\\/\\\/www.chocolatestheocr.com\\\/#organization\",\"name\":\"Chocolates Theo\",\"url\":\"https:\\\/\\\/www.chocolatestheocr.com\\\/\",\"logo\":{\"@type\":\"ImageObject\",\"inLanguage\":\"en-US\",\"@id\":\"https:\\\/\\\/www.chocolatestheocr.com\\\/#\\\/schema\\\/logo\\\/image\\\/\",\"url\":\"https:\\\/\\\/www.chocolatestheocr.com\\\/wp-content\\\/uploads\\\/2021\\\/10\\\/Logo-Chocolates-Theo.jpg\",\"contentUrl\":\"https:\\\/\\\/www.chocolatestheocr.com\\\/wp-content\\\/uploads\\\/2021\\\/10\\\/Logo-Chocolates-Theo.jpg\",\"width\":600,\"height\":600,\"caption\":\"Chocolates Theo\"},\"image\":{\"@id\":\"https:\\\/\\\/www.chocolatestheocr.com\\\/#\\\/schema\\\/logo\\\/image\\\/\"},\"sameAs\":[\"https:\\\/\\\/www.facebook.com\\\/chocolatestheocr\",\"https:\\\/\\\/www.instagram.com\\\/chocolates_theo\\\/\",\"https:\\\/\\\/www.youtube.com\\\/channel\\\/UCcgAI69rswAd2FY1Ubvmcxw\"]}]}<\/script>\n<!-- \/ Yoast SEO plugin. -->","yoast_head_json":{"title":"Caja Fest\u00edn Navide\u00f1o \/ regalo navide\u00f1o \/ corporativos","description":"Caja Fest\u00edn Navide\u00f1o  Contiene:   Choco bomba navide\u00f1a  Siete deliciosas fresas con chocolate  Surtido de chocolates y semillas mixtas  Almendras cubiertas con chocolate  Botellita de vino tinto de 187 ml.  Caja de cart\u00f3n con tapa transparente con dise\u00f1o de navidad","robots":{"index":"index","follow":"follow","max-snippet":"max-snippet:-1","max-image-preview":"max-image-preview:large","max-video-preview":"max-video-preview:-1"},"canonical":"https:\/\/www.chocolatestheocr.com\/en\/shop\/fechas-especiales\/navidad\/caja-festin-navideno\/","og_locale":"en_US","og_type":"article","og_title":"Caja Fest\u00edn Navide\u00f1o \/ regalo navide\u00f1o \/ corporativos","og_description":"Caja Fest\u00edn Navide\u00f1o  Contiene:   Choco bomba navide\u00f1a  Siete deliciosas fresas con chocolate  Surtido de chocolates y semillas mixtas  Almendras cubiertas con chocolate  Botellita de vino tinto de 187 ml.  Caja de cart\u00f3n con tapa transparente con dise\u00f1o de navidad","og_url":"https:\/\/www.chocolatestheocr.com\/en\/shop\/fechas-especiales\/navidad\/caja-festin-navideno\/","og_site_name":"Chocolates Theo","article_publisher":"https:\/\/www.facebook.com\/chocolatestheocr","article_modified_time":"2025-09-29T22:19:54+00:00","og_image":[{"width":1200,"height":1600,"url":"https:\/\/www.chocolatestheocr.com\/wp-content\/uploads\/2024\/11\/Caja-Festin-Navideno.jpg","type":"image\/jpeg"}],"twitter_card":"summary_large_image","schema":{"@context":"https:\/\/schema.org","@graph":[{"@type":"WebPage","@id":"https:\/\/www.chocolatestheocr.com\/shop\/fechas-especiales\/navidad\/caja-festin-navideno\/","url":"https:\/\/www.chocolatestheocr.com\/shop\/fechas-especiales\/navidad\/caja-festin-navideno\/","name":"Caja Fest\u00edn Navide\u00f1o \/ regalo navide\u00f1o \/ corporativos","isPartOf":{"@id":"https:\/\/www.chocolatestheocr.com\/#website"},"primaryImageOfPage":{"@id":"https:\/\/www.chocolatestheocr.com\/shop\/fechas-especiales\/navidad\/caja-festin-navideno\/#primaryimage"},"image":{"@id":"https:\/\/www.chocolatestheocr.com\/shop\/fechas-especiales\/navidad\/caja-festin-navideno\/#primaryimage"},"thumbnailUrl":"https:\/\/www.chocolatestheocr.com\/wp-content\/uploads\/2024\/11\/Caja-Festin-Navideno.jpg","datePublished":"2024-11-04T23:48:11+00:00","dateModified":"2025-09-29T22:19:54+00:00","description":"Caja Fest\u00edn Navide\u00f1o Contiene: Choco bomba navide\u00f1a Siete deliciosas fresas con chocolate Surtido de chocolates y semillas mixtas Almendras cubiertas con chocolate Botellita de vino tinto de 187 ml. Caja de cart\u00f3n con tapa transparente con dise\u00f1o de navidad","breadcrumb":{"@id":"https:\/\/www.chocolatestheocr.com\/shop\/fechas-especiales\/navidad\/caja-festin-navideno\/#breadcrumb"},"inLanguage":"en-US","potentialAction":[{"@type":"ReadAction","target":["https:\/\/www.chocolatestheocr.com\/shop\/fechas-especiales\/navidad\/caja-festin-navideno\/"]}]},{"@type":"ImageObject","inLanguage":"en-US","@id":"https:\/\/www.chocolatestheocr.com\/shop\/fechas-especiales\/navidad\/caja-festin-navideno\/#primaryimage","url":"https:\/\/www.chocolatestheocr.com\/wp-content\/uploads\/2024\/11\/Caja-Festin-Navideno.jpg","contentUrl":"https:\/\/www.chocolatestheocr.com\/wp-content\/uploads\/2024\/11\/Caja-Festin-Navideno.jpg","width":1200,"height":1600,"caption":"Caja Festi\u0301n Naviden\u0303o"},{"@type":"BreadcrumbList","@id":"https:\/\/www.chocolatestheocr.com\/shop\/fechas-especiales\/navidad\/caja-festin-navideno\/#breadcrumb","itemListElement":[{"@type":"ListItem","position":1,"name":"Portada","item":"https:\/\/www.chocolatestheocr.com\/"},{"@type":"ListItem","position":2,"name":"Tienda","item":"https:\/\/www.chocolatestheocr.com\/shop\/"},{"@type":"ListItem","position":3,"name":"Caja Fest\u00edn Navide\u00f1o"}]},{"@type":"WebSite","@id":"https:\/\/www.chocolatestheocr.com\/#website","url":"https:\/\/www.chocolatestheocr.com\/","name":"Chocolates Theo","description":"","publisher":{"@id":"https:\/\/www.chocolatestheocr.com\/#organization"},"potentialAction":[{"@type":"SearchAction","target":{"@type":"EntryPoint","urlTemplate":"https:\/\/www.chocolatestheocr.com\/?s={search_term_string}"},"query-input":{"@type":"PropertyValueSpecification","valueRequired":true,"valueName":"search_term_string"}}],"inLanguage":"en-US"},{"@type":"Organization","@id":"https:\/\/www.chocolatestheocr.com\/#organization","name":"Chocolates Theo","url":"https:\/\/www.chocolatestheocr.com\/","logo":{"@type":"ImageObject","inLanguage":"en-US","@id":"https:\/\/www.chocolatestheocr.com\/#\/schema\/logo\/image\/","url":"https:\/\/www.chocolatestheocr.com\/wp-content\/uploads\/2021\/10\/Logo-Chocolates-Theo.jpg","contentUrl":"https:\/\/www.chocolatestheocr.com\/wp-content\/uploads\/2021\/10\/Logo-Chocolates-Theo.jpg","width":600,"height":600,"caption":"Chocolates Theo"},"image":{"@id":"https:\/\/www.chocolatestheocr.com\/#\/schema\/logo\/image\/"},"sameAs":["https:\/\/www.facebook.com\/chocolatestheocr","https:\/\/www.instagram.com\/chocolates_theo\/","https:\/\/www.youtube.com\/channel\/UCcgAI69rswAd2FY1Ubvmcxw"]}]}},"_links":{"self":[{"href":"https:\/\/www.chocolatestheocr.com\/en\/wp-json\/wp\/v2\/product\/15896","targetHints":{"allow":["GET"]}}],"collection":[{"href":"https:\/\/www.chocolatestheocr.com\/en\/wp-json\/wp\/v2\/product"}],"about":[{"href":"https:\/\/www.chocolatestheocr.com\/en\/wp-json\/wp\/v2\/types\/product"}],"version-history":[{"count":0,"href":"https:\/\/www.chocolatestheocr.com\/en\/wp-json\/wp\/v2\/product\/15896\/revisions"}],"wp:featuredmedia":[{"embeddable":true,"href":"https:\/\/www.chocolatestheocr.com\/en\/wp-json\/wp\/v2\/media\/15898"}],"wp:attachment":[{"href":"https:\/\/www.chocolatestheocr.com\/en\/wp-json\/wp\/v2\/media?parent=15896"}],"wp:term":[{"taxonomy":"product_brand","embeddable":true,"href":"https:\/\/www.chocolatestheocr.com\/en\/wp-json\/wp\/v2\/product_brand?post=15896"},{"taxonomy":"product_cat","embeddable":true,"href":"https:\/\/www.chocolatestheocr.com\/en\/wp-json\/wp\/v2\/product_cat?post=15896"},{"taxonomy":"product_tag","embeddable":true,"href":"https:\/\/www.chocolatestheocr.com\/en\/wp-json\/wp\/v2\/product_tag?post=15896"}],"curies":[{"name":"wp","href":"https:\/\/api.w.org\/{rel}","templated":true}]}}