{"id":15890,"date":"2024-11-04T17:07:09","date_gmt":"2024-11-04T23:07:09","guid":{"rendered":"https:\/\/www.chocolatestheocr.com\/?post_type=product&#038;p=15890"},"modified":"2025-09-29T16:23:14","modified_gmt":"2025-09-29T22:23:14","slug":"caja-mix-navidad","status":"publish","type":"product","link":"https:\/\/www.chocolatestheocr.com\/en\/shop\/fechas-especiales\/navidad\/caja-mix-navidad\/","title":{"rendered":"Caja Mix Navidad"},"content":{"rendered":"<p>Caja Mix Navidad<\/p>\n<p>Contiene:<\/p>\n<ul>\n<li>Mini queque de chocolate navide\u00f1o<\/li>\n<li>Rompope en botellita de vidrio<\/li>\n<li>Uvas verdes<\/li>\n<li>Choco bomba peque\u00f1a<\/li>\n<li>Mini marshmallows<\/li>\n<li>Figura navide\u00f1a en chocolate<\/li>\n<li>Palmeritas de hojaldre con chocolate<\/li>\n<li>Caja de cart\u00f3n con tapa transparente personalizada con dise\u00f1o navide\u00f1o<\/li>\n<\/ul>","protected":false},"excerpt":{"rendered":"<p>Caja Mix Navidad<\/p>\n<p>Contiene:<\/p>\n<ul>\n<li>Mini queque de chocolate navide\u00f1o<\/li>\n<li>Rompope en botellita de vidrio<\/li>\n<li>Uvas verdes<\/li>\n<li>Choco bomba peque\u00f1a<\/li>\n<li>Mini marshmallows<\/li>\n<li>Figura navide\u00f1a en chocolate<\/li>\n<li>Palmeritas de hojaldre con chocolate<\/li>\n<li>Caja de cart\u00f3n con tapa transparente personalizada con dise\u00f1o navide\u00f1o<\/li>\n<\/ul>","protected":false},"featured_media":15891,"template":"","meta":[],"product_brand":[361],"product_cat":[92,41],"product_tag":[748,749,435,747],"class_list":{"0":"post-15890","1":"product","2":"type-product","3":"status-publish","4":"has-post-thumbnail","6":"product_brand-chocolates-theo","7":"product_cat-navidad","8":"product_cat-all","9":"product_tag-caja-navidad","10":"product_tag-mix","11":"product_tag-queque-navideno","12":"product_tag-queque-navideno-personal","14":"first","15":"instock","16":"shipping-taxable","17":"purchasable","18":"product-type-simple"},"yoast_head":"<!-- This site is optimized with the Yoast SEO plugin v27.3 - https:\/\/yoast.com\/product\/yoast-seo-wordpress\/ -->\n<title>Caja Mix Navidad \/ Caja surtida navide\u00f1a \/ Chocolates Theo<\/title>\n<meta name=\"description\" content=\"Caja Mix Navidad  Contiene:   Mini queque de chocolate navide\u00f1o  Rompope en botellita de vidrio  Uvas verdes  Choco bomba peque\u00f1a  Mini marshmallows  Figura navide\u00f1a en chocolate  Palmeritas de hojaldre con chocolate  Caja de cart\u00f3n con tapa transparente personalizada con dise\u00f1o navide\u00f1o\" \/>\n<meta name=\"robots\" content=\"index, follow, max-snippet:-1, max-image-preview:large, max-video-preview:-1\" \/>\n<link rel=\"canonical\" href=\"https:\/\/www.chocolatestheocr.com\/en\/shop\/fechas-especiales\/navidad\/caja-mix-navidad\/\" \/>\n<meta property=\"og:locale\" content=\"en_US\" \/>\n<meta property=\"og:type\" content=\"article\" \/>\n<meta property=\"og:title\" content=\"Caja Mix Navidad \/ Caja surtida navide\u00f1a \/ Chocolates Theo\" \/>\n<meta property=\"og:description\" content=\"Caja Mix Navidad  Contiene:   Mini queque de chocolate navide\u00f1o  Rompope en botellita de vidrio  Uvas verdes  Choco bomba peque\u00f1a  Mini marshmallows  Figura navide\u00f1a en chocolate  Palmeritas de hojaldre con chocolate  Caja de cart\u00f3n con tapa transparente personalizada con dise\u00f1o navide\u00f1o\" \/>\n<meta property=\"og:url\" content=\"https:\/\/www.chocolatestheocr.com\/en\/shop\/fechas-especiales\/navidad\/caja-mix-navidad\/\" \/>\n<meta property=\"og:site_name\" content=\"Chocolates Theo\" \/>\n<meta property=\"article:publisher\" content=\"https:\/\/www.facebook.com\/chocolatestheocr\" \/>\n<meta property=\"article:modified_time\" content=\"2025-09-29T22:23:14+00:00\" \/>\n<meta property=\"og:image\" content=\"https:\/\/www.chocolatestheocr.com\/wp-content\/uploads\/2024\/11\/Caja-mix-navidad-2.jpg\" \/>\n\t<meta property=\"og:image:width\" content=\"1200\" \/>\n\t<meta property=\"og:image:height\" content=\"1600\" \/>\n\t<meta property=\"og:image:type\" content=\"image\/jpeg\" \/>\n<meta name=\"twitter:card\" content=\"summary_large_image\" \/>\n<script type=\"application\/ld+json\" class=\"yoast-schema-graph\">{\"@context\":\"https:\\\/\\\/schema.org\",\"@graph\":[{\"@type\":\"WebPage\",\"@id\":\"https:\\\/\\\/www.chocolatestheocr.com\\\/shop\\\/fechas-especiales\\\/navidad\\\/caja-mix-navidad\\\/\",\"url\":\"https:\\\/\\\/www.chocolatestheocr.com\\\/shop\\\/fechas-especiales\\\/navidad\\\/caja-mix-navidad\\\/\",\"name\":\"Caja Mix Navidad \\\/ Caja surtida navide\u00f1a \\\/ Chocolates Theo\",\"isPartOf\":{\"@id\":\"https:\\\/\\\/www.chocolatestheocr.com\\\/#website\"},\"primaryImageOfPage\":{\"@id\":\"https:\\\/\\\/www.chocolatestheocr.com\\\/shop\\\/fechas-especiales\\\/navidad\\\/caja-mix-navidad\\\/#primaryimage\"},\"image\":{\"@id\":\"https:\\\/\\\/www.chocolatestheocr.com\\\/shop\\\/fechas-especiales\\\/navidad\\\/caja-mix-navidad\\\/#primaryimage\"},\"thumbnailUrl\":\"https:\\\/\\\/www.chocolatestheocr.com\\\/wp-content\\\/uploads\\\/2024\\\/11\\\/Caja-mix-navidad-2.jpg\",\"datePublished\":\"2024-11-04T23:07:09+00:00\",\"dateModified\":\"2025-09-29T22:23:14+00:00\",\"description\":\"Caja Mix Navidad Contiene: Mini queque de chocolate navide\u00f1o Rompope en botellita de vidrio Uvas verdes Choco bomba peque\u00f1a Mini marshmallows Figura navide\u00f1a en chocolate Palmeritas de hojaldre con chocolate Caja de cart\u00f3n con tapa transparente personalizada con dise\u00f1o navide\u00f1o\",\"breadcrumb\":{\"@id\":\"https:\\\/\\\/www.chocolatestheocr.com\\\/shop\\\/fechas-especiales\\\/navidad\\\/caja-mix-navidad\\\/#breadcrumb\"},\"inLanguage\":\"en-US\",\"potentialAction\":[{\"@type\":\"ReadAction\",\"target\":[\"https:\\\/\\\/www.chocolatestheocr.com\\\/shop\\\/fechas-especiales\\\/navidad\\\/caja-mix-navidad\\\/\"]}]},{\"@type\":\"ImageObject\",\"inLanguage\":\"en-US\",\"@id\":\"https:\\\/\\\/www.chocolatestheocr.com\\\/shop\\\/fechas-especiales\\\/navidad\\\/caja-mix-navidad\\\/#primaryimage\",\"url\":\"https:\\\/\\\/www.chocolatestheocr.com\\\/wp-content\\\/uploads\\\/2024\\\/11\\\/Caja-mix-navidad-2.jpg\",\"contentUrl\":\"https:\\\/\\\/www.chocolatestheocr.com\\\/wp-content\\\/uploads\\\/2024\\\/11\\\/Caja-mix-navidad-2.jpg\",\"width\":1200,\"height\":1600,\"caption\":\"Caja mix navidad 2\"},{\"@type\":\"BreadcrumbList\",\"@id\":\"https:\\\/\\\/www.chocolatestheocr.com\\\/shop\\\/fechas-especiales\\\/navidad\\\/caja-mix-navidad\\\/#breadcrumb\",\"itemListElement\":[{\"@type\":\"ListItem\",\"position\":1,\"name\":\"Portada\",\"item\":\"https:\\\/\\\/www.chocolatestheocr.com\\\/\"},{\"@type\":\"ListItem\",\"position\":2,\"name\":\"Tienda\",\"item\":\"https:\\\/\\\/www.chocolatestheocr.com\\\/shop\\\/\"},{\"@type\":\"ListItem\",\"position\":3,\"name\":\"Caja Mix Navidad\"}]},{\"@type\":\"WebSite\",\"@id\":\"https:\\\/\\\/www.chocolatestheocr.com\\\/#website\",\"url\":\"https:\\\/\\\/www.chocolatestheocr.com\\\/\",\"name\":\"Chocolates Theo\",\"description\":\"\",\"publisher\":{\"@id\":\"https:\\\/\\\/www.chocolatestheocr.com\\\/#organization\"},\"potentialAction\":[{\"@type\":\"SearchAction\",\"target\":{\"@type\":\"EntryPoint\",\"urlTemplate\":\"https:\\\/\\\/www.chocolatestheocr.com\\\/?s={search_term_string}\"},\"query-input\":{\"@type\":\"PropertyValueSpecification\",\"valueRequired\":true,\"valueName\":\"search_term_string\"}}],\"inLanguage\":\"en-US\"},{\"@type\":\"Organization\",\"@id\":\"https:\\\/\\\/www.chocolatestheocr.com\\\/#organization\",\"name\":\"Chocolates Theo\",\"url\":\"https:\\\/\\\/www.chocolatestheocr.com\\\/\",\"logo\":{\"@type\":\"ImageObject\",\"inLanguage\":\"en-US\",\"@id\":\"https:\\\/\\\/www.chocolatestheocr.com\\\/#\\\/schema\\\/logo\\\/image\\\/\",\"url\":\"https:\\\/\\\/www.chocolatestheocr.com\\\/wp-content\\\/uploads\\\/2021\\\/10\\\/Logo-Chocolates-Theo.jpg\",\"contentUrl\":\"https:\\\/\\\/www.chocolatestheocr.com\\\/wp-content\\\/uploads\\\/2021\\\/10\\\/Logo-Chocolates-Theo.jpg\",\"width\":600,\"height\":600,\"caption\":\"Chocolates Theo\"},\"image\":{\"@id\":\"https:\\\/\\\/www.chocolatestheocr.com\\\/#\\\/schema\\\/logo\\\/image\\\/\"},\"sameAs\":[\"https:\\\/\\\/www.facebook.com\\\/chocolatestheocr\",\"https:\\\/\\\/www.instagram.com\\\/chocolates_theo\\\/\",\"https:\\\/\\\/www.youtube.com\\\/channel\\\/UCcgAI69rswAd2FY1Ubvmcxw\"]}]}<\/script>\n<!-- \/ Yoast SEO plugin. -->","yoast_head_json":{"title":"Caja Mix Navidad \/ Caja surtida navide\u00f1a \/ Chocolates Theo","description":"Caja Mix Navidad  Contiene:   Mini queque de chocolate navide\u00f1o  Rompope en botellita de vidrio  Uvas verdes  Choco bomba peque\u00f1a  Mini marshmallows  Figura navide\u00f1a en chocolate  Palmeritas de hojaldre con chocolate  Caja de cart\u00f3n con tapa transparente personalizada con dise\u00f1o navide\u00f1o","robots":{"index":"index","follow":"follow","max-snippet":"max-snippet:-1","max-image-preview":"max-image-preview:large","max-video-preview":"max-video-preview:-1"},"canonical":"https:\/\/www.chocolatestheocr.com\/en\/shop\/fechas-especiales\/navidad\/caja-mix-navidad\/","og_locale":"en_US","og_type":"article","og_title":"Caja Mix Navidad \/ Caja surtida navide\u00f1a \/ Chocolates Theo","og_description":"Caja Mix Navidad  Contiene:   Mini queque de chocolate navide\u00f1o  Rompope en botellita de vidrio  Uvas verdes  Choco bomba peque\u00f1a  Mini marshmallows  Figura navide\u00f1a en chocolate  Palmeritas de hojaldre con chocolate  Caja de cart\u00f3n con tapa transparente personalizada con dise\u00f1o navide\u00f1o","og_url":"https:\/\/www.chocolatestheocr.com\/en\/shop\/fechas-especiales\/navidad\/caja-mix-navidad\/","og_site_name":"Chocolates Theo","article_publisher":"https:\/\/www.facebook.com\/chocolatestheocr","article_modified_time":"2025-09-29T22:23:14+00:00","og_image":[{"width":1200,"height":1600,"url":"https:\/\/www.chocolatestheocr.com\/wp-content\/uploads\/2024\/11\/Caja-mix-navidad-2.jpg","type":"image\/jpeg"}],"twitter_card":"summary_large_image","schema":{"@context":"https:\/\/schema.org","@graph":[{"@type":"WebPage","@id":"https:\/\/www.chocolatestheocr.com\/shop\/fechas-especiales\/navidad\/caja-mix-navidad\/","url":"https:\/\/www.chocolatestheocr.com\/shop\/fechas-especiales\/navidad\/caja-mix-navidad\/","name":"Caja Mix Navidad \/ Caja surtida navide\u00f1a \/ Chocolates Theo","isPartOf":{"@id":"https:\/\/www.chocolatestheocr.com\/#website"},"primaryImageOfPage":{"@id":"https:\/\/www.chocolatestheocr.com\/shop\/fechas-especiales\/navidad\/caja-mix-navidad\/#primaryimage"},"image":{"@id":"https:\/\/www.chocolatestheocr.com\/shop\/fechas-especiales\/navidad\/caja-mix-navidad\/#primaryimage"},"thumbnailUrl":"https:\/\/www.chocolatestheocr.com\/wp-content\/uploads\/2024\/11\/Caja-mix-navidad-2.jpg","datePublished":"2024-11-04T23:07:09+00:00","dateModified":"2025-09-29T22:23:14+00:00","description":"Caja Mix Navidad Contiene: Mini queque de chocolate navide\u00f1o Rompope en botellita de vidrio Uvas verdes Choco bomba peque\u00f1a Mini marshmallows Figura navide\u00f1a en chocolate Palmeritas de hojaldre con chocolate Caja de cart\u00f3n con tapa transparente personalizada con dise\u00f1o navide\u00f1o","breadcrumb":{"@id":"https:\/\/www.chocolatestheocr.com\/shop\/fechas-especiales\/navidad\/caja-mix-navidad\/#breadcrumb"},"inLanguage":"en-US","potentialAction":[{"@type":"ReadAction","target":["https:\/\/www.chocolatestheocr.com\/shop\/fechas-especiales\/navidad\/caja-mix-navidad\/"]}]},{"@type":"ImageObject","inLanguage":"en-US","@id":"https:\/\/www.chocolatestheocr.com\/shop\/fechas-especiales\/navidad\/caja-mix-navidad\/#primaryimage","url":"https:\/\/www.chocolatestheocr.com\/wp-content\/uploads\/2024\/11\/Caja-mix-navidad-2.jpg","contentUrl":"https:\/\/www.chocolatestheocr.com\/wp-content\/uploads\/2024\/11\/Caja-mix-navidad-2.jpg","width":1200,"height":1600,"caption":"Caja mix navidad 2"},{"@type":"BreadcrumbList","@id":"https:\/\/www.chocolatestheocr.com\/shop\/fechas-especiales\/navidad\/caja-mix-navidad\/#breadcrumb","itemListElement":[{"@type":"ListItem","position":1,"name":"Portada","item":"https:\/\/www.chocolatestheocr.com\/"},{"@type":"ListItem","position":2,"name":"Tienda","item":"https:\/\/www.chocolatestheocr.com\/shop\/"},{"@type":"ListItem","position":3,"name":"Caja Mix Navidad"}]},{"@type":"WebSite","@id":"https:\/\/www.chocolatestheocr.com\/#website","url":"https:\/\/www.chocolatestheocr.com\/","name":"Chocolates Theo","description":"","publisher":{"@id":"https:\/\/www.chocolatestheocr.com\/#organization"},"potentialAction":[{"@type":"SearchAction","target":{"@type":"EntryPoint","urlTemplate":"https:\/\/www.chocolatestheocr.com\/?s={search_term_string}"},"query-input":{"@type":"PropertyValueSpecification","valueRequired":true,"valueName":"search_term_string"}}],"inLanguage":"en-US"},{"@type":"Organization","@id":"https:\/\/www.chocolatestheocr.com\/#organization","name":"Chocolates Theo","url":"https:\/\/www.chocolatestheocr.com\/","logo":{"@type":"ImageObject","inLanguage":"en-US","@id":"https:\/\/www.chocolatestheocr.com\/#\/schema\/logo\/image\/","url":"https:\/\/www.chocolatestheocr.com\/wp-content\/uploads\/2021\/10\/Logo-Chocolates-Theo.jpg","contentUrl":"https:\/\/www.chocolatestheocr.com\/wp-content\/uploads\/2021\/10\/Logo-Chocolates-Theo.jpg","width":600,"height":600,"caption":"Chocolates Theo"},"image":{"@id":"https:\/\/www.chocolatestheocr.com\/#\/schema\/logo\/image\/"},"sameAs":["https:\/\/www.facebook.com\/chocolatestheocr","https:\/\/www.instagram.com\/chocolates_theo\/","https:\/\/www.youtube.com\/channel\/UCcgAI69rswAd2FY1Ubvmcxw"]}]}},"_links":{"self":[{"href":"https:\/\/www.chocolatestheocr.com\/en\/wp-json\/wp\/v2\/product\/15890","targetHints":{"allow":["GET"]}}],"collection":[{"href":"https:\/\/www.chocolatestheocr.com\/en\/wp-json\/wp\/v2\/product"}],"about":[{"href":"https:\/\/www.chocolatestheocr.com\/en\/wp-json\/wp\/v2\/types\/product"}],"version-history":[{"count":0,"href":"https:\/\/www.chocolatestheocr.com\/en\/wp-json\/wp\/v2\/product\/15890\/revisions"}],"wp:featuredmedia":[{"embeddable":true,"href":"https:\/\/www.chocolatestheocr.com\/en\/wp-json\/wp\/v2\/media\/15891"}],"wp:attachment":[{"href":"https:\/\/www.chocolatestheocr.com\/en\/wp-json\/wp\/v2\/media?parent=15890"}],"wp:term":[{"taxonomy":"product_brand","embeddable":true,"href":"https:\/\/www.chocolatestheocr.com\/en\/wp-json\/wp\/v2\/product_brand?post=15890"},{"taxonomy":"product_cat","embeddable":true,"href":"https:\/\/www.chocolatestheocr.com\/en\/wp-json\/wp\/v2\/product_cat?post=15890"},{"taxonomy":"product_tag","embeddable":true,"href":"https:\/\/www.chocolatestheocr.com\/en\/wp-json\/wp\/v2\/product_tag?post=15890"}],"curies":[{"name":"wp","href":"https:\/\/api.w.org\/{rel}","templated":true}]}}