{"id":15876,"date":"2024-11-01T11:55:25","date_gmt":"2024-11-01T17:55:25","guid":{"rendered":"https:\/\/www.chocolatestheocr.com\/?post_type=product&#038;p=15876"},"modified":"2026-01-16T08:18:04","modified_gmt":"2026-01-16T14:18:04","slug":"desayuno-rodolfo","status":"publish","type":"product","link":"https:\/\/www.chocolatestheocr.com\/en\/shop\/fechas-especiales\/navidad\/desayuno-rodolfo\/","title":{"rendered":"Desayuno &#8220;Rodolfo&#8221;"},"content":{"rendered":"<p>Desayuno &#8220;Rodolfo&#8221;<\/p>\n<p>Contiene:<\/p>\n<ul>\n<li>Sandwich de jam\u00f3n y queso hecho sobre un\u00a0 delicioso croissant<\/li>\n<li>Uvas verdes<\/li>\n<li>Mini Queque navide\u00f1o de chocolate personal<\/li>\n<li>Jugo de naranja en botellita de vidrio<\/li>\n<li>Choco bomba peque\u00f1a con decoraci\u00f3n navide\u00f1a<\/li>\n<li>Caja de cart\u00f3n con tapa transparente personalizada con imagen y mensaje de navidad<\/li>\n<\/ul>","protected":false},"excerpt":{"rendered":"<p>Desayuno &#8220;Rodolfo&#8221;<\/p>\n<p>Contiene:<\/p>\n<ul>\n<li>Sandwich de jam\u00f3n y queso hecho sobre un\u00a0 delicioso croissant<\/li>\n<li>Uvas verdes<\/li>\n<li>Mini Queque navide\u00f1o de chocolate personal<\/li>\n<li>Jugo de naranja en botellita de vidrio<\/li>\n<li>Choco bomba peque\u00f1a con decoraci\u00f3n navide\u00f1a<\/li>\n<li>Caja de cart\u00f3n con tapa transparente personalizada con imagen y mensaje de navidad<\/li>\n<\/ul>","protected":false},"featured_media":15878,"template":"","meta":[],"product_brand":[361],"product_cat":[92,41],"product_tag":[566,262,747,607,155],"class_list":{"0":"post-15876","1":"product","2":"type-product","3":"status-publish","4":"has-post-thumbnail","6":"product_brand-chocolates-theo","7":"product_cat-navidad","8":"product_cat-all","9":"product_tag-desayuno","10":"product_tag-navidad","11":"product_tag-queque-navideno-personal","12":"product_tag-sandwich","13":"product_tag-uvas","15":"first","16":"instock","17":"shipping-taxable","18":"purchasable","19":"product-type-simple"},"yoast_head":"<!-- This site is optimized with the Yoast SEO plugin v27.3 - https:\/\/yoast.com\/product\/yoast-seo-wordpress\/ -->\n<title>Desayuno &quot;Rodolfo&quot; \/ Desayunos empresariales para navidad<\/title>\n<meta name=\"description\" content=\"Desayuno &quot;Rodolfo&quot;  Contiene:   Sandwich de jam\u00f3n y queso hecho sobre un\u00a0 delicioso croissant  Uvas verdes  Mini Queque navide\u00f1o de chocolate personal  Jugo de naranja en botellita de vidrio  Choco bomba peque\u00f1a con decoraci\u00f3n navide\u00f1a  Caja de cart\u00f3n con tapa transparente personalizada con imagen y mensaje de navidad\" \/>\n<meta name=\"robots\" content=\"index, follow, max-snippet:-1, max-image-preview:large, max-video-preview:-1\" \/>\n<link rel=\"canonical\" href=\"https:\/\/www.chocolatestheocr.com\/en\/shop\/fechas-especiales\/navidad\/desayuno-rodolfo\/\" \/>\n<meta property=\"og:locale\" content=\"en_US\" \/>\n<meta property=\"og:type\" content=\"article\" \/>\n<meta property=\"og:title\" content=\"Desayuno &quot;Rodolfo&quot; \/ Desayunos empresariales para navidad\" \/>\n<meta property=\"og:description\" content=\"Desayuno &quot;Rodolfo&quot;  Contiene:   Sandwich de jam\u00f3n y queso hecho sobre un\u00a0 delicioso croissant  Uvas verdes  Mini Queque navide\u00f1o de chocolate personal  Jugo de naranja en botellita de vidrio  Choco bomba peque\u00f1a con decoraci\u00f3n navide\u00f1a  Caja de cart\u00f3n con tapa transparente personalizada con imagen y mensaje de navidad\" \/>\n<meta property=\"og:url\" content=\"https:\/\/www.chocolatestheocr.com\/en\/shop\/fechas-especiales\/navidad\/desayuno-rodolfo\/\" \/>\n<meta property=\"og:site_name\" content=\"Chocolates Theo\" \/>\n<meta property=\"article:publisher\" content=\"https:\/\/www.facebook.com\/chocolatestheocr\" \/>\n<meta property=\"article:modified_time\" content=\"2026-01-16T14:18:04+00:00\" \/>\n<meta property=\"og:image\" content=\"https:\/\/www.chocolatestheocr.com\/wp-content\/uploads\/2024\/11\/IMG_4849.webp\" \/>\n\t<meta property=\"og:image:width\" content=\"1200\" \/>\n\t<meta property=\"og:image:height\" content=\"1600\" \/>\n\t<meta property=\"og:image:type\" content=\"image\/webp\" \/>\n<meta name=\"twitter:card\" content=\"summary_large_image\" \/>\n<script type=\"application\/ld+json\" class=\"yoast-schema-graph\">{\"@context\":\"https:\\\/\\\/schema.org\",\"@graph\":[{\"@type\":\"WebPage\",\"@id\":\"https:\\\/\\\/www.chocolatestheocr.com\\\/shop\\\/fechas-especiales\\\/navidad\\\/desayuno-rodolfo\\\/\",\"url\":\"https:\\\/\\\/www.chocolatestheocr.com\\\/shop\\\/fechas-especiales\\\/navidad\\\/desayuno-rodolfo\\\/\",\"name\":\"Desayuno \\\"Rodolfo\\\" \\\/ Desayunos empresariales para navidad\",\"isPartOf\":{\"@id\":\"https:\\\/\\\/www.chocolatestheocr.com\\\/#website\"},\"primaryImageOfPage\":{\"@id\":\"https:\\\/\\\/www.chocolatestheocr.com\\\/shop\\\/fechas-especiales\\\/navidad\\\/desayuno-rodolfo\\\/#primaryimage\"},\"image\":{\"@id\":\"https:\\\/\\\/www.chocolatestheocr.com\\\/shop\\\/fechas-especiales\\\/navidad\\\/desayuno-rodolfo\\\/#primaryimage\"},\"thumbnailUrl\":\"https:\\\/\\\/www.chocolatestheocr.com\\\/wp-content\\\/uploads\\\/2024\\\/11\\\/IMG_4849.webp\",\"datePublished\":\"2024-11-01T17:55:25+00:00\",\"dateModified\":\"2026-01-16T14:18:04+00:00\",\"description\":\"Desayuno \\\"Rodolfo\\\" Contiene: Sandwich de jam\u00f3n y queso hecho sobre un\u00a0 delicioso croissant Uvas verdes Mini Queque navide\u00f1o de chocolate personal Jugo de naranja en botellita de vidrio Choco bomba peque\u00f1a con decoraci\u00f3n navide\u00f1a Caja de cart\u00f3n con tapa transparente personalizada con imagen y mensaje de navidad\",\"breadcrumb\":{\"@id\":\"https:\\\/\\\/www.chocolatestheocr.com\\\/shop\\\/fechas-especiales\\\/navidad\\\/desayuno-rodolfo\\\/#breadcrumb\"},\"inLanguage\":\"en-US\",\"potentialAction\":[{\"@type\":\"ReadAction\",\"target\":[\"https:\\\/\\\/www.chocolatestheocr.com\\\/shop\\\/fechas-especiales\\\/navidad\\\/desayuno-rodolfo\\\/\"]}]},{\"@type\":\"ImageObject\",\"inLanguage\":\"en-US\",\"@id\":\"https:\\\/\\\/www.chocolatestheocr.com\\\/shop\\\/fechas-especiales\\\/navidad\\\/desayuno-rodolfo\\\/#primaryimage\",\"url\":\"https:\\\/\\\/www.chocolatestheocr.com\\\/wp-content\\\/uploads\\\/2024\\\/11\\\/IMG_4849.webp\",\"contentUrl\":\"https:\\\/\\\/www.chocolatestheocr.com\\\/wp-content\\\/uploads\\\/2024\\\/11\\\/IMG_4849.webp\",\"width\":1200,\"height\":1600,\"caption\":\"Desayuno Rudolph Theo\"},{\"@type\":\"BreadcrumbList\",\"@id\":\"https:\\\/\\\/www.chocolatestheocr.com\\\/shop\\\/fechas-especiales\\\/navidad\\\/desayuno-rodolfo\\\/#breadcrumb\",\"itemListElement\":[{\"@type\":\"ListItem\",\"position\":1,\"name\":\"Portada\",\"item\":\"https:\\\/\\\/www.chocolatestheocr.com\\\/\"},{\"@type\":\"ListItem\",\"position\":2,\"name\":\"Tienda\",\"item\":\"https:\\\/\\\/www.chocolatestheocr.com\\\/shop\\\/\"},{\"@type\":\"ListItem\",\"position\":3,\"name\":\"Desayuno &#8220;Rodolfo&#8221;\"}]},{\"@type\":\"WebSite\",\"@id\":\"https:\\\/\\\/www.chocolatestheocr.com\\\/#website\",\"url\":\"https:\\\/\\\/www.chocolatestheocr.com\\\/\",\"name\":\"Chocolates Theo\",\"description\":\"\",\"publisher\":{\"@id\":\"https:\\\/\\\/www.chocolatestheocr.com\\\/#organization\"},\"potentialAction\":[{\"@type\":\"SearchAction\",\"target\":{\"@type\":\"EntryPoint\",\"urlTemplate\":\"https:\\\/\\\/www.chocolatestheocr.com\\\/?s={search_term_string}\"},\"query-input\":{\"@type\":\"PropertyValueSpecification\",\"valueRequired\":true,\"valueName\":\"search_term_string\"}}],\"inLanguage\":\"en-US\"},{\"@type\":\"Organization\",\"@id\":\"https:\\\/\\\/www.chocolatestheocr.com\\\/#organization\",\"name\":\"Chocolates Theo\",\"url\":\"https:\\\/\\\/www.chocolatestheocr.com\\\/\",\"logo\":{\"@type\":\"ImageObject\",\"inLanguage\":\"en-US\",\"@id\":\"https:\\\/\\\/www.chocolatestheocr.com\\\/#\\\/schema\\\/logo\\\/image\\\/\",\"url\":\"https:\\\/\\\/www.chocolatestheocr.com\\\/wp-content\\\/uploads\\\/2021\\\/10\\\/Logo-Chocolates-Theo.jpg\",\"contentUrl\":\"https:\\\/\\\/www.chocolatestheocr.com\\\/wp-content\\\/uploads\\\/2021\\\/10\\\/Logo-Chocolates-Theo.jpg\",\"width\":600,\"height\":600,\"caption\":\"Chocolates Theo\"},\"image\":{\"@id\":\"https:\\\/\\\/www.chocolatestheocr.com\\\/#\\\/schema\\\/logo\\\/image\\\/\"},\"sameAs\":[\"https:\\\/\\\/www.facebook.com\\\/chocolatestheocr\",\"https:\\\/\\\/www.instagram.com\\\/chocolates_theo\\\/\",\"https:\\\/\\\/www.youtube.com\\\/channel\\\/UCcgAI69rswAd2FY1Ubvmcxw\"]}]}<\/script>\n<!-- \/ Yoast SEO plugin. -->","yoast_head_json":{"title":"Desayuno \"Rodolfo\" \/ Desayunos empresariales para navidad","description":"Desayuno \"Rodolfo\"  Contiene:   Sandwich de jam\u00f3n y queso hecho sobre un\u00a0 delicioso croissant  Uvas verdes  Mini Queque navide\u00f1o de chocolate personal  Jugo de naranja en botellita de vidrio  Choco bomba peque\u00f1a con decoraci\u00f3n navide\u00f1a  Caja de cart\u00f3n con tapa transparente personalizada con imagen y mensaje de navidad","robots":{"index":"index","follow":"follow","max-snippet":"max-snippet:-1","max-image-preview":"max-image-preview:large","max-video-preview":"max-video-preview:-1"},"canonical":"https:\/\/www.chocolatestheocr.com\/en\/shop\/fechas-especiales\/navidad\/desayuno-rodolfo\/","og_locale":"en_US","og_type":"article","og_title":"Desayuno \"Rodolfo\" \/ Desayunos empresariales para navidad","og_description":"Desayuno \"Rodolfo\"  Contiene:   Sandwich de jam\u00f3n y queso hecho sobre un\u00a0 delicioso croissant  Uvas verdes  Mini Queque navide\u00f1o de chocolate personal  Jugo de naranja en botellita de vidrio  Choco bomba peque\u00f1a con decoraci\u00f3n navide\u00f1a  Caja de cart\u00f3n con tapa transparente personalizada con imagen y mensaje de navidad","og_url":"https:\/\/www.chocolatestheocr.com\/en\/shop\/fechas-especiales\/navidad\/desayuno-rodolfo\/","og_site_name":"Chocolates Theo","article_publisher":"https:\/\/www.facebook.com\/chocolatestheocr","article_modified_time":"2026-01-16T14:18:04+00:00","og_image":[{"width":1200,"height":1600,"url":"https:\/\/www.chocolatestheocr.com\/wp-content\/uploads\/2024\/11\/IMG_4849.webp","type":"image\/webp"}],"twitter_card":"summary_large_image","schema":{"@context":"https:\/\/schema.org","@graph":[{"@type":"WebPage","@id":"https:\/\/www.chocolatestheocr.com\/shop\/fechas-especiales\/navidad\/desayuno-rodolfo\/","url":"https:\/\/www.chocolatestheocr.com\/shop\/fechas-especiales\/navidad\/desayuno-rodolfo\/","name":"Desayuno \"Rodolfo\" \/ Desayunos empresariales para navidad","isPartOf":{"@id":"https:\/\/www.chocolatestheocr.com\/#website"},"primaryImageOfPage":{"@id":"https:\/\/www.chocolatestheocr.com\/shop\/fechas-especiales\/navidad\/desayuno-rodolfo\/#primaryimage"},"image":{"@id":"https:\/\/www.chocolatestheocr.com\/shop\/fechas-especiales\/navidad\/desayuno-rodolfo\/#primaryimage"},"thumbnailUrl":"https:\/\/www.chocolatestheocr.com\/wp-content\/uploads\/2024\/11\/IMG_4849.webp","datePublished":"2024-11-01T17:55:25+00:00","dateModified":"2026-01-16T14:18:04+00:00","description":"Desayuno \"Rodolfo\" Contiene: Sandwich de jam\u00f3n y queso hecho sobre un\u00a0 delicioso croissant Uvas verdes Mini Queque navide\u00f1o de chocolate personal Jugo de naranja en botellita de vidrio Choco bomba peque\u00f1a con decoraci\u00f3n navide\u00f1a Caja de cart\u00f3n con tapa transparente personalizada con imagen y mensaje de navidad","breadcrumb":{"@id":"https:\/\/www.chocolatestheocr.com\/shop\/fechas-especiales\/navidad\/desayuno-rodolfo\/#breadcrumb"},"inLanguage":"en-US","potentialAction":[{"@type":"ReadAction","target":["https:\/\/www.chocolatestheocr.com\/shop\/fechas-especiales\/navidad\/desayuno-rodolfo\/"]}]},{"@type":"ImageObject","inLanguage":"en-US","@id":"https:\/\/www.chocolatestheocr.com\/shop\/fechas-especiales\/navidad\/desayuno-rodolfo\/#primaryimage","url":"https:\/\/www.chocolatestheocr.com\/wp-content\/uploads\/2024\/11\/IMG_4849.webp","contentUrl":"https:\/\/www.chocolatestheocr.com\/wp-content\/uploads\/2024\/11\/IMG_4849.webp","width":1200,"height":1600,"caption":"Desayuno Rudolph Theo"},{"@type":"BreadcrumbList","@id":"https:\/\/www.chocolatestheocr.com\/shop\/fechas-especiales\/navidad\/desayuno-rodolfo\/#breadcrumb","itemListElement":[{"@type":"ListItem","position":1,"name":"Portada","item":"https:\/\/www.chocolatestheocr.com\/"},{"@type":"ListItem","position":2,"name":"Tienda","item":"https:\/\/www.chocolatestheocr.com\/shop\/"},{"@type":"ListItem","position":3,"name":"Desayuno &#8220;Rodolfo&#8221;"}]},{"@type":"WebSite","@id":"https:\/\/www.chocolatestheocr.com\/#website","url":"https:\/\/www.chocolatestheocr.com\/","name":"Chocolates Theo","description":"","publisher":{"@id":"https:\/\/www.chocolatestheocr.com\/#organization"},"potentialAction":[{"@type":"SearchAction","target":{"@type":"EntryPoint","urlTemplate":"https:\/\/www.chocolatestheocr.com\/?s={search_term_string}"},"query-input":{"@type":"PropertyValueSpecification","valueRequired":true,"valueName":"search_term_string"}}],"inLanguage":"en-US"},{"@type":"Organization","@id":"https:\/\/www.chocolatestheocr.com\/#organization","name":"Chocolates Theo","url":"https:\/\/www.chocolatestheocr.com\/","logo":{"@type":"ImageObject","inLanguage":"en-US","@id":"https:\/\/www.chocolatestheocr.com\/#\/schema\/logo\/image\/","url":"https:\/\/www.chocolatestheocr.com\/wp-content\/uploads\/2021\/10\/Logo-Chocolates-Theo.jpg","contentUrl":"https:\/\/www.chocolatestheocr.com\/wp-content\/uploads\/2021\/10\/Logo-Chocolates-Theo.jpg","width":600,"height":600,"caption":"Chocolates Theo"},"image":{"@id":"https:\/\/www.chocolatestheocr.com\/#\/schema\/logo\/image\/"},"sameAs":["https:\/\/www.facebook.com\/chocolatestheocr","https:\/\/www.instagram.com\/chocolates_theo\/","https:\/\/www.youtube.com\/channel\/UCcgAI69rswAd2FY1Ubvmcxw"]}]}},"_links":{"self":[{"href":"https:\/\/www.chocolatestheocr.com\/en\/wp-json\/wp\/v2\/product\/15876","targetHints":{"allow":["GET"]}}],"collection":[{"href":"https:\/\/www.chocolatestheocr.com\/en\/wp-json\/wp\/v2\/product"}],"about":[{"href":"https:\/\/www.chocolatestheocr.com\/en\/wp-json\/wp\/v2\/types\/product"}],"version-history":[{"count":0,"href":"https:\/\/www.chocolatestheocr.com\/en\/wp-json\/wp\/v2\/product\/15876\/revisions"}],"wp:featuredmedia":[{"embeddable":true,"href":"https:\/\/www.chocolatestheocr.com\/en\/wp-json\/wp\/v2\/media\/15878"}],"wp:attachment":[{"href":"https:\/\/www.chocolatestheocr.com\/en\/wp-json\/wp\/v2\/media?parent=15876"}],"wp:term":[{"taxonomy":"product_brand","embeddable":true,"href":"https:\/\/www.chocolatestheocr.com\/en\/wp-json\/wp\/v2\/product_brand?post=15876"},{"taxonomy":"product_cat","embeddable":true,"href":"https:\/\/www.chocolatestheocr.com\/en\/wp-json\/wp\/v2\/product_cat?post=15876"},{"taxonomy":"product_tag","embeddable":true,"href":"https:\/\/www.chocolatestheocr.com\/en\/wp-json\/wp\/v2\/product_tag?post=15876"}],"curies":[{"name":"wp","href":"https:\/\/api.w.org\/{rel}","templated":true}]}}