{"id":15689,"date":"2024-09-28T09:37:32","date_gmt":"2024-09-28T15:37:32","guid":{"rendered":"https:\/\/www.chocolatestheocr.com\/?post_type=product&#038;p=15689"},"modified":"2025-09-29T16:26:45","modified_gmt":"2025-09-29T22:26:45","slug":"ramo-el-graduado","status":"publish","type":"product","link":"https:\/\/www.chocolatestheocr.com\/en\/shop\/fechas-especiales\/graduacion\/ramo-el-graduado\/","title":{"rendered":"Ramo &#8220;El Graduado&#8221;"},"content":{"rendered":"<p>Ramo &#8220;El Graduado&#8221;<\/p>\n<p>Ramo de fresas cubiertas de chocolate doradas, caf\u00e9s y blancas, algunas de ellas con apliques de chocolate tem\u00e1ticos de graduaci\u00f3n y una paleta de chocolate.<\/p>","protected":false},"excerpt":{"rendered":"<p>Ramo &#8220;El Graduado&#8221;<\/p>\n<p>Ramo de fresas cubiertas de chocolate doradas, caf\u00e9s y blancas, algunas de ellas con apliques de chocolate tem\u00e1ticos de graduaci\u00f3n y una paleta de chocolate.<\/p>","protected":false},"featured_media":15693,"template":"","meta":[],"product_brand":[361],"product_cat":[74,403,103,41],"product_tag":[724,156,98,472,744],"class_list":{"0":"post-15689","1":"product","2":"type-product","3":"status-publish","4":"has-post-thumbnail","6":"product_brand-chocolates-theo","7":"product_cat-fechas-especiales","8":"product_cat-graduacion","9":"product_cat-ramos","10":"product_cat-all","11":"product_tag-apliques-de-chocolate","12":"product_tag-fresas-con-chocolate","13":"product_tag-graduacion","14":"product_tag-paleta-de-chocolate","15":"product_tag-ramos","17":"first","18":"instock","19":"shipping-taxable","20":"purchasable","21":"product-type-simple"},"yoast_head":"<!-- This site is optimized with the Yoast SEO plugin v27.3 - https:\/\/yoast.com\/product\/yoast-seo-wordpress\/ -->\n<title>Ramo &quot;El Graduado&quot; \/ detalles de graduaci\u00f3n\/ ramo de fresas.<\/title>\n<meta name=\"description\" content=\"Ramo &quot;El Graduado&quot;  Ramo de fresas cubiertas de chocolate doradas, caf\u00e9s y blancas, algunas de ellas con apliques de chocolate tem\u00e1ticos de graduaci\u00f3n y una paleta de chocolate.\" \/>\n<meta name=\"robots\" content=\"index, follow, max-snippet:-1, max-image-preview:large, max-video-preview:-1\" \/>\n<link rel=\"canonical\" href=\"https:\/\/www.chocolatestheocr.com\/en\/shop\/fechas-especiales\/graduacion\/ramo-el-graduado\/\" \/>\n<meta property=\"og:locale\" content=\"en_US\" \/>\n<meta property=\"og:type\" content=\"article\" \/>\n<meta property=\"og:title\" content=\"Ramo &quot;El Graduado&quot; \/ detalles de graduaci\u00f3n\/ ramo de fresas.\" \/>\n<meta property=\"og:description\" content=\"Ramo &quot;El Graduado&quot;  Ramo de fresas cubiertas de chocolate doradas, caf\u00e9s y blancas, algunas de ellas con apliques de chocolate tem\u00e1ticos de graduaci\u00f3n y una paleta de chocolate.\" \/>\n<meta property=\"og:url\" content=\"https:\/\/www.chocolatestheocr.com\/en\/shop\/fechas-especiales\/graduacion\/ramo-el-graduado\/\" \/>\n<meta property=\"og:site_name\" content=\"Chocolates Theo\" \/>\n<meta property=\"article:publisher\" content=\"https:\/\/www.facebook.com\/chocolatestheocr\" \/>\n<meta property=\"article:modified_time\" content=\"2025-09-29T22:26:45+00:00\" \/>\n<meta property=\"og:image\" content=\"https:\/\/www.chocolatestheocr.com\/wp-content\/uploads\/2024\/09\/WhatsApp-Image-2024-09-28-at-8.55.51-AM-2.jpeg\" \/>\n\t<meta property=\"og:image:width\" content=\"960\" \/>\n\t<meta property=\"og:image:height\" content=\"1280\" \/>\n\t<meta property=\"og:image:type\" content=\"image\/jpeg\" \/>\n<meta name=\"twitter:card\" content=\"summary_large_image\" \/>\n<script type=\"application\/ld+json\" class=\"yoast-schema-graph\">{\"@context\":\"https:\\\/\\\/schema.org\",\"@graph\":[{\"@type\":\"WebPage\",\"@id\":\"https:\\\/\\\/www.chocolatestheocr.com\\\/shop\\\/fechas-especiales\\\/graduacion\\\/ramo-el-graduado\\\/\",\"url\":\"https:\\\/\\\/www.chocolatestheocr.com\\\/shop\\\/fechas-especiales\\\/graduacion\\\/ramo-el-graduado\\\/\",\"name\":\"Ramo \\\"El Graduado\\\" \\\/ detalles de graduaci\u00f3n\\\/ ramo de fresas.\",\"isPartOf\":{\"@id\":\"https:\\\/\\\/www.chocolatestheocr.com\\\/#website\"},\"primaryImageOfPage\":{\"@id\":\"https:\\\/\\\/www.chocolatestheocr.com\\\/shop\\\/fechas-especiales\\\/graduacion\\\/ramo-el-graduado\\\/#primaryimage\"},\"image\":{\"@id\":\"https:\\\/\\\/www.chocolatestheocr.com\\\/shop\\\/fechas-especiales\\\/graduacion\\\/ramo-el-graduado\\\/#primaryimage\"},\"thumbnailUrl\":\"https:\\\/\\\/www.chocolatestheocr.com\\\/wp-content\\\/uploads\\\/2024\\\/09\\\/WhatsApp-Image-2024-09-28-at-8.55.51-AM-2.jpeg\",\"datePublished\":\"2024-09-28T15:37:32+00:00\",\"dateModified\":\"2025-09-29T22:26:45+00:00\",\"description\":\"Ramo \\\"El Graduado\\\" Ramo de fresas cubiertas de chocolate doradas, caf\u00e9s y blancas, algunas de ellas con apliques de chocolate tem\u00e1ticos de graduaci\u00f3n y una paleta de chocolate.\",\"breadcrumb\":{\"@id\":\"https:\\\/\\\/www.chocolatestheocr.com\\\/shop\\\/fechas-especiales\\\/graduacion\\\/ramo-el-graduado\\\/#breadcrumb\"},\"inLanguage\":\"en-US\",\"potentialAction\":[{\"@type\":\"ReadAction\",\"target\":[\"https:\\\/\\\/www.chocolatestheocr.com\\\/shop\\\/fechas-especiales\\\/graduacion\\\/ramo-el-graduado\\\/\"]}]},{\"@type\":\"ImageObject\",\"inLanguage\":\"en-US\",\"@id\":\"https:\\\/\\\/www.chocolatestheocr.com\\\/shop\\\/fechas-especiales\\\/graduacion\\\/ramo-el-graduado\\\/#primaryimage\",\"url\":\"https:\\\/\\\/www.chocolatestheocr.com\\\/wp-content\\\/uploads\\\/2024\\\/09\\\/WhatsApp-Image-2024-09-28-at-8.55.51-AM-2.jpeg\",\"contentUrl\":\"https:\\\/\\\/www.chocolatestheocr.com\\\/wp-content\\\/uploads\\\/2024\\\/09\\\/WhatsApp-Image-2024-09-28-at-8.55.51-AM-2.jpeg\",\"width\":960,\"height\":1280,\"caption\":\"Ramo \\\"Graduado\\\"\"},{\"@type\":\"BreadcrumbList\",\"@id\":\"https:\\\/\\\/www.chocolatestheocr.com\\\/shop\\\/fechas-especiales\\\/graduacion\\\/ramo-el-graduado\\\/#breadcrumb\",\"itemListElement\":[{\"@type\":\"ListItem\",\"position\":1,\"name\":\"Portada\",\"item\":\"https:\\\/\\\/www.chocolatestheocr.com\\\/\"},{\"@type\":\"ListItem\",\"position\":2,\"name\":\"Tienda\",\"item\":\"https:\\\/\\\/www.chocolatestheocr.com\\\/shop\\\/\"},{\"@type\":\"ListItem\",\"position\":3,\"name\":\"Ramo &#8220;El Graduado&#8221;\"}]},{\"@type\":\"WebSite\",\"@id\":\"https:\\\/\\\/www.chocolatestheocr.com\\\/#website\",\"url\":\"https:\\\/\\\/www.chocolatestheocr.com\\\/\",\"name\":\"Chocolates Theo\",\"description\":\"\",\"publisher\":{\"@id\":\"https:\\\/\\\/www.chocolatestheocr.com\\\/#organization\"},\"potentialAction\":[{\"@type\":\"SearchAction\",\"target\":{\"@type\":\"EntryPoint\",\"urlTemplate\":\"https:\\\/\\\/www.chocolatestheocr.com\\\/?s={search_term_string}\"},\"query-input\":{\"@type\":\"PropertyValueSpecification\",\"valueRequired\":true,\"valueName\":\"search_term_string\"}}],\"inLanguage\":\"en-US\"},{\"@type\":\"Organization\",\"@id\":\"https:\\\/\\\/www.chocolatestheocr.com\\\/#organization\",\"name\":\"Chocolates Theo\",\"url\":\"https:\\\/\\\/www.chocolatestheocr.com\\\/\",\"logo\":{\"@type\":\"ImageObject\",\"inLanguage\":\"en-US\",\"@id\":\"https:\\\/\\\/www.chocolatestheocr.com\\\/#\\\/schema\\\/logo\\\/image\\\/\",\"url\":\"https:\\\/\\\/www.chocolatestheocr.com\\\/wp-content\\\/uploads\\\/2021\\\/10\\\/Logo-Chocolates-Theo.jpg\",\"contentUrl\":\"https:\\\/\\\/www.chocolatestheocr.com\\\/wp-content\\\/uploads\\\/2021\\\/10\\\/Logo-Chocolates-Theo.jpg\",\"width\":600,\"height\":600,\"caption\":\"Chocolates Theo\"},\"image\":{\"@id\":\"https:\\\/\\\/www.chocolatestheocr.com\\\/#\\\/schema\\\/logo\\\/image\\\/\"},\"sameAs\":[\"https:\\\/\\\/www.facebook.com\\\/chocolatestheocr\",\"https:\\\/\\\/www.instagram.com\\\/chocolates_theo\\\/\",\"https:\\\/\\\/www.youtube.com\\\/channel\\\/UCcgAI69rswAd2FY1Ubvmcxw\"]}]}<\/script>\n<!-- \/ Yoast SEO plugin. -->","yoast_head_json":{"title":"Ramo \"El Graduado\" \/ detalles de graduaci\u00f3n\/ ramo de fresas.","description":"Ramo \"El Graduado\"  Ramo de fresas cubiertas de chocolate doradas, caf\u00e9s y blancas, algunas de ellas con apliques de chocolate tem\u00e1ticos de graduaci\u00f3n y una paleta de chocolate.","robots":{"index":"index","follow":"follow","max-snippet":"max-snippet:-1","max-image-preview":"max-image-preview:large","max-video-preview":"max-video-preview:-1"},"canonical":"https:\/\/www.chocolatestheocr.com\/en\/shop\/fechas-especiales\/graduacion\/ramo-el-graduado\/","og_locale":"en_US","og_type":"article","og_title":"Ramo \"El Graduado\" \/ detalles de graduaci\u00f3n\/ ramo de fresas.","og_description":"Ramo \"El Graduado\"  Ramo de fresas cubiertas de chocolate doradas, caf\u00e9s y blancas, algunas de ellas con apliques de chocolate tem\u00e1ticos de graduaci\u00f3n y una paleta de chocolate.","og_url":"https:\/\/www.chocolatestheocr.com\/en\/shop\/fechas-especiales\/graduacion\/ramo-el-graduado\/","og_site_name":"Chocolates Theo","article_publisher":"https:\/\/www.facebook.com\/chocolatestheocr","article_modified_time":"2025-09-29T22:26:45+00:00","og_image":[{"width":960,"height":1280,"url":"https:\/\/www.chocolatestheocr.com\/wp-content\/uploads\/2024\/09\/WhatsApp-Image-2024-09-28-at-8.55.51-AM-2.jpeg","type":"image\/jpeg"}],"twitter_card":"summary_large_image","schema":{"@context":"https:\/\/schema.org","@graph":[{"@type":"WebPage","@id":"https:\/\/www.chocolatestheocr.com\/shop\/fechas-especiales\/graduacion\/ramo-el-graduado\/","url":"https:\/\/www.chocolatestheocr.com\/shop\/fechas-especiales\/graduacion\/ramo-el-graduado\/","name":"Ramo \"El Graduado\" \/ detalles de graduaci\u00f3n\/ ramo de fresas.","isPartOf":{"@id":"https:\/\/www.chocolatestheocr.com\/#website"},"primaryImageOfPage":{"@id":"https:\/\/www.chocolatestheocr.com\/shop\/fechas-especiales\/graduacion\/ramo-el-graduado\/#primaryimage"},"image":{"@id":"https:\/\/www.chocolatestheocr.com\/shop\/fechas-especiales\/graduacion\/ramo-el-graduado\/#primaryimage"},"thumbnailUrl":"https:\/\/www.chocolatestheocr.com\/wp-content\/uploads\/2024\/09\/WhatsApp-Image-2024-09-28-at-8.55.51-AM-2.jpeg","datePublished":"2024-09-28T15:37:32+00:00","dateModified":"2025-09-29T22:26:45+00:00","description":"Ramo \"El Graduado\" Ramo de fresas cubiertas de chocolate doradas, caf\u00e9s y blancas, algunas de ellas con apliques de chocolate tem\u00e1ticos de graduaci\u00f3n y una paleta de chocolate.","breadcrumb":{"@id":"https:\/\/www.chocolatestheocr.com\/shop\/fechas-especiales\/graduacion\/ramo-el-graduado\/#breadcrumb"},"inLanguage":"en-US","potentialAction":[{"@type":"ReadAction","target":["https:\/\/www.chocolatestheocr.com\/shop\/fechas-especiales\/graduacion\/ramo-el-graduado\/"]}]},{"@type":"ImageObject","inLanguage":"en-US","@id":"https:\/\/www.chocolatestheocr.com\/shop\/fechas-especiales\/graduacion\/ramo-el-graduado\/#primaryimage","url":"https:\/\/www.chocolatestheocr.com\/wp-content\/uploads\/2024\/09\/WhatsApp-Image-2024-09-28-at-8.55.51-AM-2.jpeg","contentUrl":"https:\/\/www.chocolatestheocr.com\/wp-content\/uploads\/2024\/09\/WhatsApp-Image-2024-09-28-at-8.55.51-AM-2.jpeg","width":960,"height":1280,"caption":"Ramo \"Graduado\""},{"@type":"BreadcrumbList","@id":"https:\/\/www.chocolatestheocr.com\/shop\/fechas-especiales\/graduacion\/ramo-el-graduado\/#breadcrumb","itemListElement":[{"@type":"ListItem","position":1,"name":"Portada","item":"https:\/\/www.chocolatestheocr.com\/"},{"@type":"ListItem","position":2,"name":"Tienda","item":"https:\/\/www.chocolatestheocr.com\/shop\/"},{"@type":"ListItem","position":3,"name":"Ramo &#8220;El Graduado&#8221;"}]},{"@type":"WebSite","@id":"https:\/\/www.chocolatestheocr.com\/#website","url":"https:\/\/www.chocolatestheocr.com\/","name":"Chocolates Theo","description":"","publisher":{"@id":"https:\/\/www.chocolatestheocr.com\/#organization"},"potentialAction":[{"@type":"SearchAction","target":{"@type":"EntryPoint","urlTemplate":"https:\/\/www.chocolatestheocr.com\/?s={search_term_string}"},"query-input":{"@type":"PropertyValueSpecification","valueRequired":true,"valueName":"search_term_string"}}],"inLanguage":"en-US"},{"@type":"Organization","@id":"https:\/\/www.chocolatestheocr.com\/#organization","name":"Chocolates Theo","url":"https:\/\/www.chocolatestheocr.com\/","logo":{"@type":"ImageObject","inLanguage":"en-US","@id":"https:\/\/www.chocolatestheocr.com\/#\/schema\/logo\/image\/","url":"https:\/\/www.chocolatestheocr.com\/wp-content\/uploads\/2021\/10\/Logo-Chocolates-Theo.jpg","contentUrl":"https:\/\/www.chocolatestheocr.com\/wp-content\/uploads\/2021\/10\/Logo-Chocolates-Theo.jpg","width":600,"height":600,"caption":"Chocolates Theo"},"image":{"@id":"https:\/\/www.chocolatestheocr.com\/#\/schema\/logo\/image\/"},"sameAs":["https:\/\/www.facebook.com\/chocolatestheocr","https:\/\/www.instagram.com\/chocolates_theo\/","https:\/\/www.youtube.com\/channel\/UCcgAI69rswAd2FY1Ubvmcxw"]}]}},"_links":{"self":[{"href":"https:\/\/www.chocolatestheocr.com\/en\/wp-json\/wp\/v2\/product\/15689","targetHints":{"allow":["GET"]}}],"collection":[{"href":"https:\/\/www.chocolatestheocr.com\/en\/wp-json\/wp\/v2\/product"}],"about":[{"href":"https:\/\/www.chocolatestheocr.com\/en\/wp-json\/wp\/v2\/types\/product"}],"version-history":[{"count":0,"href":"https:\/\/www.chocolatestheocr.com\/en\/wp-json\/wp\/v2\/product\/15689\/revisions"}],"wp:featuredmedia":[{"embeddable":true,"href":"https:\/\/www.chocolatestheocr.com\/en\/wp-json\/wp\/v2\/media\/15693"}],"wp:attachment":[{"href":"https:\/\/www.chocolatestheocr.com\/en\/wp-json\/wp\/v2\/media?parent=15689"}],"wp:term":[{"taxonomy":"product_brand","embeddable":true,"href":"https:\/\/www.chocolatestheocr.com\/en\/wp-json\/wp\/v2\/product_brand?post=15689"},{"taxonomy":"product_cat","embeddable":true,"href":"https:\/\/www.chocolatestheocr.com\/en\/wp-json\/wp\/v2\/product_cat?post=15689"},{"taxonomy":"product_tag","embeddable":true,"href":"https:\/\/www.chocolatestheocr.com\/en\/wp-json\/wp\/v2\/product_tag?post=15689"}],"curies":[{"name":"wp","href":"https:\/\/api.w.org\/{rel}","templated":true}]}}