{"id":15420,"date":"2024-08-08T12:14:03","date_gmt":"2024-08-08T18:14:03","guid":{"rendered":"https:\/\/www.chocolatestheocr.com\/?post_type=product&#038;p=15420"},"modified":"2025-09-26T10:07:03","modified_gmt":"2025-09-26T16:07:03","slug":"waffle-feliz-dia-mama","status":"publish","type":"product","link":"https:\/\/www.chocolatestheocr.com\/en\/shop\/fechas-especiales\/dia-de-la-madre\/waffle-feliz-dia-mama\/","title":{"rendered":"Waffle &#8220;Feliz d\u00eda Mam\u00e1&#8221;"},"content":{"rendered":"<p>Waffle &#8220;Feliz d\u00eda Mam\u00e1&#8221;<\/p>\n<p>Delicioso waffle con mucha Nutella, fresas cubiertas de chocolate, ar\u00e1ndanos, chocolates twix, apliques de chocolate que forma la palabra mam\u00e1 y galletas oreo. Viene en una hermosa caja con topper acr\u00edlico &#8220;Mam\u00e1 feliz d\u00eda&#8221; sobre la tapa.<\/p>","protected":false},"excerpt":{"rendered":"<p>Waffle &#8220;Feliz d\u00eda Mam\u00e1&#8221;<\/p>\n<p>Delicioso waffle con mucha Nutella, fresas cubiertas de chocolate, ar\u00e1ndanos, chocolates twix, apliques de chocolate que forma la palabra mam\u00e1 y galletas oreo. Viene en una hermosa caja con topper acr\u00edlico &#8220;Mam\u00e1 feliz d\u00eda&#8221; sobre la tapa.<\/p>","protected":false},"featured_media":15421,"template":"","meta":[],"product_brand":[361],"product_cat":[565,87,504,41],"product_tag":[738,144,737,156,430],"class_list":{"0":"post-15420","1":"product","2":"type-product","3":"status-publish","4":"has-post-thumbnail","6":"product_brand-chocolates-theo","7":"product_cat-desayunos","8":"product_cat-dia-de-la-madre","9":"product_cat-queques","10":"product_cat-all","11":"product_tag-arandanos","12":"product_tag-chocolate","13":"product_tag-dia-de-la-mare","14":"product_tag-fresas-con-chocolate","15":"product_tag-waffles","17":"first","18":"instock","19":"shipping-taxable","20":"purchasable","21":"product-type-simple"},"yoast_head":"<!-- This site is optimized with the Yoast SEO plugin v27.3 - https:\/\/yoast.com\/product\/yoast-seo-wordpress\/ -->\n<title>Waffle &quot;Feliz d\u00eda Mam\u00e1&quot; \/ Regalos para el d\u00eda de la madre\/ desayunos<\/title>\n<meta name=\"description\" content=\"Waffle &quot;Feliz d\u00eda Mam\u00e1&quot;  Delicioso waffle con mucha Nutella, fresas cubiertas de chocolate, ar\u00e1ndanos, chocolates twix, apliques de chocolate que forma la palabra mam\u00e1 y galletas oreo. Viene en una hermosa caja con topper acr\u00edlico &quot;Mam\u00e1 feliz d\u00eda&quot; sobre la tapa.\" \/>\n<meta name=\"robots\" content=\"index, follow, max-snippet:-1, max-image-preview:large, max-video-preview:-1\" \/>\n<link rel=\"canonical\" href=\"https:\/\/www.chocolatestheocr.com\/en\/shop\/fechas-especiales\/dia-de-la-madre\/waffle-feliz-dia-mama\/\" \/>\n<meta property=\"og:locale\" content=\"en_US\" \/>\n<meta property=\"og:type\" content=\"article\" \/>\n<meta property=\"og:title\" content=\"Waffle &quot;Feliz d\u00eda Mam\u00e1&quot; \/ Regalos para el d\u00eda de la madre\/ desayunos\" \/>\n<meta property=\"og:description\" content=\"Waffle &quot;Feliz d\u00eda Mam\u00e1&quot;  Delicioso waffle con mucha Nutella, fresas cubiertas de chocolate, ar\u00e1ndanos, chocolates twix, apliques de chocolate que forma la palabra mam\u00e1 y galletas oreo. Viene en una hermosa caja con topper acr\u00edlico &quot;Mam\u00e1 feliz d\u00eda&quot; sobre la tapa.\" \/>\n<meta property=\"og:url\" content=\"https:\/\/www.chocolatestheocr.com\/en\/shop\/fechas-especiales\/dia-de-la-madre\/waffle-feliz-dia-mama\/\" \/>\n<meta property=\"og:site_name\" content=\"Chocolates Theo\" \/>\n<meta property=\"article:publisher\" content=\"https:\/\/www.facebook.com\/chocolatestheocr\" \/>\n<meta property=\"article:modified_time\" content=\"2025-09-26T16:07:03+00:00\" \/>\n<meta property=\"og:image\" content=\"https:\/\/www.chocolatestheocr.com\/wp-content\/uploads\/2024\/08\/WhatsApp-Image-2024-08-06-at-4.45.25-PM-4.jpeg\" \/>\n\t<meta property=\"og:image:width\" content=\"1085\" \/>\n\t<meta property=\"og:image:height\" content=\"1280\" \/>\n\t<meta property=\"og:image:type\" content=\"image\/jpeg\" \/>\n<meta name=\"twitter:card\" content=\"summary_large_image\" \/>\n<script type=\"application\/ld+json\" class=\"yoast-schema-graph\">{\"@context\":\"https:\\\/\\\/schema.org\",\"@graph\":[{\"@type\":\"WebPage\",\"@id\":\"https:\\\/\\\/www.chocolatestheocr.com\\\/shop\\\/fechas-especiales\\\/dia-de-la-madre\\\/waffle-feliz-dia-mama\\\/\",\"url\":\"https:\\\/\\\/www.chocolatestheocr.com\\\/shop\\\/fechas-especiales\\\/dia-de-la-madre\\\/waffle-feliz-dia-mama\\\/\",\"name\":\"Waffle \\\"Feliz d\u00eda Mam\u00e1\\\" \\\/ Regalos para el d\u00eda de la madre\\\/ desayunos\",\"isPartOf\":{\"@id\":\"https:\\\/\\\/www.chocolatestheocr.com\\\/#website\"},\"primaryImageOfPage\":{\"@id\":\"https:\\\/\\\/www.chocolatestheocr.com\\\/shop\\\/fechas-especiales\\\/dia-de-la-madre\\\/waffle-feliz-dia-mama\\\/#primaryimage\"},\"image\":{\"@id\":\"https:\\\/\\\/www.chocolatestheocr.com\\\/shop\\\/fechas-especiales\\\/dia-de-la-madre\\\/waffle-feliz-dia-mama\\\/#primaryimage\"},\"thumbnailUrl\":\"https:\\\/\\\/www.chocolatestheocr.com\\\/wp-content\\\/uploads\\\/2024\\\/08\\\/WhatsApp-Image-2024-08-06-at-4.45.25-PM-4.jpeg\",\"datePublished\":\"2024-08-08T18:14:03+00:00\",\"dateModified\":\"2025-09-26T16:07:03+00:00\",\"description\":\"Waffle \\\"Feliz d\u00eda Mam\u00e1\\\" Delicioso waffle con mucha Nutella, fresas cubiertas de chocolate, ar\u00e1ndanos, chocolates twix, apliques de chocolate que forma la palabra mam\u00e1 y galletas oreo. Viene en una hermosa caja con topper acr\u00edlico \\\"Mam\u00e1 feliz d\u00eda\\\" sobre la tapa.\",\"breadcrumb\":{\"@id\":\"https:\\\/\\\/www.chocolatestheocr.com\\\/shop\\\/fechas-especiales\\\/dia-de-la-madre\\\/waffle-feliz-dia-mama\\\/#breadcrumb\"},\"inLanguage\":\"en-US\",\"potentialAction\":[{\"@type\":\"ReadAction\",\"target\":[\"https:\\\/\\\/www.chocolatestheocr.com\\\/shop\\\/fechas-especiales\\\/dia-de-la-madre\\\/waffle-feliz-dia-mama\\\/\"]}]},{\"@type\":\"ImageObject\",\"inLanguage\":\"en-US\",\"@id\":\"https:\\\/\\\/www.chocolatestheocr.com\\\/shop\\\/fechas-especiales\\\/dia-de-la-madre\\\/waffle-feliz-dia-mama\\\/#primaryimage\",\"url\":\"https:\\\/\\\/www.chocolatestheocr.com\\\/wp-content\\\/uploads\\\/2024\\\/08\\\/WhatsApp-Image-2024-08-06-at-4.45.25-PM-4.jpeg\",\"contentUrl\":\"https:\\\/\\\/www.chocolatestheocr.com\\\/wp-content\\\/uploads\\\/2024\\\/08\\\/WhatsApp-Image-2024-08-06-at-4.45.25-PM-4.jpeg\",\"width\":1085,\"height\":1280,\"caption\":\"Waffle \\\"Feliz d\u00eda Mam\u00e1\\\"\"},{\"@type\":\"BreadcrumbList\",\"@id\":\"https:\\\/\\\/www.chocolatestheocr.com\\\/shop\\\/fechas-especiales\\\/dia-de-la-madre\\\/waffle-feliz-dia-mama\\\/#breadcrumb\",\"itemListElement\":[{\"@type\":\"ListItem\",\"position\":1,\"name\":\"Portada\",\"item\":\"https:\\\/\\\/www.chocolatestheocr.com\\\/\"},{\"@type\":\"ListItem\",\"position\":2,\"name\":\"Tienda\",\"item\":\"https:\\\/\\\/www.chocolatestheocr.com\\\/shop\\\/\"},{\"@type\":\"ListItem\",\"position\":3,\"name\":\"Waffle &#8220;Feliz d\u00eda Mam\u00e1&#8221;\"}]},{\"@type\":\"WebSite\",\"@id\":\"https:\\\/\\\/www.chocolatestheocr.com\\\/#website\",\"url\":\"https:\\\/\\\/www.chocolatestheocr.com\\\/\",\"name\":\"Chocolates Theo\",\"description\":\"\",\"publisher\":{\"@id\":\"https:\\\/\\\/www.chocolatestheocr.com\\\/#organization\"},\"potentialAction\":[{\"@type\":\"SearchAction\",\"target\":{\"@type\":\"EntryPoint\",\"urlTemplate\":\"https:\\\/\\\/www.chocolatestheocr.com\\\/?s={search_term_string}\"},\"query-input\":{\"@type\":\"PropertyValueSpecification\",\"valueRequired\":true,\"valueName\":\"search_term_string\"}}],\"inLanguage\":\"en-US\"},{\"@type\":\"Organization\",\"@id\":\"https:\\\/\\\/www.chocolatestheocr.com\\\/#organization\",\"name\":\"Chocolates Theo\",\"url\":\"https:\\\/\\\/www.chocolatestheocr.com\\\/\",\"logo\":{\"@type\":\"ImageObject\",\"inLanguage\":\"en-US\",\"@id\":\"https:\\\/\\\/www.chocolatestheocr.com\\\/#\\\/schema\\\/logo\\\/image\\\/\",\"url\":\"https:\\\/\\\/www.chocolatestheocr.com\\\/wp-content\\\/uploads\\\/2021\\\/10\\\/Logo-Chocolates-Theo.jpg\",\"contentUrl\":\"https:\\\/\\\/www.chocolatestheocr.com\\\/wp-content\\\/uploads\\\/2021\\\/10\\\/Logo-Chocolates-Theo.jpg\",\"width\":600,\"height\":600,\"caption\":\"Chocolates Theo\"},\"image\":{\"@id\":\"https:\\\/\\\/www.chocolatestheocr.com\\\/#\\\/schema\\\/logo\\\/image\\\/\"},\"sameAs\":[\"https:\\\/\\\/www.facebook.com\\\/chocolatestheocr\",\"https:\\\/\\\/www.instagram.com\\\/chocolates_theo\\\/\",\"https:\\\/\\\/www.youtube.com\\\/channel\\\/UCcgAI69rswAd2FY1Ubvmcxw\"]}]}<\/script>\n<!-- \/ Yoast SEO plugin. -->","yoast_head_json":{"title":"Waffle \"Feliz d\u00eda Mam\u00e1\" \/ Regalos para el d\u00eda de la madre\/ desayunos","description":"Waffle \"Feliz d\u00eda Mam\u00e1\"  Delicioso waffle con mucha Nutella, fresas cubiertas de chocolate, ar\u00e1ndanos, chocolates twix, apliques de chocolate que forma la palabra mam\u00e1 y galletas oreo. Viene en una hermosa caja con topper acr\u00edlico \"Mam\u00e1 feliz d\u00eda\" sobre la tapa.","robots":{"index":"index","follow":"follow","max-snippet":"max-snippet:-1","max-image-preview":"max-image-preview:large","max-video-preview":"max-video-preview:-1"},"canonical":"https:\/\/www.chocolatestheocr.com\/en\/shop\/fechas-especiales\/dia-de-la-madre\/waffle-feliz-dia-mama\/","og_locale":"en_US","og_type":"article","og_title":"Waffle \"Feliz d\u00eda Mam\u00e1\" \/ Regalos para el d\u00eda de la madre\/ desayunos","og_description":"Waffle \"Feliz d\u00eda Mam\u00e1\"  Delicioso waffle con mucha Nutella, fresas cubiertas de chocolate, ar\u00e1ndanos, chocolates twix, apliques de chocolate que forma la palabra mam\u00e1 y galletas oreo. Viene en una hermosa caja con topper acr\u00edlico \"Mam\u00e1 feliz d\u00eda\" sobre la tapa.","og_url":"https:\/\/www.chocolatestheocr.com\/en\/shop\/fechas-especiales\/dia-de-la-madre\/waffle-feliz-dia-mama\/","og_site_name":"Chocolates Theo","article_publisher":"https:\/\/www.facebook.com\/chocolatestheocr","article_modified_time":"2025-09-26T16:07:03+00:00","og_image":[{"width":1085,"height":1280,"url":"https:\/\/www.chocolatestheocr.com\/wp-content\/uploads\/2024\/08\/WhatsApp-Image-2024-08-06-at-4.45.25-PM-4.jpeg","type":"image\/jpeg"}],"twitter_card":"summary_large_image","schema":{"@context":"https:\/\/schema.org","@graph":[{"@type":"WebPage","@id":"https:\/\/www.chocolatestheocr.com\/shop\/fechas-especiales\/dia-de-la-madre\/waffle-feliz-dia-mama\/","url":"https:\/\/www.chocolatestheocr.com\/shop\/fechas-especiales\/dia-de-la-madre\/waffle-feliz-dia-mama\/","name":"Waffle \"Feliz d\u00eda Mam\u00e1\" \/ Regalos para el d\u00eda de la madre\/ desayunos","isPartOf":{"@id":"https:\/\/www.chocolatestheocr.com\/#website"},"primaryImageOfPage":{"@id":"https:\/\/www.chocolatestheocr.com\/shop\/fechas-especiales\/dia-de-la-madre\/waffle-feliz-dia-mama\/#primaryimage"},"image":{"@id":"https:\/\/www.chocolatestheocr.com\/shop\/fechas-especiales\/dia-de-la-madre\/waffle-feliz-dia-mama\/#primaryimage"},"thumbnailUrl":"https:\/\/www.chocolatestheocr.com\/wp-content\/uploads\/2024\/08\/WhatsApp-Image-2024-08-06-at-4.45.25-PM-4.jpeg","datePublished":"2024-08-08T18:14:03+00:00","dateModified":"2025-09-26T16:07:03+00:00","description":"Waffle \"Feliz d\u00eda Mam\u00e1\" Delicioso waffle con mucha Nutella, fresas cubiertas de chocolate, ar\u00e1ndanos, chocolates twix, apliques de chocolate que forma la palabra mam\u00e1 y galletas oreo. Viene en una hermosa caja con topper acr\u00edlico \"Mam\u00e1 feliz d\u00eda\" sobre la tapa.","breadcrumb":{"@id":"https:\/\/www.chocolatestheocr.com\/shop\/fechas-especiales\/dia-de-la-madre\/waffle-feliz-dia-mama\/#breadcrumb"},"inLanguage":"en-US","potentialAction":[{"@type":"ReadAction","target":["https:\/\/www.chocolatestheocr.com\/shop\/fechas-especiales\/dia-de-la-madre\/waffle-feliz-dia-mama\/"]}]},{"@type":"ImageObject","inLanguage":"en-US","@id":"https:\/\/www.chocolatestheocr.com\/shop\/fechas-especiales\/dia-de-la-madre\/waffle-feliz-dia-mama\/#primaryimage","url":"https:\/\/www.chocolatestheocr.com\/wp-content\/uploads\/2024\/08\/WhatsApp-Image-2024-08-06-at-4.45.25-PM-4.jpeg","contentUrl":"https:\/\/www.chocolatestheocr.com\/wp-content\/uploads\/2024\/08\/WhatsApp-Image-2024-08-06-at-4.45.25-PM-4.jpeg","width":1085,"height":1280,"caption":"Waffle \"Feliz d\u00eda Mam\u00e1\""},{"@type":"BreadcrumbList","@id":"https:\/\/www.chocolatestheocr.com\/shop\/fechas-especiales\/dia-de-la-madre\/waffle-feliz-dia-mama\/#breadcrumb","itemListElement":[{"@type":"ListItem","position":1,"name":"Portada","item":"https:\/\/www.chocolatestheocr.com\/"},{"@type":"ListItem","position":2,"name":"Tienda","item":"https:\/\/www.chocolatestheocr.com\/shop\/"},{"@type":"ListItem","position":3,"name":"Waffle &#8220;Feliz d\u00eda Mam\u00e1&#8221;"}]},{"@type":"WebSite","@id":"https:\/\/www.chocolatestheocr.com\/#website","url":"https:\/\/www.chocolatestheocr.com\/","name":"Chocolates Theo","description":"","publisher":{"@id":"https:\/\/www.chocolatestheocr.com\/#organization"},"potentialAction":[{"@type":"SearchAction","target":{"@type":"EntryPoint","urlTemplate":"https:\/\/www.chocolatestheocr.com\/?s={search_term_string}"},"query-input":{"@type":"PropertyValueSpecification","valueRequired":true,"valueName":"search_term_string"}}],"inLanguage":"en-US"},{"@type":"Organization","@id":"https:\/\/www.chocolatestheocr.com\/#organization","name":"Chocolates Theo","url":"https:\/\/www.chocolatestheocr.com\/","logo":{"@type":"ImageObject","inLanguage":"en-US","@id":"https:\/\/www.chocolatestheocr.com\/#\/schema\/logo\/image\/","url":"https:\/\/www.chocolatestheocr.com\/wp-content\/uploads\/2021\/10\/Logo-Chocolates-Theo.jpg","contentUrl":"https:\/\/www.chocolatestheocr.com\/wp-content\/uploads\/2021\/10\/Logo-Chocolates-Theo.jpg","width":600,"height":600,"caption":"Chocolates Theo"},"image":{"@id":"https:\/\/www.chocolatestheocr.com\/#\/schema\/logo\/image\/"},"sameAs":["https:\/\/www.facebook.com\/chocolatestheocr","https:\/\/www.instagram.com\/chocolates_theo\/","https:\/\/www.youtube.com\/channel\/UCcgAI69rswAd2FY1Ubvmcxw"]}]}},"_links":{"self":[{"href":"https:\/\/www.chocolatestheocr.com\/en\/wp-json\/wp\/v2\/product\/15420","targetHints":{"allow":["GET"]}}],"collection":[{"href":"https:\/\/www.chocolatestheocr.com\/en\/wp-json\/wp\/v2\/product"}],"about":[{"href":"https:\/\/www.chocolatestheocr.com\/en\/wp-json\/wp\/v2\/types\/product"}],"version-history":[{"count":0,"href":"https:\/\/www.chocolatestheocr.com\/en\/wp-json\/wp\/v2\/product\/15420\/revisions"}],"wp:featuredmedia":[{"embeddable":true,"href":"https:\/\/www.chocolatestheocr.com\/en\/wp-json\/wp\/v2\/media\/15421"}],"wp:attachment":[{"href":"https:\/\/www.chocolatestheocr.com\/en\/wp-json\/wp\/v2\/media?parent=15420"}],"wp:term":[{"taxonomy":"product_brand","embeddable":true,"href":"https:\/\/www.chocolatestheocr.com\/en\/wp-json\/wp\/v2\/product_brand?post=15420"},{"taxonomy":"product_cat","embeddable":true,"href":"https:\/\/www.chocolatestheocr.com\/en\/wp-json\/wp\/v2\/product_cat?post=15420"},{"taxonomy":"product_tag","embeddable":true,"href":"https:\/\/www.chocolatestheocr.com\/en\/wp-json\/wp\/v2\/product_tag?post=15420"}],"curies":[{"name":"wp","href":"https:\/\/api.w.org\/{rel}","templated":true}]}}