{"id":15300,"date":"2024-07-26T12:21:56","date_gmt":"2024-07-26T18:21:56","guid":{"rendered":"https:\/\/www.chocolatestheocr.com\/?post_type=product&#038;p=15300"},"modified":"2026-01-12T13:43:09","modified_gmt":"2026-01-12T19:43:09","slug":"caja-jardin-secreto","status":"publish","type":"product","link":"https:\/\/www.chocolatestheocr.com\/en\/shop\/fechas-especiales\/dia-de-la-madre\/caja-jardin-secreto\/","title":{"rendered":"Caja &#8220;Jard\u00edn Secreto&#8221;"},"content":{"rendered":"<p>Caja &#8220;Jard\u00edn Secreto&#8221;<\/p>\n<p>Hermosa caja con divisi\u00f3n de dos espacios.<br \/>\nEn el primer espacio tenemos un arreglo de rosas con flores primaverales y un Topper en acr\u00edlico de \u201cte amo mam\u00e1 \u201c . En el segundo espacio tenemos 8 fresas cubiertas con chocolate y 3 mariposas de chocolate con tonos dorados y una botella 175 ml de vino Riunite.<br \/>\nLa caja es en cart\u00f3n blanco y tiene una tapa transparente que se puede personalizar con alg\u00fan nombre.<\/p>","protected":false},"excerpt":{"rendered":"<p>Caja &#8220;Jard\u00edn Secreto&#8221;<\/p>\n<p>Hermosa caja con divisi\u00f3n de dos espacios.<br \/>\nEn el primer espacio tenemos un arreglo de rosas con flores primaverales y un Topper en acr\u00edlico de \u201cte amo mam\u00e1 \u201c . En el segundo espacio tenemos 8 fresas cubiertas con chocolate y 3 mariposas de chocolate con tonos dorados y una botella 175 ml de vino Riunite.<br \/>\nLa caja es en cart\u00f3n blanco y tiene una tapa transparente que se puede personalizar con alg\u00fan nombre.<\/p>","protected":false},"featured_media":15306,"template":"","meta":[],"product_brand":[361],"product_cat":[87,41],"product_tag":[482,284,156,732],"class_list":{"0":"post-15300","1":"product","2":"type-product","3":"status-publish","4":"has-post-thumbnail","6":"product_brand-chocolates-theo","7":"product_cat-dia-de-la-madre","8":"product_cat-all","9":"product_tag-arreglo-floral","10":"product_tag-dia-de-la-madre","11":"product_tag-fresas-con-chocolate","12":"product_tag-vinp","14":"first","15":"instock","16":"shipping-taxable","17":"purchasable","18":"product-type-simple"},"yoast_head":"<!-- This site is optimized with the Yoast SEO plugin v27.3 - https:\/\/yoast.com\/product\/yoast-seo-wordpress\/ -->\n<title>Caja &quot;Jard\u00edn Secreto&quot; \/ regalos para el d\u00eda de la madre\/ Costa Rica<\/title>\n<meta name=\"description\" content=\"Caja &quot;Jard\u00edn Secreto&quot;  Hermosa caja con divisi\u00f3n de dos espacios. En el primer espacio tenemos un arreglo de rosas con flores primaverales y un Topper en acr\u00edlico de \u201cte amo mam\u00e1 \u201c . En el segundo espacio tenemos 8 fresas cubiertas con chocolate y 3 mariposas de chocolate con tonos dorados y una botella 175 ml de vino Riunite. La caja es en cart\u00f3n blanco y tiene una tapa transparente que se puede personalizar con alg\u00fan nombre.\" \/>\n<meta name=\"robots\" content=\"index, follow, max-snippet:-1, max-image-preview:large, max-video-preview:-1\" \/>\n<link rel=\"canonical\" href=\"https:\/\/www.chocolatestheocr.com\/en\/shop\/fechas-especiales\/dia-de-la-madre\/caja-jardin-secreto\/\" \/>\n<meta property=\"og:locale\" content=\"en_US\" \/>\n<meta property=\"og:type\" content=\"article\" \/>\n<meta property=\"og:title\" content=\"Caja &quot;Jard\u00edn Secreto&quot; \/ regalos para el d\u00eda de la madre\/ Costa Rica\" \/>\n<meta property=\"og:description\" content=\"Caja &quot;Jard\u00edn Secreto&quot;  Hermosa caja con divisi\u00f3n de dos espacios. En el primer espacio tenemos un arreglo de rosas con flores primaverales y un Topper en acr\u00edlico de \u201cte amo mam\u00e1 \u201c . En el segundo espacio tenemos 8 fresas cubiertas con chocolate y 3 mariposas de chocolate con tonos dorados y una botella 175 ml de vino Riunite. La caja es en cart\u00f3n blanco y tiene una tapa transparente que se puede personalizar con alg\u00fan nombre.\" \/>\n<meta property=\"og:url\" content=\"https:\/\/www.chocolatestheocr.com\/en\/shop\/fechas-especiales\/dia-de-la-madre\/caja-jardin-secreto\/\" \/>\n<meta property=\"og:site_name\" content=\"Chocolates Theo\" \/>\n<meta property=\"article:publisher\" content=\"https:\/\/www.facebook.com\/chocolatestheocr\" \/>\n<meta property=\"article:modified_time\" content=\"2026-01-12T19:43:09+00:00\" \/>\n<meta property=\"og:image\" content=\"https:\/\/www.chocolatestheocr.com\/wp-content\/uploads\/2024\/07\/WhatsApp-Image-2024-07-26-at-11.27.43-AM-1.jpeg\" \/>\n\t<meta property=\"og:image:width\" content=\"960\" \/>\n\t<meta property=\"og:image:height\" content=\"1280\" \/>\n\t<meta property=\"og:image:type\" content=\"image\/jpeg\" \/>\n<meta name=\"twitter:card\" content=\"summary_large_image\" \/>\n<script type=\"application\/ld+json\" class=\"yoast-schema-graph\">{\"@context\":\"https:\\\/\\\/schema.org\",\"@graph\":[{\"@type\":\"WebPage\",\"@id\":\"https:\\\/\\\/www.chocolatestheocr.com\\\/shop\\\/fechas-especiales\\\/dia-de-la-madre\\\/caja-jardin-secreto\\\/\",\"url\":\"https:\\\/\\\/www.chocolatestheocr.com\\\/shop\\\/fechas-especiales\\\/dia-de-la-madre\\\/caja-jardin-secreto\\\/\",\"name\":\"Caja \\\"Jard\u00edn Secreto\\\" \\\/ regalos para el d\u00eda de la madre\\\/ Costa Rica\",\"isPartOf\":{\"@id\":\"https:\\\/\\\/www.chocolatestheocr.com\\\/#website\"},\"primaryImageOfPage\":{\"@id\":\"https:\\\/\\\/www.chocolatestheocr.com\\\/shop\\\/fechas-especiales\\\/dia-de-la-madre\\\/caja-jardin-secreto\\\/#primaryimage\"},\"image\":{\"@id\":\"https:\\\/\\\/www.chocolatestheocr.com\\\/shop\\\/fechas-especiales\\\/dia-de-la-madre\\\/caja-jardin-secreto\\\/#primaryimage\"},\"thumbnailUrl\":\"https:\\\/\\\/www.chocolatestheocr.com\\\/wp-content\\\/uploads\\\/2024\\\/07\\\/WhatsApp-Image-2024-07-26-at-11.27.43-AM-1.jpeg\",\"datePublished\":\"2024-07-26T18:21:56+00:00\",\"dateModified\":\"2026-01-12T19:43:09+00:00\",\"description\":\"Caja \\\"Jard\u00edn Secreto\\\" Hermosa caja con divisi\u00f3n de dos espacios. En el primer espacio tenemos un arreglo de rosas con flores primaverales y un Topper en acr\u00edlico de \u201cte amo mam\u00e1 \u201c . En el segundo espacio tenemos 8 fresas cubiertas con chocolate y 3 mariposas de chocolate con tonos dorados y una botella 175 ml de vino Riunite. La caja es en cart\u00f3n blanco y tiene una tapa transparente que se puede personalizar con alg\u00fan nombre.\",\"breadcrumb\":{\"@id\":\"https:\\\/\\\/www.chocolatestheocr.com\\\/shop\\\/fechas-especiales\\\/dia-de-la-madre\\\/caja-jardin-secreto\\\/#breadcrumb\"},\"inLanguage\":\"en-US\",\"potentialAction\":[{\"@type\":\"ReadAction\",\"target\":[\"https:\\\/\\\/www.chocolatestheocr.com\\\/shop\\\/fechas-especiales\\\/dia-de-la-madre\\\/caja-jardin-secreto\\\/\"]}]},{\"@type\":\"ImageObject\",\"inLanguage\":\"en-US\",\"@id\":\"https:\\\/\\\/www.chocolatestheocr.com\\\/shop\\\/fechas-especiales\\\/dia-de-la-madre\\\/caja-jardin-secreto\\\/#primaryimage\",\"url\":\"https:\\\/\\\/www.chocolatestheocr.com\\\/wp-content\\\/uploads\\\/2024\\\/07\\\/WhatsApp-Image-2024-07-26-at-11.27.43-AM-1.jpeg\",\"contentUrl\":\"https:\\\/\\\/www.chocolatestheocr.com\\\/wp-content\\\/uploads\\\/2024\\\/07\\\/WhatsApp-Image-2024-07-26-at-11.27.43-AM-1.jpeg\",\"width\":960,\"height\":1280,\"caption\":\"Caja \\\"Jard\u00edn Secreto\\\"\"},{\"@type\":\"BreadcrumbList\",\"@id\":\"https:\\\/\\\/www.chocolatestheocr.com\\\/shop\\\/fechas-especiales\\\/dia-de-la-madre\\\/caja-jardin-secreto\\\/#breadcrumb\",\"itemListElement\":[{\"@type\":\"ListItem\",\"position\":1,\"name\":\"Portada\",\"item\":\"https:\\\/\\\/www.chocolatestheocr.com\\\/\"},{\"@type\":\"ListItem\",\"position\":2,\"name\":\"Tienda\",\"item\":\"https:\\\/\\\/www.chocolatestheocr.com\\\/shop\\\/\"},{\"@type\":\"ListItem\",\"position\":3,\"name\":\"Caja &#8220;Jard\u00edn Secreto&#8221;\"}]},{\"@type\":\"WebSite\",\"@id\":\"https:\\\/\\\/www.chocolatestheocr.com\\\/#website\",\"url\":\"https:\\\/\\\/www.chocolatestheocr.com\\\/\",\"name\":\"Chocolates Theo\",\"description\":\"\",\"publisher\":{\"@id\":\"https:\\\/\\\/www.chocolatestheocr.com\\\/#organization\"},\"potentialAction\":[{\"@type\":\"SearchAction\",\"target\":{\"@type\":\"EntryPoint\",\"urlTemplate\":\"https:\\\/\\\/www.chocolatestheocr.com\\\/?s={search_term_string}\"},\"query-input\":{\"@type\":\"PropertyValueSpecification\",\"valueRequired\":true,\"valueName\":\"search_term_string\"}}],\"inLanguage\":\"en-US\"},{\"@type\":\"Organization\",\"@id\":\"https:\\\/\\\/www.chocolatestheocr.com\\\/#organization\",\"name\":\"Chocolates Theo\",\"url\":\"https:\\\/\\\/www.chocolatestheocr.com\\\/\",\"logo\":{\"@type\":\"ImageObject\",\"inLanguage\":\"en-US\",\"@id\":\"https:\\\/\\\/www.chocolatestheocr.com\\\/#\\\/schema\\\/logo\\\/image\\\/\",\"url\":\"https:\\\/\\\/www.chocolatestheocr.com\\\/wp-content\\\/uploads\\\/2021\\\/10\\\/Logo-Chocolates-Theo.jpg\",\"contentUrl\":\"https:\\\/\\\/www.chocolatestheocr.com\\\/wp-content\\\/uploads\\\/2021\\\/10\\\/Logo-Chocolates-Theo.jpg\",\"width\":600,\"height\":600,\"caption\":\"Chocolates Theo\"},\"image\":{\"@id\":\"https:\\\/\\\/www.chocolatestheocr.com\\\/#\\\/schema\\\/logo\\\/image\\\/\"},\"sameAs\":[\"https:\\\/\\\/www.facebook.com\\\/chocolatestheocr\",\"https:\\\/\\\/www.instagram.com\\\/chocolates_theo\\\/\",\"https:\\\/\\\/www.youtube.com\\\/channel\\\/UCcgAI69rswAd2FY1Ubvmcxw\"]}]}<\/script>\n<!-- \/ Yoast SEO plugin. -->","yoast_head_json":{"title":"Caja \"Jard\u00edn Secreto\" \/ regalos para el d\u00eda de la madre\/ Costa Rica","description":"Caja \"Jard\u00edn Secreto\"  Hermosa caja con divisi\u00f3n de dos espacios. En el primer espacio tenemos un arreglo de rosas con flores primaverales y un Topper en acr\u00edlico de \u201cte amo mam\u00e1 \u201c . En el segundo espacio tenemos 8 fresas cubiertas con chocolate y 3 mariposas de chocolate con tonos dorados y una botella 175 ml de vino Riunite. La caja es en cart\u00f3n blanco y tiene una tapa transparente que se puede personalizar con alg\u00fan nombre.","robots":{"index":"index","follow":"follow","max-snippet":"max-snippet:-1","max-image-preview":"max-image-preview:large","max-video-preview":"max-video-preview:-1"},"canonical":"https:\/\/www.chocolatestheocr.com\/en\/shop\/fechas-especiales\/dia-de-la-madre\/caja-jardin-secreto\/","og_locale":"en_US","og_type":"article","og_title":"Caja \"Jard\u00edn Secreto\" \/ regalos para el d\u00eda de la madre\/ Costa Rica","og_description":"Caja \"Jard\u00edn Secreto\"  Hermosa caja con divisi\u00f3n de dos espacios. En el primer espacio tenemos un arreglo de rosas con flores primaverales y un Topper en acr\u00edlico de \u201cte amo mam\u00e1 \u201c . En el segundo espacio tenemos 8 fresas cubiertas con chocolate y 3 mariposas de chocolate con tonos dorados y una botella 175 ml de vino Riunite. La caja es en cart\u00f3n blanco y tiene una tapa transparente que se puede personalizar con alg\u00fan nombre.","og_url":"https:\/\/www.chocolatestheocr.com\/en\/shop\/fechas-especiales\/dia-de-la-madre\/caja-jardin-secreto\/","og_site_name":"Chocolates Theo","article_publisher":"https:\/\/www.facebook.com\/chocolatestheocr","article_modified_time":"2026-01-12T19:43:09+00:00","og_image":[{"width":960,"height":1280,"url":"https:\/\/www.chocolatestheocr.com\/wp-content\/uploads\/2024\/07\/WhatsApp-Image-2024-07-26-at-11.27.43-AM-1.jpeg","type":"image\/jpeg"}],"twitter_card":"summary_large_image","schema":{"@context":"https:\/\/schema.org","@graph":[{"@type":"WebPage","@id":"https:\/\/www.chocolatestheocr.com\/shop\/fechas-especiales\/dia-de-la-madre\/caja-jardin-secreto\/","url":"https:\/\/www.chocolatestheocr.com\/shop\/fechas-especiales\/dia-de-la-madre\/caja-jardin-secreto\/","name":"Caja \"Jard\u00edn Secreto\" \/ regalos para el d\u00eda de la madre\/ Costa Rica","isPartOf":{"@id":"https:\/\/www.chocolatestheocr.com\/#website"},"primaryImageOfPage":{"@id":"https:\/\/www.chocolatestheocr.com\/shop\/fechas-especiales\/dia-de-la-madre\/caja-jardin-secreto\/#primaryimage"},"image":{"@id":"https:\/\/www.chocolatestheocr.com\/shop\/fechas-especiales\/dia-de-la-madre\/caja-jardin-secreto\/#primaryimage"},"thumbnailUrl":"https:\/\/www.chocolatestheocr.com\/wp-content\/uploads\/2024\/07\/WhatsApp-Image-2024-07-26-at-11.27.43-AM-1.jpeg","datePublished":"2024-07-26T18:21:56+00:00","dateModified":"2026-01-12T19:43:09+00:00","description":"Caja \"Jard\u00edn Secreto\" Hermosa caja con divisi\u00f3n de dos espacios. En el primer espacio tenemos un arreglo de rosas con flores primaverales y un Topper en acr\u00edlico de \u201cte amo mam\u00e1 \u201c . En el segundo espacio tenemos 8 fresas cubiertas con chocolate y 3 mariposas de chocolate con tonos dorados y una botella 175 ml de vino Riunite. La caja es en cart\u00f3n blanco y tiene una tapa transparente que se puede personalizar con alg\u00fan nombre.","breadcrumb":{"@id":"https:\/\/www.chocolatestheocr.com\/shop\/fechas-especiales\/dia-de-la-madre\/caja-jardin-secreto\/#breadcrumb"},"inLanguage":"en-US","potentialAction":[{"@type":"ReadAction","target":["https:\/\/www.chocolatestheocr.com\/shop\/fechas-especiales\/dia-de-la-madre\/caja-jardin-secreto\/"]}]},{"@type":"ImageObject","inLanguage":"en-US","@id":"https:\/\/www.chocolatestheocr.com\/shop\/fechas-especiales\/dia-de-la-madre\/caja-jardin-secreto\/#primaryimage","url":"https:\/\/www.chocolatestheocr.com\/wp-content\/uploads\/2024\/07\/WhatsApp-Image-2024-07-26-at-11.27.43-AM-1.jpeg","contentUrl":"https:\/\/www.chocolatestheocr.com\/wp-content\/uploads\/2024\/07\/WhatsApp-Image-2024-07-26-at-11.27.43-AM-1.jpeg","width":960,"height":1280,"caption":"Caja \"Jard\u00edn Secreto\""},{"@type":"BreadcrumbList","@id":"https:\/\/www.chocolatestheocr.com\/shop\/fechas-especiales\/dia-de-la-madre\/caja-jardin-secreto\/#breadcrumb","itemListElement":[{"@type":"ListItem","position":1,"name":"Portada","item":"https:\/\/www.chocolatestheocr.com\/"},{"@type":"ListItem","position":2,"name":"Tienda","item":"https:\/\/www.chocolatestheocr.com\/shop\/"},{"@type":"ListItem","position":3,"name":"Caja &#8220;Jard\u00edn Secreto&#8221;"}]},{"@type":"WebSite","@id":"https:\/\/www.chocolatestheocr.com\/#website","url":"https:\/\/www.chocolatestheocr.com\/","name":"Chocolates Theo","description":"","publisher":{"@id":"https:\/\/www.chocolatestheocr.com\/#organization"},"potentialAction":[{"@type":"SearchAction","target":{"@type":"EntryPoint","urlTemplate":"https:\/\/www.chocolatestheocr.com\/?s={search_term_string}"},"query-input":{"@type":"PropertyValueSpecification","valueRequired":true,"valueName":"search_term_string"}}],"inLanguage":"en-US"},{"@type":"Organization","@id":"https:\/\/www.chocolatestheocr.com\/#organization","name":"Chocolates Theo","url":"https:\/\/www.chocolatestheocr.com\/","logo":{"@type":"ImageObject","inLanguage":"en-US","@id":"https:\/\/www.chocolatestheocr.com\/#\/schema\/logo\/image\/","url":"https:\/\/www.chocolatestheocr.com\/wp-content\/uploads\/2021\/10\/Logo-Chocolates-Theo.jpg","contentUrl":"https:\/\/www.chocolatestheocr.com\/wp-content\/uploads\/2021\/10\/Logo-Chocolates-Theo.jpg","width":600,"height":600,"caption":"Chocolates Theo"},"image":{"@id":"https:\/\/www.chocolatestheocr.com\/#\/schema\/logo\/image\/"},"sameAs":["https:\/\/www.facebook.com\/chocolatestheocr","https:\/\/www.instagram.com\/chocolates_theo\/","https:\/\/www.youtube.com\/channel\/UCcgAI69rswAd2FY1Ubvmcxw"]}]}},"_links":{"self":[{"href":"https:\/\/www.chocolatestheocr.com\/en\/wp-json\/wp\/v2\/product\/15300","targetHints":{"allow":["GET"]}}],"collection":[{"href":"https:\/\/www.chocolatestheocr.com\/en\/wp-json\/wp\/v2\/product"}],"about":[{"href":"https:\/\/www.chocolatestheocr.com\/en\/wp-json\/wp\/v2\/types\/product"}],"version-history":[{"count":0,"href":"https:\/\/www.chocolatestheocr.com\/en\/wp-json\/wp\/v2\/product\/15300\/revisions"}],"wp:featuredmedia":[{"embeddable":true,"href":"https:\/\/www.chocolatestheocr.com\/en\/wp-json\/wp\/v2\/media\/15306"}],"wp:attachment":[{"href":"https:\/\/www.chocolatestheocr.com\/en\/wp-json\/wp\/v2\/media?parent=15300"}],"wp:term":[{"taxonomy":"product_brand","embeddable":true,"href":"https:\/\/www.chocolatestheocr.com\/en\/wp-json\/wp\/v2\/product_brand?post=15300"},{"taxonomy":"product_cat","embeddable":true,"href":"https:\/\/www.chocolatestheocr.com\/en\/wp-json\/wp\/v2\/product_cat?post=15300"},{"taxonomy":"product_tag","embeddable":true,"href":"https:\/\/www.chocolatestheocr.com\/en\/wp-json\/wp\/v2\/product_tag?post=15300"}],"curies":[{"name":"wp","href":"https:\/\/api.w.org\/{rel}","templated":true}]}}