{"id":15290,"date":"2024-07-26T11:50:01","date_gmt":"2024-07-26T17:50:01","guid":{"rendered":"https:\/\/www.chocolatestheocr.com\/?post_type=product&#038;p=15290"},"modified":"2025-09-29T16:54:21","modified_gmt":"2025-09-29T22:54:21","slug":"arreglo-mama-pink","status":"publish","type":"product","link":"https:\/\/www.chocolatestheocr.com\/en\/shop\/fechas-especiales\/dia-de-la-madre\/arreglo-mama-pink\/","title":{"rendered":"Arreglo Mam\u00e1 Pink"},"content":{"rendered":"<p>Arreglo Mam\u00e1 Pink<\/p>\n<p>Contiene:<\/p>\n<ul>\n<li>Arreglo de rosas rosadas con follaje primaveral<\/li>\n<li>Topper acr\u00edlico \u201cMam\u00e1 Feliz D\u00eda\u201d<\/li>\n<li>Queque de tama\u00f1o personal de vainilla o chocolate con fresas con chocolate en la parte de arriba y con un mini topper \u201cMam\u00e1, empacado en caja transparente con la palabra \u201cMam\u00e1\u201d o el nombre de su elecci\u00f3n.<\/li>\n<li>Caja de cart\u00f3n rosada<\/li>\n<\/ul>","protected":false},"excerpt":{"rendered":"<p>Arreglo Mam\u00e1 Pink<\/p>\n<p>Contiene:<\/p>\n<ul>\n<li>Arreglo de rosas rosadas con follaje primaveral<\/li>\n<li>Topper acr\u00edlico \u201cMam\u00e1 Feliz D\u00eda\u201d<\/li>\n<li>Queque de tama\u00f1o personal de vainilla o chocolate con fresas con chocolate en la parte de arriba y con un mini topper \u201cMam\u00e1, empacado en caja transparente con la palabra \u201cMam\u00e1\u201d o el nombre de su elecci\u00f3n.<\/li>\n<li>Caja de cart\u00f3n rosada<\/li>\n<\/ul>","protected":false},"featured_media":15291,"template":"","meta":[],"product_brand":[361],"product_cat":[372,87,441,41],"product_tag":[284,289,581,132],"class_list":{"0":"post-15290","1":"product","2":"type-product","3":"status-publish","4":"has-post-thumbnail","6":"product_brand-chocolates-theo","7":"product_cat-flores-y-fresas-con-chocolate","8":"product_cat-dia-de-la-madre","9":"product_cat-floristeria-flores","10":"product_cat-all","11":"product_tag-dia-de-la-madre","12":"product_tag-mama","13":"product_tag-queque-personal","14":"product_tag-rosas","16":"first","17":"instock","18":"shipping-taxable","19":"purchasable","20":"product-type-simple"},"yoast_head":"<!-- This site is optimized with the Yoast SEO plugin v27.3 - https:\/\/yoast.com\/product\/yoast-seo-wordpress\/ -->\n<title>Arreglo Mam\u00e1 Pink \/ D\u00eda de la madre \/ Regalo \/ Env\u00edo a domicilio<\/title>\n<meta name=\"description\" content=\"Arreglo Mam\u00e1 Pink  Contiene:   Arreglo de rosas rosadas con follaje primaveral  Topper acr\u00edlico \u201cMam\u00e1 Feliz D\u00eda\u201d  Queque de tama\u00f1o personal de vainilla o chocolate con fresas con chocolate en la parte de arriba y con un mini topper \u201cMam\u00e1, empacado en caja transparente con la palabra \u201cMam\u00e1\u201d o el nombre de su elecci\u00f3n.  Caja de cart\u00f3n rosada\" \/>\n<meta name=\"robots\" content=\"index, follow, max-snippet:-1, max-image-preview:large, max-video-preview:-1\" \/>\n<link rel=\"canonical\" href=\"https:\/\/www.chocolatestheocr.com\/en\/shop\/fechas-especiales\/dia-de-la-madre\/arreglo-mama-pink\/\" \/>\n<meta property=\"og:locale\" content=\"en_US\" \/>\n<meta property=\"og:type\" content=\"article\" \/>\n<meta property=\"og:title\" content=\"Arreglo Mam\u00e1 Pink \/ D\u00eda de la madre \/ Regalo \/ Env\u00edo a domicilio\" \/>\n<meta property=\"og:description\" content=\"Arreglo Mam\u00e1 Pink  Contiene:   Arreglo de rosas rosadas con follaje primaveral  Topper acr\u00edlico \u201cMam\u00e1 Feliz D\u00eda\u201d  Queque de tama\u00f1o personal de vainilla o chocolate con fresas con chocolate en la parte de arriba y con un mini topper \u201cMam\u00e1, empacado en caja transparente con la palabra \u201cMam\u00e1\u201d o el nombre de su elecci\u00f3n.  Caja de cart\u00f3n rosada\" \/>\n<meta property=\"og:url\" content=\"https:\/\/www.chocolatestheocr.com\/en\/shop\/fechas-especiales\/dia-de-la-madre\/arreglo-mama-pink\/\" \/>\n<meta property=\"og:site_name\" content=\"Chocolates Theo\" \/>\n<meta property=\"article:publisher\" content=\"https:\/\/www.facebook.com\/chocolatestheocr\" \/>\n<meta property=\"article:modified_time\" content=\"2025-09-29T22:54:21+00:00\" \/>\n<meta property=\"og:image\" content=\"https:\/\/www.chocolatestheocr.com\/wp-content\/uploads\/2024\/07\/Arreglo-Mama-pink4.webp\" \/>\n\t<meta property=\"og:image:width\" content=\"1000\" \/>\n\t<meta property=\"og:image:height\" content=\"1049\" \/>\n\t<meta property=\"og:image:type\" content=\"image\/webp\" \/>\n<meta name=\"twitter:card\" content=\"summary_large_image\" \/>\n<script type=\"application\/ld+json\" class=\"yoast-schema-graph\">{\"@context\":\"https:\\\/\\\/schema.org\",\"@graph\":[{\"@type\":\"WebPage\",\"@id\":\"https:\\\/\\\/www.chocolatestheocr.com\\\/shop\\\/fechas-especiales\\\/dia-de-la-madre\\\/arreglo-mama-pink\\\/\",\"url\":\"https:\\\/\\\/www.chocolatestheocr.com\\\/shop\\\/fechas-especiales\\\/dia-de-la-madre\\\/arreglo-mama-pink\\\/\",\"name\":\"Arreglo Mam\u00e1 Pink \\\/ D\u00eda de la madre \\\/ Regalo \\\/ Env\u00edo a domicilio\",\"isPartOf\":{\"@id\":\"https:\\\/\\\/www.chocolatestheocr.com\\\/#website\"},\"primaryImageOfPage\":{\"@id\":\"https:\\\/\\\/www.chocolatestheocr.com\\\/shop\\\/fechas-especiales\\\/dia-de-la-madre\\\/arreglo-mama-pink\\\/#primaryimage\"},\"image\":{\"@id\":\"https:\\\/\\\/www.chocolatestheocr.com\\\/shop\\\/fechas-especiales\\\/dia-de-la-madre\\\/arreglo-mama-pink\\\/#primaryimage\"},\"thumbnailUrl\":\"https:\\\/\\\/www.chocolatestheocr.com\\\/wp-content\\\/uploads\\\/2024\\\/07\\\/Arreglo-Mama-pink4.webp\",\"datePublished\":\"2024-07-26T17:50:01+00:00\",\"dateModified\":\"2025-09-29T22:54:21+00:00\",\"description\":\"Arreglo Mam\u00e1 Pink Contiene: Arreglo de rosas rosadas con follaje primaveral Topper acr\u00edlico \u201cMam\u00e1 Feliz D\u00eda\u201d Queque de tama\u00f1o personal de vainilla o chocolate con fresas con chocolate en la parte de arriba y con un mini topper \u201cMam\u00e1, empacado en caja transparente con la palabra \u201cMam\u00e1\u201d o el nombre de su elecci\u00f3n. Caja de cart\u00f3n rosada\",\"breadcrumb\":{\"@id\":\"https:\\\/\\\/www.chocolatestheocr.com\\\/shop\\\/fechas-especiales\\\/dia-de-la-madre\\\/arreglo-mama-pink\\\/#breadcrumb\"},\"inLanguage\":\"en-US\",\"potentialAction\":[{\"@type\":\"ReadAction\",\"target\":[\"https:\\\/\\\/www.chocolatestheocr.com\\\/shop\\\/fechas-especiales\\\/dia-de-la-madre\\\/arreglo-mama-pink\\\/\"]}]},{\"@type\":\"ImageObject\",\"inLanguage\":\"en-US\",\"@id\":\"https:\\\/\\\/www.chocolatestheocr.com\\\/shop\\\/fechas-especiales\\\/dia-de-la-madre\\\/arreglo-mama-pink\\\/#primaryimage\",\"url\":\"https:\\\/\\\/www.chocolatestheocr.com\\\/wp-content\\\/uploads\\\/2024\\\/07\\\/Arreglo-Mama-pink4.webp\",\"contentUrl\":\"https:\\\/\\\/www.chocolatestheocr.com\\\/wp-content\\\/uploads\\\/2024\\\/07\\\/Arreglo-Mama-pink4.webp\",\"width\":1000,\"height\":1049,\"caption\":\"Arreglo Mama\u0301 pink4\"},{\"@type\":\"BreadcrumbList\",\"@id\":\"https:\\\/\\\/www.chocolatestheocr.com\\\/shop\\\/fechas-especiales\\\/dia-de-la-madre\\\/arreglo-mama-pink\\\/#breadcrumb\",\"itemListElement\":[{\"@type\":\"ListItem\",\"position\":1,\"name\":\"Portada\",\"item\":\"https:\\\/\\\/www.chocolatestheocr.com\\\/\"},{\"@type\":\"ListItem\",\"position\":2,\"name\":\"Tienda\",\"item\":\"https:\\\/\\\/www.chocolatestheocr.com\\\/shop\\\/\"},{\"@type\":\"ListItem\",\"position\":3,\"name\":\"Arreglo Mam\u00e1 Pink\"}]},{\"@type\":\"WebSite\",\"@id\":\"https:\\\/\\\/www.chocolatestheocr.com\\\/#website\",\"url\":\"https:\\\/\\\/www.chocolatestheocr.com\\\/\",\"name\":\"Chocolates Theo\",\"description\":\"\",\"publisher\":{\"@id\":\"https:\\\/\\\/www.chocolatestheocr.com\\\/#organization\"},\"potentialAction\":[{\"@type\":\"SearchAction\",\"target\":{\"@type\":\"EntryPoint\",\"urlTemplate\":\"https:\\\/\\\/www.chocolatestheocr.com\\\/?s={search_term_string}\"},\"query-input\":{\"@type\":\"PropertyValueSpecification\",\"valueRequired\":true,\"valueName\":\"search_term_string\"}}],\"inLanguage\":\"en-US\"},{\"@type\":\"Organization\",\"@id\":\"https:\\\/\\\/www.chocolatestheocr.com\\\/#organization\",\"name\":\"Chocolates Theo\",\"url\":\"https:\\\/\\\/www.chocolatestheocr.com\\\/\",\"logo\":{\"@type\":\"ImageObject\",\"inLanguage\":\"en-US\",\"@id\":\"https:\\\/\\\/www.chocolatestheocr.com\\\/#\\\/schema\\\/logo\\\/image\\\/\",\"url\":\"https:\\\/\\\/www.chocolatestheocr.com\\\/wp-content\\\/uploads\\\/2021\\\/10\\\/Logo-Chocolates-Theo.jpg\",\"contentUrl\":\"https:\\\/\\\/www.chocolatestheocr.com\\\/wp-content\\\/uploads\\\/2021\\\/10\\\/Logo-Chocolates-Theo.jpg\",\"width\":600,\"height\":600,\"caption\":\"Chocolates Theo\"},\"image\":{\"@id\":\"https:\\\/\\\/www.chocolatestheocr.com\\\/#\\\/schema\\\/logo\\\/image\\\/\"},\"sameAs\":[\"https:\\\/\\\/www.facebook.com\\\/chocolatestheocr\",\"https:\\\/\\\/www.instagram.com\\\/chocolates_theo\\\/\",\"https:\\\/\\\/www.youtube.com\\\/channel\\\/UCcgAI69rswAd2FY1Ubvmcxw\"]}]}<\/script>\n<!-- \/ Yoast SEO plugin. -->","yoast_head_json":{"title":"Arreglo Mam\u00e1 Pink \/ D\u00eda de la madre \/ Regalo \/ Env\u00edo a domicilio","description":"Arreglo Mam\u00e1 Pink  Contiene:   Arreglo de rosas rosadas con follaje primaveral  Topper acr\u00edlico \u201cMam\u00e1 Feliz D\u00eda\u201d  Queque de tama\u00f1o personal de vainilla o chocolate con fresas con chocolate en la parte de arriba y con un mini topper \u201cMam\u00e1, empacado en caja transparente con la palabra \u201cMam\u00e1\u201d o el nombre de su elecci\u00f3n.  Caja de cart\u00f3n rosada","robots":{"index":"index","follow":"follow","max-snippet":"max-snippet:-1","max-image-preview":"max-image-preview:large","max-video-preview":"max-video-preview:-1"},"canonical":"https:\/\/www.chocolatestheocr.com\/en\/shop\/fechas-especiales\/dia-de-la-madre\/arreglo-mama-pink\/","og_locale":"en_US","og_type":"article","og_title":"Arreglo Mam\u00e1 Pink \/ D\u00eda de la madre \/ Regalo \/ Env\u00edo a domicilio","og_description":"Arreglo Mam\u00e1 Pink  Contiene:   Arreglo de rosas rosadas con follaje primaveral  Topper acr\u00edlico \u201cMam\u00e1 Feliz D\u00eda\u201d  Queque de tama\u00f1o personal de vainilla o chocolate con fresas con chocolate en la parte de arriba y con un mini topper \u201cMam\u00e1, empacado en caja transparente con la palabra \u201cMam\u00e1\u201d o el nombre de su elecci\u00f3n.  Caja de cart\u00f3n rosada","og_url":"https:\/\/www.chocolatestheocr.com\/en\/shop\/fechas-especiales\/dia-de-la-madre\/arreglo-mama-pink\/","og_site_name":"Chocolates Theo","article_publisher":"https:\/\/www.facebook.com\/chocolatestheocr","article_modified_time":"2025-09-29T22:54:21+00:00","og_image":[{"width":1000,"height":1049,"url":"https:\/\/www.chocolatestheocr.com\/wp-content\/uploads\/2024\/07\/Arreglo-Mama-pink4.webp","type":"image\/webp"}],"twitter_card":"summary_large_image","schema":{"@context":"https:\/\/schema.org","@graph":[{"@type":"WebPage","@id":"https:\/\/www.chocolatestheocr.com\/shop\/fechas-especiales\/dia-de-la-madre\/arreglo-mama-pink\/","url":"https:\/\/www.chocolatestheocr.com\/shop\/fechas-especiales\/dia-de-la-madre\/arreglo-mama-pink\/","name":"Arreglo Mam\u00e1 Pink \/ D\u00eda de la madre \/ Regalo \/ Env\u00edo a domicilio","isPartOf":{"@id":"https:\/\/www.chocolatestheocr.com\/#website"},"primaryImageOfPage":{"@id":"https:\/\/www.chocolatestheocr.com\/shop\/fechas-especiales\/dia-de-la-madre\/arreglo-mama-pink\/#primaryimage"},"image":{"@id":"https:\/\/www.chocolatestheocr.com\/shop\/fechas-especiales\/dia-de-la-madre\/arreglo-mama-pink\/#primaryimage"},"thumbnailUrl":"https:\/\/www.chocolatestheocr.com\/wp-content\/uploads\/2024\/07\/Arreglo-Mama-pink4.webp","datePublished":"2024-07-26T17:50:01+00:00","dateModified":"2025-09-29T22:54:21+00:00","description":"Arreglo Mam\u00e1 Pink Contiene: Arreglo de rosas rosadas con follaje primaveral Topper acr\u00edlico \u201cMam\u00e1 Feliz D\u00eda\u201d Queque de tama\u00f1o personal de vainilla o chocolate con fresas con chocolate en la parte de arriba y con un mini topper \u201cMam\u00e1, empacado en caja transparente con la palabra \u201cMam\u00e1\u201d o el nombre de su elecci\u00f3n. Caja de cart\u00f3n rosada","breadcrumb":{"@id":"https:\/\/www.chocolatestheocr.com\/shop\/fechas-especiales\/dia-de-la-madre\/arreglo-mama-pink\/#breadcrumb"},"inLanguage":"en-US","potentialAction":[{"@type":"ReadAction","target":["https:\/\/www.chocolatestheocr.com\/shop\/fechas-especiales\/dia-de-la-madre\/arreglo-mama-pink\/"]}]},{"@type":"ImageObject","inLanguage":"en-US","@id":"https:\/\/www.chocolatestheocr.com\/shop\/fechas-especiales\/dia-de-la-madre\/arreglo-mama-pink\/#primaryimage","url":"https:\/\/www.chocolatestheocr.com\/wp-content\/uploads\/2024\/07\/Arreglo-Mama-pink4.webp","contentUrl":"https:\/\/www.chocolatestheocr.com\/wp-content\/uploads\/2024\/07\/Arreglo-Mama-pink4.webp","width":1000,"height":1049,"caption":"Arreglo Mama\u0301 pink4"},{"@type":"BreadcrumbList","@id":"https:\/\/www.chocolatestheocr.com\/shop\/fechas-especiales\/dia-de-la-madre\/arreglo-mama-pink\/#breadcrumb","itemListElement":[{"@type":"ListItem","position":1,"name":"Portada","item":"https:\/\/www.chocolatestheocr.com\/"},{"@type":"ListItem","position":2,"name":"Tienda","item":"https:\/\/www.chocolatestheocr.com\/shop\/"},{"@type":"ListItem","position":3,"name":"Arreglo Mam\u00e1 Pink"}]},{"@type":"WebSite","@id":"https:\/\/www.chocolatestheocr.com\/#website","url":"https:\/\/www.chocolatestheocr.com\/","name":"Chocolates Theo","description":"","publisher":{"@id":"https:\/\/www.chocolatestheocr.com\/#organization"},"potentialAction":[{"@type":"SearchAction","target":{"@type":"EntryPoint","urlTemplate":"https:\/\/www.chocolatestheocr.com\/?s={search_term_string}"},"query-input":{"@type":"PropertyValueSpecification","valueRequired":true,"valueName":"search_term_string"}}],"inLanguage":"en-US"},{"@type":"Organization","@id":"https:\/\/www.chocolatestheocr.com\/#organization","name":"Chocolates Theo","url":"https:\/\/www.chocolatestheocr.com\/","logo":{"@type":"ImageObject","inLanguage":"en-US","@id":"https:\/\/www.chocolatestheocr.com\/#\/schema\/logo\/image\/","url":"https:\/\/www.chocolatestheocr.com\/wp-content\/uploads\/2021\/10\/Logo-Chocolates-Theo.jpg","contentUrl":"https:\/\/www.chocolatestheocr.com\/wp-content\/uploads\/2021\/10\/Logo-Chocolates-Theo.jpg","width":600,"height":600,"caption":"Chocolates Theo"},"image":{"@id":"https:\/\/www.chocolatestheocr.com\/#\/schema\/logo\/image\/"},"sameAs":["https:\/\/www.facebook.com\/chocolatestheocr","https:\/\/www.instagram.com\/chocolates_theo\/","https:\/\/www.youtube.com\/channel\/UCcgAI69rswAd2FY1Ubvmcxw"]}]}},"_links":{"self":[{"href":"https:\/\/www.chocolatestheocr.com\/en\/wp-json\/wp\/v2\/product\/15290","targetHints":{"allow":["GET"]}}],"collection":[{"href":"https:\/\/www.chocolatestheocr.com\/en\/wp-json\/wp\/v2\/product"}],"about":[{"href":"https:\/\/www.chocolatestheocr.com\/en\/wp-json\/wp\/v2\/types\/product"}],"version-history":[{"count":0,"href":"https:\/\/www.chocolatestheocr.com\/en\/wp-json\/wp\/v2\/product\/15290\/revisions"}],"wp:featuredmedia":[{"embeddable":true,"href":"https:\/\/www.chocolatestheocr.com\/en\/wp-json\/wp\/v2\/media\/15291"}],"wp:attachment":[{"href":"https:\/\/www.chocolatestheocr.com\/en\/wp-json\/wp\/v2\/media?parent=15290"}],"wp:term":[{"taxonomy":"product_brand","embeddable":true,"href":"https:\/\/www.chocolatestheocr.com\/en\/wp-json\/wp\/v2\/product_brand?post=15290"},{"taxonomy":"product_cat","embeddable":true,"href":"https:\/\/www.chocolatestheocr.com\/en\/wp-json\/wp\/v2\/product_cat?post=15290"},{"taxonomy":"product_tag","embeddable":true,"href":"https:\/\/www.chocolatestheocr.com\/en\/wp-json\/wp\/v2\/product_tag?post=15290"}],"curies":[{"name":"wp","href":"https:\/\/api.w.org\/{rel}","templated":true}]}}