{"id":15256,"date":"2024-07-26T09:28:49","date_gmt":"2024-07-26T15:28:49","guid":{"rendered":"https:\/\/www.chocolatestheocr.com\/?post_type=product&#038;p=15256"},"modified":"2025-09-26T10:24:15","modified_gmt":"2025-09-26T16:24:15","slug":"brunch-para-mama","status":"publish","type":"product","link":"https:\/\/www.chocolatestheocr.com\/en\/shop\/fechas-especiales\/dia-de-la-madre\/brunch-para-mama\/","title":{"rendered":"Brunch para Mam\u00e1"},"content":{"rendered":"<p>Brunch para Mam\u00e1<\/p>\n<p>Este brunch especial para mam\u00e1 contiene:<\/p>\n<ul>\n<li>Cajita con jamones y quesos<\/li>\n<li>Una tacita de frutas<\/li>\n<li>Un chocolate de leche en forma de coraz\u00f3n<\/li>\n<li>Una botella de 175 ml Riunite<\/li>\n<li>Caja de cart\u00f3n con un topper acr\u00edlico con el mensaje de \u201cMam\u00e1 eres la mejor\u201d y\u00a0una tapa transparente tambi\u00e9n personalizada.<\/li>\n<\/ul>","protected":false},"excerpt":{"rendered":"<p>Brunch para Mam\u00e1<\/p>\n<p>Este brunch especial para mam\u00e1 contiene:<\/p>\n<ul>\n<li>Cajita con jamones y quesos<\/li>\n<li>Una tacita de frutas<\/li>\n<li>Un chocolate de leche en forma de coraz\u00f3n<\/li>\n<li>Una botella de 175 ml Riunite<\/li>\n<li>Caja de cart\u00f3n con un topper acr\u00edlico con el mensaje de \u201cMam\u00e1 eres la mejor\u201d y\u00a0una tapa transparente tambi\u00e9n personalizada.<\/li>\n<\/ul>","protected":false},"featured_media":15311,"template":"","meta":[],"product_brand":[361],"product_cat":[565,87,41],"product_tag":[619,284,147,496,102],"class_list":{"0":"post-15256","1":"product","2":"type-product","3":"status-publish","4":"has-post-thumbnail","6":"product_brand-chocolates-theo","7":"product_cat-desayunos","8":"product_cat-dia-de-la-madre","9":"product_cat-all","10":"product_tag-brunch","11":"product_tag-dia-de-la-madre","12":"product_tag-frutas","13":"product_tag-jamones-y-quesos","14":"product_tag-vino","16":"first","17":"instock","18":"shipping-taxable","19":"purchasable","20":"product-type-simple"},"yoast_head":"<!-- This site is optimized with the Yoast SEO plugin v27.3 - https:\/\/yoast.com\/product\/yoast-seo-wordpress\/ -->\n<title>Brunch para Mam\u00e1<\/title>\n<meta name=\"description\" content=\"Brunch para Mam\u00e1  Este brunch especial para mam\u00e1 contiene:   Cajita con jamones y quesos  Una tacita de frutas  Un chocolate de leche en forma de coraz\u00f3n  Una botella de 175 ml Riunite  Caja de cart\u00f3n con un topper acr\u00edlico con el mensaje de \u201cMam\u00e1 eres la mejor\u201d y\u00a0una tapa transparente tambi\u00e9n personalizada.\" \/>\n<meta name=\"robots\" content=\"index, follow, max-snippet:-1, max-image-preview:large, max-video-preview:-1\" \/>\n<link rel=\"canonical\" href=\"https:\/\/www.chocolatestheocr.com\/en\/shop\/fechas-especiales\/dia-de-la-madre\/brunch-para-mama\/\" \/>\n<meta property=\"og:locale\" content=\"en_US\" \/>\n<meta property=\"og:type\" content=\"article\" \/>\n<meta property=\"og:title\" content=\"Brunch para Mam\u00e1\" \/>\n<meta property=\"og:description\" content=\"Brunch para Mam\u00e1  Este brunch especial para mam\u00e1 contiene:   Cajita con jamones y quesos  Una tacita de frutas  Un chocolate de leche en forma de coraz\u00f3n  Una botella de 175 ml Riunite  Caja de cart\u00f3n con un topper acr\u00edlico con el mensaje de \u201cMam\u00e1 eres la mejor\u201d y\u00a0una tapa transparente tambi\u00e9n personalizada.\" \/>\n<meta property=\"og:url\" content=\"https:\/\/www.chocolatestheocr.com\/en\/shop\/fechas-especiales\/dia-de-la-madre\/brunch-para-mama\/\" \/>\n<meta property=\"og:site_name\" content=\"Chocolates Theo\" \/>\n<meta property=\"article:publisher\" content=\"https:\/\/www.facebook.com\/chocolatestheocr\" \/>\n<meta property=\"article:modified_time\" content=\"2025-09-26T16:24:15+00:00\" \/>\n<meta property=\"og:image\" content=\"https:\/\/www.chocolatestheocr.com\/wp-content\/uploads\/2024\/07\/Brunch-para-Mama.webp\" \/>\n\t<meta property=\"og:image:width\" content=\"1136\" \/>\n\t<meta property=\"og:image:height\" content=\"1000\" \/>\n\t<meta property=\"og:image:type\" content=\"image\/webp\" \/>\n<meta name=\"twitter:card\" content=\"summary_large_image\" \/>\n<script type=\"application\/ld+json\" class=\"yoast-schema-graph\">{\"@context\":\"https:\\\/\\\/schema.org\",\"@graph\":[{\"@type\":\"WebPage\",\"@id\":\"https:\\\/\\\/www.chocolatestheocr.com\\\/shop\\\/fechas-especiales\\\/dia-de-la-madre\\\/brunch-para-mama\\\/\",\"url\":\"https:\\\/\\\/www.chocolatestheocr.com\\\/shop\\\/fechas-especiales\\\/dia-de-la-madre\\\/brunch-para-mama\\\/\",\"name\":\"Brunch para Mam\u00e1\",\"isPartOf\":{\"@id\":\"https:\\\/\\\/www.chocolatestheocr.com\\\/#website\"},\"primaryImageOfPage\":{\"@id\":\"https:\\\/\\\/www.chocolatestheocr.com\\\/shop\\\/fechas-especiales\\\/dia-de-la-madre\\\/brunch-para-mama\\\/#primaryimage\"},\"image\":{\"@id\":\"https:\\\/\\\/www.chocolatestheocr.com\\\/shop\\\/fechas-especiales\\\/dia-de-la-madre\\\/brunch-para-mama\\\/#primaryimage\"},\"thumbnailUrl\":\"https:\\\/\\\/www.chocolatestheocr.com\\\/wp-content\\\/uploads\\\/2024\\\/07\\\/Brunch-para-Mama.webp\",\"datePublished\":\"2024-07-26T15:28:49+00:00\",\"dateModified\":\"2025-09-26T16:24:15+00:00\",\"description\":\"Brunch para Mam\u00e1 Este brunch especial para mam\u00e1 contiene: Cajita con jamones y quesos Una tacita de frutas Un chocolate de leche en forma de coraz\u00f3n Una botella de 175 ml Riunite Caja de cart\u00f3n con un topper acr\u00edlico con el mensaje de \u201cMam\u00e1 eres la mejor\u201d y\u00a0una tapa transparente tambi\u00e9n personalizada.\",\"breadcrumb\":{\"@id\":\"https:\\\/\\\/www.chocolatestheocr.com\\\/shop\\\/fechas-especiales\\\/dia-de-la-madre\\\/brunch-para-mama\\\/#breadcrumb\"},\"inLanguage\":\"en-US\",\"potentialAction\":[{\"@type\":\"ReadAction\",\"target\":[\"https:\\\/\\\/www.chocolatestheocr.com\\\/shop\\\/fechas-especiales\\\/dia-de-la-madre\\\/brunch-para-mama\\\/\"]}]},{\"@type\":\"ImageObject\",\"inLanguage\":\"en-US\",\"@id\":\"https:\\\/\\\/www.chocolatestheocr.com\\\/shop\\\/fechas-especiales\\\/dia-de-la-madre\\\/brunch-para-mama\\\/#primaryimage\",\"url\":\"https:\\\/\\\/www.chocolatestheocr.com\\\/wp-content\\\/uploads\\\/2024\\\/07\\\/Brunch-para-Mama.webp\",\"contentUrl\":\"https:\\\/\\\/www.chocolatestheocr.com\\\/wp-content\\\/uploads\\\/2024\\\/07\\\/Brunch-para-Mama.webp\",\"width\":1136,\"height\":1000,\"caption\":\"Brunch para Mama\u0301\"},{\"@type\":\"BreadcrumbList\",\"@id\":\"https:\\\/\\\/www.chocolatestheocr.com\\\/shop\\\/fechas-especiales\\\/dia-de-la-madre\\\/brunch-para-mama\\\/#breadcrumb\",\"itemListElement\":[{\"@type\":\"ListItem\",\"position\":1,\"name\":\"Portada\",\"item\":\"https:\\\/\\\/www.chocolatestheocr.com\\\/\"},{\"@type\":\"ListItem\",\"position\":2,\"name\":\"Tienda\",\"item\":\"https:\\\/\\\/www.chocolatestheocr.com\\\/shop\\\/\"},{\"@type\":\"ListItem\",\"position\":3,\"name\":\"Brunch para Mam\u00e1\"}]},{\"@type\":\"WebSite\",\"@id\":\"https:\\\/\\\/www.chocolatestheocr.com\\\/#website\",\"url\":\"https:\\\/\\\/www.chocolatestheocr.com\\\/\",\"name\":\"Chocolates Theo\",\"description\":\"\",\"publisher\":{\"@id\":\"https:\\\/\\\/www.chocolatestheocr.com\\\/#organization\"},\"potentialAction\":[{\"@type\":\"SearchAction\",\"target\":{\"@type\":\"EntryPoint\",\"urlTemplate\":\"https:\\\/\\\/www.chocolatestheocr.com\\\/?s={search_term_string}\"},\"query-input\":{\"@type\":\"PropertyValueSpecification\",\"valueRequired\":true,\"valueName\":\"search_term_string\"}}],\"inLanguage\":\"en-US\"},{\"@type\":\"Organization\",\"@id\":\"https:\\\/\\\/www.chocolatestheocr.com\\\/#organization\",\"name\":\"Chocolates Theo\",\"url\":\"https:\\\/\\\/www.chocolatestheocr.com\\\/\",\"logo\":{\"@type\":\"ImageObject\",\"inLanguage\":\"en-US\",\"@id\":\"https:\\\/\\\/www.chocolatestheocr.com\\\/#\\\/schema\\\/logo\\\/image\\\/\",\"url\":\"https:\\\/\\\/www.chocolatestheocr.com\\\/wp-content\\\/uploads\\\/2021\\\/10\\\/Logo-Chocolates-Theo.jpg\",\"contentUrl\":\"https:\\\/\\\/www.chocolatestheocr.com\\\/wp-content\\\/uploads\\\/2021\\\/10\\\/Logo-Chocolates-Theo.jpg\",\"width\":600,\"height\":600,\"caption\":\"Chocolates Theo\"},\"image\":{\"@id\":\"https:\\\/\\\/www.chocolatestheocr.com\\\/#\\\/schema\\\/logo\\\/image\\\/\"},\"sameAs\":[\"https:\\\/\\\/www.facebook.com\\\/chocolatestheocr\",\"https:\\\/\\\/www.instagram.com\\\/chocolates_theo\\\/\",\"https:\\\/\\\/www.youtube.com\\\/channel\\\/UCcgAI69rswAd2FY1Ubvmcxw\"]}]}<\/script>\n<!-- \/ Yoast SEO plugin. -->","yoast_head_json":{"title":"Brunch para Mam\u00e1","description":"Brunch para Mam\u00e1  Este brunch especial para mam\u00e1 contiene:   Cajita con jamones y quesos  Una tacita de frutas  Un chocolate de leche en forma de coraz\u00f3n  Una botella de 175 ml Riunite  Caja de cart\u00f3n con un topper acr\u00edlico con el mensaje de \u201cMam\u00e1 eres la mejor\u201d y\u00a0una tapa transparente tambi\u00e9n personalizada.","robots":{"index":"index","follow":"follow","max-snippet":"max-snippet:-1","max-image-preview":"max-image-preview:large","max-video-preview":"max-video-preview:-1"},"canonical":"https:\/\/www.chocolatestheocr.com\/en\/shop\/fechas-especiales\/dia-de-la-madre\/brunch-para-mama\/","og_locale":"en_US","og_type":"article","og_title":"Brunch para Mam\u00e1","og_description":"Brunch para Mam\u00e1  Este brunch especial para mam\u00e1 contiene:   Cajita con jamones y quesos  Una tacita de frutas  Un chocolate de leche en forma de coraz\u00f3n  Una botella de 175 ml Riunite  Caja de cart\u00f3n con un topper acr\u00edlico con el mensaje de \u201cMam\u00e1 eres la mejor\u201d y\u00a0una tapa transparente tambi\u00e9n personalizada.","og_url":"https:\/\/www.chocolatestheocr.com\/en\/shop\/fechas-especiales\/dia-de-la-madre\/brunch-para-mama\/","og_site_name":"Chocolates Theo","article_publisher":"https:\/\/www.facebook.com\/chocolatestheocr","article_modified_time":"2025-09-26T16:24:15+00:00","og_image":[{"width":1136,"height":1000,"url":"https:\/\/www.chocolatestheocr.com\/wp-content\/uploads\/2024\/07\/Brunch-para-Mama.webp","type":"image\/webp"}],"twitter_card":"summary_large_image","schema":{"@context":"https:\/\/schema.org","@graph":[{"@type":"WebPage","@id":"https:\/\/www.chocolatestheocr.com\/shop\/fechas-especiales\/dia-de-la-madre\/brunch-para-mama\/","url":"https:\/\/www.chocolatestheocr.com\/shop\/fechas-especiales\/dia-de-la-madre\/brunch-para-mama\/","name":"Brunch para Mam\u00e1","isPartOf":{"@id":"https:\/\/www.chocolatestheocr.com\/#website"},"primaryImageOfPage":{"@id":"https:\/\/www.chocolatestheocr.com\/shop\/fechas-especiales\/dia-de-la-madre\/brunch-para-mama\/#primaryimage"},"image":{"@id":"https:\/\/www.chocolatestheocr.com\/shop\/fechas-especiales\/dia-de-la-madre\/brunch-para-mama\/#primaryimage"},"thumbnailUrl":"https:\/\/www.chocolatestheocr.com\/wp-content\/uploads\/2024\/07\/Brunch-para-Mama.webp","datePublished":"2024-07-26T15:28:49+00:00","dateModified":"2025-09-26T16:24:15+00:00","description":"Brunch para Mam\u00e1 Este brunch especial para mam\u00e1 contiene: Cajita con jamones y quesos Una tacita de frutas Un chocolate de leche en forma de coraz\u00f3n Una botella de 175 ml Riunite Caja de cart\u00f3n con un topper acr\u00edlico con el mensaje de \u201cMam\u00e1 eres la mejor\u201d y\u00a0una tapa transparente tambi\u00e9n personalizada.","breadcrumb":{"@id":"https:\/\/www.chocolatestheocr.com\/shop\/fechas-especiales\/dia-de-la-madre\/brunch-para-mama\/#breadcrumb"},"inLanguage":"en-US","potentialAction":[{"@type":"ReadAction","target":["https:\/\/www.chocolatestheocr.com\/shop\/fechas-especiales\/dia-de-la-madre\/brunch-para-mama\/"]}]},{"@type":"ImageObject","inLanguage":"en-US","@id":"https:\/\/www.chocolatestheocr.com\/shop\/fechas-especiales\/dia-de-la-madre\/brunch-para-mama\/#primaryimage","url":"https:\/\/www.chocolatestheocr.com\/wp-content\/uploads\/2024\/07\/Brunch-para-Mama.webp","contentUrl":"https:\/\/www.chocolatestheocr.com\/wp-content\/uploads\/2024\/07\/Brunch-para-Mama.webp","width":1136,"height":1000,"caption":"Brunch para Mama\u0301"},{"@type":"BreadcrumbList","@id":"https:\/\/www.chocolatestheocr.com\/shop\/fechas-especiales\/dia-de-la-madre\/brunch-para-mama\/#breadcrumb","itemListElement":[{"@type":"ListItem","position":1,"name":"Portada","item":"https:\/\/www.chocolatestheocr.com\/"},{"@type":"ListItem","position":2,"name":"Tienda","item":"https:\/\/www.chocolatestheocr.com\/shop\/"},{"@type":"ListItem","position":3,"name":"Brunch para Mam\u00e1"}]},{"@type":"WebSite","@id":"https:\/\/www.chocolatestheocr.com\/#website","url":"https:\/\/www.chocolatestheocr.com\/","name":"Chocolates Theo","description":"","publisher":{"@id":"https:\/\/www.chocolatestheocr.com\/#organization"},"potentialAction":[{"@type":"SearchAction","target":{"@type":"EntryPoint","urlTemplate":"https:\/\/www.chocolatestheocr.com\/?s={search_term_string}"},"query-input":{"@type":"PropertyValueSpecification","valueRequired":true,"valueName":"search_term_string"}}],"inLanguage":"en-US"},{"@type":"Organization","@id":"https:\/\/www.chocolatestheocr.com\/#organization","name":"Chocolates Theo","url":"https:\/\/www.chocolatestheocr.com\/","logo":{"@type":"ImageObject","inLanguage":"en-US","@id":"https:\/\/www.chocolatestheocr.com\/#\/schema\/logo\/image\/","url":"https:\/\/www.chocolatestheocr.com\/wp-content\/uploads\/2021\/10\/Logo-Chocolates-Theo.jpg","contentUrl":"https:\/\/www.chocolatestheocr.com\/wp-content\/uploads\/2021\/10\/Logo-Chocolates-Theo.jpg","width":600,"height":600,"caption":"Chocolates Theo"},"image":{"@id":"https:\/\/www.chocolatestheocr.com\/#\/schema\/logo\/image\/"},"sameAs":["https:\/\/www.facebook.com\/chocolatestheocr","https:\/\/www.instagram.com\/chocolates_theo\/","https:\/\/www.youtube.com\/channel\/UCcgAI69rswAd2FY1Ubvmcxw"]}]}},"_links":{"self":[{"href":"https:\/\/www.chocolatestheocr.com\/en\/wp-json\/wp\/v2\/product\/15256","targetHints":{"allow":["GET"]}}],"collection":[{"href":"https:\/\/www.chocolatestheocr.com\/en\/wp-json\/wp\/v2\/product"}],"about":[{"href":"https:\/\/www.chocolatestheocr.com\/en\/wp-json\/wp\/v2\/types\/product"}],"version-history":[{"count":0,"href":"https:\/\/www.chocolatestheocr.com\/en\/wp-json\/wp\/v2\/product\/15256\/revisions"}],"wp:featuredmedia":[{"embeddable":true,"href":"https:\/\/www.chocolatestheocr.com\/en\/wp-json\/wp\/v2\/media\/15311"}],"wp:attachment":[{"href":"https:\/\/www.chocolatestheocr.com\/en\/wp-json\/wp\/v2\/media?parent=15256"}],"wp:term":[{"taxonomy":"product_brand","embeddable":true,"href":"https:\/\/www.chocolatestheocr.com\/en\/wp-json\/wp\/v2\/product_brand?post=15256"},{"taxonomy":"product_cat","embeddable":true,"href":"https:\/\/www.chocolatestheocr.com\/en\/wp-json\/wp\/v2\/product_cat?post=15256"},{"taxonomy":"product_tag","embeddable":true,"href":"https:\/\/www.chocolatestheocr.com\/en\/wp-json\/wp\/v2\/product_tag?post=15256"}],"curies":[{"name":"wp","href":"https:\/\/api.w.org\/{rel}","templated":true}]}}