{"id":15203,"date":"2024-07-17T11:42:22","date_gmt":"2024-07-17T17:42:22","guid":{"rendered":"https:\/\/www.chocolatestheocr.com\/?post_type=product&#038;p=15203"},"modified":"2025-09-30T08:34:56","modified_gmt":"2025-09-30T14:34:56","slug":"jardin-de-mama","status":"publish","type":"product","link":"https:\/\/www.chocolatestheocr.com\/en\/shop\/fechas-especiales\/dia-de-la-madre\/jardin-de-mama\/","title":{"rendered":"Jard\u00edn de Mam\u00e1"},"content":{"rendered":"<p>Jard\u00edn de Mam\u00e1<\/p>\n<p>Este arreglo floral contiene 6 rosas naturales, flores primaverales, 6 fresas cubiertas de chocolate y un globo personalizado con la palabra Mam\u00e1.<\/p>","protected":false},"excerpt":{"rendered":"<p>Jard\u00edn de Mam\u00e1<\/p>\n<p>Este arreglo floral contiene 6 rosas naturales, flores primaverales, 6 fresas cubiertas de chocolate y un globo personalizado con la palabra Mam\u00e1.<\/p>","protected":false},"featured_media":15205,"template":"","meta":[],"product_brand":[361],"product_cat":[372,87,41],"product_tag":[727,284,728],"class_list":{"0":"post-15203","1":"product","2":"type-product","3":"status-publish","4":"has-post-thumbnail","6":"product_brand-chocolates-theo","7":"product_cat-flores-y-fresas-con-chocolate","8":"product_cat-dia-de-la-madre","9":"product_cat-all","10":"product_tag-arreglo-florales","11":"product_tag-dia-de-la-madre","12":"product_tag-fresas-y-flores","14":"first","15":"instock","16":"shipping-taxable","17":"purchasable","18":"product-type-simple"},"yoast_head":"<!-- This site is optimized with the Yoast SEO plugin v27.3 - https:\/\/yoast.com\/product\/yoast-seo-wordpress\/ -->\n<title>Jard\u00edn de Mam\u00e1\/ Arreglos florales\/ d\u00eda de la madre<\/title>\n<meta name=\"description\" content=\"Jard\u00edn de Mam\u00e1  Este arreglo floral contiene 6 rosas naturales, flores primaverales, 6 fresas cubiertas de chocolate y un globo personalizado con la palabra Mam\u00e1.\" \/>\n<meta name=\"robots\" content=\"index, follow, max-snippet:-1, max-image-preview:large, max-video-preview:-1\" \/>\n<link rel=\"canonical\" href=\"https:\/\/www.chocolatestheocr.com\/en\/shop\/fechas-especiales\/dia-de-la-madre\/jardin-de-mama\/\" \/>\n<meta property=\"og:locale\" content=\"en_US\" \/>\n<meta property=\"og:type\" content=\"article\" \/>\n<meta property=\"og:title\" content=\"Jard\u00edn de Mam\u00e1\/ Arreglos florales\/ d\u00eda de la madre\" \/>\n<meta property=\"og:description\" content=\"Jard\u00edn de Mam\u00e1  Este arreglo floral contiene 6 rosas naturales, flores primaverales, 6 fresas cubiertas de chocolate y un globo personalizado con la palabra Mam\u00e1.\" \/>\n<meta property=\"og:url\" content=\"https:\/\/www.chocolatestheocr.com\/en\/shop\/fechas-especiales\/dia-de-la-madre\/jardin-de-mama\/\" \/>\n<meta property=\"og:site_name\" content=\"Chocolates Theo\" \/>\n<meta property=\"article:publisher\" content=\"https:\/\/www.facebook.com\/chocolatestheocr\" \/>\n<meta property=\"article:modified_time\" content=\"2025-09-30T14:34:56+00:00\" \/>\n<meta property=\"og:image\" content=\"https:\/\/www.chocolatestheocr.com\/wp-content\/uploads\/2024\/07\/WhatsApp-Image-2024-07-17-at-11.03.46-AM.webp\" \/>\n\t<meta property=\"og:image:width\" content=\"960\" \/>\n\t<meta property=\"og:image:height\" content=\"1280\" \/>\n\t<meta property=\"og:image:type\" content=\"image\/webp\" \/>\n<meta name=\"twitter:card\" content=\"summary_large_image\" \/>\n<script type=\"application\/ld+json\" class=\"yoast-schema-graph\">{\"@context\":\"https:\\\/\\\/schema.org\",\"@graph\":[{\"@type\":\"WebPage\",\"@id\":\"https:\\\/\\\/www.chocolatestheocr.com\\\/shop\\\/fechas-especiales\\\/dia-de-la-madre\\\/jardin-de-mama\\\/\",\"url\":\"https:\\\/\\\/www.chocolatestheocr.com\\\/shop\\\/fechas-especiales\\\/dia-de-la-madre\\\/jardin-de-mama\\\/\",\"name\":\"Jard\u00edn de Mam\u00e1\\\/ Arreglos florales\\\/ d\u00eda de la madre\",\"isPartOf\":{\"@id\":\"https:\\\/\\\/www.chocolatestheocr.com\\\/#website\"},\"primaryImageOfPage\":{\"@id\":\"https:\\\/\\\/www.chocolatestheocr.com\\\/shop\\\/fechas-especiales\\\/dia-de-la-madre\\\/jardin-de-mama\\\/#primaryimage\"},\"image\":{\"@id\":\"https:\\\/\\\/www.chocolatestheocr.com\\\/shop\\\/fechas-especiales\\\/dia-de-la-madre\\\/jardin-de-mama\\\/#primaryimage\"},\"thumbnailUrl\":\"https:\\\/\\\/www.chocolatestheocr.com\\\/wp-content\\\/uploads\\\/2024\\\/07\\\/WhatsApp-Image-2024-07-17-at-11.03.46-AM.webp\",\"datePublished\":\"2024-07-17T17:42:22+00:00\",\"dateModified\":\"2025-09-30T14:34:56+00:00\",\"description\":\"Jard\u00edn de Mam\u00e1 Este arreglo floral contiene 6 rosas naturales, flores primaverales, 6 fresas cubiertas de chocolate y un globo personalizado con la palabra Mam\u00e1.\",\"breadcrumb\":{\"@id\":\"https:\\\/\\\/www.chocolatestheocr.com\\\/shop\\\/fechas-especiales\\\/dia-de-la-madre\\\/jardin-de-mama\\\/#breadcrumb\"},\"inLanguage\":\"en-US\",\"potentialAction\":[{\"@type\":\"ReadAction\",\"target\":[\"https:\\\/\\\/www.chocolatestheocr.com\\\/shop\\\/fechas-especiales\\\/dia-de-la-madre\\\/jardin-de-mama\\\/\"]}]},{\"@type\":\"ImageObject\",\"inLanguage\":\"en-US\",\"@id\":\"https:\\\/\\\/www.chocolatestheocr.com\\\/shop\\\/fechas-especiales\\\/dia-de-la-madre\\\/jardin-de-mama\\\/#primaryimage\",\"url\":\"https:\\\/\\\/www.chocolatestheocr.com\\\/wp-content\\\/uploads\\\/2024\\\/07\\\/WhatsApp-Image-2024-07-17-at-11.03.46-AM.webp\",\"contentUrl\":\"https:\\\/\\\/www.chocolatestheocr.com\\\/wp-content\\\/uploads\\\/2024\\\/07\\\/WhatsApp-Image-2024-07-17-at-11.03.46-AM.webp\",\"width\":960,\"height\":1280,\"caption\":\"Jard\u00edn de Mam\u00e1\"},{\"@type\":\"BreadcrumbList\",\"@id\":\"https:\\\/\\\/www.chocolatestheocr.com\\\/shop\\\/fechas-especiales\\\/dia-de-la-madre\\\/jardin-de-mama\\\/#breadcrumb\",\"itemListElement\":[{\"@type\":\"ListItem\",\"position\":1,\"name\":\"Portada\",\"item\":\"https:\\\/\\\/www.chocolatestheocr.com\\\/\"},{\"@type\":\"ListItem\",\"position\":2,\"name\":\"Tienda\",\"item\":\"https:\\\/\\\/www.chocolatestheocr.com\\\/shop\\\/\"},{\"@type\":\"ListItem\",\"position\":3,\"name\":\"Jard\u00edn de Mam\u00e1\"}]},{\"@type\":\"WebSite\",\"@id\":\"https:\\\/\\\/www.chocolatestheocr.com\\\/#website\",\"url\":\"https:\\\/\\\/www.chocolatestheocr.com\\\/\",\"name\":\"Chocolates Theo\",\"description\":\"\",\"publisher\":{\"@id\":\"https:\\\/\\\/www.chocolatestheocr.com\\\/#organization\"},\"potentialAction\":[{\"@type\":\"SearchAction\",\"target\":{\"@type\":\"EntryPoint\",\"urlTemplate\":\"https:\\\/\\\/www.chocolatestheocr.com\\\/?s={search_term_string}\"},\"query-input\":{\"@type\":\"PropertyValueSpecification\",\"valueRequired\":true,\"valueName\":\"search_term_string\"}}],\"inLanguage\":\"en-US\"},{\"@type\":\"Organization\",\"@id\":\"https:\\\/\\\/www.chocolatestheocr.com\\\/#organization\",\"name\":\"Chocolates Theo\",\"url\":\"https:\\\/\\\/www.chocolatestheocr.com\\\/\",\"logo\":{\"@type\":\"ImageObject\",\"inLanguage\":\"en-US\",\"@id\":\"https:\\\/\\\/www.chocolatestheocr.com\\\/#\\\/schema\\\/logo\\\/image\\\/\",\"url\":\"https:\\\/\\\/www.chocolatestheocr.com\\\/wp-content\\\/uploads\\\/2021\\\/10\\\/Logo-Chocolates-Theo.jpg\",\"contentUrl\":\"https:\\\/\\\/www.chocolatestheocr.com\\\/wp-content\\\/uploads\\\/2021\\\/10\\\/Logo-Chocolates-Theo.jpg\",\"width\":600,\"height\":600,\"caption\":\"Chocolates Theo\"},\"image\":{\"@id\":\"https:\\\/\\\/www.chocolatestheocr.com\\\/#\\\/schema\\\/logo\\\/image\\\/\"},\"sameAs\":[\"https:\\\/\\\/www.facebook.com\\\/chocolatestheocr\",\"https:\\\/\\\/www.instagram.com\\\/chocolates_theo\\\/\",\"https:\\\/\\\/www.youtube.com\\\/channel\\\/UCcgAI69rswAd2FY1Ubvmcxw\"]}]}<\/script>\n<!-- \/ Yoast SEO plugin. -->","yoast_head_json":{"title":"Jard\u00edn de Mam\u00e1\/ Arreglos florales\/ d\u00eda de la madre","description":"Jard\u00edn de Mam\u00e1  Este arreglo floral contiene 6 rosas naturales, flores primaverales, 6 fresas cubiertas de chocolate y un globo personalizado con la palabra Mam\u00e1.","robots":{"index":"index","follow":"follow","max-snippet":"max-snippet:-1","max-image-preview":"max-image-preview:large","max-video-preview":"max-video-preview:-1"},"canonical":"https:\/\/www.chocolatestheocr.com\/en\/shop\/fechas-especiales\/dia-de-la-madre\/jardin-de-mama\/","og_locale":"en_US","og_type":"article","og_title":"Jard\u00edn de Mam\u00e1\/ Arreglos florales\/ d\u00eda de la madre","og_description":"Jard\u00edn de Mam\u00e1  Este arreglo floral contiene 6 rosas naturales, flores primaverales, 6 fresas cubiertas de chocolate y un globo personalizado con la palabra Mam\u00e1.","og_url":"https:\/\/www.chocolatestheocr.com\/en\/shop\/fechas-especiales\/dia-de-la-madre\/jardin-de-mama\/","og_site_name":"Chocolates Theo","article_publisher":"https:\/\/www.facebook.com\/chocolatestheocr","article_modified_time":"2025-09-30T14:34:56+00:00","og_image":[{"width":960,"height":1280,"url":"https:\/\/www.chocolatestheocr.com\/wp-content\/uploads\/2024\/07\/WhatsApp-Image-2024-07-17-at-11.03.46-AM.webp","type":"image\/webp"}],"twitter_card":"summary_large_image","schema":{"@context":"https:\/\/schema.org","@graph":[{"@type":"WebPage","@id":"https:\/\/www.chocolatestheocr.com\/shop\/fechas-especiales\/dia-de-la-madre\/jardin-de-mama\/","url":"https:\/\/www.chocolatestheocr.com\/shop\/fechas-especiales\/dia-de-la-madre\/jardin-de-mama\/","name":"Jard\u00edn de Mam\u00e1\/ Arreglos florales\/ d\u00eda de la madre","isPartOf":{"@id":"https:\/\/www.chocolatestheocr.com\/#website"},"primaryImageOfPage":{"@id":"https:\/\/www.chocolatestheocr.com\/shop\/fechas-especiales\/dia-de-la-madre\/jardin-de-mama\/#primaryimage"},"image":{"@id":"https:\/\/www.chocolatestheocr.com\/shop\/fechas-especiales\/dia-de-la-madre\/jardin-de-mama\/#primaryimage"},"thumbnailUrl":"https:\/\/www.chocolatestheocr.com\/wp-content\/uploads\/2024\/07\/WhatsApp-Image-2024-07-17-at-11.03.46-AM.webp","datePublished":"2024-07-17T17:42:22+00:00","dateModified":"2025-09-30T14:34:56+00:00","description":"Jard\u00edn de Mam\u00e1 Este arreglo floral contiene 6 rosas naturales, flores primaverales, 6 fresas cubiertas de chocolate y un globo personalizado con la palabra Mam\u00e1.","breadcrumb":{"@id":"https:\/\/www.chocolatestheocr.com\/shop\/fechas-especiales\/dia-de-la-madre\/jardin-de-mama\/#breadcrumb"},"inLanguage":"en-US","potentialAction":[{"@type":"ReadAction","target":["https:\/\/www.chocolatestheocr.com\/shop\/fechas-especiales\/dia-de-la-madre\/jardin-de-mama\/"]}]},{"@type":"ImageObject","inLanguage":"en-US","@id":"https:\/\/www.chocolatestheocr.com\/shop\/fechas-especiales\/dia-de-la-madre\/jardin-de-mama\/#primaryimage","url":"https:\/\/www.chocolatestheocr.com\/wp-content\/uploads\/2024\/07\/WhatsApp-Image-2024-07-17-at-11.03.46-AM.webp","contentUrl":"https:\/\/www.chocolatestheocr.com\/wp-content\/uploads\/2024\/07\/WhatsApp-Image-2024-07-17-at-11.03.46-AM.webp","width":960,"height":1280,"caption":"Jard\u00edn de Mam\u00e1"},{"@type":"BreadcrumbList","@id":"https:\/\/www.chocolatestheocr.com\/shop\/fechas-especiales\/dia-de-la-madre\/jardin-de-mama\/#breadcrumb","itemListElement":[{"@type":"ListItem","position":1,"name":"Portada","item":"https:\/\/www.chocolatestheocr.com\/"},{"@type":"ListItem","position":2,"name":"Tienda","item":"https:\/\/www.chocolatestheocr.com\/shop\/"},{"@type":"ListItem","position":3,"name":"Jard\u00edn de Mam\u00e1"}]},{"@type":"WebSite","@id":"https:\/\/www.chocolatestheocr.com\/#website","url":"https:\/\/www.chocolatestheocr.com\/","name":"Chocolates Theo","description":"","publisher":{"@id":"https:\/\/www.chocolatestheocr.com\/#organization"},"potentialAction":[{"@type":"SearchAction","target":{"@type":"EntryPoint","urlTemplate":"https:\/\/www.chocolatestheocr.com\/?s={search_term_string}"},"query-input":{"@type":"PropertyValueSpecification","valueRequired":true,"valueName":"search_term_string"}}],"inLanguage":"en-US"},{"@type":"Organization","@id":"https:\/\/www.chocolatestheocr.com\/#organization","name":"Chocolates Theo","url":"https:\/\/www.chocolatestheocr.com\/","logo":{"@type":"ImageObject","inLanguage":"en-US","@id":"https:\/\/www.chocolatestheocr.com\/#\/schema\/logo\/image\/","url":"https:\/\/www.chocolatestheocr.com\/wp-content\/uploads\/2021\/10\/Logo-Chocolates-Theo.jpg","contentUrl":"https:\/\/www.chocolatestheocr.com\/wp-content\/uploads\/2021\/10\/Logo-Chocolates-Theo.jpg","width":600,"height":600,"caption":"Chocolates Theo"},"image":{"@id":"https:\/\/www.chocolatestheocr.com\/#\/schema\/logo\/image\/"},"sameAs":["https:\/\/www.facebook.com\/chocolatestheocr","https:\/\/www.instagram.com\/chocolates_theo\/","https:\/\/www.youtube.com\/channel\/UCcgAI69rswAd2FY1Ubvmcxw"]}]}},"_links":{"self":[{"href":"https:\/\/www.chocolatestheocr.com\/en\/wp-json\/wp\/v2\/product\/15203","targetHints":{"allow":["GET"]}}],"collection":[{"href":"https:\/\/www.chocolatestheocr.com\/en\/wp-json\/wp\/v2\/product"}],"about":[{"href":"https:\/\/www.chocolatestheocr.com\/en\/wp-json\/wp\/v2\/types\/product"}],"version-history":[{"count":0,"href":"https:\/\/www.chocolatestheocr.com\/en\/wp-json\/wp\/v2\/product\/15203\/revisions"}],"wp:featuredmedia":[{"embeddable":true,"href":"https:\/\/www.chocolatestheocr.com\/en\/wp-json\/wp\/v2\/media\/15205"}],"wp:attachment":[{"href":"https:\/\/www.chocolatestheocr.com\/en\/wp-json\/wp\/v2\/media?parent=15203"}],"wp:term":[{"taxonomy":"product_brand","embeddable":true,"href":"https:\/\/www.chocolatestheocr.com\/en\/wp-json\/wp\/v2\/product_brand?post=15203"},{"taxonomy":"product_cat","embeddable":true,"href":"https:\/\/www.chocolatestheocr.com\/en\/wp-json\/wp\/v2\/product_cat?post=15203"},{"taxonomy":"product_tag","embeddable":true,"href":"https:\/\/www.chocolatestheocr.com\/en\/wp-json\/wp\/v2\/product_tag?post=15203"}],"curies":[{"name":"wp","href":"https:\/\/api.w.org\/{rel}","templated":true}]}}