{"id":15173,"date":"2024-07-12T11:55:51","date_gmt":"2024-07-12T17:55:51","guid":{"rendered":"https:\/\/www.chocolatestheocr.com\/?post_type=product&#038;p=15173"},"modified":"2025-09-30T09:04:09","modified_gmt":"2025-09-30T15:04:09","slug":"arreglo-berlin","status":"publish","type":"product","link":"https:\/\/www.chocolatestheocr.com\/en\/shop\/fechas-especiales\/cumpleanos\/arreglo-berlin\/","title":{"rendered":"Arreglo Berl\u00edn"},"content":{"rendered":"<p>Arreglo Berl\u00edn<\/p>\n<p>Caja blanca con 10 Rosas rojas, un queque\u00a0 de tama\u00f1o personal en caja transparente con lazo y topper de feliz cumplea\u00f1os,\u00a0 se puede cambia por un topper de te amo o feliz d\u00eda.<\/p>","protected":false},"excerpt":{"rendered":"<p>Arreglo Berl\u00edn<\/p>\n<p>Caja blanca con 10 Rosas rojas, un queque de tama\u00f1o personal en caja transparente con lazo y topper de feliz cumplea\u00f1os,\u00a0 se puede cambia por un topper de te amo o feliz d\u00eda.<\/p>","protected":false},"featured_media":15174,"template":"","meta":[],"product_brand":[361],"product_cat":[372,500,74,504,41],"product_tag":[99,501,132],"class_list":{"0":"post-15173","1":"product","2":"type-product","3":"status-publish","4":"has-post-thumbnail","6":"product_brand-chocolates-theo","7":"product_cat-flores-y-fresas-con-chocolate","8":"product_cat-cumpleanos","9":"product_cat-fechas-especiales","10":"product_cat-queques","11":"product_cat-all","12":"product_tag-cumpleanos","13":"product_tag-queque","14":"product_tag-rosas","16":"first","17":"instock","18":"shipping-taxable","19":"purchasable","20":"product-type-simple"},"yoast_head":"<!-- This site is optimized with the Yoast SEO plugin v27.3 - https:\/\/yoast.com\/product\/yoast-seo-wordpress\/ -->\n<title>Arreglo Berl\u00edn\/ Arreglos florales\/ regalos a domicilio<\/title>\n<meta name=\"description\" content=\"Arreglo Berl\u00edn  Caja blanca con 10 Rosas rojas, un queque de tama\u00f1o personal en caja transparente con lazo y topper de feliz cumplea\u00f1os,\u00a0 se puede cambia por un topper de te amo o feliz d\u00eda.\" \/>\n<meta name=\"robots\" content=\"index, follow, max-snippet:-1, max-image-preview:large, max-video-preview:-1\" \/>\n<link rel=\"canonical\" href=\"https:\/\/www.chocolatestheocr.com\/en\/shop\/fechas-especiales\/cumpleanos\/arreglo-berlin\/\" \/>\n<meta property=\"og:locale\" content=\"en_US\" \/>\n<meta property=\"og:type\" content=\"article\" \/>\n<meta property=\"og:title\" content=\"Arreglo Berl\u00edn\/ Arreglos florales\/ regalos a domicilio\" \/>\n<meta property=\"og:description\" content=\"Arreglo Berl\u00edn  Caja blanca con 10 Rosas rojas, un queque de tama\u00f1o personal en caja transparente con lazo y topper de feliz cumplea\u00f1os,\u00a0 se puede cambia por un topper de te amo o feliz d\u00eda.\" \/>\n<meta property=\"og:url\" content=\"https:\/\/www.chocolatestheocr.com\/en\/shop\/fechas-especiales\/cumpleanos\/arreglo-berlin\/\" \/>\n<meta property=\"og:site_name\" content=\"Chocolates Theo\" \/>\n<meta property=\"article:publisher\" content=\"https:\/\/www.facebook.com\/chocolatestheocr\" \/>\n<meta property=\"article:modified_time\" content=\"2025-09-30T15:04:09+00:00\" \/>\n<meta property=\"og:image\" content=\"https:\/\/www.chocolatestheocr.com\/wp-content\/uploads\/2024\/07\/WhatsApp-Image-2024-07-11-at-11.20.15-AM.jpeg\" \/>\n\t<meta property=\"og:image:width\" content=\"1280\" \/>\n\t<meta property=\"og:image:height\" content=\"1280\" \/>\n\t<meta property=\"og:image:type\" content=\"image\/jpeg\" \/>\n<meta name=\"twitter:card\" content=\"summary_large_image\" \/>\n<script type=\"application\/ld+json\" class=\"yoast-schema-graph\">{\"@context\":\"https:\\\/\\\/schema.org\",\"@graph\":[{\"@type\":\"WebPage\",\"@id\":\"https:\\\/\\\/www.chocolatestheocr.com\\\/shop\\\/fechas-especiales\\\/cumpleanos\\\/arreglo-berlin\\\/\",\"url\":\"https:\\\/\\\/www.chocolatestheocr.com\\\/shop\\\/fechas-especiales\\\/cumpleanos\\\/arreglo-berlin\\\/\",\"name\":\"Arreglo Berl\u00edn\\\/ Arreglos florales\\\/ regalos a domicilio\",\"isPartOf\":{\"@id\":\"https:\\\/\\\/www.chocolatestheocr.com\\\/#website\"},\"primaryImageOfPage\":{\"@id\":\"https:\\\/\\\/www.chocolatestheocr.com\\\/shop\\\/fechas-especiales\\\/cumpleanos\\\/arreglo-berlin\\\/#primaryimage\"},\"image\":{\"@id\":\"https:\\\/\\\/www.chocolatestheocr.com\\\/shop\\\/fechas-especiales\\\/cumpleanos\\\/arreglo-berlin\\\/#primaryimage\"},\"thumbnailUrl\":\"https:\\\/\\\/www.chocolatestheocr.com\\\/wp-content\\\/uploads\\\/2024\\\/07\\\/WhatsApp-Image-2024-07-11-at-11.20.15-AM.jpeg\",\"datePublished\":\"2024-07-12T17:55:51+00:00\",\"dateModified\":\"2025-09-30T15:04:09+00:00\",\"description\":\"Arreglo Berl\u00edn Caja blanca con 10 Rosas rojas, un queque de tama\u00f1o personal en caja transparente con lazo y topper de feliz cumplea\u00f1os,\u00a0 se puede cambia por un topper de te amo o feliz d\u00eda.\",\"breadcrumb\":{\"@id\":\"https:\\\/\\\/www.chocolatestheocr.com\\\/shop\\\/fechas-especiales\\\/cumpleanos\\\/arreglo-berlin\\\/#breadcrumb\"},\"inLanguage\":\"en-US\",\"potentialAction\":[{\"@type\":\"ReadAction\",\"target\":[\"https:\\\/\\\/www.chocolatestheocr.com\\\/shop\\\/fechas-especiales\\\/cumpleanos\\\/arreglo-berlin\\\/\"]}]},{\"@type\":\"ImageObject\",\"inLanguage\":\"en-US\",\"@id\":\"https:\\\/\\\/www.chocolatestheocr.com\\\/shop\\\/fechas-especiales\\\/cumpleanos\\\/arreglo-berlin\\\/#primaryimage\",\"url\":\"https:\\\/\\\/www.chocolatestheocr.com\\\/wp-content\\\/uploads\\\/2024\\\/07\\\/WhatsApp-Image-2024-07-11-at-11.20.15-AM.jpeg\",\"contentUrl\":\"https:\\\/\\\/www.chocolatestheocr.com\\\/wp-content\\\/uploads\\\/2024\\\/07\\\/WhatsApp-Image-2024-07-11-at-11.20.15-AM.jpeg\",\"width\":1280,\"height\":1280,\"caption\":\"Arreglo Berl\u00edn\"},{\"@type\":\"BreadcrumbList\",\"@id\":\"https:\\\/\\\/www.chocolatestheocr.com\\\/shop\\\/fechas-especiales\\\/cumpleanos\\\/arreglo-berlin\\\/#breadcrumb\",\"itemListElement\":[{\"@type\":\"ListItem\",\"position\":1,\"name\":\"Portada\",\"item\":\"https:\\\/\\\/www.chocolatestheocr.com\\\/\"},{\"@type\":\"ListItem\",\"position\":2,\"name\":\"Tienda\",\"item\":\"https:\\\/\\\/www.chocolatestheocr.com\\\/shop\\\/\"},{\"@type\":\"ListItem\",\"position\":3,\"name\":\"Arreglo Berl\u00edn\"}]},{\"@type\":\"WebSite\",\"@id\":\"https:\\\/\\\/www.chocolatestheocr.com\\\/#website\",\"url\":\"https:\\\/\\\/www.chocolatestheocr.com\\\/\",\"name\":\"Chocolates Theo\",\"description\":\"\",\"publisher\":{\"@id\":\"https:\\\/\\\/www.chocolatestheocr.com\\\/#organization\"},\"potentialAction\":[{\"@type\":\"SearchAction\",\"target\":{\"@type\":\"EntryPoint\",\"urlTemplate\":\"https:\\\/\\\/www.chocolatestheocr.com\\\/?s={search_term_string}\"},\"query-input\":{\"@type\":\"PropertyValueSpecification\",\"valueRequired\":true,\"valueName\":\"search_term_string\"}}],\"inLanguage\":\"en-US\"},{\"@type\":\"Organization\",\"@id\":\"https:\\\/\\\/www.chocolatestheocr.com\\\/#organization\",\"name\":\"Chocolates Theo\",\"url\":\"https:\\\/\\\/www.chocolatestheocr.com\\\/\",\"logo\":{\"@type\":\"ImageObject\",\"inLanguage\":\"en-US\",\"@id\":\"https:\\\/\\\/www.chocolatestheocr.com\\\/#\\\/schema\\\/logo\\\/image\\\/\",\"url\":\"https:\\\/\\\/www.chocolatestheocr.com\\\/wp-content\\\/uploads\\\/2021\\\/10\\\/Logo-Chocolates-Theo.jpg\",\"contentUrl\":\"https:\\\/\\\/www.chocolatestheocr.com\\\/wp-content\\\/uploads\\\/2021\\\/10\\\/Logo-Chocolates-Theo.jpg\",\"width\":600,\"height\":600,\"caption\":\"Chocolates Theo\"},\"image\":{\"@id\":\"https:\\\/\\\/www.chocolatestheocr.com\\\/#\\\/schema\\\/logo\\\/image\\\/\"},\"sameAs\":[\"https:\\\/\\\/www.facebook.com\\\/chocolatestheocr\",\"https:\\\/\\\/www.instagram.com\\\/chocolates_theo\\\/\",\"https:\\\/\\\/www.youtube.com\\\/channel\\\/UCcgAI69rswAd2FY1Ubvmcxw\"]}]}<\/script>\n<!-- \/ Yoast SEO plugin. -->","yoast_head_json":{"title":"Arreglo Berl\u00edn\/ Arreglos florales\/ regalos a domicilio","description":"Arreglo Berl\u00edn  Caja blanca con 10 Rosas rojas, un queque de tama\u00f1o personal en caja transparente con lazo y topper de feliz cumplea\u00f1os,\u00a0 se puede cambia por un topper de te amo o feliz d\u00eda.","robots":{"index":"index","follow":"follow","max-snippet":"max-snippet:-1","max-image-preview":"max-image-preview:large","max-video-preview":"max-video-preview:-1"},"canonical":"https:\/\/www.chocolatestheocr.com\/en\/shop\/fechas-especiales\/cumpleanos\/arreglo-berlin\/","og_locale":"en_US","og_type":"article","og_title":"Arreglo Berl\u00edn\/ Arreglos florales\/ regalos a domicilio","og_description":"Arreglo Berl\u00edn  Caja blanca con 10 Rosas rojas, un queque de tama\u00f1o personal en caja transparente con lazo y topper de feliz cumplea\u00f1os,\u00a0 se puede cambia por un topper de te amo o feliz d\u00eda.","og_url":"https:\/\/www.chocolatestheocr.com\/en\/shop\/fechas-especiales\/cumpleanos\/arreglo-berlin\/","og_site_name":"Chocolates Theo","article_publisher":"https:\/\/www.facebook.com\/chocolatestheocr","article_modified_time":"2025-09-30T15:04:09+00:00","og_image":[{"width":1280,"height":1280,"url":"https:\/\/www.chocolatestheocr.com\/wp-content\/uploads\/2024\/07\/WhatsApp-Image-2024-07-11-at-11.20.15-AM.jpeg","type":"image\/jpeg"}],"twitter_card":"summary_large_image","schema":{"@context":"https:\/\/schema.org","@graph":[{"@type":"WebPage","@id":"https:\/\/www.chocolatestheocr.com\/shop\/fechas-especiales\/cumpleanos\/arreglo-berlin\/","url":"https:\/\/www.chocolatestheocr.com\/shop\/fechas-especiales\/cumpleanos\/arreglo-berlin\/","name":"Arreglo Berl\u00edn\/ Arreglos florales\/ regalos a domicilio","isPartOf":{"@id":"https:\/\/www.chocolatestheocr.com\/#website"},"primaryImageOfPage":{"@id":"https:\/\/www.chocolatestheocr.com\/shop\/fechas-especiales\/cumpleanos\/arreglo-berlin\/#primaryimage"},"image":{"@id":"https:\/\/www.chocolatestheocr.com\/shop\/fechas-especiales\/cumpleanos\/arreglo-berlin\/#primaryimage"},"thumbnailUrl":"https:\/\/www.chocolatestheocr.com\/wp-content\/uploads\/2024\/07\/WhatsApp-Image-2024-07-11-at-11.20.15-AM.jpeg","datePublished":"2024-07-12T17:55:51+00:00","dateModified":"2025-09-30T15:04:09+00:00","description":"Arreglo Berl\u00edn Caja blanca con 10 Rosas rojas, un queque de tama\u00f1o personal en caja transparente con lazo y topper de feliz cumplea\u00f1os,\u00a0 se puede cambia por un topper de te amo o feliz d\u00eda.","breadcrumb":{"@id":"https:\/\/www.chocolatestheocr.com\/shop\/fechas-especiales\/cumpleanos\/arreglo-berlin\/#breadcrumb"},"inLanguage":"en-US","potentialAction":[{"@type":"ReadAction","target":["https:\/\/www.chocolatestheocr.com\/shop\/fechas-especiales\/cumpleanos\/arreglo-berlin\/"]}]},{"@type":"ImageObject","inLanguage":"en-US","@id":"https:\/\/www.chocolatestheocr.com\/shop\/fechas-especiales\/cumpleanos\/arreglo-berlin\/#primaryimage","url":"https:\/\/www.chocolatestheocr.com\/wp-content\/uploads\/2024\/07\/WhatsApp-Image-2024-07-11-at-11.20.15-AM.jpeg","contentUrl":"https:\/\/www.chocolatestheocr.com\/wp-content\/uploads\/2024\/07\/WhatsApp-Image-2024-07-11-at-11.20.15-AM.jpeg","width":1280,"height":1280,"caption":"Arreglo Berl\u00edn"},{"@type":"BreadcrumbList","@id":"https:\/\/www.chocolatestheocr.com\/shop\/fechas-especiales\/cumpleanos\/arreglo-berlin\/#breadcrumb","itemListElement":[{"@type":"ListItem","position":1,"name":"Portada","item":"https:\/\/www.chocolatestheocr.com\/"},{"@type":"ListItem","position":2,"name":"Tienda","item":"https:\/\/www.chocolatestheocr.com\/shop\/"},{"@type":"ListItem","position":3,"name":"Arreglo Berl\u00edn"}]},{"@type":"WebSite","@id":"https:\/\/www.chocolatestheocr.com\/#website","url":"https:\/\/www.chocolatestheocr.com\/","name":"Chocolates Theo","description":"","publisher":{"@id":"https:\/\/www.chocolatestheocr.com\/#organization"},"potentialAction":[{"@type":"SearchAction","target":{"@type":"EntryPoint","urlTemplate":"https:\/\/www.chocolatestheocr.com\/?s={search_term_string}"},"query-input":{"@type":"PropertyValueSpecification","valueRequired":true,"valueName":"search_term_string"}}],"inLanguage":"en-US"},{"@type":"Organization","@id":"https:\/\/www.chocolatestheocr.com\/#organization","name":"Chocolates Theo","url":"https:\/\/www.chocolatestheocr.com\/","logo":{"@type":"ImageObject","inLanguage":"en-US","@id":"https:\/\/www.chocolatestheocr.com\/#\/schema\/logo\/image\/","url":"https:\/\/www.chocolatestheocr.com\/wp-content\/uploads\/2021\/10\/Logo-Chocolates-Theo.jpg","contentUrl":"https:\/\/www.chocolatestheocr.com\/wp-content\/uploads\/2021\/10\/Logo-Chocolates-Theo.jpg","width":600,"height":600,"caption":"Chocolates Theo"},"image":{"@id":"https:\/\/www.chocolatestheocr.com\/#\/schema\/logo\/image\/"},"sameAs":["https:\/\/www.facebook.com\/chocolatestheocr","https:\/\/www.instagram.com\/chocolates_theo\/","https:\/\/www.youtube.com\/channel\/UCcgAI69rswAd2FY1Ubvmcxw"]}]}},"_links":{"self":[{"href":"https:\/\/www.chocolatestheocr.com\/en\/wp-json\/wp\/v2\/product\/15173","targetHints":{"allow":["GET"]}}],"collection":[{"href":"https:\/\/www.chocolatestheocr.com\/en\/wp-json\/wp\/v2\/product"}],"about":[{"href":"https:\/\/www.chocolatestheocr.com\/en\/wp-json\/wp\/v2\/types\/product"}],"version-history":[{"count":0,"href":"https:\/\/www.chocolatestheocr.com\/en\/wp-json\/wp\/v2\/product\/15173\/revisions"}],"wp:featuredmedia":[{"embeddable":true,"href":"https:\/\/www.chocolatestheocr.com\/en\/wp-json\/wp\/v2\/media\/15174"}],"wp:attachment":[{"href":"https:\/\/www.chocolatestheocr.com\/en\/wp-json\/wp\/v2\/media?parent=15173"}],"wp:term":[{"taxonomy":"product_brand","embeddable":true,"href":"https:\/\/www.chocolatestheocr.com\/en\/wp-json\/wp\/v2\/product_brand?post=15173"},{"taxonomy":"product_cat","embeddable":true,"href":"https:\/\/www.chocolatestheocr.com\/en\/wp-json\/wp\/v2\/product_cat?post=15173"},{"taxonomy":"product_tag","embeddable":true,"href":"https:\/\/www.chocolatestheocr.com\/en\/wp-json\/wp\/v2\/product_tag?post=15173"}],"curies":[{"name":"wp","href":"https:\/\/api.w.org\/{rel}","templated":true}]}}