{"id":14821,"date":"2024-05-25T15:04:04","date_gmt":"2024-05-25T21:04:04","guid":{"rendered":"https:\/\/www.chocolatestheocr.com\/?post_type=product&#038;p=14821"},"modified":"2026-01-12T13:24:17","modified_gmt":"2026-01-12T19:24:17","slug":"caja-te-admiro-papa","status":"publish","type":"product","link":"https:\/\/www.chocolatestheocr.com\/en\/shop\/fechas-especiales\/dia-del-padre\/caja-te-admiro-papa\/","title":{"rendered":"Caja &#8220;Te Admiro Pap\u00e1&#8221;"},"content":{"rendered":"<p>Caja &#8220;Te Admiro Pap\u00e1&#8221;<\/p>\n<p>Esta deliciosa caja contiene:<\/p>\n<ul>\n<li>Taza con salchichas<\/li>\n<li>Croissant con jam\u00f3n y queso<\/li>\n<li>Cerveza Corona<\/li>\n<li>Destapador de madera con el mensaje &#8221;\u00a0 para el mejor pap\u00e1 del mundo&#8221;<\/li>\n<li>Caja negra con tapa transparente y topper en dorado acr\u00edlico con el mensaje &#8220;pap\u00e1 eres el mejor&#8221;<\/li>\n<\/ul>","protected":false},"excerpt":{"rendered":"<p>Caja &#8220;Te Admiro Pap\u00e1&#8221;<\/p>\n<p>Esta deliciosa caja contiene:<\/p>\n<ul>\n<li>Taza con salchichas<\/li>\n<li>Croissant con jam\u00f3n y queso<\/li>\n<li>Cerveza Corona<\/li>\n<li>Destapador de madera con el mensaje &#8221;\u00a0 para el mejor pap\u00e1 del mundo&#8221;<\/li>\n<li>Caja negra con tapa transparente y topper en dorado acr\u00edlico con el mensaje &#8220;pap\u00e1 eres el mejor&#8221;<\/li>\n<\/ul>","protected":false},"featured_media":14824,"template":"","meta":[],"product_brand":[361],"product_cat":[90,578,41],"product_tag":[704,494,703,615,689],"class_list":{"0":"post-14821","1":"product","2":"type-product","3":"status-publish","4":"has-post-thumbnail","6":"product_brand-chocolates-theo","7":"product_cat-dia-del-padre","8":"product_cat-regalos-para-ellos","9":"product_cat-all","10":"product_tag-cajas","11":"product_tag-cerveza","12":"product_tag-dia-del-pade","13":"product_tag-salchichas","14":"product_tag-sandwich-de-croissant","16":"first","17":"instock","18":"shipping-taxable","19":"purchasable","20":"product-type-simple"},"yoast_head":"<!-- This site is optimized with the Yoast SEO plugin v27.3 - https:\/\/yoast.com\/product\/yoast-seo-wordpress\/ -->\n<title>Caja &quot;Te Admiro Pap\u00e1&quot;\/regalos del d\u00eda del padre\/regalos a domicilio<\/title>\n<meta name=\"description\" content=\"Caja &quot;Te Admiro Pap\u00e1&quot;  Esta deliciosa caja contiene:   Taza con salchichas  Croissant con jam\u00f3n y queso  Cerveza Corona  Destapador de madera con el mensaje &quot;\u00a0 para el mejor pap\u00e1 del mundo&quot;  Caja negra con tapa transparente y topper en dorado acr\u00edlico con el mensaje &quot;pap\u00e1 eres el mejor&quot;\" \/>\n<meta name=\"robots\" content=\"index, follow, max-snippet:-1, max-image-preview:large, max-video-preview:-1\" \/>\n<link rel=\"canonical\" href=\"https:\/\/www.chocolatestheocr.com\/en\/shop\/fechas-especiales\/dia-del-padre\/caja-te-admiro-papa\/\" \/>\n<meta property=\"og:locale\" content=\"en_US\" \/>\n<meta property=\"og:type\" content=\"article\" \/>\n<meta property=\"og:title\" content=\"Caja &quot;Te Admiro Pap\u00e1&quot;\/regalos del d\u00eda del padre\/regalos a domicilio\" \/>\n<meta property=\"og:description\" content=\"Caja &quot;Te Admiro Pap\u00e1&quot;  Esta deliciosa caja contiene:   Taza con salchichas  Croissant con jam\u00f3n y queso  Cerveza Corona  Destapador de madera con el mensaje &quot;\u00a0 para el mejor pap\u00e1 del mundo&quot;  Caja negra con tapa transparente y topper en dorado acr\u00edlico con el mensaje &quot;pap\u00e1 eres el mejor&quot;\" \/>\n<meta property=\"og:url\" content=\"https:\/\/www.chocolatestheocr.com\/en\/shop\/fechas-especiales\/dia-del-padre\/caja-te-admiro-papa\/\" \/>\n<meta property=\"og:site_name\" content=\"Chocolates Theo\" \/>\n<meta property=\"article:publisher\" content=\"https:\/\/www.facebook.com\/chocolatestheocr\" \/>\n<meta property=\"article:modified_time\" content=\"2026-01-12T19:24:17+00:00\" \/>\n<meta property=\"og:image\" content=\"https:\/\/www.chocolatestheocr.com\/wp-content\/uploads\/2024\/05\/DAD1-1.jpg\" \/>\n\t<meta property=\"og:image:width\" content=\"500\" \/>\n\t<meta property=\"og:image:height\" content=\"500\" \/>\n\t<meta property=\"og:image:type\" content=\"image\/jpeg\" \/>\n<meta name=\"twitter:card\" content=\"summary_large_image\" \/>\n<script type=\"application\/ld+json\" class=\"yoast-schema-graph\">{\"@context\":\"https:\\\/\\\/schema.org\",\"@graph\":[{\"@type\":\"WebPage\",\"@id\":\"https:\\\/\\\/www.chocolatestheocr.com\\\/shop\\\/fechas-especiales\\\/dia-del-padre\\\/caja-te-admiro-papa\\\/\",\"url\":\"https:\\\/\\\/www.chocolatestheocr.com\\\/shop\\\/fechas-especiales\\\/dia-del-padre\\\/caja-te-admiro-papa\\\/\",\"name\":\"Caja \\\"Te Admiro Pap\u00e1\\\"\\\/regalos del d\u00eda del padre\\\/regalos a domicilio\",\"isPartOf\":{\"@id\":\"https:\\\/\\\/www.chocolatestheocr.com\\\/#website\"},\"primaryImageOfPage\":{\"@id\":\"https:\\\/\\\/www.chocolatestheocr.com\\\/shop\\\/fechas-especiales\\\/dia-del-padre\\\/caja-te-admiro-papa\\\/#primaryimage\"},\"image\":{\"@id\":\"https:\\\/\\\/www.chocolatestheocr.com\\\/shop\\\/fechas-especiales\\\/dia-del-padre\\\/caja-te-admiro-papa\\\/#primaryimage\"},\"thumbnailUrl\":\"https:\\\/\\\/www.chocolatestheocr.com\\\/wp-content\\\/uploads\\\/2024\\\/05\\\/DAD1-1.jpg\",\"datePublished\":\"2024-05-25T21:04:04+00:00\",\"dateModified\":\"2026-01-12T19:24:17+00:00\",\"description\":\"Caja \\\"Te Admiro Pap\u00e1\\\" Esta deliciosa caja contiene: Taza con salchichas Croissant con jam\u00f3n y queso Cerveza Corona Destapador de madera con el mensaje \\\"\u00a0 para el mejor pap\u00e1 del mundo\\\" Caja negra con tapa transparente y topper en dorado acr\u00edlico con el mensaje \\\"pap\u00e1 eres el mejor\\\"\",\"breadcrumb\":{\"@id\":\"https:\\\/\\\/www.chocolatestheocr.com\\\/shop\\\/fechas-especiales\\\/dia-del-padre\\\/caja-te-admiro-papa\\\/#breadcrumb\"},\"inLanguage\":\"en-US\",\"potentialAction\":[{\"@type\":\"ReadAction\",\"target\":[\"https:\\\/\\\/www.chocolatestheocr.com\\\/shop\\\/fechas-especiales\\\/dia-del-padre\\\/caja-te-admiro-papa\\\/\"]}]},{\"@type\":\"ImageObject\",\"inLanguage\":\"en-US\",\"@id\":\"https:\\\/\\\/www.chocolatestheocr.com\\\/shop\\\/fechas-especiales\\\/dia-del-padre\\\/caja-te-admiro-papa\\\/#primaryimage\",\"url\":\"https:\\\/\\\/www.chocolatestheocr.com\\\/wp-content\\\/uploads\\\/2024\\\/05\\\/DAD1-1.jpg\",\"contentUrl\":\"https:\\\/\\\/www.chocolatestheocr.com\\\/wp-content\\\/uploads\\\/2024\\\/05\\\/DAD1-1.jpg\",\"width\":500,\"height\":500,\"caption\":\"Caja \\\"Te Admiro Pap\u00e1\\\"\"},{\"@type\":\"BreadcrumbList\",\"@id\":\"https:\\\/\\\/www.chocolatestheocr.com\\\/shop\\\/fechas-especiales\\\/dia-del-padre\\\/caja-te-admiro-papa\\\/#breadcrumb\",\"itemListElement\":[{\"@type\":\"ListItem\",\"position\":1,\"name\":\"Portada\",\"item\":\"https:\\\/\\\/www.chocolatestheocr.com\\\/\"},{\"@type\":\"ListItem\",\"position\":2,\"name\":\"Tienda\",\"item\":\"https:\\\/\\\/www.chocolatestheocr.com\\\/shop\\\/\"},{\"@type\":\"ListItem\",\"position\":3,\"name\":\"Caja &#8220;Te Admiro Pap\u00e1&#8221;\"}]},{\"@type\":\"WebSite\",\"@id\":\"https:\\\/\\\/www.chocolatestheocr.com\\\/#website\",\"url\":\"https:\\\/\\\/www.chocolatestheocr.com\\\/\",\"name\":\"Chocolates Theo\",\"description\":\"\",\"publisher\":{\"@id\":\"https:\\\/\\\/www.chocolatestheocr.com\\\/#organization\"},\"potentialAction\":[{\"@type\":\"SearchAction\",\"target\":{\"@type\":\"EntryPoint\",\"urlTemplate\":\"https:\\\/\\\/www.chocolatestheocr.com\\\/?s={search_term_string}\"},\"query-input\":{\"@type\":\"PropertyValueSpecification\",\"valueRequired\":true,\"valueName\":\"search_term_string\"}}],\"inLanguage\":\"en-US\"},{\"@type\":\"Organization\",\"@id\":\"https:\\\/\\\/www.chocolatestheocr.com\\\/#organization\",\"name\":\"Chocolates Theo\",\"url\":\"https:\\\/\\\/www.chocolatestheocr.com\\\/\",\"logo\":{\"@type\":\"ImageObject\",\"inLanguage\":\"en-US\",\"@id\":\"https:\\\/\\\/www.chocolatestheocr.com\\\/#\\\/schema\\\/logo\\\/image\\\/\",\"url\":\"https:\\\/\\\/www.chocolatestheocr.com\\\/wp-content\\\/uploads\\\/2021\\\/10\\\/Logo-Chocolates-Theo.jpg\",\"contentUrl\":\"https:\\\/\\\/www.chocolatestheocr.com\\\/wp-content\\\/uploads\\\/2021\\\/10\\\/Logo-Chocolates-Theo.jpg\",\"width\":600,\"height\":600,\"caption\":\"Chocolates Theo\"},\"image\":{\"@id\":\"https:\\\/\\\/www.chocolatestheocr.com\\\/#\\\/schema\\\/logo\\\/image\\\/\"},\"sameAs\":[\"https:\\\/\\\/www.facebook.com\\\/chocolatestheocr\",\"https:\\\/\\\/www.instagram.com\\\/chocolates_theo\\\/\",\"https:\\\/\\\/www.youtube.com\\\/channel\\\/UCcgAI69rswAd2FY1Ubvmcxw\"]}]}<\/script>\n<!-- \/ Yoast SEO plugin. -->","yoast_head_json":{"title":"Caja \"Te Admiro Pap\u00e1\"\/regalos del d\u00eda del padre\/regalos a domicilio","description":"Caja \"Te Admiro Pap\u00e1\"  Esta deliciosa caja contiene:   Taza con salchichas  Croissant con jam\u00f3n y queso  Cerveza Corona  Destapador de madera con el mensaje \"\u00a0 para el mejor pap\u00e1 del mundo\"  Caja negra con tapa transparente y topper en dorado acr\u00edlico con el mensaje \"pap\u00e1 eres el mejor\"","robots":{"index":"index","follow":"follow","max-snippet":"max-snippet:-1","max-image-preview":"max-image-preview:large","max-video-preview":"max-video-preview:-1"},"canonical":"https:\/\/www.chocolatestheocr.com\/en\/shop\/fechas-especiales\/dia-del-padre\/caja-te-admiro-papa\/","og_locale":"en_US","og_type":"article","og_title":"Caja \"Te Admiro Pap\u00e1\"\/regalos del d\u00eda del padre\/regalos a domicilio","og_description":"Caja \"Te Admiro Pap\u00e1\"  Esta deliciosa caja contiene:   Taza con salchichas  Croissant con jam\u00f3n y queso  Cerveza Corona  Destapador de madera con el mensaje \"\u00a0 para el mejor pap\u00e1 del mundo\"  Caja negra con tapa transparente y topper en dorado acr\u00edlico con el mensaje \"pap\u00e1 eres el mejor\"","og_url":"https:\/\/www.chocolatestheocr.com\/en\/shop\/fechas-especiales\/dia-del-padre\/caja-te-admiro-papa\/","og_site_name":"Chocolates Theo","article_publisher":"https:\/\/www.facebook.com\/chocolatestheocr","article_modified_time":"2026-01-12T19:24:17+00:00","og_image":[{"width":500,"height":500,"url":"https:\/\/www.chocolatestheocr.com\/wp-content\/uploads\/2024\/05\/DAD1-1.jpg","type":"image\/jpeg"}],"twitter_card":"summary_large_image","schema":{"@context":"https:\/\/schema.org","@graph":[{"@type":"WebPage","@id":"https:\/\/www.chocolatestheocr.com\/shop\/fechas-especiales\/dia-del-padre\/caja-te-admiro-papa\/","url":"https:\/\/www.chocolatestheocr.com\/shop\/fechas-especiales\/dia-del-padre\/caja-te-admiro-papa\/","name":"Caja \"Te Admiro Pap\u00e1\"\/regalos del d\u00eda del padre\/regalos a domicilio","isPartOf":{"@id":"https:\/\/www.chocolatestheocr.com\/#website"},"primaryImageOfPage":{"@id":"https:\/\/www.chocolatestheocr.com\/shop\/fechas-especiales\/dia-del-padre\/caja-te-admiro-papa\/#primaryimage"},"image":{"@id":"https:\/\/www.chocolatestheocr.com\/shop\/fechas-especiales\/dia-del-padre\/caja-te-admiro-papa\/#primaryimage"},"thumbnailUrl":"https:\/\/www.chocolatestheocr.com\/wp-content\/uploads\/2024\/05\/DAD1-1.jpg","datePublished":"2024-05-25T21:04:04+00:00","dateModified":"2026-01-12T19:24:17+00:00","description":"Caja \"Te Admiro Pap\u00e1\" Esta deliciosa caja contiene: Taza con salchichas Croissant con jam\u00f3n y queso Cerveza Corona Destapador de madera con el mensaje \"\u00a0 para el mejor pap\u00e1 del mundo\" Caja negra con tapa transparente y topper en dorado acr\u00edlico con el mensaje \"pap\u00e1 eres el mejor\"","breadcrumb":{"@id":"https:\/\/www.chocolatestheocr.com\/shop\/fechas-especiales\/dia-del-padre\/caja-te-admiro-papa\/#breadcrumb"},"inLanguage":"en-US","potentialAction":[{"@type":"ReadAction","target":["https:\/\/www.chocolatestheocr.com\/shop\/fechas-especiales\/dia-del-padre\/caja-te-admiro-papa\/"]}]},{"@type":"ImageObject","inLanguage":"en-US","@id":"https:\/\/www.chocolatestheocr.com\/shop\/fechas-especiales\/dia-del-padre\/caja-te-admiro-papa\/#primaryimage","url":"https:\/\/www.chocolatestheocr.com\/wp-content\/uploads\/2024\/05\/DAD1-1.jpg","contentUrl":"https:\/\/www.chocolatestheocr.com\/wp-content\/uploads\/2024\/05\/DAD1-1.jpg","width":500,"height":500,"caption":"Caja \"Te Admiro Pap\u00e1\""},{"@type":"BreadcrumbList","@id":"https:\/\/www.chocolatestheocr.com\/shop\/fechas-especiales\/dia-del-padre\/caja-te-admiro-papa\/#breadcrumb","itemListElement":[{"@type":"ListItem","position":1,"name":"Portada","item":"https:\/\/www.chocolatestheocr.com\/"},{"@type":"ListItem","position":2,"name":"Tienda","item":"https:\/\/www.chocolatestheocr.com\/shop\/"},{"@type":"ListItem","position":3,"name":"Caja &#8220;Te Admiro Pap\u00e1&#8221;"}]},{"@type":"WebSite","@id":"https:\/\/www.chocolatestheocr.com\/#website","url":"https:\/\/www.chocolatestheocr.com\/","name":"Chocolates Theo","description":"","publisher":{"@id":"https:\/\/www.chocolatestheocr.com\/#organization"},"potentialAction":[{"@type":"SearchAction","target":{"@type":"EntryPoint","urlTemplate":"https:\/\/www.chocolatestheocr.com\/?s={search_term_string}"},"query-input":{"@type":"PropertyValueSpecification","valueRequired":true,"valueName":"search_term_string"}}],"inLanguage":"en-US"},{"@type":"Organization","@id":"https:\/\/www.chocolatestheocr.com\/#organization","name":"Chocolates Theo","url":"https:\/\/www.chocolatestheocr.com\/","logo":{"@type":"ImageObject","inLanguage":"en-US","@id":"https:\/\/www.chocolatestheocr.com\/#\/schema\/logo\/image\/","url":"https:\/\/www.chocolatestheocr.com\/wp-content\/uploads\/2021\/10\/Logo-Chocolates-Theo.jpg","contentUrl":"https:\/\/www.chocolatestheocr.com\/wp-content\/uploads\/2021\/10\/Logo-Chocolates-Theo.jpg","width":600,"height":600,"caption":"Chocolates Theo"},"image":{"@id":"https:\/\/www.chocolatestheocr.com\/#\/schema\/logo\/image\/"},"sameAs":["https:\/\/www.facebook.com\/chocolatestheocr","https:\/\/www.instagram.com\/chocolates_theo\/","https:\/\/www.youtube.com\/channel\/UCcgAI69rswAd2FY1Ubvmcxw"]}]}},"_links":{"self":[{"href":"https:\/\/www.chocolatestheocr.com\/en\/wp-json\/wp\/v2\/product\/14821","targetHints":{"allow":["GET"]}}],"collection":[{"href":"https:\/\/www.chocolatestheocr.com\/en\/wp-json\/wp\/v2\/product"}],"about":[{"href":"https:\/\/www.chocolatestheocr.com\/en\/wp-json\/wp\/v2\/types\/product"}],"version-history":[{"count":0,"href":"https:\/\/www.chocolatestheocr.com\/en\/wp-json\/wp\/v2\/product\/14821\/revisions"}],"wp:featuredmedia":[{"embeddable":true,"href":"https:\/\/www.chocolatestheocr.com\/en\/wp-json\/wp\/v2\/media\/14824"}],"wp:attachment":[{"href":"https:\/\/www.chocolatestheocr.com\/en\/wp-json\/wp\/v2\/media?parent=14821"}],"wp:term":[{"taxonomy":"product_brand","embeddable":true,"href":"https:\/\/www.chocolatestheocr.com\/en\/wp-json\/wp\/v2\/product_brand?post=14821"},{"taxonomy":"product_cat","embeddable":true,"href":"https:\/\/www.chocolatestheocr.com\/en\/wp-json\/wp\/v2\/product_cat?post=14821"},{"taxonomy":"product_tag","embeddable":true,"href":"https:\/\/www.chocolatestheocr.com\/en\/wp-json\/wp\/v2\/product_tag?post=14821"}],"curies":[{"name":"wp","href":"https:\/\/api.w.org\/{rel}","templated":true}]}}