{"id":14772,"date":"2024-05-24T09:33:04","date_gmt":"2024-05-24T15:33:04","guid":{"rendered":"https:\/\/www.chocolatestheocr.com\/?post_type=product&#038;p=14772"},"modified":"2025-09-27T07:35:16","modified_gmt":"2025-09-27T13:35:16","slug":"desayuno-papa-campeon","status":"publish","type":"product","link":"https:\/\/www.chocolatestheocr.com\/en\/shop\/fechas-especiales\/dia-del-padre\/desayuno-papa-campeon\/","title":{"rendered":"Desayuno Pap\u00e1 Campe\u00f3n"},"content":{"rendered":"<p>Desayuno Pap\u00e1 Campe\u00f3n<\/p>\n<p>Este desayuno contiene:<\/p>\n<ul>\n<li>Taza de frutas<\/li>\n<li>Botella de vidrio con jugo de naranja con mensaje\u00a0 o nombre personalizado<\/li>\n<li>Taza con salchichas<\/li>\n<li>Waffles con chocolate y fresas<\/li>\n<li>Bolsita con semillas mixtas<\/li>\n<li>Caja negra brillante con tapa transparente personalizada, decorada con un lazo y una colilla personalizada<\/li>\n<\/ul>","protected":false},"excerpt":{"rendered":"<p>Desayuno Pap\u00e1 Campe\u00f3n<\/p>\n<p>Este desayuno contiene:<\/p>\n<ul>\n<li>Taza de frutas<\/li>\n<li>Botella de vidrio con jugo de naranja con mensaje\u00a0 o nombre personalizado<\/li>\n<li>Taza con salchichas<\/li>\n<li>Waffles con chocolate y fresas<\/li>\n<li>Bolsita con semillas mixtas<\/li>\n<li>Caja negra brillante con tapa transparente personalizada, decorada con un lazo y una colilla personalizada<\/li>\n<\/ul>","protected":false},"featured_media":14853,"template":"","meta":[],"product_brand":[361],"product_cat":[565,90,578,41],"product_tag":[694,318,147,612,229,695],"class_list":{"0":"post-14772","1":"product","2":"type-product","3":"status-publish","4":"has-post-thumbnail","6":"product_brand-chocolates-theo","7":"product_cat-desayunos","8":"product_cat-dia-del-padre","9":"product_cat-regalos-para-ellos","10":"product_cat-all","11":"product_tag-desayunos","12":"product_tag-dia-del-padre","13":"product_tag-frutas","14":"product_tag-jugo-de-naranja","15":"product_tag-mani","16":"product_tag-waffles-y-fresas","18":"first","19":"instock","20":"shipping-taxable","21":"purchasable","22":"product-type-simple"},"yoast_head":"<!-- This site is optimized with the Yoast SEO plugin v27.3 - https:\/\/yoast.com\/product\/yoast-seo-wordpress\/ -->\n<title>Desayuno Pap\u00e1 Campe\u00f3n \/ d\u00eda del padre\/ desayunos para regalar<\/title>\n<meta name=\"description\" content=\"Desayuno Pap\u00e1 Campe\u00f3n  Este desayuno contiene:   Taza de frutas  Botella de vidrio con jugo de naranja con mensaje\u00a0 o nombre personalizado  Taza con salchichas  Waffles con chocolate y fresas  Bolsita con semillas mixtas  Caja negra brillante con tapa transparente personalizada, decorada con un lazo y una colilla personalizada\" \/>\n<meta name=\"robots\" content=\"index, follow, max-snippet:-1, max-image-preview:large, max-video-preview:-1\" \/>\n<link rel=\"canonical\" href=\"https:\/\/www.chocolatestheocr.com\/en\/shop\/fechas-especiales\/dia-del-padre\/desayuno-papa-campeon\/\" \/>\n<meta property=\"og:locale\" content=\"en_US\" \/>\n<meta property=\"og:type\" content=\"article\" \/>\n<meta property=\"og:title\" content=\"Desayuno Pap\u00e1 Campe\u00f3n \/ d\u00eda del padre\/ desayunos para regalar\" \/>\n<meta property=\"og:description\" content=\"Desayuno Pap\u00e1 Campe\u00f3n  Este desayuno contiene:   Taza de frutas  Botella de vidrio con jugo de naranja con mensaje\u00a0 o nombre personalizado  Taza con salchichas  Waffles con chocolate y fresas  Bolsita con semillas mixtas  Caja negra brillante con tapa transparente personalizada, decorada con un lazo y una colilla personalizada\" \/>\n<meta property=\"og:url\" content=\"https:\/\/www.chocolatestheocr.com\/en\/shop\/fechas-especiales\/dia-del-padre\/desayuno-papa-campeon\/\" \/>\n<meta property=\"og:site_name\" content=\"Chocolates Theo\" \/>\n<meta property=\"article:publisher\" content=\"https:\/\/www.facebook.com\/chocolatestheocr\" \/>\n<meta property=\"article:modified_time\" content=\"2025-09-27T13:35:16+00:00\" \/>\n<meta property=\"og:image\" content=\"https:\/\/www.chocolatestheocr.com\/wp-content\/uploads\/2024\/05\/Desayuno-Papa-campeon.webp\" \/>\n\t<meta property=\"og:image:width\" content=\"960\" \/>\n\t<meta property=\"og:image:height\" content=\"1280\" \/>\n\t<meta property=\"og:image:type\" content=\"image\/webp\" \/>\n<meta name=\"twitter:card\" content=\"summary_large_image\" \/>\n<script type=\"application\/ld+json\" class=\"yoast-schema-graph\">{\"@context\":\"https:\\\/\\\/schema.org\",\"@graph\":[{\"@type\":\"WebPage\",\"@id\":\"https:\\\/\\\/www.chocolatestheocr.com\\\/shop\\\/fechas-especiales\\\/dia-del-padre\\\/desayuno-papa-campeon\\\/\",\"url\":\"https:\\\/\\\/www.chocolatestheocr.com\\\/shop\\\/fechas-especiales\\\/dia-del-padre\\\/desayuno-papa-campeon\\\/\",\"name\":\"Desayuno Pap\u00e1 Campe\u00f3n \\\/ d\u00eda del padre\\\/ desayunos para regalar\",\"isPartOf\":{\"@id\":\"https:\\\/\\\/www.chocolatestheocr.com\\\/#website\"},\"primaryImageOfPage\":{\"@id\":\"https:\\\/\\\/www.chocolatestheocr.com\\\/shop\\\/fechas-especiales\\\/dia-del-padre\\\/desayuno-papa-campeon\\\/#primaryimage\"},\"image\":{\"@id\":\"https:\\\/\\\/www.chocolatestheocr.com\\\/shop\\\/fechas-especiales\\\/dia-del-padre\\\/desayuno-papa-campeon\\\/#primaryimage\"},\"thumbnailUrl\":\"https:\\\/\\\/www.chocolatestheocr.com\\\/wp-content\\\/uploads\\\/2024\\\/05\\\/Desayuno-Papa-campeon.webp\",\"datePublished\":\"2024-05-24T15:33:04+00:00\",\"dateModified\":\"2025-09-27T13:35:16+00:00\",\"description\":\"Desayuno Pap\u00e1 Campe\u00f3n Este desayuno contiene: Taza de frutas Botella de vidrio con jugo de naranja con mensaje\u00a0 o nombre personalizado Taza con salchichas Waffles con chocolate y fresas Bolsita con semillas mixtas Caja negra brillante con tapa transparente personalizada, decorada con un lazo y una colilla personalizada\",\"breadcrumb\":{\"@id\":\"https:\\\/\\\/www.chocolatestheocr.com\\\/shop\\\/fechas-especiales\\\/dia-del-padre\\\/desayuno-papa-campeon\\\/#breadcrumb\"},\"inLanguage\":\"en-US\",\"potentialAction\":[{\"@type\":\"ReadAction\",\"target\":[\"https:\\\/\\\/www.chocolatestheocr.com\\\/shop\\\/fechas-especiales\\\/dia-del-padre\\\/desayuno-papa-campeon\\\/\"]}]},{\"@type\":\"ImageObject\",\"inLanguage\":\"en-US\",\"@id\":\"https:\\\/\\\/www.chocolatestheocr.com\\\/shop\\\/fechas-especiales\\\/dia-del-padre\\\/desayuno-papa-campeon\\\/#primaryimage\",\"url\":\"https:\\\/\\\/www.chocolatestheocr.com\\\/wp-content\\\/uploads\\\/2024\\\/05\\\/Desayuno-Papa-campeon.webp\",\"contentUrl\":\"https:\\\/\\\/www.chocolatestheocr.com\\\/wp-content\\\/uploads\\\/2024\\\/05\\\/Desayuno-Papa-campeon.webp\",\"width\":960,\"height\":1280,\"caption\":\"Desayuno Papa campeon\"},{\"@type\":\"BreadcrumbList\",\"@id\":\"https:\\\/\\\/www.chocolatestheocr.com\\\/shop\\\/fechas-especiales\\\/dia-del-padre\\\/desayuno-papa-campeon\\\/#breadcrumb\",\"itemListElement\":[{\"@type\":\"ListItem\",\"position\":1,\"name\":\"Portada\",\"item\":\"https:\\\/\\\/www.chocolatestheocr.com\\\/\"},{\"@type\":\"ListItem\",\"position\":2,\"name\":\"Tienda\",\"item\":\"https:\\\/\\\/www.chocolatestheocr.com\\\/shop\\\/\"},{\"@type\":\"ListItem\",\"position\":3,\"name\":\"Desayuno Pap\u00e1 Campe\u00f3n\"}]},{\"@type\":\"WebSite\",\"@id\":\"https:\\\/\\\/www.chocolatestheocr.com\\\/#website\",\"url\":\"https:\\\/\\\/www.chocolatestheocr.com\\\/\",\"name\":\"Chocolates Theo\",\"description\":\"\",\"publisher\":{\"@id\":\"https:\\\/\\\/www.chocolatestheocr.com\\\/#organization\"},\"potentialAction\":[{\"@type\":\"SearchAction\",\"target\":{\"@type\":\"EntryPoint\",\"urlTemplate\":\"https:\\\/\\\/www.chocolatestheocr.com\\\/?s={search_term_string}\"},\"query-input\":{\"@type\":\"PropertyValueSpecification\",\"valueRequired\":true,\"valueName\":\"search_term_string\"}}],\"inLanguage\":\"en-US\"},{\"@type\":\"Organization\",\"@id\":\"https:\\\/\\\/www.chocolatestheocr.com\\\/#organization\",\"name\":\"Chocolates Theo\",\"url\":\"https:\\\/\\\/www.chocolatestheocr.com\\\/\",\"logo\":{\"@type\":\"ImageObject\",\"inLanguage\":\"en-US\",\"@id\":\"https:\\\/\\\/www.chocolatestheocr.com\\\/#\\\/schema\\\/logo\\\/image\\\/\",\"url\":\"https:\\\/\\\/www.chocolatestheocr.com\\\/wp-content\\\/uploads\\\/2021\\\/10\\\/Logo-Chocolates-Theo.jpg\",\"contentUrl\":\"https:\\\/\\\/www.chocolatestheocr.com\\\/wp-content\\\/uploads\\\/2021\\\/10\\\/Logo-Chocolates-Theo.jpg\",\"width\":600,\"height\":600,\"caption\":\"Chocolates Theo\"},\"image\":{\"@id\":\"https:\\\/\\\/www.chocolatestheocr.com\\\/#\\\/schema\\\/logo\\\/image\\\/\"},\"sameAs\":[\"https:\\\/\\\/www.facebook.com\\\/chocolatestheocr\",\"https:\\\/\\\/www.instagram.com\\\/chocolates_theo\\\/\",\"https:\\\/\\\/www.youtube.com\\\/channel\\\/UCcgAI69rswAd2FY1Ubvmcxw\"]}]}<\/script>\n<!-- \/ Yoast SEO plugin. -->","yoast_head_json":{"title":"Desayuno Pap\u00e1 Campe\u00f3n \/ d\u00eda del padre\/ desayunos para regalar","description":"Desayuno Pap\u00e1 Campe\u00f3n  Este desayuno contiene:   Taza de frutas  Botella de vidrio con jugo de naranja con mensaje\u00a0 o nombre personalizado  Taza con salchichas  Waffles con chocolate y fresas  Bolsita con semillas mixtas  Caja negra brillante con tapa transparente personalizada, decorada con un lazo y una colilla personalizada","robots":{"index":"index","follow":"follow","max-snippet":"max-snippet:-1","max-image-preview":"max-image-preview:large","max-video-preview":"max-video-preview:-1"},"canonical":"https:\/\/www.chocolatestheocr.com\/en\/shop\/fechas-especiales\/dia-del-padre\/desayuno-papa-campeon\/","og_locale":"en_US","og_type":"article","og_title":"Desayuno Pap\u00e1 Campe\u00f3n \/ d\u00eda del padre\/ desayunos para regalar","og_description":"Desayuno Pap\u00e1 Campe\u00f3n  Este desayuno contiene:   Taza de frutas  Botella de vidrio con jugo de naranja con mensaje\u00a0 o nombre personalizado  Taza con salchichas  Waffles con chocolate y fresas  Bolsita con semillas mixtas  Caja negra brillante con tapa transparente personalizada, decorada con un lazo y una colilla personalizada","og_url":"https:\/\/www.chocolatestheocr.com\/en\/shop\/fechas-especiales\/dia-del-padre\/desayuno-papa-campeon\/","og_site_name":"Chocolates Theo","article_publisher":"https:\/\/www.facebook.com\/chocolatestheocr","article_modified_time":"2025-09-27T13:35:16+00:00","og_image":[{"width":960,"height":1280,"url":"https:\/\/www.chocolatestheocr.com\/wp-content\/uploads\/2024\/05\/Desayuno-Papa-campeon.webp","type":"image\/webp"}],"twitter_card":"summary_large_image","schema":{"@context":"https:\/\/schema.org","@graph":[{"@type":"WebPage","@id":"https:\/\/www.chocolatestheocr.com\/shop\/fechas-especiales\/dia-del-padre\/desayuno-papa-campeon\/","url":"https:\/\/www.chocolatestheocr.com\/shop\/fechas-especiales\/dia-del-padre\/desayuno-papa-campeon\/","name":"Desayuno Pap\u00e1 Campe\u00f3n \/ d\u00eda del padre\/ desayunos para regalar","isPartOf":{"@id":"https:\/\/www.chocolatestheocr.com\/#website"},"primaryImageOfPage":{"@id":"https:\/\/www.chocolatestheocr.com\/shop\/fechas-especiales\/dia-del-padre\/desayuno-papa-campeon\/#primaryimage"},"image":{"@id":"https:\/\/www.chocolatestheocr.com\/shop\/fechas-especiales\/dia-del-padre\/desayuno-papa-campeon\/#primaryimage"},"thumbnailUrl":"https:\/\/www.chocolatestheocr.com\/wp-content\/uploads\/2024\/05\/Desayuno-Papa-campeon.webp","datePublished":"2024-05-24T15:33:04+00:00","dateModified":"2025-09-27T13:35:16+00:00","description":"Desayuno Pap\u00e1 Campe\u00f3n Este desayuno contiene: Taza de frutas Botella de vidrio con jugo de naranja con mensaje\u00a0 o nombre personalizado Taza con salchichas Waffles con chocolate y fresas Bolsita con semillas mixtas Caja negra brillante con tapa transparente personalizada, decorada con un lazo y una colilla personalizada","breadcrumb":{"@id":"https:\/\/www.chocolatestheocr.com\/shop\/fechas-especiales\/dia-del-padre\/desayuno-papa-campeon\/#breadcrumb"},"inLanguage":"en-US","potentialAction":[{"@type":"ReadAction","target":["https:\/\/www.chocolatestheocr.com\/shop\/fechas-especiales\/dia-del-padre\/desayuno-papa-campeon\/"]}]},{"@type":"ImageObject","inLanguage":"en-US","@id":"https:\/\/www.chocolatestheocr.com\/shop\/fechas-especiales\/dia-del-padre\/desayuno-papa-campeon\/#primaryimage","url":"https:\/\/www.chocolatestheocr.com\/wp-content\/uploads\/2024\/05\/Desayuno-Papa-campeon.webp","contentUrl":"https:\/\/www.chocolatestheocr.com\/wp-content\/uploads\/2024\/05\/Desayuno-Papa-campeon.webp","width":960,"height":1280,"caption":"Desayuno Papa campeon"},{"@type":"BreadcrumbList","@id":"https:\/\/www.chocolatestheocr.com\/shop\/fechas-especiales\/dia-del-padre\/desayuno-papa-campeon\/#breadcrumb","itemListElement":[{"@type":"ListItem","position":1,"name":"Portada","item":"https:\/\/www.chocolatestheocr.com\/"},{"@type":"ListItem","position":2,"name":"Tienda","item":"https:\/\/www.chocolatestheocr.com\/shop\/"},{"@type":"ListItem","position":3,"name":"Desayuno Pap\u00e1 Campe\u00f3n"}]},{"@type":"WebSite","@id":"https:\/\/www.chocolatestheocr.com\/#website","url":"https:\/\/www.chocolatestheocr.com\/","name":"Chocolates Theo","description":"","publisher":{"@id":"https:\/\/www.chocolatestheocr.com\/#organization"},"potentialAction":[{"@type":"SearchAction","target":{"@type":"EntryPoint","urlTemplate":"https:\/\/www.chocolatestheocr.com\/?s={search_term_string}"},"query-input":{"@type":"PropertyValueSpecification","valueRequired":true,"valueName":"search_term_string"}}],"inLanguage":"en-US"},{"@type":"Organization","@id":"https:\/\/www.chocolatestheocr.com\/#organization","name":"Chocolates Theo","url":"https:\/\/www.chocolatestheocr.com\/","logo":{"@type":"ImageObject","inLanguage":"en-US","@id":"https:\/\/www.chocolatestheocr.com\/#\/schema\/logo\/image\/","url":"https:\/\/www.chocolatestheocr.com\/wp-content\/uploads\/2021\/10\/Logo-Chocolates-Theo.jpg","contentUrl":"https:\/\/www.chocolatestheocr.com\/wp-content\/uploads\/2021\/10\/Logo-Chocolates-Theo.jpg","width":600,"height":600,"caption":"Chocolates Theo"},"image":{"@id":"https:\/\/www.chocolatestheocr.com\/#\/schema\/logo\/image\/"},"sameAs":["https:\/\/www.facebook.com\/chocolatestheocr","https:\/\/www.instagram.com\/chocolates_theo\/","https:\/\/www.youtube.com\/channel\/UCcgAI69rswAd2FY1Ubvmcxw"]}]}},"_links":{"self":[{"href":"https:\/\/www.chocolatestheocr.com\/en\/wp-json\/wp\/v2\/product\/14772","targetHints":{"allow":["GET"]}}],"collection":[{"href":"https:\/\/www.chocolatestheocr.com\/en\/wp-json\/wp\/v2\/product"}],"about":[{"href":"https:\/\/www.chocolatestheocr.com\/en\/wp-json\/wp\/v2\/types\/product"}],"version-history":[{"count":0,"href":"https:\/\/www.chocolatestheocr.com\/en\/wp-json\/wp\/v2\/product\/14772\/revisions"}],"wp:featuredmedia":[{"embeddable":true,"href":"https:\/\/www.chocolatestheocr.com\/en\/wp-json\/wp\/v2\/media\/14853"}],"wp:attachment":[{"href":"https:\/\/www.chocolatestheocr.com\/en\/wp-json\/wp\/v2\/media?parent=14772"}],"wp:term":[{"taxonomy":"product_brand","embeddable":true,"href":"https:\/\/www.chocolatestheocr.com\/en\/wp-json\/wp\/v2\/product_brand?post=14772"},{"taxonomy":"product_cat","embeddable":true,"href":"https:\/\/www.chocolatestheocr.com\/en\/wp-json\/wp\/v2\/product_cat?post=14772"},{"taxonomy":"product_tag","embeddable":true,"href":"https:\/\/www.chocolatestheocr.com\/en\/wp-json\/wp\/v2\/product_tag?post=14772"}],"curies":[{"name":"wp","href":"https:\/\/api.w.org\/{rel}","templated":true}]}}