{"id":14646,"date":"2024-05-04T10:19:15","date_gmt":"2024-05-04T16:19:15","guid":{"rendered":"https:\/\/www.chocolatestheocr.com\/?post_type=product&#038;p=14646"},"modified":"2025-10-02T08:49:46","modified_gmt":"2025-10-02T14:49:46","slug":"caja-florencia","status":"publish","type":"product","link":"https:\/\/www.chocolatestheocr.com\/en\/shop\/all\/caja-florencia\/","title":{"rendered":"Caja Florencia"},"content":{"rendered":"<p>Caja Florencia<\/p>\n<p>Caja personalizada con ramo peque\u00f1o de tres rosas rojas o rosadas ( seg\u00fan disponibilidad), tambi\u00e9n contiene un vaso de fresas cubiertas con chocolate.<\/p>","protected":false},"excerpt":{"rendered":"<p>Caja Florencia<\/p>\n<p>Caja personalizada con ramo peque\u00f1o de tres rosas rojas o rosadas ( seg\u00fan disponibilidad), tambi\u00e9n contiene un vaso de fresas cubiertas con chocolate.<\/p>","protected":false},"featured_media":14647,"template":"","meta":[],"product_brand":[361],"product_cat":[372,69,41],"product_tag":[677,156,676,675],"class_list":{"0":"post-14646","1":"product","2":"type-product","3":"status-publish","4":"has-post-thumbnail","6":"product_brand-chocolates-theo","7":"product_cat-flores-y-fresas-con-chocolate","8":"product_cat-cajas-personalizadas","9":"product_cat-all","10":"product_tag-arreglo-personalizado","11":"product_tag-fresas-con-chocolate","12":"product_tag-mini-ramo","13":"product_tag-ramo-de-rosas","15":"first","16":"instock","17":"shipping-taxable","18":"purchasable","19":"product-type-simple"},"yoast_head":"<!-- This site is optimized with the Yoast SEO plugin v27.3 - https:\/\/yoast.com\/product\/yoast-seo-wordpress\/ -->\n<title>Caja Florencia \/ mini ramo de rosas\/ fresas con chocolate<\/title>\n<meta name=\"description\" content=\"Caja Florencia  Caja personalizada con ramo peque\u00f1o de tres rosas rojas o rosadas ( seg\u00fan disponibilidad), tambi\u00e9n contiene un vaso de fresas cubiertas con chocolate.\" \/>\n<meta name=\"robots\" content=\"index, follow, max-snippet:-1, max-image-preview:large, max-video-preview:-1\" \/>\n<link rel=\"canonical\" href=\"https:\/\/www.chocolatestheocr.com\/en\/shop\/all\/caja-florencia\/\" \/>\n<meta property=\"og:locale\" content=\"en_US\" \/>\n<meta property=\"og:type\" content=\"article\" \/>\n<meta property=\"og:title\" content=\"Caja Florencia \/ mini ramo de rosas\/ fresas con chocolate\" \/>\n<meta property=\"og:description\" content=\"Caja Florencia  Caja personalizada con ramo peque\u00f1o de tres rosas rojas o rosadas ( seg\u00fan disponibilidad), tambi\u00e9n contiene un vaso de fresas cubiertas con chocolate.\" \/>\n<meta property=\"og:url\" content=\"https:\/\/www.chocolatestheocr.com\/en\/shop\/all\/caja-florencia\/\" \/>\n<meta property=\"og:site_name\" content=\"Chocolates Theo\" \/>\n<meta property=\"article:publisher\" content=\"https:\/\/www.facebook.com\/chocolatestheocr\" \/>\n<meta property=\"article:modified_time\" content=\"2025-10-02T14:49:46+00:00\" \/>\n<meta property=\"og:image\" content=\"https:\/\/www.chocolatestheocr.com\/wp-content\/uploads\/2024\/05\/WhatsApp-Image-2024-05-04-at-9.36.48-AM-1.webp\" \/>\n\t<meta property=\"og:image:width\" content=\"896\" \/>\n\t<meta property=\"og:image:height\" content=\"896\" \/>\n\t<meta property=\"og:image:type\" content=\"image\/webp\" \/>\n<meta name=\"twitter:card\" content=\"summary_large_image\" \/>\n<script type=\"application\/ld+json\" class=\"yoast-schema-graph\">{\"@context\":\"https:\\\/\\\/schema.org\",\"@graph\":[{\"@type\":\"WebPage\",\"@id\":\"https:\\\/\\\/www.chocolatestheocr.com\\\/shop\\\/all\\\/caja-florencia\\\/\",\"url\":\"https:\\\/\\\/www.chocolatestheocr.com\\\/shop\\\/all\\\/caja-florencia\\\/\",\"name\":\"Caja Florencia \\\/ mini ramo de rosas\\\/ fresas con chocolate\",\"isPartOf\":{\"@id\":\"https:\\\/\\\/www.chocolatestheocr.com\\\/#website\"},\"primaryImageOfPage\":{\"@id\":\"https:\\\/\\\/www.chocolatestheocr.com\\\/shop\\\/all\\\/caja-florencia\\\/#primaryimage\"},\"image\":{\"@id\":\"https:\\\/\\\/www.chocolatestheocr.com\\\/shop\\\/all\\\/caja-florencia\\\/#primaryimage\"},\"thumbnailUrl\":\"https:\\\/\\\/www.chocolatestheocr.com\\\/wp-content\\\/uploads\\\/2024\\\/05\\\/WhatsApp-Image-2024-05-04-at-9.36.48-AM-1.webp\",\"datePublished\":\"2024-05-04T16:19:15+00:00\",\"dateModified\":\"2025-10-02T14:49:46+00:00\",\"description\":\"Caja Florencia Caja personalizada con ramo peque\u00f1o de tres rosas rojas o rosadas ( seg\u00fan disponibilidad), tambi\u00e9n contiene un vaso de fresas cubiertas con chocolate.\",\"breadcrumb\":{\"@id\":\"https:\\\/\\\/www.chocolatestheocr.com\\\/shop\\\/all\\\/caja-florencia\\\/#breadcrumb\"},\"inLanguage\":\"en-US\",\"potentialAction\":[{\"@type\":\"ReadAction\",\"target\":[\"https:\\\/\\\/www.chocolatestheocr.com\\\/shop\\\/all\\\/caja-florencia\\\/\"]}]},{\"@type\":\"ImageObject\",\"inLanguage\":\"en-US\",\"@id\":\"https:\\\/\\\/www.chocolatestheocr.com\\\/shop\\\/all\\\/caja-florencia\\\/#primaryimage\",\"url\":\"https:\\\/\\\/www.chocolatestheocr.com\\\/wp-content\\\/uploads\\\/2024\\\/05\\\/WhatsApp-Image-2024-05-04-at-9.36.48-AM-1.webp\",\"contentUrl\":\"https:\\\/\\\/www.chocolatestheocr.com\\\/wp-content\\\/uploads\\\/2024\\\/05\\\/WhatsApp-Image-2024-05-04-at-9.36.48-AM-1.webp\",\"width\":896,\"height\":896,\"caption\":\"Caja Florencia\"},{\"@type\":\"BreadcrumbList\",\"@id\":\"https:\\\/\\\/www.chocolatestheocr.com\\\/shop\\\/all\\\/caja-florencia\\\/#breadcrumb\",\"itemListElement\":[{\"@type\":\"ListItem\",\"position\":1,\"name\":\"Portada\",\"item\":\"https:\\\/\\\/www.chocolatestheocr.com\\\/\"},{\"@type\":\"ListItem\",\"position\":2,\"name\":\"Tienda\",\"item\":\"https:\\\/\\\/www.chocolatestheocr.com\\\/shop\\\/\"},{\"@type\":\"ListItem\",\"position\":3,\"name\":\"Caja Florencia\"}]},{\"@type\":\"WebSite\",\"@id\":\"https:\\\/\\\/www.chocolatestheocr.com\\\/#website\",\"url\":\"https:\\\/\\\/www.chocolatestheocr.com\\\/\",\"name\":\"Chocolates Theo\",\"description\":\"\",\"publisher\":{\"@id\":\"https:\\\/\\\/www.chocolatestheocr.com\\\/#organization\"},\"potentialAction\":[{\"@type\":\"SearchAction\",\"target\":{\"@type\":\"EntryPoint\",\"urlTemplate\":\"https:\\\/\\\/www.chocolatestheocr.com\\\/?s={search_term_string}\"},\"query-input\":{\"@type\":\"PropertyValueSpecification\",\"valueRequired\":true,\"valueName\":\"search_term_string\"}}],\"inLanguage\":\"en-US\"},{\"@type\":\"Organization\",\"@id\":\"https:\\\/\\\/www.chocolatestheocr.com\\\/#organization\",\"name\":\"Chocolates Theo\",\"url\":\"https:\\\/\\\/www.chocolatestheocr.com\\\/\",\"logo\":{\"@type\":\"ImageObject\",\"inLanguage\":\"en-US\",\"@id\":\"https:\\\/\\\/www.chocolatestheocr.com\\\/#\\\/schema\\\/logo\\\/image\\\/\",\"url\":\"https:\\\/\\\/www.chocolatestheocr.com\\\/wp-content\\\/uploads\\\/2021\\\/10\\\/Logo-Chocolates-Theo.jpg\",\"contentUrl\":\"https:\\\/\\\/www.chocolatestheocr.com\\\/wp-content\\\/uploads\\\/2021\\\/10\\\/Logo-Chocolates-Theo.jpg\",\"width\":600,\"height\":600,\"caption\":\"Chocolates Theo\"},\"image\":{\"@id\":\"https:\\\/\\\/www.chocolatestheocr.com\\\/#\\\/schema\\\/logo\\\/image\\\/\"},\"sameAs\":[\"https:\\\/\\\/www.facebook.com\\\/chocolatestheocr\",\"https:\\\/\\\/www.instagram.com\\\/chocolates_theo\\\/\",\"https:\\\/\\\/www.youtube.com\\\/channel\\\/UCcgAI69rswAd2FY1Ubvmcxw\"]}]}<\/script>\n<!-- \/ Yoast SEO plugin. -->","yoast_head_json":{"title":"Caja Florencia \/ mini ramo de rosas\/ fresas con chocolate","description":"Caja Florencia  Caja personalizada con ramo peque\u00f1o de tres rosas rojas o rosadas ( seg\u00fan disponibilidad), tambi\u00e9n contiene un vaso de fresas cubiertas con chocolate.","robots":{"index":"index","follow":"follow","max-snippet":"max-snippet:-1","max-image-preview":"max-image-preview:large","max-video-preview":"max-video-preview:-1"},"canonical":"https:\/\/www.chocolatestheocr.com\/en\/shop\/all\/caja-florencia\/","og_locale":"en_US","og_type":"article","og_title":"Caja Florencia \/ mini ramo de rosas\/ fresas con chocolate","og_description":"Caja Florencia  Caja personalizada con ramo peque\u00f1o de tres rosas rojas o rosadas ( seg\u00fan disponibilidad), tambi\u00e9n contiene un vaso de fresas cubiertas con chocolate.","og_url":"https:\/\/www.chocolatestheocr.com\/en\/shop\/all\/caja-florencia\/","og_site_name":"Chocolates Theo","article_publisher":"https:\/\/www.facebook.com\/chocolatestheocr","article_modified_time":"2025-10-02T14:49:46+00:00","og_image":[{"width":896,"height":896,"url":"https:\/\/www.chocolatestheocr.com\/wp-content\/uploads\/2024\/05\/WhatsApp-Image-2024-05-04-at-9.36.48-AM-1.webp","type":"image\/webp"}],"twitter_card":"summary_large_image","schema":{"@context":"https:\/\/schema.org","@graph":[{"@type":"WebPage","@id":"https:\/\/www.chocolatestheocr.com\/shop\/all\/caja-florencia\/","url":"https:\/\/www.chocolatestheocr.com\/shop\/all\/caja-florencia\/","name":"Caja Florencia \/ mini ramo de rosas\/ fresas con chocolate","isPartOf":{"@id":"https:\/\/www.chocolatestheocr.com\/#website"},"primaryImageOfPage":{"@id":"https:\/\/www.chocolatestheocr.com\/shop\/all\/caja-florencia\/#primaryimage"},"image":{"@id":"https:\/\/www.chocolatestheocr.com\/shop\/all\/caja-florencia\/#primaryimage"},"thumbnailUrl":"https:\/\/www.chocolatestheocr.com\/wp-content\/uploads\/2024\/05\/WhatsApp-Image-2024-05-04-at-9.36.48-AM-1.webp","datePublished":"2024-05-04T16:19:15+00:00","dateModified":"2025-10-02T14:49:46+00:00","description":"Caja Florencia Caja personalizada con ramo peque\u00f1o de tres rosas rojas o rosadas ( seg\u00fan disponibilidad), tambi\u00e9n contiene un vaso de fresas cubiertas con chocolate.","breadcrumb":{"@id":"https:\/\/www.chocolatestheocr.com\/shop\/all\/caja-florencia\/#breadcrumb"},"inLanguage":"en-US","potentialAction":[{"@type":"ReadAction","target":["https:\/\/www.chocolatestheocr.com\/shop\/all\/caja-florencia\/"]}]},{"@type":"ImageObject","inLanguage":"en-US","@id":"https:\/\/www.chocolatestheocr.com\/shop\/all\/caja-florencia\/#primaryimage","url":"https:\/\/www.chocolatestheocr.com\/wp-content\/uploads\/2024\/05\/WhatsApp-Image-2024-05-04-at-9.36.48-AM-1.webp","contentUrl":"https:\/\/www.chocolatestheocr.com\/wp-content\/uploads\/2024\/05\/WhatsApp-Image-2024-05-04-at-9.36.48-AM-1.webp","width":896,"height":896,"caption":"Caja Florencia"},{"@type":"BreadcrumbList","@id":"https:\/\/www.chocolatestheocr.com\/shop\/all\/caja-florencia\/#breadcrumb","itemListElement":[{"@type":"ListItem","position":1,"name":"Portada","item":"https:\/\/www.chocolatestheocr.com\/"},{"@type":"ListItem","position":2,"name":"Tienda","item":"https:\/\/www.chocolatestheocr.com\/shop\/"},{"@type":"ListItem","position":3,"name":"Caja Florencia"}]},{"@type":"WebSite","@id":"https:\/\/www.chocolatestheocr.com\/#website","url":"https:\/\/www.chocolatestheocr.com\/","name":"Chocolates Theo","description":"","publisher":{"@id":"https:\/\/www.chocolatestheocr.com\/#organization"},"potentialAction":[{"@type":"SearchAction","target":{"@type":"EntryPoint","urlTemplate":"https:\/\/www.chocolatestheocr.com\/?s={search_term_string}"},"query-input":{"@type":"PropertyValueSpecification","valueRequired":true,"valueName":"search_term_string"}}],"inLanguage":"en-US"},{"@type":"Organization","@id":"https:\/\/www.chocolatestheocr.com\/#organization","name":"Chocolates Theo","url":"https:\/\/www.chocolatestheocr.com\/","logo":{"@type":"ImageObject","inLanguage":"en-US","@id":"https:\/\/www.chocolatestheocr.com\/#\/schema\/logo\/image\/","url":"https:\/\/www.chocolatestheocr.com\/wp-content\/uploads\/2021\/10\/Logo-Chocolates-Theo.jpg","contentUrl":"https:\/\/www.chocolatestheocr.com\/wp-content\/uploads\/2021\/10\/Logo-Chocolates-Theo.jpg","width":600,"height":600,"caption":"Chocolates Theo"},"image":{"@id":"https:\/\/www.chocolatestheocr.com\/#\/schema\/logo\/image\/"},"sameAs":["https:\/\/www.facebook.com\/chocolatestheocr","https:\/\/www.instagram.com\/chocolates_theo\/","https:\/\/www.youtube.com\/channel\/UCcgAI69rswAd2FY1Ubvmcxw"]}]}},"_links":{"self":[{"href":"https:\/\/www.chocolatestheocr.com\/en\/wp-json\/wp\/v2\/product\/14646","targetHints":{"allow":["GET"]}}],"collection":[{"href":"https:\/\/www.chocolatestheocr.com\/en\/wp-json\/wp\/v2\/product"}],"about":[{"href":"https:\/\/www.chocolatestheocr.com\/en\/wp-json\/wp\/v2\/types\/product"}],"version-history":[{"count":0,"href":"https:\/\/www.chocolatestheocr.com\/en\/wp-json\/wp\/v2\/product\/14646\/revisions"}],"wp:featuredmedia":[{"embeddable":true,"href":"https:\/\/www.chocolatestheocr.com\/en\/wp-json\/wp\/v2\/media\/14647"}],"wp:attachment":[{"href":"https:\/\/www.chocolatestheocr.com\/en\/wp-json\/wp\/v2\/media?parent=14646"}],"wp:term":[{"taxonomy":"product_brand","embeddable":true,"href":"https:\/\/www.chocolatestheocr.com\/en\/wp-json\/wp\/v2\/product_brand?post=14646"},{"taxonomy":"product_cat","embeddable":true,"href":"https:\/\/www.chocolatestheocr.com\/en\/wp-json\/wp\/v2\/product_cat?post=14646"},{"taxonomy":"product_tag","embeddable":true,"href":"https:\/\/www.chocolatestheocr.com\/en\/wp-json\/wp\/v2\/product_tag?post=14646"}],"curies":[{"name":"wp","href":"https:\/\/api.w.org\/{rel}","templated":true}]}}