{"id":14626,"date":"2024-05-02T15:21:40","date_gmt":"2024-05-02T21:21:40","guid":{"rendered":"https:\/\/www.chocolatestheocr.com\/?post_type=product&#038;p=14626"},"modified":"2025-09-27T07:43:33","modified_gmt":"2025-09-27T13:43:33","slug":"brunch-amor","status":"publish","type":"product","link":"https:\/\/www.chocolatestheocr.com\/en\/shop\/fechas-especiales\/cumpleanos\/brunch-amor\/","title":{"rendered":"Brunch Amor"},"content":{"rendered":"<p>Brunch Amor<\/p>\n<p>Contiene:<\/p>\n<ul>\n<li>Waffles con fresas frescas y Nutella<\/li>\n<li>3 empanadas de pi\u00f1a<\/li>\n<li>2 mini donas<\/li>\n<li>Fresa cubierta de chocolate<\/li>\n<li>Botella con caf\u00e9 fr\u00edo personalizada con mensaje<\/li>\n<li>Caja con tapa transparente personalizada con nombre, decorada con la lazo y colilla<\/li>\n<\/ul>","protected":false},"excerpt":{"rendered":"<p>Brunch Amor<\/p>\n<p>Contiene:<\/p>\n<ul>\n<li>Waffles con fresas frescas y Nutella<\/li>\n<li>3 empanadas de pi\u00f1a<\/li>\n<li>2 mini donas<\/li>\n<li>Fresa cubierta de chocolate<\/li>\n<li>Botella con caf\u00e9 fr\u00edo personalizada con mensaje<\/li>\n<li>Caja con tapa transparente personalizada con nombre, decorada con la lazo y colilla<\/li>\n<\/ul>","protected":false},"featured_media":14628,"template":"","meta":[],"product_brand":[361],"product_cat":[500,565,41],"product_tag":[619,671,127,672,430],"class_list":{"0":"post-14626","1":"product","2":"type-product","3":"status-publish","4":"has-post-thumbnail","6":"product_brand-chocolates-theo","7":"product_cat-cumpleanos","8":"product_cat-desayunos","9":"product_cat-all","10":"product_tag-brunch","11":"product_tag-donas-con-chocolate","12":"product_tag-fresas","13":"product_tag-nuetella","14":"product_tag-waffles","16":"first","17":"instock","18":"shipping-taxable","19":"purchasable","20":"product-type-simple"},"yoast_head":"<!-- This site is optimized with the Yoast SEO plugin v27.3 - https:\/\/yoast.com\/product\/yoast-seo-wordpress\/ -->\n<title>Brunch Amor \/ regalo dulce\/ waffles y donas<\/title>\n<meta name=\"description\" content=\"Brunch Amor  Contiene:   Waffles con fresas frescas y Nutella  3 empanadas de pi\u00f1a  2 mini donas  Fresa cubierta de chocolate  Botella con caf\u00e9 fr\u00edo personalizada con mensaje  Caja con tapa transparente personalizada con nombre, decorada con la lazo y colilla\" \/>\n<meta name=\"robots\" content=\"index, follow, max-snippet:-1, max-image-preview:large, max-video-preview:-1\" \/>\n<link rel=\"canonical\" href=\"https:\/\/www.chocolatestheocr.com\/en\/shop\/fechas-especiales\/cumpleanos\/brunch-amor\/\" \/>\n<meta property=\"og:locale\" content=\"en_US\" \/>\n<meta property=\"og:type\" content=\"article\" \/>\n<meta property=\"og:title\" content=\"Brunch Amor \/ regalo dulce\/ waffles y donas\" \/>\n<meta property=\"og:description\" content=\"Brunch Amor  Contiene:   Waffles con fresas frescas y Nutella  3 empanadas de pi\u00f1a  2 mini donas  Fresa cubierta de chocolate  Botella con caf\u00e9 fr\u00edo personalizada con mensaje  Caja con tapa transparente personalizada con nombre, decorada con la lazo y colilla\" \/>\n<meta property=\"og:url\" content=\"https:\/\/www.chocolatestheocr.com\/en\/shop\/fechas-especiales\/cumpleanos\/brunch-amor\/\" \/>\n<meta property=\"og:site_name\" content=\"Chocolates Theo\" \/>\n<meta property=\"article:publisher\" content=\"https:\/\/www.facebook.com\/chocolatestheocr\" \/>\n<meta property=\"article:modified_time\" content=\"2025-09-27T13:43:33+00:00\" \/>\n<meta property=\"og:image\" content=\"https:\/\/www.chocolatestheocr.com\/wp-content\/uploads\/2024\/05\/WhatsApp-Image-2024-05-02-at-2.40.19-PM.webp\" \/>\n\t<meta property=\"og:image:width\" content=\"1280\" \/>\n\t<meta property=\"og:image:height\" content=\"1280\" \/>\n\t<meta property=\"og:image:type\" content=\"image\/webp\" \/>\n<meta name=\"twitter:card\" content=\"summary_large_image\" \/>\n<script type=\"application\/ld+json\" class=\"yoast-schema-graph\">{\"@context\":\"https:\\\/\\\/schema.org\",\"@graph\":[{\"@type\":\"WebPage\",\"@id\":\"https:\\\/\\\/www.chocolatestheocr.com\\\/shop\\\/fechas-especiales\\\/cumpleanos\\\/brunch-amor\\\/\",\"url\":\"https:\\\/\\\/www.chocolatestheocr.com\\\/shop\\\/fechas-especiales\\\/cumpleanos\\\/brunch-amor\\\/\",\"name\":\"Brunch Amor \\\/ regalo dulce\\\/ waffles y donas\",\"isPartOf\":{\"@id\":\"https:\\\/\\\/www.chocolatestheocr.com\\\/#website\"},\"primaryImageOfPage\":{\"@id\":\"https:\\\/\\\/www.chocolatestheocr.com\\\/shop\\\/fechas-especiales\\\/cumpleanos\\\/brunch-amor\\\/#primaryimage\"},\"image\":{\"@id\":\"https:\\\/\\\/www.chocolatestheocr.com\\\/shop\\\/fechas-especiales\\\/cumpleanos\\\/brunch-amor\\\/#primaryimage\"},\"thumbnailUrl\":\"https:\\\/\\\/www.chocolatestheocr.com\\\/wp-content\\\/uploads\\\/2024\\\/05\\\/WhatsApp-Image-2024-05-02-at-2.40.19-PM.webp\",\"datePublished\":\"2024-05-02T21:21:40+00:00\",\"dateModified\":\"2025-09-27T13:43:33+00:00\",\"description\":\"Brunch Amor Contiene: Waffles con fresas frescas y Nutella 3 empanadas de pi\u00f1a 2 mini donas Fresa cubierta de chocolate Botella con caf\u00e9 fr\u00edo personalizada con mensaje Caja con tapa transparente personalizada con nombre, decorada con la lazo y colilla\",\"breadcrumb\":{\"@id\":\"https:\\\/\\\/www.chocolatestheocr.com\\\/shop\\\/fechas-especiales\\\/cumpleanos\\\/brunch-amor\\\/#breadcrumb\"},\"inLanguage\":\"en-US\",\"potentialAction\":[{\"@type\":\"ReadAction\",\"target\":[\"https:\\\/\\\/www.chocolatestheocr.com\\\/shop\\\/fechas-especiales\\\/cumpleanos\\\/brunch-amor\\\/\"]}]},{\"@type\":\"ImageObject\",\"inLanguage\":\"en-US\",\"@id\":\"https:\\\/\\\/www.chocolatestheocr.com\\\/shop\\\/fechas-especiales\\\/cumpleanos\\\/brunch-amor\\\/#primaryimage\",\"url\":\"https:\\\/\\\/www.chocolatestheocr.com\\\/wp-content\\\/uploads\\\/2024\\\/05\\\/WhatsApp-Image-2024-05-02-at-2.40.19-PM.webp\",\"contentUrl\":\"https:\\\/\\\/www.chocolatestheocr.com\\\/wp-content\\\/uploads\\\/2024\\\/05\\\/WhatsApp-Image-2024-05-02-at-2.40.19-PM.webp\",\"width\":1280,\"height\":1280,\"caption\":\"Brunch Amor\"},{\"@type\":\"BreadcrumbList\",\"@id\":\"https:\\\/\\\/www.chocolatestheocr.com\\\/shop\\\/fechas-especiales\\\/cumpleanos\\\/brunch-amor\\\/#breadcrumb\",\"itemListElement\":[{\"@type\":\"ListItem\",\"position\":1,\"name\":\"Portada\",\"item\":\"https:\\\/\\\/www.chocolatestheocr.com\\\/\"},{\"@type\":\"ListItem\",\"position\":2,\"name\":\"Tienda\",\"item\":\"https:\\\/\\\/www.chocolatestheocr.com\\\/shop\\\/\"},{\"@type\":\"ListItem\",\"position\":3,\"name\":\"Brunch Amor\"}]},{\"@type\":\"WebSite\",\"@id\":\"https:\\\/\\\/www.chocolatestheocr.com\\\/#website\",\"url\":\"https:\\\/\\\/www.chocolatestheocr.com\\\/\",\"name\":\"Chocolates Theo\",\"description\":\"\",\"publisher\":{\"@id\":\"https:\\\/\\\/www.chocolatestheocr.com\\\/#organization\"},\"potentialAction\":[{\"@type\":\"SearchAction\",\"target\":{\"@type\":\"EntryPoint\",\"urlTemplate\":\"https:\\\/\\\/www.chocolatestheocr.com\\\/?s={search_term_string}\"},\"query-input\":{\"@type\":\"PropertyValueSpecification\",\"valueRequired\":true,\"valueName\":\"search_term_string\"}}],\"inLanguage\":\"en-US\"},{\"@type\":\"Organization\",\"@id\":\"https:\\\/\\\/www.chocolatestheocr.com\\\/#organization\",\"name\":\"Chocolates Theo\",\"url\":\"https:\\\/\\\/www.chocolatestheocr.com\\\/\",\"logo\":{\"@type\":\"ImageObject\",\"inLanguage\":\"en-US\",\"@id\":\"https:\\\/\\\/www.chocolatestheocr.com\\\/#\\\/schema\\\/logo\\\/image\\\/\",\"url\":\"https:\\\/\\\/www.chocolatestheocr.com\\\/wp-content\\\/uploads\\\/2021\\\/10\\\/Logo-Chocolates-Theo.jpg\",\"contentUrl\":\"https:\\\/\\\/www.chocolatestheocr.com\\\/wp-content\\\/uploads\\\/2021\\\/10\\\/Logo-Chocolates-Theo.jpg\",\"width\":600,\"height\":600,\"caption\":\"Chocolates Theo\"},\"image\":{\"@id\":\"https:\\\/\\\/www.chocolatestheocr.com\\\/#\\\/schema\\\/logo\\\/image\\\/\"},\"sameAs\":[\"https:\\\/\\\/www.facebook.com\\\/chocolatestheocr\",\"https:\\\/\\\/www.instagram.com\\\/chocolates_theo\\\/\",\"https:\\\/\\\/www.youtube.com\\\/channel\\\/UCcgAI69rswAd2FY1Ubvmcxw\"]}]}<\/script>\n<!-- \/ Yoast SEO plugin. -->","yoast_head_json":{"title":"Brunch Amor \/ regalo dulce\/ waffles y donas","description":"Brunch Amor  Contiene:   Waffles con fresas frescas y Nutella  3 empanadas de pi\u00f1a  2 mini donas  Fresa cubierta de chocolate  Botella con caf\u00e9 fr\u00edo personalizada con mensaje  Caja con tapa transparente personalizada con nombre, decorada con la lazo y colilla","robots":{"index":"index","follow":"follow","max-snippet":"max-snippet:-1","max-image-preview":"max-image-preview:large","max-video-preview":"max-video-preview:-1"},"canonical":"https:\/\/www.chocolatestheocr.com\/en\/shop\/fechas-especiales\/cumpleanos\/brunch-amor\/","og_locale":"en_US","og_type":"article","og_title":"Brunch Amor \/ regalo dulce\/ waffles y donas","og_description":"Brunch Amor  Contiene:   Waffles con fresas frescas y Nutella  3 empanadas de pi\u00f1a  2 mini donas  Fresa cubierta de chocolate  Botella con caf\u00e9 fr\u00edo personalizada con mensaje  Caja con tapa transparente personalizada con nombre, decorada con la lazo y colilla","og_url":"https:\/\/www.chocolatestheocr.com\/en\/shop\/fechas-especiales\/cumpleanos\/brunch-amor\/","og_site_name":"Chocolates Theo","article_publisher":"https:\/\/www.facebook.com\/chocolatestheocr","article_modified_time":"2025-09-27T13:43:33+00:00","og_image":[{"width":1280,"height":1280,"url":"https:\/\/www.chocolatestheocr.com\/wp-content\/uploads\/2024\/05\/WhatsApp-Image-2024-05-02-at-2.40.19-PM.webp","type":"image\/webp"}],"twitter_card":"summary_large_image","schema":{"@context":"https:\/\/schema.org","@graph":[{"@type":"WebPage","@id":"https:\/\/www.chocolatestheocr.com\/shop\/fechas-especiales\/cumpleanos\/brunch-amor\/","url":"https:\/\/www.chocolatestheocr.com\/shop\/fechas-especiales\/cumpleanos\/brunch-amor\/","name":"Brunch Amor \/ regalo dulce\/ waffles y donas","isPartOf":{"@id":"https:\/\/www.chocolatestheocr.com\/#website"},"primaryImageOfPage":{"@id":"https:\/\/www.chocolatestheocr.com\/shop\/fechas-especiales\/cumpleanos\/brunch-amor\/#primaryimage"},"image":{"@id":"https:\/\/www.chocolatestheocr.com\/shop\/fechas-especiales\/cumpleanos\/brunch-amor\/#primaryimage"},"thumbnailUrl":"https:\/\/www.chocolatestheocr.com\/wp-content\/uploads\/2024\/05\/WhatsApp-Image-2024-05-02-at-2.40.19-PM.webp","datePublished":"2024-05-02T21:21:40+00:00","dateModified":"2025-09-27T13:43:33+00:00","description":"Brunch Amor Contiene: Waffles con fresas frescas y Nutella 3 empanadas de pi\u00f1a 2 mini donas Fresa cubierta de chocolate Botella con caf\u00e9 fr\u00edo personalizada con mensaje Caja con tapa transparente personalizada con nombre, decorada con la lazo y colilla","breadcrumb":{"@id":"https:\/\/www.chocolatestheocr.com\/shop\/fechas-especiales\/cumpleanos\/brunch-amor\/#breadcrumb"},"inLanguage":"en-US","potentialAction":[{"@type":"ReadAction","target":["https:\/\/www.chocolatestheocr.com\/shop\/fechas-especiales\/cumpleanos\/brunch-amor\/"]}]},{"@type":"ImageObject","inLanguage":"en-US","@id":"https:\/\/www.chocolatestheocr.com\/shop\/fechas-especiales\/cumpleanos\/brunch-amor\/#primaryimage","url":"https:\/\/www.chocolatestheocr.com\/wp-content\/uploads\/2024\/05\/WhatsApp-Image-2024-05-02-at-2.40.19-PM.webp","contentUrl":"https:\/\/www.chocolatestheocr.com\/wp-content\/uploads\/2024\/05\/WhatsApp-Image-2024-05-02-at-2.40.19-PM.webp","width":1280,"height":1280,"caption":"Brunch Amor"},{"@type":"BreadcrumbList","@id":"https:\/\/www.chocolatestheocr.com\/shop\/fechas-especiales\/cumpleanos\/brunch-amor\/#breadcrumb","itemListElement":[{"@type":"ListItem","position":1,"name":"Portada","item":"https:\/\/www.chocolatestheocr.com\/"},{"@type":"ListItem","position":2,"name":"Tienda","item":"https:\/\/www.chocolatestheocr.com\/shop\/"},{"@type":"ListItem","position":3,"name":"Brunch Amor"}]},{"@type":"WebSite","@id":"https:\/\/www.chocolatestheocr.com\/#website","url":"https:\/\/www.chocolatestheocr.com\/","name":"Chocolates Theo","description":"","publisher":{"@id":"https:\/\/www.chocolatestheocr.com\/#organization"},"potentialAction":[{"@type":"SearchAction","target":{"@type":"EntryPoint","urlTemplate":"https:\/\/www.chocolatestheocr.com\/?s={search_term_string}"},"query-input":{"@type":"PropertyValueSpecification","valueRequired":true,"valueName":"search_term_string"}}],"inLanguage":"en-US"},{"@type":"Organization","@id":"https:\/\/www.chocolatestheocr.com\/#organization","name":"Chocolates Theo","url":"https:\/\/www.chocolatestheocr.com\/","logo":{"@type":"ImageObject","inLanguage":"en-US","@id":"https:\/\/www.chocolatestheocr.com\/#\/schema\/logo\/image\/","url":"https:\/\/www.chocolatestheocr.com\/wp-content\/uploads\/2021\/10\/Logo-Chocolates-Theo.jpg","contentUrl":"https:\/\/www.chocolatestheocr.com\/wp-content\/uploads\/2021\/10\/Logo-Chocolates-Theo.jpg","width":600,"height":600,"caption":"Chocolates Theo"},"image":{"@id":"https:\/\/www.chocolatestheocr.com\/#\/schema\/logo\/image\/"},"sameAs":["https:\/\/www.facebook.com\/chocolatestheocr","https:\/\/www.instagram.com\/chocolates_theo\/","https:\/\/www.youtube.com\/channel\/UCcgAI69rswAd2FY1Ubvmcxw"]}]}},"_links":{"self":[{"href":"https:\/\/www.chocolatestheocr.com\/en\/wp-json\/wp\/v2\/product\/14626","targetHints":{"allow":["GET"]}}],"collection":[{"href":"https:\/\/www.chocolatestheocr.com\/en\/wp-json\/wp\/v2\/product"}],"about":[{"href":"https:\/\/www.chocolatestheocr.com\/en\/wp-json\/wp\/v2\/types\/product"}],"version-history":[{"count":0,"href":"https:\/\/www.chocolatestheocr.com\/en\/wp-json\/wp\/v2\/product\/14626\/revisions"}],"wp:featuredmedia":[{"embeddable":true,"href":"https:\/\/www.chocolatestheocr.com\/en\/wp-json\/wp\/v2\/media\/14628"}],"wp:attachment":[{"href":"https:\/\/www.chocolatestheocr.com\/en\/wp-json\/wp\/v2\/media?parent=14626"}],"wp:term":[{"taxonomy":"product_brand","embeddable":true,"href":"https:\/\/www.chocolatestheocr.com\/en\/wp-json\/wp\/v2\/product_brand?post=14626"},{"taxonomy":"product_cat","embeddable":true,"href":"https:\/\/www.chocolatestheocr.com\/en\/wp-json\/wp\/v2\/product_cat?post=14626"},{"taxonomy":"product_tag","embeddable":true,"href":"https:\/\/www.chocolatestheocr.com\/en\/wp-json\/wp\/v2\/product_tag?post=14626"}],"curies":[{"name":"wp","href":"https:\/\/api.w.org\/{rel}","templated":true}]}}