{"id":14571,"date":"2024-04-12T15:51:21","date_gmt":"2024-04-12T21:51:21","guid":{"rendered":"https:\/\/www.chocolatestheocr.com\/?post_type=product&#038;p=14571"},"modified":"2025-09-27T07:59:57","modified_gmt":"2025-09-27T13:59:57","slug":"desayuno-amanda","status":"publish","type":"product","link":"https:\/\/www.chocolatestheocr.com\/en\/shop\/all\/desayuno-amanda\/","title":{"rendered":"Desayuno Amanda"},"content":{"rendered":"<p>Desayuno Amanda<\/p>\n<p>Contiene:<\/p>\n<ul>\n<li>Gallo pinto con salchichas<\/li>\n<li>Botellita de vidrio con jugo de naranja<\/li>\n<li>Yogurt con granola<\/li>\n<li>Taza con frutas<\/li>\n<li>Taza con jamones y quesos mini<\/li>\n<li>Botellita de vidrio\u00a0 con caf\u00e9 fr\u00edo<\/li>\n<li>Taza de cer\u00e1mica\u00a0 personalizada con mensaje &#8220;Feliz d\u00eda&#8221;<\/li>\n<li>Cuchara para derretir y hacer chocolate caliente<\/li>\n<li>Bolsita de t\u00e9<\/li>\n<li>Cuchara y servilleta<\/li>\n<li>Caja de cart\u00f3n con mensaje &#8220;Disfr\u00fatalo&#8221;<\/li>\n<\/ul>","protected":false},"excerpt":{"rendered":"<p>Desayuno Amanda<\/p>\n<p>Contiene:<\/p>\n<ul>\n<li>Gallo pinto con salchichas<\/li>\n<li>Botellita de vidrio con jugo de naranja<\/li>\n<li>Yogurt con granola<\/li>\n<li>Taza con frutas<\/li>\n<li>Taza con jamones y quesos mini<\/li>\n<li>Botellita de vidrio\u00a0 con caf\u00e9 fr\u00edo<\/li>\n<li>Taza de cer\u00e1mica\u00a0 personalizada con mensaje &#8220;Feliz d\u00eda&#8221;<\/li>\n<li>Cuchara para derretir y hacer chocolate caliente<\/li>\n<li>Bolsita de t\u00e9<\/li>\n<li>Cuchara y servilleta<\/li>\n<li>Caja de cart\u00f3n con mensaje &#8220;Disfr\u00fatalo&#8221;<\/li>\n<\/ul>","protected":false},"featured_media":14724,"template":"","meta":[],"product_brand":[361],"product_cat":[565,41],"product_tag":[611,566,147,662,612,669,668],"class_list":{"0":"post-14571","1":"product","2":"type-product","3":"status-publish","4":"has-post-thumbnail","6":"product_brand-chocolates-theo","7":"product_cat-desayunos","8":"product_cat-all","9":"product_tag-cafe","10":"product_tag-desayuno","11":"product_tag-frutas","12":"product_tag-gallo-pinto","13":"product_tag-jugo-de-naranja","14":"product_tag-quesos","15":"product_tag-taza-de-ceramica","17":"first","18":"instock","19":"shipping-taxable","20":"purchasable","21":"product-type-simple"},"yoast_head":"<!-- This site is optimized with the Yoast SEO plugin v27.3 - https:\/\/yoast.com\/product\/yoast-seo-wordpress\/ -->\n<title>Desayuno Amanda\/ Desayuno completo\/ Regalo especial<\/title>\n<meta name=\"description\" content=\"Desayuno Amanda  Contiene:   Gallo pinto con salchichas  Botellita de vidrio con jugo de naranja  Yogurt con granola  Taza con frutas  Taza con jamones y quesos mini  Botellita de vidrio\u00a0 con caf\u00e9 fr\u00edo  Taza de cer\u00e1mica\u00a0 personalizada con mensaje &quot;Feliz d\u00eda&quot;  Cuchara para derretir y hacer chocolate caliente  Bolsita de t\u00e9  Cuchara y servilleta  Caja de cart\u00f3n con mensaje &quot;Disfr\u00fatalo&quot;\" \/>\n<meta name=\"robots\" content=\"index, follow, max-snippet:-1, max-image-preview:large, max-video-preview:-1\" \/>\n<link rel=\"canonical\" href=\"https:\/\/www.chocolatestheocr.com\/en\/shop\/all\/desayuno-amanda\/\" \/>\n<meta property=\"og:locale\" content=\"en_US\" \/>\n<meta property=\"og:type\" content=\"article\" \/>\n<meta property=\"og:title\" content=\"Desayuno Amanda\/ Desayuno completo\/ Regalo especial\" \/>\n<meta property=\"og:description\" content=\"Desayuno Amanda  Contiene:   Gallo pinto con salchichas  Botellita de vidrio con jugo de naranja  Yogurt con granola  Taza con frutas  Taza con jamones y quesos mini  Botellita de vidrio\u00a0 con caf\u00e9 fr\u00edo  Taza de cer\u00e1mica\u00a0 personalizada con mensaje &quot;Feliz d\u00eda&quot;  Cuchara para derretir y hacer chocolate caliente  Bolsita de t\u00e9  Cuchara y servilleta  Caja de cart\u00f3n con mensaje &quot;Disfr\u00fatalo&quot;\" \/>\n<meta property=\"og:url\" content=\"https:\/\/www.chocolatestheocr.com\/en\/shop\/all\/desayuno-amanda\/\" \/>\n<meta property=\"og:site_name\" content=\"Chocolates Theo\" \/>\n<meta property=\"article:publisher\" content=\"https:\/\/www.facebook.com\/chocolatestheocr\" \/>\n<meta property=\"article:modified_time\" content=\"2025-09-27T13:59:57+00:00\" \/>\n<meta property=\"og:image\" content=\"https:\/\/www.chocolatestheocr.com\/wp-content\/uploads\/2024\/04\/Desayuno-Amanda.webp\" \/>\n\t<meta property=\"og:image:width\" content=\"893\" \/>\n\t<meta property=\"og:image:height\" content=\"787\" \/>\n\t<meta property=\"og:image:type\" content=\"image\/webp\" \/>\n<meta name=\"twitter:card\" content=\"summary_large_image\" \/>\n<script type=\"application\/ld+json\" class=\"yoast-schema-graph\">{\"@context\":\"https:\\\/\\\/schema.org\",\"@graph\":[{\"@type\":\"WebPage\",\"@id\":\"https:\\\/\\\/www.chocolatestheocr.com\\\/shop\\\/all\\\/desayuno-amanda\\\/\",\"url\":\"https:\\\/\\\/www.chocolatestheocr.com\\\/shop\\\/all\\\/desayuno-amanda\\\/\",\"name\":\"Desayuno Amanda\\\/ Desayuno completo\\\/ Regalo especial\",\"isPartOf\":{\"@id\":\"https:\\\/\\\/www.chocolatestheocr.com\\\/#website\"},\"primaryImageOfPage\":{\"@id\":\"https:\\\/\\\/www.chocolatestheocr.com\\\/shop\\\/all\\\/desayuno-amanda\\\/#primaryimage\"},\"image\":{\"@id\":\"https:\\\/\\\/www.chocolatestheocr.com\\\/shop\\\/all\\\/desayuno-amanda\\\/#primaryimage\"},\"thumbnailUrl\":\"https:\\\/\\\/www.chocolatestheocr.com\\\/wp-content\\\/uploads\\\/2024\\\/04\\\/Desayuno-Amanda.webp\",\"datePublished\":\"2024-04-12T21:51:21+00:00\",\"dateModified\":\"2025-09-27T13:59:57+00:00\",\"description\":\"Desayuno Amanda Contiene: Gallo pinto con salchichas Botellita de vidrio con jugo de naranja Yogurt con granola Taza con frutas Taza con jamones y quesos mini Botellita de vidrio\u00a0 con caf\u00e9 fr\u00edo Taza de cer\u00e1mica\u00a0 personalizada con mensaje \\\"Feliz d\u00eda\\\" Cuchara para derretir y hacer chocolate caliente Bolsita de t\u00e9 Cuchara y servilleta Caja de cart\u00f3n con mensaje \\\"Disfr\u00fatalo\\\"\",\"breadcrumb\":{\"@id\":\"https:\\\/\\\/www.chocolatestheocr.com\\\/shop\\\/all\\\/desayuno-amanda\\\/#breadcrumb\"},\"inLanguage\":\"en-US\",\"potentialAction\":[{\"@type\":\"ReadAction\",\"target\":[\"https:\\\/\\\/www.chocolatestheocr.com\\\/shop\\\/all\\\/desayuno-amanda\\\/\"]}]},{\"@type\":\"ImageObject\",\"inLanguage\":\"en-US\",\"@id\":\"https:\\\/\\\/www.chocolatestheocr.com\\\/shop\\\/all\\\/desayuno-amanda\\\/#primaryimage\",\"url\":\"https:\\\/\\\/www.chocolatestheocr.com\\\/wp-content\\\/uploads\\\/2024\\\/04\\\/Desayuno-Amanda.webp\",\"contentUrl\":\"https:\\\/\\\/www.chocolatestheocr.com\\\/wp-content\\\/uploads\\\/2024\\\/04\\\/Desayuno-Amanda.webp\",\"width\":893,\"height\":787,\"caption\":\"Desayuno Amanda\"},{\"@type\":\"BreadcrumbList\",\"@id\":\"https:\\\/\\\/www.chocolatestheocr.com\\\/shop\\\/all\\\/desayuno-amanda\\\/#breadcrumb\",\"itemListElement\":[{\"@type\":\"ListItem\",\"position\":1,\"name\":\"Portada\",\"item\":\"https:\\\/\\\/www.chocolatestheocr.com\\\/\"},{\"@type\":\"ListItem\",\"position\":2,\"name\":\"Tienda\",\"item\":\"https:\\\/\\\/www.chocolatestheocr.com\\\/shop\\\/\"},{\"@type\":\"ListItem\",\"position\":3,\"name\":\"Desayuno Amanda\"}]},{\"@type\":\"WebSite\",\"@id\":\"https:\\\/\\\/www.chocolatestheocr.com\\\/#website\",\"url\":\"https:\\\/\\\/www.chocolatestheocr.com\\\/\",\"name\":\"Chocolates Theo\",\"description\":\"\",\"publisher\":{\"@id\":\"https:\\\/\\\/www.chocolatestheocr.com\\\/#organization\"},\"potentialAction\":[{\"@type\":\"SearchAction\",\"target\":{\"@type\":\"EntryPoint\",\"urlTemplate\":\"https:\\\/\\\/www.chocolatestheocr.com\\\/?s={search_term_string}\"},\"query-input\":{\"@type\":\"PropertyValueSpecification\",\"valueRequired\":true,\"valueName\":\"search_term_string\"}}],\"inLanguage\":\"en-US\"},{\"@type\":\"Organization\",\"@id\":\"https:\\\/\\\/www.chocolatestheocr.com\\\/#organization\",\"name\":\"Chocolates Theo\",\"url\":\"https:\\\/\\\/www.chocolatestheocr.com\\\/\",\"logo\":{\"@type\":\"ImageObject\",\"inLanguage\":\"en-US\",\"@id\":\"https:\\\/\\\/www.chocolatestheocr.com\\\/#\\\/schema\\\/logo\\\/image\\\/\",\"url\":\"https:\\\/\\\/www.chocolatestheocr.com\\\/wp-content\\\/uploads\\\/2021\\\/10\\\/Logo-Chocolates-Theo.jpg\",\"contentUrl\":\"https:\\\/\\\/www.chocolatestheocr.com\\\/wp-content\\\/uploads\\\/2021\\\/10\\\/Logo-Chocolates-Theo.jpg\",\"width\":600,\"height\":600,\"caption\":\"Chocolates Theo\"},\"image\":{\"@id\":\"https:\\\/\\\/www.chocolatestheocr.com\\\/#\\\/schema\\\/logo\\\/image\\\/\"},\"sameAs\":[\"https:\\\/\\\/www.facebook.com\\\/chocolatestheocr\",\"https:\\\/\\\/www.instagram.com\\\/chocolates_theo\\\/\",\"https:\\\/\\\/www.youtube.com\\\/channel\\\/UCcgAI69rswAd2FY1Ubvmcxw\"]}]}<\/script>\n<!-- \/ Yoast SEO plugin. -->","yoast_head_json":{"title":"Desayuno Amanda\/ Desayuno completo\/ Regalo especial","description":"Desayuno Amanda  Contiene:   Gallo pinto con salchichas  Botellita de vidrio con jugo de naranja  Yogurt con granola  Taza con frutas  Taza con jamones y quesos mini  Botellita de vidrio\u00a0 con caf\u00e9 fr\u00edo  Taza de cer\u00e1mica\u00a0 personalizada con mensaje \"Feliz d\u00eda\"  Cuchara para derretir y hacer chocolate caliente  Bolsita de t\u00e9  Cuchara y servilleta  Caja de cart\u00f3n con mensaje \"Disfr\u00fatalo\"","robots":{"index":"index","follow":"follow","max-snippet":"max-snippet:-1","max-image-preview":"max-image-preview:large","max-video-preview":"max-video-preview:-1"},"canonical":"https:\/\/www.chocolatestheocr.com\/en\/shop\/all\/desayuno-amanda\/","og_locale":"en_US","og_type":"article","og_title":"Desayuno Amanda\/ Desayuno completo\/ Regalo especial","og_description":"Desayuno Amanda  Contiene:   Gallo pinto con salchichas  Botellita de vidrio con jugo de naranja  Yogurt con granola  Taza con frutas  Taza con jamones y quesos mini  Botellita de vidrio\u00a0 con caf\u00e9 fr\u00edo  Taza de cer\u00e1mica\u00a0 personalizada con mensaje \"Feliz d\u00eda\"  Cuchara para derretir y hacer chocolate caliente  Bolsita de t\u00e9  Cuchara y servilleta  Caja de cart\u00f3n con mensaje \"Disfr\u00fatalo\"","og_url":"https:\/\/www.chocolatestheocr.com\/en\/shop\/all\/desayuno-amanda\/","og_site_name":"Chocolates Theo","article_publisher":"https:\/\/www.facebook.com\/chocolatestheocr","article_modified_time":"2025-09-27T13:59:57+00:00","og_image":[{"width":893,"height":787,"url":"https:\/\/www.chocolatestheocr.com\/wp-content\/uploads\/2024\/04\/Desayuno-Amanda.webp","type":"image\/webp"}],"twitter_card":"summary_large_image","schema":{"@context":"https:\/\/schema.org","@graph":[{"@type":"WebPage","@id":"https:\/\/www.chocolatestheocr.com\/shop\/all\/desayuno-amanda\/","url":"https:\/\/www.chocolatestheocr.com\/shop\/all\/desayuno-amanda\/","name":"Desayuno Amanda\/ Desayuno completo\/ Regalo especial","isPartOf":{"@id":"https:\/\/www.chocolatestheocr.com\/#website"},"primaryImageOfPage":{"@id":"https:\/\/www.chocolatestheocr.com\/shop\/all\/desayuno-amanda\/#primaryimage"},"image":{"@id":"https:\/\/www.chocolatestheocr.com\/shop\/all\/desayuno-amanda\/#primaryimage"},"thumbnailUrl":"https:\/\/www.chocolatestheocr.com\/wp-content\/uploads\/2024\/04\/Desayuno-Amanda.webp","datePublished":"2024-04-12T21:51:21+00:00","dateModified":"2025-09-27T13:59:57+00:00","description":"Desayuno Amanda Contiene: Gallo pinto con salchichas Botellita de vidrio con jugo de naranja Yogurt con granola Taza con frutas Taza con jamones y quesos mini Botellita de vidrio\u00a0 con caf\u00e9 fr\u00edo Taza de cer\u00e1mica\u00a0 personalizada con mensaje \"Feliz d\u00eda\" Cuchara para derretir y hacer chocolate caliente Bolsita de t\u00e9 Cuchara y servilleta Caja de cart\u00f3n con mensaje \"Disfr\u00fatalo\"","breadcrumb":{"@id":"https:\/\/www.chocolatestheocr.com\/shop\/all\/desayuno-amanda\/#breadcrumb"},"inLanguage":"en-US","potentialAction":[{"@type":"ReadAction","target":["https:\/\/www.chocolatestheocr.com\/shop\/all\/desayuno-amanda\/"]}]},{"@type":"ImageObject","inLanguage":"en-US","@id":"https:\/\/www.chocolatestheocr.com\/shop\/all\/desayuno-amanda\/#primaryimage","url":"https:\/\/www.chocolatestheocr.com\/wp-content\/uploads\/2024\/04\/Desayuno-Amanda.webp","contentUrl":"https:\/\/www.chocolatestheocr.com\/wp-content\/uploads\/2024\/04\/Desayuno-Amanda.webp","width":893,"height":787,"caption":"Desayuno Amanda"},{"@type":"BreadcrumbList","@id":"https:\/\/www.chocolatestheocr.com\/shop\/all\/desayuno-amanda\/#breadcrumb","itemListElement":[{"@type":"ListItem","position":1,"name":"Portada","item":"https:\/\/www.chocolatestheocr.com\/"},{"@type":"ListItem","position":2,"name":"Tienda","item":"https:\/\/www.chocolatestheocr.com\/shop\/"},{"@type":"ListItem","position":3,"name":"Desayuno Amanda"}]},{"@type":"WebSite","@id":"https:\/\/www.chocolatestheocr.com\/#website","url":"https:\/\/www.chocolatestheocr.com\/","name":"Chocolates Theo","description":"","publisher":{"@id":"https:\/\/www.chocolatestheocr.com\/#organization"},"potentialAction":[{"@type":"SearchAction","target":{"@type":"EntryPoint","urlTemplate":"https:\/\/www.chocolatestheocr.com\/?s={search_term_string}"},"query-input":{"@type":"PropertyValueSpecification","valueRequired":true,"valueName":"search_term_string"}}],"inLanguage":"en-US"},{"@type":"Organization","@id":"https:\/\/www.chocolatestheocr.com\/#organization","name":"Chocolates Theo","url":"https:\/\/www.chocolatestheocr.com\/","logo":{"@type":"ImageObject","inLanguage":"en-US","@id":"https:\/\/www.chocolatestheocr.com\/#\/schema\/logo\/image\/","url":"https:\/\/www.chocolatestheocr.com\/wp-content\/uploads\/2021\/10\/Logo-Chocolates-Theo.jpg","contentUrl":"https:\/\/www.chocolatestheocr.com\/wp-content\/uploads\/2021\/10\/Logo-Chocolates-Theo.jpg","width":600,"height":600,"caption":"Chocolates Theo"},"image":{"@id":"https:\/\/www.chocolatestheocr.com\/#\/schema\/logo\/image\/"},"sameAs":["https:\/\/www.facebook.com\/chocolatestheocr","https:\/\/www.instagram.com\/chocolates_theo\/","https:\/\/www.youtube.com\/channel\/UCcgAI69rswAd2FY1Ubvmcxw"]}]}},"_links":{"self":[{"href":"https:\/\/www.chocolatestheocr.com\/en\/wp-json\/wp\/v2\/product\/14571","targetHints":{"allow":["GET"]}}],"collection":[{"href":"https:\/\/www.chocolatestheocr.com\/en\/wp-json\/wp\/v2\/product"}],"about":[{"href":"https:\/\/www.chocolatestheocr.com\/en\/wp-json\/wp\/v2\/types\/product"}],"version-history":[{"count":0,"href":"https:\/\/www.chocolatestheocr.com\/en\/wp-json\/wp\/v2\/product\/14571\/revisions"}],"wp:featuredmedia":[{"embeddable":true,"href":"https:\/\/www.chocolatestheocr.com\/en\/wp-json\/wp\/v2\/media\/14724"}],"wp:attachment":[{"href":"https:\/\/www.chocolatestheocr.com\/en\/wp-json\/wp\/v2\/media?parent=14571"}],"wp:term":[{"taxonomy":"product_brand","embeddable":true,"href":"https:\/\/www.chocolatestheocr.com\/en\/wp-json\/wp\/v2\/product_brand?post=14571"},{"taxonomy":"product_cat","embeddable":true,"href":"https:\/\/www.chocolatestheocr.com\/en\/wp-json\/wp\/v2\/product_cat?post=14571"},{"taxonomy":"product_tag","embeddable":true,"href":"https:\/\/www.chocolatestheocr.com\/en\/wp-json\/wp\/v2\/product_tag?post=14571"}],"curies":[{"name":"wp","href":"https:\/\/api.w.org\/{rel}","templated":true}]}}