{"id":14514,"date":"2024-04-09T11:25:25","date_gmt":"2024-04-09T17:25:25","guid":{"rendered":"https:\/\/www.chocolatestheocr.com\/?post_type=product&#038;p=14514"},"modified":"2025-09-27T09:21:10","modified_gmt":"2025-09-27T15:21:10","slug":"desayuno-juliana","status":"publish","type":"product","link":"https:\/\/www.chocolatestheocr.com\/en\/shop\/fechas-especiales\/cumpleanos\/desayuno-juliana\/","title":{"rendered":"Desayuno &#8220;Juliana&#8221;"},"content":{"rendered":"<p>Desayuno &#8220;Juliana&#8221;<\/p>\n<p>Contiene:<\/p>\n<ul>\n<li>Sandwich de jam\u00f3n y queso hecho con un delicioso croissant de mantequilla<\/li>\n<li>Queque de tama\u00f1o personal &#8220;Red Velvet&#8221; con fresas con chocolate y topper acrilico con mensaje &#8220;Feliz Cumple&#8221;<\/li>\n<li>Botellita de vidrio con jugo de naranja<\/li>\n<li>Lata de Ron flor de Ca\u00f1a &#8220;Ros\u00e9&#8221;<\/li>\n<li>Servilleta<\/li>\n<li>Caja de cart\u00f3n<\/li>\n<li>Empacado con papel celof\u00e1n<\/li>\n<\/ul>\n<p>Nota: Los globos puedes pedirlos adicionalmente<\/p>","protected":false},"excerpt":{"rendered":"<p>Desayuno &#8220;Juliana&#8221;<\/p>\n<p>Contiene:<\/p>\n<ul>\n<li>Sandwich de jam\u00f3n y queso hecho con un delicioso croissant de mantequilla<\/li>\n<li>Queque de tama\u00f1o personal &#8220;Red Velvet&#8221; con fresas con chocolate y topper acrilico con mensaje &#8220;Feliz Cumple&#8221;<\/li>\n<li>Botellita de vidrio con jugo de naranja<\/li>\n<li>Lata de Ron flor de Ca\u00f1a &#8220;Ros\u00e9&#8221;<\/li>\n<li>Servilleta<\/li>\n<li>Caja de cart\u00f3n<\/li>\n<li>Empacado con papel celof\u00e1n<\/li>\n<\/ul>\n<p>Nota: Los globos puedes pedirlos adicionalmente<\/p>","protected":false},"featured_media":14558,"template":"","meta":[],"product_brand":[361],"product_cat":[500,565,578,41],"product_tag":[566,196,612,581,607],"class_list":{"0":"post-14514","1":"product","2":"type-product","3":"status-publish","4":"has-post-thumbnail","6":"product_brand-chocolates-theo","7":"product_cat-cumpleanos","8":"product_cat-desayunos","9":"product_cat-regalos-para-ellos","10":"product_cat-all","11":"product_tag-desayuno","12":"product_tag-flor-de-cana","13":"product_tag-jugo-de-naranja","14":"product_tag-queque-personal","15":"product_tag-sandwich","17":"first","18":"instock","19":"shipping-taxable","20":"purchasable","21":"product-type-simple"},"yoast_head":"<!-- This site is optimized with the Yoast SEO plugin v27.3 - https:\/\/yoast.com\/product\/yoast-seo-wordpress\/ -->\n<title>Desayuno &quot;Juliana&quot; \/ cumplea\u00f1os \/ regalo \/ Detalle \/ sorpresa<\/title>\n<meta name=\"description\" content=\"Desayuno &quot;Juliana&quot;  Contiene:   Sandwich de jam\u00f3n y queso hecho con un delicioso croissant de mantequilla  Queque de tama\u00f1o personal &quot;Red Velvet&quot; con fresas con chocolate y topper acrilico con mensaje &quot;Feliz Cumple&quot;  Botellita de vidrio con jugo de naranja  Lata de Ron flor de Ca\u00f1a &quot;Ros\u00e9&quot;  Servilleta  Caja de cart\u00f3n  Empacado con papel celof\u00e1n  Nota: Los globos puedes pedirlos adicionalmente\" \/>\n<meta name=\"robots\" content=\"index, follow, max-snippet:-1, max-image-preview:large, max-video-preview:-1\" \/>\n<link rel=\"canonical\" href=\"https:\/\/www.chocolatestheocr.com\/en\/shop\/fechas-especiales\/cumpleanos\/desayuno-juliana\/\" \/>\n<meta property=\"og:locale\" content=\"en_US\" \/>\n<meta property=\"og:type\" content=\"article\" \/>\n<meta property=\"og:title\" content=\"Desayuno &quot;Juliana&quot; \/ cumplea\u00f1os \/ regalo \/ Detalle \/ sorpresa\" \/>\n<meta property=\"og:description\" content=\"Desayuno &quot;Juliana&quot;  Contiene:   Sandwich de jam\u00f3n y queso hecho con un delicioso croissant de mantequilla  Queque de tama\u00f1o personal &quot;Red Velvet&quot; con fresas con chocolate y topper acrilico con mensaje &quot;Feliz Cumple&quot;  Botellita de vidrio con jugo de naranja  Lata de Ron flor de Ca\u00f1a &quot;Ros\u00e9&quot;  Servilleta  Caja de cart\u00f3n  Empacado con papel celof\u00e1n  Nota: Los globos puedes pedirlos adicionalmente\" \/>\n<meta property=\"og:url\" content=\"https:\/\/www.chocolatestheocr.com\/en\/shop\/fechas-especiales\/cumpleanos\/desayuno-juliana\/\" \/>\n<meta property=\"og:site_name\" content=\"Chocolates Theo\" \/>\n<meta property=\"article:publisher\" content=\"https:\/\/www.facebook.com\/chocolatestheocr\" \/>\n<meta property=\"article:modified_time\" content=\"2025-09-27T15:21:10+00:00\" \/>\n<meta property=\"og:image\" content=\"https:\/\/www.chocolatestheocr.com\/wp-content\/uploads\/2024\/04\/Desayuno-_Juliana_-1024x1024-1.webp\" \/>\n\t<meta property=\"og:image:width\" content=\"1024\" \/>\n\t<meta property=\"og:image:height\" content=\"1024\" \/>\n\t<meta property=\"og:image:type\" content=\"image\/webp\" \/>\n<meta name=\"twitter:card\" content=\"summary_large_image\" \/>\n<script type=\"application\/ld+json\" class=\"yoast-schema-graph\">{\"@context\":\"https:\\\/\\\/schema.org\",\"@graph\":[{\"@type\":\"WebPage\",\"@id\":\"https:\\\/\\\/www.chocolatestheocr.com\\\/shop\\\/fechas-especiales\\\/cumpleanos\\\/desayuno-juliana\\\/\",\"url\":\"https:\\\/\\\/www.chocolatestheocr.com\\\/shop\\\/fechas-especiales\\\/cumpleanos\\\/desayuno-juliana\\\/\",\"name\":\"Desayuno \\\"Juliana\\\" \\\/ cumplea\u00f1os \\\/ regalo \\\/ Detalle \\\/ sorpresa\",\"isPartOf\":{\"@id\":\"https:\\\/\\\/www.chocolatestheocr.com\\\/#website\"},\"primaryImageOfPage\":{\"@id\":\"https:\\\/\\\/www.chocolatestheocr.com\\\/shop\\\/fechas-especiales\\\/cumpleanos\\\/desayuno-juliana\\\/#primaryimage\"},\"image\":{\"@id\":\"https:\\\/\\\/www.chocolatestheocr.com\\\/shop\\\/fechas-especiales\\\/cumpleanos\\\/desayuno-juliana\\\/#primaryimage\"},\"thumbnailUrl\":\"https:\\\/\\\/www.chocolatestheocr.com\\\/wp-content\\\/uploads\\\/2024\\\/04\\\/Desayuno-_Juliana_-1024x1024-1.webp\",\"datePublished\":\"2024-04-09T17:25:25+00:00\",\"dateModified\":\"2025-09-27T15:21:10+00:00\",\"description\":\"Desayuno \\\"Juliana\\\" Contiene: Sandwich de jam\u00f3n y queso hecho con un delicioso croissant de mantequilla Queque de tama\u00f1o personal \\\"Red Velvet\\\" con fresas con chocolate y topper acrilico con mensaje \\\"Feliz Cumple\\\" Botellita de vidrio con jugo de naranja Lata de Ron flor de Ca\u00f1a \\\"Ros\u00e9\\\" Servilleta Caja de cart\u00f3n Empacado con papel celof\u00e1n Nota: Los globos puedes pedirlos adicionalmente\",\"breadcrumb\":{\"@id\":\"https:\\\/\\\/www.chocolatestheocr.com\\\/shop\\\/fechas-especiales\\\/cumpleanos\\\/desayuno-juliana\\\/#breadcrumb\"},\"inLanguage\":\"en-US\",\"potentialAction\":[{\"@type\":\"ReadAction\",\"target\":[\"https:\\\/\\\/www.chocolatestheocr.com\\\/shop\\\/fechas-especiales\\\/cumpleanos\\\/desayuno-juliana\\\/\"]}]},{\"@type\":\"ImageObject\",\"inLanguage\":\"en-US\",\"@id\":\"https:\\\/\\\/www.chocolatestheocr.com\\\/shop\\\/fechas-especiales\\\/cumpleanos\\\/desayuno-juliana\\\/#primaryimage\",\"url\":\"https:\\\/\\\/www.chocolatestheocr.com\\\/wp-content\\\/uploads\\\/2024\\\/04\\\/Desayuno-_Juliana_-1024x1024-1.webp\",\"contentUrl\":\"https:\\\/\\\/www.chocolatestheocr.com\\\/wp-content\\\/uploads\\\/2024\\\/04\\\/Desayuno-_Juliana_-1024x1024-1.webp\",\"width\":1024,\"height\":1024},{\"@type\":\"BreadcrumbList\",\"@id\":\"https:\\\/\\\/www.chocolatestheocr.com\\\/shop\\\/fechas-especiales\\\/cumpleanos\\\/desayuno-juliana\\\/#breadcrumb\",\"itemListElement\":[{\"@type\":\"ListItem\",\"position\":1,\"name\":\"Portada\",\"item\":\"https:\\\/\\\/www.chocolatestheocr.com\\\/\"},{\"@type\":\"ListItem\",\"position\":2,\"name\":\"Tienda\",\"item\":\"https:\\\/\\\/www.chocolatestheocr.com\\\/shop\\\/\"},{\"@type\":\"ListItem\",\"position\":3,\"name\":\"Desayuno &#8220;Juliana&#8221;\"}]},{\"@type\":\"WebSite\",\"@id\":\"https:\\\/\\\/www.chocolatestheocr.com\\\/#website\",\"url\":\"https:\\\/\\\/www.chocolatestheocr.com\\\/\",\"name\":\"Chocolates Theo\",\"description\":\"\",\"publisher\":{\"@id\":\"https:\\\/\\\/www.chocolatestheocr.com\\\/#organization\"},\"potentialAction\":[{\"@type\":\"SearchAction\",\"target\":{\"@type\":\"EntryPoint\",\"urlTemplate\":\"https:\\\/\\\/www.chocolatestheocr.com\\\/?s={search_term_string}\"},\"query-input\":{\"@type\":\"PropertyValueSpecification\",\"valueRequired\":true,\"valueName\":\"search_term_string\"}}],\"inLanguage\":\"en-US\"},{\"@type\":\"Organization\",\"@id\":\"https:\\\/\\\/www.chocolatestheocr.com\\\/#organization\",\"name\":\"Chocolates Theo\",\"url\":\"https:\\\/\\\/www.chocolatestheocr.com\\\/\",\"logo\":{\"@type\":\"ImageObject\",\"inLanguage\":\"en-US\",\"@id\":\"https:\\\/\\\/www.chocolatestheocr.com\\\/#\\\/schema\\\/logo\\\/image\\\/\",\"url\":\"https:\\\/\\\/www.chocolatestheocr.com\\\/wp-content\\\/uploads\\\/2021\\\/10\\\/Logo-Chocolates-Theo.jpg\",\"contentUrl\":\"https:\\\/\\\/www.chocolatestheocr.com\\\/wp-content\\\/uploads\\\/2021\\\/10\\\/Logo-Chocolates-Theo.jpg\",\"width\":600,\"height\":600,\"caption\":\"Chocolates Theo\"},\"image\":{\"@id\":\"https:\\\/\\\/www.chocolatestheocr.com\\\/#\\\/schema\\\/logo\\\/image\\\/\"},\"sameAs\":[\"https:\\\/\\\/www.facebook.com\\\/chocolatestheocr\",\"https:\\\/\\\/www.instagram.com\\\/chocolates_theo\\\/\",\"https:\\\/\\\/www.youtube.com\\\/channel\\\/UCcgAI69rswAd2FY1Ubvmcxw\"]}]}<\/script>\n<!-- \/ Yoast SEO plugin. -->","yoast_head_json":{"title":"Desayuno \"Juliana\" \/ cumplea\u00f1os \/ regalo \/ Detalle \/ sorpresa","description":"Desayuno \"Juliana\"  Contiene:   Sandwich de jam\u00f3n y queso hecho con un delicioso croissant de mantequilla  Queque de tama\u00f1o personal \"Red Velvet\" con fresas con chocolate y topper acrilico con mensaje \"Feliz Cumple\"  Botellita de vidrio con jugo de naranja  Lata de Ron flor de Ca\u00f1a \"Ros\u00e9\"  Servilleta  Caja de cart\u00f3n  Empacado con papel celof\u00e1n  Nota: Los globos puedes pedirlos adicionalmente","robots":{"index":"index","follow":"follow","max-snippet":"max-snippet:-1","max-image-preview":"max-image-preview:large","max-video-preview":"max-video-preview:-1"},"canonical":"https:\/\/www.chocolatestheocr.com\/en\/shop\/fechas-especiales\/cumpleanos\/desayuno-juliana\/","og_locale":"en_US","og_type":"article","og_title":"Desayuno \"Juliana\" \/ cumplea\u00f1os \/ regalo \/ Detalle \/ sorpresa","og_description":"Desayuno \"Juliana\"  Contiene:   Sandwich de jam\u00f3n y queso hecho con un delicioso croissant de mantequilla  Queque de tama\u00f1o personal \"Red Velvet\" con fresas con chocolate y topper acrilico con mensaje \"Feliz Cumple\"  Botellita de vidrio con jugo de naranja  Lata de Ron flor de Ca\u00f1a \"Ros\u00e9\"  Servilleta  Caja de cart\u00f3n  Empacado con papel celof\u00e1n  Nota: Los globos puedes pedirlos adicionalmente","og_url":"https:\/\/www.chocolatestheocr.com\/en\/shop\/fechas-especiales\/cumpleanos\/desayuno-juliana\/","og_site_name":"Chocolates Theo","article_publisher":"https:\/\/www.facebook.com\/chocolatestheocr","article_modified_time":"2025-09-27T15:21:10+00:00","og_image":[{"width":1024,"height":1024,"url":"https:\/\/www.chocolatestheocr.com\/wp-content\/uploads\/2024\/04\/Desayuno-_Juliana_-1024x1024-1.webp","type":"image\/webp"}],"twitter_card":"summary_large_image","schema":{"@context":"https:\/\/schema.org","@graph":[{"@type":"WebPage","@id":"https:\/\/www.chocolatestheocr.com\/shop\/fechas-especiales\/cumpleanos\/desayuno-juliana\/","url":"https:\/\/www.chocolatestheocr.com\/shop\/fechas-especiales\/cumpleanos\/desayuno-juliana\/","name":"Desayuno \"Juliana\" \/ cumplea\u00f1os \/ regalo \/ Detalle \/ sorpresa","isPartOf":{"@id":"https:\/\/www.chocolatestheocr.com\/#website"},"primaryImageOfPage":{"@id":"https:\/\/www.chocolatestheocr.com\/shop\/fechas-especiales\/cumpleanos\/desayuno-juliana\/#primaryimage"},"image":{"@id":"https:\/\/www.chocolatestheocr.com\/shop\/fechas-especiales\/cumpleanos\/desayuno-juliana\/#primaryimage"},"thumbnailUrl":"https:\/\/www.chocolatestheocr.com\/wp-content\/uploads\/2024\/04\/Desayuno-_Juliana_-1024x1024-1.webp","datePublished":"2024-04-09T17:25:25+00:00","dateModified":"2025-09-27T15:21:10+00:00","description":"Desayuno \"Juliana\" Contiene: Sandwich de jam\u00f3n y queso hecho con un delicioso croissant de mantequilla Queque de tama\u00f1o personal \"Red Velvet\" con fresas con chocolate y topper acrilico con mensaje \"Feliz Cumple\" Botellita de vidrio con jugo de naranja Lata de Ron flor de Ca\u00f1a \"Ros\u00e9\" Servilleta Caja de cart\u00f3n Empacado con papel celof\u00e1n Nota: Los globos puedes pedirlos adicionalmente","breadcrumb":{"@id":"https:\/\/www.chocolatestheocr.com\/shop\/fechas-especiales\/cumpleanos\/desayuno-juliana\/#breadcrumb"},"inLanguage":"en-US","potentialAction":[{"@type":"ReadAction","target":["https:\/\/www.chocolatestheocr.com\/shop\/fechas-especiales\/cumpleanos\/desayuno-juliana\/"]}]},{"@type":"ImageObject","inLanguage":"en-US","@id":"https:\/\/www.chocolatestheocr.com\/shop\/fechas-especiales\/cumpleanos\/desayuno-juliana\/#primaryimage","url":"https:\/\/www.chocolatestheocr.com\/wp-content\/uploads\/2024\/04\/Desayuno-_Juliana_-1024x1024-1.webp","contentUrl":"https:\/\/www.chocolatestheocr.com\/wp-content\/uploads\/2024\/04\/Desayuno-_Juliana_-1024x1024-1.webp","width":1024,"height":1024},{"@type":"BreadcrumbList","@id":"https:\/\/www.chocolatestheocr.com\/shop\/fechas-especiales\/cumpleanos\/desayuno-juliana\/#breadcrumb","itemListElement":[{"@type":"ListItem","position":1,"name":"Portada","item":"https:\/\/www.chocolatestheocr.com\/"},{"@type":"ListItem","position":2,"name":"Tienda","item":"https:\/\/www.chocolatestheocr.com\/shop\/"},{"@type":"ListItem","position":3,"name":"Desayuno &#8220;Juliana&#8221;"}]},{"@type":"WebSite","@id":"https:\/\/www.chocolatestheocr.com\/#website","url":"https:\/\/www.chocolatestheocr.com\/","name":"Chocolates Theo","description":"","publisher":{"@id":"https:\/\/www.chocolatestheocr.com\/#organization"},"potentialAction":[{"@type":"SearchAction","target":{"@type":"EntryPoint","urlTemplate":"https:\/\/www.chocolatestheocr.com\/?s={search_term_string}"},"query-input":{"@type":"PropertyValueSpecification","valueRequired":true,"valueName":"search_term_string"}}],"inLanguage":"en-US"},{"@type":"Organization","@id":"https:\/\/www.chocolatestheocr.com\/#organization","name":"Chocolates Theo","url":"https:\/\/www.chocolatestheocr.com\/","logo":{"@type":"ImageObject","inLanguage":"en-US","@id":"https:\/\/www.chocolatestheocr.com\/#\/schema\/logo\/image\/","url":"https:\/\/www.chocolatestheocr.com\/wp-content\/uploads\/2021\/10\/Logo-Chocolates-Theo.jpg","contentUrl":"https:\/\/www.chocolatestheocr.com\/wp-content\/uploads\/2021\/10\/Logo-Chocolates-Theo.jpg","width":600,"height":600,"caption":"Chocolates Theo"},"image":{"@id":"https:\/\/www.chocolatestheocr.com\/#\/schema\/logo\/image\/"},"sameAs":["https:\/\/www.facebook.com\/chocolatestheocr","https:\/\/www.instagram.com\/chocolates_theo\/","https:\/\/www.youtube.com\/channel\/UCcgAI69rswAd2FY1Ubvmcxw"]}]}},"_links":{"self":[{"href":"https:\/\/www.chocolatestheocr.com\/en\/wp-json\/wp\/v2\/product\/14514","targetHints":{"allow":["GET"]}}],"collection":[{"href":"https:\/\/www.chocolatestheocr.com\/en\/wp-json\/wp\/v2\/product"}],"about":[{"href":"https:\/\/www.chocolatestheocr.com\/en\/wp-json\/wp\/v2\/types\/product"}],"version-history":[{"count":0,"href":"https:\/\/www.chocolatestheocr.com\/en\/wp-json\/wp\/v2\/product\/14514\/revisions"}],"wp:featuredmedia":[{"embeddable":true,"href":"https:\/\/www.chocolatestheocr.com\/en\/wp-json\/wp\/v2\/media\/14558"}],"wp:attachment":[{"href":"https:\/\/www.chocolatestheocr.com\/en\/wp-json\/wp\/v2\/media?parent=14514"}],"wp:term":[{"taxonomy":"product_brand","embeddable":true,"href":"https:\/\/www.chocolatestheocr.com\/en\/wp-json\/wp\/v2\/product_brand?post=14514"},{"taxonomy":"product_cat","embeddable":true,"href":"https:\/\/www.chocolatestheocr.com\/en\/wp-json\/wp\/v2\/product_cat?post=14514"},{"taxonomy":"product_tag","embeddable":true,"href":"https:\/\/www.chocolatestheocr.com\/en\/wp-json\/wp\/v2\/product_tag?post=14514"}],"curies":[{"name":"wp","href":"https:\/\/api.w.org\/{rel}","templated":true}]}}