{"id":13914,"date":"2023-12-03T20:08:35","date_gmt":"2023-12-04T02:08:35","guid":{"rendered":"https:\/\/www.chocolatestheocr.com\/?post_type=product&#038;p=13914"},"modified":"2025-10-06T08:58:29","modified_gmt":"2025-10-06T14:58:29","slug":"queque-de-choco-menta-navideno-personal","status":"publish","type":"product","link":"https:\/\/www.chocolatestheocr.com\/en\/shop\/fechas-especiales\/navidad\/queque-de-choco-menta-navideno-personal\/","title":{"rendered":"Queque de Choco-menta navide\u00f1o personal"},"content":{"rendered":"<p>Queque de Choco-menta navide\u00f1o personal<\/p>\n<p>Queque de chocolate de tama\u00f1o personal con crema de menta, y con decoraci\u00f3n en chocolates con formas de bosque navide\u00f1o, empacado en caja transparente con mensaje personalizado y lazo de tela<\/p>","protected":false},"excerpt":{"rendered":"<p>Queque de Choco-menta navide\u00f1o personal<\/p>\n<p>Queque de chocolate de tama\u00f1o personal con crema de menta, y con decoraci\u00f3n en chocolates con formas de bosque navide\u00f1o, empacado en caja transparente con mensaje personalizado y lazo de tela<\/p>\n<p>&nbsp;<\/p>","protected":false},"featured_media":13918,"template":"","meta":[],"product_brand":[361],"product_cat":[92,504,41],"product_tag":[635,634,426,262,532,501],"class_list":{"0":"post-13914","1":"product","2":"type-product","3":"status-publish","4":"has-post-thumbnail","6":"product_brand-chocolates-theo","7":"product_cat-navidad","8":"product_cat-queques","9":"product_cat-all","10":"product_tag-arbolitos","11":"product_tag-choco","12":"product_tag-menta","13":"product_tag-navidad","14":"product_tag-personal","15":"product_tag-queque","17":"first","18":"instock","19":"shipping-taxable","20":"purchasable","21":"product-type-simple"},"yoast_head":"<!-- This site is optimized with the Yoast SEO plugin v27.3 - https:\/\/yoast.com\/product\/yoast-seo-wordpress\/ -->\n<title>Queque de Choco-menta navide\u00f1o personal \/ Chocolates Theo<\/title>\n<meta name=\"description\" content=\"Queque de Choco-menta navide\u00f1o personal  Queque de chocolate de tama\u00f1o personal con crema de menta, y con decoraci\u00f3n en chocolates con formas de bosque navide\u00f1o, empacado en caja transparente con mensaje personalizado y lazo de tela  &nbsp;\" \/>\n<meta name=\"robots\" content=\"index, follow, max-snippet:-1, max-image-preview:large, max-video-preview:-1\" \/>\n<link rel=\"canonical\" href=\"https:\/\/www.chocolatestheocr.com\/en\/shop\/fechas-especiales\/navidad\/queque-de-choco-menta-navideno-personal\/\" \/>\n<meta property=\"og:locale\" content=\"en_US\" \/>\n<meta property=\"og:type\" content=\"article\" \/>\n<meta property=\"og:title\" content=\"Queque de Choco-menta navide\u00f1o personal \/ Chocolates Theo\" \/>\n<meta property=\"og:description\" content=\"Queque de Choco-menta navide\u00f1o personal  Queque de chocolate de tama\u00f1o personal con crema de menta, y con decoraci\u00f3n en chocolates con formas de bosque navide\u00f1o, empacado en caja transparente con mensaje personalizado y lazo de tela  &nbsp;\" \/>\n<meta property=\"og:url\" content=\"https:\/\/www.chocolatestheocr.com\/en\/shop\/fechas-especiales\/navidad\/queque-de-choco-menta-navideno-personal\/\" \/>\n<meta property=\"og:site_name\" content=\"Chocolates Theo\" \/>\n<meta property=\"article:publisher\" content=\"https:\/\/www.facebook.com\/chocolatestheocr\" \/>\n<meta property=\"article:modified_time\" content=\"2025-10-06T14:58:29+00:00\" \/>\n<meta property=\"og:image\" content=\"https:\/\/www.chocolatestheocr.com\/wp-content\/uploads\/2023\/12\/Queque-navidad-chocomenta-personal-empaque-copia.webp\" \/>\n\t<meta property=\"og:image:width\" content=\"732\" \/>\n\t<meta property=\"og:image:height\" content=\"906\" \/>\n\t<meta property=\"og:image:type\" content=\"image\/webp\" \/>\n<meta name=\"twitter:card\" content=\"summary_large_image\" \/>\n<script type=\"application\/ld+json\" class=\"yoast-schema-graph\">{\"@context\":\"https:\\\/\\\/schema.org\",\"@graph\":[{\"@type\":\"WebPage\",\"@id\":\"https:\\\/\\\/www.chocolatestheocr.com\\\/shop\\\/fechas-especiales\\\/navidad\\\/queque-de-choco-menta-navideno-personal\\\/\",\"url\":\"https:\\\/\\\/www.chocolatestheocr.com\\\/shop\\\/fechas-especiales\\\/navidad\\\/queque-de-choco-menta-navideno-personal\\\/\",\"name\":\"Queque de Choco-menta navide\u00f1o personal \\\/ Chocolates Theo\",\"isPartOf\":{\"@id\":\"https:\\\/\\\/www.chocolatestheocr.com\\\/#website\"},\"primaryImageOfPage\":{\"@id\":\"https:\\\/\\\/www.chocolatestheocr.com\\\/shop\\\/fechas-especiales\\\/navidad\\\/queque-de-choco-menta-navideno-personal\\\/#primaryimage\"},\"image\":{\"@id\":\"https:\\\/\\\/www.chocolatestheocr.com\\\/shop\\\/fechas-especiales\\\/navidad\\\/queque-de-choco-menta-navideno-personal\\\/#primaryimage\"},\"thumbnailUrl\":\"https:\\\/\\\/www.chocolatestheocr.com\\\/wp-content\\\/uploads\\\/2023\\\/12\\\/Queque-navidad-chocomenta-personal-empaque-copia.webp\",\"datePublished\":\"2023-12-04T02:08:35+00:00\",\"dateModified\":\"2025-10-06T14:58:29+00:00\",\"description\":\"Queque de Choco-menta navide\u00f1o personal Queque de chocolate de tama\u00f1o personal con crema de menta, y con decoraci\u00f3n en chocolates con formas de bosque navide\u00f1o, empacado en caja transparente con mensaje personalizado y lazo de tela &nbsp;\",\"breadcrumb\":{\"@id\":\"https:\\\/\\\/www.chocolatestheocr.com\\\/shop\\\/fechas-especiales\\\/navidad\\\/queque-de-choco-menta-navideno-personal\\\/#breadcrumb\"},\"inLanguage\":\"en-US\",\"potentialAction\":[{\"@type\":\"ReadAction\",\"target\":[\"https:\\\/\\\/www.chocolatestheocr.com\\\/shop\\\/fechas-especiales\\\/navidad\\\/queque-de-choco-menta-navideno-personal\\\/\"]}]},{\"@type\":\"ImageObject\",\"inLanguage\":\"en-US\",\"@id\":\"https:\\\/\\\/www.chocolatestheocr.com\\\/shop\\\/fechas-especiales\\\/navidad\\\/queque-de-choco-menta-navideno-personal\\\/#primaryimage\",\"url\":\"https:\\\/\\\/www.chocolatestheocr.com\\\/wp-content\\\/uploads\\\/2023\\\/12\\\/Queque-navidad-chocomenta-personal-empaque-copia.webp\",\"contentUrl\":\"https:\\\/\\\/www.chocolatestheocr.com\\\/wp-content\\\/uploads\\\/2023\\\/12\\\/Queque-navidad-chocomenta-personal-empaque-copia.webp\",\"width\":732,\"height\":906,\"caption\":\"Queque navidad chocomenta personal empaque copia\"},{\"@type\":\"BreadcrumbList\",\"@id\":\"https:\\\/\\\/www.chocolatestheocr.com\\\/shop\\\/fechas-especiales\\\/navidad\\\/queque-de-choco-menta-navideno-personal\\\/#breadcrumb\",\"itemListElement\":[{\"@type\":\"ListItem\",\"position\":1,\"name\":\"Portada\",\"item\":\"https:\\\/\\\/www.chocolatestheocr.com\\\/\"},{\"@type\":\"ListItem\",\"position\":2,\"name\":\"Tienda\",\"item\":\"https:\\\/\\\/www.chocolatestheocr.com\\\/shop\\\/\"},{\"@type\":\"ListItem\",\"position\":3,\"name\":\"Queque de Choco-menta navide\u00f1o personal\"}]},{\"@type\":\"WebSite\",\"@id\":\"https:\\\/\\\/www.chocolatestheocr.com\\\/#website\",\"url\":\"https:\\\/\\\/www.chocolatestheocr.com\\\/\",\"name\":\"Chocolates Theo\",\"description\":\"\",\"publisher\":{\"@id\":\"https:\\\/\\\/www.chocolatestheocr.com\\\/#organization\"},\"potentialAction\":[{\"@type\":\"SearchAction\",\"target\":{\"@type\":\"EntryPoint\",\"urlTemplate\":\"https:\\\/\\\/www.chocolatestheocr.com\\\/?s={search_term_string}\"},\"query-input\":{\"@type\":\"PropertyValueSpecification\",\"valueRequired\":true,\"valueName\":\"search_term_string\"}}],\"inLanguage\":\"en-US\"},{\"@type\":\"Organization\",\"@id\":\"https:\\\/\\\/www.chocolatestheocr.com\\\/#organization\",\"name\":\"Chocolates Theo\",\"url\":\"https:\\\/\\\/www.chocolatestheocr.com\\\/\",\"logo\":{\"@type\":\"ImageObject\",\"inLanguage\":\"en-US\",\"@id\":\"https:\\\/\\\/www.chocolatestheocr.com\\\/#\\\/schema\\\/logo\\\/image\\\/\",\"url\":\"https:\\\/\\\/www.chocolatestheocr.com\\\/wp-content\\\/uploads\\\/2021\\\/10\\\/Logo-Chocolates-Theo.jpg\",\"contentUrl\":\"https:\\\/\\\/www.chocolatestheocr.com\\\/wp-content\\\/uploads\\\/2021\\\/10\\\/Logo-Chocolates-Theo.jpg\",\"width\":600,\"height\":600,\"caption\":\"Chocolates Theo\"},\"image\":{\"@id\":\"https:\\\/\\\/www.chocolatestheocr.com\\\/#\\\/schema\\\/logo\\\/image\\\/\"},\"sameAs\":[\"https:\\\/\\\/www.facebook.com\\\/chocolatestheocr\",\"https:\\\/\\\/www.instagram.com\\\/chocolates_theo\\\/\",\"https:\\\/\\\/www.youtube.com\\\/channel\\\/UCcgAI69rswAd2FY1Ubvmcxw\"]}]}<\/script>\n<!-- \/ Yoast SEO plugin. -->","yoast_head_json":{"title":"Queque de Choco-menta navide\u00f1o personal \/ Chocolates Theo","description":"Queque de Choco-menta navide\u00f1o personal  Queque de chocolate de tama\u00f1o personal con crema de menta, y con decoraci\u00f3n en chocolates con formas de bosque navide\u00f1o, empacado en caja transparente con mensaje personalizado y lazo de tela  &nbsp;","robots":{"index":"index","follow":"follow","max-snippet":"max-snippet:-1","max-image-preview":"max-image-preview:large","max-video-preview":"max-video-preview:-1"},"canonical":"https:\/\/www.chocolatestheocr.com\/en\/shop\/fechas-especiales\/navidad\/queque-de-choco-menta-navideno-personal\/","og_locale":"en_US","og_type":"article","og_title":"Queque de Choco-menta navide\u00f1o personal \/ Chocolates Theo","og_description":"Queque de Choco-menta navide\u00f1o personal  Queque de chocolate de tama\u00f1o personal con crema de menta, y con decoraci\u00f3n en chocolates con formas de bosque navide\u00f1o, empacado en caja transparente con mensaje personalizado y lazo de tela  &nbsp;","og_url":"https:\/\/www.chocolatestheocr.com\/en\/shop\/fechas-especiales\/navidad\/queque-de-choco-menta-navideno-personal\/","og_site_name":"Chocolates Theo","article_publisher":"https:\/\/www.facebook.com\/chocolatestheocr","article_modified_time":"2025-10-06T14:58:29+00:00","og_image":[{"width":732,"height":906,"url":"https:\/\/www.chocolatestheocr.com\/wp-content\/uploads\/2023\/12\/Queque-navidad-chocomenta-personal-empaque-copia.webp","type":"image\/webp"}],"twitter_card":"summary_large_image","schema":{"@context":"https:\/\/schema.org","@graph":[{"@type":"WebPage","@id":"https:\/\/www.chocolatestheocr.com\/shop\/fechas-especiales\/navidad\/queque-de-choco-menta-navideno-personal\/","url":"https:\/\/www.chocolatestheocr.com\/shop\/fechas-especiales\/navidad\/queque-de-choco-menta-navideno-personal\/","name":"Queque de Choco-menta navide\u00f1o personal \/ Chocolates Theo","isPartOf":{"@id":"https:\/\/www.chocolatestheocr.com\/#website"},"primaryImageOfPage":{"@id":"https:\/\/www.chocolatestheocr.com\/shop\/fechas-especiales\/navidad\/queque-de-choco-menta-navideno-personal\/#primaryimage"},"image":{"@id":"https:\/\/www.chocolatestheocr.com\/shop\/fechas-especiales\/navidad\/queque-de-choco-menta-navideno-personal\/#primaryimage"},"thumbnailUrl":"https:\/\/www.chocolatestheocr.com\/wp-content\/uploads\/2023\/12\/Queque-navidad-chocomenta-personal-empaque-copia.webp","datePublished":"2023-12-04T02:08:35+00:00","dateModified":"2025-10-06T14:58:29+00:00","description":"Queque de Choco-menta navide\u00f1o personal Queque de chocolate de tama\u00f1o personal con crema de menta, y con decoraci\u00f3n en chocolates con formas de bosque navide\u00f1o, empacado en caja transparente con mensaje personalizado y lazo de tela &nbsp;","breadcrumb":{"@id":"https:\/\/www.chocolatestheocr.com\/shop\/fechas-especiales\/navidad\/queque-de-choco-menta-navideno-personal\/#breadcrumb"},"inLanguage":"en-US","potentialAction":[{"@type":"ReadAction","target":["https:\/\/www.chocolatestheocr.com\/shop\/fechas-especiales\/navidad\/queque-de-choco-menta-navideno-personal\/"]}]},{"@type":"ImageObject","inLanguage":"en-US","@id":"https:\/\/www.chocolatestheocr.com\/shop\/fechas-especiales\/navidad\/queque-de-choco-menta-navideno-personal\/#primaryimage","url":"https:\/\/www.chocolatestheocr.com\/wp-content\/uploads\/2023\/12\/Queque-navidad-chocomenta-personal-empaque-copia.webp","contentUrl":"https:\/\/www.chocolatestheocr.com\/wp-content\/uploads\/2023\/12\/Queque-navidad-chocomenta-personal-empaque-copia.webp","width":732,"height":906,"caption":"Queque navidad chocomenta personal empaque copia"},{"@type":"BreadcrumbList","@id":"https:\/\/www.chocolatestheocr.com\/shop\/fechas-especiales\/navidad\/queque-de-choco-menta-navideno-personal\/#breadcrumb","itemListElement":[{"@type":"ListItem","position":1,"name":"Portada","item":"https:\/\/www.chocolatestheocr.com\/"},{"@type":"ListItem","position":2,"name":"Tienda","item":"https:\/\/www.chocolatestheocr.com\/shop\/"},{"@type":"ListItem","position":3,"name":"Queque de Choco-menta navide\u00f1o personal"}]},{"@type":"WebSite","@id":"https:\/\/www.chocolatestheocr.com\/#website","url":"https:\/\/www.chocolatestheocr.com\/","name":"Chocolates Theo","description":"","publisher":{"@id":"https:\/\/www.chocolatestheocr.com\/#organization"},"potentialAction":[{"@type":"SearchAction","target":{"@type":"EntryPoint","urlTemplate":"https:\/\/www.chocolatestheocr.com\/?s={search_term_string}"},"query-input":{"@type":"PropertyValueSpecification","valueRequired":true,"valueName":"search_term_string"}}],"inLanguage":"en-US"},{"@type":"Organization","@id":"https:\/\/www.chocolatestheocr.com\/#organization","name":"Chocolates Theo","url":"https:\/\/www.chocolatestheocr.com\/","logo":{"@type":"ImageObject","inLanguage":"en-US","@id":"https:\/\/www.chocolatestheocr.com\/#\/schema\/logo\/image\/","url":"https:\/\/www.chocolatestheocr.com\/wp-content\/uploads\/2021\/10\/Logo-Chocolates-Theo.jpg","contentUrl":"https:\/\/www.chocolatestheocr.com\/wp-content\/uploads\/2021\/10\/Logo-Chocolates-Theo.jpg","width":600,"height":600,"caption":"Chocolates Theo"},"image":{"@id":"https:\/\/www.chocolatestheocr.com\/#\/schema\/logo\/image\/"},"sameAs":["https:\/\/www.facebook.com\/chocolatestheocr","https:\/\/www.instagram.com\/chocolates_theo\/","https:\/\/www.youtube.com\/channel\/UCcgAI69rswAd2FY1Ubvmcxw"]}]}},"_links":{"self":[{"href":"https:\/\/www.chocolatestheocr.com\/en\/wp-json\/wp\/v2\/product\/13914","targetHints":{"allow":["GET"]}}],"collection":[{"href":"https:\/\/www.chocolatestheocr.com\/en\/wp-json\/wp\/v2\/product"}],"about":[{"href":"https:\/\/www.chocolatestheocr.com\/en\/wp-json\/wp\/v2\/types\/product"}],"version-history":[{"count":0,"href":"https:\/\/www.chocolatestheocr.com\/en\/wp-json\/wp\/v2\/product\/13914\/revisions"}],"wp:featuredmedia":[{"embeddable":true,"href":"https:\/\/www.chocolatestheocr.com\/en\/wp-json\/wp\/v2\/media\/13918"}],"wp:attachment":[{"href":"https:\/\/www.chocolatestheocr.com\/en\/wp-json\/wp\/v2\/media?parent=13914"}],"wp:term":[{"taxonomy":"product_brand","embeddable":true,"href":"https:\/\/www.chocolatestheocr.com\/en\/wp-json\/wp\/v2\/product_brand?post=13914"},{"taxonomy":"product_cat","embeddable":true,"href":"https:\/\/www.chocolatestheocr.com\/en\/wp-json\/wp\/v2\/product_cat?post=13914"},{"taxonomy":"product_tag","embeddable":true,"href":"https:\/\/www.chocolatestheocr.com\/en\/wp-json\/wp\/v2\/product_tag?post=13914"}],"curies":[{"name":"wp","href":"https:\/\/api.w.org\/{rel}","templated":true}]}}