{"id":13910,"date":"2023-12-01T18:33:33","date_gmt":"2023-12-02T00:33:33","guid":{"rendered":"https:\/\/www.chocolatestheocr.com\/?post_type=product&#038;p=13910"},"modified":"2025-10-06T09:00:56","modified_gmt":"2025-10-06T15:00:56","slug":"galleta-navidena-con-rompope-personal","status":"publish","type":"product","link":"https:\/\/www.chocolatestheocr.com\/en\/shop\/fechas-especiales\/navidad\/galleta-navidena-con-rompope-personal\/","title":{"rendered":"Galleta navide\u00f1a con rompope personal"},"content":{"rendered":"<p>Galleta navide\u00f1a con rompope personal<\/p>\n<ul>\n<li>Galleta de chips de chocolate con figura navide\u00f1a en chocolate<\/li>\n<li>Rompope personal en botellita de vidrio personalizada de 200 ml.<\/li>\n<li>Bomb\u00f3n de chocolate con shot de Baileys<\/li>\n<li>Empaque en papel celof\u00e1n transparente con lazo de tela y colilla navide\u00f1a<\/li>\n<\/ul>\n<p>&nbsp;<\/p>","protected":false},"excerpt":{"rendered":"<p>Galleta navide\u00f1a con rompope personal<\/p>\n<ul>\n<li>Galleta de chips de chocolate con figura navide\u00f1a en chocolate<\/li>\n<li>Rompope personal en botellita de vidrio personalizada de 200 ml.<\/li>\n<li>Bomb\u00f3n de chocolate con shot de Baileys<\/li>\n<li>Empaque en papel celof\u00e1n transparente con lazo de tela y colilla navide\u00f1a<\/li>\n<\/ul>","protected":false},"featured_media":13911,"template":"","meta":[],"product_brand":[361],"product_cat":[92,41],"product_tag":[204,291,262,550,190],"class_list":{"0":"post-13910","1":"product","2":"type-product","3":"status-publish","4":"has-post-thumbnail","6":"product_brand-chocolates-theo","7":"product_cat-navidad","8":"product_cat-all","9":"product_tag-bombon","10":"product_tag-galleta","11":"product_tag-navidad","12":"product_tag-rompope","13":"product_tag-shot","15":"first","16":"instock","17":"shipping-taxable","18":"purchasable","19":"product-type-simple"},"yoast_head":"<!-- This site is optimized with the Yoast SEO plugin v27.3 - https:\/\/yoast.com\/product\/yoast-seo-wordpress\/ -->\n<title>Galleta navide\u00f1a con rompope personal \/ Chocolates Theo<\/title>\n<meta name=\"description\" content=\"Galleta navide\u00f1a con rompope personal   Galleta de chips de chocolate con figura navide\u00f1a en chocolate  Rompope personal en botellita de vidrio personalizada de 200 ml.  Bomb\u00f3n de chocolate con shot de Baileys  Empaque en papel celof\u00e1n transparente con lazo de tela y colilla navide\u00f1a\" \/>\n<meta name=\"robots\" content=\"index, follow, max-snippet:-1, max-image-preview:large, max-video-preview:-1\" \/>\n<link rel=\"canonical\" href=\"https:\/\/www.chocolatestheocr.com\/en\/shop\/fechas-especiales\/navidad\/galleta-navidena-con-rompope-personal\/\" \/>\n<meta property=\"og:locale\" content=\"en_US\" \/>\n<meta property=\"og:type\" content=\"article\" \/>\n<meta property=\"og:title\" content=\"Galleta navide\u00f1a con rompope personal \/ Chocolates Theo\" \/>\n<meta property=\"og:description\" content=\"Galleta navide\u00f1a con rompope personal   Galleta de chips de chocolate con figura navide\u00f1a en chocolate  Rompope personal en botellita de vidrio personalizada de 200 ml.  Bomb\u00f3n de chocolate con shot de Baileys  Empaque en papel celof\u00e1n transparente con lazo de tela y colilla navide\u00f1a\" \/>\n<meta property=\"og:url\" content=\"https:\/\/www.chocolatestheocr.com\/en\/shop\/fechas-especiales\/navidad\/galleta-navidena-con-rompope-personal\/\" \/>\n<meta property=\"og:site_name\" content=\"Chocolates Theo\" \/>\n<meta property=\"article:publisher\" content=\"https:\/\/www.facebook.com\/chocolatestheocr\" \/>\n<meta property=\"article:modified_time\" content=\"2025-10-06T15:00:56+00:00\" \/>\n<meta property=\"og:image\" content=\"https:\/\/www.chocolatestheocr.com\/wp-content\/uploads\/2023\/12\/Galleta-navidena-con-rompope-personal.webp\" \/>\n\t<meta property=\"og:image:width\" content=\"768\" \/>\n\t<meta property=\"og:image:height\" content=\"1024\" \/>\n\t<meta property=\"og:image:type\" content=\"image\/webp\" \/>\n<meta name=\"twitter:card\" content=\"summary_large_image\" \/>\n<script type=\"application\/ld+json\" class=\"yoast-schema-graph\">{\"@context\":\"https:\\\/\\\/schema.org\",\"@graph\":[{\"@type\":\"WebPage\",\"@id\":\"https:\\\/\\\/www.chocolatestheocr.com\\\/shop\\\/fechas-especiales\\\/navidad\\\/galleta-navidena-con-rompope-personal\\\/\",\"url\":\"https:\\\/\\\/www.chocolatestheocr.com\\\/shop\\\/fechas-especiales\\\/navidad\\\/galleta-navidena-con-rompope-personal\\\/\",\"name\":\"Galleta navide\u00f1a con rompope personal \\\/ Chocolates Theo\",\"isPartOf\":{\"@id\":\"https:\\\/\\\/www.chocolatestheocr.com\\\/#website\"},\"primaryImageOfPage\":{\"@id\":\"https:\\\/\\\/www.chocolatestheocr.com\\\/shop\\\/fechas-especiales\\\/navidad\\\/galleta-navidena-con-rompope-personal\\\/#primaryimage\"},\"image\":{\"@id\":\"https:\\\/\\\/www.chocolatestheocr.com\\\/shop\\\/fechas-especiales\\\/navidad\\\/galleta-navidena-con-rompope-personal\\\/#primaryimage\"},\"thumbnailUrl\":\"https:\\\/\\\/www.chocolatestheocr.com\\\/wp-content\\\/uploads\\\/2023\\\/12\\\/Galleta-navidena-con-rompope-personal.webp\",\"datePublished\":\"2023-12-02T00:33:33+00:00\",\"dateModified\":\"2025-10-06T15:00:56+00:00\",\"description\":\"Galleta navide\u00f1a con rompope personal Galleta de chips de chocolate con figura navide\u00f1a en chocolate Rompope personal en botellita de vidrio personalizada de 200 ml. Bomb\u00f3n de chocolate con shot de Baileys Empaque en papel celof\u00e1n transparente con lazo de tela y colilla navide\u00f1a\",\"breadcrumb\":{\"@id\":\"https:\\\/\\\/www.chocolatestheocr.com\\\/shop\\\/fechas-especiales\\\/navidad\\\/galleta-navidena-con-rompope-personal\\\/#breadcrumb\"},\"inLanguage\":\"en-US\",\"potentialAction\":[{\"@type\":\"ReadAction\",\"target\":[\"https:\\\/\\\/www.chocolatestheocr.com\\\/shop\\\/fechas-especiales\\\/navidad\\\/galleta-navidena-con-rompope-personal\\\/\"]}]},{\"@type\":\"ImageObject\",\"inLanguage\":\"en-US\",\"@id\":\"https:\\\/\\\/www.chocolatestheocr.com\\\/shop\\\/fechas-especiales\\\/navidad\\\/galleta-navidena-con-rompope-personal\\\/#primaryimage\",\"url\":\"https:\\\/\\\/www.chocolatestheocr.com\\\/wp-content\\\/uploads\\\/2023\\\/12\\\/Galleta-navidena-con-rompope-personal.webp\",\"contentUrl\":\"https:\\\/\\\/www.chocolatestheocr.com\\\/wp-content\\\/uploads\\\/2023\\\/12\\\/Galleta-navidena-con-rompope-personal.webp\",\"width\":768,\"height\":1024,\"caption\":\"Galleta naviden\u0303a con rompope personal\"},{\"@type\":\"BreadcrumbList\",\"@id\":\"https:\\\/\\\/www.chocolatestheocr.com\\\/shop\\\/fechas-especiales\\\/navidad\\\/galleta-navidena-con-rompope-personal\\\/#breadcrumb\",\"itemListElement\":[{\"@type\":\"ListItem\",\"position\":1,\"name\":\"Portada\",\"item\":\"https:\\\/\\\/www.chocolatestheocr.com\\\/\"},{\"@type\":\"ListItem\",\"position\":2,\"name\":\"Tienda\",\"item\":\"https:\\\/\\\/www.chocolatestheocr.com\\\/shop\\\/\"},{\"@type\":\"ListItem\",\"position\":3,\"name\":\"Galleta navide\u00f1a con rompope personal\"}]},{\"@type\":\"WebSite\",\"@id\":\"https:\\\/\\\/www.chocolatestheocr.com\\\/#website\",\"url\":\"https:\\\/\\\/www.chocolatestheocr.com\\\/\",\"name\":\"Chocolates Theo\",\"description\":\"\",\"publisher\":{\"@id\":\"https:\\\/\\\/www.chocolatestheocr.com\\\/#organization\"},\"potentialAction\":[{\"@type\":\"SearchAction\",\"target\":{\"@type\":\"EntryPoint\",\"urlTemplate\":\"https:\\\/\\\/www.chocolatestheocr.com\\\/?s={search_term_string}\"},\"query-input\":{\"@type\":\"PropertyValueSpecification\",\"valueRequired\":true,\"valueName\":\"search_term_string\"}}],\"inLanguage\":\"en-US\"},{\"@type\":\"Organization\",\"@id\":\"https:\\\/\\\/www.chocolatestheocr.com\\\/#organization\",\"name\":\"Chocolates Theo\",\"url\":\"https:\\\/\\\/www.chocolatestheocr.com\\\/\",\"logo\":{\"@type\":\"ImageObject\",\"inLanguage\":\"en-US\",\"@id\":\"https:\\\/\\\/www.chocolatestheocr.com\\\/#\\\/schema\\\/logo\\\/image\\\/\",\"url\":\"https:\\\/\\\/www.chocolatestheocr.com\\\/wp-content\\\/uploads\\\/2021\\\/10\\\/Logo-Chocolates-Theo.jpg\",\"contentUrl\":\"https:\\\/\\\/www.chocolatestheocr.com\\\/wp-content\\\/uploads\\\/2021\\\/10\\\/Logo-Chocolates-Theo.jpg\",\"width\":600,\"height\":600,\"caption\":\"Chocolates Theo\"},\"image\":{\"@id\":\"https:\\\/\\\/www.chocolatestheocr.com\\\/#\\\/schema\\\/logo\\\/image\\\/\"},\"sameAs\":[\"https:\\\/\\\/www.facebook.com\\\/chocolatestheocr\",\"https:\\\/\\\/www.instagram.com\\\/chocolates_theo\\\/\",\"https:\\\/\\\/www.youtube.com\\\/channel\\\/UCcgAI69rswAd2FY1Ubvmcxw\"]}]}<\/script>\n<!-- \/ Yoast SEO plugin. -->","yoast_head_json":{"title":"Galleta navide\u00f1a con rompope personal \/ Chocolates Theo","description":"Galleta navide\u00f1a con rompope personal   Galleta de chips de chocolate con figura navide\u00f1a en chocolate  Rompope personal en botellita de vidrio personalizada de 200 ml.  Bomb\u00f3n de chocolate con shot de Baileys  Empaque en papel celof\u00e1n transparente con lazo de tela y colilla navide\u00f1a","robots":{"index":"index","follow":"follow","max-snippet":"max-snippet:-1","max-image-preview":"max-image-preview:large","max-video-preview":"max-video-preview:-1"},"canonical":"https:\/\/www.chocolatestheocr.com\/en\/shop\/fechas-especiales\/navidad\/galleta-navidena-con-rompope-personal\/","og_locale":"en_US","og_type":"article","og_title":"Galleta navide\u00f1a con rompope personal \/ Chocolates Theo","og_description":"Galleta navide\u00f1a con rompope personal   Galleta de chips de chocolate con figura navide\u00f1a en chocolate  Rompope personal en botellita de vidrio personalizada de 200 ml.  Bomb\u00f3n de chocolate con shot de Baileys  Empaque en papel celof\u00e1n transparente con lazo de tela y colilla navide\u00f1a","og_url":"https:\/\/www.chocolatestheocr.com\/en\/shop\/fechas-especiales\/navidad\/galleta-navidena-con-rompope-personal\/","og_site_name":"Chocolates Theo","article_publisher":"https:\/\/www.facebook.com\/chocolatestheocr","article_modified_time":"2025-10-06T15:00:56+00:00","og_image":[{"width":768,"height":1024,"url":"https:\/\/www.chocolatestheocr.com\/wp-content\/uploads\/2023\/12\/Galleta-navidena-con-rompope-personal.webp","type":"image\/webp"}],"twitter_card":"summary_large_image","schema":{"@context":"https:\/\/schema.org","@graph":[{"@type":"WebPage","@id":"https:\/\/www.chocolatestheocr.com\/shop\/fechas-especiales\/navidad\/galleta-navidena-con-rompope-personal\/","url":"https:\/\/www.chocolatestheocr.com\/shop\/fechas-especiales\/navidad\/galleta-navidena-con-rompope-personal\/","name":"Galleta navide\u00f1a con rompope personal \/ Chocolates Theo","isPartOf":{"@id":"https:\/\/www.chocolatestheocr.com\/#website"},"primaryImageOfPage":{"@id":"https:\/\/www.chocolatestheocr.com\/shop\/fechas-especiales\/navidad\/galleta-navidena-con-rompope-personal\/#primaryimage"},"image":{"@id":"https:\/\/www.chocolatestheocr.com\/shop\/fechas-especiales\/navidad\/galleta-navidena-con-rompope-personal\/#primaryimage"},"thumbnailUrl":"https:\/\/www.chocolatestheocr.com\/wp-content\/uploads\/2023\/12\/Galleta-navidena-con-rompope-personal.webp","datePublished":"2023-12-02T00:33:33+00:00","dateModified":"2025-10-06T15:00:56+00:00","description":"Galleta navide\u00f1a con rompope personal Galleta de chips de chocolate con figura navide\u00f1a en chocolate Rompope personal en botellita de vidrio personalizada de 200 ml. Bomb\u00f3n de chocolate con shot de Baileys Empaque en papel celof\u00e1n transparente con lazo de tela y colilla navide\u00f1a","breadcrumb":{"@id":"https:\/\/www.chocolatestheocr.com\/shop\/fechas-especiales\/navidad\/galleta-navidena-con-rompope-personal\/#breadcrumb"},"inLanguage":"en-US","potentialAction":[{"@type":"ReadAction","target":["https:\/\/www.chocolatestheocr.com\/shop\/fechas-especiales\/navidad\/galleta-navidena-con-rompope-personal\/"]}]},{"@type":"ImageObject","inLanguage":"en-US","@id":"https:\/\/www.chocolatestheocr.com\/shop\/fechas-especiales\/navidad\/galleta-navidena-con-rompope-personal\/#primaryimage","url":"https:\/\/www.chocolatestheocr.com\/wp-content\/uploads\/2023\/12\/Galleta-navidena-con-rompope-personal.webp","contentUrl":"https:\/\/www.chocolatestheocr.com\/wp-content\/uploads\/2023\/12\/Galleta-navidena-con-rompope-personal.webp","width":768,"height":1024,"caption":"Galleta naviden\u0303a con rompope personal"},{"@type":"BreadcrumbList","@id":"https:\/\/www.chocolatestheocr.com\/shop\/fechas-especiales\/navidad\/galleta-navidena-con-rompope-personal\/#breadcrumb","itemListElement":[{"@type":"ListItem","position":1,"name":"Portada","item":"https:\/\/www.chocolatestheocr.com\/"},{"@type":"ListItem","position":2,"name":"Tienda","item":"https:\/\/www.chocolatestheocr.com\/shop\/"},{"@type":"ListItem","position":3,"name":"Galleta navide\u00f1a con rompope personal"}]},{"@type":"WebSite","@id":"https:\/\/www.chocolatestheocr.com\/#website","url":"https:\/\/www.chocolatestheocr.com\/","name":"Chocolates Theo","description":"","publisher":{"@id":"https:\/\/www.chocolatestheocr.com\/#organization"},"potentialAction":[{"@type":"SearchAction","target":{"@type":"EntryPoint","urlTemplate":"https:\/\/www.chocolatestheocr.com\/?s={search_term_string}"},"query-input":{"@type":"PropertyValueSpecification","valueRequired":true,"valueName":"search_term_string"}}],"inLanguage":"en-US"},{"@type":"Organization","@id":"https:\/\/www.chocolatestheocr.com\/#organization","name":"Chocolates Theo","url":"https:\/\/www.chocolatestheocr.com\/","logo":{"@type":"ImageObject","inLanguage":"en-US","@id":"https:\/\/www.chocolatestheocr.com\/#\/schema\/logo\/image\/","url":"https:\/\/www.chocolatestheocr.com\/wp-content\/uploads\/2021\/10\/Logo-Chocolates-Theo.jpg","contentUrl":"https:\/\/www.chocolatestheocr.com\/wp-content\/uploads\/2021\/10\/Logo-Chocolates-Theo.jpg","width":600,"height":600,"caption":"Chocolates Theo"},"image":{"@id":"https:\/\/www.chocolatestheocr.com\/#\/schema\/logo\/image\/"},"sameAs":["https:\/\/www.facebook.com\/chocolatestheocr","https:\/\/www.instagram.com\/chocolates_theo\/","https:\/\/www.youtube.com\/channel\/UCcgAI69rswAd2FY1Ubvmcxw"]}]}},"_links":{"self":[{"href":"https:\/\/www.chocolatestheocr.com\/en\/wp-json\/wp\/v2\/product\/13910","targetHints":{"allow":["GET"]}}],"collection":[{"href":"https:\/\/www.chocolatestheocr.com\/en\/wp-json\/wp\/v2\/product"}],"about":[{"href":"https:\/\/www.chocolatestheocr.com\/en\/wp-json\/wp\/v2\/types\/product"}],"version-history":[{"count":0,"href":"https:\/\/www.chocolatestheocr.com\/en\/wp-json\/wp\/v2\/product\/13910\/revisions"}],"wp:featuredmedia":[{"embeddable":true,"href":"https:\/\/www.chocolatestheocr.com\/en\/wp-json\/wp\/v2\/media\/13911"}],"wp:attachment":[{"href":"https:\/\/www.chocolatestheocr.com\/en\/wp-json\/wp\/v2\/media?parent=13910"}],"wp:term":[{"taxonomy":"product_brand","embeddable":true,"href":"https:\/\/www.chocolatestheocr.com\/en\/wp-json\/wp\/v2\/product_brand?post=13910"},{"taxonomy":"product_cat","embeddable":true,"href":"https:\/\/www.chocolatestheocr.com\/en\/wp-json\/wp\/v2\/product_cat?post=13910"},{"taxonomy":"product_tag","embeddable":true,"href":"https:\/\/www.chocolatestheocr.com\/en\/wp-json\/wp\/v2\/product_tag?post=13910"}],"curies":[{"name":"wp","href":"https:\/\/api.w.org\/{rel}","templated":true}]}}