{"id":13675,"date":"2023-10-24T11:47:36","date_gmt":"2023-10-24T17:47:36","guid":{"rendered":"https:\/\/www.chocolatestheocr.com\/?post_type=product&#038;p=13675"},"modified":"2025-09-27T10:07:14","modified_gmt":"2025-09-27T16:07:14","slug":"desayuno-que-los-cumplas-feliz","status":"publish","type":"product","link":"https:\/\/www.chocolatestheocr.com\/en\/shop\/fechas-especiales\/cumpleanos\/desayuno-que-los-cumplas-feliz\/","title":{"rendered":"Desayuno &#8220;Que los Cumplas Feliz&#8221;"},"content":{"rendered":"<p>Desayuno &#8220;Que los Cumplas Feliz&#8221;<\/p>\n<ul>\n<li>Botellita de jugo de naranja &#8220;Happy Birthday&#8221;<\/li>\n<li>Canasta de frutas frescas<\/li>\n<li>Sandwich de jam\u00f3n y queso<\/li>\n<li>Quequito de chocolate<\/li>\n<li>Caja de cart\u00f3n con mensaje &#8220;Que los cumplas feliz&#8221; (Mensaje seg\u00fan su elecci\u00f3n)<\/li>\n<\/ul>","protected":false},"excerpt":{"rendered":"<p>Desayuno &#8220;Que los Cumplas Feliz&#8221;<\/p>\n<ul>\n<li>Botellita de jugo de naranja &#8220;Happy Birthday&#8221;<\/li>\n<li>Canasta de frutas frescas<\/li>\n<li>Sandwich de jam\u00f3n y queso<\/li>\n<li>Quequito de chocolate<\/li>\n<li>Tapa de la caja con mensaje &#8220;Que los cumplas feliz&#8221; (Mensaje seg\u00fan su elecci\u00f3n)<\/li>\n<\/ul>","protected":false},"featured_media":15661,"template":"","meta":[],"product_brand":[361],"product_cat":[500,565,41],"product_tag":[99,566,147,617,612,501,607],"class_list":{"0":"post-13675","1":"product","2":"type-product","3":"status-publish","4":"has-post-thumbnail","6":"product_brand-chocolates-theo","7":"product_cat-cumpleanos","8":"product_cat-desayunos","9":"product_cat-all","10":"product_tag-cumpleanos","11":"product_tag-desayuno","12":"product_tag-frutas","13":"product_tag-happy-birthday","14":"product_tag-jugo-de-naranja","15":"product_tag-queque","16":"product_tag-sandwich","18":"first","19":"instock","20":"shipping-taxable","21":"purchasable","22":"product-type-simple"},"yoast_head":"<!-- This site is optimized with the Yoast SEO plugin v27.3 - https:\/\/yoast.com\/product\/yoast-seo-wordpress\/ -->\n<title>Desayuno &quot;Que los Cumplas Feliz&quot; \/ Entrega a domicilio \/ Theo<\/title>\n<meta name=\"description\" content=\"Desayuno &quot;Que los Cumplas Feliz&quot;   Botellita de jugo de naranja &quot;Happy Birthday&quot;  Canasta de frutas frescas  Sandwich de jam\u00f3n y queso  Quequito de chocolate  Tapa de la caja con mensaje &quot;Que los cumplas feliz&quot; (Mensaje seg\u00fan su elecci\u00f3n)\" \/>\n<meta name=\"robots\" content=\"index, follow, max-snippet:-1, max-image-preview:large, max-video-preview:-1\" \/>\n<link rel=\"canonical\" href=\"https:\/\/www.chocolatestheocr.com\/en\/shop\/fechas-especiales\/cumpleanos\/desayuno-que-los-cumplas-feliz\/\" \/>\n<meta property=\"og:locale\" content=\"en_US\" \/>\n<meta property=\"og:type\" content=\"article\" \/>\n<meta property=\"og:title\" content=\"Desayuno &quot;Que los Cumplas Feliz&quot; \/ Entrega a domicilio \/ Theo\" \/>\n<meta property=\"og:description\" content=\"Desayuno &quot;Que los Cumplas Feliz&quot;   Botellita de jugo de naranja &quot;Happy Birthday&quot;  Canasta de frutas frescas  Sandwich de jam\u00f3n y queso  Quequito de chocolate  Tapa de la caja con mensaje &quot;Que los cumplas feliz&quot; (Mensaje seg\u00fan su elecci\u00f3n)\" \/>\n<meta property=\"og:url\" content=\"https:\/\/www.chocolatestheocr.com\/en\/shop\/fechas-especiales\/cumpleanos\/desayuno-que-los-cumplas-feliz\/\" \/>\n<meta property=\"og:site_name\" content=\"Chocolates Theo\" \/>\n<meta property=\"article:publisher\" content=\"https:\/\/www.facebook.com\/chocolatestheocr\" \/>\n<meta property=\"article:modified_time\" content=\"2025-09-27T16:07:14+00:00\" \/>\n<meta property=\"og:image\" content=\"https:\/\/www.chocolatestheocr.com\/wp-content\/uploads\/2023\/10\/WhatsApp-Image-2024-09-24-at-4.32.35-PM.jpeg\" \/>\n\t<meta property=\"og:image:width\" content=\"1200\" \/>\n\t<meta property=\"og:image:height\" content=\"1600\" \/>\n\t<meta property=\"og:image:type\" content=\"image\/jpeg\" \/>\n<meta name=\"twitter:card\" content=\"summary_large_image\" \/>\n<script type=\"application\/ld+json\" class=\"yoast-schema-graph\">{\"@context\":\"https:\\\/\\\/schema.org\",\"@graph\":[{\"@type\":\"WebPage\",\"@id\":\"https:\\\/\\\/www.chocolatestheocr.com\\\/shop\\\/fechas-especiales\\\/cumpleanos\\\/desayuno-que-los-cumplas-feliz\\\/\",\"url\":\"https:\\\/\\\/www.chocolatestheocr.com\\\/shop\\\/fechas-especiales\\\/cumpleanos\\\/desayuno-que-los-cumplas-feliz\\\/\",\"name\":\"Desayuno \\\"Que los Cumplas Feliz\\\" \\\/ Entrega a domicilio \\\/ Theo\",\"isPartOf\":{\"@id\":\"https:\\\/\\\/www.chocolatestheocr.com\\\/#website\"},\"primaryImageOfPage\":{\"@id\":\"https:\\\/\\\/www.chocolatestheocr.com\\\/shop\\\/fechas-especiales\\\/cumpleanos\\\/desayuno-que-los-cumplas-feliz\\\/#primaryimage\"},\"image\":{\"@id\":\"https:\\\/\\\/www.chocolatestheocr.com\\\/shop\\\/fechas-especiales\\\/cumpleanos\\\/desayuno-que-los-cumplas-feliz\\\/#primaryimage\"},\"thumbnailUrl\":\"https:\\\/\\\/www.chocolatestheocr.com\\\/wp-content\\\/uploads\\\/2023\\\/10\\\/WhatsApp-Image-2024-09-24-at-4.32.35-PM.jpeg\",\"datePublished\":\"2023-10-24T17:47:36+00:00\",\"dateModified\":\"2025-09-27T16:07:14+00:00\",\"description\":\"Desayuno \\\"Que los Cumplas Feliz\\\" Botellita de jugo de naranja \\\"Happy Birthday\\\" Canasta de frutas frescas Sandwich de jam\u00f3n y queso Quequito de chocolate Tapa de la caja con mensaje \\\"Que los cumplas feliz\\\" (Mensaje seg\u00fan su elecci\u00f3n)\",\"breadcrumb\":{\"@id\":\"https:\\\/\\\/www.chocolatestheocr.com\\\/shop\\\/fechas-especiales\\\/cumpleanos\\\/desayuno-que-los-cumplas-feliz\\\/#breadcrumb\"},\"inLanguage\":\"en-US\",\"potentialAction\":[{\"@type\":\"ReadAction\",\"target\":[\"https:\\\/\\\/www.chocolatestheocr.com\\\/shop\\\/fechas-especiales\\\/cumpleanos\\\/desayuno-que-los-cumplas-feliz\\\/\"]}]},{\"@type\":\"ImageObject\",\"inLanguage\":\"en-US\",\"@id\":\"https:\\\/\\\/www.chocolatestheocr.com\\\/shop\\\/fechas-especiales\\\/cumpleanos\\\/desayuno-que-los-cumplas-feliz\\\/#primaryimage\",\"url\":\"https:\\\/\\\/www.chocolatestheocr.com\\\/wp-content\\\/uploads\\\/2023\\\/10\\\/WhatsApp-Image-2024-09-24-at-4.32.35-PM.jpeg\",\"contentUrl\":\"https:\\\/\\\/www.chocolatestheocr.com\\\/wp-content\\\/uploads\\\/2023\\\/10\\\/WhatsApp-Image-2024-09-24-at-4.32.35-PM.jpeg\",\"width\":1200,\"height\":1600,\"caption\":\"que los cumplas feliz\"},{\"@type\":\"BreadcrumbList\",\"@id\":\"https:\\\/\\\/www.chocolatestheocr.com\\\/shop\\\/fechas-especiales\\\/cumpleanos\\\/desayuno-que-los-cumplas-feliz\\\/#breadcrumb\",\"itemListElement\":[{\"@type\":\"ListItem\",\"position\":1,\"name\":\"Portada\",\"item\":\"https:\\\/\\\/www.chocolatestheocr.com\\\/\"},{\"@type\":\"ListItem\",\"position\":2,\"name\":\"Tienda\",\"item\":\"https:\\\/\\\/www.chocolatestheocr.com\\\/shop\\\/\"},{\"@type\":\"ListItem\",\"position\":3,\"name\":\"Desayuno &#8220;Que los Cumplas Feliz&#8221;\"}]},{\"@type\":\"WebSite\",\"@id\":\"https:\\\/\\\/www.chocolatestheocr.com\\\/#website\",\"url\":\"https:\\\/\\\/www.chocolatestheocr.com\\\/\",\"name\":\"Chocolates Theo\",\"description\":\"\",\"publisher\":{\"@id\":\"https:\\\/\\\/www.chocolatestheocr.com\\\/#organization\"},\"potentialAction\":[{\"@type\":\"SearchAction\",\"target\":{\"@type\":\"EntryPoint\",\"urlTemplate\":\"https:\\\/\\\/www.chocolatestheocr.com\\\/?s={search_term_string}\"},\"query-input\":{\"@type\":\"PropertyValueSpecification\",\"valueRequired\":true,\"valueName\":\"search_term_string\"}}],\"inLanguage\":\"en-US\"},{\"@type\":\"Organization\",\"@id\":\"https:\\\/\\\/www.chocolatestheocr.com\\\/#organization\",\"name\":\"Chocolates Theo\",\"url\":\"https:\\\/\\\/www.chocolatestheocr.com\\\/\",\"logo\":{\"@type\":\"ImageObject\",\"inLanguage\":\"en-US\",\"@id\":\"https:\\\/\\\/www.chocolatestheocr.com\\\/#\\\/schema\\\/logo\\\/image\\\/\",\"url\":\"https:\\\/\\\/www.chocolatestheocr.com\\\/wp-content\\\/uploads\\\/2021\\\/10\\\/Logo-Chocolates-Theo.jpg\",\"contentUrl\":\"https:\\\/\\\/www.chocolatestheocr.com\\\/wp-content\\\/uploads\\\/2021\\\/10\\\/Logo-Chocolates-Theo.jpg\",\"width\":600,\"height\":600,\"caption\":\"Chocolates Theo\"},\"image\":{\"@id\":\"https:\\\/\\\/www.chocolatestheocr.com\\\/#\\\/schema\\\/logo\\\/image\\\/\"},\"sameAs\":[\"https:\\\/\\\/www.facebook.com\\\/chocolatestheocr\",\"https:\\\/\\\/www.instagram.com\\\/chocolates_theo\\\/\",\"https:\\\/\\\/www.youtube.com\\\/channel\\\/UCcgAI69rswAd2FY1Ubvmcxw\"]}]}<\/script>\n<!-- \/ Yoast SEO plugin. -->","yoast_head_json":{"title":"Desayuno \"Que los Cumplas Feliz\" \/ Entrega a domicilio \/ Theo","description":"Desayuno \"Que los Cumplas Feliz\"   Botellita de jugo de naranja \"Happy Birthday\"  Canasta de frutas frescas  Sandwich de jam\u00f3n y queso  Quequito de chocolate  Tapa de la caja con mensaje \"Que los cumplas feliz\" (Mensaje seg\u00fan su elecci\u00f3n)","robots":{"index":"index","follow":"follow","max-snippet":"max-snippet:-1","max-image-preview":"max-image-preview:large","max-video-preview":"max-video-preview:-1"},"canonical":"https:\/\/www.chocolatestheocr.com\/en\/shop\/fechas-especiales\/cumpleanos\/desayuno-que-los-cumplas-feliz\/","og_locale":"en_US","og_type":"article","og_title":"Desayuno \"Que los Cumplas Feliz\" \/ Entrega a domicilio \/ Theo","og_description":"Desayuno \"Que los Cumplas Feliz\"   Botellita de jugo de naranja \"Happy Birthday\"  Canasta de frutas frescas  Sandwich de jam\u00f3n y queso  Quequito de chocolate  Tapa de la caja con mensaje \"Que los cumplas feliz\" (Mensaje seg\u00fan su elecci\u00f3n)","og_url":"https:\/\/www.chocolatestheocr.com\/en\/shop\/fechas-especiales\/cumpleanos\/desayuno-que-los-cumplas-feliz\/","og_site_name":"Chocolates Theo","article_publisher":"https:\/\/www.facebook.com\/chocolatestheocr","article_modified_time":"2025-09-27T16:07:14+00:00","og_image":[{"width":1200,"height":1600,"url":"https:\/\/www.chocolatestheocr.com\/wp-content\/uploads\/2023\/10\/WhatsApp-Image-2024-09-24-at-4.32.35-PM.jpeg","type":"image\/jpeg"}],"twitter_card":"summary_large_image","schema":{"@context":"https:\/\/schema.org","@graph":[{"@type":"WebPage","@id":"https:\/\/www.chocolatestheocr.com\/shop\/fechas-especiales\/cumpleanos\/desayuno-que-los-cumplas-feliz\/","url":"https:\/\/www.chocolatestheocr.com\/shop\/fechas-especiales\/cumpleanos\/desayuno-que-los-cumplas-feliz\/","name":"Desayuno \"Que los Cumplas Feliz\" \/ Entrega a domicilio \/ Theo","isPartOf":{"@id":"https:\/\/www.chocolatestheocr.com\/#website"},"primaryImageOfPage":{"@id":"https:\/\/www.chocolatestheocr.com\/shop\/fechas-especiales\/cumpleanos\/desayuno-que-los-cumplas-feliz\/#primaryimage"},"image":{"@id":"https:\/\/www.chocolatestheocr.com\/shop\/fechas-especiales\/cumpleanos\/desayuno-que-los-cumplas-feliz\/#primaryimage"},"thumbnailUrl":"https:\/\/www.chocolatestheocr.com\/wp-content\/uploads\/2023\/10\/WhatsApp-Image-2024-09-24-at-4.32.35-PM.jpeg","datePublished":"2023-10-24T17:47:36+00:00","dateModified":"2025-09-27T16:07:14+00:00","description":"Desayuno \"Que los Cumplas Feliz\" Botellita de jugo de naranja \"Happy Birthday\" Canasta de frutas frescas Sandwich de jam\u00f3n y queso Quequito de chocolate Tapa de la caja con mensaje \"Que los cumplas feliz\" (Mensaje seg\u00fan su elecci\u00f3n)","breadcrumb":{"@id":"https:\/\/www.chocolatestheocr.com\/shop\/fechas-especiales\/cumpleanos\/desayuno-que-los-cumplas-feliz\/#breadcrumb"},"inLanguage":"en-US","potentialAction":[{"@type":"ReadAction","target":["https:\/\/www.chocolatestheocr.com\/shop\/fechas-especiales\/cumpleanos\/desayuno-que-los-cumplas-feliz\/"]}]},{"@type":"ImageObject","inLanguage":"en-US","@id":"https:\/\/www.chocolatestheocr.com\/shop\/fechas-especiales\/cumpleanos\/desayuno-que-los-cumplas-feliz\/#primaryimage","url":"https:\/\/www.chocolatestheocr.com\/wp-content\/uploads\/2023\/10\/WhatsApp-Image-2024-09-24-at-4.32.35-PM.jpeg","contentUrl":"https:\/\/www.chocolatestheocr.com\/wp-content\/uploads\/2023\/10\/WhatsApp-Image-2024-09-24-at-4.32.35-PM.jpeg","width":1200,"height":1600,"caption":"que los cumplas feliz"},{"@type":"BreadcrumbList","@id":"https:\/\/www.chocolatestheocr.com\/shop\/fechas-especiales\/cumpleanos\/desayuno-que-los-cumplas-feliz\/#breadcrumb","itemListElement":[{"@type":"ListItem","position":1,"name":"Portada","item":"https:\/\/www.chocolatestheocr.com\/"},{"@type":"ListItem","position":2,"name":"Tienda","item":"https:\/\/www.chocolatestheocr.com\/shop\/"},{"@type":"ListItem","position":3,"name":"Desayuno &#8220;Que los Cumplas Feliz&#8221;"}]},{"@type":"WebSite","@id":"https:\/\/www.chocolatestheocr.com\/#website","url":"https:\/\/www.chocolatestheocr.com\/","name":"Chocolates Theo","description":"","publisher":{"@id":"https:\/\/www.chocolatestheocr.com\/#organization"},"potentialAction":[{"@type":"SearchAction","target":{"@type":"EntryPoint","urlTemplate":"https:\/\/www.chocolatestheocr.com\/?s={search_term_string}"},"query-input":{"@type":"PropertyValueSpecification","valueRequired":true,"valueName":"search_term_string"}}],"inLanguage":"en-US"},{"@type":"Organization","@id":"https:\/\/www.chocolatestheocr.com\/#organization","name":"Chocolates Theo","url":"https:\/\/www.chocolatestheocr.com\/","logo":{"@type":"ImageObject","inLanguage":"en-US","@id":"https:\/\/www.chocolatestheocr.com\/#\/schema\/logo\/image\/","url":"https:\/\/www.chocolatestheocr.com\/wp-content\/uploads\/2021\/10\/Logo-Chocolates-Theo.jpg","contentUrl":"https:\/\/www.chocolatestheocr.com\/wp-content\/uploads\/2021\/10\/Logo-Chocolates-Theo.jpg","width":600,"height":600,"caption":"Chocolates Theo"},"image":{"@id":"https:\/\/www.chocolatestheocr.com\/#\/schema\/logo\/image\/"},"sameAs":["https:\/\/www.facebook.com\/chocolatestheocr","https:\/\/www.instagram.com\/chocolates_theo\/","https:\/\/www.youtube.com\/channel\/UCcgAI69rswAd2FY1Ubvmcxw"]}]}},"_links":{"self":[{"href":"https:\/\/www.chocolatestheocr.com\/en\/wp-json\/wp\/v2\/product\/13675","targetHints":{"allow":["GET"]}}],"collection":[{"href":"https:\/\/www.chocolatestheocr.com\/en\/wp-json\/wp\/v2\/product"}],"about":[{"href":"https:\/\/www.chocolatestheocr.com\/en\/wp-json\/wp\/v2\/types\/product"}],"version-history":[{"count":0,"href":"https:\/\/www.chocolatestheocr.com\/en\/wp-json\/wp\/v2\/product\/13675\/revisions"}],"wp:featuredmedia":[{"embeddable":true,"href":"https:\/\/www.chocolatestheocr.com\/en\/wp-json\/wp\/v2\/media\/15661"}],"wp:attachment":[{"href":"https:\/\/www.chocolatestheocr.com\/en\/wp-json\/wp\/v2\/media?parent=13675"}],"wp:term":[{"taxonomy":"product_brand","embeddable":true,"href":"https:\/\/www.chocolatestheocr.com\/en\/wp-json\/wp\/v2\/product_brand?post=13675"},{"taxonomy":"product_cat","embeddable":true,"href":"https:\/\/www.chocolatestheocr.com\/en\/wp-json\/wp\/v2\/product_cat?post=13675"},{"taxonomy":"product_tag","embeddable":true,"href":"https:\/\/www.chocolatestheocr.com\/en\/wp-json\/wp\/v2\/product_tag?post=13675"}],"curies":[{"name":"wp","href":"https:\/\/api.w.org\/{rel}","templated":true}]}}