{"id":13663,"date":"2023-10-23T22:46:04","date_gmt":"2023-10-24T04:46:04","guid":{"rendered":"https:\/\/www.chocolatestheocr.com\/?post_type=product&#038;p=13663"},"modified":"2025-09-27T10:11:44","modified_gmt":"2025-09-27T16:11:44","slug":"desayuno-buenos-dias-amorcito","status":"publish","type":"product","link":"https:\/\/www.chocolatestheocr.com\/en\/shop\/fechas-especiales\/cumpleanos\/desayuno-buenos-dias-amorcito\/","title":{"rendered":"Desayuno buenos d\u00edas amorcito"},"content":{"rendered":"<p>Desayuno buenos d\u00edas amorcito<\/p>\n<p>Contiene:<\/p>\n<ul>\n<li>S\u00e1ndwich de Jam\u00f3n y queso<\/li>\n<li>Jugo de naranja<\/li>\n<li>Caf\u00e9 fr\u00edo<\/li>\n<li>Tacita con frutas frescas<\/li>\n<li>Salchichas de pavo<\/li>\n<li>Caja con tapa personalizada con mensaje<\/li>\n<li>2 globos de latex de colores inflados con helio<\/li>\n<\/ul>","protected":false},"excerpt":{"rendered":"<p>Desayuno buenos d\u00edas amorcito<\/p>\n<p>Contiene:<\/p>\n<ul>\n<li>S\u00e1ndwich de Jam\u00f3n y queso<\/li>\n<li>Jugo de naranja<\/li>\n<li>Caf\u00e9 fr\u00edo<\/li>\n<li>Tacita con frutas frescas<\/li>\n<li>Salchichas de pavo<\/li>\n<li>Caja con tapa personalizada con mensaje<\/li>\n<li>2 globos de latex de colores inflados con helio<\/li>\n<\/ul>","protected":false},"featured_media":15720,"template":"","meta":[],"product_brand":[361],"product_cat":[500,565,578,41],"product_tag":[611,566,612,615,607,614],"class_list":{"0":"post-13663","1":"product","2":"type-product","3":"status-publish","4":"has-post-thumbnail","6":"product_brand-chocolates-theo","7":"product_cat-cumpleanos","8":"product_cat-desayunos","9":"product_cat-regalos-para-ellos","10":"product_cat-all","11":"product_tag-cafe","12":"product_tag-desayuno","13":"product_tag-jugo-de-naranja","14":"product_tag-salchichas","15":"product_tag-sandwich","16":"product_tag-sorpresa","18":"first","19":"instock","20":"shipping-taxable","21":"purchasable","22":"product-type-simple"},"yoast_head":"<!-- This site is optimized with the Yoast SEO plugin v27.3 - https:\/\/yoast.com\/product\/yoast-seo-wordpress\/ -->\n<title>Desayuno buenos d\u00edas amorcito \/ sorpresa \/ servicio a domicilio<\/title>\n<meta name=\"description\" content=\"Desayuno buenos d\u00edas amorcito  Contiene:   S\u00e1ndwich de Jam\u00f3n y queso  Jugo de naranja  Caf\u00e9 fr\u00edo  Tacita con frutas frescas  Salchichas de pavo  Caja con tapa personalizada con mensaje  2 globos de latex de colores inflados con helio\" \/>\n<meta name=\"robots\" content=\"index, follow, max-snippet:-1, max-image-preview:large, max-video-preview:-1\" \/>\n<link rel=\"canonical\" href=\"https:\/\/www.chocolatestheocr.com\/en\/shop\/fechas-especiales\/cumpleanos\/desayuno-buenos-dias-amorcito\/\" \/>\n<meta property=\"og:locale\" content=\"en_US\" \/>\n<meta property=\"og:type\" content=\"article\" \/>\n<meta property=\"og:title\" content=\"Desayuno buenos d\u00edas amorcito \/ sorpresa \/ servicio a domicilio\" \/>\n<meta property=\"og:description\" content=\"Desayuno buenos d\u00edas amorcito  Contiene:   S\u00e1ndwich de Jam\u00f3n y queso  Jugo de naranja  Caf\u00e9 fr\u00edo  Tacita con frutas frescas  Salchichas de pavo  Caja con tapa personalizada con mensaje  2 globos de latex de colores inflados con helio\" \/>\n<meta property=\"og:url\" content=\"https:\/\/www.chocolatestheocr.com\/en\/shop\/fechas-especiales\/cumpleanos\/desayuno-buenos-dias-amorcito\/\" \/>\n<meta property=\"og:site_name\" content=\"Chocolates Theo\" \/>\n<meta property=\"article:publisher\" content=\"https:\/\/www.facebook.com\/chocolatestheocr\" \/>\n<meta property=\"article:modified_time\" content=\"2025-09-27T16:11:44+00:00\" \/>\n<meta property=\"og:image\" content=\"https:\/\/www.chocolatestheocr.com\/wp-content\/uploads\/2023\/10\/WhatsApp-Image-2024-09-28-at-1.07.52-PM.jpeg\" \/>\n\t<meta property=\"og:image:width\" content=\"960\" \/>\n\t<meta property=\"og:image:height\" content=\"1280\" \/>\n\t<meta property=\"og:image:type\" content=\"image\/jpeg\" \/>\n<meta name=\"twitter:card\" content=\"summary_large_image\" \/>\n<script type=\"application\/ld+json\" class=\"yoast-schema-graph\">{\"@context\":\"https:\\\/\\\/schema.org\",\"@graph\":[{\"@type\":\"WebPage\",\"@id\":\"https:\\\/\\\/www.chocolatestheocr.com\\\/shop\\\/fechas-especiales\\\/cumpleanos\\\/desayuno-buenos-dias-amorcito\\\/\",\"url\":\"https:\\\/\\\/www.chocolatestheocr.com\\\/shop\\\/fechas-especiales\\\/cumpleanos\\\/desayuno-buenos-dias-amorcito\\\/\",\"name\":\"Desayuno buenos d\u00edas amorcito \\\/ sorpresa \\\/ servicio a domicilio\",\"isPartOf\":{\"@id\":\"https:\\\/\\\/www.chocolatestheocr.com\\\/#website\"},\"primaryImageOfPage\":{\"@id\":\"https:\\\/\\\/www.chocolatestheocr.com\\\/shop\\\/fechas-especiales\\\/cumpleanos\\\/desayuno-buenos-dias-amorcito\\\/#primaryimage\"},\"image\":{\"@id\":\"https:\\\/\\\/www.chocolatestheocr.com\\\/shop\\\/fechas-especiales\\\/cumpleanos\\\/desayuno-buenos-dias-amorcito\\\/#primaryimage\"},\"thumbnailUrl\":\"https:\\\/\\\/www.chocolatestheocr.com\\\/wp-content\\\/uploads\\\/2023\\\/10\\\/WhatsApp-Image-2024-09-28-at-1.07.52-PM.jpeg\",\"datePublished\":\"2023-10-24T04:46:04+00:00\",\"dateModified\":\"2025-09-27T16:11:44+00:00\",\"description\":\"Desayuno buenos d\u00edas amorcito Contiene: S\u00e1ndwich de Jam\u00f3n y queso Jugo de naranja Caf\u00e9 fr\u00edo Tacita con frutas frescas Salchichas de pavo Caja con tapa personalizada con mensaje 2 globos de latex de colores inflados con helio\",\"breadcrumb\":{\"@id\":\"https:\\\/\\\/www.chocolatestheocr.com\\\/shop\\\/fechas-especiales\\\/cumpleanos\\\/desayuno-buenos-dias-amorcito\\\/#breadcrumb\"},\"inLanguage\":\"en-US\",\"potentialAction\":[{\"@type\":\"ReadAction\",\"target\":[\"https:\\\/\\\/www.chocolatestheocr.com\\\/shop\\\/fechas-especiales\\\/cumpleanos\\\/desayuno-buenos-dias-amorcito\\\/\"]}]},{\"@type\":\"ImageObject\",\"inLanguage\":\"en-US\",\"@id\":\"https:\\\/\\\/www.chocolatestheocr.com\\\/shop\\\/fechas-especiales\\\/cumpleanos\\\/desayuno-buenos-dias-amorcito\\\/#primaryimage\",\"url\":\"https:\\\/\\\/www.chocolatestheocr.com\\\/wp-content\\\/uploads\\\/2023\\\/10\\\/WhatsApp-Image-2024-09-28-at-1.07.52-PM.jpeg\",\"contentUrl\":\"https:\\\/\\\/www.chocolatestheocr.com\\\/wp-content\\\/uploads\\\/2023\\\/10\\\/WhatsApp-Image-2024-09-28-at-1.07.52-PM.jpeg\",\"width\":960,\"height\":1280,\"caption\":\"desayuno buenos d\u00edas amorcito\"},{\"@type\":\"BreadcrumbList\",\"@id\":\"https:\\\/\\\/www.chocolatestheocr.com\\\/shop\\\/fechas-especiales\\\/cumpleanos\\\/desayuno-buenos-dias-amorcito\\\/#breadcrumb\",\"itemListElement\":[{\"@type\":\"ListItem\",\"position\":1,\"name\":\"Portada\",\"item\":\"https:\\\/\\\/www.chocolatestheocr.com\\\/\"},{\"@type\":\"ListItem\",\"position\":2,\"name\":\"Tienda\",\"item\":\"https:\\\/\\\/www.chocolatestheocr.com\\\/shop\\\/\"},{\"@type\":\"ListItem\",\"position\":3,\"name\":\"Desayuno buenos d\u00edas amorcito\"}]},{\"@type\":\"WebSite\",\"@id\":\"https:\\\/\\\/www.chocolatestheocr.com\\\/#website\",\"url\":\"https:\\\/\\\/www.chocolatestheocr.com\\\/\",\"name\":\"Chocolates Theo\",\"description\":\"\",\"publisher\":{\"@id\":\"https:\\\/\\\/www.chocolatestheocr.com\\\/#organization\"},\"potentialAction\":[{\"@type\":\"SearchAction\",\"target\":{\"@type\":\"EntryPoint\",\"urlTemplate\":\"https:\\\/\\\/www.chocolatestheocr.com\\\/?s={search_term_string}\"},\"query-input\":{\"@type\":\"PropertyValueSpecification\",\"valueRequired\":true,\"valueName\":\"search_term_string\"}}],\"inLanguage\":\"en-US\"},{\"@type\":\"Organization\",\"@id\":\"https:\\\/\\\/www.chocolatestheocr.com\\\/#organization\",\"name\":\"Chocolates Theo\",\"url\":\"https:\\\/\\\/www.chocolatestheocr.com\\\/\",\"logo\":{\"@type\":\"ImageObject\",\"inLanguage\":\"en-US\",\"@id\":\"https:\\\/\\\/www.chocolatestheocr.com\\\/#\\\/schema\\\/logo\\\/image\\\/\",\"url\":\"https:\\\/\\\/www.chocolatestheocr.com\\\/wp-content\\\/uploads\\\/2021\\\/10\\\/Logo-Chocolates-Theo.jpg\",\"contentUrl\":\"https:\\\/\\\/www.chocolatestheocr.com\\\/wp-content\\\/uploads\\\/2021\\\/10\\\/Logo-Chocolates-Theo.jpg\",\"width\":600,\"height\":600,\"caption\":\"Chocolates Theo\"},\"image\":{\"@id\":\"https:\\\/\\\/www.chocolatestheocr.com\\\/#\\\/schema\\\/logo\\\/image\\\/\"},\"sameAs\":[\"https:\\\/\\\/www.facebook.com\\\/chocolatestheocr\",\"https:\\\/\\\/www.instagram.com\\\/chocolates_theo\\\/\",\"https:\\\/\\\/www.youtube.com\\\/channel\\\/UCcgAI69rswAd2FY1Ubvmcxw\"]}]}<\/script>\n<!-- \/ Yoast SEO plugin. -->","yoast_head_json":{"title":"Desayuno buenos d\u00edas amorcito \/ sorpresa \/ servicio a domicilio","description":"Desayuno buenos d\u00edas amorcito  Contiene:   S\u00e1ndwich de Jam\u00f3n y queso  Jugo de naranja  Caf\u00e9 fr\u00edo  Tacita con frutas frescas  Salchichas de pavo  Caja con tapa personalizada con mensaje  2 globos de latex de colores inflados con helio","robots":{"index":"index","follow":"follow","max-snippet":"max-snippet:-1","max-image-preview":"max-image-preview:large","max-video-preview":"max-video-preview:-1"},"canonical":"https:\/\/www.chocolatestheocr.com\/en\/shop\/fechas-especiales\/cumpleanos\/desayuno-buenos-dias-amorcito\/","og_locale":"en_US","og_type":"article","og_title":"Desayuno buenos d\u00edas amorcito \/ sorpresa \/ servicio a domicilio","og_description":"Desayuno buenos d\u00edas amorcito  Contiene:   S\u00e1ndwich de Jam\u00f3n y queso  Jugo de naranja  Caf\u00e9 fr\u00edo  Tacita con frutas frescas  Salchichas de pavo  Caja con tapa personalizada con mensaje  2 globos de latex de colores inflados con helio","og_url":"https:\/\/www.chocolatestheocr.com\/en\/shop\/fechas-especiales\/cumpleanos\/desayuno-buenos-dias-amorcito\/","og_site_name":"Chocolates Theo","article_publisher":"https:\/\/www.facebook.com\/chocolatestheocr","article_modified_time":"2025-09-27T16:11:44+00:00","og_image":[{"width":960,"height":1280,"url":"https:\/\/www.chocolatestheocr.com\/wp-content\/uploads\/2023\/10\/WhatsApp-Image-2024-09-28-at-1.07.52-PM.jpeg","type":"image\/jpeg"}],"twitter_card":"summary_large_image","schema":{"@context":"https:\/\/schema.org","@graph":[{"@type":"WebPage","@id":"https:\/\/www.chocolatestheocr.com\/shop\/fechas-especiales\/cumpleanos\/desayuno-buenos-dias-amorcito\/","url":"https:\/\/www.chocolatestheocr.com\/shop\/fechas-especiales\/cumpleanos\/desayuno-buenos-dias-amorcito\/","name":"Desayuno buenos d\u00edas amorcito \/ sorpresa \/ servicio a domicilio","isPartOf":{"@id":"https:\/\/www.chocolatestheocr.com\/#website"},"primaryImageOfPage":{"@id":"https:\/\/www.chocolatestheocr.com\/shop\/fechas-especiales\/cumpleanos\/desayuno-buenos-dias-amorcito\/#primaryimage"},"image":{"@id":"https:\/\/www.chocolatestheocr.com\/shop\/fechas-especiales\/cumpleanos\/desayuno-buenos-dias-amorcito\/#primaryimage"},"thumbnailUrl":"https:\/\/www.chocolatestheocr.com\/wp-content\/uploads\/2023\/10\/WhatsApp-Image-2024-09-28-at-1.07.52-PM.jpeg","datePublished":"2023-10-24T04:46:04+00:00","dateModified":"2025-09-27T16:11:44+00:00","description":"Desayuno buenos d\u00edas amorcito Contiene: S\u00e1ndwich de Jam\u00f3n y queso Jugo de naranja Caf\u00e9 fr\u00edo Tacita con frutas frescas Salchichas de pavo Caja con tapa personalizada con mensaje 2 globos de latex de colores inflados con helio","breadcrumb":{"@id":"https:\/\/www.chocolatestheocr.com\/shop\/fechas-especiales\/cumpleanos\/desayuno-buenos-dias-amorcito\/#breadcrumb"},"inLanguage":"en-US","potentialAction":[{"@type":"ReadAction","target":["https:\/\/www.chocolatestheocr.com\/shop\/fechas-especiales\/cumpleanos\/desayuno-buenos-dias-amorcito\/"]}]},{"@type":"ImageObject","inLanguage":"en-US","@id":"https:\/\/www.chocolatestheocr.com\/shop\/fechas-especiales\/cumpleanos\/desayuno-buenos-dias-amorcito\/#primaryimage","url":"https:\/\/www.chocolatestheocr.com\/wp-content\/uploads\/2023\/10\/WhatsApp-Image-2024-09-28-at-1.07.52-PM.jpeg","contentUrl":"https:\/\/www.chocolatestheocr.com\/wp-content\/uploads\/2023\/10\/WhatsApp-Image-2024-09-28-at-1.07.52-PM.jpeg","width":960,"height":1280,"caption":"desayuno buenos d\u00edas amorcito"},{"@type":"BreadcrumbList","@id":"https:\/\/www.chocolatestheocr.com\/shop\/fechas-especiales\/cumpleanos\/desayuno-buenos-dias-amorcito\/#breadcrumb","itemListElement":[{"@type":"ListItem","position":1,"name":"Portada","item":"https:\/\/www.chocolatestheocr.com\/"},{"@type":"ListItem","position":2,"name":"Tienda","item":"https:\/\/www.chocolatestheocr.com\/shop\/"},{"@type":"ListItem","position":3,"name":"Desayuno buenos d\u00edas amorcito"}]},{"@type":"WebSite","@id":"https:\/\/www.chocolatestheocr.com\/#website","url":"https:\/\/www.chocolatestheocr.com\/","name":"Chocolates Theo","description":"","publisher":{"@id":"https:\/\/www.chocolatestheocr.com\/#organization"},"potentialAction":[{"@type":"SearchAction","target":{"@type":"EntryPoint","urlTemplate":"https:\/\/www.chocolatestheocr.com\/?s={search_term_string}"},"query-input":{"@type":"PropertyValueSpecification","valueRequired":true,"valueName":"search_term_string"}}],"inLanguage":"en-US"},{"@type":"Organization","@id":"https:\/\/www.chocolatestheocr.com\/#organization","name":"Chocolates Theo","url":"https:\/\/www.chocolatestheocr.com\/","logo":{"@type":"ImageObject","inLanguage":"en-US","@id":"https:\/\/www.chocolatestheocr.com\/#\/schema\/logo\/image\/","url":"https:\/\/www.chocolatestheocr.com\/wp-content\/uploads\/2021\/10\/Logo-Chocolates-Theo.jpg","contentUrl":"https:\/\/www.chocolatestheocr.com\/wp-content\/uploads\/2021\/10\/Logo-Chocolates-Theo.jpg","width":600,"height":600,"caption":"Chocolates Theo"},"image":{"@id":"https:\/\/www.chocolatestheocr.com\/#\/schema\/logo\/image\/"},"sameAs":["https:\/\/www.facebook.com\/chocolatestheocr","https:\/\/www.instagram.com\/chocolates_theo\/","https:\/\/www.youtube.com\/channel\/UCcgAI69rswAd2FY1Ubvmcxw"]}]}},"_links":{"self":[{"href":"https:\/\/www.chocolatestheocr.com\/en\/wp-json\/wp\/v2\/product\/13663","targetHints":{"allow":["GET"]}}],"collection":[{"href":"https:\/\/www.chocolatestheocr.com\/en\/wp-json\/wp\/v2\/product"}],"about":[{"href":"https:\/\/www.chocolatestheocr.com\/en\/wp-json\/wp\/v2\/types\/product"}],"version-history":[{"count":0,"href":"https:\/\/www.chocolatestheocr.com\/en\/wp-json\/wp\/v2\/product\/13663\/revisions"}],"wp:featuredmedia":[{"embeddable":true,"href":"https:\/\/www.chocolatestheocr.com\/en\/wp-json\/wp\/v2\/media\/15720"}],"wp:attachment":[{"href":"https:\/\/www.chocolatestheocr.com\/en\/wp-json\/wp\/v2\/media?parent=13663"}],"wp:term":[{"taxonomy":"product_brand","embeddable":true,"href":"https:\/\/www.chocolatestheocr.com\/en\/wp-json\/wp\/v2\/product_brand?post=13663"},{"taxonomy":"product_cat","embeddable":true,"href":"https:\/\/www.chocolatestheocr.com\/en\/wp-json\/wp\/v2\/product_cat?post=13663"},{"taxonomy":"product_tag","embeddable":true,"href":"https:\/\/www.chocolatestheocr.com\/en\/wp-json\/wp\/v2\/product_tag?post=13663"}],"curies":[{"name":"wp","href":"https:\/\/api.w.org\/{rel}","templated":true}]}}