{"id":13640,"date":"2023-10-23T18:05:41","date_gmt":"2023-10-24T00:05:41","guid":{"rendered":"https:\/\/www.chocolatestheocr.com\/?post_type=product&#038;p=13640"},"modified":"2026-01-06T09:08:45","modified_gmt":"2026-01-06T15:08:45","slug":"cuchara-para-hacer-chocolate-caliente-baileys","status":"publish","type":"product","link":"https:\/\/www.chocolatestheocr.com\/en\/shop\/chocolates\/chocolates-personalizados\/cuchara-para-hacer-chocolate-caliente-baileys\/","title":{"rendered":"Cuchara para hacer chocolate caliente &#8220;Baileys&#8221;"},"content":{"rendered":"<p>Cuchara para hacer chocolate caliente &#8220;Baileys&#8221;<\/p>\n<p>Hot choco spoon<\/p>\n<p>Cuchara para derretir y hacer chocolate caliente, hecha con chocolate de leche con 33% de cacao, mini marshmallows y un shot de Baileys<\/p>\n<p>Solamente debes meter la cuchara en una taza de leche caliente y esperar mientras se va derritiendo y se va haciendo una deliciosa taza de chocolate caliente; Cuando el shot se pueda soltar f\u00e1cilmente, opr\u00edmelo hasta que salga el Baileys y m\u00e9zclalo en la taza para darle un sabor a\u00fan mas delicioso a nuestro chocolate.<\/p>","protected":false},"excerpt":{"rendered":"<p>Cuchara para hacer chocolate caliente &#8220;Baileys&#8221;<\/p>\n<p>Hot choco spoon<\/p>\n<p>Cuchara para derretir y hacer chocolate caliente, hecha con chocolate de leche con 33% de cacao, mini marshmallows y un shot de Baileys<\/p>\n<p>Solamente debes meter la cuchara en una taza de leche caliente y esperar mientras se va derritiendo y se va haciendo una deliciosa taza de chocolate caliente; Cuando el shot se pueda soltar f\u00e1cilmente, opr\u00edmelo hasta que salga el Baileys y m\u00e9zclalo en la taza para darle un sabor a\u00fan mas delicioso a nuestro chocolate.<\/p>","protected":false},"featured_media":13766,"template":"","meta":[],"product_brand":[361],"product_cat":[375,111,578,41],"product_tag":[307,522,603,282,604,600],"class_list":{"0":"post-13640","1":"product","2":"type-product","3":"status-publish","4":"has-post-thumbnail","6":"product_brand-chocolates-theo","7":"product_cat-chocolates-gourmet","8":"product_cat-chocolates-personalizados","9":"product_cat-regalos-para-ellos","10":"product_cat-all","11":"product_tag-baileys","12":"product_tag-chocolate-caliente","13":"product_tag-chuchara","14":"product_tag-hot-choco-spoon","15":"product_tag-leche","16":"product_tag-milk","18":"first","19":"instock","20":"shipping-taxable","21":"purchasable","22":"product-type-simple"},"yoast_head":"<!-- This site is optimized with the Yoast SEO plugin v27.3 - https:\/\/yoast.com\/product\/yoast-seo-wordpress\/ -->\n<title>Cuchara para hacer chocolate caliente &quot;Baileys&quot;<\/title>\n<meta name=\"description\" content=\"Cuchara para hacer chocolate caliente &quot;Baileys&quot;  Hot choco spoon  Cuchara para derretir y hacer chocolate caliente, hecha con chocolate de leche con 33% de cacao, mini marshmallows y un shot de Baileys  Solamente debes meter la cuchara en una taza de leche caliente y esperar mientras se va derritiendo y se va haciendo una deliciosa taza de chocolate caliente; Cuando el shot se pueda soltar f\u00e1cilmente, opr\u00edmelo hasta que salga el Baileys y m\u00e9zclalo en la taza para darle un sabor a\u00fan mas delicioso a nuestro chocolate.\" \/>\n<meta name=\"robots\" content=\"index, follow, max-snippet:-1, max-image-preview:large, max-video-preview:-1\" \/>\n<link rel=\"canonical\" href=\"https:\/\/www.chocolatestheocr.com\/en\/shop\/chocolates\/chocolates-personalizados\/cuchara-para-hacer-chocolate-caliente-baileys\/\" \/>\n<meta property=\"og:locale\" content=\"en_US\" \/>\n<meta property=\"og:type\" content=\"article\" \/>\n<meta property=\"og:title\" content=\"Cuchara para hacer chocolate caliente &quot;Baileys&quot;\" \/>\n<meta property=\"og:description\" content=\"Cuchara para hacer chocolate caliente &quot;Baileys&quot;  Hot choco spoon  Cuchara para derretir y hacer chocolate caliente, hecha con chocolate de leche con 33% de cacao, mini marshmallows y un shot de Baileys  Solamente debes meter la cuchara en una taza de leche caliente y esperar mientras se va derritiendo y se va haciendo una deliciosa taza de chocolate caliente; Cuando el shot se pueda soltar f\u00e1cilmente, opr\u00edmelo hasta que salga el Baileys y m\u00e9zclalo en la taza para darle un sabor a\u00fan mas delicioso a nuestro chocolate.\" \/>\n<meta property=\"og:url\" content=\"https:\/\/www.chocolatestheocr.com\/en\/shop\/chocolates\/chocolates-personalizados\/cuchara-para-hacer-chocolate-caliente-baileys\/\" \/>\n<meta property=\"og:site_name\" content=\"Chocolates Theo\" \/>\n<meta property=\"article:publisher\" content=\"https:\/\/www.facebook.com\/chocolatestheocr\" \/>\n<meta property=\"article:modified_time\" content=\"2026-01-06T15:08:45+00:00\" \/>\n<meta property=\"og:image\" content=\"https:\/\/www.chocolatestheocr.com\/wp-content\/uploads\/2023\/10\/Cuchara-chocolate-caliente-Baileys-1.webp\" \/>\n\t<meta property=\"og:image:width\" content=\"1000\" \/>\n\t<meta property=\"og:image:height\" content=\"1500\" \/>\n\t<meta property=\"og:image:type\" content=\"image\/webp\" \/>\n<meta name=\"twitter:card\" content=\"summary_large_image\" \/>\n<script type=\"application\/ld+json\" class=\"yoast-schema-graph\">{\"@context\":\"https:\\\/\\\/schema.org\",\"@graph\":[{\"@type\":\"WebPage\",\"@id\":\"https:\\\/\\\/www.chocolatestheocr.com\\\/shop\\\/chocolates\\\/chocolates-personalizados\\\/cuchara-para-hacer-chocolate-caliente-baileys\\\/\",\"url\":\"https:\\\/\\\/www.chocolatestheocr.com\\\/shop\\\/chocolates\\\/chocolates-personalizados\\\/cuchara-para-hacer-chocolate-caliente-baileys\\\/\",\"name\":\"Cuchara para hacer chocolate caliente \\\"Baileys\\\"\",\"isPartOf\":{\"@id\":\"https:\\\/\\\/www.chocolatestheocr.com\\\/#website\"},\"primaryImageOfPage\":{\"@id\":\"https:\\\/\\\/www.chocolatestheocr.com\\\/shop\\\/chocolates\\\/chocolates-personalizados\\\/cuchara-para-hacer-chocolate-caliente-baileys\\\/#primaryimage\"},\"image\":{\"@id\":\"https:\\\/\\\/www.chocolatestheocr.com\\\/shop\\\/chocolates\\\/chocolates-personalizados\\\/cuchara-para-hacer-chocolate-caliente-baileys\\\/#primaryimage\"},\"thumbnailUrl\":\"https:\\\/\\\/www.chocolatestheocr.com\\\/wp-content\\\/uploads\\\/2023\\\/10\\\/Cuchara-chocolate-caliente-Baileys-1.webp\",\"datePublished\":\"2023-10-24T00:05:41+00:00\",\"dateModified\":\"2026-01-06T15:08:45+00:00\",\"description\":\"Cuchara para hacer chocolate caliente \\\"Baileys\\\" Hot choco spoon Cuchara para derretir y hacer chocolate caliente, hecha con chocolate de leche con 33% de cacao, mini marshmallows y un shot de Baileys Solamente debes meter la cuchara en una taza de leche caliente y esperar mientras se va derritiendo y se va haciendo una deliciosa taza de chocolate caliente; Cuando el shot se pueda soltar f\u00e1cilmente, opr\u00edmelo hasta que salga el Baileys y m\u00e9zclalo en la taza para darle un sabor a\u00fan mas delicioso a nuestro chocolate.\",\"breadcrumb\":{\"@id\":\"https:\\\/\\\/www.chocolatestheocr.com\\\/shop\\\/chocolates\\\/chocolates-personalizados\\\/cuchara-para-hacer-chocolate-caliente-baileys\\\/#breadcrumb\"},\"inLanguage\":\"en-US\",\"potentialAction\":[{\"@type\":\"ReadAction\",\"target\":[\"https:\\\/\\\/www.chocolatestheocr.com\\\/shop\\\/chocolates\\\/chocolates-personalizados\\\/cuchara-para-hacer-chocolate-caliente-baileys\\\/\"]}]},{\"@type\":\"ImageObject\",\"inLanguage\":\"en-US\",\"@id\":\"https:\\\/\\\/www.chocolatestheocr.com\\\/shop\\\/chocolates\\\/chocolates-personalizados\\\/cuchara-para-hacer-chocolate-caliente-baileys\\\/#primaryimage\",\"url\":\"https:\\\/\\\/www.chocolatestheocr.com\\\/wp-content\\\/uploads\\\/2023\\\/10\\\/Cuchara-chocolate-caliente-Baileys-1.webp\",\"contentUrl\":\"https:\\\/\\\/www.chocolatestheocr.com\\\/wp-content\\\/uploads\\\/2023\\\/10\\\/Cuchara-chocolate-caliente-Baileys-1.webp\",\"width\":1000,\"height\":1500,\"caption\":\"Cuchara chocolate caliente Baileys\"},{\"@type\":\"BreadcrumbList\",\"@id\":\"https:\\\/\\\/www.chocolatestheocr.com\\\/shop\\\/chocolates\\\/chocolates-personalizados\\\/cuchara-para-hacer-chocolate-caliente-baileys\\\/#breadcrumb\",\"itemListElement\":[{\"@type\":\"ListItem\",\"position\":1,\"name\":\"Portada\",\"item\":\"https:\\\/\\\/www.chocolatestheocr.com\\\/\"},{\"@type\":\"ListItem\",\"position\":2,\"name\":\"Tienda\",\"item\":\"https:\\\/\\\/www.chocolatestheocr.com\\\/shop\\\/\"},{\"@type\":\"ListItem\",\"position\":3,\"name\":\"Cuchara para hacer chocolate caliente &#8220;Baileys&#8221;\"}]},{\"@type\":\"WebSite\",\"@id\":\"https:\\\/\\\/www.chocolatestheocr.com\\\/#website\",\"url\":\"https:\\\/\\\/www.chocolatestheocr.com\\\/\",\"name\":\"Chocolates Theo\",\"description\":\"\",\"publisher\":{\"@id\":\"https:\\\/\\\/www.chocolatestheocr.com\\\/#organization\"},\"potentialAction\":[{\"@type\":\"SearchAction\",\"target\":{\"@type\":\"EntryPoint\",\"urlTemplate\":\"https:\\\/\\\/www.chocolatestheocr.com\\\/?s={search_term_string}\"},\"query-input\":{\"@type\":\"PropertyValueSpecification\",\"valueRequired\":true,\"valueName\":\"search_term_string\"}}],\"inLanguage\":\"en-US\"},{\"@type\":\"Organization\",\"@id\":\"https:\\\/\\\/www.chocolatestheocr.com\\\/#organization\",\"name\":\"Chocolates Theo\",\"url\":\"https:\\\/\\\/www.chocolatestheocr.com\\\/\",\"logo\":{\"@type\":\"ImageObject\",\"inLanguage\":\"en-US\",\"@id\":\"https:\\\/\\\/www.chocolatestheocr.com\\\/#\\\/schema\\\/logo\\\/image\\\/\",\"url\":\"https:\\\/\\\/www.chocolatestheocr.com\\\/wp-content\\\/uploads\\\/2021\\\/10\\\/Logo-Chocolates-Theo.jpg\",\"contentUrl\":\"https:\\\/\\\/www.chocolatestheocr.com\\\/wp-content\\\/uploads\\\/2021\\\/10\\\/Logo-Chocolates-Theo.jpg\",\"width\":600,\"height\":600,\"caption\":\"Chocolates Theo\"},\"image\":{\"@id\":\"https:\\\/\\\/www.chocolatestheocr.com\\\/#\\\/schema\\\/logo\\\/image\\\/\"},\"sameAs\":[\"https:\\\/\\\/www.facebook.com\\\/chocolatestheocr\",\"https:\\\/\\\/www.instagram.com\\\/chocolates_theo\\\/\",\"https:\\\/\\\/www.youtube.com\\\/channel\\\/UCcgAI69rswAd2FY1Ubvmcxw\"]}]}<\/script>\n<!-- \/ Yoast SEO plugin. -->","yoast_head_json":{"title":"Cuchara para hacer chocolate caliente \"Baileys\"","description":"Cuchara para hacer chocolate caliente \"Baileys\"  Hot choco spoon  Cuchara para derretir y hacer chocolate caliente, hecha con chocolate de leche con 33% de cacao, mini marshmallows y un shot de Baileys  Solamente debes meter la cuchara en una taza de leche caliente y esperar mientras se va derritiendo y se va haciendo una deliciosa taza de chocolate caliente; Cuando el shot se pueda soltar f\u00e1cilmente, opr\u00edmelo hasta que salga el Baileys y m\u00e9zclalo en la taza para darle un sabor a\u00fan mas delicioso a nuestro chocolate.","robots":{"index":"index","follow":"follow","max-snippet":"max-snippet:-1","max-image-preview":"max-image-preview:large","max-video-preview":"max-video-preview:-1"},"canonical":"https:\/\/www.chocolatestheocr.com\/en\/shop\/chocolates\/chocolates-personalizados\/cuchara-para-hacer-chocolate-caliente-baileys\/","og_locale":"en_US","og_type":"article","og_title":"Cuchara para hacer chocolate caliente \"Baileys\"","og_description":"Cuchara para hacer chocolate caliente \"Baileys\"  Hot choco spoon  Cuchara para derretir y hacer chocolate caliente, hecha con chocolate de leche con 33% de cacao, mini marshmallows y un shot de Baileys  Solamente debes meter la cuchara en una taza de leche caliente y esperar mientras se va derritiendo y se va haciendo una deliciosa taza de chocolate caliente; Cuando el shot se pueda soltar f\u00e1cilmente, opr\u00edmelo hasta que salga el Baileys y m\u00e9zclalo en la taza para darle un sabor a\u00fan mas delicioso a nuestro chocolate.","og_url":"https:\/\/www.chocolatestheocr.com\/en\/shop\/chocolates\/chocolates-personalizados\/cuchara-para-hacer-chocolate-caliente-baileys\/","og_site_name":"Chocolates Theo","article_publisher":"https:\/\/www.facebook.com\/chocolatestheocr","article_modified_time":"2026-01-06T15:08:45+00:00","og_image":[{"width":1000,"height":1500,"url":"https:\/\/www.chocolatestheocr.com\/wp-content\/uploads\/2023\/10\/Cuchara-chocolate-caliente-Baileys-1.webp","type":"image\/webp"}],"twitter_card":"summary_large_image","schema":{"@context":"https:\/\/schema.org","@graph":[{"@type":"WebPage","@id":"https:\/\/www.chocolatestheocr.com\/shop\/chocolates\/chocolates-personalizados\/cuchara-para-hacer-chocolate-caliente-baileys\/","url":"https:\/\/www.chocolatestheocr.com\/shop\/chocolates\/chocolates-personalizados\/cuchara-para-hacer-chocolate-caliente-baileys\/","name":"Cuchara para hacer chocolate caliente \"Baileys\"","isPartOf":{"@id":"https:\/\/www.chocolatestheocr.com\/#website"},"primaryImageOfPage":{"@id":"https:\/\/www.chocolatestheocr.com\/shop\/chocolates\/chocolates-personalizados\/cuchara-para-hacer-chocolate-caliente-baileys\/#primaryimage"},"image":{"@id":"https:\/\/www.chocolatestheocr.com\/shop\/chocolates\/chocolates-personalizados\/cuchara-para-hacer-chocolate-caliente-baileys\/#primaryimage"},"thumbnailUrl":"https:\/\/www.chocolatestheocr.com\/wp-content\/uploads\/2023\/10\/Cuchara-chocolate-caliente-Baileys-1.webp","datePublished":"2023-10-24T00:05:41+00:00","dateModified":"2026-01-06T15:08:45+00:00","description":"Cuchara para hacer chocolate caliente \"Baileys\" Hot choco spoon Cuchara para derretir y hacer chocolate caliente, hecha con chocolate de leche con 33% de cacao, mini marshmallows y un shot de Baileys Solamente debes meter la cuchara en una taza de leche caliente y esperar mientras se va derritiendo y se va haciendo una deliciosa taza de chocolate caliente; Cuando el shot se pueda soltar f\u00e1cilmente, opr\u00edmelo hasta que salga el Baileys y m\u00e9zclalo en la taza para darle un sabor a\u00fan mas delicioso a nuestro chocolate.","breadcrumb":{"@id":"https:\/\/www.chocolatestheocr.com\/shop\/chocolates\/chocolates-personalizados\/cuchara-para-hacer-chocolate-caliente-baileys\/#breadcrumb"},"inLanguage":"en-US","potentialAction":[{"@type":"ReadAction","target":["https:\/\/www.chocolatestheocr.com\/shop\/chocolates\/chocolates-personalizados\/cuchara-para-hacer-chocolate-caliente-baileys\/"]}]},{"@type":"ImageObject","inLanguage":"en-US","@id":"https:\/\/www.chocolatestheocr.com\/shop\/chocolates\/chocolates-personalizados\/cuchara-para-hacer-chocolate-caliente-baileys\/#primaryimage","url":"https:\/\/www.chocolatestheocr.com\/wp-content\/uploads\/2023\/10\/Cuchara-chocolate-caliente-Baileys-1.webp","contentUrl":"https:\/\/www.chocolatestheocr.com\/wp-content\/uploads\/2023\/10\/Cuchara-chocolate-caliente-Baileys-1.webp","width":1000,"height":1500,"caption":"Cuchara chocolate caliente Baileys"},{"@type":"BreadcrumbList","@id":"https:\/\/www.chocolatestheocr.com\/shop\/chocolates\/chocolates-personalizados\/cuchara-para-hacer-chocolate-caliente-baileys\/#breadcrumb","itemListElement":[{"@type":"ListItem","position":1,"name":"Portada","item":"https:\/\/www.chocolatestheocr.com\/"},{"@type":"ListItem","position":2,"name":"Tienda","item":"https:\/\/www.chocolatestheocr.com\/shop\/"},{"@type":"ListItem","position":3,"name":"Cuchara para hacer chocolate caliente &#8220;Baileys&#8221;"}]},{"@type":"WebSite","@id":"https:\/\/www.chocolatestheocr.com\/#website","url":"https:\/\/www.chocolatestheocr.com\/","name":"Chocolates Theo","description":"","publisher":{"@id":"https:\/\/www.chocolatestheocr.com\/#organization"},"potentialAction":[{"@type":"SearchAction","target":{"@type":"EntryPoint","urlTemplate":"https:\/\/www.chocolatestheocr.com\/?s={search_term_string}"},"query-input":{"@type":"PropertyValueSpecification","valueRequired":true,"valueName":"search_term_string"}}],"inLanguage":"en-US"},{"@type":"Organization","@id":"https:\/\/www.chocolatestheocr.com\/#organization","name":"Chocolates Theo","url":"https:\/\/www.chocolatestheocr.com\/","logo":{"@type":"ImageObject","inLanguage":"en-US","@id":"https:\/\/www.chocolatestheocr.com\/#\/schema\/logo\/image\/","url":"https:\/\/www.chocolatestheocr.com\/wp-content\/uploads\/2021\/10\/Logo-Chocolates-Theo.jpg","contentUrl":"https:\/\/www.chocolatestheocr.com\/wp-content\/uploads\/2021\/10\/Logo-Chocolates-Theo.jpg","width":600,"height":600,"caption":"Chocolates Theo"},"image":{"@id":"https:\/\/www.chocolatestheocr.com\/#\/schema\/logo\/image\/"},"sameAs":["https:\/\/www.facebook.com\/chocolatestheocr","https:\/\/www.instagram.com\/chocolates_theo\/","https:\/\/www.youtube.com\/channel\/UCcgAI69rswAd2FY1Ubvmcxw"]}]}},"_links":{"self":[{"href":"https:\/\/www.chocolatestheocr.com\/en\/wp-json\/wp\/v2\/product\/13640","targetHints":{"allow":["GET"]}}],"collection":[{"href":"https:\/\/www.chocolatestheocr.com\/en\/wp-json\/wp\/v2\/product"}],"about":[{"href":"https:\/\/www.chocolatestheocr.com\/en\/wp-json\/wp\/v2\/types\/product"}],"version-history":[{"count":0,"href":"https:\/\/www.chocolatestheocr.com\/en\/wp-json\/wp\/v2\/product\/13640\/revisions"}],"wp:featuredmedia":[{"embeddable":true,"href":"https:\/\/www.chocolatestheocr.com\/en\/wp-json\/wp\/v2\/media\/13766"}],"wp:attachment":[{"href":"https:\/\/www.chocolatestheocr.com\/en\/wp-json\/wp\/v2\/media?parent=13640"}],"wp:term":[{"taxonomy":"product_brand","embeddable":true,"href":"https:\/\/www.chocolatestheocr.com\/en\/wp-json\/wp\/v2\/product_brand?post=13640"},{"taxonomy":"product_cat","embeddable":true,"href":"https:\/\/www.chocolatestheocr.com\/en\/wp-json\/wp\/v2\/product_cat?post=13640"},{"taxonomy":"product_tag","embeddable":true,"href":"https:\/\/www.chocolatestheocr.com\/en\/wp-json\/wp\/v2\/product_tag?post=13640"}],"curies":[{"name":"wp","href":"https:\/\/api.w.org\/{rel}","templated":true}]}}