{"id":13120,"date":"2023-06-14T12:52:44","date_gmt":"2023-06-14T18:52:44","guid":{"rendered":"https:\/\/www.chocolatestheocr.com\/?post_type=product&#038;p=13120"},"modified":"2025-12-22T07:55:11","modified_gmt":"2025-12-22T13:55:11","slug":"combo-con-flores-y-desayuno","status":"publish","type":"product","link":"https:\/\/www.chocolatestheocr.com\/en\/shop\/fechas-especiales\/cumpleanos\/combo-con-flores-y-desayuno\/","title":{"rendered":"Combo con flores y desayuno"},"content":{"rendered":"<p>Combo con flores y desayuno<\/p>\n<p>Contiene:<\/p>\n<ul>\n<li>S\u00e1ndwich de croissant<\/li>\n<li>Waffles con fresa picada y Nutella<\/li>\n<li>Taza de frutas frescas picadas<\/li>\n<li>Botella de vidrio personalizada con jugo de naranja<\/li>\n<li>Caja blanca de cart\u00f3n r\u00edgido personalizada<\/li>\n<li>Ramo de flores mediano primaveral.<\/li>\n<li>Globo con helio #18 con mensaje de cumplea\u00f1os.<\/li>\n<\/ul>\n<p>El producto final puede variar un poco dependiendo de la disponibilidad de los insumos al momento de hacer el pedido<\/p>","protected":false},"excerpt":{"rendered":"<p>Combo con flores y desayuno<\/p>\n<p>Contiene:<\/p>\n<ul>\n<li>S\u00e1ndwich de croissant<\/li>\n<li>Waffles con fresa picada y Nutella<\/li>\n<li>Taza de frutas frescas picadas<\/li>\n<li>Botella de vidrio personalizada con jugo de naranja<\/li>\n<li>Caja blanca de cart\u00f3n r\u00edgido personalizada<\/li>\n<li>Ramo de flores mediano primaveral.<\/li>\n<li>Globo con helio #18 con mensaje de cumplea\u00f1os.<\/li>\n<\/ul>\n<p>El producto final puede variar un poco dependiendo de la disponibilidad de los insumos al momento de hacer el pedido<\/p>","protected":false},"featured_media":13124,"template":"","meta":[],"product_brand":[361],"product_cat":[577,500,591,41],"product_tag":[579,99,580,146,137,174],"class_list":{"0":"post-13120","1":"product","2":"type-product","3":"status-publish","4":"has-post-thumbnail","6":"product_brand-chocolates-theo","7":"product_cat-combo-pack","8":"product_cat-cumpleanos","9":"product_cat-destacados","10":"product_cat-all","11":"product_tag-combo-pack","12":"product_tag-cumpleanos","13":"product_tag-desayuno-sorpresa","14":"product_tag-flores","15":"product_tag-globo","16":"product_tag-ramo","18":"first","19":"instock","20":"sale","21":"shipping-taxable","22":"purchasable","23":"product-type-simple"},"yoast_head":"<!-- This site is optimized with the Yoast SEO plugin v27.3 - https:\/\/yoast.com\/product\/yoast-seo-wordpress\/ -->\n<title>Combo con flores y desayuno \/ sorpresa \/ regalo cumplea\u00f1os<\/title>\n<meta name=\"description\" content=\"Combo con flores y desayuno  Contiene:   S\u00e1ndwich de croissant  Waffles con fresa picada y Nutella  Taza de frutas frescas picadas  Botella de vidrio personalizada con jugo de naranja  Caja blanca de cart\u00f3n r\u00edgido personalizada  Ramo de flores mediano primaveral.  Globo con helio #18 con mensaje de cumplea\u00f1os.  El producto final puede variar un poco dependiendo de la disponibilidad de los insumos al momento de hacer el pedido\" \/>\n<meta name=\"robots\" content=\"index, follow, max-snippet:-1, max-image-preview:large, max-video-preview:-1\" \/>\n<link rel=\"canonical\" href=\"https:\/\/www.chocolatestheocr.com\/en\/shop\/fechas-especiales\/cumpleanos\/combo-con-flores-y-desayuno\/\" \/>\n<meta property=\"og:locale\" content=\"en_US\" \/>\n<meta property=\"og:type\" content=\"article\" \/>\n<meta property=\"og:title\" content=\"Combo con flores y desayuno \/ sorpresa \/ regalo cumplea\u00f1os\" \/>\n<meta property=\"og:description\" content=\"Combo con flores y desayuno  Contiene:   S\u00e1ndwich de croissant  Waffles con fresa picada y Nutella  Taza de frutas frescas picadas  Botella de vidrio personalizada con jugo de naranja  Caja blanca de cart\u00f3n r\u00edgido personalizada  Ramo de flores mediano primaveral.  Globo con helio #18 con mensaje de cumplea\u00f1os.  El producto final puede variar un poco dependiendo de la disponibilidad de los insumos al momento de hacer el pedido\" \/>\n<meta property=\"og:url\" content=\"https:\/\/www.chocolatestheocr.com\/en\/shop\/fechas-especiales\/cumpleanos\/combo-con-flores-y-desayuno\/\" \/>\n<meta property=\"og:site_name\" content=\"Chocolates Theo\" \/>\n<meta property=\"article:publisher\" content=\"https:\/\/www.facebook.com\/chocolatestheocr\" \/>\n<meta property=\"article:modified_time\" content=\"2025-12-22T13:55:11+00:00\" \/>\n<meta property=\"og:image\" content=\"https:\/\/www.chocolatestheocr.com\/wp-content\/uploads\/2023\/06\/Combo-pack-1-2.jpg\" \/>\n\t<meta property=\"og:image:width\" content=\"2016\" \/>\n\t<meta property=\"og:image:height\" content=\"1512\" \/>\n\t<meta property=\"og:image:type\" content=\"image\/jpeg\" \/>\n<meta name=\"twitter:card\" content=\"summary_large_image\" \/>\n<script type=\"application\/ld+json\" class=\"yoast-schema-graph\">{\"@context\":\"https:\\\/\\\/schema.org\",\"@graph\":[{\"@type\":\"WebPage\",\"@id\":\"https:\\\/\\\/www.chocolatestheocr.com\\\/shop\\\/fechas-especiales\\\/cumpleanos\\\/combo-con-flores-y-desayuno\\\/\",\"url\":\"https:\\\/\\\/www.chocolatestheocr.com\\\/shop\\\/fechas-especiales\\\/cumpleanos\\\/combo-con-flores-y-desayuno\\\/\",\"name\":\"Combo con flores y desayuno \\\/ sorpresa \\\/ regalo cumplea\u00f1os\",\"isPartOf\":{\"@id\":\"https:\\\/\\\/www.chocolatestheocr.com\\\/#website\"},\"primaryImageOfPage\":{\"@id\":\"https:\\\/\\\/www.chocolatestheocr.com\\\/shop\\\/fechas-especiales\\\/cumpleanos\\\/combo-con-flores-y-desayuno\\\/#primaryimage\"},\"image\":{\"@id\":\"https:\\\/\\\/www.chocolatestheocr.com\\\/shop\\\/fechas-especiales\\\/cumpleanos\\\/combo-con-flores-y-desayuno\\\/#primaryimage\"},\"thumbnailUrl\":\"https:\\\/\\\/www.chocolatestheocr.com\\\/wp-content\\\/uploads\\\/2023\\\/06\\\/Combo-pack-1-2.jpg\",\"datePublished\":\"2023-06-14T18:52:44+00:00\",\"dateModified\":\"2025-12-22T13:55:11+00:00\",\"description\":\"Combo con flores y desayuno Contiene: S\u00e1ndwich de croissant Waffles con fresa picada y Nutella Taza de frutas frescas picadas Botella de vidrio personalizada con jugo de naranja Caja blanca de cart\u00f3n r\u00edgido personalizada Ramo de flores mediano primaveral. Globo con helio #18 con mensaje de cumplea\u00f1os. El producto final puede variar un poco dependiendo de la disponibilidad de los insumos al momento de hacer el pedido\",\"breadcrumb\":{\"@id\":\"https:\\\/\\\/www.chocolatestheocr.com\\\/shop\\\/fechas-especiales\\\/cumpleanos\\\/combo-con-flores-y-desayuno\\\/#breadcrumb\"},\"inLanguage\":\"en-US\",\"potentialAction\":[{\"@type\":\"ReadAction\",\"target\":[\"https:\\\/\\\/www.chocolatestheocr.com\\\/shop\\\/fechas-especiales\\\/cumpleanos\\\/combo-con-flores-y-desayuno\\\/\"]}]},{\"@type\":\"ImageObject\",\"inLanguage\":\"en-US\",\"@id\":\"https:\\\/\\\/www.chocolatestheocr.com\\\/shop\\\/fechas-especiales\\\/cumpleanos\\\/combo-con-flores-y-desayuno\\\/#primaryimage\",\"url\":\"https:\\\/\\\/www.chocolatestheocr.com\\\/wp-content\\\/uploads\\\/2023\\\/06\\\/Combo-pack-1-2.jpg\",\"contentUrl\":\"https:\\\/\\\/www.chocolatestheocr.com\\\/wp-content\\\/uploads\\\/2023\\\/06\\\/Combo-pack-1-2.jpg\",\"width\":2016,\"height\":1512,\"caption\":\"Combo pack 1\"},{\"@type\":\"BreadcrumbList\",\"@id\":\"https:\\\/\\\/www.chocolatestheocr.com\\\/shop\\\/fechas-especiales\\\/cumpleanos\\\/combo-con-flores-y-desayuno\\\/#breadcrumb\",\"itemListElement\":[{\"@type\":\"ListItem\",\"position\":1,\"name\":\"Portada\",\"item\":\"https:\\\/\\\/www.chocolatestheocr.com\\\/\"},{\"@type\":\"ListItem\",\"position\":2,\"name\":\"Tienda\",\"item\":\"https:\\\/\\\/www.chocolatestheocr.com\\\/shop\\\/\"},{\"@type\":\"ListItem\",\"position\":3,\"name\":\"Combo con flores y desayuno\"}]},{\"@type\":\"WebSite\",\"@id\":\"https:\\\/\\\/www.chocolatestheocr.com\\\/#website\",\"url\":\"https:\\\/\\\/www.chocolatestheocr.com\\\/\",\"name\":\"Chocolates Theo\",\"description\":\"\",\"publisher\":{\"@id\":\"https:\\\/\\\/www.chocolatestheocr.com\\\/#organization\"},\"potentialAction\":[{\"@type\":\"SearchAction\",\"target\":{\"@type\":\"EntryPoint\",\"urlTemplate\":\"https:\\\/\\\/www.chocolatestheocr.com\\\/?s={search_term_string}\"},\"query-input\":{\"@type\":\"PropertyValueSpecification\",\"valueRequired\":true,\"valueName\":\"search_term_string\"}}],\"inLanguage\":\"en-US\"},{\"@type\":\"Organization\",\"@id\":\"https:\\\/\\\/www.chocolatestheocr.com\\\/#organization\",\"name\":\"Chocolates Theo\",\"url\":\"https:\\\/\\\/www.chocolatestheocr.com\\\/\",\"logo\":{\"@type\":\"ImageObject\",\"inLanguage\":\"en-US\",\"@id\":\"https:\\\/\\\/www.chocolatestheocr.com\\\/#\\\/schema\\\/logo\\\/image\\\/\",\"url\":\"https:\\\/\\\/www.chocolatestheocr.com\\\/wp-content\\\/uploads\\\/2021\\\/10\\\/Logo-Chocolates-Theo.jpg\",\"contentUrl\":\"https:\\\/\\\/www.chocolatestheocr.com\\\/wp-content\\\/uploads\\\/2021\\\/10\\\/Logo-Chocolates-Theo.jpg\",\"width\":600,\"height\":600,\"caption\":\"Chocolates Theo\"},\"image\":{\"@id\":\"https:\\\/\\\/www.chocolatestheocr.com\\\/#\\\/schema\\\/logo\\\/image\\\/\"},\"sameAs\":[\"https:\\\/\\\/www.facebook.com\\\/chocolatestheocr\",\"https:\\\/\\\/www.instagram.com\\\/chocolates_theo\\\/\",\"https:\\\/\\\/www.youtube.com\\\/channel\\\/UCcgAI69rswAd2FY1Ubvmcxw\"]}]}<\/script>\n<!-- \/ Yoast SEO plugin. -->","yoast_head_json":{"title":"Combo con flores y desayuno \/ sorpresa \/ regalo cumplea\u00f1os","description":"Combo con flores y desayuno  Contiene:   S\u00e1ndwich de croissant  Waffles con fresa picada y Nutella  Taza de frutas frescas picadas  Botella de vidrio personalizada con jugo de naranja  Caja blanca de cart\u00f3n r\u00edgido personalizada  Ramo de flores mediano primaveral.  Globo con helio #18 con mensaje de cumplea\u00f1os.  El producto final puede variar un poco dependiendo de la disponibilidad de los insumos al momento de hacer el pedido","robots":{"index":"index","follow":"follow","max-snippet":"max-snippet:-1","max-image-preview":"max-image-preview:large","max-video-preview":"max-video-preview:-1"},"canonical":"https:\/\/www.chocolatestheocr.com\/en\/shop\/fechas-especiales\/cumpleanos\/combo-con-flores-y-desayuno\/","og_locale":"en_US","og_type":"article","og_title":"Combo con flores y desayuno \/ sorpresa \/ regalo cumplea\u00f1os","og_description":"Combo con flores y desayuno  Contiene:   S\u00e1ndwich de croissant  Waffles con fresa picada y Nutella  Taza de frutas frescas picadas  Botella de vidrio personalizada con jugo de naranja  Caja blanca de cart\u00f3n r\u00edgido personalizada  Ramo de flores mediano primaveral.  Globo con helio #18 con mensaje de cumplea\u00f1os.  El producto final puede variar un poco dependiendo de la disponibilidad de los insumos al momento de hacer el pedido","og_url":"https:\/\/www.chocolatestheocr.com\/en\/shop\/fechas-especiales\/cumpleanos\/combo-con-flores-y-desayuno\/","og_site_name":"Chocolates Theo","article_publisher":"https:\/\/www.facebook.com\/chocolatestheocr","article_modified_time":"2025-12-22T13:55:11+00:00","og_image":[{"width":2016,"height":1512,"url":"https:\/\/www.chocolatestheocr.com\/wp-content\/uploads\/2023\/06\/Combo-pack-1-2.jpg","type":"image\/jpeg"}],"twitter_card":"summary_large_image","schema":{"@context":"https:\/\/schema.org","@graph":[{"@type":"WebPage","@id":"https:\/\/www.chocolatestheocr.com\/shop\/fechas-especiales\/cumpleanos\/combo-con-flores-y-desayuno\/","url":"https:\/\/www.chocolatestheocr.com\/shop\/fechas-especiales\/cumpleanos\/combo-con-flores-y-desayuno\/","name":"Combo con flores y desayuno \/ sorpresa \/ regalo cumplea\u00f1os","isPartOf":{"@id":"https:\/\/www.chocolatestheocr.com\/#website"},"primaryImageOfPage":{"@id":"https:\/\/www.chocolatestheocr.com\/shop\/fechas-especiales\/cumpleanos\/combo-con-flores-y-desayuno\/#primaryimage"},"image":{"@id":"https:\/\/www.chocolatestheocr.com\/shop\/fechas-especiales\/cumpleanos\/combo-con-flores-y-desayuno\/#primaryimage"},"thumbnailUrl":"https:\/\/www.chocolatestheocr.com\/wp-content\/uploads\/2023\/06\/Combo-pack-1-2.jpg","datePublished":"2023-06-14T18:52:44+00:00","dateModified":"2025-12-22T13:55:11+00:00","description":"Combo con flores y desayuno Contiene: S\u00e1ndwich de croissant Waffles con fresa picada y Nutella Taza de frutas frescas picadas Botella de vidrio personalizada con jugo de naranja Caja blanca de cart\u00f3n r\u00edgido personalizada Ramo de flores mediano primaveral. Globo con helio #18 con mensaje de cumplea\u00f1os. El producto final puede variar un poco dependiendo de la disponibilidad de los insumos al momento de hacer el pedido","breadcrumb":{"@id":"https:\/\/www.chocolatestheocr.com\/shop\/fechas-especiales\/cumpleanos\/combo-con-flores-y-desayuno\/#breadcrumb"},"inLanguage":"en-US","potentialAction":[{"@type":"ReadAction","target":["https:\/\/www.chocolatestheocr.com\/shop\/fechas-especiales\/cumpleanos\/combo-con-flores-y-desayuno\/"]}]},{"@type":"ImageObject","inLanguage":"en-US","@id":"https:\/\/www.chocolatestheocr.com\/shop\/fechas-especiales\/cumpleanos\/combo-con-flores-y-desayuno\/#primaryimage","url":"https:\/\/www.chocolatestheocr.com\/wp-content\/uploads\/2023\/06\/Combo-pack-1-2.jpg","contentUrl":"https:\/\/www.chocolatestheocr.com\/wp-content\/uploads\/2023\/06\/Combo-pack-1-2.jpg","width":2016,"height":1512,"caption":"Combo pack 1"},{"@type":"BreadcrumbList","@id":"https:\/\/www.chocolatestheocr.com\/shop\/fechas-especiales\/cumpleanos\/combo-con-flores-y-desayuno\/#breadcrumb","itemListElement":[{"@type":"ListItem","position":1,"name":"Portada","item":"https:\/\/www.chocolatestheocr.com\/"},{"@type":"ListItem","position":2,"name":"Tienda","item":"https:\/\/www.chocolatestheocr.com\/shop\/"},{"@type":"ListItem","position":3,"name":"Combo con flores y desayuno"}]},{"@type":"WebSite","@id":"https:\/\/www.chocolatestheocr.com\/#website","url":"https:\/\/www.chocolatestheocr.com\/","name":"Chocolates Theo","description":"","publisher":{"@id":"https:\/\/www.chocolatestheocr.com\/#organization"},"potentialAction":[{"@type":"SearchAction","target":{"@type":"EntryPoint","urlTemplate":"https:\/\/www.chocolatestheocr.com\/?s={search_term_string}"},"query-input":{"@type":"PropertyValueSpecification","valueRequired":true,"valueName":"search_term_string"}}],"inLanguage":"en-US"},{"@type":"Organization","@id":"https:\/\/www.chocolatestheocr.com\/#organization","name":"Chocolates Theo","url":"https:\/\/www.chocolatestheocr.com\/","logo":{"@type":"ImageObject","inLanguage":"en-US","@id":"https:\/\/www.chocolatestheocr.com\/#\/schema\/logo\/image\/","url":"https:\/\/www.chocolatestheocr.com\/wp-content\/uploads\/2021\/10\/Logo-Chocolates-Theo.jpg","contentUrl":"https:\/\/www.chocolatestheocr.com\/wp-content\/uploads\/2021\/10\/Logo-Chocolates-Theo.jpg","width":600,"height":600,"caption":"Chocolates Theo"},"image":{"@id":"https:\/\/www.chocolatestheocr.com\/#\/schema\/logo\/image\/"},"sameAs":["https:\/\/www.facebook.com\/chocolatestheocr","https:\/\/www.instagram.com\/chocolates_theo\/","https:\/\/www.youtube.com\/channel\/UCcgAI69rswAd2FY1Ubvmcxw"]}]}},"_links":{"self":[{"href":"https:\/\/www.chocolatestheocr.com\/en\/wp-json\/wp\/v2\/product\/13120","targetHints":{"allow":["GET"]}}],"collection":[{"href":"https:\/\/www.chocolatestheocr.com\/en\/wp-json\/wp\/v2\/product"}],"about":[{"href":"https:\/\/www.chocolatestheocr.com\/en\/wp-json\/wp\/v2\/types\/product"}],"version-history":[{"count":0,"href":"https:\/\/www.chocolatestheocr.com\/en\/wp-json\/wp\/v2\/product\/13120\/revisions"}],"wp:featuredmedia":[{"embeddable":true,"href":"https:\/\/www.chocolatestheocr.com\/en\/wp-json\/wp\/v2\/media\/13124"}],"wp:attachment":[{"href":"https:\/\/www.chocolatestheocr.com\/en\/wp-json\/wp\/v2\/media?parent=13120"}],"wp:term":[{"taxonomy":"product_brand","embeddable":true,"href":"https:\/\/www.chocolatestheocr.com\/en\/wp-json\/wp\/v2\/product_brand?post=13120"},{"taxonomy":"product_cat","embeddable":true,"href":"https:\/\/www.chocolatestheocr.com\/en\/wp-json\/wp\/v2\/product_cat?post=13120"},{"taxonomy":"product_tag","embeddable":true,"href":"https:\/\/www.chocolatestheocr.com\/en\/wp-json\/wp\/v2\/product_tag?post=13120"}],"curies":[{"name":"wp","href":"https:\/\/api.w.org\/{rel}","templated":true}]}}