{"id":11731,"date":"2023-01-26T16:36:34","date_gmt":"2023-01-26T22:36:34","guid":{"rendered":"https:\/\/www.chocolatestheocr.com\/?post_type=product&#038;p=11731"},"modified":"2026-01-22T17:00:09","modified_gmt":"2026-01-22T23:00:09","slug":"bolsita-corazon-beso","status":"publish","type":"product","link":"https:\/\/www.chocolatestheocr.com\/en\/shop\/fechas-especiales\/san-valentin\/bolsita-corazon-beso\/","title":{"rendered":"Bolsita Coraz\u00f3n + Beso"},"content":{"rendered":"<p>Bolsita Coraz\u00f3n + Beso<\/p>\n<p>Coraz\u00f3n de chocolate y beso, empacados en papeles de colores dentro de una bolsita de celof\u00e1n transparente.<br data-start=\"436\" data-end=\"439\" \/>Decorada con lazo y colillita personalizada, perfecta para sorprender o complementar tu pedido con un toque especial. \ud83d\udc9d\ud83c\udf6b<\/p>","protected":false},"excerpt":{"rendered":"<p>Bolsita Coraz\u00f3n + Beso<\/p>\n<p>Coraz\u00f3n de chocolate y beso, empacados en papeles de colores dentro de una bolsita de celof\u00e1n transparente.<br data-start=\"436\" data-end=\"439\" \/>Decorada con lazo y colillita personalizada, perfecta para sorprender o complementar tu pedido con un toque especial. \ud83d\udc9d\ud83c\udf6b<\/p>","protected":false},"featured_media":11732,"template":"","meta":[],"product_brand":[361],"product_cat":[448,41],"product_tag":[120,563,150,562,428,258,564],"class_list":{"0":"post-11731","1":"product","2":"type-product","3":"status-publish","4":"has-post-thumbnail","6":"product_brand-chocolates-theo","7":"product_cat-san-valentin","8":"product_cat-all","9":"product_tag-amor","10":"product_tag-beso","11":"product_tag-corazon","12":"product_tag-corporativo","13":"product_tag-detalle","14":"product_tag-regalo","15":"product_tag-san-velentin","17":"first","18":"instock","19":"shipping-taxable","20":"purchasable","21":"product-type-simple"},"yoast_head":"<!-- This site is optimized with the Yoast SEO plugin v27.3 - https:\/\/yoast.com\/product\/yoast-seo-wordpress\/ -->\n<title>Bolsita Coraz\u00f3n + Beso \/ Regalos con chocolates \/ Theo<\/title>\n<meta name=\"description\" content=\"Bolsita Coraz\u00f3n + Beso  Coraz\u00f3n de chocolate y beso, empacados en papeles de colores dentro de una bolsita de celof\u00e1n transparente.Decorada con lazo y colillita personalizada, perfecta para sorprender o complementar tu pedido con un toque especial. \ud83d\udc9d\ud83c\udf6b \/ Costa Rica\" \/>\n<meta name=\"robots\" content=\"index, follow, max-snippet:-1, max-image-preview:large, max-video-preview:-1\" \/>\n<link rel=\"canonical\" href=\"https:\/\/www.chocolatestheocr.com\/en\/shop\/fechas-especiales\/san-valentin\/bolsita-corazon-beso\/\" \/>\n<meta property=\"og:locale\" content=\"en_US\" \/>\n<meta property=\"og:type\" content=\"article\" \/>\n<meta property=\"og:title\" content=\"Bolsita Coraz\u00f3n + Beso \/ Regalos con chocolates \/ Theo\" \/>\n<meta property=\"og:description\" content=\"Bolsita Coraz\u00f3n + Beso  Coraz\u00f3n de chocolate y beso, empacados en papeles de colores dentro de una bolsita de celof\u00e1n transparente.Decorada con lazo y colillita personalizada, perfecta para sorprender o complementar tu pedido con un toque especial. \ud83d\udc9d\ud83c\udf6b \/ Costa Rica\" \/>\n<meta property=\"og:url\" content=\"https:\/\/www.chocolatestheocr.com\/en\/shop\/fechas-especiales\/san-valentin\/bolsita-corazon-beso\/\" \/>\n<meta property=\"og:site_name\" content=\"Chocolates Theo\" \/>\n<meta property=\"article:publisher\" content=\"https:\/\/www.facebook.com\/chocolatestheocr\" \/>\n<meta property=\"article:modified_time\" content=\"2026-01-22T23:00:09+00:00\" \/>\n<meta property=\"og:image\" content=\"https:\/\/www.chocolatestheocr.com\/wp-content\/uploads\/2023\/01\/Bolsita-Corazon-Beso.jpg\" \/>\n\t<meta property=\"og:image:width\" content=\"768\" \/>\n\t<meta property=\"og:image:height\" content=\"1024\" \/>\n\t<meta property=\"og:image:type\" content=\"image\/jpeg\" \/>\n<meta name=\"twitter:card\" content=\"summary_large_image\" \/>\n<script type=\"application\/ld+json\" class=\"yoast-schema-graph\">{\"@context\":\"https:\\\/\\\/schema.org\",\"@graph\":[{\"@type\":\"WebPage\",\"@id\":\"https:\\\/\\\/www.chocolatestheocr.com\\\/shop\\\/fechas-especiales\\\/san-valentin\\\/bolsita-corazon-beso\\\/\",\"url\":\"https:\\\/\\\/www.chocolatestheocr.com\\\/shop\\\/fechas-especiales\\\/san-valentin\\\/bolsita-corazon-beso\\\/\",\"name\":\"Bolsita Coraz\u00f3n + Beso \\\/ Regalos con chocolates \\\/ Theo\",\"isPartOf\":{\"@id\":\"https:\\\/\\\/www.chocolatestheocr.com\\\/#website\"},\"primaryImageOfPage\":{\"@id\":\"https:\\\/\\\/www.chocolatestheocr.com\\\/shop\\\/fechas-especiales\\\/san-valentin\\\/bolsita-corazon-beso\\\/#primaryimage\"},\"image\":{\"@id\":\"https:\\\/\\\/www.chocolatestheocr.com\\\/shop\\\/fechas-especiales\\\/san-valentin\\\/bolsita-corazon-beso\\\/#primaryimage\"},\"thumbnailUrl\":\"https:\\\/\\\/www.chocolatestheocr.com\\\/wp-content\\\/uploads\\\/2023\\\/01\\\/Bolsita-Corazon-Beso.jpg\",\"datePublished\":\"2023-01-26T22:36:34+00:00\",\"dateModified\":\"2026-01-22T23:00:09+00:00\",\"description\":\"Bolsita Coraz\u00f3n + Beso Coraz\u00f3n de chocolate y beso, empacados en papeles de colores dentro de una bolsita de celof\u00e1n transparente.Decorada con lazo y colillita personalizada, perfecta para sorprender o complementar tu pedido con un toque especial. \ud83d\udc9d\ud83c\udf6b \\\/ Costa Rica\",\"breadcrumb\":{\"@id\":\"https:\\\/\\\/www.chocolatestheocr.com\\\/shop\\\/fechas-especiales\\\/san-valentin\\\/bolsita-corazon-beso\\\/#breadcrumb\"},\"inLanguage\":\"en-US\",\"potentialAction\":[{\"@type\":\"ReadAction\",\"target\":[\"https:\\\/\\\/www.chocolatestheocr.com\\\/shop\\\/fechas-especiales\\\/san-valentin\\\/bolsita-corazon-beso\\\/\"]}]},{\"@type\":\"ImageObject\",\"inLanguage\":\"en-US\",\"@id\":\"https:\\\/\\\/www.chocolatestheocr.com\\\/shop\\\/fechas-especiales\\\/san-valentin\\\/bolsita-corazon-beso\\\/#primaryimage\",\"url\":\"https:\\\/\\\/www.chocolatestheocr.com\\\/wp-content\\\/uploads\\\/2023\\\/01\\\/Bolsita-Corazon-Beso.jpg\",\"contentUrl\":\"https:\\\/\\\/www.chocolatestheocr.com\\\/wp-content\\\/uploads\\\/2023\\\/01\\\/Bolsita-Corazon-Beso.jpg\",\"width\":768,\"height\":1024,\"caption\":\"Bolsita Corazo\u0301n + Beso\"},{\"@type\":\"BreadcrumbList\",\"@id\":\"https:\\\/\\\/www.chocolatestheocr.com\\\/shop\\\/fechas-especiales\\\/san-valentin\\\/bolsita-corazon-beso\\\/#breadcrumb\",\"itemListElement\":[{\"@type\":\"ListItem\",\"position\":1,\"name\":\"Portada\",\"item\":\"https:\\\/\\\/www.chocolatestheocr.com\\\/\"},{\"@type\":\"ListItem\",\"position\":2,\"name\":\"Tienda\",\"item\":\"https:\\\/\\\/www.chocolatestheocr.com\\\/shop\\\/\"},{\"@type\":\"ListItem\",\"position\":3,\"name\":\"Bolsita Coraz\u00f3n + Beso\"}]},{\"@type\":\"WebSite\",\"@id\":\"https:\\\/\\\/www.chocolatestheocr.com\\\/#website\",\"url\":\"https:\\\/\\\/www.chocolatestheocr.com\\\/\",\"name\":\"Chocolates Theo\",\"description\":\"\",\"publisher\":{\"@id\":\"https:\\\/\\\/www.chocolatestheocr.com\\\/#organization\"},\"potentialAction\":[{\"@type\":\"SearchAction\",\"target\":{\"@type\":\"EntryPoint\",\"urlTemplate\":\"https:\\\/\\\/www.chocolatestheocr.com\\\/?s={search_term_string}\"},\"query-input\":{\"@type\":\"PropertyValueSpecification\",\"valueRequired\":true,\"valueName\":\"search_term_string\"}}],\"inLanguage\":\"en-US\"},{\"@type\":\"Organization\",\"@id\":\"https:\\\/\\\/www.chocolatestheocr.com\\\/#organization\",\"name\":\"Chocolates Theo\",\"url\":\"https:\\\/\\\/www.chocolatestheocr.com\\\/\",\"logo\":{\"@type\":\"ImageObject\",\"inLanguage\":\"en-US\",\"@id\":\"https:\\\/\\\/www.chocolatestheocr.com\\\/#\\\/schema\\\/logo\\\/image\\\/\",\"url\":\"https:\\\/\\\/www.chocolatestheocr.com\\\/wp-content\\\/uploads\\\/2021\\\/10\\\/Logo-Chocolates-Theo.jpg\",\"contentUrl\":\"https:\\\/\\\/www.chocolatestheocr.com\\\/wp-content\\\/uploads\\\/2021\\\/10\\\/Logo-Chocolates-Theo.jpg\",\"width\":600,\"height\":600,\"caption\":\"Chocolates Theo\"},\"image\":{\"@id\":\"https:\\\/\\\/www.chocolatestheocr.com\\\/#\\\/schema\\\/logo\\\/image\\\/\"},\"sameAs\":[\"https:\\\/\\\/www.facebook.com\\\/chocolatestheocr\",\"https:\\\/\\\/www.instagram.com\\\/chocolates_theo\\\/\",\"https:\\\/\\\/www.youtube.com\\\/channel\\\/UCcgAI69rswAd2FY1Ubvmcxw\"]}]}<\/script>\n<!-- \/ Yoast SEO plugin. -->","yoast_head_json":{"title":"Bolsita Coraz\u00f3n + Beso \/ Regalos con chocolates \/ Theo","description":"Bolsita Coraz\u00f3n + Beso  Coraz\u00f3n de chocolate y beso, empacados en papeles de colores dentro de una bolsita de celof\u00e1n transparente.Decorada con lazo y colillita personalizada, perfecta para sorprender o complementar tu pedido con un toque especial. \ud83d\udc9d\ud83c\udf6b \/ Costa Rica","robots":{"index":"index","follow":"follow","max-snippet":"max-snippet:-1","max-image-preview":"max-image-preview:large","max-video-preview":"max-video-preview:-1"},"canonical":"https:\/\/www.chocolatestheocr.com\/en\/shop\/fechas-especiales\/san-valentin\/bolsita-corazon-beso\/","og_locale":"en_US","og_type":"article","og_title":"Bolsita Coraz\u00f3n + Beso \/ Regalos con chocolates \/ Theo","og_description":"Bolsita Coraz\u00f3n + Beso  Coraz\u00f3n de chocolate y beso, empacados en papeles de colores dentro de una bolsita de celof\u00e1n transparente.Decorada con lazo y colillita personalizada, perfecta para sorprender o complementar tu pedido con un toque especial. \ud83d\udc9d\ud83c\udf6b \/ Costa Rica","og_url":"https:\/\/www.chocolatestheocr.com\/en\/shop\/fechas-especiales\/san-valentin\/bolsita-corazon-beso\/","og_site_name":"Chocolates Theo","article_publisher":"https:\/\/www.facebook.com\/chocolatestheocr","article_modified_time":"2026-01-22T23:00:09+00:00","og_image":[{"width":768,"height":1024,"url":"https:\/\/www.chocolatestheocr.com\/wp-content\/uploads\/2023\/01\/Bolsita-Corazon-Beso.jpg","type":"image\/jpeg"}],"twitter_card":"summary_large_image","schema":{"@context":"https:\/\/schema.org","@graph":[{"@type":"WebPage","@id":"https:\/\/www.chocolatestheocr.com\/shop\/fechas-especiales\/san-valentin\/bolsita-corazon-beso\/","url":"https:\/\/www.chocolatestheocr.com\/shop\/fechas-especiales\/san-valentin\/bolsita-corazon-beso\/","name":"Bolsita Coraz\u00f3n + Beso \/ Regalos con chocolates \/ Theo","isPartOf":{"@id":"https:\/\/www.chocolatestheocr.com\/#website"},"primaryImageOfPage":{"@id":"https:\/\/www.chocolatestheocr.com\/shop\/fechas-especiales\/san-valentin\/bolsita-corazon-beso\/#primaryimage"},"image":{"@id":"https:\/\/www.chocolatestheocr.com\/shop\/fechas-especiales\/san-valentin\/bolsita-corazon-beso\/#primaryimage"},"thumbnailUrl":"https:\/\/www.chocolatestheocr.com\/wp-content\/uploads\/2023\/01\/Bolsita-Corazon-Beso.jpg","datePublished":"2023-01-26T22:36:34+00:00","dateModified":"2026-01-22T23:00:09+00:00","description":"Bolsita Coraz\u00f3n + Beso Coraz\u00f3n de chocolate y beso, empacados en papeles de colores dentro de una bolsita de celof\u00e1n transparente.Decorada con lazo y colillita personalizada, perfecta para sorprender o complementar tu pedido con un toque especial. \ud83d\udc9d\ud83c\udf6b \/ Costa Rica","breadcrumb":{"@id":"https:\/\/www.chocolatestheocr.com\/shop\/fechas-especiales\/san-valentin\/bolsita-corazon-beso\/#breadcrumb"},"inLanguage":"en-US","potentialAction":[{"@type":"ReadAction","target":["https:\/\/www.chocolatestheocr.com\/shop\/fechas-especiales\/san-valentin\/bolsita-corazon-beso\/"]}]},{"@type":"ImageObject","inLanguage":"en-US","@id":"https:\/\/www.chocolatestheocr.com\/shop\/fechas-especiales\/san-valentin\/bolsita-corazon-beso\/#primaryimage","url":"https:\/\/www.chocolatestheocr.com\/wp-content\/uploads\/2023\/01\/Bolsita-Corazon-Beso.jpg","contentUrl":"https:\/\/www.chocolatestheocr.com\/wp-content\/uploads\/2023\/01\/Bolsita-Corazon-Beso.jpg","width":768,"height":1024,"caption":"Bolsita Corazo\u0301n + Beso"},{"@type":"BreadcrumbList","@id":"https:\/\/www.chocolatestheocr.com\/shop\/fechas-especiales\/san-valentin\/bolsita-corazon-beso\/#breadcrumb","itemListElement":[{"@type":"ListItem","position":1,"name":"Portada","item":"https:\/\/www.chocolatestheocr.com\/"},{"@type":"ListItem","position":2,"name":"Tienda","item":"https:\/\/www.chocolatestheocr.com\/shop\/"},{"@type":"ListItem","position":3,"name":"Bolsita Coraz\u00f3n + Beso"}]},{"@type":"WebSite","@id":"https:\/\/www.chocolatestheocr.com\/#website","url":"https:\/\/www.chocolatestheocr.com\/","name":"Chocolates Theo","description":"","publisher":{"@id":"https:\/\/www.chocolatestheocr.com\/#organization"},"potentialAction":[{"@type":"SearchAction","target":{"@type":"EntryPoint","urlTemplate":"https:\/\/www.chocolatestheocr.com\/?s={search_term_string}"},"query-input":{"@type":"PropertyValueSpecification","valueRequired":true,"valueName":"search_term_string"}}],"inLanguage":"en-US"},{"@type":"Organization","@id":"https:\/\/www.chocolatestheocr.com\/#organization","name":"Chocolates Theo","url":"https:\/\/www.chocolatestheocr.com\/","logo":{"@type":"ImageObject","inLanguage":"en-US","@id":"https:\/\/www.chocolatestheocr.com\/#\/schema\/logo\/image\/","url":"https:\/\/www.chocolatestheocr.com\/wp-content\/uploads\/2021\/10\/Logo-Chocolates-Theo.jpg","contentUrl":"https:\/\/www.chocolatestheocr.com\/wp-content\/uploads\/2021\/10\/Logo-Chocolates-Theo.jpg","width":600,"height":600,"caption":"Chocolates Theo"},"image":{"@id":"https:\/\/www.chocolatestheocr.com\/#\/schema\/logo\/image\/"},"sameAs":["https:\/\/www.facebook.com\/chocolatestheocr","https:\/\/www.instagram.com\/chocolates_theo\/","https:\/\/www.youtube.com\/channel\/UCcgAI69rswAd2FY1Ubvmcxw"]}]}},"_links":{"self":[{"href":"https:\/\/www.chocolatestheocr.com\/en\/wp-json\/wp\/v2\/product\/11731","targetHints":{"allow":["GET"]}}],"collection":[{"href":"https:\/\/www.chocolatestheocr.com\/en\/wp-json\/wp\/v2\/product"}],"about":[{"href":"https:\/\/www.chocolatestheocr.com\/en\/wp-json\/wp\/v2\/types\/product"}],"version-history":[{"count":0,"href":"https:\/\/www.chocolatestheocr.com\/en\/wp-json\/wp\/v2\/product\/11731\/revisions"}],"wp:featuredmedia":[{"embeddable":true,"href":"https:\/\/www.chocolatestheocr.com\/en\/wp-json\/wp\/v2\/media\/11732"}],"wp:attachment":[{"href":"https:\/\/www.chocolatestheocr.com\/en\/wp-json\/wp\/v2\/media?parent=11731"}],"wp:term":[{"taxonomy":"product_brand","embeddable":true,"href":"https:\/\/www.chocolatestheocr.com\/en\/wp-json\/wp\/v2\/product_brand?post=11731"},{"taxonomy":"product_cat","embeddable":true,"href":"https:\/\/www.chocolatestheocr.com\/en\/wp-json\/wp\/v2\/product_cat?post=11731"},{"taxonomy":"product_tag","embeddable":true,"href":"https:\/\/www.chocolatestheocr.com\/en\/wp-json\/wp\/v2\/product_tag?post=11731"}],"curies":[{"name":"wp","href":"https:\/\/api.w.org\/{rel}","templated":true}]}}